{"id":7982,"date":"2025-11-21T16:44:46","date_gmt":"2025-11-21T16:44:46","guid":{"rendered":"https:\/\/chemgramx.com\/?post_type=product&#038;p=7982"},"modified":"2025-12-10T17:07:01","modified_gmt":"2025-12-10T17:07:01","slug":"dark-smiley-green-150mg-mdma-online-order","status":"publish","type":"product","link":"https:\/\/chemgramx.com\/cs\/product\/dark-smiley-green-150mg-mdma-online-bestellung\/","title":{"rendered":"Koupit MDMA \u2013 Dark Smiley Green (vysok\u00e1 \u010distota | online)"},"content":{"rendered":"<p>V\u00edtejte v Chemgramx, va\u0161em p\u0159edn\u00edm zdroji vysoce kvalitn\u00edch chemik\u00e1li\u00ed pro v\u00fdzkum. P\u0159edstavujeme v\u00e1m <b>Tmav\u00fd smajl\u00edk zelen\u00fd 150 mg MDMA<\/b>, produkt, kter\u00fd je cen\u011bn pro svou mimo\u0159\u00e1dnou \u010distotu a konzistenci. Proto je ide\u00e1ln\u00ed volbou pro v\u011bdeck\u00e9 studie a laboratorn\u00ed aplikace. Mnoho v\u00fdzkumn\u00edk\u016f chce <b>MDMA na prodej<\/b> a zajist\u00edme, aby na\u0161e nab\u00eddka spl\u0148ovala va\u0161e nejvy\u0161\u0161\u00ed n\u00e1roky.<\/p>\n<p>Na\u0161e <b>Tmav\u00fd smajl\u00edk zelen\u00fd 150 mg MDMA<\/b> byl vyvinut speci\u00e1ln\u011b pro v\u00fdzkumn\u00e9 laborato\u0159e. Krom\u011b toho garantujeme <b>vysok\u00e1 \u010distota na prodej<\/b>, co\u017e potvrzuj\u00ed p\u0159\u00edsn\u00e9 kontroly kvality. M\u016f\u017eete se tedy spolehnout na p\u0159esn\u00e9 a reprodukovateln\u00e9 v\u00fdsledky. Pokud <b>Objednejte si MDMA online<\/b> Chemgramx nab\u00edz\u00ed spolehlivou a profesion\u00e1ln\u00ed platformu.<\/p>\n<h2>Co je MDMA (3,4-methylendioxymetamfetamin)?<\/h2>\n<p>MDMA, v\u011bdecky zn\u00e1m\u00fd jako 3,4-methylendioxymetamfetamin, je psychoaktivn\u00ed l\u00e1tka. Pat\u0159\u00ed do t\u0159\u00eddy substituovan\u00fdch amfetamin\u016f a fenethylamin\u016f. D\u00e1le je zn\u00e1m\u00e1 pro sv\u00e9 jedine\u010dn\u00e9 \u00fa\u010dinky na serotonin, dopamin a noradrenalin v mozku. P\u016fvodn\u011b byla syntetizov\u00e1na na po\u010d\u00e1tku 20. stolet\u00ed a v posledn\u00edch desetilet\u00edch vzbudila zna\u010dn\u00fd v\u011bdeck\u00fd z\u00e1jem.<\/p>\n<p>Chemick\u00e1 struktura MDMA umo\u017e\u0148uje komplexn\u00ed interakci s neurotransmiterov\u00fdmi syst\u00e9my. To je velmi zaj\u00edmav\u00e9 pro farmaceutick\u00fd v\u00fdzkum. Krom\u011b toho je tato l\u00e1tka zkoum\u00e1na v kontrolovan\u00fdch klinick\u00fdch studi\u00edch kv\u016fli jej\u00edm potenci\u00e1ln\u00edm terapeutick\u00fdm aplikac\u00edm. Pokud <b>autentick\u00e9 MDMA<\/b> hled\u00e1te, jste u Chemgramx na spr\u00e1vn\u00e9m m\u00edst\u011b, proto\u017ee zaru\u010dujeme p\u016fvod a \u010distotu na\u0161ich produkt\u016f.<\/p>\n<h3>\u010cistota Dark Smiley Green MDMA<\/h3>\n<p>\u010cistota je u v\u00fdzkumn\u00fdch chemik\u00e1li\u00ed nanejv\u00fd\u0161 d\u016fle\u017eit\u00e1. Z tohoto d\u016fvodu klademe p\u0159i na\u0161em <b>Tmav\u00fd smajl\u00edk zelen\u00fd 150 mg MDMA<\/b> klade nejv\u011bt\u0161\u00ed d\u016fraz na nejvy\u0161\u0161\u00ed kvalitu. Ka\u017ed\u00e1 \u0161ar\u017ee je pe\u010dliv\u011b kontrolov\u00e1na, aby se vylou\u010dily ne\u010distoty a zajistila se st\u00e1l\u00e1 koncentrace \u00fa\u010dinn\u00e9 l\u00e1tky. D\u00edky tomu se m\u016f\u017eete spolehnout na p\u0159esnost sv\u00fdch experiment\u016f.<\/p>\n<p>Zavazujeme se, \u017ee, <b>MDMA nejvy\u0161\u0161\u00ed kvality<\/b> . Proto n\u00e1\u0161 produkt proch\u00e1z\u00ed p\u0159\u00edsn\u00fdmi testy v nez\u00e1visl\u00fdch laborato\u0159\u00edch. Tyto postupy zaji\u0161\u0165uj\u00ed, \u017ee dostanete produkt, kter\u00fd spl\u0148uje nejvy\u0161\u0161\u00ed standardy pro <b>Kvalita v\u00fdzkumu na prodej<\/b> . Na\u0161\u00edm c\u00edlem je nav\u00edc poskytnout v\u00e1m <b>nejlep\u0161\u00ed dostupn\u00e1 kvalita MDMA<\/b> na trhu.<\/p>\n<h3>V\u00fdrobn\u00ed proces a standardy kvality<\/h3>\n<p>V\u00fdroba <b>Tmav\u00fd smajl\u00edk zelen\u00fd 150 mg MDMA<\/b> prob\u00edh\u00e1 za p\u0159\u00edsn\u011b kontrolovan\u00fdch podm\u00ednek. Nejprve se pou\u017e\u00edvaj\u00ed pouze vysoce kvalitn\u00ed v\u00fdchoz\u00ed suroviny. Pot\u00e9 n\u00e1sleduj\u00ed p\u0159esn\u00e9 syntetick\u00e9 kroky. D\u00e1le se pou\u017e\u00edvaj\u00ed nejmodern\u011bj\u0161\u00ed laboratorn\u00ed postupy, aby byla zaji\u0161t\u011bna integrita kone\u010dn\u00e9ho produktu.<\/p>\n<p>Dodr\u017eujeme p\u0159\u00edsn\u00e9 sm\u011brnice, abychom zajistili <b>Laboratorn\u00ed kvalita na prodej<\/b> . Ka\u017ed\u00e1 f\u00e1ze v\u00fdrobn\u00edho procesu je monitorov\u00e1na, od kontroly surovin a\u017e po z\u00e1v\u011bre\u010dnou kontrolu. T\u00edmto zp\u016fsobem zaji\u0161\u0165ujeme, \u017ee na\u0161e MDMA spl\u0148uje o\u010dek\u00e1v\u00e1n\u00ed kladen\u00e1 na <b>v\u00fdzkumn\u00fd produkt<\/b> pln\u011b odpov\u00edd\u00e1. Jen tak m\u016f\u017eeme zajistit <b>\u0160pi\u010dkov\u00e1 kvalita MDMA<\/b> dod\u00e1vat, kter\u00e9 na\u0161i z\u00e1kazn\u00edci o\u010dek\u00e1vaj\u00ed.<\/p>\n<h2>Oblasti pou\u017eit\u00ed a v\u00fdzkumn\u00fd potenci\u00e1l<\/h2>\n<p>MDMA se ve v\u011bdeck\u00e9 komunit\u011b pou\u017e\u00edv\u00e1 pro \u0159adu v\u00fdzkumn\u00fdch \u00fa\u010del\u016f. Na jedn\u00e9 stran\u011b slou\u017e\u00ed k v\u00fdzkumu neurologick\u00fdch mechanism\u016f. Na druh\u00e9 stran\u011b se vyhodnocuje jeho potenci\u00e1l v psychoterapeutick\u00e9m v\u00fdzkumu, zejm\u00e9na v souvislosti s PTSD a dal\u0161\u00edmi du\u0161evn\u00edmi onemocn\u011bn\u00edmi. K tomuto \u00fa\u010delu je nezbytn\u00fd vysoce \u010dist\u00fd produkt.<\/p>\n<p>P\u0159edklinick\u00fd v\u00fdzkum se \u010dasto zam\u011b\u0159uje na neurochemick\u00e9 \u00fa\u010dinky MDMA. Krom\u011b toho se prov\u00e1d\u011bj\u00ed studie farmakokinetiky a farmakodynamiky. D\u00e1le se zkoum\u00e1 potenci\u00e1l pro podporu empatie a soci\u00e1ln\u00edch vazeb v terapeutick\u00e9m prost\u0159ed\u00ed. To \u010din\u00ed <b>Tmav\u00fd smajl\u00edk zelen\u00fd 150 mg MDMA<\/b> cenn\u00fdm n\u00e1strojem pro va\u0161e v\u00fdzkumy.<\/p>\n<h3>V\u00fdzkum s vysoce kvalitn\u00edm MDMA<\/h3>\n<p>Pou\u017eit\u00ed vysoce kvalitn\u00edho MDMA umo\u017e\u0148uje v\u011bdc\u016fm shroma\u017e\u010fovat p\u0159esn\u011bj\u0161\u00ed a v\u00fdmluvn\u011bj\u0161\u00ed data. To je rozhoduj\u00edc\u00ed pro v\u00fdvoj nov\u00fdch l\u00e9\u010debn\u00fdch metod a porozum\u011bn\u00ed slo\u017eit\u00fdm neurologick\u00fdm proces\u016fm. Proto je v\u00fdb\u011br d\u016fv\u011bryhodn\u00e9ho dodavatele, jako je Chemgramx, z\u00e1sadn\u011b d\u016fle\u017eit\u00fd.<\/p>\n<p>Pokud jste <b>Objednejte si MDMA online<\/b> pro va\u0161e v\u011bdeck\u00e9 projekty podporujete rozvoj pr\u016fkopnick\u00e9ho v\u00fdzkumu. Jsme hrd\u00ed na to, \u017ee m\u016f\u017eeme v\u011bdeck\u00e9 komunit\u011b dod\u00e1vat produkty, kter\u00e9 spl\u0148uj\u00ed nejvy\u0161\u0161\u00ed standardy. Na\u0161e <b>nejlep\u0161\u00ed MDMA na trhu<\/b> je z\u00e1kladn\u00edm kamenem spolehliv\u00fdch studi\u00ed.<\/p>\n<h3>Odpov\u011bdn\u00e9 zach\u00e1zen\u00ed a bezpe\u010dnost<\/h3>\n<p>Pr\u00e1ce s chemik\u00e1liemi pro v\u00fdzkumn\u00e9 \u00fa\u010dely vy\u017eaduje v\u017edy maxim\u00e1ln\u00ed opatrnost a odpov\u011bdnost. Je nesm\u00edrn\u011b d\u016fle\u017eit\u00e9 p\u0159\u00edsn\u011b dodr\u017eovat v\u0161echny platn\u00e9 laboratorn\u00ed pokyny a bezpe\u010dnostn\u00ed p\u0159edpisy. Krom\u011b toho mus\u00ed v\u00fdzkumn\u00ed pracovn\u00edci v\u017edy nosit osobn\u00ed ochrann\u00e9 pom\u016fcky, aby se zabr\u00e1nilo kontaminaci a expozici.<\/p>\n<p>V\u00fdslovn\u011b zd\u016fraz\u0148ujeme, \u017ee na\u0161e <b>Tmav\u00fd smajl\u00edk zelen\u00fd 150 mg MDMA<\/b> ur\u010deno v\u00fdhradn\u011b pro v\u011bdeck\u00e9 a v\u00fdzkumn\u00e9 \u00fa\u010dely. Jak\u00e9koli zneu\u017eit\u00ed nebo nespr\u00e1vn\u00e9 pou\u017eit\u00ed je p\u0159\u00edsn\u011b zak\u00e1z\u00e1no a m\u016f\u017ee m\u00edt z\u00e1va\u017en\u00e9 d\u016fsledky. Proto apelujeme na odpov\u011bdnost na\u0161ich z\u00e1kazn\u00edk\u016f a dodr\u017eov\u00e1n\u00ed etick\u00fdch standard\u016f p\u0159i v\u00fdzkumu. Pouze tak lze zajistit bezpe\u010dnost v\u0161ech z\u00fa\u010dastn\u011bn\u00fdch stran.<\/p>\n<h2>Va\u0161e objedn\u00e1vka u Chemgramx: kvalita a d\u016fv\u011bra<\/h2>\n<p>V Chemgramx rozum\u00edme pot\u0159eb\u00e1m v\u00fdzkumn\u00e9 komunity. Proto klademe nejv\u011bt\u0161\u00ed d\u016fraz na kvalitu produkt\u016f a hladk\u00fd proces objedn\u00e1v\u00e1n\u00ed. Chceme, abyste n\u00e1\u0161 <b>Tmav\u00fd smajl\u00edk zelen\u00fd 150 mg MDMA<\/b> s plnou d\u016fv\u011brou. <b>online objedn\u00e1vka<\/b> je u n\u00e1s jednoduch\u00e9 a bezpe\u010dn\u00e9.<\/p>\n<p>Sna\u017e\u00edme se, aby byl proces n\u00e1kupu co nejefektivn\u011bj\u0161\u00ed. Z tohoto d\u016fvodu nab\u00edz\u00edme podrobn\u00e9 informace o produktech a transparentn\u00ed podporu. Pokud <b>Objednejte si MDMA online<\/b> najdete u n\u00e1s spolehliv\u00e9 a profesion\u00e1ln\u00ed zpracov\u00e1n\u00ed. D\u016fv\u011b\u0159ujte Chemgramx pro va\u0161e v\u00fdzkumn\u00e9 pot\u0159eby.<\/p>\n<h3>Pro\u010d koupit Dark Smiley Green MDMA u Chemgramx?<\/h3>\n<ul>\n<li><b>Ov\u011b\u0159en\u00e1 \u010distota:<\/b> Ka\u017ed\u00fd produkt je testov\u00e1n na \u010distotu, aby byly zaji\u0161t\u011bny spolehliv\u00e9 v\u00fdsledky v\u00fdzkumu.<\/li>\n<li><b>Kvalita v\u00fdzkumu:<\/b> Na\u0161e MDMA spl\u0148uje nejvy\u0161\u0161\u00ed standardy pro laboratorn\u00ed a v\u00fdzkumn\u00e9 \u00fa\u010dely.<\/li>\n<li><b>Bezpe\u010dn\u00e9 zpracov\u00e1n\u00ed:<\/b> Zaru\u010dujeme <b>bezpe\u010dn\u00fd n\u00e1kup<\/b> a diskr\u00e9tn\u00ed zpracov\u00e1n\u00ed va\u0161\u00ed objedn\u00e1vky.<\/li>\n<li><b>Kompetentn\u00ed podpora:<\/b> N\u00e1\u0161 t\u00fdm je v\u00e1m k dispozici pro p\u0159\u00edpadn\u00e9 dotazy, aby v\u00e1m mohl co nejl\u00e9pe pomoci.<\/li>\n<\/ul>\n<p>Vyberte Chemgramx, abyste <b>Tmav\u00fd smajl\u00edk zelen\u00fd 150 mg MDMA<\/b> . Rozhodnete se pro partnera, kter\u00fd klade d\u016fraz na kvalitu a v\u011bdeckou integritu. <a href=\"https:\/\/chemgramx.com\/product\/dark-smiley-green-150mg-mdma-online-bestellung\/\">Zde si m\u016f\u017eete objednat vysoce kvalitn\u00ed MDMA online<\/a>.<\/p>\n<h3>Bezpe\u010dn\u00fd proces objedn\u00e1vky a diskr\u00e9tnost<\/h3>\n<p>Va\u0161e soukrom\u00ed a bezpe\u010dnost jsou pro n\u00e1s d\u016fle\u017eit\u00e9. Proto jsme zavedli proces objedn\u00e1v\u00e1n\u00ed, kter\u00fd zaru\u010duje diskr\u00e9tnost. V\u0161echny transakce jsou zpracov\u00e1v\u00e1ny s maxim\u00e1ln\u00ed p\u00e9\u010d\u00ed. D\u00edky tomu m\u016f\u017eete n\u00e1\u0161 <b>Tmav\u00fd smajl\u00edk zelen\u00fd 150 mg MDMA<\/b> Objednejte si s klidem.<\/p>\n<p>N\u00e1\u0161 syst\u00e9m je navr\u017een tak, aby chr\u00e1nil va\u0161e \u00fadaje a zajistil hladk\u00fd pr\u016fb\u011bh. Pokud <b>koupit online nyn\u00ed<\/b>, vyu\u017eijte na\u0161ich profesion\u00e1ln\u00edch slu\u017eeb. Zajist\u00edme, aby byl v\u00e1\u0161 produkt zpracov\u00e1n bezpe\u010dn\u011b a diskr\u00e9tn\u011b. Spolehn\u011bte se na n\u00e1s. <b>bezpe\u010dn\u00fd n\u00e1kup<\/b> u Chemgramx.<\/p>\n<h2>\u010casto kladen\u00e9 ot\u00e1zky t\u00fdkaj\u00edc\u00ed se MDMA (FAQ)<\/h2>\n<h3>Jak je zaji\u0161t\u011bna kvalita?<\/h3>\n<p>Kvalita na\u0161ich <b>Tmav\u00fd smajl\u00edk zelen\u00fd 150 mg MDMA<\/b> je zaji\u0161t\u011bna v\u00edcestup\u0148ov\u00fdmi anal\u00fdzami. Nejprve pou\u017e\u00edv\u00e1me v\u00fdhradn\u011b certifikovan\u00e9 suroviny. N\u00e1sleduj\u00ed p\u0159\u00edsn\u00e9 kontroly b\u011bhem synt\u00e9zy. Nakonec je ka\u017ed\u00e1 \u0161ar\u017ee testov\u00e1na v nez\u00e1visl\u00fdch laborato\u0159\u00edch pomoc\u00ed HPLC a hmotnostn\u00ed spektrometrie na \u010distotu a identitu. T\u00edm zaru\u010dujeme, \u017ee n\u00e1\u0161 produkt spl\u0148uje nejvy\u0161\u0161\u00ed v\u00fdzkumn\u00e9 standardy a vy v\u017edy dostanete <b>\u0160pi\u010dkov\u00e1 kvalita MDMA<\/b> obdr\u017eel.<\/p>\n<h3>Existuj\u00ed alternativy nebo podobn\u00e9 l\u00e1tky pro v\u00fdzkum?<\/h3>\n<p>Ano, ve v\u00fdzkumu existuj\u00ed r\u016fzn\u00e9 l\u00e1tky s r\u016fzn\u00fdmi mechanismy \u00fa\u010dinku a oblastmi pou\u017eit\u00ed. Zat\u00edmco MDMA ovliv\u0148uje specifick\u00e9 neurologick\u00e9 dr\u00e1hy, jin\u00e9 slou\u010deniny mohou b\u00fdt relevantn\u011bj\u0161\u00ed pro jin\u00e9 v\u00fdzkumn\u00e9 ot\u00e1zky. Nap\u0159\u00edklad se tak\u00e9 zkoum\u00e1 <a href=\"https:\/\/chemgramx.com\/product\/rick-simpson-oil\/\">Olej Ricka Simpsona (RSO)<\/a> ve v\u00fdzkumu, pokud jde o kanabinoidy a jejich potenci\u00e1l. Proto je d\u016fle\u017eit\u00e9 pe\u010dliv\u011b definovat c\u00edle v\u00fdzkumu a vybrat vhodnou l\u00e1tku.<\/p>\n<h2>Z\u00e1v\u011br: V\u00e1\u0161 spolehliv\u00fd zdroj MDMA<\/h2>\n<p>Souhrnn\u011b lze \u0159\u00edci, \u017ee Chemgramx je va\u0161\u00edm ide\u00e1ln\u00edm partnerem, pokud <b>Dark Smiley Green 150 mg MDMA na prodej<\/b> Hled\u00e1te. Nab\u00edz\u00edme produkt s bezkonkuren\u010dn\u00ed \u010distotou a kvalitou, kter\u00fd byl speci\u00e1ln\u011b navr\u017een pro v\u011bdeck\u00e9 a laboratorn\u00ed pou\u017eit\u00ed. Na\u0161e odhodl\u00e1n\u00ed dosahovat excelence a spokojenosti z\u00e1kazn\u00edk\u016f je neot\u0159esiteln\u00e9.<\/p>\n<p>D\u00e1le garantujeme <b>bezpe\u010dn\u00fd n\u00e1kup<\/b> a profesion\u00e1ln\u00ed zpracov\u00e1n\u00ed va\u0161\u00ed objedn\u00e1vky. Pokud se rozhodnete pro, <b>koupit u Chemgramx<\/b>, rozhodujete se pro spolehlivost, diskr\u00e9tnost a prvot\u0159\u00eddn\u00ed slu\u017eby. Po\u0159i\u010fte si sv\u016fj <b>nejlep\u0161\u00ed MDMA na trhu<\/b> je\u0161t\u011b dnes a podpo\u0159te sv\u016fj v\u00fdzkum s nejvy\u0161\u0161\u00ed p\u0159esnost\u00ed a d\u016fv\u011brou.<\/p>","protected":false},"excerpt":{"rendered":"<p>Objevte <b>Tmav\u00fd smajl\u00edk zelen\u00fd 150 mg MDMA<\/b> \u2013 produkt nejvy\u0161\u0161\u00ed \u010distoty, ide\u00e1ln\u00ed pro n\u00e1ro\u010dn\u00e9 v\u00fdzkumn\u00e9 a laboratorn\u00ed aplikace. Jako <b>autentick\u00e9 MDMA<\/b> z <b>Kvalita v\u00fdzkumu<\/b> zaru\u010duje p\u0159esn\u00e9 v\u00fdsledky. <b>Objednejte si MDMA online<\/b> u Chemgramx a vyu\u017eijte n\u00e1sleduj\u00edc\u00edch v\u00fdhod:<\/p>\n<ul>\n<li><b>Ov\u011b\u0159en\u00e1 \u010distota<\/b> pro spolehliv\u00e9 studie.<\/li>\n<li>Dodr\u017eov\u00e1n\u00ed p\u0159edpis\u016f <b>p\u0159\u00edsn\u00e9 laboratorn\u00ed normy<\/b>.<\/li>\n<li>Jednomu <b>bezpe\u010dn\u00fd n\u00e1kupn\u00ed proces<\/b>.<\/li>\n<\/ul>","protected":false},"featured_media":8018,"comment_status":"open","ping_status":"closed","template":"","meta":{"_joinchat":[]},"product_brand":[],"product_cat":[2846],"product_tag":[2137,2140,2136,2141,2139,2138,2017,1785,2018,2015],"class_list":{"0":"post-7982","1":"product","2":"type-product","3":"status-publish","4":"has-post-thumbnail","6":"product_cat-ecstasy-pills","7":"product_tag-150mg-mdma","8":"product_tag-150mg-mdma-kaufen","9":"product_tag-dark-smiley-green","10":"product_tag-dark-smiley-green-kaufen","11":"product_tag-dark-smiley-mdma","12":"product_tag-mdma-150mg-kaufen","13":"product_tag-mdma-kristalle","14":"product_tag-mdma-online","15":"product_tag-mdma-zum-verkauf","16":"product_tag-synthetische-drogen","18":"first","19":"instock","20":"shipping-taxable","21":"purchasable","22":"product-type-variable"},"yoast_head":"<!-- This site is optimized with the Yoast SEO plugin v27.5 - https:\/\/yoast.com\/product\/yoast-seo-wordpress\/ -->\n<title>MDMA kaufen \u2013 Dark Smiley Green (Hohe Reinheit | Online)<\/title>\n<meta name=\"description\" content=\"Entdecken Sie hochwertiges MDMA von Chemgramx. Bestellen Sie Dark Smiley Green MDMA online f\u00fcr Forschungszwecke. Hohe Reinheit garantiert. Sichere Abwicklung.\" \/>\n<meta name=\"robots\" content=\"index, follow, max-snippet:-1, max-image-preview:large, max-video-preview:-1\" \/>\n<link rel=\"canonical\" href=\"https:\/\/chemgramx.com\/cs\/produkt-1\/dark-smiley-green-150mg-mdma-online-order\/\" \/>\n<meta property=\"og:locale\" content=\"cs_CZ\" \/>\n<meta property=\"og:type\" content=\"article\" \/>\n<meta property=\"og:title\" content=\"MDMA kaufen \u2013 Dark Smiley Green (Hohe Reinheit | Online)\" \/>\n<meta property=\"og:description\" content=\"Entdecken Sie hochwertiges MDMA von Chemgramx. Bestellen Sie Dark Smiley Green MDMA online f\u00fcr Forschungszwecke. Hohe Reinheit garantiert. Sichere Abwicklung.\" \/>\n<meta property=\"og:url\" content=\"https:\/\/chemgramx.com\/cs\/produkt-1\/dark-smiley-green-150mg-mdma-online-order\/\" \/>\n<meta property=\"og:site_name\" content=\"Chemgramx\" \/>\n<meta property=\"article:modified_time\" content=\"2025-12-10T17:07:01+00:00\" \/>\n<meta property=\"og:image\" content=\"https:\/\/chemgramx.com\/wp-content\/uploads\/2025\/11\/p14-1.png\" \/>\n\t<meta property=\"og:image:width\" content=\"600\" \/>\n\t<meta property=\"og:image:height\" content=\"400\" \/>\n\t<meta property=\"og:image:type\" content=\"image\/png\" \/>\n<meta name=\"twitter:card\" content=\"summary_large_image\" \/>\n<meta name=\"twitter:label1\" content=\"Odhadovan\u00e1 doba \u010dten\u00ed\" \/>\n\t<meta name=\"twitter:data1\" content=\"6 minut\" \/>\n<script type=\"application\/ld+json\" class=\"yoast-schema-graph\">{\"@context\":\"https:\\\/\\\/schema.org\",\"@graph\":[{\"@type\":\"WebPage\",\"@id\":\"https:\\\/\\\/chemgramx.com\\\/product\\\/dark-smiley-green-150mg-mdma-online-bestellung\\\/\",\"url\":\"https:\\\/\\\/chemgramx.com\\\/product\\\/dark-smiley-green-150mg-mdma-online-bestellung\\\/\",\"name\":\"MDMA kaufen \u2013 Dark Smiley Green (Hohe Reinheit | Online)\",\"isPartOf\":{\"@id\":\"https:\\\/\\\/chemgramx.com\\\/#website\"},\"primaryImageOfPage\":{\"@id\":\"https:\\\/\\\/chemgramx.com\\\/product\\\/dark-smiley-green-150mg-mdma-online-bestellung\\\/#primaryimage\"},\"image\":{\"@id\":\"https:\\\/\\\/chemgramx.com\\\/product\\\/dark-smiley-green-150mg-mdma-online-bestellung\\\/#primaryimage\"},\"thumbnailUrl\":\"https:\\\/\\\/chemgramx.com\\\/wp-content\\\/uploads\\\/2025\\\/11\\\/p14-1.png\",\"datePublished\":\"2025-11-21T16:44:46+00:00\",\"dateModified\":\"2025-12-10T17:07:01+00:00\",\"description\":\"Entdecken Sie hochwertiges MDMA von Chemgramx. Bestellen Sie Dark Smiley Green MDMA online f\u00fcr Forschungszwecke. Hohe Reinheit garantiert. Sichere Abwicklung.\",\"breadcrumb\":{\"@id\":\"https:\\\/\\\/chemgramx.com\\\/product\\\/dark-smiley-green-150mg-mdma-online-bestellung\\\/#breadcrumb\"},\"inLanguage\":\"cs\",\"potentialAction\":[{\"@type\":\"ReadAction\",\"target\":[\"https:\\\/\\\/chemgramx.com\\\/product\\\/dark-smiley-green-150mg-mdma-online-bestellung\\\/\"]}]},{\"@type\":\"ImageObject\",\"inLanguage\":\"cs\",\"@id\":\"https:\\\/\\\/chemgramx.com\\\/product\\\/dark-smiley-green-150mg-mdma-online-bestellung\\\/#primaryimage\",\"url\":\"https:\\\/\\\/chemgramx.com\\\/wp-content\\\/uploads\\\/2025\\\/11\\\/p14-1.png\",\"contentUrl\":\"https:\\\/\\\/chemgramx.com\\\/wp-content\\\/uploads\\\/2025\\\/11\\\/p14-1.png\",\"width\":600,\"height\":400},{\"@type\":\"BreadcrumbList\",\"@id\":\"https:\\\/\\\/chemgramx.com\\\/product\\\/dark-smiley-green-150mg-mdma-online-bestellung\\\/#breadcrumb\",\"itemListElement\":[{\"@type\":\"ListItem\",\"position\":1,\"name\":\"Home\",\"item\":\"https:\\\/\\\/chemgramx.com\\\/\"},{\"@type\":\"ListItem\",\"position\":2,\"name\":\"Shop\",\"item\":\"https:\\\/\\\/chemgramx.com\\\/shop\\\/\"},{\"@type\":\"ListItem\",\"position\":3,\"name\":\"MDMA kaufen \u2013 Dark Smiley Green (Hohe Reinheit | Online)\"}]},{\"@type\":\"WebSite\",\"@id\":\"https:\\\/\\\/chemgramx.com\\\/#website\",\"url\":\"https:\\\/\\\/chemgramx.com\\\/\",\"name\":\"Chemgramx\",\"description\":\"\",\"publisher\":{\"@id\":\"https:\\\/\\\/chemgramx.com\\\/#organization\"},\"potentialAction\":[{\"@type\":\"SearchAction\",\"target\":{\"@type\":\"EntryPoint\",\"urlTemplate\":\"https:\\\/\\\/chemgramx.com\\\/?s={search_term_string}\"},\"query-input\":{\"@type\":\"PropertyValueSpecification\",\"valueRequired\":true,\"valueName\":\"search_term_string\"}}],\"inLanguage\":\"cs\"},{\"@type\":\"Organization\",\"@id\":\"https:\\\/\\\/chemgramx.com\\\/#organization\",\"name\":\"Chemgramx\",\"url\":\"https:\\\/\\\/chemgramx.com\\\/\",\"logo\":{\"@type\":\"ImageObject\",\"inLanguage\":\"cs\",\"@id\":\"https:\\\/\\\/chemgramx.com\\\/#\\\/schema\\\/logo\\\/image\\\/\",\"url\":\"https:\\\/\\\/chemgramx.com\\\/wp-content\\\/uploads\\\/2024\\\/10\\\/final-logo.png\",\"contentUrl\":\"https:\\\/\\\/chemgramx.com\\\/wp-content\\\/uploads\\\/2024\\\/10\\\/final-logo.png\",\"width\":250,\"height\":48,\"caption\":\"Chemgramx\"},\"image\":{\"@id\":\"https:\\\/\\\/chemgramx.com\\\/#\\\/schema\\\/logo\\\/image\\\/\"}}]}<\/script>\n<!-- \/ Yoast SEO plugin. -->","yoast_head_json":{"title":"Koupit MDMA \u2013 Dark Smiley Green (vysok\u00e1 \u010distota | online)","description":"Objevte vysoce kvalitn\u00ed MDMA od Chemgramx. Objednejte si Dark Smiley Green MDMA online pro v\u00fdzkumn\u00e9 \u00fa\u010dely. Zaru\u010den\u00e1 vysok\u00e1 \u010distota. Bezpe\u010dn\u00e9 zpracov\u00e1n\u00ed.","robots":{"index":"index","follow":"follow","max-snippet":"max-snippet:-1","max-image-preview":"max-image-preview:large","max-video-preview":"max-video-preview:-1"},"canonical":"https:\/\/chemgramx.com\/cs\/produkt-1\/dark-smiley-green-150mg-mdma-online-order\/","og_locale":"cs_CZ","og_type":"article","og_title":"MDMA kaufen \u2013 Dark Smiley Green (Hohe Reinheit | Online)","og_description":"Entdecken Sie hochwertiges MDMA von Chemgramx. Bestellen Sie Dark Smiley Green MDMA online f\u00fcr Forschungszwecke. Hohe Reinheit garantiert. Sichere Abwicklung.","og_url":"https:\/\/chemgramx.com\/cs\/produkt-1\/dark-smiley-green-150mg-mdma-online-order\/","og_site_name":"Chemgramx","article_modified_time":"2025-12-10T17:07:01+00:00","og_image":[{"width":600,"height":400,"url":"https:\/\/chemgramx.com\/wp-content\/uploads\/2025\/11\/p14-1.png","type":"image\/png"}],"twitter_card":"summary_large_image","twitter_misc":{"Odhadovan\u00e1 doba \u010dten\u00ed":"6 minut"},"schema":{"@context":"https:\/\/schema.org","@graph":[{"@type":"WebPage","@id":"https:\/\/chemgramx.com\/product\/dark-smiley-green-150mg-mdma-online-bestellung\/","url":"https:\/\/chemgramx.com\/product\/dark-smiley-green-150mg-mdma-online-bestellung\/","name":"Koupit MDMA \u2013 Dark Smiley Green (vysok\u00e1 \u010distota | online)","isPartOf":{"@id":"https:\/\/chemgramx.com\/#website"},"primaryImageOfPage":{"@id":"https:\/\/chemgramx.com\/product\/dark-smiley-green-150mg-mdma-online-bestellung\/#primaryimage"},"image":{"@id":"https:\/\/chemgramx.com\/product\/dark-smiley-green-150mg-mdma-online-bestellung\/#primaryimage"},"thumbnailUrl":"https:\/\/chemgramx.com\/wp-content\/uploads\/2025\/11\/p14-1.png","datePublished":"2025-11-21T16:44:46+00:00","dateModified":"2025-12-10T17:07:01+00:00","description":"Objevte vysoce kvalitn\u00ed MDMA od Chemgramx. Objednejte si Dark Smiley Green MDMA online pro v\u00fdzkumn\u00e9 \u00fa\u010dely. Zaru\u010den\u00e1 vysok\u00e1 \u010distota. Bezpe\u010dn\u00e9 zpracov\u00e1n\u00ed.","breadcrumb":{"@id":"https:\/\/chemgramx.com\/product\/dark-smiley-green-150mg-mdma-online-bestellung\/#breadcrumb"},"inLanguage":"cs","potentialAction":[{"@type":"ReadAction","target":["https:\/\/chemgramx.com\/product\/dark-smiley-green-150mg-mdma-online-bestellung\/"]}]},{"@type":"ImageObject","inLanguage":"cs","@id":"https:\/\/chemgramx.com\/product\/dark-smiley-green-150mg-mdma-online-bestellung\/#primaryimage","url":"https:\/\/chemgramx.com\/wp-content\/uploads\/2025\/11\/p14-1.png","contentUrl":"https:\/\/chemgramx.com\/wp-content\/uploads\/2025\/11\/p14-1.png","width":600,"height":400},{"@type":"BreadcrumbList","@id":"https:\/\/chemgramx.com\/product\/dark-smiley-green-150mg-mdma-online-bestellung\/#breadcrumb","itemListElement":[{"@type":"ListItem","position":1,"name":"Home","item":"https:\/\/chemgramx.com\/"},{"@type":"ListItem","position":2,"name":"Shop","item":"https:\/\/chemgramx.com\/shop\/"},{"@type":"ListItem","position":3,"name":"MDMA kaufen \u2013 Dark Smiley Green (Hohe Reinheit | Online)"}]},{"@type":"WebSite","@id":"https:\/\/chemgramx.com\/#website","url":"https:\/\/chemgramx.com\/","name":"Chemgramx","description":"","publisher":{"@id":"https:\/\/chemgramx.com\/#organization"},"potentialAction":[{"@type":"SearchAction","target":{"@type":"EntryPoint","urlTemplate":"https:\/\/chemgramx.com\/?s={search_term_string}"},"query-input":{"@type":"PropertyValueSpecification","valueRequired":true,"valueName":"search_term_string"}}],"inLanguage":"cs"},{"@type":"Organization","@id":"https:\/\/chemgramx.com\/#organization","name":"Chemgramx","url":"https:\/\/chemgramx.com\/","logo":{"@type":"ImageObject","inLanguage":"cs","@id":"https:\/\/chemgramx.com\/#\/schema\/logo\/image\/","url":"https:\/\/chemgramx.com\/wp-content\/uploads\/2024\/10\/final-logo.png","contentUrl":"https:\/\/chemgramx.com\/wp-content\/uploads\/2024\/10\/final-logo.png","width":250,"height":48,"caption":"Chemgramx"},"image":{"@id":"https:\/\/chemgramx.com\/#\/schema\/logo\/image\/"}}]}},"_links":{"self":[{"href":"https:\/\/chemgramx.com\/cs\/wp-json\/wp\/v2\/product\/7982","targetHints":{"allow":["GET"]}}],"collection":[{"href":"https:\/\/chemgramx.com\/cs\/wp-json\/wp\/v2\/product"}],"about":[{"href":"https:\/\/chemgramx.com\/cs\/wp-json\/wp\/v2\/types\/product"}],"replies":[{"embeddable":true,"href":"https:\/\/chemgramx.com\/cs\/wp-json\/wp\/v2\/comments?post=7982"}],"wp:featuredmedia":[{"embeddable":true,"href":"https:\/\/chemgramx.com\/cs\/wp-json\/wp\/v2\/media\/8018"}],"wp:attachment":[{"href":"https:\/\/chemgramx.com\/cs\/wp-json\/wp\/v2\/media?parent=7982"}],"wp:term":[{"taxonomy":"product_brand","embeddable":true,"href":"https:\/\/chemgramx.com\/cs\/wp-json\/wp\/v2\/product_brand?post=7982"},{"taxonomy":"product_cat","embeddable":true,"href":"https:\/\/chemgramx.com\/cs\/wp-json\/wp\/v2\/product_cat?post=7982"},{"taxonomy":"product_tag","embeddable":true,"href":"https:\/\/chemgramx.com\/cs\/wp-json\/wp\/v2\/product_tag?post=7982"}],"curies":[{"name":"wp","href":"https:\/\/api.w.org\/{rel}","templated":true}]}}