{"id":7985,"date":"2025-11-21T16:44:47","date_gmt":"2025-11-21T16:44:47","guid":{"rendered":"https:\/\/chemgramx.com\/?post_type=product&#038;p=7985"},"modified":"2025-12-10T17:34:13","modified_gmt":"2025-12-10T17:34:13","slug":"zeleny-heineken-lahve-230mg-mdma-online-objednavka","status":"publish","type":"product","link":"https:\/\/chemgramx.com\/cs\/product\/green-heineken-bottles-230mg-mdma-online-bestellung\/","title":{"rendered":"Objednat MDMA \u2013 230 mg \u010distoty (koupit online)"},"content":{"rendered":"<p>V\u00edtejte u Chemgramx, va\u0161eho p\u0159edn\u00edho zdroje vysoce kvalitn\u00edch chemik\u00e1li\u00ed pro v\u00fdzkum. Jsme r\u00e1di, \u017ee v\u00e1m m\u016f\u017eeme nab\u00eddnout <b>Zelen\u00e9 l\u00e1hve Heineken 230 mg MDMA na prodej<\/b> nab\u00eddnout produkt, kter\u00fd je zn\u00e1m\u00fd svou mimo\u0159\u00e1dnou \u010distotou a konzistenc\u00ed. Tento p\u0159esn\u011b d\u00e1vkovan\u00fd a pe\u010dliv\u011b p\u0159ipraven\u00fd produkt je speci\u00e1ln\u011b navr\u017een pro v\u011bdeck\u00e9 \u00fa\u010dely a v\u00fdzkumn\u00e9 projekty. Je proto ide\u00e1ln\u00ed pro n\u00e1ro\u010dn\u00e9 laborato\u0159e a akademick\u00e9 instituce, kter\u00e9 usiluj\u00ed o nejvy\u0161\u0161\u00ed standardy.<\/p>\n<p>Na\u0161e <b>Zelen\u00e9 lahve Heineken 230mg MDMA<\/b> p\u0159edstavuje \u0161pi\u010dku v nab\u00eddce v\u00fdzkumn\u00fdch chemik\u00e1li\u00ed na trhu. Nav\u00edc garantujeme vynikaj\u00edc\u00ed kvalitu, kter\u00e1 je podlo\u017eena p\u0159\u00edsn\u00fdmi testy a analytick\u00fdmi postupy. Pokud <b>Objednejte si MDMA online<\/b> nab\u00edz\u00edme v\u00e1m bezpe\u010dnou a d\u016fv\u011bryhodnou platformu. M\u016f\u017eete se tedy spolehnout, \u017ee obdr\u017e\u00edte autentick\u00fd a vysoce \u010dist\u00fd produkt, kter\u00fd spln\u00ed va\u0161e v\u00fdzkumn\u00e9 po\u017eadavky.<\/p>\n<h2>Objevte zelen\u00e9 l\u00e1hve Heineken 230 mg MDMA<\/h2>\n<h3>Precizn\u00ed produkt pro n\u00e1ro\u010dn\u00fd v\u00fdzkum<\/h3>\n<p>Na str\u00e1nk\u00e1ch <b>Zelen\u00e9 lahve Heineken 230mg MDMA<\/b> jsou pe\u010dliv\u011b vyroben\u00fdm p\u0159\u00edpravkem, kter\u00fd byl speci\u00e1ln\u011b vyvinut pro v\u00fdzkumn\u00e9 \u00fa\u010dely. Ka\u017ed\u00e1 lahvi\u010dka obsahuje 230 mg MDMA, co\u017e umo\u017e\u0148uje p\u0159esn\u00e9 d\u00e1vkov\u00e1n\u00ed a reprodukovateln\u00e9 v\u00fdsledky v experiment\u00e1ln\u00edm prost\u0159ed\u00ed. Tento produkt je nav\u00edc vyr\u00e1b\u011bn za nejp\u0159\u00edsn\u011bj\u0161\u00edch laboratorn\u00edch podm\u00ednek, aby byla zaji\u0161t\u011bna maxim\u00e1ln\u00ed homogenita a stabilita. Je tedy vynikaj\u00edc\u00ed volbou pro p\u0159esn\u00e9 v\u011bdeck\u00e9 studie.<\/p>\n<p>Zelen\u00e9 zbarven\u00ed a design lahv\u00ed Heineken slou\u017e\u00ed jako jasn\u00e9 ozna\u010den\u00ed a jsou indik\u00e1torem konkr\u00e9tn\u00ed \u0161ar\u017ee a slo\u017een\u00ed. To pom\u00e1h\u00e1 v\u00fdzkumn\u00edk\u016fm rychle potvrdit identitu materi\u00e1lu a zabr\u00e1nit z\u00e1m\u011bn\u011b. Proto je konzistence a spolehlivost, kterou od <a href=\"https:\/\/chemgramx.com\/product\/green-heineken-bottles-230mg-mdma-online-bestellung\/\">Objednejte si online zelen\u00e9 l\u00e1hve Heineken s obsahem 230 mg MDMA<\/a>, kter\u00e9 maj\u00ed z\u00e1sadn\u00ed v\u00fdznam pro ka\u017edou seri\u00f3zn\u00ed v\u00fdzkumnou pr\u00e1ci. U n\u00e1s se m\u016f\u017eete spolehnout na <b>prvot\u0159\u00eddn\u00ed MDMA<\/b> odej\u00edt.<\/p>\n<h2>\u010cistota a kvalita Chemgramx<\/h2>\n<h3>Na\u0161e nekompromisn\u00ed standardy kvality<\/h3>\n<p>Ve spole\u010dnosti Chemgramx klademe nejv\u011bt\u0161\u00ed d\u016fraz na \u010distotu a kvalitu na\u0161ich produkt\u016f. Zejm\u00e9na <b>Zelen\u00e9 lahve Heineken 230mg MDMA<\/b> jsou podrobeny p\u0159\u00edsn\u00fdm test\u016fm, aby byla zaji\u0161t\u011bna \u010distota, kter\u00e1 daleko p\u0159esahuje pr\u016fmyslov\u00e9 standardy. Ch\u00e1peme, \u017ee ve v\u00fdzkumu m\u016f\u017ee jak\u00e9koli zne\u010di\u0161t\u011bn\u00ed zkreslit v\u00fdsledky. Z tohoto d\u016fvodu nab\u00edz\u00edme v\u00fdhradn\u011b produkty od <b>vysok\u00e1 \u010distota na prodej<\/b> kter\u00e9 spl\u0148uj\u00ed nejvy\u0161\u0161\u00ed po\u017eadavky.<\/p>\n<p>Ka\u017ed\u00e1 \u0161ar\u017ee je analyzov\u00e1na nez\u00e1visl\u00fdmi laborato\u0159emi, aby byla potvrzena chemick\u00e1 integrita a p\u0159esn\u00e1 koncentrace. Na\u0161i z\u00e1kazn\u00edci tak dost\u00e1vaj\u00ed pouze <b>autentick\u00e9 MDMA<\/b> vynikaj\u00edc\u00ed kvality. Jsme hrd\u00ed na to, \u017ee, <b>Kvalita v\u00fdzkumu na prodej<\/b> nab\u00edzet slu\u017eby, kter\u00e9 spl\u0148uj\u00ed nejvy\u0161\u0161\u00ed o\u010dek\u00e1v\u00e1n\u00ed v\u011bdc\u016f a v\u00fdzkumn\u00fdch pracovn\u00edk\u016f.<\/p>\n<h3>Analytick\u00e1 verifikace a sledovatelnost<\/h3>\n<p>Transparentnost na\u0161ich proces\u016f kontroly kvality je pro n\u00e1s velmi d\u016fle\u017eit\u00e1. Ka\u017ed\u00fd produkt, v\u010detn\u011b <b>Zelen\u00e9 lahve Heineken 230mg MDMA<\/b>, je dod\u00e1v\u00e1n s podrobn\u00fdmi analytick\u00fdmi zpr\u00e1vami, kter\u00e9 potvrzuj\u00ed jeho \u010distotu a slo\u017een\u00ed. D\u00edky tomu mohou v\u00fdzkumn\u00edci kdykoli ov\u011b\u0159it a d\u016fv\u011b\u0159ovat kvalit\u011b na\u0161ich produkt\u016f. Krom\u011b toho zaji\u0161\u0165ujeme, aby v\u0161echny na\u0161e materi\u00e1ly byly manipulov\u00e1ny a zpracov\u00e1v\u00e1ny v kontrolovan\u00e9m prost\u0159ed\u00ed, aby byla zachov\u00e1na jejich integrita a\u017e do okam\u017eiku pou\u017eit\u00ed.<\/p>\n<p>D\u00edky tomuto z\u00e1vazku k sledovatelnosti a zaji\u0161t\u011bn\u00ed kvality jsme preferovan\u00fdm partnerem pro n\u00e1ro\u010dn\u00e9 v\u00fdzkumn\u00e9 projekty. Pokud <b>Laboratorn\u00ed kvalita na prodej<\/b> hled\u00e1te, Chemgramx je pro v\u00e1s tou spr\u00e1vnou volbou. M\u016f\u017eete si tedy b\u00fdt jisti, \u017ee s ka\u017ed\u00fdm <b>Objedn\u00e1vka MDMA online<\/b> produkt, kter\u00fd pro\u0161el na\u0161imi p\u0159\u00edsn\u00fdmi testy.<\/p>\n<h2>Aplikace a v\u00fdzkumn\u00fd potenci\u00e1l<\/h2>\n<h3>Pro v\u011bdu a anal\u00fdzu<\/h3>\n<p>Na str\u00e1nk\u00e1ch <b>Zelen\u00e9 lahve Heineken 230mg MDMA<\/b> najdou uplatn\u011bn\u00ed v cel\u00e9 \u0159ad\u011b v\u011bdeck\u00fdch studi\u00ed. Zejm\u00e9na se pou\u017e\u00edvaj\u00ed ve farmakologick\u00e9m v\u00fdzkumu ke studiu mechanism\u016f serotoninov\u00fdch a dopaminov\u00fdch syst\u00e9m\u016f. D\u00e1le jsou d\u016fle\u017eit\u00fdm n\u00e1strojem pro neurobiology, kte\u0159\u00ed zkoumaj\u00ed \u00fa\u010dinky empathogenn\u00edch l\u00e1tek na neuronov\u00e9 obvody. Na\u0161e vysoce \u010dist\u00e9 slou\u010deniny proto v\u00fdznamn\u011b p\u0159isp\u00edvaj\u00ed k pokroku v t\u011bchto oblastech.<\/p>\n<p>V oblasti experiment\u00e1ln\u00ed psychologie se MDMA pou\u017e\u00edv\u00e1 tak\u00e9 k hodnocen\u00ed nov\u00fdch p\u0159\u00edstup\u016f ke zpracov\u00e1n\u00ed stresu a traumatu. P\u0159esn\u00e9 d\u00e1vkov\u00e1n\u00ed na\u0161eho <b>MDMA<\/b>-Produkty umo\u017e\u0148uj\u00ed kontrolovan\u00e9 a bezpe\u010dn\u00e9 prov\u00e1d\u011bn\u00ed takov\u00fdch studi\u00ed. Z tohoto d\u016fvodu je velmi d\u016fle\u017eit\u00e9 pou\u017e\u00edvat produkty nejvy\u0161\u0161\u00ed kvality, aby bylo mo\u017en\u00e9 dos\u00e1hnout spolehliv\u00fdch a platn\u00fdch v\u00fdsledk\u016f.<\/p>\n<h3>V\u00fdznam ve v\u00fdzkumu a v\u00fdvoji<\/h3>\n<p>Potenci\u00e1l MDMA v terapeutick\u00e9m v\u00fdzkumu je \u010dasto diskutovan\u00fdm t\u00e9matem. Studie zam\u011b\u0159en\u00e9 na psychoterapeutickou podporu p\u0159i l\u00e9\u010db\u011b PTSD a \u00fazkostn\u00fdch poruch jsou slibn\u00e9 a podtrhuj\u00ed pot\u0159ebu kvalitn\u00edch v\u00fdzkumn\u00fdch materi\u00e1l\u016f. Krom\u011b toho je dostupnost <b>MDMA v kvalit\u011b pro v\u00fdzkumn\u00e9 \u00fa\u010dely<\/b> nezbytn\u00e9 pro v\u00fdvoj nov\u00fdch l\u00e9\u010debn\u00fdch metod a porozum\u011bn\u00ed slo\u017eit\u00fdm neurologick\u00fdm proces\u016fm.<\/p>\n<p>Chemgramx podporuje tyto d\u016fle\u017eit\u00e9 v\u00fdzkumn\u00e9 snahy t\u00edm, \u017ee neust\u00e1le <b>nejlep\u0161\u00ed MDMA na trhu<\/b> . Jsme si v\u011bdomi odpov\u011bdnosti, kter\u00e1 s poskytov\u00e1n\u00edm t\u011bchto materi\u00e1l\u016f souvis\u00ed. Proto ne\u00fanavn\u011b pracujeme na tom, aby na\u0161e produkty spl\u0148ovaly glob\u00e1ln\u00ed standardy pro v\u011bdeck\u00fd v\u00fdzkum. Pova\u017eujte na\u0161i nab\u00eddku za sv\u00e9ho d\u016fv\u011bryhodn\u00e9ho partnera v oblasti vysoce kvalitn\u00edch chemik\u00e1li\u00ed pro v\u00fdzkum.<\/p>\n<h2>Va\u0161e v\u00fdhody p\u0159i objedn\u00e1vce u Chemgramx<\/h2>\n<h3>D\u016fv\u011bra a bezpe\u010dnost p\u0159i ka\u017ed\u00e9 transakci<\/h3>\n<p>Va\u0161e bezpe\u010dnost a spokojenost jsou pro Chemgramx nejvy\u0161\u0161\u00ed prioritou. Pokud <b>Objednejte si online zelen\u00e9 l\u00e1hve Heineken s obsahem 230 mg MDMA<\/b>, m\u016f\u017eete se spolehnout na bezpe\u010dn\u00fd a diskr\u00e9tn\u00ed proces objedn\u00e1vky. K ochran\u011b va\u0161ich osobn\u00edch \u00fadaj\u016f a transakc\u00ed pou\u017e\u00edv\u00e1me nejmodern\u011bj\u0161\u00ed \u0161ifrovac\u00ed technologie. D\u00e1le zaji\u0161\u0165ujeme, \u017ee va\u0161e objedn\u00e1vka bude zpracov\u00e1na s maxim\u00e1ln\u00ed p\u00e9\u010d\u00ed a diskr\u00e9tnost\u00ed, bez zm\u00ednky o obsahu na extern\u00edch dokumentech.<\/p>\n<p>N\u00e1\u0161 oddan\u00fd t\u00fdm z\u00e1kaznick\u00e9ho servisu je v\u00e1m kdykoli k dispozici, aby zodpov\u011bd\u011bl va\u0161e dotazy a poskytl v\u00e1m podporu. D\u00edky tomu m\u016f\u017eete nakupovat s d\u016fv\u011brou a klidem. Nab\u00edz\u00edme <b>bezpe\u010dn\u00e1 objedn\u00e1vka<\/b> pro v\u0161echny na\u0161e v\u00fdzkumn\u00e9 materi\u00e1ly. Neust\u00e1le se sna\u017e\u00edme, aby byl proces n\u00e1kupu co nejhlad\u0161\u00ed a nejd\u016fv\u011bryhodn\u011bj\u0161\u00ed. <a href=\"https:\/\/chemgramx.com\/product\/white-widow-kush-18-25-thc\/\">Objevte tak\u00e9 na\u0161i dal\u0161\u00ed nab\u00eddku<\/a> na vysoce kvalitn\u00ed chemik\u00e1lie pro v\u00fdzkum.<\/p>\n<h3>Nejlep\u0161\u00ed MDMA na trhu<\/h3>\n<p>Ne\u0159\u00edk\u00e1me jen to, \u017ee <b>Nejlep\u0161\u00ed zelen\u00e9 l\u00e1hve Heineken 230 mg MDMA k dispozici<\/b> \u2013 dokazujeme to na\u0161imi p\u0159\u00edsn\u00fdmi kontrolami kvality a pozitivn\u00edmi ohlasy na\u0161ich z\u00e1kazn\u00edk\u016f. Na\u0161\u00edm c\u00edlem je poskytnout v\u011bdc\u016fm n\u00e1stroje, kter\u00e9 pot\u0159ebuj\u00ed k pr\u016flomov\u00fdm objev\u016fm. Z tohoto d\u016fvodu neust\u00e1le investujeme do optimalizace na\u0161ich v\u00fdrobn\u00edch a analytick\u00fdch proces\u016f.<\/p>\n<p>Pokud se rozhodnete, <b>koupit nyn\u00ed online<\/b>, rozhodujete se pro nep\u0159ekonatelnou kvalitu a spolehlivost. <a href=\"https:\/\/chemgramx.com\/product\/green-heineken-bottles-230mg-mdma-online-bestellung\/\">Zelen\u00e9 lahve Heineken 230mg MDMA online objedn\u00e1vka<\/a> u Chemgramx znamen\u00e1, \u017ee m\u00e1te p\u0159\u00edstup k zdroji, kter\u00fd bere v\u00e1\u0161 v\u00fdzkum v\u00e1\u017en\u011b. Kvalita va\u0161eho v\u00fdchoz\u00edho materi\u00e1lu je toti\u017e rozhoduj\u00edc\u00ed pro \u00fasp\u011bch va\u0161ich projekt\u016f.<\/p>\n<h2>Jak z\u00edskat zelen\u00e9 l\u00e1hve Heineken 230 mg MDMA<\/h2>\n<h3>Jednoduch\u00fd a diskr\u00e9tn\u00ed proces objedn\u00e1vky<\/h3>\n<p>Proces, <b>Zelen\u00e9 l\u00e1hve Heineken 230 mg MDMA objednat online<\/b>, je u Chemgramx jednoduch\u00e9 a bezprobl\u00e9mov\u00e9. P\u0159ejd\u011bte do na\u0161\u00ed sekce produkt\u016f, vyberte po\u017eadovan\u00e9 mno\u017estv\u00ed a bezpe\u010dn\u011b dokon\u010dete objedn\u00e1vku. N\u00e1\u0161 syst\u00e9m je navr\u017een tak, aby byl u\u017eivatelsky p\u0159\u00edv\u011btiv\u00fd a poskytoval v\u00e1m plynul\u00fd z\u00e1\u017eitek. To zaji\u0161\u0165uje rychl\u00e9 a efektivn\u00ed zpracov\u00e1n\u00ed va\u0161ich po\u017eadavk\u016f. M\u016f\u017eete <b>MDMA Green Heineken l\u00e1hve 230 mg<\/b> jednodu\u0161e prost\u0159ednictv\u00edm na\u0161\u00ed platformy.<\/p>\n<p>V\u0161echny kroky jsme optimalizovali, abyste se mohli soust\u0159edit na sv\u016fj v\u00fdzkum, m\u00edsto abyste se museli starat o n\u00e1kup materi\u00e1l\u016f. Na\u0161\u00edm c\u00edlem je co nejv\u00edce v\u00e1m usnadnit p\u0159\u00edstup k pot\u0159ebn\u00fdm chemik\u00e1li\u00edm pro v\u00fdzkum. U Chemgramx m\u016f\u017eete <b>MDMA nejvy\u0161\u0161\u00ed kvality<\/b> bezpe\u010dn\u011b a pohodln\u011b nakupovat.<\/p>\n<h3>Na\u0161e anga\u017eovanost ve prosp\u011bch va\u0161eho v\u00fdzkumu<\/h3>\n<p>N\u00e1\u0161 t\u00fdm v Chemgramx se sna\u017e\u00ed p\u0159ekonat va\u0161e o\u010dek\u00e1v\u00e1n\u00ed. Ch\u00e1peme v\u00fdznam spolehlivosti a d\u016fv\u011bry ve v\u011bdeck\u00e9 komunit\u011b. Proto jsou v\u0161echny objedn\u00e1vky zpracov\u00e1v\u00e1ny s maxim\u00e1ln\u00ed p\u00e9\u010d\u00ed a d\u016frazem na detaily. To odr\u00e1\u017e\u00ed n\u00e1\u0161 z\u00e1vazek poskytovat na\u0161im z\u00e1kazn\u00edk\u016fm pouze to nejlep\u0161\u00ed.<\/p>\n<p>Na str\u00e1nk\u00e1ch <b>autentick\u00e9 MDMA<\/b>, kter\u00e9 u n\u00e1s najdete, jsou d\u016fkazem na\u0161eho \u00fasil\u00ed o dokonalost. Jsme v\u00edce ne\u017e jen dodavatelem; jsme partnerem ve va\u0161em v\u00fdzkumu. M\u016f\u017eete <b>koupit u Chemgramx<\/b> a spolehnout se na prvot\u0159\u00eddn\u00ed slu\u017eby a bezkonkuren\u010dn\u00ed kvalitu produkt\u016f. T\u011b\u0161\u00edme se, \u017ee v\u00e1m budeme moci pomoci s va\u0161imi dal\u0161\u00edmi v\u00fdzkumn\u00fdmi projekty.<\/p>","protected":false},"excerpt":{"rendered":"<p><b>Zelen\u00e9 lahve Heineken 230mg MDMA<\/b> \u2013 nyn\u00ed <b>objednat online<\/b> u Chemgramx. N\u00e1\u0161 produkt p\u0159esv\u011bd\u010d\u00ed:<\/p>\n<ul>\n<li><b>Nejvy\u0161\u0161\u00ed \u010distota<\/b> pro p\u0159esn\u00fd v\u00fdzkum.<\/li>\n<li>P\u0159esn\u011bj\u0161\u00ed <b>D\u00e1vka 230 mg<\/b> za l\u00e1hev.<\/li>\n<li><b>Kvalita v\u00fdzkumu<\/b>, testov\u00e1no v laborato\u0159i a ov\u011b\u0159eno.<\/li>\n<li>Ide\u00e1ln\u00ed pro v\u011bdeck\u00e9 studie a anal\u00fdzy.<\/li>\n<\/ul>\n<p>Z\u00edskejte <b>autentick\u00e9 MDMA<\/b> bezpe\u010dn\u00fd a d\u016fv\u011bryhodn\u00fd.<\/p>","protected":false},"featured_media":8027,"comment_status":"open","ping_status":"closed","template":"","meta":{"_joinchat":[]},"product_brand":[],"product_cat":[2846],"product_tag":[2518,2014,2517,2521,2520,2519,2017,2164,2018,2015],"class_list":{"0":"post-7985","1":"product","2":"type-product","3":"status-publish","4":"has-post-thumbnail","6":"product_cat-ecstasy-pills","7":"product_tag-230mg-mdma","8":"product_tag-230mg-mdma-kaufen","9":"product_tag-green-heineken-mdma","10":"product_tag-heineken-mdma-230mg","11":"product_tag-heineken-mdma-kaufen","12":"product_tag-mdma-green-heineken","13":"product_tag-mdma-kristalle","14":"product_tag-mdma-online-kaufen","15":"product_tag-mdma-zum-verkauf","16":"product_tag-synthetische-drogen","18":"first","19":"instock","20":"shipping-taxable","21":"purchasable","22":"product-type-variable"},"yoast_head":"<!-- This site is optimized with the Yoast SEO plugin v27.5 - https:\/\/yoast.com\/product\/yoast-seo-wordpress\/ -->\n<title>MDMA bestellen - 230mg Reinheit (Online kaufen)<\/title>\n<meta name=\"description\" content=\"Green Heineken Bottles 230mg MDMA online bestellen. Top-Qualit\u00e4t und hohe Reinheit f\u00fcr Ihre Forschung. Sicher MDMA in Laborqualit\u00e4t bei Chemgramx erwerben.\" \/>\n<meta name=\"robots\" content=\"index, follow, max-snippet:-1, max-image-preview:large, max-video-preview:-1\" \/>\n<link rel=\"canonical\" href=\"https:\/\/chemgramx.com\/cs\/produkt-1\/zeleny-heineken-lahve-230mg-mdma-online-objednavka\/\" \/>\n<meta property=\"og:locale\" content=\"cs_CZ\" \/>\n<meta property=\"og:type\" content=\"article\" \/>\n<meta property=\"og:title\" content=\"MDMA bestellen - 230mg Reinheit (Online kaufen)\" \/>\n<meta property=\"og:description\" content=\"Green Heineken Bottles 230mg MDMA online bestellen. Top-Qualit\u00e4t und hohe Reinheit f\u00fcr Ihre Forschung. Sicher MDMA in Laborqualit\u00e4t bei Chemgramx erwerben.\" \/>\n<meta property=\"og:url\" content=\"https:\/\/chemgramx.com\/cs\/produkt-1\/zeleny-heineken-lahve-230mg-mdma-online-objednavka\/\" \/>\n<meta property=\"og:site_name\" content=\"Chemgramx\" \/>\n<meta property=\"article:modified_time\" content=\"2025-12-10T17:34:13+00:00\" \/>\n<meta property=\"og:image\" content=\"https:\/\/chemgramx.com\/wp-content\/uploads\/2025\/11\/p17-1-1.png\" \/>\n\t<meta property=\"og:image:width\" content=\"600\" \/>\n\t<meta property=\"og:image:height\" content=\"400\" \/>\n\t<meta property=\"og:image:type\" content=\"image\/png\" \/>\n<meta name=\"twitter:card\" content=\"summary_large_image\" \/>\n<meta name=\"twitter:label1\" content=\"Odhadovan\u00e1 doba \u010dten\u00ed\" \/>\n\t<meta name=\"twitter:data1\" content=\"6 minut\" \/>\n<script type=\"application\/ld+json\" class=\"yoast-schema-graph\">{\"@context\":\"https:\\\/\\\/schema.org\",\"@graph\":[{\"@type\":\"WebPage\",\"@id\":\"https:\\\/\\\/chemgramx.com\\\/product\\\/green-heineken-bottles-230mg-mdma-online-bestellung\\\/\",\"url\":\"https:\\\/\\\/chemgramx.com\\\/product\\\/green-heineken-bottles-230mg-mdma-online-bestellung\\\/\",\"name\":\"MDMA bestellen - 230mg Reinheit (Online kaufen)\",\"isPartOf\":{\"@id\":\"https:\\\/\\\/chemgramx.com\\\/#website\"},\"primaryImageOfPage\":{\"@id\":\"https:\\\/\\\/chemgramx.com\\\/product\\\/green-heineken-bottles-230mg-mdma-online-bestellung\\\/#primaryimage\"},\"image\":{\"@id\":\"https:\\\/\\\/chemgramx.com\\\/product\\\/green-heineken-bottles-230mg-mdma-online-bestellung\\\/#primaryimage\"},\"thumbnailUrl\":\"https:\\\/\\\/chemgramx.com\\\/wp-content\\\/uploads\\\/2025\\\/11\\\/p17-1-1.png\",\"datePublished\":\"2025-11-21T16:44:47+00:00\",\"dateModified\":\"2025-12-10T17:34:13+00:00\",\"description\":\"Green Heineken Bottles 230mg MDMA online bestellen. Top-Qualit\u00e4t und hohe Reinheit f\u00fcr Ihre Forschung. Sicher MDMA in Laborqualit\u00e4t bei Chemgramx erwerben.\",\"breadcrumb\":{\"@id\":\"https:\\\/\\\/chemgramx.com\\\/product\\\/green-heineken-bottles-230mg-mdma-online-bestellung\\\/#breadcrumb\"},\"inLanguage\":\"cs\",\"potentialAction\":[{\"@type\":\"ReadAction\",\"target\":[\"https:\\\/\\\/chemgramx.com\\\/product\\\/green-heineken-bottles-230mg-mdma-online-bestellung\\\/\"]}]},{\"@type\":\"ImageObject\",\"inLanguage\":\"cs\",\"@id\":\"https:\\\/\\\/chemgramx.com\\\/product\\\/green-heineken-bottles-230mg-mdma-online-bestellung\\\/#primaryimage\",\"url\":\"https:\\\/\\\/chemgramx.com\\\/wp-content\\\/uploads\\\/2025\\\/11\\\/p17-1-1.png\",\"contentUrl\":\"https:\\\/\\\/chemgramx.com\\\/wp-content\\\/uploads\\\/2025\\\/11\\\/p17-1-1.png\",\"width\":600,\"height\":400},{\"@type\":\"BreadcrumbList\",\"@id\":\"https:\\\/\\\/chemgramx.com\\\/product\\\/green-heineken-bottles-230mg-mdma-online-bestellung\\\/#breadcrumb\",\"itemListElement\":[{\"@type\":\"ListItem\",\"position\":1,\"name\":\"Home\",\"item\":\"https:\\\/\\\/chemgramx.com\\\/\"},{\"@type\":\"ListItem\",\"position\":2,\"name\":\"Shop\",\"item\":\"https:\\\/\\\/chemgramx.com\\\/shop\\\/\"},{\"@type\":\"ListItem\",\"position\":3,\"name\":\"MDMA bestellen &#8211; 230mg Reinheit (Online kaufen)\"}]},{\"@type\":\"WebSite\",\"@id\":\"https:\\\/\\\/chemgramx.com\\\/#website\",\"url\":\"https:\\\/\\\/chemgramx.com\\\/\",\"name\":\"Chemgramx\",\"description\":\"\",\"publisher\":{\"@id\":\"https:\\\/\\\/chemgramx.com\\\/#organization\"},\"potentialAction\":[{\"@type\":\"SearchAction\",\"target\":{\"@type\":\"EntryPoint\",\"urlTemplate\":\"https:\\\/\\\/chemgramx.com\\\/?s={search_term_string}\"},\"query-input\":{\"@type\":\"PropertyValueSpecification\",\"valueRequired\":true,\"valueName\":\"search_term_string\"}}],\"inLanguage\":\"cs\"},{\"@type\":\"Organization\",\"@id\":\"https:\\\/\\\/chemgramx.com\\\/#organization\",\"name\":\"Chemgramx\",\"url\":\"https:\\\/\\\/chemgramx.com\\\/\",\"logo\":{\"@type\":\"ImageObject\",\"inLanguage\":\"cs\",\"@id\":\"https:\\\/\\\/chemgramx.com\\\/#\\\/schema\\\/logo\\\/image\\\/\",\"url\":\"https:\\\/\\\/chemgramx.com\\\/wp-content\\\/uploads\\\/2024\\\/10\\\/final-logo.png\",\"contentUrl\":\"https:\\\/\\\/chemgramx.com\\\/wp-content\\\/uploads\\\/2024\\\/10\\\/final-logo.png\",\"width\":250,\"height\":48,\"caption\":\"Chemgramx\"},\"image\":{\"@id\":\"https:\\\/\\\/chemgramx.com\\\/#\\\/schema\\\/logo\\\/image\\\/\"}}]}<\/script>\n<!-- \/ Yoast SEO plugin. -->","yoast_head_json":{"title":"Objednat MDMA \u2013 \u010distota 230 mg (koupit online)","description":"Objednejte si online zelen\u00e9 l\u00e1hve Heineken 230 mg MDMA. \u0160pi\u010dkov\u00e1 kvalita a vysok\u00e1 \u010distota pro v\u00e1\u0161 v\u00fdzkum. Nakupujte bezpe\u010dn\u011b MDMA v laboratorn\u00ed kvalit\u011b u Chemgramx.","robots":{"index":"index","follow":"follow","max-snippet":"max-snippet:-1","max-image-preview":"max-image-preview:large","max-video-preview":"max-video-preview:-1"},"canonical":"https:\/\/chemgramx.com\/cs\/produkt-1\/zeleny-heineken-lahve-230mg-mdma-online-objednavka\/","og_locale":"cs_CZ","og_type":"article","og_title":"MDMA bestellen - 230mg Reinheit (Online kaufen)","og_description":"Green Heineken Bottles 230mg MDMA online bestellen. Top-Qualit\u00e4t und hohe Reinheit f\u00fcr Ihre Forschung. Sicher MDMA in Laborqualit\u00e4t bei Chemgramx erwerben.","og_url":"https:\/\/chemgramx.com\/cs\/produkt-1\/zeleny-heineken-lahve-230mg-mdma-online-objednavka\/","og_site_name":"Chemgramx","article_modified_time":"2025-12-10T17:34:13+00:00","og_image":[{"width":600,"height":400,"url":"https:\/\/chemgramx.com\/wp-content\/uploads\/2025\/11\/p17-1-1.png","type":"image\/png"}],"twitter_card":"summary_large_image","twitter_misc":{"Odhadovan\u00e1 doba \u010dten\u00ed":"6 minut"},"schema":{"@context":"https:\/\/schema.org","@graph":[{"@type":"WebPage","@id":"https:\/\/chemgramx.com\/product\/green-heineken-bottles-230mg-mdma-online-bestellung\/","url":"https:\/\/chemgramx.com\/product\/green-heineken-bottles-230mg-mdma-online-bestellung\/","name":"Objednat MDMA \u2013 \u010distota 230 mg (koupit online)","isPartOf":{"@id":"https:\/\/chemgramx.com\/#website"},"primaryImageOfPage":{"@id":"https:\/\/chemgramx.com\/product\/green-heineken-bottles-230mg-mdma-online-bestellung\/#primaryimage"},"image":{"@id":"https:\/\/chemgramx.com\/product\/green-heineken-bottles-230mg-mdma-online-bestellung\/#primaryimage"},"thumbnailUrl":"https:\/\/chemgramx.com\/wp-content\/uploads\/2025\/11\/p17-1-1.png","datePublished":"2025-11-21T16:44:47+00:00","dateModified":"2025-12-10T17:34:13+00:00","description":"Objednejte si online zelen\u00e9 l\u00e1hve Heineken 230 mg MDMA. \u0160pi\u010dkov\u00e1 kvalita a vysok\u00e1 \u010distota pro v\u00e1\u0161 v\u00fdzkum. Nakupujte bezpe\u010dn\u011b MDMA v laboratorn\u00ed kvalit\u011b u Chemgramx.","breadcrumb":{"@id":"https:\/\/chemgramx.com\/product\/green-heineken-bottles-230mg-mdma-online-bestellung\/#breadcrumb"},"inLanguage":"cs","potentialAction":[{"@type":"ReadAction","target":["https:\/\/chemgramx.com\/product\/green-heineken-bottles-230mg-mdma-online-bestellung\/"]}]},{"@type":"ImageObject","inLanguage":"cs","@id":"https:\/\/chemgramx.com\/product\/green-heineken-bottles-230mg-mdma-online-bestellung\/#primaryimage","url":"https:\/\/chemgramx.com\/wp-content\/uploads\/2025\/11\/p17-1-1.png","contentUrl":"https:\/\/chemgramx.com\/wp-content\/uploads\/2025\/11\/p17-1-1.png","width":600,"height":400},{"@type":"BreadcrumbList","@id":"https:\/\/chemgramx.com\/product\/green-heineken-bottles-230mg-mdma-online-bestellung\/#breadcrumb","itemListElement":[{"@type":"ListItem","position":1,"name":"Home","item":"https:\/\/chemgramx.com\/"},{"@type":"ListItem","position":2,"name":"Shop","item":"https:\/\/chemgramx.com\/shop\/"},{"@type":"ListItem","position":3,"name":"MDMA bestellen &#8211; 230mg Reinheit (Online kaufen)"}]},{"@type":"WebSite","@id":"https:\/\/chemgramx.com\/#website","url":"https:\/\/chemgramx.com\/","name":"Chemgramx","description":"","publisher":{"@id":"https:\/\/chemgramx.com\/#organization"},"potentialAction":[{"@type":"SearchAction","target":{"@type":"EntryPoint","urlTemplate":"https:\/\/chemgramx.com\/?s={search_term_string}"},"query-input":{"@type":"PropertyValueSpecification","valueRequired":true,"valueName":"search_term_string"}}],"inLanguage":"cs"},{"@type":"Organization","@id":"https:\/\/chemgramx.com\/#organization","name":"Chemgramx","url":"https:\/\/chemgramx.com\/","logo":{"@type":"ImageObject","inLanguage":"cs","@id":"https:\/\/chemgramx.com\/#\/schema\/logo\/image\/","url":"https:\/\/chemgramx.com\/wp-content\/uploads\/2024\/10\/final-logo.png","contentUrl":"https:\/\/chemgramx.com\/wp-content\/uploads\/2024\/10\/final-logo.png","width":250,"height":48,"caption":"Chemgramx"},"image":{"@id":"https:\/\/chemgramx.com\/#\/schema\/logo\/image\/"}}]}},"_links":{"self":[{"href":"https:\/\/chemgramx.com\/cs\/wp-json\/wp\/v2\/product\/7985","targetHints":{"allow":["GET"]}}],"collection":[{"href":"https:\/\/chemgramx.com\/cs\/wp-json\/wp\/v2\/product"}],"about":[{"href":"https:\/\/chemgramx.com\/cs\/wp-json\/wp\/v2\/types\/product"}],"replies":[{"embeddable":true,"href":"https:\/\/chemgramx.com\/cs\/wp-json\/wp\/v2\/comments?post=7985"}],"wp:featuredmedia":[{"embeddable":true,"href":"https:\/\/chemgramx.com\/cs\/wp-json\/wp\/v2\/media\/8027"}],"wp:attachment":[{"href":"https:\/\/chemgramx.com\/cs\/wp-json\/wp\/v2\/media?parent=7985"}],"wp:term":[{"taxonomy":"product_brand","embeddable":true,"href":"https:\/\/chemgramx.com\/cs\/wp-json\/wp\/v2\/product_brand?post=7985"},{"taxonomy":"product_cat","embeddable":true,"href":"https:\/\/chemgramx.com\/cs\/wp-json\/wp\/v2\/product_cat?post=7985"},{"taxonomy":"product_tag","embeddable":true,"href":"https:\/\/chemgramx.com\/cs\/wp-json\/wp\/v2\/product_tag?post=7985"}],"curies":[{"name":"wp","href":"https:\/\/api.w.org\/{rel}","templated":true}]}}