{"id":7990,"date":"2025-11-21T16:44:50","date_gmt":"2025-11-21T16:44:50","guid":{"rendered":"https:\/\/chemgramx.com\/?post_type=product&#038;p=7990"},"modified":"2025-12-09T11:03:14","modified_gmt":"2025-12-09T11:03:14","slug":"koupit-mexedrone-online","status":"publish","type":"product","link":"https:\/\/chemgramx.com\/cs\/product\/mexedrone-online-kaufen\/","title":{"rendered":"Mexedron Kopen \u2013 \u010cistota (vysok\u00e1 kvalita)"},"content":{"rendered":"<p>Vyhled\u00e1v\u00e1n\u00ed <b>Mexedron<\/b> nejvy\u0161\u0161\u00ed \u010distoty a kvality? Ve spole\u010dnosti Chemgramx v\u00e1m nab\u00edz\u00edme tuto mo\u017enost, <b>Mexedron na prodej<\/b> kter\u00e1 podl\u00e9h\u00e1 p\u0159\u00edsn\u00fdm kontrol\u00e1m kvality. Zavazujeme se poskytovat chemik\u00e1lie, kter\u00e9 spl\u0148uj\u00ed nejvy\u0161\u0161\u00ed standardy pro v\u00fdzkumn\u00e9 \u00fa\u010dely. Ch\u00e1peme pot\u0159ebu p\u0159esnosti a spolehlivosti ve v\u011bdeck\u00e9 komunit\u011b. Proto zaji\u0161\u0165ujeme, aby ka\u017ed\u00e1 \u0161ar\u017ee <b>\u0160pi\u010dkov\u00e1 kvalita Mexedron<\/b> poskytuje konzistentn\u00ed a reprodukovateln\u00e9 v\u00fdsledky.<\/p>\n<p>Jsme hrd\u00ed na to, \u017ee v\u00e1m m\u016f\u017eeme nab\u00eddnout <b>nejlep\u0161\u00ed dostupn\u00fd Mexedron<\/b>, nab\u00edzet. Pokud jste <b>Mexedron online<\/b> jste na spr\u00e1vn\u00e9m m\u00edst\u011b. N\u00e1\u0161 proces je navr\u017een tak, aby bylo z\u00edsk\u00e1v\u00e1n\u00ed v\u011bdeck\u00fdch materi\u00e1l\u016f co nejjednodu\u0161\u0161\u00ed a nejefektivn\u011bj\u0161\u00ed. M\u016f\u017eete si b\u00fdt jisti, \u017ee <b>autentick\u00fd Mexedron<\/b> kter\u00fd je vhodn\u00fd pro n\u00e1ro\u010dn\u00e9 aplikace.<\/p>\n<h2>Pro\u010d si vybrat Mexedron od spole\u010dnosti Chemgramx?<\/h2>\n<p>V\u00fdb\u011br spr\u00e1vn\u00e9ho dodavatele v\u00fdzkumn\u00fdch chemik\u00e1li\u00ed je velmi d\u016fle\u017eit\u00fd. Spole\u010dnost Chemgramx se etablovala jako d\u016fv\u011bryhodn\u00e1 zna\u010dka zam\u011b\u0159en\u00e1 na poskytov\u00e1n\u00ed produkt\u016f, kter\u00e9 zaru\u010duj\u00ed \u010distotu a \u00fa\u010dinnost. N\u00e1\u0161 sortiment je pe\u010dliv\u011b vyb\u00edr\u00e1n tak, aby vyhovoval pot\u0159eb\u00e1m v\u00fdzkumn\u00fdch pracovn\u00edk\u016f, akademik\u016f a laborato\u0159\u00ed po cel\u00e9m sv\u011bt\u011b. Krom\u011b toho se zavazujeme poskytovat v\u00fdjime\u010dn\u00fd z\u00e1kaznick\u00fd servis, kter\u00fd podpo\u0159\u00ed va\u0161e v\u011bdeck\u00e9 \u00fasil\u00ed.<\/p>\n<p>Pokud jste <b>Mexedron na prodej<\/b> Spole\u010dnost Chemgramx je va\u0161\u00edm prvn\u00edm p\u0159\u00edstavem. Cen\u00edme si transparentnosti a spokojenosti z\u00e1kazn\u00edk\u016f. M\u016f\u017eete se spolehnout na to, \u017ee produkty, kter\u00e9 nab\u00edz\u00edme od <b>nejvy\u0161\u0161\u00ed \u010distoty na prodej<\/b> stojan. D\u00edky tomu mohou b\u00fdt va\u0161e experimenty a anal\u00fdzy prov\u00e1d\u011bny na pevn\u00e9m z\u00e1klad\u011b. Integrita va\u0161eho v\u00fdzkumu je na\u0161\u00ed nejvy\u0161\u0161\u00ed prioritou.<\/p>\n<h3>Pou\u017eit\u00ed a vlastnosti p\u0159\u00edpravku Mexedron<\/h3>\n<p>Mexedron je l\u00e1tka, kter\u00e1 p\u0159itahuje pozornost v r\u016fzn\u00fdch oblastech v\u011bdeck\u00e9ho v\u00fdzkumu. Jeho chemick\u00e1 struktura a potenci\u00e1ln\u00ed vlastnosti z n\u011bj \u010din\u00ed zaj\u00edmavou molekulu pro studium v oblastech, jako je l\u00e9ka\u0159sk\u00e1 chemie a materi\u00e1lov\u00e1 v\u011bda. V\u011bdci ji \u010dasto vyu\u017e\u00edvaj\u00ed k testov\u00e1n\u00ed nov\u00fdch hypot\u00e9z a k roz\u0161\u00ed\u0159en\u00ed znalost\u00ed o specifick\u00fdch biochemick\u00fdch drah\u00e1ch. P\u0159esn\u00e1 charakterizace jeho vlastnost\u00ed je ve v\u011bdeck\u00e9 komunit\u011b st\u00e1le prob\u00edhaj\u00edc\u00edm procesem.<\/p>\n<p>P\u0159i pr\u00e1ci s chemick\u00fdmi slou\u010deninami je nezbytn\u00e9 zn\u00e1t specifick\u00e9 vlastnosti jednotliv\u00fdch l\u00e1tek. To plat\u00ed zejm\u00e9na v p\u0159\u00edpad\u011b, \u017ee <b>Mexedron online<\/b>. \u010cistota materi\u00e1lu m\u016f\u017ee v\u00fdznamn\u011b ovlivnit v\u00fdsledky va\u0161ich experiment\u016f. Z tohoto d\u016fvodu spole\u010dnost Chemgramx nab\u00edz\u00ed pouze produkty, kter\u00e9 spl\u0148uj\u00ed na\u0161e p\u0159\u00edsn\u00e9 normy \u010distoty. To je podstatnou sou\u010d\u00e1st\u00ed na\u0161eho slibu, <b>V\u00fdzkumn\u00e9 materi\u00e1ly nejvy\u0161\u0161\u00ed kvality<\/b> dodat.<\/p>\n<p>V\u011bdeck\u00fd v\u00fdzkum vy\u017eaduje spolehliv\u00e9 a konzistentn\u00ed materi\u00e1ly. Pokud <b>nejlep\u0161\u00ed dostupn\u00fd Mexedron<\/b>, se m\u016f\u017eete spolehnout na spole\u010dnost Chemgramx. Ch\u00e1peme d\u016fle\u017eitost p\u0159esnosti va\u0161\u00ed pr\u00e1ce. Proto db\u00e1me na to, aby na\u0161e v\u00fdrobky tyto po\u017eadavky spl\u0148ovaly. D\u016fv\u011bra, kterou na\u0161i z\u00e1kazn\u00edci vkl\u00e1daj\u00ed do na\u0161ich v\u00fdrobk\u016f, je pro n\u00e1s d\u016fle\u017eit\u00e1 a neust\u00e1le pracujeme na tom, abychom si ji zaslou\u017eili.<\/p>\n<ul>\n<li><b>Vysok\u00e1 \u010distota:<\/b> N\u00e1\u0161 mexedron je pe\u010dliv\u011b testov\u00e1n na \u010distotu, aby bylo zaji\u0161t\u011bno, \u017ee je vhodn\u00fd pro n\u00e1ro\u010dn\u00e9 v\u00fdzkumn\u00e9 aplikace.<\/li>\n<li><b>Konzistentn\u00ed kvalita:<\/b> Zaru\u010dujeme st\u00e1lou kvalitu ka\u017ed\u00e9 dod\u00e1vky, abyste se mohli spolehnout na sv\u00e9 v\u00fdsledky.<\/li>\n<li><b>Vhodn\u00e9 pro v\u00fdzkum:<\/b> Produkty, kter\u00e9 nab\u00edz\u00edme, jsou speci\u00e1ln\u011b navr\u017eeny pro pou\u017eit\u00ed ve v\u011bdeck\u00fdch laborato\u0159\u00edch.<\/li>\n<\/ul>\n<h3>Pro\u010d je v\u00fdb\u011br spr\u00e1vn\u00fdch chemik\u00e1li\u00ed tak d\u016fle\u017eit\u00fd?<\/h3>\n<p>Poctivost v\u011bdeck\u00e9ho v\u00fdzkumu do zna\u010dn\u00e9 m\u00edry z\u00e1vis\u00ed na kvalit\u011b pou\u017eit\u00fdch materi\u00e1l\u016f. Kontaminovan\u00e9 nebo nekvalitn\u00ed chemick\u00e9 l\u00e1tky mohou v\u00e9st k zav\u00e1d\u011bj\u00edc\u00edm v\u00fdsledk\u016fm, kter\u00e9 znamenaj\u00ed ztr\u00e1tu cenn\u00e9ho \u010dasu a zdroj\u016f. Proto je z\u00e1sadn\u00ed z\u00edsk\u00e1vat chemick\u00e9 l\u00e1tky od d\u016fv\u011bryhodn\u00fdch dodavatel\u016f, jako je spole\u010dnost Chemgramx. Pokud <b>autentick\u00fd Mexedron<\/b> zajist\u00edme, abyste obdr\u017eeli produkt, kter\u00fd spl\u0148uje specifikace.<\/p>\n<p>V\u00edme, \u017ee naj\u00edt specifick\u00e9 v\u00fdzkumn\u00e9 chemick\u00e9 l\u00e1tky m\u016f\u017ee b\u00fdt probl\u00e9m. Proto jsme n\u00e1\u0161 proces navrhli tak, aby byl pro v\u00e1s co nejhlad\u0161\u00ed. Pokud <b>Mexedron na prodej<\/b> m\u016f\u017eete se spolehnout, \u017ee v\u00e1\u0161 dotaz vy\u0159\u00edd\u00edme rychle a efektivn\u011b. D\u00edky na\u0161im odborn\u00fdm znalostem v oblasti chemick\u00fdch v\u00fdrobk\u016f v\u00e1m m\u016f\u017eeme poskytnout to, co pot\u0159ebujete.<\/p>\n<p>Krom\u011b toho je nezbytn\u00e9 dodr\u017eovat pr\u016fmyslov\u00e9 normy. Pokud <b>Mexedron online<\/b>, m\u016f\u017eete si b\u00fdt jisti, \u017ee se jedn\u00e1 o v\u00fdrobek, kter\u00fd byl zpracov\u00e1n s p\u00e9\u010d\u00ed a odbornost\u00ed. To je sou\u010d\u00e1st\u00ed na\u0161eho z\u00e1vazku k dokonalosti. Chceme, abyste byli spokojeni s ka\u017ed\u00fdm aspektem va\u0161\u00ed zku\u0161enosti s n\u00e1mi. Bezpe\u010dnost a spolehlivost n\u00e1mi nab\u00edzen\u00fdch v\u00fdrobk\u016f jsou pro n\u00e1s prvo\u0159ad\u00e9.<\/p>\n<h3>N\u00e1\u0161 z\u00e1vazek ke kvalit\u011b<\/h3>\n<p>Ve spole\u010dnosti Chemgramx nen\u00ed kvalita dopl\u0148kem, ale j\u00e1drem na\u0161eho podnik\u00e1n\u00ed. Ch\u00e1peme, jak z\u00e1sadn\u00ed roli hraj\u00ed chemick\u00e9 l\u00e1tky p\u0159i v\u011bdeck\u00fdch objevech. Proto pou\u017e\u00edv\u00e1me p\u0159\u00edsn\u00e9 postupy kontroly kvality. Tak\u017ee kdy\u017e <b>\u0160pi\u010dkov\u00e1 kvalita Mexedron<\/b> m\u016f\u017eete si b\u00fdt jisti, \u017ee byl d\u016fkladn\u011b otestov\u00e1n. To plat\u00ed pro v\u0161echny na\u0161e v\u00fdrobky, v\u010detn\u011b t\u011bch, kter\u00e9 jsou ur\u010deny pro speci\u00e1ln\u00ed v\u00fdzkumn\u00e9 \u00fa\u010dely. Nab\u00edz\u00edme v\u00e1m <b>Laboratorn\u00ed kvalita na prodej<\/b> na.<\/p>\n<p>Na\u0161\u00edm c\u00edlem je p\u0159ekonat o\u010dek\u00e1v\u00e1n\u00ed na\u0161ich z\u00e1kazn\u00edk\u016f. Toho dosahujeme neust\u00e1l\u00fdm zlep\u0161ov\u00e1n\u00edm na\u0161ich proces\u016f a v\u00fdb\u011brem nejlep\u0161\u00edch dostupn\u00fdch surovin. Kdy\u017e se rozhodnete, <b>Mexedron online<\/b>, vyberte si partnera, kter\u00fd se zasad\u00ed o v\u00e1\u0161 \u00fasp\u011bch. Sna\u017e\u00edme se v\u00e1m poskytnout ty nejlep\u0161\u00ed mo\u017en\u00e9 materi\u00e1ly pro va\u0161i cennou v\u00fdzkumnou pr\u00e1ci.<\/p>\n<p>Krom\u011b toho nab\u00edz\u00edme i dal\u0161\u00ed vysoce \u010dist\u00e9 chemik\u00e1lie pro va\u0161e v\u00fdzkumn\u00e9 pot\u0159eby. Pokud se zaj\u00edm\u00e1te o chemick\u00e9 slou\u010deniny pro farmaceutick\u00fd v\u00fdzkum, mohly by v\u00e1s nap\u0159\u00edklad zaj\u00edmat tyto produkty <a href=\"https:\/\/chemgramx.com\/product\/oxycontin-oc-40mg\/\">Oxycontin OC 40mg<\/a> m\u016f\u017ee b\u00fdt dal\u0161\u00ed mo\u017enost\u00ed, kterou byste cht\u011bli zv\u00e1\u017eit. Sna\u017e\u00edme se nab\u00edzet komplexn\u00ed sortiment, kter\u00fd spl\u0148uje rozmanit\u00e9 po\u017eadavky modern\u00ed v\u011bdy. Proto je d\u016fle\u017eit\u00e9, abyste p\u0159i v\u00fdb\u011bru hledali kvalitu. <b>Mexedron na prodej<\/b> z\u00edskat.<\/p>\n<h3>Bezpe\u010dn\u00e9 a spolehliv\u00e9 z\u00e1sobov\u00e1n\u00ed<\/h3>\n<p>Uv\u011bdomujeme si, \u017ee n\u00e1kup v\u011bdeck\u00fdch chemik\u00e1li\u00ed vy\u017eaduje d\u016fv\u011bru. Proto spole\u010dnost Chemgramx zavedla procesy, kter\u00e9 zaji\u0161\u0165uj\u00ed, \u017ee <b>bezpe\u010dn\u00e9 z\u00e1sobov\u00e1n\u00ed<\/b> aby byla zaru\u010dena nejvy\u0161\u0161\u00ed kvalita. Ka\u017ed\u00fd krok, od n\u00e1kupu a\u017e po manipulaci, je prov\u00e1d\u011bn s maxim\u00e1ln\u00ed p\u00e9\u010d\u00ed. Pokud <b>autentick\u00fd Mexedron<\/b> m\u016f\u017eete si b\u00fdt jisti, \u017ee spl\u0148uje nejvy\u0161\u0161\u00ed standardy. Na\u0161e spolehlivost je z\u00e1kladem na\u0161\u00ed pov\u011bsti.<\/p>\n<p>Sna\u017e\u00edme se v\u00e1m usnadnit proces z\u00edsk\u00e1v\u00e1n\u00ed v\u00fdzkumn\u00fdch materi\u00e1l\u016f. Pokud <b>Mexedron online<\/b>, se m\u016f\u017eete spolehnout na na\u0161e odborn\u00e9 znalosti. Nab\u00edz\u00edme v\u00e1m <b>V\u00fdzkumn\u00e9 materi\u00e1ly nejvy\u0161\u0161\u00ed kvality<\/b>, kter\u00e9 jsou pro va\u0161e experimenty nezbytn\u00e9. Na\u0161\u00edm c\u00edlem je poskytnout v\u00e1m bezprobl\u00e9mov\u00e9 slu\u017eby, abyste se mohli soust\u0159edit na sv\u016fj v\u00fdzkum. D\u00edky tomu jsme pro va\u0161e pot\u0159eby tou nejlep\u0161\u00ed volbou.<\/p>\n<p>Krom\u011b p\u0159\u00edpravku Mexedron nab\u00edz\u00edme \u0161irokou \u0161k\u00e1lu dal\u0161\u00edch chemick\u00fdch produkt\u016f. Pokud hled\u00e1te konkr\u00e9tn\u00ed slou\u010deniny, doporu\u010dujeme v\u00e1m prozkoumat n\u00e1\u0161 sortiment. Pokud se zaj\u00edm\u00e1te o chemick\u00e9 l\u00e1tky pro v\u00fdzkum, mohly by v\u00e1s nap\u0159\u00edklad zaj\u00edmat tyto produkty <a href=\"https:\/\/chemgramx.com\/product\/mexedrone-online-kaufen\/\">Koupit Mexedron online<\/a> m\u016f\u017ee b\u00fdt dal\u0161\u00edm relevantn\u00edm vyhled\u00e1v\u00e1n\u00edm. Sna\u017e\u00edme se poskytnout komplexn\u00ed v\u00fdb\u011br pro v\u0161echny va\u0161e v\u011bdeck\u00e9 po\u017eadavky.<\/p>\n<h3>Pro\u010d \u201aKoupit online nyn\u00ed\u2018 u spole\u010dnosti Chemgramx?<\/h3>\n<p>Rozhodnut\u00ed, <b>koupit nyn\u00ed online<\/b>, je volbou pro kvalitu, \u010distotu a spolehlivost. Ve spole\u010dnosti Chemgramx se v\u00e1m sna\u017e\u00edme poskytnout bezkonkuren\u010dn\u00ed n\u00e1kupn\u00ed z\u00e1\u017eitek. Kdy\u017e <b>Mexedron na prodej<\/b> od n\u00e1s, vyb\u00edr\u00e1te si produkt, kter\u00fd pro\u0161el p\u0159\u00edsn\u00fdm testov\u00e1n\u00edm. Proto obdr\u017e\u00edte <b>Vysoce kvalitn\u00ed Mexedron<\/b>, kter\u00fd spl\u0148uje va\u0161e v\u011bdeck\u00e9 po\u017eadavky. To je n\u00e1\u0161 slib.<\/p>\n<p>N\u00e1\u0161 z\u00e1vazek k dokonalosti p\u0159esahuje r\u00e1mec na\u0161ich v\u00fdrobk\u016f. Poskytujeme v\u00fdjime\u010dn\u00fd z\u00e1kaznick\u00fd servis, abychom zajistili, \u017ee v\u0161echny va\u0161e ot\u00e1zky budou zodpov\u011bzeny a \u017ee dostanete pot\u0159ebnou podporu. Kdy\u017e <b>Mexedron online<\/b>, se m\u016f\u017eete spolehnout na hladk\u00fd a efektivn\u00ed pr\u016fb\u011bh transakce. Spolehn\u011bte se na spole\u010dnost Chemgramx pro v\u0161echny sv\u00e9 v\u00fdzkumn\u00e9 pot\u0159eby. Jsme v\u00e1\u0161 d\u016fv\u011bryhodn\u00fd partner.<\/p>\n<p>V\u00fdb\u011br spole\u010dnosti Chemgramx znamen\u00e1 v\u00fdb\u011br dodavatele, kter\u00fd ch\u00e1pe d\u016fle\u017eitost p\u0159esnosti a d\u016fslednosti ve v\u011bdeck\u00e9m v\u00fdzkumu. Jsme na to hrd\u00ed, <b>nejlep\u0161\u00ed dostupn\u00fd Mexedron<\/b>, nab\u00eddnout. T\u00edm je zaji\u0161t\u011bno, \u017ee v\u00e1\u0161 v\u00fdzkum bude zalo\u017een na nejsolidn\u011bj\u0161\u00edch dostupn\u00fdch materi\u00e1lech. Je d\u016fle\u017eit\u00e9 v\u011bnovat pozornost kvalit\u011b, kdy\u017e si <b>autentick\u00fd Mexedron<\/b> z\u00edskat.<\/p>\n<h4>Souhrnn\u00e9 znaky kvality<\/h4>\n<ul>\n<li>Z\u00e1ruka \u010distoty pro v\u00fdzkumn\u00e9 \u00fa\u010dely<\/li>\n<li>D\u00e1vkov\u00e1 konzistence pro reprodukovateln\u00e9 v\u00fdsledky<\/li>\n<li>Komplexn\u00ed kontroly kvality<\/li>\n<li>Speci\u00e1ln\u011b vyvinut\u00e9 pro v\u011bdeck\u00e9 aplikace<\/li>\n<\/ul>\n<p>Souhrnn\u011b \u0159e\u010deno, Chemgramx je preferovan\u00fdm zdrojem pro v\u00fdzkumn\u00e9 pracovn\u00edky, kte\u0159\u00ed hledaj\u00ed <b>Mexedron na prodej<\/b> hledaj\u00ed. Nab\u00edz\u00edme <b>Vysoce kvalitn\u00ed Mexedron<\/b>\u017ee <b>Laboratorn\u00ed kvalita na prodej<\/b> a je podpo\u0159ena na\u0161\u00edm neochv\u011bjn\u00fdm z\u00e1vazkem k dokonalosti. Pokud jste <b>Mexedron online<\/b>, vyb\u00edr\u00e1te produkt, kter\u00fd spl\u0148uje nejvy\u0161\u0161\u00ed v\u011bdeck\u00e9 standardy. Jsme odhodl\u00e1ni podporovat va\u0161e v\u00fdzkumn\u00e9 c\u00edle poskytov\u00e1n\u00edm spolehliv\u00fdch a \u010dist\u00fdch chemik\u00e1li\u00ed. Vyzkou\u0161ejte rozd\u00edl, kter\u00fd p\u0159in\u00e1\u0161\u00ed kvalita.<\/p>","protected":false},"excerpt":{"rendered":"<p>Z\u00edskejte <b>Vysoce kvalitn\u00ed Mexedron<\/b>, kter\u00fd je optimalizov\u00e1n pro v\u00fdzkumn\u00e9 \u00fa\u010dely. Na\u0161e str\u00e1nky <b>Mexedron<\/b> se vyzna\u010duje nejvy\u0161\u0161\u00ed \u010distotou a konzistenc\u00ed a je <b>nejlep\u0161\u00ed dostupn\u00fd Mexedron<\/b>. Spolehn\u011bte se na Chemgramx pro sv\u00e9 v\u011bdeck\u00e9 pot\u0159eby. <\/p>\n<ul>\n<li><b>\u010cist\u00e1 l\u00e1tka<\/b> pro p\u0159esn\u00e9 v\u00fdsledky<\/li>\n<li><b>V\u00fdzkumn\u011b zam\u011b\u0159en\u00e9<\/b><\/li>\n<li><b>Spolehliv\u00e1 kvalita<\/b><\/li>\n<\/ul>\n<p>Zku\u0161enosti <b>bezpe\u010dn\u00e9 z\u00e1sobov\u00e1n\u00ed<\/b> a <b>autentick\u00fd Mexedron<\/b>. Koupit online nyn\u00ed na Chemgramx.<\/p>","protected":false},"featured_media":8032,"comment_status":"open","ping_status":"closed","template":"","meta":{"_joinchat":[]},"product_brand":[],"product_cat":[97],"product_tag":[2661,2663,2655,2662,2660,2656,2657,2659,2658,2015],"class_list":{"0":"post-7990","1":"product","2":"type-product","3":"status-publish","4":"has-post-thumbnail","6":"product_cat-forschungschemikalien","7":"product_tag-mexedrone-chemikalien","8":"product_tag-mexedrone-drogen","9":"product_tag-mexedrone-kaufen","10":"product_tag-mexedrone-kaufen-deutschland","11":"product_tag-mexedrone-kaufen-online","12":"product_tag-mexedrone-kristalle","13":"product_tag-mexedrone-online-kaufen","14":"product_tag-mexedrone-preis","15":"product_tag-mexedrone-prodej","16":"product_tag-synthetische-drogen","18":"first","19":"instock","20":"shipping-taxable","21":"purchasable","22":"product-type-variable"},"yoast_head":"<!-- This site is optimized with the Yoast SEO plugin v27.5 - https:\/\/yoast.com\/product\/yoast-seo-wordpress\/ -->\n<title>Mexedron Kopen - Reinheit (Hochwertig)<\/title>\n<meta name=\"description\" content=\"Entdecken Sie Mexedron in h\u00f6chster Reinheit. Erhalten Sie authentisches Mexedron f\u00fcr Ihre Forschung. Bestellen Sie online bei Chemgramx f\u00fcr Qualit\u00e4t und Zuverl\u00e4ssigkeit.\" \/>\n<meta name=\"robots\" content=\"index, follow, max-snippet:-1, max-image-preview:large, max-video-preview:-1\" \/>\n<link rel=\"canonical\" href=\"https:\/\/chemgramx.com\/cs\/produkt-1\/koupit-mexedrone-online\/\" \/>\n<meta property=\"og:locale\" content=\"cs_CZ\" \/>\n<meta property=\"og:type\" content=\"article\" \/>\n<meta property=\"og:title\" content=\"Mexedron Kopen - Reinheit (Hochwertig)\" \/>\n<meta property=\"og:description\" content=\"Entdecken Sie Mexedron in h\u00f6chster Reinheit. Erhalten Sie authentisches Mexedron f\u00fcr Ihre Forschung. Bestellen Sie online bei Chemgramx f\u00fcr Qualit\u00e4t und Zuverl\u00e4ssigkeit.\" \/>\n<meta property=\"og:url\" content=\"https:\/\/chemgramx.com\/cs\/produkt-1\/koupit-mexedrone-online\/\" \/>\n<meta property=\"og:site_name\" content=\"Chemgramx\" \/>\n<meta property=\"article:modified_time\" content=\"2025-12-09T11:03:14+00:00\" \/>\n<meta property=\"og:image\" content=\"https:\/\/chemgramx.com\/wp-content\/uploads\/2025\/11\/Mexedrone.jpeg\" \/>\n\t<meta property=\"og:image:width\" content=\"418\" \/>\n\t<meta property=\"og:image:height\" content=\"551\" \/>\n\t<meta property=\"og:image:type\" content=\"image\/jpeg\" \/>\n<meta name=\"twitter:card\" content=\"summary_large_image\" \/>\n<meta name=\"twitter:label1\" content=\"Odhadovan\u00e1 doba \u010dten\u00ed\" \/>\n\t<meta name=\"twitter:data1\" content=\"4 minuty\" \/>\n<script type=\"application\/ld+json\" class=\"yoast-schema-graph\">{\"@context\":\"https:\\\/\\\/schema.org\",\"@graph\":[{\"@type\":\"WebPage\",\"@id\":\"https:\\\/\\\/chemgramx.com\\\/product\\\/mexedrone-online-kaufen\\\/\",\"url\":\"https:\\\/\\\/chemgramx.com\\\/product\\\/mexedrone-online-kaufen\\\/\",\"name\":\"Mexedron Kopen - Reinheit (Hochwertig)\",\"isPartOf\":{\"@id\":\"https:\\\/\\\/chemgramx.com\\\/#website\"},\"primaryImageOfPage\":{\"@id\":\"https:\\\/\\\/chemgramx.com\\\/product\\\/mexedrone-online-kaufen\\\/#primaryimage\"},\"image\":{\"@id\":\"https:\\\/\\\/chemgramx.com\\\/product\\\/mexedrone-online-kaufen\\\/#primaryimage\"},\"thumbnailUrl\":\"https:\\\/\\\/chemgramx.com\\\/wp-content\\\/uploads\\\/2025\\\/11\\\/Mexedrone.jpeg\",\"datePublished\":\"2025-11-21T16:44:50+00:00\",\"dateModified\":\"2025-12-09T11:03:14+00:00\",\"description\":\"Entdecken Sie Mexedron in h\u00f6chster Reinheit. Erhalten Sie authentisches Mexedron f\u00fcr Ihre Forschung. Bestellen Sie online bei Chemgramx f\u00fcr Qualit\u00e4t und Zuverl\u00e4ssigkeit.\",\"breadcrumb\":{\"@id\":\"https:\\\/\\\/chemgramx.com\\\/product\\\/mexedrone-online-kaufen\\\/#breadcrumb\"},\"inLanguage\":\"cs\",\"potentialAction\":[{\"@type\":\"ReadAction\",\"target\":[\"https:\\\/\\\/chemgramx.com\\\/product\\\/mexedrone-online-kaufen\\\/\"]}]},{\"@type\":\"ImageObject\",\"inLanguage\":\"cs\",\"@id\":\"https:\\\/\\\/chemgramx.com\\\/product\\\/mexedrone-online-kaufen\\\/#primaryimage\",\"url\":\"https:\\\/\\\/chemgramx.com\\\/wp-content\\\/uploads\\\/2025\\\/11\\\/Mexedrone.jpeg\",\"contentUrl\":\"https:\\\/\\\/chemgramx.com\\\/wp-content\\\/uploads\\\/2025\\\/11\\\/Mexedrone.jpeg\",\"width\":418,\"height\":551},{\"@type\":\"BreadcrumbList\",\"@id\":\"https:\\\/\\\/chemgramx.com\\\/product\\\/mexedrone-online-kaufen\\\/#breadcrumb\",\"itemListElement\":[{\"@type\":\"ListItem\",\"position\":1,\"name\":\"Home\",\"item\":\"https:\\\/\\\/chemgramx.com\\\/\"},{\"@type\":\"ListItem\",\"position\":2,\"name\":\"Shop\",\"item\":\"https:\\\/\\\/chemgramx.com\\\/shop\\\/\"},{\"@type\":\"ListItem\",\"position\":3,\"name\":\"Mexedron Kopen &#8211; Reinheit (Hochwertig)\"}]},{\"@type\":\"WebSite\",\"@id\":\"https:\\\/\\\/chemgramx.com\\\/#website\",\"url\":\"https:\\\/\\\/chemgramx.com\\\/\",\"name\":\"Chemgramx\",\"description\":\"\",\"publisher\":{\"@id\":\"https:\\\/\\\/chemgramx.com\\\/#organization\"},\"potentialAction\":[{\"@type\":\"SearchAction\",\"target\":{\"@type\":\"EntryPoint\",\"urlTemplate\":\"https:\\\/\\\/chemgramx.com\\\/?s={search_term_string}\"},\"query-input\":{\"@type\":\"PropertyValueSpecification\",\"valueRequired\":true,\"valueName\":\"search_term_string\"}}],\"inLanguage\":\"cs\"},{\"@type\":\"Organization\",\"@id\":\"https:\\\/\\\/chemgramx.com\\\/#organization\",\"name\":\"Chemgramx\",\"url\":\"https:\\\/\\\/chemgramx.com\\\/\",\"logo\":{\"@type\":\"ImageObject\",\"inLanguage\":\"cs\",\"@id\":\"https:\\\/\\\/chemgramx.com\\\/#\\\/schema\\\/logo\\\/image\\\/\",\"url\":\"https:\\\/\\\/chemgramx.com\\\/wp-content\\\/uploads\\\/2024\\\/10\\\/final-logo.png\",\"contentUrl\":\"https:\\\/\\\/chemgramx.com\\\/wp-content\\\/uploads\\\/2024\\\/10\\\/final-logo.png\",\"width\":250,\"height\":48,\"caption\":\"Chemgramx\"},\"image\":{\"@id\":\"https:\\\/\\\/chemgramx.com\\\/#\\\/schema\\\/logo\\\/image\\\/\"}}]}<\/script>\n<!-- \/ Yoast SEO plugin. -->","yoast_head_json":{"title":"Mexedron Kopen \u2013 \u010distota (vysok\u00e1 kvalita)","description":"Objevte Mexedron v nejvy\u0161\u0161\u00ed \u010distot\u011b. Z\u00edskejte autentick\u00fd Mexedron pro sv\u016fj v\u00fdzkum. Objednejte si online u spole\u010dnosti Chemgramx, kter\u00e1 nab\u00edz\u00ed kvalitu a spolehlivost.","robots":{"index":"index","follow":"follow","max-snippet":"max-snippet:-1","max-image-preview":"max-image-preview:large","max-video-preview":"max-video-preview:-1"},"canonical":"https:\/\/chemgramx.com\/cs\/produkt-1\/koupit-mexedrone-online\/","og_locale":"cs_CZ","og_type":"article","og_title":"Mexedron Kopen - Reinheit (Hochwertig)","og_description":"Entdecken Sie Mexedron in h\u00f6chster Reinheit. Erhalten Sie authentisches Mexedron f\u00fcr Ihre Forschung. Bestellen Sie online bei Chemgramx f\u00fcr Qualit\u00e4t und Zuverl\u00e4ssigkeit.","og_url":"https:\/\/chemgramx.com\/cs\/produkt-1\/koupit-mexedrone-online\/","og_site_name":"Chemgramx","article_modified_time":"2025-12-09T11:03:14+00:00","og_image":[{"width":418,"height":551,"url":"https:\/\/chemgramx.com\/wp-content\/uploads\/2025\/11\/Mexedrone.jpeg","type":"image\/jpeg"}],"twitter_card":"summary_large_image","twitter_misc":{"Odhadovan\u00e1 doba \u010dten\u00ed":"4 minuty"},"schema":{"@context":"https:\/\/schema.org","@graph":[{"@type":"WebPage","@id":"https:\/\/chemgramx.com\/product\/mexedrone-online-kaufen\/","url":"https:\/\/chemgramx.com\/product\/mexedrone-online-kaufen\/","name":"Mexedron Kopen \u2013 \u010distota (vysok\u00e1 kvalita)","isPartOf":{"@id":"https:\/\/chemgramx.com\/#website"},"primaryImageOfPage":{"@id":"https:\/\/chemgramx.com\/product\/mexedrone-online-kaufen\/#primaryimage"},"image":{"@id":"https:\/\/chemgramx.com\/product\/mexedrone-online-kaufen\/#primaryimage"},"thumbnailUrl":"https:\/\/chemgramx.com\/wp-content\/uploads\/2025\/11\/Mexedrone.jpeg","datePublished":"2025-11-21T16:44:50+00:00","dateModified":"2025-12-09T11:03:14+00:00","description":"Objevte Mexedron v nejvy\u0161\u0161\u00ed \u010distot\u011b. Z\u00edskejte autentick\u00fd Mexedron pro sv\u016fj v\u00fdzkum. Objednejte si online u spole\u010dnosti Chemgramx, kter\u00e1 nab\u00edz\u00ed kvalitu a spolehlivost.","breadcrumb":{"@id":"https:\/\/chemgramx.com\/product\/mexedrone-online-kaufen\/#breadcrumb"},"inLanguage":"cs","potentialAction":[{"@type":"ReadAction","target":["https:\/\/chemgramx.com\/product\/mexedrone-online-kaufen\/"]}]},{"@type":"ImageObject","inLanguage":"cs","@id":"https:\/\/chemgramx.com\/product\/mexedrone-online-kaufen\/#primaryimage","url":"https:\/\/chemgramx.com\/wp-content\/uploads\/2025\/11\/Mexedrone.jpeg","contentUrl":"https:\/\/chemgramx.com\/wp-content\/uploads\/2025\/11\/Mexedrone.jpeg","width":418,"height":551},{"@type":"BreadcrumbList","@id":"https:\/\/chemgramx.com\/product\/mexedrone-online-kaufen\/#breadcrumb","itemListElement":[{"@type":"ListItem","position":1,"name":"Home","item":"https:\/\/chemgramx.com\/"},{"@type":"ListItem","position":2,"name":"Shop","item":"https:\/\/chemgramx.com\/shop\/"},{"@type":"ListItem","position":3,"name":"Mexedron Kopen &#8211; Reinheit (Hochwertig)"}]},{"@type":"WebSite","@id":"https:\/\/chemgramx.com\/#website","url":"https:\/\/chemgramx.com\/","name":"Chemgramx","description":"","publisher":{"@id":"https:\/\/chemgramx.com\/#organization"},"potentialAction":[{"@type":"SearchAction","target":{"@type":"EntryPoint","urlTemplate":"https:\/\/chemgramx.com\/?s={search_term_string}"},"query-input":{"@type":"PropertyValueSpecification","valueRequired":true,"valueName":"search_term_string"}}],"inLanguage":"cs"},{"@type":"Organization","@id":"https:\/\/chemgramx.com\/#organization","name":"Chemgramx","url":"https:\/\/chemgramx.com\/","logo":{"@type":"ImageObject","inLanguage":"cs","@id":"https:\/\/chemgramx.com\/#\/schema\/logo\/image\/","url":"https:\/\/chemgramx.com\/wp-content\/uploads\/2024\/10\/final-logo.png","contentUrl":"https:\/\/chemgramx.com\/wp-content\/uploads\/2024\/10\/final-logo.png","width":250,"height":48,"caption":"Chemgramx"},"image":{"@id":"https:\/\/chemgramx.com\/#\/schema\/logo\/image\/"}}]}},"_links":{"self":[{"href":"https:\/\/chemgramx.com\/cs\/wp-json\/wp\/v2\/product\/7990","targetHints":{"allow":["GET"]}}],"collection":[{"href":"https:\/\/chemgramx.com\/cs\/wp-json\/wp\/v2\/product"}],"about":[{"href":"https:\/\/chemgramx.com\/cs\/wp-json\/wp\/v2\/types\/product"}],"replies":[{"embeddable":true,"href":"https:\/\/chemgramx.com\/cs\/wp-json\/wp\/v2\/comments?post=7990"}],"wp:featuredmedia":[{"embeddable":true,"href":"https:\/\/chemgramx.com\/cs\/wp-json\/wp\/v2\/media\/8032"}],"wp:attachment":[{"href":"https:\/\/chemgramx.com\/cs\/wp-json\/wp\/v2\/media?parent=7990"}],"wp:term":[{"taxonomy":"product_brand","embeddable":true,"href":"https:\/\/chemgramx.com\/cs\/wp-json\/wp\/v2\/product_brand?post=7990"},{"taxonomy":"product_cat","embeddable":true,"href":"https:\/\/chemgramx.com\/cs\/wp-json\/wp\/v2\/product_cat?post=7990"},{"taxonomy":"product_tag","embeddable":true,"href":"https:\/\/chemgramx.com\/cs\/wp-json\/wp\/v2\/product_tag?post=7990"}],"curies":[{"name":"wp","href":"https:\/\/api.w.org\/{rel}","templated":true}]}}