{"id":8011,"date":"2025-11-21T16:45:30","date_gmt":"2025-11-21T16:45:30","guid":{"rendered":"https:\/\/chemgramx.com\/?post_type=product&#038;p=8011"},"modified":"2025-12-09T10:40:22","modified_gmt":"2025-12-09T10:40:22","slug":"koupit-amfetamin-online","status":"publish","type":"product","link":"https:\/\/chemgramx.com\/cs\/product\/amphetamin-online-kaufen\/","title":{"rendered":"Koupit amfetamin online \u2013 \u010distota a kvalita"},"content":{"rendered":"<p>Vyhled\u00e1v\u00e1n\u00ed <b>Amfetamin na prodej<\/b>, kter\u00e1 spl\u0148uje nejvy\u0161\u0161\u00ed standardy? Ve spole\u010dnosti Chemgramx ch\u00e1peme z\u00e1sadn\u00ed v\u00fdznam \u010distoty a kvality ve v\u011bdeck\u00fdch aplikac\u00edch. Proto nab\u00edz\u00edme amfetamin od spole\u010dnosti <b>nejvy\u0161\u0161\u00ed \u010distoty na prodej<\/b> kter\u00fd byl speci\u00e1ln\u011b vyvinut pro v\u00fdzkumn\u00e9 \u00fa\u010dely. Na\u0161\u00edm c\u00edlem je poskytnout v\u00fdzkumn\u00fdm pracovn\u00edk\u016fm a v\u011bdc\u016fm p\u0159\u00edstup k prvot\u0159\u00eddn\u00edm chemik\u00e1li\u00edm, kter\u00e9 jsou nezbytn\u00e9 pro p\u0159esn\u00e9 a spolehliv\u00e9 v\u00fdsledky studi\u00ed.<\/p>\n<p>Tento produkt je k dispozici jako <b>Kvalita v\u00fdzkumu na prodej<\/b> a je vyr\u00e1b\u011bn za p\u0159\u00edsn\u00fdch podm\u00ednek, aby byla zaji\u0161t\u011bna st\u00e1l\u00e1 kvalita. Db\u00e1me tak\u00e9 na to, aby ka\u017ed\u00e1 \u0161ar\u017ee byla pe\u010dliv\u011b zkontrolov\u00e1na, ne\u017e se dostane k na\u0161im z\u00e1kazn\u00edk\u016fm. Kdo <b>Objednat amfetamin online<\/b> Pokud hled\u00e1te autentick\u00e9 v\u00fdzkumn\u00e9 materi\u00e1ly, jsme d\u016fv\u011bryhodn\u00fdm partnerem, kter\u00fd se specializuje na jejich poskytov\u00e1n\u00ed. Objevte n\u00e1\u0161 sortiment a p\u0159esv\u011bd\u010dte se o jeho vynikaj\u00edc\u00ed kvalit\u011b.<\/p>\n<h2>V\u00fdznam amfetaminu ve v\u00fdzkumu<\/h2>\n<p>Amfetamin je l\u00e1tka, kter\u00e1 hraje d\u016fle\u017eitou roli v mnoha v\u011bdeck\u00fdch studi\u00edch d\u00edky sv\u00fdm specifick\u00fdm farmakologick\u00fdm vlastnostem. \u010casto se pou\u017e\u00edv\u00e1 v neurov\u011bd\u00e1ch a farmakologii ke zkoum\u00e1n\u00ed mechanism\u016f neurotransmise a behavior\u00e1ln\u00edch reakc\u00ed. Proto je dostupnost <b>Amfetamin nejvy\u0161\u0161\u00ed kvality<\/b> m\u00e1 z\u00e1sadn\u00ed v\u00fdznam pro integritu tohoto v\u00fdzkumu.<\/p>\n<p>P\u0159esn\u00e9 a \u010dist\u00e9 vzorky nav\u00edc umo\u017e\u0148uj\u00ed z\u00edskat smyslupln\u00e9 a reprodukovateln\u00e9 v\u00fdsledky, co\u017e je pro v\u011bdeck\u00fd pokrok nezbytn\u00e9. V\u011bdci, kte\u0159\u00ed <b>autentick\u00fd amfetamin<\/b> spol\u00e9hat na dodavatele, kte\u0159\u00ed prov\u00e1d\u011bj\u00ed p\u0159\u00edsn\u00e9 kontroly kvality. To je nezbytn\u00e9, aby se zabr\u00e1nilo ne\u010distot\u00e1m, kter\u00e9 by mohly zfal\u0161ovat v\u00fdsledky experiment\u016f. Spole\u010dnost Chemgramx je proto tou spr\u00e1vnou adresou pro va\u0161e v\u00fdzkumn\u00e9 pot\u0159eby.<\/p>\n<h3>Chemick\u00e9 vlastnosti a struktura<\/h3>\n<p>Amfetamin (alfa-methylfenylethylamin) je syntetick\u00fd psychostimulant ze skupiny fenetylamin\u016f. Jeho chemick\u00e1 struktura mu umo\u017e\u0148uje ovliv\u0148ovat n\u011bkter\u00e9 neurotransmiterov\u00e9 syst\u00e9my v mozku. Amfetamin existuje tak\u00e9 ve dvou enantiomerech: Dextroamfetamin a levoamfetamin, kter\u00e9 mohou m\u00edt r\u016fznou s\u00edlu a profil \u00fa\u010dinku. Specifikace izomer\u016f a jejich \u010distoty je proto velmi d\u016fle\u017eit\u00e1 pro p\u0159esn\u00e9 studie.<\/p>\n<p><b>Laboratorn\u00ed kvalita na prodej<\/b> znamen\u00e1, \u017ee v\u00fdrobek spl\u0148uje podrobn\u00e9 specifikace a byl podroben anal\u00fdze, kter\u00e1 potvrdila uvedenou \u010distotu. To zahrnuje kontrolu ne\u010distot a zaji\u0161t\u011bn\u00ed struktur\u00e1ln\u00ed integrity. Vysoce kvalitn\u00ed produkt minimalizuje experiment\u00e1ln\u00ed chyby a maximalizuje spolehlivost v\u00fdsledk\u016f v\u00fdzkumu. V\u011bdci tak mohou pracovat s jistotou.<\/p>\n<h3>Oblasti pou\u017eit\u00ed ve v\u011bd\u011b<\/h3>\n<p>Ve v\u00fdzkumu se amfetamin pou\u017e\u00edv\u00e1 p\u0159edev\u0161\u00edm pro studie \u00fa\u010dink\u016f stimulanci\u00ed na centr\u00e1ln\u00ed nervov\u00fd syst\u00e9m. Pou\u017e\u00edv\u00e1 se nap\u0159\u00edklad jako modelov\u00e1 l\u00e1tka pro studium dopaminov\u00e9ho a noradrenalinov\u00e9ho syst\u00e9mu. Pou\u017e\u00edv\u00e1 se tak\u00e9 ve farmakologick\u00fdch testech k v\u00fdvoji potenci\u00e1ln\u00edch nov\u00fdch l\u00e9\u010div nebo k rozlu\u0161t\u011bn\u00ed mechanism\u016f jejich \u00fa\u010dinku. Popt\u00e1vka po <b>Kvalita v\u00fdzkumu na prodej<\/b> je v t\u00e9to oblasti trvale vysok\u00e1.<\/p>\n<p>Dal\u0161\u00ed aplikace zahrnuj\u00ed behavior\u00e1ln\u00ed psychologick\u00e9 studie zkoumaj\u00edc\u00ed \u00fa\u010dinky amfetaminu na pozn\u00e1v\u00e1n\u00ed a pozornost. Vzhledem ke komplexn\u00ed povaze tohoto v\u00fdzkumu je pou\u017eit\u00ed <a href=\"https:\/\/chemgramx.com\/product\/amphetamin-online-kaufen\/\">Amfetamin nejvy\u0161\u0161\u00ed kvality<\/a> z\u00e1kladn\u00ed po\u017eadavek. Na\u0161e produkty pom\u00e1haj\u00ed zajistit, aby v\u00e1\u0161 v\u00fdzkum spl\u0148oval mezin\u00e1rodn\u011b uzn\u00e1van\u00e9 standardy.<\/p>\n<h2>Pro\u010d je \u010distota amfetaminu z\u00e1sadn\u00ed?<\/h2>\n<p>\u010cistota v\u00fdzkumn\u00e9 chemick\u00e9 l\u00e1tky je z\u00e1kladem platnosti v\u011bdeck\u00fdch experiment\u016f. Ne\u010distoty, a to i v mal\u00e9m mno\u017estv\u00ed, mohou zp\u016fsobit nep\u0159edv\u00eddateln\u00e9 \u00fa\u010dinky a zfal\u0161ovat v\u00fdsledky. Proto se p\u0159i po\u0159izov\u00e1n\u00ed <b>Vysok\u00e1 \u010distota na prodej<\/b> naprostou nutnost\u00ed pro ka\u017ed\u00e9 seri\u00f3zn\u00ed studium. Zaji\u0161\u0165ujeme, aby n\u00e1\u0161 amfetamin tyto standardy spl\u0148oval.<\/p>\n<p>Kvalita nav\u00edc p\u0159\u00edmo ovliv\u0148uje reprodukovatelnost v\u00fdzkumu, kter\u00e1 je z\u00e1kladem v\u011bdeck\u00e9 metodologie. Pokud nejsou experimenty reprodukovateln\u00e9, ztr\u00e1cej\u00ed jejich v\u00fdsledky na d\u016fv\u011bryhodnosti a hodnot\u011b. V d\u016fsledku toho investujeme velk\u00e9 prost\u0159edky do postup\u016f kontroly kvality, abychom v\u00e1m poskytli. <b>nejlep\u0161\u00ed dostupn\u00fd amfetamin<\/b> nab\u00eddnout.<\/p>\n<h3>Standardy kvality u Chemgramx<\/h3>\n<p>Ve spole\u010dnosti Chemgramx dodr\u017eujeme p\u0159\u00edsn\u00e9 normy kvality, abychom zajistili integritu na\u0161ich v\u00fdrobk\u016f. Ka\u017ed\u00e1 \u0161ar\u017ee amfetaminu je testov\u00e1na pomoc\u00ed nejmodern\u011bj\u0161\u00edch analytick\u00fdch technik, jako je vysoko\u00fa\u010dinn\u00e1 kapalinov\u00e1 chromatografie (HPLC) a plynov\u00e1 chromatografie s hmotnostn\u00ed spektrometri\u00ed (GC-MS). Tyto metody potvrzuj\u00ed \u010distotu a identitu l\u00e1tky. M\u016f\u017eete proto nakupovat s jistotou <a href=\"https:\/\/chemgramx.com\/product\/amphetamin-online-kaufen\/\">autentick\u00fd amfetamin<\/a> z\u00edskat.<\/p>\n<p>Na\u0161e procesy jsou navr\u017eeny tak, aby se zabr\u00e1nilo k\u0159\u00ed\u017eov\u00e9 kontaminaci a zachovala se stabilita produktu. To znamen\u00e1, \u017ee s n\u00e1mi <b>Amfetamin nejvy\u0161\u0161\u00ed kvality<\/b> kter\u00e1 dlouhodob\u011b spl\u0148uje sv\u00e9 specifikace. Ch\u00e1peme, \u017ee v\u00e1\u0161 v\u00fdzkum nem\u016f\u017ee d\u011blat kompromisy v kvalit\u011b. Proto je n\u00e1\u0161 p\u0159\u00edslib kvality tak komplexn\u00ed.<\/p>\n<p>Typick\u00e9 specifikace na\u0161eho amfetaminu pro v\u00fdzkum:<\/p>\n<ul>\n<li><b>Chemick\u00e1 \u010distota:<\/b> &gt; 99% (HPLC)<\/li>\n<li><b>Identita:<\/b> Potvrzeno pomoc\u00ed GC-MS a NMR<\/li>\n<li><b>Vlhkost:<\/b> &lt; 0,5%<\/li>\n<li><b>Velikost \u010d\u00e1stic:<\/b> Optimalizov\u00e1no pro laboratorn\u00ed aplikace<\/li>\n<\/ul>\n<h2>Objednat amfetamin online: Bezpe\u010dn\u00fd proces<\/h2>\n<p>Z\u00edsk\u00e1v\u00e1n\u00ed v\u00fdzkumn\u00fdch chemik\u00e1li\u00ed vy\u017eaduje spolehliv\u00fd a diskr\u00e9tn\u00ed proces. Ve spole\u010dnosti Chemgramx m\u00e1me jednoduch\u00fd a <b>bezpe\u010dn\u00fd n\u00e1kup<\/b>-proces, kter\u00fd zohled\u0148uje va\u0161e pot\u0159eby jako v\u00fdzkumn\u00e9ho pracovn\u00edka. M\u016f\u017eete <b>Objednat amfetamin online<\/b> s jistotou, \u017ee va\u0161e po\u017eadavky budou vy\u0159\u00edzeny profesion\u00e1ln\u011b a s maxim\u00e1ln\u00ed p\u00e9\u010d\u00ed.<\/p>\n<p>N\u00e1\u0161 online syst\u00e9m je u\u017eivatelsky p\u0159\u00edv\u011btiv\u00fd a umo\u017e\u0148uje v\u00e1m zobrazit podrobn\u00e9 informace o produktu a efektivn\u011b zadat objedn\u00e1vku. Proto je to tak snadn\u00e9, <b>Koupit online nyn\u00ed<\/b> a rychle obdr\u017e\u00edte sv\u00e9 v\u00fdzkumn\u00e9 materi\u00e1ly. P\u0159i manipulaci s v\u00fdzkumn\u00fdmi chemik\u00e1liemi klademe d\u016fraz na transparentnost a dodr\u017eov\u00e1n\u00ed v\u0161ech p\u0159\u00edslu\u0161n\u00fdch p\u0159edpis\u016f.<\/p>\n<p>Takto funguje proces objedn\u00e1v\u00e1n\u00ed:<\/p>\n<ol>\n<li>V\u00fdb\u011br produkt\u016f a podrobn\u00e9 zobrazen\u00ed.<\/li>\n<li>P\u0159idejte po\u017eadovan\u00fd produkt do n\u00e1kupn\u00edho ko\u0161\u00edku.<\/li>\n<li>Bezpe\u010dn\u00fd proces pokladny s r\u016fzn\u00fdmi mo\u017enostmi platby.<\/li>\n<li>Profesion\u00e1ln\u00ed zpracov\u00e1n\u00ed a poskytnut\u00ed va\u0161\u00ed objedn\u00e1vky.<\/li>\n<\/ol>\n<h3>V\u00e1\u0161 d\u016fv\u011bryhodn\u00fd partner pro laboratorn\u00ed chemik\u00e1lie<\/h3>\n<p>Spole\u010dnost Chemgramx se etablovala jako d\u016fv\u011bryhodn\u00fd dodavatel v\u00fdzkumn\u00fdch chemik\u00e1li\u00ed d\u00edky d\u016fsledn\u00e9mu udr\u017eov\u00e1n\u00ed vysok\u00fdch standard\u016f kvality v\u00fdrobk\u016f a slu\u017eeb z\u00e1kazn\u00edk\u016fm. V\u00edme, jak d\u016fle\u017eit\u00e1 je pro va\u0161e projekty spolehlivost. <a href=\"https:\/\/chemgramx.com\/product\/amphetamin-online-kaufen\/\">Koupit amfetamin online<\/a> s n\u00e1mi znamen\u00e1, \u017ee m\u016f\u017eete vyu\u017e\u00edt osv\u011bd\u010den\u00fd zdroj pro podporu sv\u00e9ho v\u00fdzkumu. N\u00e1\u0161 z\u00e1vazek k dokonalosti se odr\u00e1\u017e\u00ed v ka\u017ed\u00e9m aspektu na\u0161\u00ed \u010dinnosti.<\/p>\n<p>Db\u00e1me tak\u00e9 na to, aby ka\u017ed\u00e1 objedn\u00e1vka byla pe\u010dliv\u011b zpracov\u00e1na. D\u00edky tomu obdr\u017e\u00edte p\u0159esn\u011b to, co jste si objednali, a v kvalit\u011b, kterou o\u010dek\u00e1v\u00e1te. N\u00e1\u0161 t\u00fdm odborn\u00edk\u016f je p\u0159ipraven zodpov\u011bd\u011bt va\u0161e dotazy a zajistit hladk\u00fd pr\u016fb\u011bh od v\u00fdb\u011bru a\u017e po dod\u00e1n\u00ed. D\u00edky tomu je ka\u017ed\u00fd krok optimalizov\u00e1n pro va\u0161e pohodl\u00ed.<\/p>\n<h2>Chemgramx: V\u00e1\u0161 dodavatel chemik\u00e1li\u00ed pro v\u00fdzkum<\/h2>\n<p>Krom\u011b <b>Amfetamin na prodej<\/b> Spole\u010dnost Chemgramx nab\u00edz\u00ed \u0161irokou \u0161k\u00e1lu dal\u0161\u00edch vysoce kvalitn\u00edch v\u00fdzkumn\u00fdch chemik\u00e1li\u00ed pro r\u016fzn\u00e9 v\u011bdn\u00ed obory. Na\u0161e portfolio se neust\u00e1le roz\u0161i\u0159uje, aby spl\u0148ovalo nejnov\u011bj\u0161\u00ed po\u017eadavky a v\u00fdvoj v oblasti v\u00fdzkumu. P\u0159\u00edkladem je na\u0161e \u0159ada <a href=\"https:\/\/chemgramx.com\/product\/ab-fubinaca-online-kaufen\/\">Koupit AB-Fubinaca online<\/a>, kter\u00e1 je rovn\u011b\u017e \u0159\u00edzena podle nejp\u0159\u00edsn\u011bj\u0161\u00edch krit\u00e9ri\u00ed kvality. Jsme hrd\u00ed na to, \u017ee m\u016f\u017eeme v\u011bdeck\u00e9 komunit\u011b nab\u00eddnout ucelenou \u0159adu produkt\u016f.<\/p>\n<p>Na\u0161e produkty jsou ur\u010deny pouze pro v\u00fdzkumn\u00e9 a laboratorn\u00ed pou\u017eit\u00ed a nejsou ur\u010deny pro lidskou spot\u0159ebu nebo terapeutick\u00e9 pou\u017eit\u00ed. Toto jasn\u00e9 rozli\u0161en\u00ed zd\u016fraz\u0148uje n\u00e1\u0161 z\u00e1vazek k odpov\u011bdn\u00e9 v\u011bd\u011b. Kdy\u017e nakupujete u spole\u010dnosti Chemgramx, nekupujete jen chemick\u00e9 l\u00e1tky, ale tak\u00e9 bezpe\u010dnost a d\u016fv\u011bru v jejich kvalitu a p\u016fvod. Sna\u017e\u00edme se p\u0159ekonat va\u0161e o\u010dek\u00e1v\u00e1n\u00ed.<\/p>\n<h3>Komplexn\u00ed podpora a odborn\u00e9 znalosti<\/h3>\n<p>N\u00e1\u0161 t\u00fdm z\u00e1kaznick\u00e9ho servisu se skl\u00e1d\u00e1 ze zku\u0161en\u00fdch odborn\u00edk\u016f, kte\u0159\u00ed jsou p\u0159ipraveni zodpov\u011bd\u011bt v\u0161echny va\u0161e dotazy t\u00fdkaj\u00edc\u00ed se na\u0161ich v\u00fdrobk\u016f a jejich pou\u017eit\u00ed. Poskytujeme tak\u00e9 podrobn\u00e9 informace o v\u00fdrobc\u00edch a bezpe\u010dnostn\u00ed listy, abychom zajistili odpov\u011bdn\u00e9 a bezpe\u010dn\u00e9 zach\u00e1zen\u00ed. To je dal\u0161\u00edm d\u016fkazem na\u0161eho z\u00e1vazku poskytovat v\u00e1m tu nejlep\u0161\u00ed mo\u017enou podporu. Chceme zajistit, abyste m\u011bli v\u0161echny pot\u0159ebn\u00e9 informace na dosah ruky.<\/p>\n<p>V kone\u010dn\u00e9m d\u016fsledku je na\u0161\u00edm c\u00edlem poskytnout v\u00fdzkumn\u00fdm pracovn\u00edk\u016fm co nejlep\u0161\u00ed n\u00e1stroje pro jejich objevy. Str\u00e1nky <b>bezpe\u010dn\u00fd n\u00e1kup<\/b> amfetaminu nebo jin\u00fdch v\u00fdzkumn\u00fdch chemik\u00e1li\u00ed u spole\u010dnosti Chemgramx je p\u0159\u00edslibem kvality a spolehlivosti. T\u011b\u0161\u00edme se na spolupr\u00e1ci s v\u00e1mi p\u0159i va\u0161\u00ed v\u011bdeck\u00e9 pr\u00e1ci. V p\u0159\u00edpad\u011b pot\u0159eby n\u00e1s nev\u00e1hejte kontaktovat.<\/p>","protected":false},"excerpt":{"rendered":"<p>Hled\u00e1te <b>Koupit amfetamin<\/b> pro v\u00e1\u0161 v\u00fdzkum? V Chemgramxu najdete <b>Amfetamin nejvy\u0161\u0161\u00ed kvality<\/b> \u010distoty p\u0159es 99%. N\u00e1\u0161 v\u00fdrobek je ide\u00e1ln\u00ed pro laboratorn\u00ed a v\u00fdzkumn\u00e9 \u00fa\u010dely a pom\u00e1h\u00e1 v\u00e1m dos\u00e1hnout p\u0159esn\u00fdch v\u00fdsledk\u016f. Nyn\u00ed <a href=\"https:\/\/chemgramx.com\/product\/amphetamin-online-kaufen\/\">koupit u Chemgramx<\/a> a prvot\u0159\u00eddn\u00ed <b>Kvalita v\u00fdzkumu na prodej<\/b> p\u0159\u00ednos.<\/p>","protected":false},"featured_media":8065,"comment_status":"open","ping_status":"closed","template":"","meta":{"_joinchat":[]},"product_brand":[],"product_cat":[48],"product_tag":[2840,2833,2837,2836,2834,2838,2841,2835,2839,2842],"class_list":{"0":"post-8011","1":"product","2":"type-product","3":"status-publish","4":"has-post-thumbnail","6":"product_cat-stimulants","7":"product_tag-amphetamin-chemikalien","8":"product_tag-amphetamin-kaufen","9":"product_tag-amphetamin-kaufen-deutschland","10":"product_tag-amphetamin-kristalle","11":"product_tag-amphetamin-online","12":"product_tag-amphetamin-preis","13":"product_tag-amphetamin-prodej","14":"product_tag-amphetamin-pulver","15":"product_tag-amphetamin-wirkung","16":"product_tag-amphetamin-zum-verkauf","18":"first","19":"instock","20":"shipping-taxable","21":"purchasable","22":"product-type-variable"},"yoast_head":"<!-- This site is optimized with the Yoast SEO plugin v27.5 - https:\/\/yoast.com\/product\/yoast-seo-wordpress\/ -->\n<title>Amphetamin online kaufen - Reinheit &amp; Qualit\u00e4t<\/title>\n<meta name=\"description\" content=\"M\u00f6chten Sie Amphetamin kaufen? Entdecken Sie unser Amphetamin von h\u00f6chster Reinheit und Forschungsqualit\u00e4t. Jetzt Amphetamin online bestellen f\u00fcr Ihre Studien. Sicherer Kauf garantiert.\" \/>\n<meta name=\"robots\" content=\"index, follow, max-snippet:-1, max-image-preview:large, max-video-preview:-1\" \/>\n<link rel=\"canonical\" href=\"https:\/\/chemgramx.com\/cs\/produkt-1\/koupit-amfetamin-online\/\" \/>\n<meta property=\"og:locale\" content=\"cs_CZ\" \/>\n<meta property=\"og:type\" content=\"article\" \/>\n<meta property=\"og:title\" content=\"Amphetamin online kaufen - Reinheit &amp; Qualit\u00e4t\" \/>\n<meta property=\"og:description\" content=\"M\u00f6chten Sie Amphetamin kaufen? Entdecken Sie unser Amphetamin von h\u00f6chster Reinheit und Forschungsqualit\u00e4t. Jetzt Amphetamin online bestellen f\u00fcr Ihre Studien. Sicherer Kauf garantiert.\" \/>\n<meta property=\"og:url\" content=\"https:\/\/chemgramx.com\/cs\/produkt-1\/koupit-amfetamin-online\/\" \/>\n<meta property=\"og:site_name\" content=\"Chemgramx\" \/>\n<meta property=\"article:modified_time\" content=\"2025-12-09T10:40:22+00:00\" \/>\n<meta property=\"og:image\" content=\"https:\/\/chemgramx.com\/wp-content\/uploads\/2025\/11\/amphetamines1.jpg\" \/>\n\t<meta property=\"og:image:width\" content=\"1200\" \/>\n\t<meta property=\"og:image:height\" content=\"1200\" \/>\n\t<meta property=\"og:image:type\" content=\"image\/jpeg\" \/>\n<meta name=\"twitter:card\" content=\"summary_large_image\" \/>\n<meta name=\"twitter:label1\" content=\"Odhadovan\u00e1 doba \u010dten\u00ed\" \/>\n\t<meta name=\"twitter:data1\" content=\"2 minuty\" \/>\n<script type=\"application\/ld+json\" class=\"yoast-schema-graph\">{\"@context\":\"https:\\\/\\\/schema.org\",\"@graph\":[{\"@type\":\"WebPage\",\"@id\":\"https:\\\/\\\/chemgramx.com\\\/product\\\/amphetamin-online-kaufen\\\/\",\"url\":\"https:\\\/\\\/chemgramx.com\\\/product\\\/amphetamin-online-kaufen\\\/\",\"name\":\"Amphetamin online kaufen - Reinheit & Qualit\u00e4t\",\"isPartOf\":{\"@id\":\"https:\\\/\\\/chemgramx.com\\\/#website\"},\"primaryImageOfPage\":{\"@id\":\"https:\\\/\\\/chemgramx.com\\\/product\\\/amphetamin-online-kaufen\\\/#primaryimage\"},\"image\":{\"@id\":\"https:\\\/\\\/chemgramx.com\\\/product\\\/amphetamin-online-kaufen\\\/#primaryimage\"},\"thumbnailUrl\":\"https:\\\/\\\/chemgramx.com\\\/wp-content\\\/uploads\\\/2025\\\/11\\\/amphetamines1.jpg\",\"datePublished\":\"2025-11-21T16:45:30+00:00\",\"dateModified\":\"2025-12-09T10:40:22+00:00\",\"description\":\"M\u00f6chten Sie Amphetamin kaufen? Entdecken Sie unser Amphetamin von h\u00f6chster Reinheit und Forschungsqualit\u00e4t. Jetzt Amphetamin online bestellen f\u00fcr Ihre Studien. Sicherer Kauf garantiert.\",\"breadcrumb\":{\"@id\":\"https:\\\/\\\/chemgramx.com\\\/product\\\/amphetamin-online-kaufen\\\/#breadcrumb\"},\"inLanguage\":\"cs\",\"potentialAction\":[{\"@type\":\"ReadAction\",\"target\":[\"https:\\\/\\\/chemgramx.com\\\/product\\\/amphetamin-online-kaufen\\\/\"]}]},{\"@type\":\"ImageObject\",\"inLanguage\":\"cs\",\"@id\":\"https:\\\/\\\/chemgramx.com\\\/product\\\/amphetamin-online-kaufen\\\/#primaryimage\",\"url\":\"https:\\\/\\\/chemgramx.com\\\/wp-content\\\/uploads\\\/2025\\\/11\\\/amphetamines1.jpg\",\"contentUrl\":\"https:\\\/\\\/chemgramx.com\\\/wp-content\\\/uploads\\\/2025\\\/11\\\/amphetamines1.jpg\",\"width\":1200,\"height\":1200},{\"@type\":\"BreadcrumbList\",\"@id\":\"https:\\\/\\\/chemgramx.com\\\/product\\\/amphetamin-online-kaufen\\\/#breadcrumb\",\"itemListElement\":[{\"@type\":\"ListItem\",\"position\":1,\"name\":\"Home\",\"item\":\"https:\\\/\\\/chemgramx.com\\\/\"},{\"@type\":\"ListItem\",\"position\":2,\"name\":\"Shop\",\"item\":\"https:\\\/\\\/chemgramx.com\\\/shop\\\/\"},{\"@type\":\"ListItem\",\"position\":3,\"name\":\"Amphetamin online kaufen &#8211; Reinheit &amp; Qualit\u00e4t\"}]},{\"@type\":\"WebSite\",\"@id\":\"https:\\\/\\\/chemgramx.com\\\/#website\",\"url\":\"https:\\\/\\\/chemgramx.com\\\/\",\"name\":\"Chemgramx\",\"description\":\"\",\"publisher\":{\"@id\":\"https:\\\/\\\/chemgramx.com\\\/#organization\"},\"potentialAction\":[{\"@type\":\"SearchAction\",\"target\":{\"@type\":\"EntryPoint\",\"urlTemplate\":\"https:\\\/\\\/chemgramx.com\\\/?s={search_term_string}\"},\"query-input\":{\"@type\":\"PropertyValueSpecification\",\"valueRequired\":true,\"valueName\":\"search_term_string\"}}],\"inLanguage\":\"cs\"},{\"@type\":\"Organization\",\"@id\":\"https:\\\/\\\/chemgramx.com\\\/#organization\",\"name\":\"Chemgramx\",\"url\":\"https:\\\/\\\/chemgramx.com\\\/\",\"logo\":{\"@type\":\"ImageObject\",\"inLanguage\":\"cs\",\"@id\":\"https:\\\/\\\/chemgramx.com\\\/#\\\/schema\\\/logo\\\/image\\\/\",\"url\":\"https:\\\/\\\/chemgramx.com\\\/wp-content\\\/uploads\\\/2024\\\/10\\\/final-logo.png\",\"contentUrl\":\"https:\\\/\\\/chemgramx.com\\\/wp-content\\\/uploads\\\/2024\\\/10\\\/final-logo.png\",\"width\":250,\"height\":48,\"caption\":\"Chemgramx\"},\"image\":{\"@id\":\"https:\\\/\\\/chemgramx.com\\\/#\\\/schema\\\/logo\\\/image\\\/\"}}]}<\/script>\n<!-- \/ Yoast SEO plugin. -->","yoast_head_json":{"title":"Koupit amfetamin online \u2013 \u010distota a kvalita","description":"Chcete si koupit amfetamin? Objevte n\u00e1\u0161 amfetamin nejvy\u0161\u0161\u00ed \u010distoty a v\u00fdzkumn\u00e9 kvality. Objednejte si nyn\u00ed amfetamin online pro sv\u00e9 studie. Bezpe\u010dn\u00fd n\u00e1kup zaru\u010den.","robots":{"index":"index","follow":"follow","max-snippet":"max-snippet:-1","max-image-preview":"max-image-preview:large","max-video-preview":"max-video-preview:-1"},"canonical":"https:\/\/chemgramx.com\/cs\/produkt-1\/koupit-amfetamin-online\/","og_locale":"cs_CZ","og_type":"article","og_title":"Amphetamin online kaufen - Reinheit & Qualit\u00e4t","og_description":"M\u00f6chten Sie Amphetamin kaufen? Entdecken Sie unser Amphetamin von h\u00f6chster Reinheit und Forschungsqualit\u00e4t. Jetzt Amphetamin online bestellen f\u00fcr Ihre Studien. Sicherer Kauf garantiert.","og_url":"https:\/\/chemgramx.com\/cs\/produkt-1\/koupit-amfetamin-online\/","og_site_name":"Chemgramx","article_modified_time":"2025-12-09T10:40:22+00:00","og_image":[{"width":1200,"height":1200,"url":"https:\/\/chemgramx.com\/wp-content\/uploads\/2025\/11\/amphetamines1.jpg","type":"image\/jpeg"}],"twitter_card":"summary_large_image","twitter_misc":{"Odhadovan\u00e1 doba \u010dten\u00ed":"2 minuty"},"schema":{"@context":"https:\/\/schema.org","@graph":[{"@type":"WebPage","@id":"https:\/\/chemgramx.com\/product\/amphetamin-online-kaufen\/","url":"https:\/\/chemgramx.com\/product\/amphetamin-online-kaufen\/","name":"Koupit amfetamin online \u2013 \u010distota a kvalita","isPartOf":{"@id":"https:\/\/chemgramx.com\/#website"},"primaryImageOfPage":{"@id":"https:\/\/chemgramx.com\/product\/amphetamin-online-kaufen\/#primaryimage"},"image":{"@id":"https:\/\/chemgramx.com\/product\/amphetamin-online-kaufen\/#primaryimage"},"thumbnailUrl":"https:\/\/chemgramx.com\/wp-content\/uploads\/2025\/11\/amphetamines1.jpg","datePublished":"2025-11-21T16:45:30+00:00","dateModified":"2025-12-09T10:40:22+00:00","description":"Chcete si koupit amfetamin? Objevte n\u00e1\u0161 amfetamin nejvy\u0161\u0161\u00ed \u010distoty a v\u00fdzkumn\u00e9 kvality. Objednejte si nyn\u00ed amfetamin online pro sv\u00e9 studie. Bezpe\u010dn\u00fd n\u00e1kup zaru\u010den.","breadcrumb":{"@id":"https:\/\/chemgramx.com\/product\/amphetamin-online-kaufen\/#breadcrumb"},"inLanguage":"cs","potentialAction":[{"@type":"ReadAction","target":["https:\/\/chemgramx.com\/product\/amphetamin-online-kaufen\/"]}]},{"@type":"ImageObject","inLanguage":"cs","@id":"https:\/\/chemgramx.com\/product\/amphetamin-online-kaufen\/#primaryimage","url":"https:\/\/chemgramx.com\/wp-content\/uploads\/2025\/11\/amphetamines1.jpg","contentUrl":"https:\/\/chemgramx.com\/wp-content\/uploads\/2025\/11\/amphetamines1.jpg","width":1200,"height":1200},{"@type":"BreadcrumbList","@id":"https:\/\/chemgramx.com\/product\/amphetamin-online-kaufen\/#breadcrumb","itemListElement":[{"@type":"ListItem","position":1,"name":"Home","item":"https:\/\/chemgramx.com\/"},{"@type":"ListItem","position":2,"name":"Shop","item":"https:\/\/chemgramx.com\/shop\/"},{"@type":"ListItem","position":3,"name":"Amphetamin online kaufen &#8211; Reinheit &amp; Qualit\u00e4t"}]},{"@type":"WebSite","@id":"https:\/\/chemgramx.com\/#website","url":"https:\/\/chemgramx.com\/","name":"Chemgramx","description":"","publisher":{"@id":"https:\/\/chemgramx.com\/#organization"},"potentialAction":[{"@type":"SearchAction","target":{"@type":"EntryPoint","urlTemplate":"https:\/\/chemgramx.com\/?s={search_term_string}"},"query-input":{"@type":"PropertyValueSpecification","valueRequired":true,"valueName":"search_term_string"}}],"inLanguage":"cs"},{"@type":"Organization","@id":"https:\/\/chemgramx.com\/#organization","name":"Chemgramx","url":"https:\/\/chemgramx.com\/","logo":{"@type":"ImageObject","inLanguage":"cs","@id":"https:\/\/chemgramx.com\/#\/schema\/logo\/image\/","url":"https:\/\/chemgramx.com\/wp-content\/uploads\/2024\/10\/final-logo.png","contentUrl":"https:\/\/chemgramx.com\/wp-content\/uploads\/2024\/10\/final-logo.png","width":250,"height":48,"caption":"Chemgramx"},"image":{"@id":"https:\/\/chemgramx.com\/#\/schema\/logo\/image\/"}}]}},"_links":{"self":[{"href":"https:\/\/chemgramx.com\/cs\/wp-json\/wp\/v2\/product\/8011","targetHints":{"allow":["GET"]}}],"collection":[{"href":"https:\/\/chemgramx.com\/cs\/wp-json\/wp\/v2\/product"}],"about":[{"href":"https:\/\/chemgramx.com\/cs\/wp-json\/wp\/v2\/types\/product"}],"replies":[{"embeddable":true,"href":"https:\/\/chemgramx.com\/cs\/wp-json\/wp\/v2\/comments?post=8011"}],"wp:featuredmedia":[{"embeddable":true,"href":"https:\/\/chemgramx.com\/cs\/wp-json\/wp\/v2\/media\/8065"}],"wp:attachment":[{"href":"https:\/\/chemgramx.com\/cs\/wp-json\/wp\/v2\/media?parent=8011"}],"wp:term":[{"taxonomy":"product_brand","embeddable":true,"href":"https:\/\/chemgramx.com\/cs\/wp-json\/wp\/v2\/product_brand?post=8011"},{"taxonomy":"product_cat","embeddable":true,"href":"https:\/\/chemgramx.com\/cs\/wp-json\/wp\/v2\/product_cat?post=8011"},{"taxonomy":"product_tag","embeddable":true,"href":"https:\/\/chemgramx.com\/cs\/wp-json\/wp\/v2\/product_tag?post=8011"}],"curies":[{"name":"wp","href":"https:\/\/api.w.org\/{rel}","templated":true}]}}