{"id":8012,"date":"2025-11-21T16:45:31","date_gmt":"2025-11-21T16:45:31","guid":{"rendered":"https:\/\/chemgramx.com\/?post_type=product&#038;p=8012"},"modified":"2025-12-09T10:40:14","modified_gmt":"2025-12-09T10:40:14","slug":"a-pvp-alfa-pyrrolidinovalerofenon-koupit-online","status":"publish","type":"product","link":"https:\/\/chemgramx.com\/cs\/product\/a-pvp-alpha-pyrrolidinovalerophenon-online-kaufen\/","title":{"rendered":"Koupit A-PVP \u2013 vysoce \u010dist\u00fd (nejvy\u0161\u0161\u00ed kvalita)"},"content":{"rendered":"<p>V\u00edtejte v Chemgramx, va\u0161em p\u0159edn\u00edm zdroji vysoce kvalitn\u00edch chemik\u00e1li\u00ed pro v\u00fdzkum. Objevte <b>Alfa-pyrrolidinovalerofenon (A-PVP)<\/b>, l\u00e1tka, kter\u00e1 ve v\u011bdeck\u00e9m v\u00fdzkumu z\u00edsk\u00e1v\u00e1 st\u00e1le v\u011bt\u0161\u00ed v\u00fdznam. Zaji\u0161\u0165ujeme, aby na\u0161e A-PVP m\u011blo impozantn\u00ed \u010distotu a bylo optimalizov\u00e1no v\u00fdhradn\u011b pro v\u00fdzkumn\u00e9 \u00fa\u010dely. D\u00edky tomu m\u016f\u017eete <b>A-PVP na prodej<\/b> najdete zde, kter\u00e9 spl\u0148uj\u00ed nejvy\u0161\u0161\u00ed standardy.<\/p>\n<p>Rozum\u00edme po\u017eadavk\u016fm modern\u00edch v\u011bdeck\u00fdch projekt\u016f. Proto v\u00e1m nab\u00edz\u00edme <b>\u0160pi\u010dkov\u00e1 kvalita A-PVP<\/b>, kter\u00e9 proch\u00e1z\u00ed p\u0159\u00edsn\u00fdm analytick\u00fdm procesem. D\u00edky tomu se v\u00fdzkumn\u00edci mohou spolehnout na konzistenci a spolehlivost na\u0161ich produkt\u016f. Ve spole\u010dnosti Chemgramx klademe nejv\u011bt\u0161\u00ed d\u016fraz na kvalitu pro va\u0161e studie.<\/p>\n<h2>Co je A-PVP (alfa-pyrrolidinovalerofenon)?<\/h2>\n<p><b>A-PVP<\/b>, v\u011bdecky zn\u00e1m\u00fd jako alfa-pyrrolidinovalerofenon, pat\u0159\u00ed do t\u0159\u00eddy katinon\u016f. Jedn\u00e1 se o syntetick\u00e9 stimulans, jeho\u017e struktura je \u00fazce p\u0159\u00edbuzn\u00e1 pyrovaleronu. Pou\u017e\u00edv\u00e1 se zejm\u00e9na v p\u0159edklinick\u00fdch studi\u00edch zam\u011b\u0159en\u00fdch na v\u00fdzkum neurologick\u00fdch proces\u016f. P\u0159esn\u00e9 chemick\u00e9 slo\u017een\u00ed je nav\u00edc rozhoduj\u00edc\u00ed pro reprodukovatelnost v\u00fdsledk\u016f v\u00fdzkumu.<\/p>\n<p>Tato molekula slou\u017e\u00ed prim\u00e1rn\u011b jako v\u00fdzkumn\u00e1 chemik\u00e1lie. Proto zd\u016fraz\u0148ujeme: N\u00e1\u0161 produkt je ur\u010den v\u00fdhradn\u011b pro v\u011bdeck\u00e9 a forenzn\u00ed \u00fa\u010dely. U\u017eivatel\u00e9 mus\u00ed p\u0159\u00edsn\u011b dodr\u017eovat pr\u00e1vn\u00ed a etick\u00e9 pokyny. Obecn\u011b je tato l\u00e1tka deriv\u00e1tem valerofenonu, zn\u00e1m\u00fdm pro sv\u016fj jedine\u010dn\u00fd \u00fa\u010dinek na centr\u00e1ln\u00ed nervov\u00fd syst\u00e9m.<\/p>\n<h2>Chemick\u00e1 struktura a vlastnosti<\/h2>\n<p>Chemick\u00fd vzorec A-PVP je C<sub>15<\/sub>H<sub>21<\/sub>NE. Struktur\u00e1ln\u011b se vyzna\u010duje fenylovou skupinou v\u00e1zanou na karbonylovou skupinu a pyrrolidinov\u00fd kruh. Charakteristick\u00fd je tak\u00e9 valerofenonov\u00fd \u0159et\u011bzec. Toto uspo\u0159\u00e1d\u00e1n\u00ed dod\u00e1v\u00e1 A-PVP jedine\u010dn\u00e9 fyzik\u00e1ln\u011b-chemick\u00e9 vlastnosti, kter\u00e9 jsou relevantn\u00ed pro specifick\u00e9 v\u00fdzkumn\u00e9 protokoly.<\/p>\n<p>A-PVP je obvykle b\u00edl\u00fd a\u017e kr\u00e9mov\u011b zbarven\u00fd krystalick\u00fd pr\u00e1\u0161ek, dob\u0159e rozpustn\u00fd v pol\u00e1rn\u00edch organick\u00fdch rozpou\u0161t\u011bdlech. \u010cistota je rozhoduj\u00edc\u00ed, proto je <b>Vysok\u00e1 \u010distota na prodej<\/b> u Chemgramx zaru\u010deno. Molekulov\u00e1 hmotnost je p\u0159ibli\u017en\u011b 231,33 g\/mol, bod t\u00e1n\u00ed se obvykle pohybuje mezi 120\u2013125 \u00b0C. Tyto transparentn\u00ed specifikace jsou nezbytn\u00e9 pro charakterizaci materi\u00e1lu v laborato\u0159i.<\/p>\n<h2>Oblasti pou\u017eit\u00ed ve v\u00fdzkumu<\/h2>\n<p>A-PVP se pou\u017e\u00edv\u00e1 hlavn\u011b v neurov\u011bd\u00e1ch a farmakologii. V\u00fdzkumn\u00e9 laborato\u0159e jej vyu\u017e\u00edvaj\u00ed ke studiu mechanism\u016f \u00fa\u010dinku stimulant\u016f na transport\u00e9ry dopaminu a noradrenalinu. To umo\u017e\u0148uje hlub\u0161\u00ed pochopen\u00ed neurotransmise. V\u011bdci tak mohou zkoumat potenci\u00e1ln\u00ed terapeutick\u00e9 p\u0159\u00edstupy.<\/p>\n<p>A-PVP se d\u00e1le pou\u017e\u00edv\u00e1 v toxikologick\u00fdch anal\u00fdz\u00e1ch. Slou\u017e\u00ed jako referen\u010dn\u00ed l\u00e1tka pro forenzn\u00ed laborato\u0159e k identifikaci nov\u00fdch psychoaktivn\u00edch l\u00e1tek. Zde je <b>Autentick\u00fd A-PVP<\/b> rozhoduj\u00edc\u00ed pro p\u0159esn\u00e9 srovn\u00e1vac\u00ed \u00fadaje. Stru\u010dn\u011b \u0159e\u010deno, jeho role ve forenzn\u00ed chemii je nezanedbateln\u00e1.<\/p>\n<p>Je v\u0161ak d\u016fle\u017eit\u00e9 zd\u016fraznit, \u017ee A-PVP nen\u00ed <b>v\u00fdhradn\u011b pro v\u00fdzkum in vitro a laboratorn\u00ed testy<\/b> ur\u010deno. Jak\u00e9koli jin\u00e9 pou\u017eit\u00ed poru\u0161uje na\u0161e podm\u00ednky pou\u017eit\u00ed. Komplexn\u00ed dokumentace je proto nezbytn\u00e1. Krom\u011b toho mohou v\u011bdci pou\u017e\u00edvat podobn\u00e9 chemik\u00e1lie jako <a href=\"https:\/\/chemgramx.com\/product\/5fur-144-online-bestellung\/\">Objednejte si 5F-UR-144 online<\/a>, aby diverzifikovali sv\u016fj v\u00fdzkum.<\/p>\n<h2>Bezpe\u010dnostn\u00ed aspekty a manipulace<\/h2>\n<p>Pr\u00e1ce s A-PVP vy\u017eaduje maxim\u00e1ln\u00ed opatrnost a dodr\u017eov\u00e1n\u00ed nejp\u0159\u00edsn\u011bj\u0161\u00edch bezpe\u010dnostn\u00edch protokol\u016f. Person\u00e1l mus\u00ed b\u00fdt pro\u0161kolen a mus\u00ed nosit vhodn\u00e9 osobn\u00ed ochrann\u00e9 prost\u0159edky (OOP). P\u0159esto je d\u016fle\u017eit\u00e9 zabr\u00e1nit jak\u00e9koli expozici.<\/p>\n<p>Skladov\u00e1n\u00ed by m\u011blo prob\u00edhat v chladn\u00e9m, such\u00e9m a dob\u0159e v\u011btran\u00e9m prostoru, mimo dosah p\u0159\u00edm\u00e9ho slune\u010dn\u00edho z\u00e1\u0159en\u00ed a vlhkosti. N\u00e1doby mus\u00ed b\u00fdt nav\u00edc pevn\u011b uzav\u0159eny a jasn\u011b ozna\u010deny. Ide\u00e1ln\u00ed jsou chemick\u00e9 bezpe\u010dnostn\u00ed sk\u0159\u00edn\u011b. Rovn\u011b\u017e je d\u016fle\u017eit\u00e9 zajistit \u0159\u00e1dn\u00e9 v\u011btr\u00e1n\u00ed pracovn\u00edho prostoru.<\/p>\n<p>P\u0159i n\u00e1hodn\u00e9m kontaktu s k\u016f\u017e\u00ed nebo o\u010dima je nutn\u00e9 okam\u017eit\u011b opl\u00e1chnout vodou a vyhledat l\u00e9ka\u0159skou pomoc. Likvidace zbytk\u016f A-PVP mus\u00ed b\u00fdt provedena v souladu s m\u00edstn\u00edmi a n\u00e1rodn\u00edmi p\u0159edpisy pro nebezpe\u010dn\u00fd odpad. T\u00edm je zaji\u0161t\u011bna bezpe\u010dn\u00e1 manipulace s t\u00edmto produktem. <b>Laboratorn\u00ed kvalita na prodej<\/b> stoj\u00edc\u00edho materi\u00e1lu.<\/p>\n<h2>Kvalita a \u010distota A-PVP u Chemgramx<\/h2>\n<p>V Chemgramx je kvalita na\u0161ich produkt\u016f na\u0161\u00ed nejvy\u0161\u0161\u00ed prioritou. Ka\u017ed\u00e1 \u0161ar\u017ee <b>A-PVP (alfa-pyrrolidinovalerofenon)<\/b> podl\u00e9h\u00e1 komplexn\u00edm kontrol\u00e1m kvality. Pomoc\u00ed nejmodern\u011bj\u0161\u00edch analytick\u00fdch technik, jako jsou GC-MS a HPLC, zaji\u0161\u0165ujeme \u010distotu p\u0159esahuj\u00edc\u00ed 98%. D\u00edky tomu se m\u016f\u017eete spolehnout na integritu sv\u00e9ho v\u00fdzkumu.<\/p>\n<p>Reprodukovateln\u00e9 v\u00fdsledky v\u00fdzkumu jsou zalo\u017eeny na \u010dist\u00fdch a konzistentn\u00edch materi\u00e1lech. Proto v\u00e1m nab\u00edz\u00edme <b>Kvalita v\u00fdzkumu na prodej<\/b>, kter\u00e9 spl\u0148uj\u00ed nejn\u00e1ro\u010dn\u011bj\u0161\u00ed laboratorn\u00ed standardy. Na\u0161e certifik\u00e1ty potvrzuj\u00ed slo\u017een\u00ed a \u010distotu ka\u017ed\u00e9 dod\u00e1vky. D\u00edky tomu v\u017edy obdr\u017e\u00edte produkt, kter\u00fd p\u0159ed\u010d\u00ed va\u0161e o\u010dek\u00e1v\u00e1n\u00ed.<\/p>\n<p>Krom\u011b toho je n\u00e1\u0161 A-PVP vyr\u00e1b\u011bn za p\u0159\u00edsn\u011b kontrolovan\u00fdch podm\u00ednek, aby se minimalizovalo zne\u010di\u0161t\u011bn\u00ed. Zav\u00e1zali jsme se k transparentnosti a poskytujeme certifik\u00e1ty anal\u00fdzy. To dokazuje n\u00e1\u0161 z\u00e1vazek k vynikaj\u00edc\u00ed kvalit\u011b produkt\u016f a spokojenosti z\u00e1kazn\u00edk\u016f. D\u00edky tomu jsme d\u016fv\u011bryhodn\u00fdm zdrojem pro <b>Nejlep\u0161\u00ed A-PVP na trhu<\/b>.<\/p>\n<h2>Pro\u010d koupit A-PVP (alfa-pyrrolidinovalerofenon) u Chemgramx?<\/h2>\n<p>Pokud jste <b>Objednejte si A-PVP online<\/b>, je Chemgramx va\u0161\u00ed prvn\u00ed volbou. Kombinujeme p\u0159\u00edsnou kontrolu kvality s bezpe\u010dn\u00fdm n\u00e1kupn\u00edm z\u00e1\u017eitkem. D\u00e1le klademe d\u016fraz na diskr\u00e9tnost a profesion\u00e1ln\u00ed vy\u0159\u00edzen\u00ed v\u0161ech objedn\u00e1vek. Na\u0161\u00edm c\u00edlem je usnadnit v\u00e1m p\u0159\u00edstup k prvot\u0159\u00eddn\u00edm v\u00fdzkumn\u00fdm chemik\u00e1li\u00edm.<\/p>\n<p>Na\u0161e odhodl\u00e1n\u00ed podporovat v\u00e1\u0161 v\u00fdzkum se odr\u00e1\u017e\u00ed ve v\u0161ech aspektech na\u0161ich slu\u017eeb. Nab\u00edz\u00edme nejen <b>\u0160pi\u010dkov\u00e1 kvalita A-PVP<\/b>, ale tak\u00e9 kompetentn\u00ed z\u00e1kaznickou podporu. Tak se m\u016f\u017eete soust\u0159edit na svou v\u011bdeckou pr\u00e1ci, zat\u00edmco my se postar\u00e1me o n\u00e1kup.<\/p>\n<p>U Chemgramx m\u016f\u017eete t\u011b\u017eit z n\u00e1sleduj\u00edc\u00edch v\u00fdhod:<\/p>\n<ul>\n<li><b>Zaru\u010den\u00e1 \u010distota:<\/b> Ka\u017ed\u00e1 \u0161ar\u017ee je p\u0159\u00edsn\u011b kontrolov\u00e1na.<\/li>\n<li><b>Komplexn\u00ed dokumentace:<\/b> Certifik\u00e1ty anal\u00fdzy na vy\u017e\u00e1d\u00e1n\u00ed.<\/li>\n<li><b>Diskr\u00e9tn\u00ed zpracov\u00e1n\u00ed:<\/b> Va\u0161e objedn\u00e1vka bude zpracov\u00e1na s maxim\u00e1ln\u00ed p\u00e9\u010d\u00ed.<\/li>\n<li><b>Vynikaj\u00edc\u00ed z\u00e1kaznick\u00fd servis:<\/b> V\u017edy p\u0159ipraveni odpov\u011bd\u011bt na va\u0161e dotazy.<\/li>\n<\/ul>\n<p>M\u016f\u017eete s d\u016fv\u011brou <b>Koupit A-PVP na Chemgramx<\/b> a z\u00edskat produkt, kter\u00fd byl zpracov\u00e1n s nejvy\u0161\u0161\u00ed p\u00e9\u010d\u00ed. N\u00e1\u0161 proces zaji\u0161\u0165uje <b>Bezpe\u010dn\u00fd n\u00e1kup<\/b> Va\u0161e v\u00fdzkumn\u00e9 materi\u00e1ly.<\/p>\n<h2>Shrnut\u00ed a z\u00e1v\u011br<\/h2>\n<p>Souhrnn\u011b lze \u0159\u00edci, \u017ee A-PVP (alfa-pyrrolidinovalerofenon) je nepostradatelnou v\u00fdzkumnou chemik\u00e1li\u00ed pro neurov\u011bdu a toxikologii. Jeho jedine\u010dn\u00e9 vlastnosti z n\u011bj \u010din\u00ed cenn\u00fd n\u00e1stroj pro podrobn\u00e9 studie. Kvalita materi\u00e1lu je p\u0159itom nanejv\u00fd\u0161 d\u016fle\u017eit\u00e1 pro platn\u00e9 a reprodukovateln\u00e9 v\u00fdsledky.<\/p>\n<p>My v Chemgramx jsme hrd\u00ed na to, \u017ee v\u00e1m m\u016f\u017eeme nab\u00eddnout p\u0159\u00edstup k <b>\u0160pi\u010dkov\u00e1 kvalita A-PVP<\/b> , kter\u00e9 podl\u00e9h\u00e1 p\u0159\u00edsn\u00fdm kontrol\u00e1m kvality. M\u016f\u017eete se tedy spolehnout, \u017ee pro sv\u00e9 projekty z\u00edsk\u00e1te \u010dist\u00fd a autentick\u00fd produkt. Nev\u00e1hejte, <a href=\"https:\/\/chemgramx.com\/product\/a-pvp-alpha-pyrrolidinovalerophenon-online-kaufen\/\">Koupit online nyn\u00ed<\/a> a posunout sv\u016fj v\u00fdzkum na dal\u0161\u00ed \u00farove\u0148.<\/p>\n<p>Zveme v\u00e1s k prozkoum\u00e1n\u00ed mo\u017enost\u00ed na\u0161eho alfa-pyrrolidinovalerofenonu. Spolehn\u011bte se na Chemgramx pro sv\u00e9 v\u00fdzkumn\u00e9 chemik\u00e1lie a za\u017eijte rozd\u00edl, kter\u00fd p\u0159in\u00e1\u0161\u00ed kvalita a servis. Najdete zde tak\u00e9 dal\u0161\u00ed produkty, jako jsou <a href=\"https:\/\/chemgramx.com\/product\/5fur-144-online-bestellung\/\">5F-UR-144 na prodej<\/a>.<\/p>","protected":false},"excerpt":{"rendered":"<p>Objevte Chemgramx <b>A-PVP (alfa-pyrrolidinovalerofenon)<\/b> nejvy\u0161\u0161\u00ed \u010distoty a v\u00fdzkumn\u00e9 kvality. Nab\u00edz\u00edme v\u00e1m autentick\u00fd materi\u00e1l pro va\u0161e v\u011bdeck\u00e9 projekty. Nyn\u00ed <b>Koupit A-PVP<\/b> u Chemgramx.<\/p>","protected":false},"featured_media":8066,"comment_status":"open","ping_status":"closed","template":"","meta":{"_joinchat":[]},"product_brand":[],"product_cat":[48],"product_tag":[2809,2811,2804,2810,2813,2805,2806,2808,2812,2807],"class_list":{"0":"post-8012","1":"product","2":"type-product","3":"status-publish","4":"has-post-thumbnail","6":"product_cat-stimulants","7":"product_tag-a-pvp-chemikalien","8":"product_tag-a-pvp-drogen","9":"product_tag-a-pvp-kaufen","10":"product_tag-a-pvp-kaufen-deutschland","11":"product_tag-a-pvp-kaufen-shop","12":"product_tag-a-pvp-kristalle","13":"product_tag-a-pvp-online-kaufen","14":"product_tag-a-pvp-preis","15":"product_tag-a-pvp-prodej","16":"product_tag-alpha-pyrrolidinovalerophenon-kaufen","18":"first","19":"instock","20":"shipping-taxable","21":"purchasable","22":"product-type-variable"},"yoast_head":"<!-- This site is optimized with the Yoast SEO plugin v27.5 - https:\/\/yoast.com\/product\/yoast-seo-wordpress\/ -->\n<title>A-PVP kaufen - Hochrein (Top Qualit\u00e4t)<\/title>\n<meta name=\"description\" content=\"Entdecken Sie Alpha-Pyrrolidinovalerophenon (A-PVP) in h\u00f6chster Forschungsg\u00fcte bei Chemgramx. Jetzt A-PVP kaufen und sicheren Erwerb erleben. Ideal f\u00fcr wissenschaftliche Studien.\" \/>\n<meta name=\"robots\" content=\"index, follow, max-snippet:-1, max-image-preview:large, max-video-preview:-1\" \/>\n<link rel=\"canonical\" href=\"https:\/\/chemgramx.com\/cs\/produkt-1\/a-pvp-alfa-pyrrolidinovalerofenon-koupit-online\/\" \/>\n<meta property=\"og:locale\" content=\"cs_CZ\" \/>\n<meta property=\"og:type\" content=\"article\" \/>\n<meta property=\"og:title\" content=\"A-PVP kaufen - Hochrein (Top Qualit\u00e4t)\" \/>\n<meta property=\"og:description\" content=\"Entdecken Sie Alpha-Pyrrolidinovalerophenon (A-PVP) in h\u00f6chster Forschungsg\u00fcte bei Chemgramx. Jetzt A-PVP kaufen und sicheren Erwerb erleben. Ideal f\u00fcr wissenschaftliche Studien.\" \/>\n<meta property=\"og:url\" content=\"https:\/\/chemgramx.com\/cs\/produkt-1\/a-pvp-alfa-pyrrolidinovalerofenon-koupit-online\/\" \/>\n<meta property=\"og:site_name\" content=\"Chemgramx\" \/>\n<meta property=\"article:modified_time\" content=\"2025-12-09T10:40:14+00:00\" \/>\n<meta property=\"og:image\" content=\"https:\/\/chemgramx.com\/wp-content\/uploads\/2025\/11\/A-PVP-kaufen.jpg\" \/>\n\t<meta property=\"og:image:width\" content=\"324\" \/>\n\t<meta property=\"og:image:height\" content=\"324\" \/>\n\t<meta property=\"og:image:type\" content=\"image\/jpeg\" \/>\n<meta name=\"twitter:card\" content=\"summary_large_image\" \/>\n<meta name=\"twitter:label1\" content=\"Odhadovan\u00e1 doba \u010dten\u00ed\" \/>\n\t<meta name=\"twitter:data1\" content=\"2 minuty\" \/>\n<script type=\"application\/ld+json\" class=\"yoast-schema-graph\">{\"@context\":\"https:\\\/\\\/schema.org\",\"@graph\":[{\"@type\":\"WebPage\",\"@id\":\"https:\\\/\\\/chemgramx.com\\\/product\\\/a-pvp-alpha-pyrrolidinovalerophenon-online-kaufen\\\/\",\"url\":\"https:\\\/\\\/chemgramx.com\\\/product\\\/a-pvp-alpha-pyrrolidinovalerophenon-online-kaufen\\\/\",\"name\":\"A-PVP kaufen - Hochrein (Top Qualit\u00e4t)\",\"isPartOf\":{\"@id\":\"https:\\\/\\\/chemgramx.com\\\/#website\"},\"primaryImageOfPage\":{\"@id\":\"https:\\\/\\\/chemgramx.com\\\/product\\\/a-pvp-alpha-pyrrolidinovalerophenon-online-kaufen\\\/#primaryimage\"},\"image\":{\"@id\":\"https:\\\/\\\/chemgramx.com\\\/product\\\/a-pvp-alpha-pyrrolidinovalerophenon-online-kaufen\\\/#primaryimage\"},\"thumbnailUrl\":\"https:\\\/\\\/chemgramx.com\\\/wp-content\\\/uploads\\\/2025\\\/11\\\/A-PVP-kaufen.jpg\",\"datePublished\":\"2025-11-21T16:45:31+00:00\",\"dateModified\":\"2025-12-09T10:40:14+00:00\",\"description\":\"Entdecken Sie Alpha-Pyrrolidinovalerophenon (A-PVP) in h\u00f6chster Forschungsg\u00fcte bei Chemgramx. Jetzt A-PVP kaufen und sicheren Erwerb erleben. Ideal f\u00fcr wissenschaftliche Studien.\",\"breadcrumb\":{\"@id\":\"https:\\\/\\\/chemgramx.com\\\/product\\\/a-pvp-alpha-pyrrolidinovalerophenon-online-kaufen\\\/#breadcrumb\"},\"inLanguage\":\"cs\",\"potentialAction\":[{\"@type\":\"ReadAction\",\"target\":[\"https:\\\/\\\/chemgramx.com\\\/product\\\/a-pvp-alpha-pyrrolidinovalerophenon-online-kaufen\\\/\"]}]},{\"@type\":\"ImageObject\",\"inLanguage\":\"cs\",\"@id\":\"https:\\\/\\\/chemgramx.com\\\/product\\\/a-pvp-alpha-pyrrolidinovalerophenon-online-kaufen\\\/#primaryimage\",\"url\":\"https:\\\/\\\/chemgramx.com\\\/wp-content\\\/uploads\\\/2025\\\/11\\\/A-PVP-kaufen.jpg\",\"contentUrl\":\"https:\\\/\\\/chemgramx.com\\\/wp-content\\\/uploads\\\/2025\\\/11\\\/A-PVP-kaufen.jpg\",\"width\":324,\"height\":324},{\"@type\":\"BreadcrumbList\",\"@id\":\"https:\\\/\\\/chemgramx.com\\\/product\\\/a-pvp-alpha-pyrrolidinovalerophenon-online-kaufen\\\/#breadcrumb\",\"itemListElement\":[{\"@type\":\"ListItem\",\"position\":1,\"name\":\"Home\",\"item\":\"https:\\\/\\\/chemgramx.com\\\/\"},{\"@type\":\"ListItem\",\"position\":2,\"name\":\"Shop\",\"item\":\"https:\\\/\\\/chemgramx.com\\\/shop\\\/\"},{\"@type\":\"ListItem\",\"position\":3,\"name\":\"A-PVP kaufen &#8211; Hochrein (Top Qualit\u00e4t)\"}]},{\"@type\":\"WebSite\",\"@id\":\"https:\\\/\\\/chemgramx.com\\\/#website\",\"url\":\"https:\\\/\\\/chemgramx.com\\\/\",\"name\":\"Chemgramx\",\"description\":\"\",\"publisher\":{\"@id\":\"https:\\\/\\\/chemgramx.com\\\/#organization\"},\"potentialAction\":[{\"@type\":\"SearchAction\",\"target\":{\"@type\":\"EntryPoint\",\"urlTemplate\":\"https:\\\/\\\/chemgramx.com\\\/?s={search_term_string}\"},\"query-input\":{\"@type\":\"PropertyValueSpecification\",\"valueRequired\":true,\"valueName\":\"search_term_string\"}}],\"inLanguage\":\"cs\"},{\"@type\":\"Organization\",\"@id\":\"https:\\\/\\\/chemgramx.com\\\/#organization\",\"name\":\"Chemgramx\",\"url\":\"https:\\\/\\\/chemgramx.com\\\/\",\"logo\":{\"@type\":\"ImageObject\",\"inLanguage\":\"cs\",\"@id\":\"https:\\\/\\\/chemgramx.com\\\/#\\\/schema\\\/logo\\\/image\\\/\",\"url\":\"https:\\\/\\\/chemgramx.com\\\/wp-content\\\/uploads\\\/2024\\\/10\\\/final-logo.png\",\"contentUrl\":\"https:\\\/\\\/chemgramx.com\\\/wp-content\\\/uploads\\\/2024\\\/10\\\/final-logo.png\",\"width\":250,\"height\":48,\"caption\":\"Chemgramx\"},\"image\":{\"@id\":\"https:\\\/\\\/chemgramx.com\\\/#\\\/schema\\\/logo\\\/image\\\/\"}}]}<\/script>\n<!-- \/ Yoast SEO plugin. -->","yoast_head_json":{"title":"Koupit A-PVP \u2013 vysoce \u010dist\u00fd (\u0161pi\u010dkov\u00e1 kvalita)","description":"Objevte alfa-pyrrolidinovalerofenon (A-PVP) v nejvy\u0161\u0161\u00ed v\u00fdzkumn\u00e9 kvalit\u011b u Chemgramx. Kupte si A-PVP hned te\u010f a za\u017eijte bezpe\u010dn\u00fd n\u00e1kup. Ide\u00e1ln\u00ed pro v\u011bdeck\u00e9 studie.","robots":{"index":"index","follow":"follow","max-snippet":"max-snippet:-1","max-image-preview":"max-image-preview:large","max-video-preview":"max-video-preview:-1"},"canonical":"https:\/\/chemgramx.com\/cs\/produkt-1\/a-pvp-alfa-pyrrolidinovalerofenon-koupit-online\/","og_locale":"cs_CZ","og_type":"article","og_title":"A-PVP kaufen - Hochrein (Top Qualit\u00e4t)","og_description":"Entdecken Sie Alpha-Pyrrolidinovalerophenon (A-PVP) in h\u00f6chster Forschungsg\u00fcte bei Chemgramx. Jetzt A-PVP kaufen und sicheren Erwerb erleben. Ideal f\u00fcr wissenschaftliche Studien.","og_url":"https:\/\/chemgramx.com\/cs\/produkt-1\/a-pvp-alfa-pyrrolidinovalerofenon-koupit-online\/","og_site_name":"Chemgramx","article_modified_time":"2025-12-09T10:40:14+00:00","og_image":[{"width":324,"height":324,"url":"https:\/\/chemgramx.com\/wp-content\/uploads\/2025\/11\/A-PVP-kaufen.jpg","type":"image\/jpeg"}],"twitter_card":"summary_large_image","twitter_misc":{"Odhadovan\u00e1 doba \u010dten\u00ed":"2 minuty"},"schema":{"@context":"https:\/\/schema.org","@graph":[{"@type":"WebPage","@id":"https:\/\/chemgramx.com\/product\/a-pvp-alpha-pyrrolidinovalerophenon-online-kaufen\/","url":"https:\/\/chemgramx.com\/product\/a-pvp-alpha-pyrrolidinovalerophenon-online-kaufen\/","name":"Koupit A-PVP \u2013 vysoce \u010dist\u00fd (\u0161pi\u010dkov\u00e1 kvalita)","isPartOf":{"@id":"https:\/\/chemgramx.com\/#website"},"primaryImageOfPage":{"@id":"https:\/\/chemgramx.com\/product\/a-pvp-alpha-pyrrolidinovalerophenon-online-kaufen\/#primaryimage"},"image":{"@id":"https:\/\/chemgramx.com\/product\/a-pvp-alpha-pyrrolidinovalerophenon-online-kaufen\/#primaryimage"},"thumbnailUrl":"https:\/\/chemgramx.com\/wp-content\/uploads\/2025\/11\/A-PVP-kaufen.jpg","datePublished":"2025-11-21T16:45:31+00:00","dateModified":"2025-12-09T10:40:14+00:00","description":"Objevte alfa-pyrrolidinovalerofenon (A-PVP) v nejvy\u0161\u0161\u00ed v\u00fdzkumn\u00e9 kvalit\u011b u Chemgramx. Kupte si A-PVP hned te\u010f a za\u017eijte bezpe\u010dn\u00fd n\u00e1kup. Ide\u00e1ln\u00ed pro v\u011bdeck\u00e9 studie.","breadcrumb":{"@id":"https:\/\/chemgramx.com\/product\/a-pvp-alpha-pyrrolidinovalerophenon-online-kaufen\/#breadcrumb"},"inLanguage":"cs","potentialAction":[{"@type":"ReadAction","target":["https:\/\/chemgramx.com\/product\/a-pvp-alpha-pyrrolidinovalerophenon-online-kaufen\/"]}]},{"@type":"ImageObject","inLanguage":"cs","@id":"https:\/\/chemgramx.com\/product\/a-pvp-alpha-pyrrolidinovalerophenon-online-kaufen\/#primaryimage","url":"https:\/\/chemgramx.com\/wp-content\/uploads\/2025\/11\/A-PVP-kaufen.jpg","contentUrl":"https:\/\/chemgramx.com\/wp-content\/uploads\/2025\/11\/A-PVP-kaufen.jpg","width":324,"height":324},{"@type":"BreadcrumbList","@id":"https:\/\/chemgramx.com\/product\/a-pvp-alpha-pyrrolidinovalerophenon-online-kaufen\/#breadcrumb","itemListElement":[{"@type":"ListItem","position":1,"name":"Home","item":"https:\/\/chemgramx.com\/"},{"@type":"ListItem","position":2,"name":"Shop","item":"https:\/\/chemgramx.com\/shop\/"},{"@type":"ListItem","position":3,"name":"A-PVP kaufen &#8211; Hochrein (Top Qualit\u00e4t)"}]},{"@type":"WebSite","@id":"https:\/\/chemgramx.com\/#website","url":"https:\/\/chemgramx.com\/","name":"Chemgramx","description":"","publisher":{"@id":"https:\/\/chemgramx.com\/#organization"},"potentialAction":[{"@type":"SearchAction","target":{"@type":"EntryPoint","urlTemplate":"https:\/\/chemgramx.com\/?s={search_term_string}"},"query-input":{"@type":"PropertyValueSpecification","valueRequired":true,"valueName":"search_term_string"}}],"inLanguage":"cs"},{"@type":"Organization","@id":"https:\/\/chemgramx.com\/#organization","name":"Chemgramx","url":"https:\/\/chemgramx.com\/","logo":{"@type":"ImageObject","inLanguage":"cs","@id":"https:\/\/chemgramx.com\/#\/schema\/logo\/image\/","url":"https:\/\/chemgramx.com\/wp-content\/uploads\/2024\/10\/final-logo.png","contentUrl":"https:\/\/chemgramx.com\/wp-content\/uploads\/2024\/10\/final-logo.png","width":250,"height":48,"caption":"Chemgramx"},"image":{"@id":"https:\/\/chemgramx.com\/#\/schema\/logo\/image\/"}}]}},"_links":{"self":[{"href":"https:\/\/chemgramx.com\/cs\/wp-json\/wp\/v2\/product\/8012","targetHints":{"allow":["GET"]}}],"collection":[{"href":"https:\/\/chemgramx.com\/cs\/wp-json\/wp\/v2\/product"}],"about":[{"href":"https:\/\/chemgramx.com\/cs\/wp-json\/wp\/v2\/types\/product"}],"replies":[{"embeddable":true,"href":"https:\/\/chemgramx.com\/cs\/wp-json\/wp\/v2\/comments?post=8012"}],"wp:featuredmedia":[{"embeddable":true,"href":"https:\/\/chemgramx.com\/cs\/wp-json\/wp\/v2\/media\/8066"}],"wp:attachment":[{"href":"https:\/\/chemgramx.com\/cs\/wp-json\/wp\/v2\/media?parent=8012"}],"wp:term":[{"taxonomy":"product_brand","embeddable":true,"href":"https:\/\/chemgramx.com\/cs\/wp-json\/wp\/v2\/product_brand?post=8012"},{"taxonomy":"product_cat","embeddable":true,"href":"https:\/\/chemgramx.com\/cs\/wp-json\/wp\/v2\/product_cat?post=8012"},{"taxonomy":"product_tag","embeddable":true,"href":"https:\/\/chemgramx.com\/cs\/wp-json\/wp\/v2\/product_tag?post=8012"}],"curies":[{"name":"wp","href":"https:\/\/api.w.org\/{rel}","templated":true}]}}