{"id":8022,"date":"2025-11-21T16:45:57","date_gmt":"2025-11-21T16:45:57","guid":{"rendered":"https:\/\/chemgramx.com\/?post_type=product&#038;p=8022"},"modified":"2025-12-09T10:31:40","modified_gmt":"2025-12-09T10:31:40","slug":"buy-nep-n-ethylhexedrone-online","status":"publish","type":"product","link":"https:\/\/chemgramx.com\/cs\/product\/nep-n-ethylhexedron-online-kaufen\/","title":{"rendered":"Koupit NEP N-ethylhexedron \u2013 vysok\u00e1 \u010distota"},"content":{"rendered":"<p>V\u00edtejte v Chemgramx, va\u0161em d\u016fv\u011bryhodn\u00e9m zdroji vysoce kvalitn\u00edch chemik\u00e1li\u00ed pro v\u00fdzkum. Pokud hled\u00e1te <b>N-ethylhexedron<\/b> jste na spr\u00e1vn\u00e9m m\u00edst\u011b. Nab\u00edz\u00edme v\u00e1m mo\u017enost, <b>NEP (N-ethylhexedron) na prodej<\/b> kter\u00fd byl speci\u00e1ln\u011b vyvinut pro n\u00e1ro\u010dn\u00e9 laboratorn\u00ed prost\u0159ed\u00ed.<\/p>\n<p>Krom\u011b toho se zam\u011b\u0159ujeme na poskytov\u00e1n\u00ed l\u00e1tek s <b>vysok\u00e1 \u010distota na prodej<\/b>, aby byla zaji\u0161t\u011bna spolehlivost va\u0161ich experiment\u00e1ln\u00edch v\u00fdsledk\u016f. D\u00e1le zaji\u0161\u0165ujeme, aby ka\u017ed\u00fd produkt, kter\u00fd u n\u00e1s zakoup\u00edte, byl <b>V\u00fdzkumn\u00e1 t\u0159\u00edda na prodej<\/b> co\u017e je ide\u00e1ln\u00ed pro v\u011bdeck\u00fd v\u00fdzkum. Objevte na\u0161i nab\u00eddku a <b>Objednejte si NEP online<\/b>, abyste mohli pokro\u010dit ve sv\u00fdch v\u00fdzkumn\u00fdch projektech. Zde m\u016f\u017eete <b><a href=\"https:\/\/chemgramx.com\/product\/nep-n-ethylhexedron-online-kaufen\/\">Koupit NEP (N-Ethylhexedron) online<\/a><\/b>.<\/p>\n<h2>Co je NEP (N-ethylhexedron)?<\/h2>\n<p>N-ethylhexedron, \u010dasto zkracovan\u00fd jako NEP, je syntetick\u00e1 l\u00e1tka ze skupiny katinon\u016f. Chemicky je velmi podobn\u00fd hexedronu, li\u0161\u00ed se v\u0161ak ethylovou skupinou na atomu dus\u00edku. Tato modifikace dod\u00e1v\u00e1 NEP specifick\u00e9 vlastnosti, d\u00edky nim\u017e je zaj\u00edmav\u00fdm p\u0159edm\u011btem v\u00fdzkumu.<\/p>\n<p>Proto se pou\u017e\u00edv\u00e1 v akademick\u00fdch a soukrom\u00fdch laborato\u0159\u00edch po cel\u00e9m sv\u011bt\u011b pro analytick\u00e9 a spektroskopick\u00e9 studie. Zkoum\u00e1n\u00ed jeho interakc\u00ed s r\u016fzn\u00fdmi biologick\u00fdmi syst\u00e9my a chemick\u00fdmi \u010dinidly je p\u0159edm\u011btem velk\u00e9ho v\u011bdeck\u00e9ho z\u00e1jmu. Proto je <b>autentick\u00fd NEP<\/b> nezbytn\u00e9 pro p\u0159esn\u00fd v\u00fdzkum.<\/p>\n<h2>Vlastnosti a pou\u017eit\u00ed N-ethylhexedronu<\/h2>\n<p>NEP se vyzna\u010duje krystalickou strukturou a obvykle se prod\u00e1v\u00e1 jako b\u00edl\u00fd nebo sv\u011btle kr\u00e9mov\u00fd pr\u00e1\u0161ek. D\u00edky sv\u00e9 stabilit\u011b p\u0159i vhodn\u00fdch skladovac\u00edch podm\u00ednk\u00e1ch je spolehliv\u00fdm \u010dinidlem pro dlouhodob\u00e9 studie. V laborato\u0159i se N-ethylhexedron pou\u017e\u00edv\u00e1 p\u0159edev\u0161\u00edm v chemick\u00e9 anal\u00fdze a jako referen\u010dn\u00ed standard.<\/p>\n<p>Krom\u011b toho jej v\u011bdci vyu\u017e\u00edvaj\u00ed k pochopen\u00ed farmakologick\u00fdch profil\u016f deriv\u00e1t\u016f katinonu. Poznatky z t\u011bchto studi\u00ed v\u00fdznamn\u011b p\u0159isp\u00edvaj\u00ed k roz\u0161\u00ed\u0159en\u00ed znalost\u00ed o syntetick\u00fdch stimulantech. Z tohoto d\u016fvodu je <b>Laboratorn\u00ed kvalita na prodej<\/b> od NEP m\u00e1 z\u00e1sadn\u00ed v\u00fdznam pro reprodukovateln\u00e9 v\u00fdsledky.<\/p>\n<h3>Chemick\u00e1 struktura a \u010distota<\/h3>\n<p>Chemick\u00fd vzorec NEP je C13H19NO. P\u0159esn\u00e1 molekul\u00e1rn\u00ed struktura je rozhoduj\u00edc\u00ed pro identifikaci a charakterizaci l\u00e1tky. Ve spole\u010dnosti Chemgramx klademe velk\u00fd d\u016fraz na \u010distotu na\u0161ich produkt\u016f. Z\u00edsk\u00e1te tak <b>NEP nejvy\u0161\u0161\u00ed kvality<\/b>, kter\u00e9 pro\u0161ly p\u0159\u00edsn\u00fdmi kontrolami kvality.<\/p>\n<p>Vysok\u00fd stupe\u0148 \u010distoty, obvykle p\u0159es 98%, je nezbytn\u00fd k zabr\u00e1n\u011bn\u00ed interferenc\u00ed zp\u016fsoben\u00fdch ne\u010distotami v experiment\u00e1ln\u00edch sestav\u00e1ch. D\u00e1le to zaru\u010duje, \u017ee va\u0161e v\u00fdzkumn\u00e9 v\u00fdsledky budou p\u0159esn\u00e9 a v\u00fdmluvn\u00e9. Nakonec je zaru\u010den\u00e1 \u010distota charakteristick\u00fdm znakem na\u0161\u00ed nab\u00eddky.<\/p>\n<table border=\"1\">\n<thead>\n<tr>\n<th>vlastnost<\/th>\n<th>Hodnota\/popis<\/th>\n<\/tr>\n<\/thead>\n<tbody>\n<tr>\n<td>Chemick\u00fd vzorec<\/td>\n<td>C13H19NO<\/td>\n<\/tr>\n<tr>\n<td>mol\u00e1rn\u00ed hmotnost<\/td>\n<td>205,30 g\/mol<\/td>\n<\/tr>\n<tr>\n<td>agrega\u010dn\u00ed stav<\/td>\n<td>Krystalick\u00fd pr\u00e1\u0161ek<\/td>\n<\/tr>\n<tr>\n<td>\u010cistota (HPLC)<\/td>\n<td>\u226598,5%<\/td>\n<\/tr>\n<tr>\n<td>Barva<\/td>\n<td>B\u00edl\u00e1 a\u017e sv\u011btle kr\u00e9mov\u00e1 barva<\/td>\n<\/tr>\n<tr>\n<td>Rozpustnost<\/td>\n<td>Dobr\u00e1 rozpustnost v organick\u00fdch rozpou\u0161t\u011bdlech<\/td>\n<\/tr>\n<\/tbody>\n<\/table>\n<h3>V\u00fdzkumn\u00fd potenci\u00e1l a laboratorn\u00ed aplikace<\/h3>\n<p>V\u00fdzkumn\u00fd potenci\u00e1l NEP je rozmanit\u00fd a t\u00fdk\u00e1 se oblast\u00ed jako neurobiologie, farmakologie a toxikologie. Slou\u017e\u00ed jako cenn\u00fd n\u00e1stroj pro zkoum\u00e1n\u00ed mechanism\u016f neurotransmiter\u016f v centr\u00e1ln\u00edm nervov\u00e9m syst\u00e9mu. V d\u016fsledku toho m\u016f\u017ee poskytnout informace o \u00fa\u010dinku podobn\u00fdch slou\u010denin.<\/p>\n<p>Krom\u011b toho se NEP \u010dasto pou\u017e\u00edv\u00e1 ve forenzn\u00ed chemii k v\u00fdvoji a validaci detek\u010dn\u00edch metod. To je obzvl\u00e1\u0161t\u011b d\u016fle\u017eit\u00e9 vzhledem k neust\u00e1l\u00e9mu v\u00fdvoji syntetick\u00fdch l\u00e1tek na trhu. S <b>nejlep\u0161\u00ed NEP k dispozici<\/b> podporujeme va\u0161e d\u016fle\u017eit\u00e9 analytick\u00e9 pr\u00e1ce.<\/p>\n<h2>Pro\u010d kupovat NEP (N-ethylhexedron) u Chemgramx?<\/h2>\n<p>Spole\u010dnost Chemgramx se etablovala jako p\u0159edn\u00ed dodavatel chemik\u00e1li\u00ed pro v\u00fdzkum, proto\u017ee v\u017edy garantujeme nejvy\u0161\u0161\u00ed kvalitu a spolehlivost. Pokud <b>Objednejte si N-ethylhexedron online<\/b> jsme va\u0161\u00edm ide\u00e1ln\u00edm partnerem. Rozum\u00edme po\u017eadavk\u016fm v\u011bdeck\u00e9 komunity a d\u011bl\u00e1me v\u0161e pro to, abychom je splnili.<\/p>\n<p>Krom\u011b toho je n\u00e1kup chemik\u00e1li\u00ed pro v\u00fdzkum ot\u00e1zkou d\u016fv\u011bry. Nab\u00edz\u00edme nejen produkty od <b>nejvy\u0161\u0161\u00ed \u010distoty na prodej<\/b>, ale tak\u00e9 transparentn\u00ed a bezpe\u010dn\u00fd proces zad\u00e1v\u00e1n\u00ed ve\u0159ejn\u00fdch zak\u00e1zek. Z tohoto d\u016fvodu se st\u00e1le v\u00edce v\u00fdzkumn\u00fdch pracovn\u00edk\u016f rozhoduje pro, <b><a href=\"https:\/\/chemgramx.com\/product\/nep-n-ethylhexedron-online-kaufen\/\">Koupit NEP u Chemgramx<\/a><\/b>.<\/p>\n<h3>N\u00e1\u0161 slib kvality<\/h3>\n<p>Na\u0161e snaha o kvalitu za\u010d\u00edn\u00e1 pe\u010dliv\u00fdm v\u00fdb\u011brem surovin a pokra\u010duje po celou dobu v\u00fdrobn\u00edho procesu. Ka\u017ed\u00e1 \u0161ar\u017ee NEP proch\u00e1z\u00ed komplexn\u00edmi testy, kter\u00e9 potvrzuj\u00ed jej\u00ed \u010distotu, identitu a konzistenci. Tyto testy zahrnuj\u00ed pokro\u010dil\u00e9 analytick\u00e9 techniky, jako je HPLC a NMR spektroskopie.<\/p>\n<p>D\u00e1le jsme hrd\u00ed na to, \u017ee pou\u017e\u00edv\u00e1me pouze <b>\u0160pi\u010dkov\u00e1 kvalita NEP<\/b> , kter\u00e9 spl\u0148uj\u00ed na\u0161e p\u0159\u00edsn\u00e9 standardy. Na\u0161\u00edm c\u00edlem je dod\u00e1vat v\u00e1m v\u00fdzkumn\u00e9 chemik\u00e1lie, na kter\u00e9 se m\u016f\u017eete p\u0159i sv\u00fdch kritick\u00fdch experimentech spolehnout. Nab\u00edz\u00edme tak\u00e9 <b><a href=\"https:\/\/chemgramx.com\/product\/bk-ebdp-online-bestellung\/\">jin\u00e9 v\u00fdzkumn\u00e9 chemik\u00e1lie<\/a><\/b> podobn\u00e9 kvality.<\/p>\n<h3>Bezpe\u010dn\u00e9 zpracov\u00e1n\u00ed a integrita dat<\/h3>\n<p>Va\u0161e bezpe\u010dnost a ochrana va\u0161ich \u00fadaj\u016f jsou pro n\u00e1s nanejv\u00fd\u0161 d\u016fle\u017eit\u00e9. Zaru\u010dujeme <b>bezpe\u010dn\u00fd n\u00e1kup<\/b> d\u00edky pou\u017eit\u00ed nejmodern\u011bj\u0161\u00edch \u0161ifrovac\u00edch technologi\u00ed pro v\u0161echny transakce. D\u00edky tomu m\u016f\u017eete s d\u016fv\u011brou <b>koupit online<\/b>.<\/p>\n<p>V\u0161echny objedn\u00e1vky jsou nav\u00edc zpracov\u00e1v\u00e1ny s maxim\u00e1ln\u00ed diskr\u00e9tnost\u00ed a p\u00e9\u010d\u00ed. S va\u0161imi produkty zach\u00e1z\u00edme s nejvy\u0161\u0161\u00ed opatrnost\u00ed, abychom zajistili jejich neporu\u0161enost. N\u00e1\u0161 t\u00fdm se sna\u017e\u00ed efektivn\u011b a profesion\u00e1ln\u011b splnit va\u0161e po\u017eadavky.<\/p>\n<h2>Bezpe\u010dnost pou\u017eit\u00ed a manipulace v laborato\u0159i<\/h2>\n<p>Bezpe\u010dn\u00e9 zach\u00e1zen\u00ed s v\u00fdzkumn\u00fdmi chemik\u00e1liemi je nanejv\u00fd\u0161 d\u016fle\u017eit\u00e9 pro minimalizaci rizik pro person\u00e1l a \u017eivotn\u00ed prost\u0159ed\u00ed. NEP by m\u011bl b\u00fdt, stejn\u011b jako v\u0161echny potenci\u00e1ln\u011b \u00fa\u010dinn\u00e9 l\u00e1tky, manipulov\u00e1n pouze vy\u0161kolen\u00fdm person\u00e1lem v kontrolovan\u00e9m laboratorn\u00edm prost\u0159ed\u00ed. Osobn\u00ed ochrann\u00e9 prost\u0159edky (OOP) jsou p\u0159i tom nezbytn\u00e9.<\/p>\n<p>Proto doporu\u010dujeme p\u0159\u00edsn\u00e9 dodr\u017eov\u00e1n\u00ed laboratorn\u00edch pokyn\u016f a bezpe\u010dnostn\u00edch list\u016f (SDB). Je nutn\u00e9 zajistit dostate\u010dn\u00e9 v\u011btr\u00e1n\u00ed a nosit rukavice, ochrann\u00e9 br\u00fdle a laboratorn\u00ed pl\u00e1\u0161\u0165. To v\u00fdznamn\u011b p\u0159isp\u00edv\u00e1 k bezpe\u010dnosti na pracovi\u0161ti.<\/p>\n<h3>Jak zach\u00e1zet s NEP: doporu\u010den\u00ed<\/h3>\n<ul>\n<li>NEP pou\u017e\u00edvejte v\u00fdhradn\u011b pro v\u00fdzkumn\u00e9 \u00fa\u010dely.<\/li>\n<li>Pracujte pod digesto\u0159\u00ed, abyste minimalizovali vystaven\u00ed v\u00fdpar\u016fm nebo prachu.<\/li>\n<li>Vyhn\u011bte se p\u0159\u00edm\u00e9mu kontaktu s poko\u017ekou a o\u010dima. V p\u0159\u00edpad\u011b kontaktu okam\u017eit\u011b opl\u00e1chn\u011bte velk\u00fdm mno\u017estv\u00edm vody.<\/li>\n<li>M\u011bjte po ruce nouzov\u00e9 vybaven\u00ed, jako jsou o\u010dn\u00ed sprchy a hasic\u00ed p\u0159\u00edstroje.<\/li>\n<li>Zbytky zlikvidujte v souladu s m\u00edstn\u00edmi p\u0159edpisy pro chemick\u00fd odpad.<\/li>\n<\/ul>\n<p>D\u00e1le je vhodn\u00e9 p\u0159ed ka\u017ed\u00fdm experimentem prov\u00e9st posouzen\u00ed rizik. Tak lze v\u010das rozpoznat potenci\u00e1ln\u00ed nebezpe\u010d\u00ed a p\u0159ijmout odpov\u00eddaj\u00edc\u00ed ochrann\u00e1 opat\u0159en\u00ed. Odpov\u011bdn\u00fd p\u0159\u00edstup je z\u00e1kladem ka\u017ed\u00e9ho \u00fasp\u011b\u0161n\u00e9ho v\u00fdzkumu.<\/p>\n<h3>Skladov\u00e1n\u00ed a stabilita<\/h3>\n<p>Pro zachov\u00e1n\u00ed integrity a \u010distoty NEP je rozhoduj\u00edc\u00ed spr\u00e1vn\u00e9 skladov\u00e1n\u00ed. M\u011bl by b\u00fdt uchov\u00e1v\u00e1n v pevn\u011b uzav\u0159en\u00e9 n\u00e1dob\u011b, v chladu, suchu a chr\u00e1n\u011bn p\u0159ed p\u0159\u00edm\u00fdm slune\u010dn\u00edm z\u00e1\u0159en\u00edm. T\u00edm se zabr\u00e1n\u00ed degradaci l\u00e1tky v pr\u016fb\u011bhu \u010dasu.<\/p>\n<p>Krom\u011b toho je nezbytn\u011b nutn\u00e9 skladovat produkt mimo dosah neopr\u00e1vn\u011bn\u00fdch osob a d\u011bt\u00ed. Dodr\u017eov\u00e1n\u00ed t\u011bchto skladovac\u00edch podm\u00ednek zaru\u010duje dlouhodobou stabilitu produktu. Zejm\u00e9na je d\u016fle\u017eit\u00e9 zabr\u00e1nit vlhkosti.<\/p>\n<h2>Pr\u00e1vn\u00ed aspekty a odpov\u011bdnost<\/h2>\n<p>N\u00e1kup a pou\u017eit\u00ed N-ethylhexedronu podl\u00e9h\u00e1 n\u00e1rodn\u00edm a mezin\u00e1rodn\u00edm z\u00e1kon\u016fm a p\u0159edpis\u016fm. Je odpov\u011bdnost\u00ed kupuj\u00edc\u00edho sezn\u00e1mit se s platn\u00fdmi p\u0159edpisy ve sv\u00e9 jurisdikci a dodr\u017eovat je. Chemgramx nab\u00edz\u00ed NEP v\u00fdhradn\u011b pro v\u00fdzkumn\u00e9 a analytick\u00e9 \u00fa\u010dely.<\/p>\n<p>Proto je pou\u017eit\u00ed k jin\u00fdm \u00fa\u010del\u016fm p\u0159\u00edsn\u011b zak\u00e1z\u00e1no a prob\u00edh\u00e1 na vlastn\u00ed nebezpe\u010d\u00ed kupuj\u00edc\u00edho. V\u00fdslovn\u011b zd\u016fraz\u0148ujeme, \u017ee na\u0161e produkty nejsou ur\u010deny k lidsk\u00e9 spot\u0159eb\u011b ani k terapeutick\u00fdm \u00fa\u010del\u016fm. Na\u0161\u00edm spole\u010dn\u00fdm z\u00e1jmem je jejich odpov\u011bdn\u00e9 pou\u017e\u00edv\u00e1n\u00ed.<\/p>\n<h3>Regulace a dodr\u017eov\u00e1n\u00ed p\u0159edpis\u016f<\/h3>\n<p>Zavazujeme se dodr\u017eovat v\u0161echny p\u0159\u00edslu\u0161n\u00e9 z\u00e1kony a p\u0159edpisy t\u00fdkaj\u00edc\u00ed se prodeje chemik\u00e1li\u00ed pro v\u00fdzkumn\u00e9 \u00fa\u010dely. Na\u0161e procesy jsou navr\u017eeny tak, aby zajistily dodr\u017eov\u00e1n\u00ed p\u0159edpis\u016f. Nakonec podporujeme odpov\u011bdnou v\u00fdzkumnou komunitu.<\/p>\n<p>D\u00e1le od na\u0161ich z\u00e1kazn\u00edk\u016f o\u010dek\u00e1v\u00e1me, \u017ee budou dodr\u017eovat v\u0161echny m\u00edstn\u00ed a mezin\u00e1rodn\u00ed z\u00e1kony. Otev\u0159en\u00fd dialog o pr\u00e1vn\u00edch po\u017eadavc\u00edch je pro n\u00e1s d\u016fle\u017eit\u00fd. Proto se v\u017edy sna\u017e\u00edme poskytovat v\u0161echny pot\u0159ebn\u00e9 informace.<\/p>\n<h2>Z\u00e1v\u011br: Po\u0159i\u010fte si N-ethylhexedron pro sv\u016fj v\u00fdzkum<\/h2>\n<p>Souhrnn\u011b lze \u0159\u00edci, \u017ee NEP (N-ethylhexedron) je cenn\u00e1 v\u00fdzkumn\u00e1 chemik\u00e1lie v mnoha v\u011bdeck\u00fdch oborech. N\u00e1kup l\u00e1tek nejvy\u0161\u0161\u00ed \u010distoty a kvality je rozhoduj\u00edc\u00ed pro \u00fasp\u011bch va\u0161ich projekt\u016f. U Chemgramx najdete spolehlivou nab\u00eddku, kter\u00e1 t\u011bmto po\u017eadavk\u016fm vyhovuje.<\/p>\n<p>Zveme v\u00e1s, abyste vyu\u017eili v\u00fdhody <b>nejlep\u0161\u00ed NEP k dispozici<\/b> pro sv\u00e9 analytick\u00e9 a experiment\u00e1ln\u00ed pr\u00e1ce. Zajist\u011bte si pot\u0159ebn\u00e9 reagencie a posu\u0148te sv\u016fj v\u00fdzkum kup\u0159edu. <b>Koupit online nyn\u00ed<\/b> a vyu\u017eijte na\u0161e odborn\u00e9 znalosti!<\/p>","protected":false},"excerpt":{"rendered":"<p><b>NEP (N-ethylhexedron)<\/b> je vysoce kvalitn\u00ed v\u00fdzkumn\u00e1 chemik\u00e1lie ze t\u0159\u00eddy katinon\u016f, ide\u00e1ln\u00ed pro n\u00e1ro\u010dn\u00e9 laboratorn\u00ed aplikace. Vyzna\u010duje se vysokou \u010distotou a stabilitou, co\u017e zaru\u010duje p\u0159esn\u00e9 a spolehliv\u00e9 v\u00fdsledky v\u00fdzkumu. Zakoupit <b>Koupit NEP<\/b> pro va\u0161e studium <b>u Chemgramx<\/b> a vyu\u017eijte na\u0161eho slibu kvality. N\u00e1\u0161 produkt je ur\u010den pouze pro v\u00fdzkumn\u00e9 \u00fa\u010dely.<\/p>","protected":false},"featured_media":8077,"comment_status":"open","ping_status":"closed","template":"","meta":{"_joinchat":[]},"product_brand":[],"product_cat":[48],"product_tag":[2775,2772,2777,1905,2776,2779,1908,2773,2774,2778],"class_list":{"0":"post-8022","1":"product","2":"type-product","3":"status-publish","4":"has-post-thumbnail","6":"product_cat-stimulants","7":"product_tag-n-ethylhexedron-chemikalien","8":"product_tag-n-ethylhexedron-kaufen","9":"product_tag-nep-drogen","10":"product_tag-nep-kaufen","11":"product_tag-nep-kaufen-deutschland","12":"product_tag-nep-kaufen-shop","13":"product_tag-nep-kristalle","14":"product_tag-nep-online-kaufen","15":"product_tag-nep-preis","16":"product_tag-nep-prodej","18":"first","19":"instock","20":"shipping-taxable","21":"purchasable","22":"product-type-variable"},"yoast_head":"<!-- This site is optimized with the Yoast SEO plugin v27.5 - https:\/\/yoast.com\/product\/yoast-seo-wordpress\/ -->\n<title>NEP N-Ethylhexedron kaufen \u2013 Hohe Reinheit<\/title>\n<meta name=\"description\" content=\"Entdecken Sie hochwertiges NEP (N-Ethylhexedron) f\u00fcr Ihre Forschung. Kaufen Sie NEP mit hoher Reinheit online f\u00fcr Laborzwecke bei Chemgramx. Sicher &amp; seri\u00f6s.\" \/>\n<meta name=\"robots\" content=\"index, follow, max-snippet:-1, max-image-preview:large, max-video-preview:-1\" \/>\n<link rel=\"canonical\" href=\"https:\/\/chemgramx.com\/cs\/produkt-1\/buy-nep-n-ethylhexedrone-online\/\" \/>\n<meta property=\"og:locale\" content=\"cs_CZ\" \/>\n<meta property=\"og:type\" content=\"article\" \/>\n<meta property=\"og:title\" content=\"NEP N-Ethylhexedron kaufen \u2013 Hohe Reinheit\" \/>\n<meta property=\"og:description\" content=\"Entdecken Sie hochwertiges NEP (N-Ethylhexedron) f\u00fcr Ihre Forschung. Kaufen Sie NEP mit hoher Reinheit online f\u00fcr Laborzwecke bei Chemgramx. Sicher &amp; seri\u00f6s.\" \/>\n<meta property=\"og:url\" content=\"https:\/\/chemgramx.com\/cs\/produkt-1\/buy-nep-n-ethylhexedrone-online\/\" \/>\n<meta property=\"og:site_name\" content=\"Chemgramx\" \/>\n<meta property=\"article:modified_time\" content=\"2025-12-09T10:31:40+00:00\" \/>\n<meta property=\"og:image\" content=\"https:\/\/chemgramx.com\/wp-content\/uploads\/2025\/11\/NEP-N-Ethylhexedron.jpg\" \/>\n\t<meta property=\"og:image:width\" content=\"474\" \/>\n\t<meta property=\"og:image:height\" content=\"355\" \/>\n\t<meta property=\"og:image:type\" content=\"image\/jpeg\" \/>\n<meta name=\"twitter:card\" content=\"summary_large_image\" \/>\n<meta name=\"twitter:label1\" content=\"Odhadovan\u00e1 doba \u010dten\u00ed\" \/>\n\t<meta name=\"twitter:data1\" content=\"2 minuty\" \/>\n<script type=\"application\/ld+json\" class=\"yoast-schema-graph\">{\"@context\":\"https:\\\/\\\/schema.org\",\"@graph\":[{\"@type\":\"WebPage\",\"@id\":\"https:\\\/\\\/chemgramx.com\\\/product\\\/nep-n-ethylhexedron-online-kaufen\\\/\",\"url\":\"https:\\\/\\\/chemgramx.com\\\/product\\\/nep-n-ethylhexedron-online-kaufen\\\/\",\"name\":\"NEP N-Ethylhexedron kaufen \u2013 Hohe Reinheit\",\"isPartOf\":{\"@id\":\"https:\\\/\\\/chemgramx.com\\\/#website\"},\"primaryImageOfPage\":{\"@id\":\"https:\\\/\\\/chemgramx.com\\\/product\\\/nep-n-ethylhexedron-online-kaufen\\\/#primaryimage\"},\"image\":{\"@id\":\"https:\\\/\\\/chemgramx.com\\\/product\\\/nep-n-ethylhexedron-online-kaufen\\\/#primaryimage\"},\"thumbnailUrl\":\"https:\\\/\\\/chemgramx.com\\\/wp-content\\\/uploads\\\/2025\\\/11\\\/NEP-N-Ethylhexedron.jpg\",\"datePublished\":\"2025-11-21T16:45:57+00:00\",\"dateModified\":\"2025-12-09T10:31:40+00:00\",\"description\":\"Entdecken Sie hochwertiges NEP (N-Ethylhexedron) f\u00fcr Ihre Forschung. Kaufen Sie NEP mit hoher Reinheit online f\u00fcr Laborzwecke bei Chemgramx. Sicher & seri\u00f6s.\",\"breadcrumb\":{\"@id\":\"https:\\\/\\\/chemgramx.com\\\/product\\\/nep-n-ethylhexedron-online-kaufen\\\/#breadcrumb\"},\"inLanguage\":\"cs\",\"potentialAction\":[{\"@type\":\"ReadAction\",\"target\":[\"https:\\\/\\\/chemgramx.com\\\/product\\\/nep-n-ethylhexedron-online-kaufen\\\/\"]}]},{\"@type\":\"ImageObject\",\"inLanguage\":\"cs\",\"@id\":\"https:\\\/\\\/chemgramx.com\\\/product\\\/nep-n-ethylhexedron-online-kaufen\\\/#primaryimage\",\"url\":\"https:\\\/\\\/chemgramx.com\\\/wp-content\\\/uploads\\\/2025\\\/11\\\/NEP-N-Ethylhexedron.jpg\",\"contentUrl\":\"https:\\\/\\\/chemgramx.com\\\/wp-content\\\/uploads\\\/2025\\\/11\\\/NEP-N-Ethylhexedron.jpg\",\"width\":474,\"height\":355},{\"@type\":\"BreadcrumbList\",\"@id\":\"https:\\\/\\\/chemgramx.com\\\/product\\\/nep-n-ethylhexedron-online-kaufen\\\/#breadcrumb\",\"itemListElement\":[{\"@type\":\"ListItem\",\"position\":1,\"name\":\"Home\",\"item\":\"https:\\\/\\\/chemgramx.com\\\/\"},{\"@type\":\"ListItem\",\"position\":2,\"name\":\"Shop\",\"item\":\"https:\\\/\\\/chemgramx.com\\\/shop\\\/\"},{\"@type\":\"ListItem\",\"position\":3,\"name\":\"NEP N-Ethylhexedron kaufen \u2013 Hohe Reinheit\"}]},{\"@type\":\"WebSite\",\"@id\":\"https:\\\/\\\/chemgramx.com\\\/#website\",\"url\":\"https:\\\/\\\/chemgramx.com\\\/\",\"name\":\"Chemgramx\",\"description\":\"\",\"publisher\":{\"@id\":\"https:\\\/\\\/chemgramx.com\\\/#organization\"},\"potentialAction\":[{\"@type\":\"SearchAction\",\"target\":{\"@type\":\"EntryPoint\",\"urlTemplate\":\"https:\\\/\\\/chemgramx.com\\\/?s={search_term_string}\"},\"query-input\":{\"@type\":\"PropertyValueSpecification\",\"valueRequired\":true,\"valueName\":\"search_term_string\"}}],\"inLanguage\":\"cs\"},{\"@type\":\"Organization\",\"@id\":\"https:\\\/\\\/chemgramx.com\\\/#organization\",\"name\":\"Chemgramx\",\"url\":\"https:\\\/\\\/chemgramx.com\\\/\",\"logo\":{\"@type\":\"ImageObject\",\"inLanguage\":\"cs\",\"@id\":\"https:\\\/\\\/chemgramx.com\\\/#\\\/schema\\\/logo\\\/image\\\/\",\"url\":\"https:\\\/\\\/chemgramx.com\\\/wp-content\\\/uploads\\\/2024\\\/10\\\/final-logo.png\",\"contentUrl\":\"https:\\\/\\\/chemgramx.com\\\/wp-content\\\/uploads\\\/2024\\\/10\\\/final-logo.png\",\"width\":250,\"height\":48,\"caption\":\"Chemgramx\"},\"image\":{\"@id\":\"https:\\\/\\\/chemgramx.com\\\/#\\\/schema\\\/logo\\\/image\\\/\"}}]}<\/script>\n<!-- \/ Yoast SEO plugin. -->","yoast_head_json":{"title":"Koupit NEP N-ethylhexedron \u2013 vysok\u00e1 \u010distota","description":"Objevte vysoce kvalitn\u00ed NEP (N-ethylhexedron) pro sv\u016fj v\u00fdzkum. Nakupujte NEP s vysokou \u010distotou online pro laboratorn\u00ed \u00fa\u010dely na Chemgramx. Bezpe\u010dn\u00e9 a seri\u00f3zn\u00ed.","robots":{"index":"index","follow":"follow","max-snippet":"max-snippet:-1","max-image-preview":"max-image-preview:large","max-video-preview":"max-video-preview:-1"},"canonical":"https:\/\/chemgramx.com\/cs\/produkt-1\/buy-nep-n-ethylhexedrone-online\/","og_locale":"cs_CZ","og_type":"article","og_title":"NEP N-Ethylhexedron kaufen \u2013 Hohe Reinheit","og_description":"Entdecken Sie hochwertiges NEP (N-Ethylhexedron) f\u00fcr Ihre Forschung. Kaufen Sie NEP mit hoher Reinheit online f\u00fcr Laborzwecke bei Chemgramx. Sicher & seri\u00f6s.","og_url":"https:\/\/chemgramx.com\/cs\/produkt-1\/buy-nep-n-ethylhexedrone-online\/","og_site_name":"Chemgramx","article_modified_time":"2025-12-09T10:31:40+00:00","og_image":[{"width":474,"height":355,"url":"https:\/\/chemgramx.com\/wp-content\/uploads\/2025\/11\/NEP-N-Ethylhexedron.jpg","type":"image\/jpeg"}],"twitter_card":"summary_large_image","twitter_misc":{"Odhadovan\u00e1 doba \u010dten\u00ed":"2 minuty"},"schema":{"@context":"https:\/\/schema.org","@graph":[{"@type":"WebPage","@id":"https:\/\/chemgramx.com\/product\/nep-n-ethylhexedron-online-kaufen\/","url":"https:\/\/chemgramx.com\/product\/nep-n-ethylhexedron-online-kaufen\/","name":"Koupit NEP N-ethylhexedron \u2013 vysok\u00e1 \u010distota","isPartOf":{"@id":"https:\/\/chemgramx.com\/#website"},"primaryImageOfPage":{"@id":"https:\/\/chemgramx.com\/product\/nep-n-ethylhexedron-online-kaufen\/#primaryimage"},"image":{"@id":"https:\/\/chemgramx.com\/product\/nep-n-ethylhexedron-online-kaufen\/#primaryimage"},"thumbnailUrl":"https:\/\/chemgramx.com\/wp-content\/uploads\/2025\/11\/NEP-N-Ethylhexedron.jpg","datePublished":"2025-11-21T16:45:57+00:00","dateModified":"2025-12-09T10:31:40+00:00","description":"Objevte vysoce kvalitn\u00ed NEP (N-ethylhexedron) pro sv\u016fj v\u00fdzkum. Nakupujte NEP s vysokou \u010distotou online pro laboratorn\u00ed \u00fa\u010dely na Chemgramx. Bezpe\u010dn\u00e9 a seri\u00f3zn\u00ed.","breadcrumb":{"@id":"https:\/\/chemgramx.com\/product\/nep-n-ethylhexedron-online-kaufen\/#breadcrumb"},"inLanguage":"cs","potentialAction":[{"@type":"ReadAction","target":["https:\/\/chemgramx.com\/product\/nep-n-ethylhexedron-online-kaufen\/"]}]},{"@type":"ImageObject","inLanguage":"cs","@id":"https:\/\/chemgramx.com\/product\/nep-n-ethylhexedron-online-kaufen\/#primaryimage","url":"https:\/\/chemgramx.com\/wp-content\/uploads\/2025\/11\/NEP-N-Ethylhexedron.jpg","contentUrl":"https:\/\/chemgramx.com\/wp-content\/uploads\/2025\/11\/NEP-N-Ethylhexedron.jpg","width":474,"height":355},{"@type":"BreadcrumbList","@id":"https:\/\/chemgramx.com\/product\/nep-n-ethylhexedron-online-kaufen\/#breadcrumb","itemListElement":[{"@type":"ListItem","position":1,"name":"Home","item":"https:\/\/chemgramx.com\/"},{"@type":"ListItem","position":2,"name":"Shop","item":"https:\/\/chemgramx.com\/shop\/"},{"@type":"ListItem","position":3,"name":"NEP N-Ethylhexedron kaufen \u2013 Hohe Reinheit"}]},{"@type":"WebSite","@id":"https:\/\/chemgramx.com\/#website","url":"https:\/\/chemgramx.com\/","name":"Chemgramx","description":"","publisher":{"@id":"https:\/\/chemgramx.com\/#organization"},"potentialAction":[{"@type":"SearchAction","target":{"@type":"EntryPoint","urlTemplate":"https:\/\/chemgramx.com\/?s={search_term_string}"},"query-input":{"@type":"PropertyValueSpecification","valueRequired":true,"valueName":"search_term_string"}}],"inLanguage":"cs"},{"@type":"Organization","@id":"https:\/\/chemgramx.com\/#organization","name":"Chemgramx","url":"https:\/\/chemgramx.com\/","logo":{"@type":"ImageObject","inLanguage":"cs","@id":"https:\/\/chemgramx.com\/#\/schema\/logo\/image\/","url":"https:\/\/chemgramx.com\/wp-content\/uploads\/2024\/10\/final-logo.png","contentUrl":"https:\/\/chemgramx.com\/wp-content\/uploads\/2024\/10\/final-logo.png","width":250,"height":48,"caption":"Chemgramx"},"image":{"@id":"https:\/\/chemgramx.com\/#\/schema\/logo\/image\/"}}]}},"_links":{"self":[{"href":"https:\/\/chemgramx.com\/cs\/wp-json\/wp\/v2\/product\/8022","targetHints":{"allow":["GET"]}}],"collection":[{"href":"https:\/\/chemgramx.com\/cs\/wp-json\/wp\/v2\/product"}],"about":[{"href":"https:\/\/chemgramx.com\/cs\/wp-json\/wp\/v2\/types\/product"}],"replies":[{"embeddable":true,"href":"https:\/\/chemgramx.com\/cs\/wp-json\/wp\/v2\/comments?post=8022"}],"wp:featuredmedia":[{"embeddable":true,"href":"https:\/\/chemgramx.com\/cs\/wp-json\/wp\/v2\/media\/8077"}],"wp:attachment":[{"href":"https:\/\/chemgramx.com\/cs\/wp-json\/wp\/v2\/media?parent=8022"}],"wp:term":[{"taxonomy":"product_brand","embeddable":true,"href":"https:\/\/chemgramx.com\/cs\/wp-json\/wp\/v2\/product_brand?post=8022"},{"taxonomy":"product_cat","embeddable":true,"href":"https:\/\/chemgramx.com\/cs\/wp-json\/wp\/v2\/product_cat?post=8022"},{"taxonomy":"product_tag","embeddable":true,"href":"https:\/\/chemgramx.com\/cs\/wp-json\/wp\/v2\/product_tag?post=8022"}],"curies":[{"name":"wp","href":"https:\/\/api.w.org\/{rel}","templated":true}]}}