{"id":8034,"date":"2025-11-21T16:46:32","date_gmt":"2025-11-21T16:46:32","guid":{"rendered":"https:\/\/chemgramx.com\/?post_type=product&#038;p=8034"},"modified":"2025-12-09T10:26:28","modified_gmt":"2025-12-09T10:26:28","slug":"buy-4-mph-4-methylphenidate-online","status":"publish","type":"product","link":"https:\/\/chemgramx.com\/cs\/product\/4-mph-4-methylphenidat-online-kaufen\/","title":{"rendered":"Koupit 4-MPH \u2013 v\u00fdzkumn\u00e1 chemik\u00e1lie (vysok\u00e1 kvalita)"},"content":{"rendered":"<p>V\u00edtejte v Chemgramx, va\u0161em p\u0159edn\u00edm zdroji vysoce kvalitn\u00edch chemik\u00e1li\u00ed pro v\u00fdzkum. Pokud <b>4-MPH na prodej<\/b> chcete zakoupit, u n\u00e1s najdete produkty vynikaj\u00edc\u00ed \u010distoty a kvality. Jsme hrd\u00ed na to, \u017ee nab\u00edz\u00edme pouze chemik\u00e1lie, kter\u00e9 spl\u0148uj\u00ed nejp\u0159\u00edsn\u011bj\u0161\u00ed laboratorn\u00ed standardy. N\u00e1\u0161 4-methylfenid\u00e1t je proto speci\u00e1ln\u011b navr\u017een pro v\u011bdeck\u00e9 a v\u00fdzkumn\u00e9 \u00fa\u010dely. Vysok\u00e1 \u010distota zaru\u010duje spolehliv\u00e9 v\u00fdsledky va\u0161ich studi\u00ed.<\/p>\n<p><b>4-methylfenid\u00e1t<\/b>, \u010dasto jako <b>4-MPH<\/b> zkratka, je slou\u010denina, kter\u00e1 vzbuzuje rostouc\u00ed z\u00e1jem ve v\u00fdzkumn\u00e9 komunit\u011b. Pat\u0159\u00ed do t\u0159\u00eddy fenid\u00e1t\u016f a je zkoum\u00e1na kv\u016fli sv\u00fdm potenci\u00e1ln\u00edm \u00fa\u010dink\u016fm na centr\u00e1ln\u00ed nervov\u00fd syst\u00e9m. Krom\u011b toho dostupnost <b>vysoce kvalitn\u00ed 4-MPH<\/b> P\u0159esn\u00e9 experimenty a fundovan\u00e9 poznatky. Objevte n\u00e1\u0161 sortiment a p\u0159esv\u011bd\u010dte se sami o kvalit\u011b, kterou v\u00e1m m\u016f\u017eeme nab\u00eddnout.<\/p>\n<h2>Oblasti pou\u017eit\u00ed a v\u00fdzkumn\u00fd potenci\u00e1l<\/h2>\n<p><b>4-MPH<\/b> je ur\u010den p\u0159edev\u0161\u00edm pro laboratorn\u00ed studie a chemick\u00e9 anal\u00fdzy. V\u011bdci po cel\u00e9m sv\u011bt\u011b jej pou\u017e\u00edvaj\u00ed k lep\u0161\u00edmu pochopen\u00ed jeho farmakologick\u00fdch vlastnost\u00ed a potenci\u00e1ln\u00edch aplikac\u00ed. Nap\u0159\u00edklad se \u010dasto pou\u017e\u00edv\u00e1 in vitro nebo in vivo v kontrolovan\u00fdch prost\u0159ed\u00edch k v\u00fdzkumu jeho interakc\u00ed s neurotransmitery. Z tohoto d\u016fvodu je p\u0159esn\u00e9 slo\u017een\u00ed l\u00e1tky rozhoduj\u00edc\u00ed pro platn\u00e9 v\u00fdsledky studie.<\/p>\n<p>Krom\u011b toho molekula nab\u00edz\u00ed \u0161irok\u00e9 spektrum v\u00fdzkumn\u00fdch mo\u017enost\u00ed. M\u016f\u017ee b\u00fdt pou\u017eita k v\u00fdzkumu stimulant\u016f, jejich mechanism\u016f a potenci\u00e1ln\u00edch terapeutick\u00fdch \u00fa\u010dink\u016f. Nab\u00edz\u00edme <b>V\u00fdzkumn\u00e1 t\u0159\u00edda 4-MPH na prodej<\/b> kter\u00fd spl\u0148uje tyto n\u00e1ro\u010dn\u00e9 po\u017eadavky. Mnoho v\u011bdc\u016f proto d\u016fv\u011b\u0159uje na\u0161im p\u0159esn\u00fdm a spolehliv\u00fdm l\u00e1tk\u00e1m pro sv\u00e9 d\u016fle\u017eit\u00e9 projekty.<\/p>\n<p>V\u0161estrannost <b>4-MPH<\/b> z n\u011bj \u010din\u00ed cenn\u00fd n\u00e1stroj v r\u016fzn\u00fdch oborech neurov\u011bd a farmakologie. Umo\u017e\u0148uje hlub\u0161\u00ed vhled do fungov\u00e1n\u00ed mozku a v\u00fdvoj nov\u00fdch l\u00e9\u010debn\u00fdch p\u0159\u00edstup\u016f. Krom\u011b toho je \u010dasto porovn\u00e1v\u00e1n s jin\u00fdmi slou\u010deninami, aby bylo mo\u017en\u00e9 identifikovat spektr\u00e1ln\u00ed rozd\u00edly a potenci\u00e1ln\u00ed synergie. Takto m\u016f\u017eete <b>nejlep\u0161\u00ed 4-MPH k dispozici<\/b> pro va\u0161e v\u00fdzkumn\u00e9 projekty u Chemgramx.<\/p>\n<h2>Kvalita a \u010distota u Chemgramx<\/h2>\n<p>Ve spole\u010dnosti Chemgramx klademe nejv\u011bt\u0161\u00ed d\u016fraz na kvalitu na\u0161ich produkt\u016f. Na\u0161e <b>4-methylfenid\u00e1t<\/b> je vyr\u00e1b\u011bn a testov\u00e1n za nejp\u0159\u00edsn\u011bj\u0161\u00edch laboratorn\u00edch podm\u00ednek. M\u016f\u017eete se tedy spolehnout, \u017ee dostanete produkt od <b>nejvy\u0161\u0161\u00ed \u010distoty na prodej<\/b> . Ka\u017ed\u00e1 \u0161ar\u017ee je pe\u010dliv\u011b kontrolov\u00e1na, aby se vylou\u010dila kontaminace a potvrdila uveden\u00e1 koncentrace. To je d\u016fvod, pro\u010d jsme pova\u017eov\u00e1ni za d\u016fv\u011bryhodn\u00e9ho dodavatele.<\/p>\n<p>Ch\u00e1peme, \u017ee ve v\u011bdeck\u00e9m v\u00fdzkumu je konzistence a spolehlivost nanejv\u00fd\u0161 d\u016fle\u017eit\u00e1. Proto nab\u00edz\u00edme v\u00fdhradn\u011b <b>Laboratorn\u00ed kvalita 4-MPH na prodej<\/b> , kter\u00e1 spl\u0148uje nejvy\u0161\u0161\u00ed pr\u016fmyslov\u00e9 standardy. Pokud <b>autentick\u00fd 4-MPH<\/b> hled\u00e1te, Chemgramx je pro v\u00e1s tou spr\u00e1vnou volbou. Na\u0161e odhodl\u00e1n\u00ed dosahovat excelence se odr\u00e1\u017e\u00ed v ka\u017ed\u00e9m z na\u0161ich produkt\u016f, d\u00edky \u010demu\u017e m\u016f\u017eeme zaru\u010dit st\u00e1lou kvalitu v\u00fdzkumu.<\/p>\n<p>Pro optim\u00e1ln\u00ed podporu va\u0161eho v\u00fdzkumu je nezbytn\u00e9 m\u00edt p\u0159\u00edstup k nej\u010dist\u0161\u00edm l\u00e1tk\u00e1m. Z tohoto d\u016fvodu je <b>\u0160pi\u010dkov\u00e1 kvalita 4-MPH<\/b> je z\u00e1kladn\u00edm kamenem na\u0161\u00ed nab\u00eddky. Krom\u011b toho u n\u00e1s najdete \u0161irokou \u0161k\u00e1lu chemik\u00e1li\u00ed pro v\u00fdzkum. Pokud v\u00e1s nap\u0159\u00edklad zaj\u00edmaj\u00ed p\u0159\u00edbuzn\u00e9 slou\u010deniny, m\u016f\u017eete si prohl\u00e9dnout na\u0161i nab\u00eddku <a href=\"https:\/\/chemgramx.com\/product\/6-apb-online-bestellung\/\">Objednejte si 6-APB online<\/a> objevit. To v\u00fdrazn\u011b roz\u0161i\u0159uje va\u0161e mo\u017enosti pro srovn\u00e1vac\u00ed studie.<\/p>\n<p>Na\u0161\u00edm c\u00edlem je co nejv\u00edce usnadnit a zabezpe\u010dit v\u00fdzkumn\u00fdm pracovn\u00edk\u016fm n\u00e1kup prvot\u0159\u00eddn\u00edch chemik\u00e1li\u00ed. Pokud <b>Objednat 4-MPH online<\/b> chcete, nab\u00edz\u00edme v\u00e1m jednoduch\u00fd a <b>bezpe\u010dn\u00fd n\u00e1kup<\/b>. Neust\u00e1le se sna\u017e\u00edme p\u0159ekon\u00e1vat o\u010dek\u00e1v\u00e1n\u00ed na\u0161ich z\u00e1kazn\u00edk\u016f a poskytovat vynikaj\u00edc\u00ed slu\u017eby. Nakupujte tedy u Chemgramx a vyu\u017eijte na\u0161ich odborn\u00fdch znalost\u00ed.<\/p>\n<h2>Bezpe\u010dnostn\u00ed informace a zach\u00e1zen\u00ed<\/h2>\n<p>Manipulace s chemik\u00e1liemi pou\u017e\u00edvan\u00fdmi ve v\u00fdzkumu, jako jsou <b>4-MPH<\/b> vy\u017eaduje maxim\u00e1ln\u00ed opatrnost a dodr\u017eov\u00e1n\u00ed specifick\u00fdch bezpe\u010dnostn\u00edch protokol\u016f. Je nezbytn\u011b nutn\u00e9, aby s produktem manipuloval pouze vy\u0161kolen\u00fd person\u00e1l v kontrolovan\u00e9m laboratorn\u00edm prost\u0159ed\u00ed. D\u00e1le je nutn\u00e9 v\u017edy nosit vhodn\u00e9 osobn\u00ed ochrann\u00e9 prost\u0159edky (OOP), jako jsou rukavice, ochrann\u00e9 br\u00fdle a laboratorn\u00ed pl\u00e1\u0161\u0165. T\u00edm se minimalizuje riziko expozice a chr\u00e1n\u00ed se va\u0161e zdrav\u00ed.<\/p>\n<p>Skladov\u00e1n\u00ed <b>4-methylfenid\u00e1t<\/b> mus\u00ed b\u00fdt prov\u00e1d\u011bno za vhodn\u00fdch podm\u00ednek. Skladujte jej v chladn\u00e9m, such\u00e9m a dob\u0159e v\u011btran\u00e9m prostoru, mimo dosah p\u0159\u00edm\u00e9ho slune\u010dn\u00edho z\u00e1\u0159en\u00ed a vlhkosti. Krom\u011b toho je pro zachov\u00e1n\u00ed integrity produktu z\u00e1sadn\u00ed bezpe\u010dn\u00e9 skladov\u00e1n\u00ed v uzav\u0159en\u00e9 n\u00e1dob\u011b. Zajist\u011bte, aby byl produkt ulo\u017een mimo dosah neopr\u00e1vn\u011bn\u00fdch osob a d\u011bt\u00ed, proto\u017ee je ur\u010den v\u00fdhradn\u011b pro v\u00fdzkumn\u00e9 \u00fa\u010dely.<\/p>\n<p>P\u0159ed pou\u017eit\u00edm je d\u016fle\u017eit\u00e9 sezn\u00e1mit se se specifick\u00fdmi vlastnostmi a potenci\u00e1ln\u00edmi riziky <b>4-MPH<\/b> sezn\u00e1mit se s n\u00edm. V\u017edy si p\u0159e\u010dt\u011bte bezpe\u010dnostn\u00ed list (SDB) produktu, abyste z\u00edskali podrobn\u00e9 informace. V p\u0159\u00edpad\u011b n\u00e1hodn\u00e9ho kontaktu nebo po\u017eit\u00ed okam\u017eit\u011b vyhledejte l\u00e9ka\u0159skou pomoc. Odpov\u011bdn\u00e9 zach\u00e1zen\u00ed je kl\u00ed\u010dem k zaji\u0161t\u011bn\u00ed bezpe\u010dnosti v laborato\u0159i. Dal\u0161\u00ed informace o <b>Objednejte si 4-methylfenid\u00e1t online<\/b> najdete na na\u0161\u00ed str\u00e1nce s podrobnostmi o produktu.<\/p>\n<h2>\u010casto kladen\u00e9 ot\u00e1zky (FAQ)<\/h2>\n<h3>Co je 4-MPH a k \u010demu se pou\u017e\u00edv\u00e1?<\/h3>\n<p><b>4-MPH<\/b>, nebo <b>4-methylfenid\u00e1t<\/b>, je v\u00fdzkumn\u00e1 chemik\u00e1lie ze skupiny fenid\u00e1t\u016f. Pou\u017e\u00edv\u00e1 se hlavn\u011b ve v\u011bdeck\u00e9m v\u00fdzkumu k zkoum\u00e1n\u00ed jej\u00edch farmakologick\u00fdch vlastnost\u00ed a \u00fa\u010dink\u016f. Nen\u00ed proto ur\u010dena k lidsk\u00e9 spot\u0159eb\u011b.<\/p>\n<h3>Jak je zaji\u0161t\u011bna \u010distota 4-MPH?<\/h3>\n<p>\u010cistota na\u0161eho <b>4-MPH<\/b> je zaji\u0161t\u011bna p\u0159\u00edsn\u00fdmi kontrolami kvality a anal\u00fdzami ve specializovan\u00fdch laborato\u0159\u00edch. Ka\u017ed\u00e1 \u0161ar\u017ee proch\u00e1z\u00ed podrobn\u00fdmi testy, aby spl\u0148ovala nejvy\u0161\u0161\u00ed standardy. Proto nab\u00edz\u00edme pouze <b>vysok\u00e1 \u010distota na prodej<\/b> na.<\/p>\n<h3>Je mo\u017en\u00e9 zakoupit 4-MPH diskr\u00e9tn\u011b?<\/h3>\n<p>Up\u0159ednost\u0148ujeme diskr\u00e9tnost a <b>bezpe\u010dn\u00fd n\u00e1kup<\/b> na\u0161ich z\u00e1kazn\u00edk\u016f. Na\u0161e procesy jsou navr\u017eeny tak, aby chr\u00e1nily va\u0161e \u00fadaje a zajistily hladk\u00fd pr\u016fb\u011bh. Proto u n\u00e1s m\u016f\u017eete <b>koupit online<\/b>.<\/p>\n<h3>M\u00e1te ve sv\u00e9m sortimentu alternativy k 4-MPH?<\/h3>\n<p>Ano, Chemgramx nab\u00edz\u00ed \u0161irokou \u0161k\u00e1lu chemik\u00e1li\u00ed pro v\u00fdzkum. N\u00e1\u0161 sortiment neust\u00e1le roz\u0161i\u0159ujeme. M\u016f\u017eete nap\u0159\u00edklad naj\u00edt jin\u00e9 fenid\u00e1ty nebo podobn\u00e9 slou\u010deniny pro sv\u016fj v\u00fdzkum. Nav\u0161tivte na\u0161e webov\u00e9 str\u00e1nky a prozkoumejte dal\u0161\u00ed mo\u017enosti. <a href=\"https:\/\/chemgramx.com\/product\/4-mph-4-methylphenidat-online-kaufen\/\">Koupit 4-MPH online<\/a>.<\/p>\n<h3>Jak\u00e9 informace jsou d\u016fle\u017eit\u00e9 pro bezpe\u010dn\u00e9 zach\u00e1zen\u00ed s 4-MPH?<\/h3>\n<p>Pro bezpe\u010dn\u00e9 zach\u00e1zen\u00ed je nezbytn\u00e9 v\u017edy nosit OOP, skladovat v chladn\u00e9m, such\u00e9m a bezpe\u010dn\u00e9m prostoru a prostudovat bezpe\u010dnostn\u00ed list (SDB). S l\u00e1tkou by m\u011blo zach\u00e1zet pouze vy\u0161kolen\u00e9 odborn\u00e9 person\u00e1l. T\u00edmto zp\u016fsobem zaji\u0161\u0165ujeme, \u017ee obdr\u017e\u00edte v\u0161echny pot\u0159ebn\u00e9 informace.<\/p>","protected":false},"excerpt":{"rendered":"<p>Objevte <b>4-MPH (4-methylfenid\u00e1t)<\/b> od Chemgramx, vysoce \u010dist\u00e1 v\u00fdzkumn\u00e1 chemik\u00e1lie v laboratorn\u00ed kvalit\u011b. Ide\u00e1ln\u00ed pro podrobn\u00e9 v\u011bdeck\u00e9 studie a anal\u00fdzy. U n\u00e1s m\u016f\u017eete <b>Koupit 4-MPH<\/b> a t\u011b\u017eit z na\u0161eho z\u00e1vazku k prvot\u0159\u00eddn\u00ed kvalit\u011b. Jedno <b>bezpe\u010dn\u00fd n\u00e1kup<\/b> z <b>autentick\u00fd 4-MPH<\/b> je u Chemgramx zaru\u010deno.<\/p>","protected":false},"featured_media":8080,"comment_status":"open","ping_status":"closed","template":"","meta":{"_joinchat":[]},"product_brand":[],"product_cat":[48],"product_tag":[1654,1670,1667,1677,1663,1676,1660,1661,1656,1653,1672,1674,1657,1668,1671,1655,1662,1673,1678,1675,1658,1659,1669,1664,1666,1665],"class_list":{"0":"post-8034","1":"product","2":"type-product","3":"status-publish","4":"has-post-thumbnail","6":"product_cat-stimulants","7":"product_tag-4-methylphenidat-bestellen","8":"product_tag-4-mph-bestellen","9":"product_tag-4-mph-bulk-bestellung","10":"product_tag-4-mph-chemikalie","11":"product_tag-4-mph-experimente","12":"product_tag-4-mph-forschung","13":"product_tag-4-mph-forschung-chemikalie","14":"product_tag-4-mph-fur-neurowissenschaftliche-studien","15":"product_tag-4-mph-groshandel","16":"product_tag-4-mph-kaufen","17":"product_tag-4-mph-labor","18":"product_tag-4-mph-legal","19":"product_tag-4-mph-lieferant","20":"product_tag-4-mph-marktanalyse","21":"product_tag-4-mph-online","22":"product_tag-4-mph-online-bestellen","23":"product_tag-4-mph-pharmazeutische-forschung","24":"product_tag-4-mph-sicher","25":"product_tag-4-mph-versand","26":"product_tag-4mph-gunstig","27":"product_tag-forschung-chemikalien-4-mph","28":"product_tag-hochwertige-4-mph-kaufen","29":"product_tag-innovative-4-mph-forschung","30":"product_tag-laborqualitat-4-mph","31":"product_tag-legaler-4-mph-anbieter","32":"product_tag-sicherer-4-mph-versand","34":"first","35":"instock","36":"shipping-taxable","37":"purchasable","38":"product-type-variable"},"yoast_head":"<!-- This site is optimized with the Yoast SEO plugin v27.5 - https:\/\/yoast.com\/product\/yoast-seo-wordpress\/ -->\n<title>4-MPH kaufen \u2013 Forschungschemikalie (Hochwertig)<\/title>\n<meta name=\"description\" content=\"Entdecken Sie hochreines 4-MPH (4-Methylphenidat) in Laborqualit\u00e4t bei Chemgramx. Bestellen Sie diese Forschungschemikalie sicher online und profitieren Sie von Top-Qualit\u00e4t.\" \/>\n<meta name=\"robots\" content=\"index, follow, max-snippet:-1, max-image-preview:large, max-video-preview:-1\" \/>\n<link rel=\"canonical\" href=\"https:\/\/chemgramx.com\/cs\/produkt-1\/buy-4-mph-4-methylphenidate-online\/\" \/>\n<meta property=\"og:locale\" content=\"cs_CZ\" \/>\n<meta property=\"og:type\" content=\"article\" \/>\n<meta property=\"og:title\" content=\"4-MPH kaufen \u2013 Forschungschemikalie (Hochwertig)\" \/>\n<meta property=\"og:description\" content=\"Entdecken Sie hochreines 4-MPH (4-Methylphenidat) in Laborqualit\u00e4t bei Chemgramx. Bestellen Sie diese Forschungschemikalie sicher online und profitieren Sie von Top-Qualit\u00e4t.\" \/>\n<meta property=\"og:url\" content=\"https:\/\/chemgramx.com\/cs\/produkt-1\/buy-4-mph-4-methylphenidate-online\/\" \/>\n<meta property=\"og:site_name\" content=\"Chemgramx\" \/>\n<meta property=\"article:modified_time\" content=\"2025-12-09T10:26:28+00:00\" \/>\n<meta property=\"og:image\" content=\"https:\/\/chemgramx.com\/wp-content\/uploads\/2025\/11\/4-Methylphenidat.png\" \/>\n\t<meta property=\"og:image:width\" content=\"1378\" \/>\n\t<meta property=\"og:image:height\" content=\"1196\" \/>\n\t<meta property=\"og:image:type\" content=\"image\/png\" \/>\n<meta name=\"twitter:card\" content=\"summary_large_image\" \/>\n<meta name=\"twitter:label1\" content=\"Odhadovan\u00e1 doba \u010dten\u00ed\" \/>\n\t<meta name=\"twitter:data1\" content=\"3 minuty\" \/>\n<script type=\"application\/ld+json\" class=\"yoast-schema-graph\">{\"@context\":\"https:\\\/\\\/schema.org\",\"@graph\":[{\"@type\":\"WebPage\",\"@id\":\"https:\\\/\\\/chemgramx.com\\\/product\\\/4-mph-4-methylphenidat-online-kaufen\\\/\",\"url\":\"https:\\\/\\\/chemgramx.com\\\/product\\\/4-mph-4-methylphenidat-online-kaufen\\\/\",\"name\":\"4-MPH kaufen \u2013 Forschungschemikalie (Hochwertig)\",\"isPartOf\":{\"@id\":\"https:\\\/\\\/chemgramx.com\\\/#website\"},\"primaryImageOfPage\":{\"@id\":\"https:\\\/\\\/chemgramx.com\\\/product\\\/4-mph-4-methylphenidat-online-kaufen\\\/#primaryimage\"},\"image\":{\"@id\":\"https:\\\/\\\/chemgramx.com\\\/product\\\/4-mph-4-methylphenidat-online-kaufen\\\/#primaryimage\"},\"thumbnailUrl\":\"https:\\\/\\\/chemgramx.com\\\/wp-content\\\/uploads\\\/2025\\\/11\\\/4-Methylphenidat.png\",\"datePublished\":\"2025-11-21T16:46:32+00:00\",\"dateModified\":\"2025-12-09T10:26:28+00:00\",\"description\":\"Entdecken Sie hochreines 4-MPH (4-Methylphenidat) in Laborqualit\u00e4t bei Chemgramx. Bestellen Sie diese Forschungschemikalie sicher online und profitieren Sie von Top-Qualit\u00e4t.\",\"breadcrumb\":{\"@id\":\"https:\\\/\\\/chemgramx.com\\\/product\\\/4-mph-4-methylphenidat-online-kaufen\\\/#breadcrumb\"},\"inLanguage\":\"cs\",\"potentialAction\":[{\"@type\":\"ReadAction\",\"target\":[\"https:\\\/\\\/chemgramx.com\\\/product\\\/4-mph-4-methylphenidat-online-kaufen\\\/\"]}]},{\"@type\":\"ImageObject\",\"inLanguage\":\"cs\",\"@id\":\"https:\\\/\\\/chemgramx.com\\\/product\\\/4-mph-4-methylphenidat-online-kaufen\\\/#primaryimage\",\"url\":\"https:\\\/\\\/chemgramx.com\\\/wp-content\\\/uploads\\\/2025\\\/11\\\/4-Methylphenidat.png\",\"contentUrl\":\"https:\\\/\\\/chemgramx.com\\\/wp-content\\\/uploads\\\/2025\\\/11\\\/4-Methylphenidat.png\",\"width\":1378,\"height\":1196},{\"@type\":\"BreadcrumbList\",\"@id\":\"https:\\\/\\\/chemgramx.com\\\/product\\\/4-mph-4-methylphenidat-online-kaufen\\\/#breadcrumb\",\"itemListElement\":[{\"@type\":\"ListItem\",\"position\":1,\"name\":\"Home\",\"item\":\"https:\\\/\\\/chemgramx.com\\\/\"},{\"@type\":\"ListItem\",\"position\":2,\"name\":\"Shop\",\"item\":\"https:\\\/\\\/chemgramx.com\\\/shop\\\/\"},{\"@type\":\"ListItem\",\"position\":3,\"name\":\"4-MPH kaufen \u2013 Forschungschemikalie (Hochwertig)\"}]},{\"@type\":\"WebSite\",\"@id\":\"https:\\\/\\\/chemgramx.com\\\/#website\",\"url\":\"https:\\\/\\\/chemgramx.com\\\/\",\"name\":\"Chemgramx\",\"description\":\"\",\"publisher\":{\"@id\":\"https:\\\/\\\/chemgramx.com\\\/#organization\"},\"potentialAction\":[{\"@type\":\"SearchAction\",\"target\":{\"@type\":\"EntryPoint\",\"urlTemplate\":\"https:\\\/\\\/chemgramx.com\\\/?s={search_term_string}\"},\"query-input\":{\"@type\":\"PropertyValueSpecification\",\"valueRequired\":true,\"valueName\":\"search_term_string\"}}],\"inLanguage\":\"cs\"},{\"@type\":\"Organization\",\"@id\":\"https:\\\/\\\/chemgramx.com\\\/#organization\",\"name\":\"Chemgramx\",\"url\":\"https:\\\/\\\/chemgramx.com\\\/\",\"logo\":{\"@type\":\"ImageObject\",\"inLanguage\":\"cs\",\"@id\":\"https:\\\/\\\/chemgramx.com\\\/#\\\/schema\\\/logo\\\/image\\\/\",\"url\":\"https:\\\/\\\/chemgramx.com\\\/wp-content\\\/uploads\\\/2024\\\/10\\\/final-logo.png\",\"contentUrl\":\"https:\\\/\\\/chemgramx.com\\\/wp-content\\\/uploads\\\/2024\\\/10\\\/final-logo.png\",\"width\":250,\"height\":48,\"caption\":\"Chemgramx\"},\"image\":{\"@id\":\"https:\\\/\\\/chemgramx.com\\\/#\\\/schema\\\/logo\\\/image\\\/\"}}]}<\/script>\n<!-- \/ Yoast SEO plugin. -->","yoast_head_json":{"title":"Koupit 4-MPH \u2013 v\u00fdzkumn\u00e1 chemik\u00e1lie (vysok\u00e1 kvalita)","description":"Objevte vysoce \u010dist\u00fd 4-MPH (4-methylfenid\u00e1t) v laboratorn\u00ed kvalit\u011b od Chemgramx. Objednejte si tuto v\u00fdzkumnou chemik\u00e1lii bezpe\u010dn\u011b online a vyu\u017eijte jej\u00ed \u0161pi\u010dkovou kvalitu.","robots":{"index":"index","follow":"follow","max-snippet":"max-snippet:-1","max-image-preview":"max-image-preview:large","max-video-preview":"max-video-preview:-1"},"canonical":"https:\/\/chemgramx.com\/cs\/produkt-1\/buy-4-mph-4-methylphenidate-online\/","og_locale":"cs_CZ","og_type":"article","og_title":"4-MPH kaufen \u2013 Forschungschemikalie (Hochwertig)","og_description":"Entdecken Sie hochreines 4-MPH (4-Methylphenidat) in Laborqualit\u00e4t bei Chemgramx. Bestellen Sie diese Forschungschemikalie sicher online und profitieren Sie von Top-Qualit\u00e4t.","og_url":"https:\/\/chemgramx.com\/cs\/produkt-1\/buy-4-mph-4-methylphenidate-online\/","og_site_name":"Chemgramx","article_modified_time":"2025-12-09T10:26:28+00:00","og_image":[{"width":1378,"height":1196,"url":"https:\/\/chemgramx.com\/wp-content\/uploads\/2025\/11\/4-Methylphenidat.png","type":"image\/png"}],"twitter_card":"summary_large_image","twitter_misc":{"Odhadovan\u00e1 doba \u010dten\u00ed":"3 minuty"},"schema":{"@context":"https:\/\/schema.org","@graph":[{"@type":"WebPage","@id":"https:\/\/chemgramx.com\/product\/4-mph-4-methylphenidat-online-kaufen\/","url":"https:\/\/chemgramx.com\/product\/4-mph-4-methylphenidat-online-kaufen\/","name":"Koupit 4-MPH \u2013 v\u00fdzkumn\u00e1 chemik\u00e1lie (vysok\u00e1 kvalita)","isPartOf":{"@id":"https:\/\/chemgramx.com\/#website"},"primaryImageOfPage":{"@id":"https:\/\/chemgramx.com\/product\/4-mph-4-methylphenidat-online-kaufen\/#primaryimage"},"image":{"@id":"https:\/\/chemgramx.com\/product\/4-mph-4-methylphenidat-online-kaufen\/#primaryimage"},"thumbnailUrl":"https:\/\/chemgramx.com\/wp-content\/uploads\/2025\/11\/4-Methylphenidat.png","datePublished":"2025-11-21T16:46:32+00:00","dateModified":"2025-12-09T10:26:28+00:00","description":"Objevte vysoce \u010dist\u00fd 4-MPH (4-methylfenid\u00e1t) v laboratorn\u00ed kvalit\u011b od Chemgramx. Objednejte si tuto v\u00fdzkumnou chemik\u00e1lii bezpe\u010dn\u011b online a vyu\u017eijte jej\u00ed \u0161pi\u010dkovou kvalitu.","breadcrumb":{"@id":"https:\/\/chemgramx.com\/product\/4-mph-4-methylphenidat-online-kaufen\/#breadcrumb"},"inLanguage":"cs","potentialAction":[{"@type":"ReadAction","target":["https:\/\/chemgramx.com\/product\/4-mph-4-methylphenidat-online-kaufen\/"]}]},{"@type":"ImageObject","inLanguage":"cs","@id":"https:\/\/chemgramx.com\/product\/4-mph-4-methylphenidat-online-kaufen\/#primaryimage","url":"https:\/\/chemgramx.com\/wp-content\/uploads\/2025\/11\/4-Methylphenidat.png","contentUrl":"https:\/\/chemgramx.com\/wp-content\/uploads\/2025\/11\/4-Methylphenidat.png","width":1378,"height":1196},{"@type":"BreadcrumbList","@id":"https:\/\/chemgramx.com\/product\/4-mph-4-methylphenidat-online-kaufen\/#breadcrumb","itemListElement":[{"@type":"ListItem","position":1,"name":"Home","item":"https:\/\/chemgramx.com\/"},{"@type":"ListItem","position":2,"name":"Shop","item":"https:\/\/chemgramx.com\/shop\/"},{"@type":"ListItem","position":3,"name":"4-MPH kaufen \u2013 Forschungschemikalie (Hochwertig)"}]},{"@type":"WebSite","@id":"https:\/\/chemgramx.com\/#website","url":"https:\/\/chemgramx.com\/","name":"Chemgramx","description":"","publisher":{"@id":"https:\/\/chemgramx.com\/#organization"},"potentialAction":[{"@type":"SearchAction","target":{"@type":"EntryPoint","urlTemplate":"https:\/\/chemgramx.com\/?s={search_term_string}"},"query-input":{"@type":"PropertyValueSpecification","valueRequired":true,"valueName":"search_term_string"}}],"inLanguage":"cs"},{"@type":"Organization","@id":"https:\/\/chemgramx.com\/#organization","name":"Chemgramx","url":"https:\/\/chemgramx.com\/","logo":{"@type":"ImageObject","inLanguage":"cs","@id":"https:\/\/chemgramx.com\/#\/schema\/logo\/image\/","url":"https:\/\/chemgramx.com\/wp-content\/uploads\/2024\/10\/final-logo.png","contentUrl":"https:\/\/chemgramx.com\/wp-content\/uploads\/2024\/10\/final-logo.png","width":250,"height":48,"caption":"Chemgramx"},"image":{"@id":"https:\/\/chemgramx.com\/#\/schema\/logo\/image\/"}}]}},"_links":{"self":[{"href":"https:\/\/chemgramx.com\/cs\/wp-json\/wp\/v2\/product\/8034","targetHints":{"allow":["GET"]}}],"collection":[{"href":"https:\/\/chemgramx.com\/cs\/wp-json\/wp\/v2\/product"}],"about":[{"href":"https:\/\/chemgramx.com\/cs\/wp-json\/wp\/v2\/types\/product"}],"replies":[{"embeddable":true,"href":"https:\/\/chemgramx.com\/cs\/wp-json\/wp\/v2\/comments?post=8034"}],"wp:featuredmedia":[{"embeddable":true,"href":"https:\/\/chemgramx.com\/cs\/wp-json\/wp\/v2\/media\/8080"}],"wp:attachment":[{"href":"https:\/\/chemgramx.com\/cs\/wp-json\/wp\/v2\/media?parent=8034"}],"wp:term":[{"taxonomy":"product_brand","embeddable":true,"href":"https:\/\/chemgramx.com\/cs\/wp-json\/wp\/v2\/product_brand?post=8034"},{"taxonomy":"product_cat","embeddable":true,"href":"https:\/\/chemgramx.com\/cs\/wp-json\/wp\/v2\/product_cat?post=8034"},{"taxonomy":"product_tag","embeddable":true,"href":"https:\/\/chemgramx.com\/cs\/wp-json\/wp\/v2\/product_tag?post=8034"}],"curies":[{"name":"wp","href":"https:\/\/api.w.org\/{rel}","templated":true}]}}