{"id":8036,"date":"2025-11-21T16:46:33","date_gmt":"2025-11-21T16:46:33","guid":{"rendered":"https:\/\/chemgramx.com\/?post_type=product&#038;p=8036"},"modified":"2025-12-09T10:22:22","modified_gmt":"2025-12-09T10:22:22","slug":"koupit-4-me-tmp-online","status":"publish","type":"product","link":"https:\/\/chemgramx.com\/cs\/product\/4-me-tmp-online-kaufen\/","title":{"rendered":"Koupit 4-Me-TMP \u2013 nejvy\u0161\u0161\u00ed \u010distota (na prodej | vysok\u00e1 kvalita)"},"content":{"rendered":"<p>Chemgramx je v\u00e1\u0161 spolehliv\u00fd partner pro vysoce kvalitn\u00ed chemik\u00e1lie pro v\u00fdzkum. Chcete <b>4-Me-TMP na prodej<\/b> ? U n\u00e1s najdete 4-methylmethylfenid\u00e1t (4-Me-TMP) mimo\u0159\u00e1dn\u00e9 \u010distoty, vyvinut\u00fd speci\u00e1ln\u011b pro n\u00e1ro\u010dn\u00e9 v\u00fdzkumn\u00e9 \u00fa\u010dely. Zaji\u0161\u0165ujeme, aby ka\u017ed\u00fd produkt, kter\u00fd u n\u00e1s zakoup\u00edte, spl\u0148oval nejvy\u0161\u0161\u00ed laboratorn\u00ed standardy, aby optim\u00e1ln\u011b podporoval va\u0161e v\u011bdeck\u00e9 studie. N\u00e1\u0161 4-Me-TMP je proto ide\u00e1ln\u00ed volbou pro va\u0161e projekty.<\/p>\n<p>Ch\u00e1peme nutnost p\u0159esn\u00fdch a spolehliv\u00fdch l\u00e1tek ve v\u00fdzkumu. <b>D\u00e1le<\/b> nab\u00edz\u00edme <b>\u0160pi\u010dkov\u00e1 kvalita 4-Me-TMP<\/b>, kter\u00fd pro\u0161el p\u0159\u00edsn\u00fdmi testy, aby byla zaru\u010dena konzistentn\u00ed kvalita a \u010distota minim\u00e1ln\u011b 98%. To zaji\u0161\u0165uje reprodukovateln\u00e9 a spolehliv\u00e9 v\u00fdsledky va\u0161ich experiment\u016f. <b>Proto<\/b> m\u016f\u017eete se spolehnout na integritu na\u0161ich produkt\u016f.<\/p>\n<h2>Byl to 4-Me-TMP?<\/h2>\n<p>4-methylmethylfenid\u00e1t, zkr\u00e1cen\u011b 4-Me-TMP, je syntetick\u00e1 chemick\u00e1 slou\u010denina, kter\u00e1 je struktur\u00e1ln\u011b velmi podobn\u00e1 methylfenid\u00e1tu, ale m\u00e1 nav\u00edc methylovou skupinu na ur\u010dit\u00e9m m\u00edst\u011b. Tato drobn\u00e1 struktur\u00e1ln\u00ed zm\u011bna m\u016f\u017ee m\u00edt z\u00e1sadn\u00ed vliv na farmakologick\u00e9 vlastnosti a interakci s biologick\u00fdmi syst\u00e9my. <b>Mimochodem<\/b> je to ester t\u0159\u00eddy fenid\u00e1t\u016f.<\/p>\n<p>Pat\u0159\u00ed do t\u0159\u00eddy deriv\u00e1t\u016f piperidinu a je zkoum\u00e1n p\u0159edev\u0161\u00edm jako v\u00fdzkumn\u00e1 chemik\u00e1lie. <b>Krom\u011b toho<\/b> je molekulov\u00e1 hmotnost a p\u0159esn\u00e1 chemick\u00e1 struktura nezbytn\u00e1 pro p\u0159esnou charakterizaci. V\u011bdci pou\u017e\u00edvaj\u00ed 4-Me-TMP k lep\u0161\u00edmu pochopen\u00ed mechanism\u016f \u00fa\u010dinku stimulant\u016f a k z\u00edsk\u00e1n\u00ed nov\u00fdch poznatk\u016f v oblasti neurofarmakologie. <b>Tedy<\/b> p\u0159isp\u00edv\u00e1 v\u00fdznamn\u00fdm zp\u016fsobem k z\u00e1kladn\u00edmu v\u00fdzkumu.<\/p>\n<h3>Chemick\u00e9 vlastnosti a struktura<\/h3>\n<ul>\n<li><b>\u010c\u00edslo CAS:<\/b> P\u0159esn\u00e1 identifikace pro v\u00fdzkumn\u00e9 \u00fa\u010dely.<\/li>\n<li><b>Molekul\u00e1rn\u00ed vzorec:<\/b> C15H21NO2 \u2013 nezbytn\u00e9 pro stechiometrick\u00e9 v\u00fdpo\u010dty.<\/li>\n<li><b>Molekulov\u00e1 hmotnost:<\/b> 247,33 g\/mol \u2013 d\u016fle\u017eit\u00e9 pro stanoven\u00ed d\u00e1vky a koncentrace.<\/li>\n<li><b>Struktura:<\/b> Deriv\u00e1t piperidinu, \u00fazce p\u0159\u00edbuzn\u00fd methylfenid\u00e1tu.<\/li>\n<\/ul>\n<p><b>Na druhou stranu<\/b> fyzik\u00e1ln\u00ed vlastnosti, jako je bod t\u00e1n\u00ed a rozpustnost, maj\u00ed velk\u00fd v\u00fdznam pro laboratorn\u00ed praxi. Tyto parametry ovliv\u0148uj\u00ed manipulaci, skladov\u00e1n\u00ed a p\u0159\u00edpravu roztok\u016f pro experiment\u00e1ln\u00ed pou\u017eit\u00ed. <b>V d\u016fsledku toho<\/b> kvalita mus\u00ed b\u00fdt konstantn\u00ed.<\/p>\n<h2>\u010cistota a kvalita 4-Me-TMP u Chemgramx<\/h2>\n<p>Ve spole\u010dnosti Chemgramx klademe nejv\u011bt\u0161\u00ed d\u016fraz na kvalitu na\u0161ich v\u00fdzkumn\u00fdch chemik\u00e1li\u00ed. Nab\u00edz\u00edme <b>Vysoce kvalitn\u00ed 4-Me-TMP<\/b>, kter\u00fd je vyr\u00e1b\u011bn pokro\u010dil\u00fdmi syntetick\u00fdmi a \u010dist\u00edc\u00edmi postupy. Ka\u017ed\u00e1 \u0161ar\u017ee je testov\u00e1na pomoc\u00ed nejmodern\u011bj\u0161\u00edch analytick\u00fdch technik, jako jsou HPLC a NMR, aby byla zaji\u0161t\u011bna \u010distota minim\u00e1ln\u011b 98%. <b>Proto<\/b> m\u016f\u017eete se spolehnout na konzistenci a spolehlivost na\u0161ich produkt\u016f.<\/p>\n<p>N\u00e1\u0161 z\u00e1vazek ke kvalit\u011b p\u0159esahuje pouhou anal\u00fdzu. Zaji\u0161\u0165ujeme, aby v\u0161echny na\u0161e produkty byly zpracov\u00e1v\u00e1ny za p\u0159\u00edsn\u011b kontrolovan\u00fdch podm\u00ednek, aby se minimalizovalo zne\u010di\u0161t\u011bn\u00ed a zachovala se integrita l\u00e1tky. <b>Krom\u011b toho<\/b> je n\u00e1\u0161 <b>Kvalita v\u00fdzkumu na prodej<\/b> 4-Me-TMP je ur\u010den v\u00fdhradn\u011b pro v\u011bdeck\u00e9 a forenzn\u00ed \u00fa\u010dely. Objednejte si sv\u016fj <b>Autentick\u00fd 4-Me-TMP<\/b> je\u0161t\u011b dnes a p\u0159esv\u011bd\u010dte se sami.<\/p>\n<p>Chemgramx je zn\u00e1m\u00fd sv\u00fdmi nekompromisn\u00edmi standardy kvality. Jsme si v\u011bdomi toho, \u017ee ve v\u011bdeck\u00e9m v\u00fdzkumu nen\u00ed prostor pro kompromisy, pokud jde o \u010distotu l\u00e1tek. <b>Z tohoto d\u016fvodu<\/b> Neust\u00e1le investujeme do vybaven\u00ed na\u0161ich laborato\u0159\u00ed a do odborn\u00e9ho person\u00e1lu, abychom v\u00e1m mohli v\u017edy nab\u00eddnout <b>Nejlep\u0161\u00ed 4-Me-TMP na trhu<\/b> . Objevte tak\u00e9 na\u0161e dal\u0161\u00ed produkty, jako nap\u0159\u00edklad <a href=\"https:\/\/chemgramx.com\/product\/lsd-lysergsaeurediethylamid-online-kaufen\/\">Koupit lysergov\u00e1 kyselina diethylamid (LSD) online<\/a>, kter\u00e9 rovn\u011b\u017e spl\u0148uj\u00ed na\u0161e vysok\u00e9 standardy.<\/p>\n<h2>Oblasti pou\u017eit\u00ed a v\u00fdzkumn\u00fd potenci\u00e1l<\/h2>\n<p><b>Objednat 4-Me-TMP online<\/b> je velmi zaj\u00edmav\u00fd pro v\u011bdce, kte\u0159\u00ed se zab\u00fdvaj\u00ed mechanismy neurotransmiter\u016f a neuroplasticitou. Pou\u017e\u00edv\u00e1 se v p\u0159edklinick\u00fdch studi\u00edch k v\u00fdzkumu zp\u011btn\u00e9ho vychyt\u00e1v\u00e1n\u00ed dopaminu a noradrenalinu a k anal\u00fdze jejich vlivu na behavior\u00e1ln\u00ed modely. <b>D\u00e1le<\/b> m\u016f\u017ee slou\u017eit k v\u00fdzkumu dlouhodob\u00fdch \u00fa\u010dink\u016f a metabolismu stimulant\u016f.<\/p>\n<p>Dal\u0161\u00ed d\u016fle\u017eitou oblast\u00ed pou\u017eit\u00ed je farmakologick\u00e1 charakterizace nov\u00fdch slou\u010denin. Porovn\u00e1n\u00edm \u00fa\u010dink\u016f 4-Me-TMP se zn\u00e1m\u00fdmi l\u00e1tkami mohou v\u011bdci z\u00edskat cenn\u00e9 poznatky o vztaz\u00edch mezi strukturou a \u00fa\u010dinkem. <b>Kone\u010dn\u011b<\/b> to p\u0159isp\u00edv\u00e1 k v\u00fdvoji bezpe\u010dn\u011bj\u0161\u00edch a \u00fa\u010dinn\u011bj\u0161\u00edch terapeutick\u00fdch p\u0159\u00edstup\u016f.<\/p>\n<p>V\u00fdzkumn\u00e9 laborato\u0159e pou\u017e\u00edvaj\u00ed 4-Me-TMP k hodnocen\u00ed potenci\u00e1ln\u00edch neurotoxick\u00fdch \u00fa\u010dink\u016f nebo zm\u011bn v genov\u00e9 expresi. <b>Mimochodem<\/b> p\u0159esn\u00e1 povaha tohoto spojen\u00ed umo\u017e\u0148uje podrobn\u00e9 v\u00fdzkumy na bun\u011b\u010dn\u00e9 a molekul\u00e1rn\u00ed \u00farovni. V\u00edce informac\u00ed o na\u0161ich nab\u00eddk\u00e1ch z\u00edsk\u00e1te na <a href=\"https:\/\/chemgramx.com\/product\/4-me-tmp-online-kaufen\/\">Koupit 4-Me-TMP online<\/a> p\u0159\u00edmo u n\u00e1s.<\/p>\n<h2>Bezpe\u010dnost a manipulace s 4-Me-TMP<\/h2>\n<p>Pr\u00e1ce s v\u00fdzkumn\u00fdmi chemik\u00e1liemi, jako je 4-Me-TMP, vy\u017eaduje v\u017edy maxim\u00e1ln\u00ed opatrnost a dodr\u017eov\u00e1n\u00ed p\u0159\u00edsn\u00fdch bezpe\u010dnostn\u00edch protokol\u016f. V\u011bdci by m\u011bli v\u017edy nosit vhodn\u00e9 osobn\u00ed ochrann\u00e9 prost\u0159edky (OOP), v\u010detn\u011b rukavic, ochrann\u00fdch br\u00fdl\u00ed a laboratorn\u00edch pl\u00e1\u0161\u0165\u016f. <b>Krom\u011b toho<\/b> je nal\u00e9hav\u011b doporu\u010deno pracovat pod ods\u00e1vac\u00edm za\u0159\u00edzen\u00edm, aby se minimalizovala expozice par\u00e1m nebo prachu. <b>V souladu s t\u00edm<\/b> je nezbytn\u00e1 znalost bezpe\u010dnostn\u00edch list\u016f (SDB).<\/p>\n<p>4-Me-TMP by m\u011bl b\u00fdt skladov\u00e1n v chladn\u00e9m, such\u00e9m a dob\u0159e v\u011btran\u00e9m prostoru, mimo dosah p\u0159\u00edm\u00e9ho slune\u010dn\u00edho z\u00e1\u0159en\u00ed a zdroj\u016f tepla. Je d\u016fle\u017eit\u00e9 uchov\u00e1vat l\u00e1tku v t\u011bsn\u011b uzav\u0159en\u00e9 n\u00e1dob\u011b, aby byla zachov\u00e1na jej\u00ed stabilita a \u010distota. <b>Krom\u011b toho<\/b> by m\u011bl b\u00fdt p\u0159\u00edstup omezen pouze na opr\u00e1vn\u011bn\u00fd person\u00e1l. Jak\u00e9koli zach\u00e1zen\u00ed s l\u00e1tkou mus\u00ed b\u00fdt <b>bezpe\u010dn\u011b zpracov\u00e1no<\/b> a prov\u00e1d\u011bno s nejvy\u0161\u0161\u00ed p\u0159esnost\u00ed.<\/p>\n<p>V p\u0159\u00edpad\u011b necht\u011bn\u00e9ho kontaktu je t\u0159eba okam\u017eit\u011b p\u0159ijmout nouzov\u00e1 opat\u0159en\u00ed, jako je d\u016fkladn\u00e9 opl\u00e1chnut\u00ed posti\u017een\u00e9ho m\u00edsta vodou a v p\u0159\u00edpad\u011b pot\u0159eby vyhledat l\u00e9ka\u0159skou pomoc. <b>Stru\u010dn\u011b \u0159e\u010deno<\/b>, zodpov\u011bdn\u00e9 zach\u00e1zen\u00ed je kl\u00ed\u010dem k bezpe\u010dn\u00e9mu v\u00fdzkumu. <b>V d\u016fsledku toho<\/b> u Chemgramx z\u00edsk\u00e1te nejen produkty od <b>Laboratorn\u00ed kvalita na prodej<\/b>, ale tak\u00e9 komplexn\u00ed informace o bezpe\u010dn\u00e9m zach\u00e1zen\u00ed.<\/p>\n<h2>Pro\u010d nakupovat u Chemgramx?<\/h2>\n<p>Pokud se rozhodnete, <b>Koupit 4-Me-TMP<\/b>, vyberte si s Chemgramx partnera, kter\u00fd se v\u011bnuje v\u011bd\u011b a va\u0161im v\u00fdzkumn\u00fdm c\u00edl\u016fm. Jsme hrd\u00ed na to, \u017ee nab\u00edz\u00edme \u0161irok\u00fd sortiment vysoce \u010dist\u00fdch v\u00fdzkumn\u00fdch chemik\u00e1li\u00ed, kter\u00e9 spl\u0148uj\u00ed nejvy\u0161\u0161\u00ed pr\u016fmyslov\u00e9 standardy. <b>D\u00e1le<\/b> nab\u00edz\u00edme podrobn\u00e9 informace o produktech a analytick\u00e1 data, kter\u00e1 v\u00e1m pomohou p\u0159i rozhodov\u00e1n\u00ed.<\/p>\n<p>Na\u0161e odhodl\u00e1n\u00ed k kvalit\u011b a spokojenosti z\u00e1kazn\u00edk\u016f je bezkonkuren\u010dn\u00ed. Ka\u017ed\u00fd <b>Bezpe\u010dn\u00fd n\u00e1kup<\/b> u Chemgramx znamen\u00e1, \u017ee dostanete produkt, kter\u00fd byl zpracov\u00e1n s maxim\u00e1ln\u00ed p\u00e9\u010d\u00ed a p\u0159esnost\u00ed, od synt\u00e9zy a\u017e po dod\u00e1n\u00ed. V\u00edme, \u017ee v\u00e1\u0161 v\u00fdzkum je d\u016fle\u017eit\u00fd, a chceme p\u0159isp\u011bt k jeho \u00fasp\u011bchu. <b>Krom\u011b toho<\/b> Vyu\u017eijte na\u0161e odborn\u00e9 znalosti.<\/p>\n<p>Zveme v\u00e1s k prozkoum\u00e1n\u00ed na\u0161eho sortimentu a <b>Koupit online nyn\u00ed<\/b> Z\u00edskejte sv\u016fj 4-Me-TMP. Za\u017eijte rozd\u00edl, kter\u00fd p\u0159in\u00e1\u0161\u00ed spolehliv\u00fd dodavatel. <b>Nakonec<\/b> se sna\u017e\u00edme optim\u00e1ln\u011b podporovat va\u0161e v\u011bdeck\u00e9 projekty. Nab\u00edz\u00edme <b>optim\u00e1ln\u00ed 4-Me-TMP k dispozici<\/b> pro va\u0161e speci\u00e1ln\u00ed po\u017eadavky. Nakupujte u Chemgramx a zajist\u011bte si z\u00e1klad pro sv\u016fj pr\u016fkopnick\u00fd v\u00fdzkum.<\/p>","protected":false},"excerpt":{"rendered":"<p>Objevte vysoce \u010dist\u00fd <b>Koupit 4-Me-TMP<\/b> u Chemgramx, syntetick\u00e9 v\u00fdzkumn\u00e9 chemik\u00e1lie t\u0159\u00eddy fenid\u00e1t\u016f s \u010distotou minim\u00e1ln\u011b 98%. Ide\u00e1ln\u00ed pro p\u0159edklinick\u00e9 studie zam\u011b\u0159en\u00e9 na v\u00fdzkum neurotransmiter\u016f a neuronov\u00fdch drah. Na\u0161e produkty jsou <b>bezpe\u010dn\u011b zpracov\u00e1no<\/b> a jsou ur\u010deny v\u00fdhradn\u011b pro v\u011bdeck\u00e9 \u00fa\u010dely. Zakoupit <b>\u0160pi\u010dkov\u00e1 kvalita 4-Me-TMP<\/b> pro va\u0161e n\u00e1ro\u010dn\u00e9 v\u00fdzkumy. Objednejte je\u0161t\u011b dnes!<\/p>","protected":false},"featured_media":8088,"comment_status":"open","ping_status":"closed","template":"","meta":{"_joinchat":[]},"product_brand":[],"product_cat":[48],"product_tag":[356,377,369,1571,1568,378,1576,1564,366,1561,382,1562,381,364,367,370,1574,365,375,1569,1572,1558,1563,368,380,372,1573,371,379,373,1577,376,374,357,1557,1575,358,1220,249,359,1559,251,1560,1570,1565,1567,363,361,362,1566,250,248,360],"class_list":{"0":"post-8036","1":"product","2":"type-product","3":"status-publish","4":"has-post-thumbnail","6":"product_cat-stimulants","7":"product_tag-4-me-tmp","8":"product_tag-4-me-tmp-analyse","9":"product_tag-4-me-tmp-anwendung","10":"product_tag-4-me-tmp-bestellen","11":"product_tag-4-me-tmp-bulk-bestellung","12":"product_tag-4-me-tmp-chemie","13":"product_tag-4-me-tmp-chemikalie","14":"product_tag-4-me-tmp-experimente","15":"product_tag-4-me-tmp-forschung","16":"product_tag-4-me-tmp-forschung-chemikalie","17":"product_tag-4-me-tmp-forschungslabor","18":"product_tag-4-me-tmp-fur-neurowissenschaftliche-studien","19":"product_tag-4-me-tmp-groshandel","20":"product_tag-4-me-tmp-kaufen","21":"product_tag-4-me-tmp-labor","22":"product_tag-4-me-tmp-lagerung","23":"product_tag-4-me-tmp-legal","24":"product_tag-4-me-tmp-lieferant","25":"product_tag-4-me-tmp-markt","26":"product_tag-4-me-tmp-marktanalyse","27":"product_tag-4-me-tmp-online","28":"product_tag-4-me-tmp-online-bestellen","29":"product_tag-4-me-tmp-pharmazeutische-forschung","30":"product_tag-4-me-tmp-preis","31":"product_tag-4-me-tmp-referenzmaterial","32":"product_tag-4-me-tmp-risiken","33":"product_tag-4-me-tmp-sicher","34":"product_tag-4-me-tmp-sicherheit","35":"product_tag-4-me-tmp-substanz","36":"product_tag-4-me-tmp-verfugbarkeit","37":"product_tag-4-me-tmp-versand","38":"product_tag-4-me-tmp-vertrieb","39":"product_tag-4-me-tmp-vorschriften","40":"product_tag-4-methyl-2","41":"product_tag-4-methylthio-2","42":"product_tag-4metmp-gunstig","43":"product_tag-5-dimethoxyamphetamine","44":"product_tag-5-dimethoxyphenethylamin-bestellen","45":"product_tag-amphetamin-derivate","46":"product_tag-chemische-formel-4-me-tmp","47":"product_tag-forschung-chemikalien-4-me-tmp","48":"product_tag-gesundheitliche-risiken","49":"product_tag-hochwertige-4-me-tmp-kaufen","50":"product_tag-innovative-4-me-tmp-forschung","51":"product_tag-laborqualitat-4-me-tmp","52":"product_tag-legaler-4-me-tmp-anbieter","53":"product_tag-methoxyamphetamine","54":"product_tag-rechtlicher-status-4-me-tmp","55":"product_tag-risiken-4-me-tmp","56":"product_tag-sicherer-4-me-tmp-versand","57":"product_tag-suchtgefahr","58":"product_tag-synthetische-stimulanzien","59":"product_tag-wirkungen-von-4-me-tmp","61":"first","62":"instock","63":"shipping-taxable","64":"purchasable","65":"product-type-variable"},"yoast_head":"<!-- This site is optimized with the Yoast SEO plugin v27.5 - https:\/\/yoast.com\/product\/yoast-seo-wordpress\/ -->\n<title>4-Me-TMP kaufen - h\u00f6chste Reinheit (zum Verkauf|hochwertig)<\/title>\n<meta name=\"description\" content=\"Entdecken Sie hochreines 4-Me-TMP f\u00fcr Ihre Forschung bei Chemgramx. Bestellen Sie authentisches und erstklassiges 4-Me-TMP mit \u00fcber 98% Reinheit jetzt online f\u00fcr Ihre Studien.\" \/>\n<meta name=\"robots\" content=\"index, follow, max-snippet:-1, max-image-preview:large, max-video-preview:-1\" \/>\n<link rel=\"canonical\" href=\"https:\/\/chemgramx.com\/cs\/produkt-1\/koupit-4-me-tmp-online\/\" \/>\n<meta property=\"og:locale\" content=\"cs_CZ\" \/>\n<meta property=\"og:type\" content=\"article\" \/>\n<meta property=\"og:title\" content=\"4-Me-TMP kaufen - h\u00f6chste Reinheit (zum Verkauf|hochwertig)\" \/>\n<meta property=\"og:description\" content=\"Entdecken Sie hochreines 4-Me-TMP f\u00fcr Ihre Forschung bei Chemgramx. Bestellen Sie authentisches und erstklassiges 4-Me-TMP mit \u00fcber 98% Reinheit jetzt online f\u00fcr Ihre Studien.\" \/>\n<meta property=\"og:url\" content=\"https:\/\/chemgramx.com\/cs\/produkt-1\/koupit-4-me-tmp-online\/\" \/>\n<meta property=\"og:site_name\" content=\"Chemgramx\" \/>\n<meta property=\"article:modified_time\" content=\"2025-12-09T10:22:22+00:00\" \/>\n<meta property=\"og:image\" content=\"https:\/\/chemgramx.com\/wp-content\/uploads\/2025\/11\/4-Me-TMP.jpg\" \/>\n\t<meta property=\"og:image:width\" content=\"200\" \/>\n\t<meta property=\"og:image:height\" content=\"200\" \/>\n\t<meta property=\"og:image:type\" content=\"image\/jpeg\" \/>\n<meta name=\"twitter:card\" content=\"summary_large_image\" \/>\n<meta name=\"twitter:label1\" content=\"Odhadovan\u00e1 doba \u010dten\u00ed\" \/>\n\t<meta name=\"twitter:data1\" content=\"3 minuty\" \/>\n<script type=\"application\/ld+json\" class=\"yoast-schema-graph\">{\"@context\":\"https:\\\/\\\/schema.org\",\"@graph\":[{\"@type\":\"WebPage\",\"@id\":\"https:\\\/\\\/chemgramx.com\\\/product\\\/4-me-tmp-online-kaufen\\\/\",\"url\":\"https:\\\/\\\/chemgramx.com\\\/product\\\/4-me-tmp-online-kaufen\\\/\",\"name\":\"4-Me-TMP kaufen - h\u00f6chste Reinheit (zum Verkauf|hochwertig)\",\"isPartOf\":{\"@id\":\"https:\\\/\\\/chemgramx.com\\\/#website\"},\"primaryImageOfPage\":{\"@id\":\"https:\\\/\\\/chemgramx.com\\\/product\\\/4-me-tmp-online-kaufen\\\/#primaryimage\"},\"image\":{\"@id\":\"https:\\\/\\\/chemgramx.com\\\/product\\\/4-me-tmp-online-kaufen\\\/#primaryimage\"},\"thumbnailUrl\":\"https:\\\/\\\/chemgramx.com\\\/wp-content\\\/uploads\\\/2025\\\/11\\\/4-Me-TMP.jpg\",\"datePublished\":\"2025-11-21T16:46:33+00:00\",\"dateModified\":\"2025-12-09T10:22:22+00:00\",\"description\":\"Entdecken Sie hochreines 4-Me-TMP f\u00fcr Ihre Forschung bei Chemgramx. Bestellen Sie authentisches und erstklassiges 4-Me-TMP mit \u00fcber 98% Reinheit jetzt online f\u00fcr Ihre Studien.\",\"breadcrumb\":{\"@id\":\"https:\\\/\\\/chemgramx.com\\\/product\\\/4-me-tmp-online-kaufen\\\/#breadcrumb\"},\"inLanguage\":\"cs\",\"potentialAction\":[{\"@type\":\"ReadAction\",\"target\":[\"https:\\\/\\\/chemgramx.com\\\/product\\\/4-me-tmp-online-kaufen\\\/\"]}]},{\"@type\":\"ImageObject\",\"inLanguage\":\"cs\",\"@id\":\"https:\\\/\\\/chemgramx.com\\\/product\\\/4-me-tmp-online-kaufen\\\/#primaryimage\",\"url\":\"https:\\\/\\\/chemgramx.com\\\/wp-content\\\/uploads\\\/2025\\\/11\\\/4-Me-TMP.jpg\",\"contentUrl\":\"https:\\\/\\\/chemgramx.com\\\/wp-content\\\/uploads\\\/2025\\\/11\\\/4-Me-TMP.jpg\",\"width\":200,\"height\":200},{\"@type\":\"BreadcrumbList\",\"@id\":\"https:\\\/\\\/chemgramx.com\\\/product\\\/4-me-tmp-online-kaufen\\\/#breadcrumb\",\"itemListElement\":[{\"@type\":\"ListItem\",\"position\":1,\"name\":\"Home\",\"item\":\"https:\\\/\\\/chemgramx.com\\\/\"},{\"@type\":\"ListItem\",\"position\":2,\"name\":\"Shop\",\"item\":\"https:\\\/\\\/chemgramx.com\\\/shop\\\/\"},{\"@type\":\"ListItem\",\"position\":3,\"name\":\"4-Me-TMP kaufen &#8211; h\u00f6chste Reinheit (zum Verkauf|hochwertig)\"}]},{\"@type\":\"WebSite\",\"@id\":\"https:\\\/\\\/chemgramx.com\\\/#website\",\"url\":\"https:\\\/\\\/chemgramx.com\\\/\",\"name\":\"Chemgramx\",\"description\":\"\",\"publisher\":{\"@id\":\"https:\\\/\\\/chemgramx.com\\\/#organization\"},\"potentialAction\":[{\"@type\":\"SearchAction\",\"target\":{\"@type\":\"EntryPoint\",\"urlTemplate\":\"https:\\\/\\\/chemgramx.com\\\/?s={search_term_string}\"},\"query-input\":{\"@type\":\"PropertyValueSpecification\",\"valueRequired\":true,\"valueName\":\"search_term_string\"}}],\"inLanguage\":\"cs\"},{\"@type\":\"Organization\",\"@id\":\"https:\\\/\\\/chemgramx.com\\\/#organization\",\"name\":\"Chemgramx\",\"url\":\"https:\\\/\\\/chemgramx.com\\\/\",\"logo\":{\"@type\":\"ImageObject\",\"inLanguage\":\"cs\",\"@id\":\"https:\\\/\\\/chemgramx.com\\\/#\\\/schema\\\/logo\\\/image\\\/\",\"url\":\"https:\\\/\\\/chemgramx.com\\\/wp-content\\\/uploads\\\/2024\\\/10\\\/final-logo.png\",\"contentUrl\":\"https:\\\/\\\/chemgramx.com\\\/wp-content\\\/uploads\\\/2024\\\/10\\\/final-logo.png\",\"width\":250,\"height\":48,\"caption\":\"Chemgramx\"},\"image\":{\"@id\":\"https:\\\/\\\/chemgramx.com\\\/#\\\/schema\\\/logo\\\/image\\\/\"}}]}<\/script>\n<!-- \/ Yoast SEO plugin. -->","yoast_head_json":{"title":"Koupit 4-Me-TMP \u2013 nejvy\u0161\u0161\u00ed \u010distota (na prodej | vysok\u00e1 kvalita)","description":"Objevte vysoce \u010dist\u00fd 4-Me-TMP pro sv\u016fj v\u00fdzkum na Chemgramx. Objednejte si nyn\u00ed online autentick\u00fd a prvot\u0159\u00eddn\u00ed 4-Me-TMP s \u010distotou p\u0159es 98% pro sv\u00e9 studie.","robots":{"index":"index","follow":"follow","max-snippet":"max-snippet:-1","max-image-preview":"max-image-preview:large","max-video-preview":"max-video-preview:-1"},"canonical":"https:\/\/chemgramx.com\/cs\/produkt-1\/koupit-4-me-tmp-online\/","og_locale":"cs_CZ","og_type":"article","og_title":"4-Me-TMP kaufen - h\u00f6chste Reinheit (zum Verkauf|hochwertig)","og_description":"Entdecken Sie hochreines 4-Me-TMP f\u00fcr Ihre Forschung bei Chemgramx. Bestellen Sie authentisches und erstklassiges 4-Me-TMP mit \u00fcber 98% Reinheit jetzt online f\u00fcr Ihre Studien.","og_url":"https:\/\/chemgramx.com\/cs\/produkt-1\/koupit-4-me-tmp-online\/","og_site_name":"Chemgramx","article_modified_time":"2025-12-09T10:22:22+00:00","og_image":[{"width":200,"height":200,"url":"https:\/\/chemgramx.com\/wp-content\/uploads\/2025\/11\/4-Me-TMP.jpg","type":"image\/jpeg"}],"twitter_card":"summary_large_image","twitter_misc":{"Odhadovan\u00e1 doba \u010dten\u00ed":"3 minuty"},"schema":{"@context":"https:\/\/schema.org","@graph":[{"@type":"WebPage","@id":"https:\/\/chemgramx.com\/product\/4-me-tmp-online-kaufen\/","url":"https:\/\/chemgramx.com\/product\/4-me-tmp-online-kaufen\/","name":"Koupit 4-Me-TMP \u2013 nejvy\u0161\u0161\u00ed \u010distota (na prodej | vysok\u00e1 kvalita)","isPartOf":{"@id":"https:\/\/chemgramx.com\/#website"},"primaryImageOfPage":{"@id":"https:\/\/chemgramx.com\/product\/4-me-tmp-online-kaufen\/#primaryimage"},"image":{"@id":"https:\/\/chemgramx.com\/product\/4-me-tmp-online-kaufen\/#primaryimage"},"thumbnailUrl":"https:\/\/chemgramx.com\/wp-content\/uploads\/2025\/11\/4-Me-TMP.jpg","datePublished":"2025-11-21T16:46:33+00:00","dateModified":"2025-12-09T10:22:22+00:00","description":"Objevte vysoce \u010dist\u00fd 4-Me-TMP pro sv\u016fj v\u00fdzkum na Chemgramx. Objednejte si nyn\u00ed online autentick\u00fd a prvot\u0159\u00eddn\u00ed 4-Me-TMP s \u010distotou p\u0159es 98% pro sv\u00e9 studie.","breadcrumb":{"@id":"https:\/\/chemgramx.com\/product\/4-me-tmp-online-kaufen\/#breadcrumb"},"inLanguage":"cs","potentialAction":[{"@type":"ReadAction","target":["https:\/\/chemgramx.com\/product\/4-me-tmp-online-kaufen\/"]}]},{"@type":"ImageObject","inLanguage":"cs","@id":"https:\/\/chemgramx.com\/product\/4-me-tmp-online-kaufen\/#primaryimage","url":"https:\/\/chemgramx.com\/wp-content\/uploads\/2025\/11\/4-Me-TMP.jpg","contentUrl":"https:\/\/chemgramx.com\/wp-content\/uploads\/2025\/11\/4-Me-TMP.jpg","width":200,"height":200},{"@type":"BreadcrumbList","@id":"https:\/\/chemgramx.com\/product\/4-me-tmp-online-kaufen\/#breadcrumb","itemListElement":[{"@type":"ListItem","position":1,"name":"Home","item":"https:\/\/chemgramx.com\/"},{"@type":"ListItem","position":2,"name":"Shop","item":"https:\/\/chemgramx.com\/shop\/"},{"@type":"ListItem","position":3,"name":"4-Me-TMP kaufen &#8211; h\u00f6chste Reinheit (zum Verkauf|hochwertig)"}]},{"@type":"WebSite","@id":"https:\/\/chemgramx.com\/#website","url":"https:\/\/chemgramx.com\/","name":"Chemgramx","description":"","publisher":{"@id":"https:\/\/chemgramx.com\/#organization"},"potentialAction":[{"@type":"SearchAction","target":{"@type":"EntryPoint","urlTemplate":"https:\/\/chemgramx.com\/?s={search_term_string}"},"query-input":{"@type":"PropertyValueSpecification","valueRequired":true,"valueName":"search_term_string"}}],"inLanguage":"cs"},{"@type":"Organization","@id":"https:\/\/chemgramx.com\/#organization","name":"Chemgramx","url":"https:\/\/chemgramx.com\/","logo":{"@type":"ImageObject","inLanguage":"cs","@id":"https:\/\/chemgramx.com\/#\/schema\/logo\/image\/","url":"https:\/\/chemgramx.com\/wp-content\/uploads\/2024\/10\/final-logo.png","contentUrl":"https:\/\/chemgramx.com\/wp-content\/uploads\/2024\/10\/final-logo.png","width":250,"height":48,"caption":"Chemgramx"},"image":{"@id":"https:\/\/chemgramx.com\/#\/schema\/logo\/image\/"}}]}},"_links":{"self":[{"href":"https:\/\/chemgramx.com\/cs\/wp-json\/wp\/v2\/product\/8036","targetHints":{"allow":["GET"]}}],"collection":[{"href":"https:\/\/chemgramx.com\/cs\/wp-json\/wp\/v2\/product"}],"about":[{"href":"https:\/\/chemgramx.com\/cs\/wp-json\/wp\/v2\/types\/product"}],"replies":[{"embeddable":true,"href":"https:\/\/chemgramx.com\/cs\/wp-json\/wp\/v2\/comments?post=8036"}],"wp:featuredmedia":[{"embeddable":true,"href":"https:\/\/chemgramx.com\/cs\/wp-json\/wp\/v2\/media\/8088"}],"wp:attachment":[{"href":"https:\/\/chemgramx.com\/cs\/wp-json\/wp\/v2\/media?parent=8036"}],"wp:term":[{"taxonomy":"product_brand","embeddable":true,"href":"https:\/\/chemgramx.com\/cs\/wp-json\/wp\/v2\/product_brand?post=8036"},{"taxonomy":"product_cat","embeddable":true,"href":"https:\/\/chemgramx.com\/cs\/wp-json\/wp\/v2\/product_cat?post=8036"},{"taxonomy":"product_tag","embeddable":true,"href":"https:\/\/chemgramx.com\/cs\/wp-json\/wp\/v2\/product_tag?post=8036"}],"curies":[{"name":"wp","href":"https:\/\/api.w.org\/{rel}","templated":true}]}}