{"id":8038,"date":"2025-11-21T16:46:33","date_gmt":"2025-11-21T16:46:33","guid":{"rendered":"https:\/\/chemgramx.com\/?post_type=product&#038;p=8038"},"modified":"2025-12-09T10:24:01","modified_gmt":"2025-12-09T10:24:01","slug":"4-bmc-4-bromomethcathinone-koupit-online","status":"publish","type":"product","link":"https:\/\/chemgramx.com\/cs\/product\/4-bmc-4-bromomethcathinon-online-kaufen\/","title":{"rendered":"Koupit 4-BMC \u2013 \u010cistota (na prodej | Vysok\u00e1 kvalita)"},"content":{"rendered":"<p>Hled\u00e1te spolehliv\u00fd zdroj pro <b>4-bromometkatinon<\/b> nejvy\u0161\u0161\u00ed \u010distoty? Pak jste u Chemgramx na spr\u00e1vn\u00e9m m\u00edst\u011b. Nab\u00edz\u00edme v\u00e1m vynikaj\u00edc\u00ed p\u0159\u00edle\u017eitost, <b>4-bromometkatinon na prodej<\/b> objevit, kter\u00fd byl speci\u00e1ln\u011b navr\u017een pro n\u00e1ro\u010dn\u00e9 v\u00fdzkumn\u00e9 \u00fa\u010dely. Krom\u011b toho garantujeme, \u017ee ka\u017ed\u00e1 \u0161ar\u017ee <b>Laboratorn\u00ed kvalita na prodej<\/b> a vyzna\u010duje se mimo\u0159\u00e1dnou \u010distotou. M\u016f\u017eete se tedy spolehnout, \u017ee dostanete produkt, kter\u00fd spl\u0148uje nejvy\u0161\u0161\u00ed v\u011bdeck\u00e9 standardy.<\/p>\n<h2>Co je 4-BMC (4-brommethcathinon)?<\/h2>\n<p><b>4-BMC<\/b>tak\u00e9 zn\u00e1m\u00fd jako <b>4-bromometkatinon<\/b>, je organick\u00e1 slou\u010denina ze skupiny katinon\u016f. Chemicky se jedn\u00e1 o deriv\u00e1t metkatinonu, ve kter\u00e9m je bromov\u00fd atom substituov\u00e1n na pozici 4 fenylov\u00e9ho kruhu. D\u00e1le je zaj\u00edmav\u00fd p\u0159edev\u0161\u00edm jako v\u00fdzkumn\u00e1 chemik\u00e1lie, kter\u00e1 se pou\u017e\u00edv\u00e1 v laborato\u0159\u00edch po cel\u00e9m sv\u011bt\u011b pro analytick\u00e9 studie a materi\u00e1lov\u00e9 v\u011bdy. Zde je rozhoduj\u00edc\u00ed v\u017edy <b>autentick\u00fd 4-bromometkatinon<\/b> aby byly zaji\u0161t\u011bny p\u0159esn\u00e9 a reprodukovateln\u00e9 v\u00fdsledky.<\/p>\n<p>Jeho molekul\u00e1rn\u00ed struktura dod\u00e1v\u00e1 4-BMC specifick\u00e9 fyzik\u00e1ln\u011b-chemick\u00e9 vlastnosti, d\u00edky nim\u017e je cenn\u00fdm n\u00e1strojem v chemii a farmakologii. Nap\u0159\u00edklad se \u010dasto pou\u017e\u00edv\u00e1 jako referen\u010dn\u00ed standard nebo v <i>In vitro<\/i>-experimenty pro zkoum\u00e1n\u00ed chemick\u00fdch reakc\u00ed nebo molekul\u00e1rn\u00edch interakc\u00ed. P\u0159esn\u00e1 znalost jeho vlastnost\u00ed je z\u00e1sadn\u00ed pro bezpe\u010dn\u00e9 a efektivn\u00ed zach\u00e1zen\u00ed ve v\u00fdzkumn\u00e9m prost\u0159ed\u00ed.<\/p>\n<h2>Standardy kvality a \u010distoty u Chemgramx<\/h2>\n<p>Ve spole\u010dnosti Chemgramx klademe nejv\u011bt\u0161\u00ed d\u016fraz na kvalitu a \u010distotu. Ka\u017ed\u00e1 \u0161ar\u017ee <b>4-BMC<\/b> je podroben p\u0159\u00edsn\u00fdm analytick\u00fdm test\u016fm, aby byla zaji\u0161t\u011bna \u010distota p\u0159esahuj\u00edc\u00ed 98%. Krom\u011b toho nab\u00edz\u00edme pouze <b>\u0160pi\u010dkov\u00e1 kvalita 4-bromometkatinon<\/b> kter\u00fd spl\u0148uje tyto vysok\u00e9 standardy. Na\u0161i z\u00e1kazn\u00edci tak mohou m\u00edt jistotu, \u017ee obdr\u017e\u00ed produkt bez kontaminace, kter\u00fd neovlivn\u00ed integritu jejich v\u00fdzkumu.<\/p>\n<ul>\n<li><b>\u010cistota ov\u011b\u0159en\u00e1 metodou HPLC:<\/b> \u010cistota ka\u017ed\u00e9ho produktu je testov\u00e1na pomoc\u00ed vysoce v\u00fdkonn\u00e9 kapalinov\u00e9 chromatografie.<\/li>\n<li><b>Ov\u011b\u0159en\u00ed NMR:<\/b> Chemick\u00e1 struktura je potvrzena pomoc\u00ed nukle\u00e1rn\u00ed magnetick\u00e9 rezonance.<\/li>\n<li><b>Anal\u00fdza \u0161ar\u017ee:<\/b> K ka\u017ed\u00e9 objedn\u00e1vce je p\u0159ilo\u017een certifik\u00e1t anal\u00fdzy, kter\u00fd potvrzuje specifikace dan\u00e9 \u0161ar\u017ee.<\/li>\n<li><b>Kvalita v\u00fdzkumu na prodej:<\/b> N\u00e1\u0161 4-BMC je v\u00fdslovn\u011b ur\u010den pro v\u011bdeck\u00e9 a experiment\u00e1ln\u00ed \u00fa\u010dely.<\/li>\n<\/ul>\n<p>Stejn\u011b tak je pro n\u00e1s d\u016fle\u017eit\u00e9 poskytovat transparentnost ohledn\u011b na\u0161ich proces\u016f zaji\u0161t\u011bn\u00ed kvality. U n\u00e1s nez\u00edsk\u00e1v\u00e1te pouze l\u00e1tku, ale tak\u00e9 d\u016fv\u011bru v jej\u00ed slo\u017een\u00ed a specifikace. To \u010din\u00ed na\u0161i nab\u00eddku <b>Vysok\u00e1 \u010distota na prodej<\/b> obzvl\u00e1\u0161t\u011b atraktivn\u00ed pro seri\u00f3zn\u00ed v\u00fdzkumn\u00e9 instituce.<\/p>\n<h2>Oblasti pou\u017eit\u00ed a v\u00fdzkumn\u00fd potenci\u00e1l<\/h2>\n<p>Potenci\u00e1l <b>4-bromometkatinon<\/b> ve v\u00fdzkumu je r\u016fznorod\u00e9. Slou\u017e\u00ed hlavn\u011b jako cenn\u00e1 referen\u010dn\u00ed l\u00e1tka pro analytick\u00e9 laborato\u0159e, kter\u00e9 vyv\u00edjej\u00ed nov\u00e9 vy\u0161et\u0159ovac\u00ed metody nebo validuj\u00ed st\u00e1vaj\u00edc\u00ed. D\u00e1le se pou\u017e\u00edv\u00e1 v chemick\u00fdch syntetick\u00fdch studi\u00edch k v\u00fdzkumu reaktivity bromov\u00fdch substituent\u016f na katinonov\u00fdch struktur\u00e1ch. Je proto nepostradateln\u00fdm n\u00e1strojem pro v\u011bdce, kte\u0159\u00ed zkoumaj\u00ed vlastnosti a potenci\u00e1ln\u00ed pou\u017eit\u00ed v\u00fdzkumn\u00fdch slou\u010denin.<\/p>\n<p>Toxikologov\u00e9 a forenzn\u00ed v\u011bdci d\u00e1le pou\u017e\u00edvaj\u00ed 4-BMC jako standard ve sv\u00fdch testech, aby mohli p\u0159esn\u011b identifikovat a kvantifikovat vzorky z re\u00e1ln\u00fdch sc\u00e9n\u00e1\u0159\u016f. To <b>nejlep\u0161\u00ed 4-bromometkatinon na trhu<\/b> je proto rozhoduj\u00edc\u00ed pro p\u0159esnost a spolehlivost forenzn\u00edch anal\u00fdz. Tak\u00e9 v oblasti farmaceutick\u00e9ho v\u00fdzkumu m\u016f\u017ee v n\u011bkter\u00fdch p\u0159\u00edpadech doj\u00edt k <i>In vitro<\/i>-modely pro zkoum\u00e1n\u00ed interakc\u00ed receptor\u016f nebo metabolick\u00fdch drah, v\u017edy za p\u0159\u00edsn\u011b kontrolovan\u00fdch podm\u00ednek a v souladu s etick\u00fdmi z\u00e1sadami.<\/p>\n<p>Vezm\u011bte pros\u00edm na v\u011bdom\u00ed, \u017ee <b>4-bromometkatinon<\/b> ur\u010den v\u00fdhradn\u011b pro v\u00fdzkumn\u00e9 \u00fa\u010dely a nen\u00ed ur\u010den k lidsk\u00e9 spot\u0159eb\u011b ani k terapeutick\u00fdm \u00fa\u010del\u016fm. Manipulace s touto chemik\u00e1li\u00ed vy\u017eaduje odborn\u00e9 znalosti a dodr\u017eov\u00e1n\u00ed p\u0159\u00edslu\u0161n\u00fdch bezpe\u010dnostn\u00edch p\u0159edpis\u016f. Dal\u0161\u00ed souvisej\u00edc\u00ed v\u00fdzkumn\u00e9 l\u00e1tky, kter\u00e9 by mohly b\u00fdt relevantn\u00ed pro v\u011bdeck\u00fd v\u00fdzkum, naleznete v na\u0161em <a href=\"https:\/\/chemgramx.com\/product\/kaufen-sie-china-white-heroin\/\">komplexn\u00ed sortiment produkt\u016f<\/a>.<\/p>\n<h2>Bezpe\u010dnost a manipulace s 4-BMC<\/h2>\n<p>Odpov\u011bdn\u00e9 zach\u00e1zen\u00ed s <b>4-bromometkatinon<\/b> je nanejv\u00fd\u0161 d\u016fle\u017eit\u00e9. V\u011bdci mus\u00ed v\u017edy nosit vhodn\u00e9 osobn\u00ed ochrann\u00e9 prost\u0159edky (OOP), v\u010detn\u011b rukavic, ochrann\u00fdch br\u00fdl\u00ed a laboratorn\u00edch pl\u00e1\u0161\u0165\u016f, aby se vyhnuli p\u0159\u00edm\u00e9mu kontaktu s l\u00e1tkou. Nezbytn\u00e9 je tak\u00e9 dobr\u00e9 v\u011btr\u00e1n\u00ed pracovn\u00edho prostoru, ide\u00e1ln\u011b pod digesto\u0159\u00ed, aby se minimalizovala expozice par\u00e1m nebo prachu.<\/p>\n<p>4-BMC by m\u011bl b\u00fdt skladov\u00e1n v chladn\u00e9m, such\u00e9m a dob\u0159e v\u011btran\u00e9m prostoru, mimo dosah p\u0159\u00edm\u00e9ho slune\u010dn\u00edho z\u00e1\u0159en\u00ed a jin\u00fdch zdroj\u016f tepla. N\u00e1doba mus\u00ed b\u00fdt pevn\u011b uzav\u0159ena, aby byla zachov\u00e1na stabilita l\u00e1tky a zabr\u00e1n\u011bno kontaminaci. Ve\u0161ker\u00e9 z\u00e1soby by m\u011bly b\u00fdt \u0159\u00e1dn\u011b ozna\u010deny a uchov\u00e1v\u00e1ny mimo dosah neopr\u00e1vn\u011bn\u00fdch osob. A <b>Bezpe\u010dn\u00fd n\u00e1kup<\/b> Produktu je pouze prvn\u00edm krokem; stejn\u011b d\u016fle\u017eit\u00e9 je tak\u00e9 bezpe\u010dn\u00e9 zach\u00e1zen\u00ed v laborato\u0159i.<\/p>\n<p>V p\u0159\u00edpad\u011b kontaktu s k\u016f\u017e\u00ed nebo o\u010dima posti\u017een\u00e9 m\u00edsto okam\u017eit\u011b d\u016fkladn\u011b opl\u00e1chn\u011bte vodou a v p\u0159\u00edpad\u011b pot\u0159eby vyhledejte l\u00e9ka\u0159skou pomoc. Rozlit\u00e9 l\u00e1tky by m\u011bly b\u00fdt odstran\u011bny v souladu s laboratorn\u00edmi pokyny, p\u0159i\u010dem\u017e je t\u0159eba postupovat s mimo\u0159\u00e1dnou opatrnost\u00ed. N\u00e1\u0161 produkt je v\u017edy zach\u00e1zeno s p\u00e9\u010d\u00ed a je optimalizov\u00e1n pro bezpe\u010dn\u00e9 zpracov\u00e1n\u00ed ve va\u0161em v\u00fdzkumn\u00e9m za\u0159\u00edzen\u00ed.<\/p>\n<h2>Objednejte si 4-BMC (4-bromometkatinon) u Chemgramx<\/h2>\n<p>Pokud jste p\u0159ipraveni posunout sv\u016fj v\u00fdzkum na dal\u0161\u00ed \u00farove\u0148, m\u016f\u017eete <b>Objednejte si 4-bromometkatinon online<\/b> u Chemgramx. Nab\u00edz\u00edme jednoduch\u00fd a bezpe\u010dn\u00fd proces objedn\u00e1vky, kter\u00fd je p\u0159izp\u016fsoben pot\u0159eb\u00e1m v\u00fdzkumn\u00fdch instituc\u00ed. D\u00e1le garantujeme diskr\u00e9tnost a integritu p\u0159i ka\u017ed\u00e9 transakci. Na\u0161\u00edm c\u00edlem je tak\u00e9 co nejv\u00edce zjednodu\u0161it a zefektivnit p\u0159\u00edstup k vysoce \u010dist\u00fdm chemik\u00e1li\u00edm pro v\u00fdzkumn\u00e9 \u00fa\u010dely. Nav\u00edc m\u016f\u017eete kdykoli vyu\u017e\u00edt na\u0161e prvot\u0159\u00eddn\u00ed <a href=\"https:\/\/chemgramx.com\/product\/4-bmc-4-bromomethcathinon-online-kaufen\/\">Koupit 4-BMC (4-Bromomethcathinone) online<\/a> a vyu\u017eijte na\u0161e odborn\u00e9 znalosti.<\/p>\n<p>N\u00e1\u0161 t\u00fdm z\u00e1kaznick\u00e9ho servisu je v\u00e1m k dispozici pro p\u0159\u00edpadn\u00e9 dotazy a r\u00e1d v\u00e1m pom\u016f\u017ee s v\u00fdb\u011brem spr\u00e1vn\u00fdch produkt\u016f pro va\u0161e projekty. Vyu\u017eijte na\u0161ich zku\u0161enost\u00ed a na\u0161eho z\u00e1vazku ke kvalit\u011b a objednejte si je\u0161t\u011b dnes. <a href=\"https:\/\/chemgramx.com\/product\/4-bmc-4-bromomethcathinon-online-kaufen\/\"><b>Kupte si vysoce kvalitn\u00ed 4-BMC na Chemgramx<\/b><\/a>. N\u00e1\u0161 optimalizovan\u00fd proces v\u00e1m umo\u017e\u0148uje, <b>Koupit online nyn\u00ed<\/b> a pohodln\u011b dokon\u010dit svou objedn\u00e1vku. Chemgramx je tedy va\u0161\u00ed prvn\u00ed volbou pro v\u00fdzkumn\u00e9 pot\u0159eby.<\/p>\n<h2>\u010casto kladen\u00e9 ot\u00e1zky (FAQ) t\u00fdkaj\u00edc\u00ed se 4-BMC<\/h2>\n<h3>Co znamen\u00e1 kvalita v\u00fdzkumu ve spole\u010dnosti 4-BMC?<\/h3>\n<p><b>Kvalita v\u00fdzkumu<\/b> znamen\u00e1, \u017ee n\u00e1\u0161 <b>4-bromometkatinon<\/b> byl vyroben speci\u00e1ln\u011b pro v\u011bdeck\u00e9 a analytick\u00e9 \u00fa\u010dely. Spl\u0148uje vysok\u00e9 standardy \u010distoty a je d\u016fkladn\u011b testov\u00e1n, aby zajistil p\u0159esn\u00e9 a reprodukovateln\u00e9 v\u00fdsledky v laboratorn\u00edch studi\u00edch. Nen\u00ed ur\u010den k lidsk\u00e9 spot\u0159eb\u011b ani k l\u00e9ka\u0159sk\u00fdm \u00fa\u010del\u016fm. Je proto ide\u00e1ln\u00ed pro n\u00e1ro\u010dn\u00e9 v\u00fdzkumn\u00e9 projekty.<\/p>\n<h3>Jak je zaji\u0161t\u011bna \u010distota 4-BMC?<\/h3>\n<p>\u010cistota na\u0161eho <b>4-bromometkatinony<\/b> je zaji\u0161t\u011bna \u0159adou p\u0159\u00edsn\u00fdch analytick\u00fdch postup\u016f, v\u010detn\u011b HPLC (vysokotlak\u00e1 kapalinov\u00e1 chromatografie) a NMR (nukle\u00e1rn\u00ed magnetick\u00e1 rezonance). Tyto testy potvrzuj\u00ed chemickou identitu a kvantifikuj\u00ed stupe\u0148 \u010distoty ka\u017ed\u00e9 \u0161ar\u017ee. T\u00edmto zp\u016fsobem garantujeme produkt vynikaj\u00edc\u00ed kvality, kter\u00fd spl\u0148uje na\u0161e po\u017eadavky na <b>Vysok\u00e1 \u010distota na prodej<\/b> zd\u016fraz\u0148uje.<\/p>\n<h3>Lze 4-BMC leg\u00e1ln\u011b zakoupit?<\/h3>\n<p>Z\u00e1konnost nab\u00fdv\u00e1n\u00ed a dr\u017een\u00ed <b>4-bromometkatinon<\/b> se li\u0161\u00ed v z\u00e1vislosti na zemi a jurisdikci. Je odpov\u011bdnost\u00ed kupuj\u00edc\u00edho zkontrolovat a dodr\u017eovat m\u00edstn\u00ed z\u00e1kony a p\u0159edpisy p\u0159ed zad\u00e1n\u00edm objedn\u00e1vky. Prod\u00e1v\u00e1me 4-BMC v\u00fdhradn\u011b v\u00fdzkumn\u00fdm a vzd\u011bl\u00e1vac\u00edm instituc\u00edm a o\u010dek\u00e1v\u00e1me, \u017ee v\u0161ichni z\u00e1kazn\u00edci budou dodr\u017eovat platn\u00e9 p\u0159edpisy. V d\u016fsledku toho bude va\u0161e <b>Bezpe\u010dn\u00fd n\u00e1kup<\/b> pod touto premisou.<\/p>\n<h3>Jak\u00e1 bezpe\u010dnostn\u00ed opat\u0159en\u00ed je t\u0159eba dodr\u017eovat p\u0159i manipulaci s 4-BMC?<\/h3>\n<p>P\u0159i manipulaci s <b>4-bromometkatinon<\/b> je v\u017edy nutn\u00e9 p\u0159ijmout odpov\u00eddaj\u00edc\u00ed bezpe\u010dnostn\u00ed opat\u0159en\u00ed. Pat\u0159\u00ed mezi n\u011b no\u0161en\u00ed osobn\u00edch ochrann\u00fdch prost\u0159edk\u016f, jako jsou rukavice a ochrann\u00e9 br\u00fdle, a pr\u00e1ce v dob\u0159e v\u011btran\u00e9m prostoru nebo pod digesto\u0159\u00ed. Podrobn\u00e1 anal\u00fdza rizik a dodr\u017eov\u00e1n\u00ed laboratorn\u00edch pokyn\u016f jsou nezbytn\u00e9 pro zabr\u00e1n\u011bn\u00ed expozici a zaji\u0161t\u011bn\u00ed bezpe\u010dn\u00e9ho pracovn\u00edho prost\u0159ed\u00ed. Stru\u010dn\u011b \u0159e\u010deno, bezpe\u010dnost m\u00e1 v\u017edy p\u0159ednost.<\/p>\n<h3>Nab\u00edz\u00ed Chemgramx certifik\u00e1ty anal\u00fdzy pro 4-BMC?<\/h3>\n<p>Ano, samoz\u0159ejm\u011b. Pro ka\u017edou \u0161ar\u017ei <b>4-bromometkatinon<\/b>, kter\u00e9 u n\u00e1s najdete <b>objednat online<\/b>, Na po\u017e\u00e1d\u00e1n\u00ed poskytujeme podrobn\u00fd certifik\u00e1t anal\u00fdzy (CoA). Tento dokument potvrzuje \u010distotu a chemickou identitu produktu na z\u00e1klad\u011b na\u0161ich intern\u00edch kontrol kvality. Je to podstatn\u00e1 sou\u010d\u00e1st na\u0161eho z\u00e1vazku k transparentnosti a kvalit\u011b, pokud <a href=\"https:\/\/chemgramx.com\/product\/4-bmc-4-bromomethcathinon-online-kaufen\/\">Koupit 4-BMC (4-Bromomethcathinone) online<\/a>.<\/p>","protected":false},"excerpt":{"rendered":"<p>Objevte <b>4-bromometkatinon<\/b> v nejvy\u0161\u0161\u00ed v\u00fdzkumn\u00e9 kvalit\u011b u Chemgramx. Tento autentick\u00fd deriv\u00e1t katinonu je ide\u00e1ln\u00ed pro analytick\u00e9 studie a materi\u00e1lov\u00e9 v\u011bdy. N\u00e1\u0161 produkt je zn\u00e1m\u00fd svou v\u00fdjime\u010dnou \u010distotou a ov\u011b\u0159enou chemickou identitou. Pokud <b>Koupit 4-bromometakatinon<\/b> nab\u00edz\u00edme v\u00e1m bezpe\u010dn\u00fd a transparentn\u00ed n\u00e1kup. Zajist\u011bte si nyn\u00ed vysoce kvalitn\u00ed v\u00fdzkumn\u00fd materi\u00e1l u Chemgramx, va\u0161eho d\u016fv\u011bryhodn\u00e9ho zdroje laboratorn\u00edch chemik\u00e1li\u00ed.<\/p>","protected":false},"featured_media":8090,"comment_status":"open","ping_status":"closed","template":"","meta":{"_joinchat":[]},"product_brand":[],"product_cat":[48],"product_tag":[1415,1412,1422,1408,1421,1405,1406,1401,1398,1417,1419,1402,1413,1416,1400,1407,1418,1423,1399,1420,1403,1404,1414,1409,1411,1410],"class_list":{"0":"post-8038","1":"product","2":"type-product","3":"status-publish","4":"has-post-thumbnail","6":"product_cat-stimulants","7":"product_tag-4-bmc-bestellen","8":"product_tag-4-bmc-bulk-bestellung","9":"product_tag-4-bmc-chemikalie","10":"product_tag-4-bmc-experimente","11":"product_tag-4-bmc-forschung","12":"product_tag-4-bmc-forschung-chemikalie","13":"product_tag-4-bmc-fur-neurowissenschaftliche-studien","14":"product_tag-4-bmc-groshandel","15":"product_tag-4-bmc-kaufen","16":"product_tag-4-bmc-labor","17":"product_tag-4-bmc-legal","18":"product_tag-4-bmc-lieferant","19":"product_tag-4-bmc-marktanalyse","20":"product_tag-4-bmc-online","21":"product_tag-4-bmc-online-bestellen","22":"product_tag-4-bmc-pharmazeutische-forschung","23":"product_tag-4-bmc-sicher","24":"product_tag-4-bmc-versand","25":"product_tag-4-bromomethcathinon-bestellen","26":"product_tag-4bmc-gunstig","27":"product_tag-forschung-chemikalien-4-bmc","28":"product_tag-hochwertige-4-bmc-kaufen","29":"product_tag-innovative-4-bmc-forschung","30":"product_tag-laborqualitat-4-bmc","31":"product_tag-legaler-4-bmc-anbieter","32":"product_tag-sicherer-4-bmc-versand","34":"first","35":"instock","36":"shipping-taxable","37":"purchasable","38":"product-type-variable"},"yoast_head":"<!-- This site is optimized with the Yoast SEO plugin v27.5 - https:\/\/yoast.com\/product\/yoast-seo-wordpress\/ -->\n<title>Kaufen 4-BMC - Reinheit (zum Verkauf | Hohe Qualit\u00e4t)<\/title>\n<meta name=\"description\" content=\"Entdecken Sie hochwertiges 4-Bromomethcathinon in Forschungsqualit\u00e4t. Jetzt 4-Bromomethcathinon kaufen und Ihr Laborprojekt vorantreiben. Authentisch und sicher.\" \/>\n<meta name=\"robots\" content=\"index, follow, max-snippet:-1, max-image-preview:large, max-video-preview:-1\" \/>\n<link rel=\"canonical\" href=\"https:\/\/chemgramx.com\/cs\/produkt-1\/4-bmc-4-bromomethcathinone-koupit-online\/\" \/>\n<meta property=\"og:locale\" content=\"cs_CZ\" \/>\n<meta property=\"og:type\" content=\"article\" \/>\n<meta property=\"og:title\" content=\"Kaufen 4-BMC - Reinheit (zum Verkauf | Hohe Qualit\u00e4t)\" \/>\n<meta property=\"og:description\" content=\"Entdecken Sie hochwertiges 4-Bromomethcathinon in Forschungsqualit\u00e4t. Jetzt 4-Bromomethcathinon kaufen und Ihr Laborprojekt vorantreiben. Authentisch und sicher.\" \/>\n<meta property=\"og:url\" content=\"https:\/\/chemgramx.com\/cs\/produkt-1\/4-bmc-4-bromomethcathinone-koupit-online\/\" \/>\n<meta property=\"og:site_name\" content=\"Chemgramx\" \/>\n<meta property=\"article:modified_time\" content=\"2025-12-09T10:24:01+00:00\" \/>\n<meta property=\"og:image\" content=\"https:\/\/chemgramx.com\/wp-content\/uploads\/2025\/11\/4-BMC-4-Bromomethcathinon.jpg\" \/>\n\t<meta property=\"og:image:width\" content=\"300\" \/>\n\t<meta property=\"og:image:height\" content=\"300\" \/>\n\t<meta property=\"og:image:type\" content=\"image\/jpeg\" \/>\n<meta name=\"twitter:card\" content=\"summary_large_image\" \/>\n<meta name=\"twitter:label1\" content=\"Odhadovan\u00e1 doba \u010dten\u00ed\" \/>\n\t<meta name=\"twitter:data1\" content=\"2 minuty\" \/>\n<script type=\"application\/ld+json\" class=\"yoast-schema-graph\">{\"@context\":\"https:\\\/\\\/schema.org\",\"@graph\":[{\"@type\":\"WebPage\",\"@id\":\"https:\\\/\\\/chemgramx.com\\\/product\\\/4-bmc-4-bromomethcathinon-online-kaufen\\\/\",\"url\":\"https:\\\/\\\/chemgramx.com\\\/product\\\/4-bmc-4-bromomethcathinon-online-kaufen\\\/\",\"name\":\"Kaufen 4-BMC - Reinheit (zum Verkauf | Hohe Qualit\u00e4t)\",\"isPartOf\":{\"@id\":\"https:\\\/\\\/chemgramx.com\\\/#website\"},\"primaryImageOfPage\":{\"@id\":\"https:\\\/\\\/chemgramx.com\\\/product\\\/4-bmc-4-bromomethcathinon-online-kaufen\\\/#primaryimage\"},\"image\":{\"@id\":\"https:\\\/\\\/chemgramx.com\\\/product\\\/4-bmc-4-bromomethcathinon-online-kaufen\\\/#primaryimage\"},\"thumbnailUrl\":\"https:\\\/\\\/chemgramx.com\\\/wp-content\\\/uploads\\\/2025\\\/11\\\/4-BMC-4-Bromomethcathinon.jpg\",\"datePublished\":\"2025-11-21T16:46:33+00:00\",\"dateModified\":\"2025-12-09T10:24:01+00:00\",\"description\":\"Entdecken Sie hochwertiges 4-Bromomethcathinon in Forschungsqualit\u00e4t. Jetzt 4-Bromomethcathinon kaufen und Ihr Laborprojekt vorantreiben. Authentisch und sicher.\",\"breadcrumb\":{\"@id\":\"https:\\\/\\\/chemgramx.com\\\/product\\\/4-bmc-4-bromomethcathinon-online-kaufen\\\/#breadcrumb\"},\"inLanguage\":\"cs\",\"potentialAction\":[{\"@type\":\"ReadAction\",\"target\":[\"https:\\\/\\\/chemgramx.com\\\/product\\\/4-bmc-4-bromomethcathinon-online-kaufen\\\/\"]}]},{\"@type\":\"ImageObject\",\"inLanguage\":\"cs\",\"@id\":\"https:\\\/\\\/chemgramx.com\\\/product\\\/4-bmc-4-bromomethcathinon-online-kaufen\\\/#primaryimage\",\"url\":\"https:\\\/\\\/chemgramx.com\\\/wp-content\\\/uploads\\\/2025\\\/11\\\/4-BMC-4-Bromomethcathinon.jpg\",\"contentUrl\":\"https:\\\/\\\/chemgramx.com\\\/wp-content\\\/uploads\\\/2025\\\/11\\\/4-BMC-4-Bromomethcathinon.jpg\",\"width\":300,\"height\":300},{\"@type\":\"BreadcrumbList\",\"@id\":\"https:\\\/\\\/chemgramx.com\\\/product\\\/4-bmc-4-bromomethcathinon-online-kaufen\\\/#breadcrumb\",\"itemListElement\":[{\"@type\":\"ListItem\",\"position\":1,\"name\":\"Home\",\"item\":\"https:\\\/\\\/chemgramx.com\\\/\"},{\"@type\":\"ListItem\",\"position\":2,\"name\":\"Shop\",\"item\":\"https:\\\/\\\/chemgramx.com\\\/shop\\\/\"},{\"@type\":\"ListItem\",\"position\":3,\"name\":\"Kaufen 4-BMC &#8211; Reinheit (zum Verkauf | Hohe Qualit\u00e4t)\"}]},{\"@type\":\"WebSite\",\"@id\":\"https:\\\/\\\/chemgramx.com\\\/#website\",\"url\":\"https:\\\/\\\/chemgramx.com\\\/\",\"name\":\"Chemgramx\",\"description\":\"\",\"publisher\":{\"@id\":\"https:\\\/\\\/chemgramx.com\\\/#organization\"},\"potentialAction\":[{\"@type\":\"SearchAction\",\"target\":{\"@type\":\"EntryPoint\",\"urlTemplate\":\"https:\\\/\\\/chemgramx.com\\\/?s={search_term_string}\"},\"query-input\":{\"@type\":\"PropertyValueSpecification\",\"valueRequired\":true,\"valueName\":\"search_term_string\"}}],\"inLanguage\":\"cs\"},{\"@type\":\"Organization\",\"@id\":\"https:\\\/\\\/chemgramx.com\\\/#organization\",\"name\":\"Chemgramx\",\"url\":\"https:\\\/\\\/chemgramx.com\\\/\",\"logo\":{\"@type\":\"ImageObject\",\"inLanguage\":\"cs\",\"@id\":\"https:\\\/\\\/chemgramx.com\\\/#\\\/schema\\\/logo\\\/image\\\/\",\"url\":\"https:\\\/\\\/chemgramx.com\\\/wp-content\\\/uploads\\\/2024\\\/10\\\/final-logo.png\",\"contentUrl\":\"https:\\\/\\\/chemgramx.com\\\/wp-content\\\/uploads\\\/2024\\\/10\\\/final-logo.png\",\"width\":250,\"height\":48,\"caption\":\"Chemgramx\"},\"image\":{\"@id\":\"https:\\\/\\\/chemgramx.com\\\/#\\\/schema\\\/logo\\\/image\\\/\"}}]}<\/script>\n<!-- \/ Yoast SEO plugin. -->","yoast_head_json":{"title":"Koupit 4-BMC \u2013 \u010distota (na prodej | vysok\u00e1 kvalita)","description":"Objevte vysoce kvalitn\u00ed 4-bromometkatinon v v\u00fdzkumn\u00e9 kvalit\u011b. Kupte si 4-bromometkatinon je\u0161t\u011b dnes a posu\u0148te sv\u016fj laboratorn\u00ed projekt kup\u0159edu. Autentick\u00fd a bezpe\u010dn\u00fd.","robots":{"index":"index","follow":"follow","max-snippet":"max-snippet:-1","max-image-preview":"max-image-preview:large","max-video-preview":"max-video-preview:-1"},"canonical":"https:\/\/chemgramx.com\/cs\/produkt-1\/4-bmc-4-bromomethcathinone-koupit-online\/","og_locale":"cs_CZ","og_type":"article","og_title":"Kaufen 4-BMC - Reinheit (zum Verkauf | Hohe Qualit\u00e4t)","og_description":"Entdecken Sie hochwertiges 4-Bromomethcathinon in Forschungsqualit\u00e4t. Jetzt 4-Bromomethcathinon kaufen und Ihr Laborprojekt vorantreiben. Authentisch und sicher.","og_url":"https:\/\/chemgramx.com\/cs\/produkt-1\/4-bmc-4-bromomethcathinone-koupit-online\/","og_site_name":"Chemgramx","article_modified_time":"2025-12-09T10:24:01+00:00","og_image":[{"width":300,"height":300,"url":"https:\/\/chemgramx.com\/wp-content\/uploads\/2025\/11\/4-BMC-4-Bromomethcathinon.jpg","type":"image\/jpeg"}],"twitter_card":"summary_large_image","twitter_misc":{"Odhadovan\u00e1 doba \u010dten\u00ed":"2 minuty"},"schema":{"@context":"https:\/\/schema.org","@graph":[{"@type":"WebPage","@id":"https:\/\/chemgramx.com\/product\/4-bmc-4-bromomethcathinon-online-kaufen\/","url":"https:\/\/chemgramx.com\/product\/4-bmc-4-bromomethcathinon-online-kaufen\/","name":"Koupit 4-BMC \u2013 \u010distota (na prodej | vysok\u00e1 kvalita)","isPartOf":{"@id":"https:\/\/chemgramx.com\/#website"},"primaryImageOfPage":{"@id":"https:\/\/chemgramx.com\/product\/4-bmc-4-bromomethcathinon-online-kaufen\/#primaryimage"},"image":{"@id":"https:\/\/chemgramx.com\/product\/4-bmc-4-bromomethcathinon-online-kaufen\/#primaryimage"},"thumbnailUrl":"https:\/\/chemgramx.com\/wp-content\/uploads\/2025\/11\/4-BMC-4-Bromomethcathinon.jpg","datePublished":"2025-11-21T16:46:33+00:00","dateModified":"2025-12-09T10:24:01+00:00","description":"Objevte vysoce kvalitn\u00ed 4-bromometkatinon v v\u00fdzkumn\u00e9 kvalit\u011b. Kupte si 4-bromometkatinon je\u0161t\u011b dnes a posu\u0148te sv\u016fj laboratorn\u00ed projekt kup\u0159edu. Autentick\u00fd a bezpe\u010dn\u00fd.","breadcrumb":{"@id":"https:\/\/chemgramx.com\/product\/4-bmc-4-bromomethcathinon-online-kaufen\/#breadcrumb"},"inLanguage":"cs","potentialAction":[{"@type":"ReadAction","target":["https:\/\/chemgramx.com\/product\/4-bmc-4-bromomethcathinon-online-kaufen\/"]}]},{"@type":"ImageObject","inLanguage":"cs","@id":"https:\/\/chemgramx.com\/product\/4-bmc-4-bromomethcathinon-online-kaufen\/#primaryimage","url":"https:\/\/chemgramx.com\/wp-content\/uploads\/2025\/11\/4-BMC-4-Bromomethcathinon.jpg","contentUrl":"https:\/\/chemgramx.com\/wp-content\/uploads\/2025\/11\/4-BMC-4-Bromomethcathinon.jpg","width":300,"height":300},{"@type":"BreadcrumbList","@id":"https:\/\/chemgramx.com\/product\/4-bmc-4-bromomethcathinon-online-kaufen\/#breadcrumb","itemListElement":[{"@type":"ListItem","position":1,"name":"Home","item":"https:\/\/chemgramx.com\/"},{"@type":"ListItem","position":2,"name":"Shop","item":"https:\/\/chemgramx.com\/shop\/"},{"@type":"ListItem","position":3,"name":"Kaufen 4-BMC &#8211; Reinheit (zum Verkauf | Hohe Qualit\u00e4t)"}]},{"@type":"WebSite","@id":"https:\/\/chemgramx.com\/#website","url":"https:\/\/chemgramx.com\/","name":"Chemgramx","description":"","publisher":{"@id":"https:\/\/chemgramx.com\/#organization"},"potentialAction":[{"@type":"SearchAction","target":{"@type":"EntryPoint","urlTemplate":"https:\/\/chemgramx.com\/?s={search_term_string}"},"query-input":{"@type":"PropertyValueSpecification","valueRequired":true,"valueName":"search_term_string"}}],"inLanguage":"cs"},{"@type":"Organization","@id":"https:\/\/chemgramx.com\/#organization","name":"Chemgramx","url":"https:\/\/chemgramx.com\/","logo":{"@type":"ImageObject","inLanguage":"cs","@id":"https:\/\/chemgramx.com\/#\/schema\/logo\/image\/","url":"https:\/\/chemgramx.com\/wp-content\/uploads\/2024\/10\/final-logo.png","contentUrl":"https:\/\/chemgramx.com\/wp-content\/uploads\/2024\/10\/final-logo.png","width":250,"height":48,"caption":"Chemgramx"},"image":{"@id":"https:\/\/chemgramx.com\/#\/schema\/logo\/image\/"}}]}},"_links":{"self":[{"href":"https:\/\/chemgramx.com\/cs\/wp-json\/wp\/v2\/product\/8038","targetHints":{"allow":["GET"]}}],"collection":[{"href":"https:\/\/chemgramx.com\/cs\/wp-json\/wp\/v2\/product"}],"about":[{"href":"https:\/\/chemgramx.com\/cs\/wp-json\/wp\/v2\/types\/product"}],"replies":[{"embeddable":true,"href":"https:\/\/chemgramx.com\/cs\/wp-json\/wp\/v2\/comments?post=8038"}],"wp:featuredmedia":[{"embeddable":true,"href":"https:\/\/chemgramx.com\/cs\/wp-json\/wp\/v2\/media\/8090"}],"wp:attachment":[{"href":"https:\/\/chemgramx.com\/cs\/wp-json\/wp\/v2\/media?parent=8038"}],"wp:term":[{"taxonomy":"product_brand","embeddable":true,"href":"https:\/\/chemgramx.com\/cs\/wp-json\/wp\/v2\/product_brand?post=8038"},{"taxonomy":"product_cat","embeddable":true,"href":"https:\/\/chemgramx.com\/cs\/wp-json\/wp\/v2\/product_cat?post=8038"},{"taxonomy":"product_tag","embeddable":true,"href":"https:\/\/chemgramx.com\/cs\/wp-json\/wp\/v2\/product_tag?post=8038"}],"curies":[{"name":"wp","href":"https:\/\/api.w.org\/{rel}","templated":true}]}}