{"id":8041,"date":"2025-11-21T16:46:34","date_gmt":"2025-11-21T16:46:34","guid":{"rendered":"https:\/\/chemgramx.com\/?post_type=product&#038;p=8041"},"modified":"2025-12-09T10:22:16","modified_gmt":"2025-12-09T10:22:16","slug":"6-apb-6-2-aminopropyl-benzofuran-koupit-online","status":"publish","type":"product","link":"https:\/\/chemgramx.com\/cs\/produkt-2\/6-apb-6-2-aminopropyl-benzofuran-koupit-online\/","title":{"rendered":"Koupit 6-APB \u2013 \u010cist\u00e1 v\u00fdzkumn\u00e1 chemik\u00e1lie online"},"content":{"rendered":"<p>Hled\u00e1te <b>spolehliv\u00fd zdroj pro 6-APB<\/b>? Pak jste u Chemgramx na spr\u00e1vn\u00e9m m\u00edst\u011b. Nab\u00edz\u00edme v\u00e1m mo\u017enost, <b>Koop 6-APB Te Koop<\/b> vynikaj\u00edc\u00ed \u010distoty. Tento chemick\u00fd produkt, zn\u00e1m\u00fd tak\u00e9 jako 6-(2-aminopropylbenzofuran), je speci\u00e1ln\u011b navr\u017een pro n\u00e1ro\u010dn\u00e9 v\u00fdzkumn\u00e9 \u00fa\u010dely. Zaru\u010dujeme tak nejvy\u0161\u0161\u00ed kvalitu a spolehlivost pro va\u0161e v\u011bdeck\u00e9 projekty. N\u00e1\u0161 6-APB je vyr\u00e1b\u011bn a testov\u00e1n za nejp\u0159\u00edsn\u011bj\u0161\u00edch laboratorn\u00edch podm\u00ednek, aby optim\u00e1ln\u011b spl\u0148oval po\u017eadavky v\u00fdzkumn\u00e9 komunity.<\/p>\n<p>D\u00e1le klademe velk\u00fd d\u016fraz na integritu na\u0161ich produkt\u016f. Proto je ka\u017ed\u00e1 \u0161ar\u017ee na\u0161eho 6-APB pe\u010dliv\u011b testov\u00e1na, aby byla zaji\u0161t\u011bna sl\u00edben\u00e1 \u010distota. V\u011bdci a v\u00fdzkumn\u00edci se mohou spolehnout, \u017ee obdr\u017e\u00ed produkt, kter\u00fd spln\u00ed jejich o\u010dek\u00e1v\u00e1n\u00ed. To je velmi d\u016fle\u017eit\u00e9 zejm\u00e9na pro studie, kter\u00e9 vy\u017eaduj\u00ed p\u0159esnost a konzistentn\u00ed v\u00fdsledky. T\u00edmto zp\u016fsobem zaji\u0161\u0165ujeme, \u017ee se m\u016f\u017eete pln\u011b soust\u0159edit na sv\u00e9 experimenty.<\/p>\n<h2>Co je 6-APB (6-(2-aminopropylbenzofuran))?<\/h2>\n<p>6-APB je syntetick\u00e1 v\u00fdzkumn\u00e1 chemik\u00e1lie, kter\u00e1 je struktur\u00e1ln\u011b p\u0159\u00edbuzn\u00e1 benzofuran\u016fm a amfetamin\u016fm. P\u0159esn\u011bji \u0159e\u010deno, jedn\u00e1 se o deriv\u00e1t benzofuranu s aminopropylovou postrann\u00ed \u0159et\u011bzcem. Tato jedine\u010dn\u00e1 chemick\u00e1 struktura dod\u00e1v\u00e1 6-APB jeho specifick\u00e9 vlastnosti, d\u00edky nim\u017e je zaj\u00edmav\u00fdm p\u0159edm\u011btem zkoum\u00e1n\u00ed ve farmakologick\u00e9m v\u00fdzkumu. D\u00e1le se \u010dasto pou\u017e\u00edv\u00e1 ve studi\u00edch neurochemick\u00e9 aktivity a porozum\u011bn\u00ed interakc\u00edm receptor\u016f.<\/p>\n<p>Krom\u011b toho je 6-APB zn\u00e1m\u00fd pod r\u016fzn\u00fdmi n\u00e1zvy, v\u010detn\u011b \u201ebenzofury\u201c. Od ostatn\u00edch slou\u010denin se li\u0161\u00ed polohou aminopropylov\u00e9 skupiny na benzofuranov\u00e9m kruhu. Tato specifick\u00e1 vlastnost m\u00e1 ve skute\u010dnosti v\u00fdznamn\u00fd vliv na jeho \u00fa\u010dinek a metabolismus. V\u011bdci pou\u017e\u00edvaj\u00ed 6-APB k v\u00fdzkumu mechanism\u016f v centr\u00e1ln\u00edm nervov\u00e9m syst\u00e9mu, co\u017e m\u016f\u017ee p\u0159isp\u011bt k hlub\u0161\u00edmu porozum\u011bn\u00ed neurobiologii. To je rozhoduj\u00edc\u00ed aspekt pro dal\u0161\u00ed rozvoj l\u00e9ka\u0159sk\u00e9 v\u011bdy.<\/p>\n<h3>Chemick\u00e1 struktura a vlastnosti<\/h3>\n<p>Chemick\u00fd vzorec 6-APB je C11H13NO. Mol\u00e1rn\u00ed hmotnost je p\u0159ibli\u017en\u011b 175,23 g\/mol. Struktur\u00e1ln\u011b m\u00e1 benzofuranov\u00e9 j\u00e1dro, kter\u00e9 nese v pozici 6 skupinu (2-aminopropyl). Jedn\u00e1 se tedy o analog 3,4-methylendioxyamfetaminu (MDA). M\u00e1 v\u0161ak benzofuranov\u00fd kruh nam\u00edsto dioxolov\u00e9ho kruhu.<\/p>\n<p>Krom\u011b toho je 6-APB obvykle k dispozici jako hydrochloridov\u00e1 s\u016fl, co\u017e zlep\u0161uje jeho stabilitu a manipulaci. Obvykle se vyskytuje jako b\u00edl\u00fd nebo kr\u00e9mov\u00fd krystalick\u00fd pr\u00e1\u0161ek. Nav\u00edc je pozoruhodn\u00e1 jeho rozpustnost v pol\u00e1rn\u00edch rozpou\u0161t\u011bdlech, jako je voda a ethanol. To usnad\u0148uje p\u0159\u00edpravu roztok\u016f pro r\u016fzn\u00e9 v\u00fdzkumn\u00e9 aplikace. \u010cistota materi\u00e1lu je p\u0159itom rozhoduj\u00edc\u00ed pro reprodukovatelnost experiment\u00e1ln\u00edch v\u00fdsledk\u016f.<\/p>\n<h2>\u010cistota a kvalita 6-APB u Chemgramx<\/h2>\n<p>Kdy\u017e jde o to, <b>\u0160pi\u010dkov\u00e1 kvalita 6-APB<\/b> pro va\u0161e v\u011bdeck\u00e9 pr\u00e1ce, jsou p\u0159esnost a spolehlivost nezbytn\u00e9. V Chemgramx si tuto odpov\u011bdnost uv\u011bdomujeme. Proto nab\u00edz\u00edme v\u00fdhradn\u011b 6-APB, kter\u00fd pro\u0161el p\u0159\u00edsn\u00fdmi kontrolami kvality. Nakonec chceme zajistit, abyste dostali pouze to <b>Nejlep\u0161\u00ed 6-APB na trhu<\/b> obdr\u017eel.<\/p>\n<p>Na\u0161e produkty jsou k dispozici jako <b>Vysok\u00e1 \u010distota na prodej<\/b> co\u017e znamen\u00e1, \u017ee maj\u00ed \u010distotu minim\u00e1ln\u011b 98%. Ka\u017ed\u00e1 \u0161ar\u017ee je nav\u00edc testov\u00e1na pomoc\u00ed pokro\u010dil\u00fdch analytick\u00fdch technik, jako jsou HPLC, GC-MS a NMR. T\u00edm je zaji\u0161t\u011bno, \u017ee n\u00e1\u0161 6-APB neobsahuje \u017e\u00e1dn\u00e9 ne\u010distoty, kter\u00e9 by mohly zkreslit v\u00fdsledky v\u00fdzkumu. M\u016f\u017eete se tedy spolehnout na integritu sv\u00fdch experiment\u016f.<\/p>\n<h3>Certifikovan\u00e1 klasifikace v\u00fdzkumu<\/h3>\n<p>N\u00e1\u0161 6-APB je zn\u00e1m\u00fd jako <b>Kvalita v\u00fdzkumu na prodej<\/b> . To podtrhuje jeho vhodnost pro akademick\u00e9, pr\u016fmyslov\u00e9 a soukrom\u00e9 v\u00fdzkumn\u00e9 \u00fa\u010dely. Nav\u00edc spl\u0148ujeme krit\u00e9ria pro <b>Laboratorn\u00ed kvalita na prodej<\/b>, co\u017e znamen\u00e1, \u017ee je vhodn\u00fd pro celou \u0159adu laboratorn\u00edch aplikac\u00ed. Konzistentn\u00ed kvalita produktu je toti\u017e pro dlouhodob\u00e9 studie rozhoduj\u00edc\u00ed.<\/p>\n<p>Na\u0161\u00edm c\u00edlem je tak\u00e9 usnadnit v\u00fdzkumn\u00fdm pracovn\u00edk\u016fm p\u0159\u00edstup k vysoce kvalitn\u00edm chemik\u00e1li\u00edm. Pokud <b>Autentick\u00fd 6-APB<\/b> Pokud hled\u00e1te dodavatele, kter\u00fd poskytuje konzistentn\u00ed a spolehliv\u00e9 \u00fadaje, je Chemgramx va\u0161\u00edm ide\u00e1ln\u00edm partnerem. Zavazujeme se v\u00e1m poskytovat ty nejlep\u0161\u00ed materi\u00e1ly pro va\u0161e pr\u016fkopnick\u00e9 objevy. Ka\u017ed\u00fd produkt je nav\u00edc p\u0159ed opu\u0161t\u011bn\u00edm na\u0161eho za\u0159\u00edzen\u00ed bezpe\u010dn\u011b zpracov\u00e1n a zdokumentov\u00e1n.<\/p>\n<h2>V\u00fdzkum s 6-APB: aplikace a studie<\/h2>\n<p>6-APB se etabloval jako cenn\u00fd n\u00e1stroj v r\u016fzn\u00fdch oblastech v\u00fdzkumu. Jeho jedine\u010dn\u00e9 farmakologick\u00e9 vlastnosti z n\u011bj \u010din\u00ed zaj\u00edmav\u00e9ho kandid\u00e1ta pro studie zab\u00fdvaj\u00edc\u00ed se modulac\u00ed neurotransmiter\u016f v mozku. Zejm\u00e9na se pou\u017e\u00edv\u00e1 in vitro a in vivo ke studiu \u00fa\u010dink\u016f na serotoninov\u00e9, dopaminov\u00e9 a noradrenalinov\u00e9 syst\u00e9my.<\/p>\n<p>Proto je d\u016fle\u017eit\u00fdm \u010dinidlem pro neurov\u011bdce, kte\u0159\u00ed se zaj\u00edmaj\u00ed o rozlu\u0161t\u011bn\u00ed fungov\u00e1n\u00ed neurotransmiter\u016f. Krom\u011b toho se prov\u00e1d\u011bj\u00ed studie s c\u00edlem ur\u010dit jeho afinitu k r\u016fzn\u00fdm typ\u016fm receptor\u016f. To m\u016f\u017ee p\u0159isp\u011bt k lep\u0161\u00edmu pochopen\u00ed onemocn\u011bn\u00ed, jako je deprese nebo \u00fazkostn\u00e9 poruchy. Dal\u0161\u00ed informace o souvisej\u00edc\u00edch v\u00fdzkumn\u00fdch chemik\u00e1li\u00edch naleznete nap\u0159\u00edklad na <a href=\"https:\/\/chemgramx.com\/cs\/produkt-2\/2c-d-25-dimethoxy-4-chlorophenethylamine-koupit-online\/\">2C-D (2,5-dimethoxy-4-chlorfenethylamin) koupit online<\/a>.<\/p>\n<h3>Potenci\u00e1ln\u00ed oblasti v\u00fdzkumu<\/h3>\n<ul>\n<li><b>Neurofarmakologie:<\/b> V\u00fdzkum interakce se serotoninov\u00fdmi a dopaminov\u00fdmi receptory.<\/li>\n<li><b>Behavior\u00e1ln\u00ed v\u00fdzkum:<\/b> Anal\u00fdza vlivu na vzorce chov\u00e1n\u00ed u zv\u00ed\u0159ec\u00edch model\u016f.<\/li>\n<li><b>Toxikologie:<\/b> Stanoven\u00ed potenci\u00e1ln\u00edch bun\u011b\u010dn\u00fdch a organick\u00fdch profil\u016f toxicity.<\/li>\n<li><b>Studie metabolismu:<\/b> V\u00fdzkum biotransformace v t\u011ble.<\/li>\n<li><b>Analytick\u00e1 chemie:<\/b> V\u00fdvoj a validace nov\u00fdch detek\u010dn\u00edch metod.<\/li>\n<\/ul>\n<p>Krom\u011b toho m\u016f\u017ee 6-APB slou\u017eit jako referen\u010dn\u00ed standard ve forenzn\u00edch a toxikologick\u00fdch laborato\u0159\u00edch. Vzhledem k jeho zn\u00e1mosti je p\u0159esn\u00e1 identifikace a kvantifikace velmi d\u016fle\u017eit\u00e1. Dostupnost vysoce \u010dist\u00e9ho 6-APB proto v\u00fdznamn\u011b p\u0159isp\u00edv\u00e1 k p\u0159esnosti t\u011bchto anal\u00fdz. Konzistentn\u00ed kvalita, kterou nab\u00edz\u00edme v Chemgramx, je v tomto ohledu neoceniteln\u00e1.<\/p>\n<h2>Pro\u010d koupit 6-APB u Chemgramx?<\/h2>\n<p>Rozhodnut\u00ed, kde nakupovat chemik\u00e1lie pro v\u00fdzkum, m\u00e1 z\u00e1sadn\u00ed v\u00fdznam pro \u00fasp\u011bch va\u0161ich projekt\u016f. Ve spole\u010dnosti Chemgramx klademe d\u016fraz na transparentnost, kvalitu a spokojenost z\u00e1kazn\u00edk\u016f. Na\u0161\u00edm c\u00edlem je nab\u00eddnout v\u00e1m nejen produkt, ale tak\u00e9 spolehliv\u00fd zdroj pro va\u0161e v\u011bdeck\u00e9 pot\u0159eby.<\/p>\n<p>Pokud jste <b>Objednejte si 6-APB online<\/b> u n\u00e1s m\u016f\u017eete t\u011b\u017eit z optimalizovan\u00e9ho objedn\u00e1vkov\u00e9ho procesu a oddan\u00e9ho z\u00e1kaznick\u00e9ho servisu. Krom\u011b toho zaji\u0161\u0165ujeme, aby v\u0161echny na\u0161e produkty byly pe\u010dliv\u011b zkontrolov\u00e1ny a zdokumentov\u00e1ny. <a href=\"https:\/\/chemgramx.com\/cs\/produkt-2\/6-apb-6-2-aminopropyl-benzofuran-koupit-online\/\">Online n\u00e1kup 6-APB<\/a> u Chemgramx znamen\u00e1, \u017ee dostanete produkt nesporn\u00e9 kvality. Jsme hrd\u00ed na to, \u017ee m\u016f\u017eeme slou\u017eit v\u011bdc\u016fm po cel\u00e9m sv\u011bt\u011b.<\/p>\n<h3>P\u0159ehled va\u0161ich v\u00fdhod:<\/h3>\n<ul>\n<li><b>Zaru\u010den\u00e1 \u010distota:<\/b> Ka\u017ed\u00e1 \u0161ar\u017ee je p\u0159\u00edsn\u011b testov\u00e1na na \u010distotu a slo\u017een\u00ed.<\/li>\n<li><b>Komplexn\u00ed dokumentace:<\/b> K dispozici jsou produktov\u00e9 listy a certifik\u00e1ty anal\u00fdzy.<\/li>\n<li><b>Diskr\u00e9tn\u00ed a bezpe\u010dn\u00e9:<\/b> Va\u0161e objedn\u00e1vka bude zpracov\u00e1na s maxim\u00e1ln\u00ed p\u00e9\u010d\u00ed a diskr\u00e9tnost\u00ed.<\/li>\n<li><b>Zam\u011b\u0159en\u00ed na v\u00fdzkum:<\/b> Produkty jsou ur\u010deny v\u00fdhradn\u011b pro v\u011bdeck\u00e9 a v\u00fdzkumn\u00e9 \u00fa\u010dely.<\/li>\n<li><b>Kompetentn\u00ed podpora:<\/b> N\u00e1\u0161 t\u00fdm je v\u00e1m k dispozici pro p\u0159\u00edpadn\u00e9 dotazy.<\/li>\n<\/ul>\n<p>Zejm\u00e9na bychom cht\u011bli zd\u016fraznit, \u017ee <b>Bezpe\u010dn\u00fd n\u00e1kup<\/b> u n\u00e1s zaru\u010deno. K ochran\u011b va\u0161ich \u00fadaj\u016f a objedn\u00e1vek pou\u017e\u00edv\u00e1me pokro\u010dil\u00e9 bezpe\u010dnostn\u00ed protokoly. Proto m\u016f\u017eete s d\u016fv\u011brou <b>Koupit online nyn\u00ed<\/b> a spolehnout se na n\u00e1\u0161 z\u00e1vazek k kvalit\u011b. D\u016fv\u011b\u0159ujte Chemgramx pro va\u0161e v\u00fdzkumn\u00e9 pot\u0159eby.<\/p>\n<p>Krom\u011b toho m\u016f\u017eete zakoupit 6-APB u Chemgramx a z\u00edskat tak p\u0159\u00edstup k v\u00fdzkumn\u00e9 chemik\u00e1lii, kter\u00e1 spl\u0148uje nejvy\u0161\u0161\u00ed standardy. Ch\u00e1peme v\u00fdznam konzistentn\u00edch a spolehliv\u00fdch materi\u00e1l\u016f ve v\u00fdzkumu. Proto se sna\u017e\u00edme tyto po\u017eadavky v\u017edy p\u0159ekon\u00e1vat. Jsme va\u0161\u00edm partnerem pro vysoce kvalitn\u00ed v\u00fdzkumn\u00e9 chemik\u00e1lie.<\/p>\n<h2>Manipulace a skladov\u00e1n\u00ed 6-APB<\/h2>\n<p>Spr\u00e1vn\u00e9 zach\u00e1zen\u00ed a skladov\u00e1n\u00ed 6-APB je z\u00e1sadn\u00ed pro bezpe\u010dnost a zachov\u00e1n\u00ed integrity produktu. V\u011bdci by p\u0159i manipulaci s touto l\u00e1tkou m\u011bli v\u017edy nosit vhodn\u00e9 osobn\u00ed ochrann\u00e9 prost\u0159edky (OOP), v\u010detn\u011b laboratorn\u00edho pl\u00e1\u0161t\u011b, ochrann\u00fdch br\u00fdl\u00ed a rukavic. D\u00e1le se d\u016frazn\u011b doporu\u010duje pracovat v dob\u0159e v\u011btran\u00e9m prostoru nebo pod digesto\u0159\u00ed.<\/p>\n<p>Pro skladov\u00e1n\u00ed by m\u011bl b\u00fdt 6-APB uchov\u00e1v\u00e1n na chladn\u00e9m, such\u00e9m a tmav\u00e9m m\u00edst\u011b, mimo dosah p\u0159\u00edm\u00e9ho slune\u010dn\u00edho z\u00e1\u0159en\u00ed a zdroj\u016f tepla. N\u00e1doba mus\u00ed b\u00fdt pevn\u011b uzav\u0159ena, aby se minimalizoval kontakt s vlhkost\u00ed vzduchu, kter\u00e1 by mohla ovlivnit stabilitu materi\u00e1lu. D\u00e1le je vhodn\u00e9 uchov\u00e1vat produkt v p\u016fvodn\u00edm obalu, aby byly zachov\u00e1ny informace uveden\u00e9 na \u0161t\u00edtku. T\u00edmto zp\u016fsobem z\u016fstane chemick\u00e1 integrita zachov\u00e1na po del\u0161\u00ed dobu. Dodr\u017eujte v\u0161echny platn\u00e9 laboratorn\u00ed pokyny a bezpe\u010dnostn\u00ed listy.<\/p>\n<h2>Z\u00e1v\u011br a doporu\u010den\u00ed<\/h2>\n<p>Souhrnn\u011b lze \u0159\u00edci, \u017ee 6-APB (6-(2-aminopropylbenzofuran)) je vysoce \u010dist\u00e1 v\u00fdzkumn\u00e1 chemik\u00e1lie, kter\u00e1 byla vyvinuta pro n\u00e1ro\u010dn\u00e9 v\u011bdeck\u00e9 aplikace. Ve spole\u010dnosti Chemgramx se zavazujeme, \u017ee v\u00e1m budeme dod\u00e1vat pouze produkty od <b>nejvy\u0161\u0161\u00ed kvality a \u010distoty<\/b> Na\u0161\u00edm c\u00edlem je b\u00fdt spolehliv\u00fdm zdrojem v\u00fdzkumn\u00fdch chemik\u00e1li\u00ed, kter\u00e9 posunou va\u0161e studie vp\u0159ed.<\/p>\n<p>Pokud tedy <b>Koupit 6-APB<\/b> chcete podpo\u0159it sv\u00e9 v\u00fdzkumn\u00e9 projekty, nab\u00edz\u00edme v\u00e1m d\u016fv\u011bryhodnou platformu. D\u00edky na\u0161emu zam\u011b\u0159en\u00ed na kvalitu, podrobnou dokumentaci a bezpe\u010dn\u00fd proces objedn\u00e1v\u00e1n\u00ed m\u016f\u017eete sv\u00e9 v\u00fdzkumn\u00e9 materi\u00e1ly nakupovat s d\u016fv\u011brou. <a href=\"https:\/\/chemgramx.com\/cs\/produkt-2\/6-apb-6-2-aminopropyl-benzofuran-koupit-online\/\">koupit online<\/a>. Z\u00e1v\u011brem v\u00e1m garantujeme profesion\u00e1ln\u00ed zpracov\u00e1n\u00ed a produkt, kter\u00fd spln\u00ed va\u0161e o\u010dek\u00e1v\u00e1n\u00ed. Zveme v\u00e1s, abyste si kvalitu Chemgramx vyzkou\u0161eli na vlastn\u00ed k\u016f\u017ei.<\/p>","protected":false},"excerpt":{"rendered":"<p>Hled\u00e1te <b>Koupit 6-APB<\/b>? U Chemgramx z\u00edsk\u00e1te <b>autentick\u00fd 6-(2-aminopropylbenzofuran)<\/b> nejvy\u0161\u0161\u00ed kvality.<\/p>\n<ul>\n<li>\u010cist\u00e1 v\u00fdzkumn\u00e1 chemik\u00e1lie<\/li>\n<li>Spolehliv\u00e1 kvalita<\/li>\n<li>Ide\u00e1ln\u00ed pro laboratorn\u00ed studie<\/li>\n<\/ul>","protected":false},"featured_media":8097,"comment_status":"open","ping_status":"closed","template":"","meta":{"_joinchat":[]},"product_brand":[],"product_cat":[48],"product_tag":[418,410,409,432,424,433,421,437,436,419,422,425,420,430,423,435,427,426,434,428,431,429,249,292,411,415,251,417,413,414,250,248,416,412],"class_list":{"0":"post-8041","1":"product","2":"type-product","3":"status-publish","4":"has-post-thumbnail","6":"product_cat-stimulants","7":"product_tag-5-apb","8":"product_tag-6-2-aminopropylbenzofuran","9":"product_tag-6-apb","10":"product_tag-6-apb-analyse","11":"product_tag-6-apb-anwendung","12":"product_tag-6-apb-chemie","13":"product_tag-6-apb-forschung","14":"product_tag-6-apb-forschungslabor","15":"product_tag-6-apb-groshandel","16":"product_tag-6-apb-kaufen","17":"product_tag-6-apb-labor","18":"product_tag-6-apb-lagerung","19":"product_tag-6-apb-lieferant","20":"product_tag-6-apb-markt","21":"product_tag-6-apb-preis","22":"product_tag-6-apb-referenzmaterial","23":"product_tag-6-apb-risiken","24":"product_tag-6-apb-sicherheit","25":"product_tag-6-apb-substanz","26":"product_tag-6-apb-verfugbarkeit","27":"product_tag-6-apb-vertrieb","28":"product_tag-6-apb-vorschriften","29":"product_tag-amphetamin-derivate","30":"product_tag-cathinone","31":"product_tag-chemische-formel-6-apb","32":"product_tag-empathogene","33":"product_tag-gesundheitliche-risiken","34":"product_tag-mephedron","35":"product_tag-rechtlicher-status-6-apb","36":"product_tag-risiken-6-apb","37":"product_tag-suchtgefahr","38":"product_tag-synthetische-stimulanzien","39":"product_tag-vergleich-zu-mdma","40":"product_tag-wirkungen-von-6-apb","42":"first","43":"instock","44":"shipping-taxable","45":"purchasable","46":"product-type-variable"},"yoast_head":"<!-- This site is optimized with the Yoast SEO plugin v26.3 - https:\/\/yoast.com\/wordpress\/plugins\/seo\/ -->\n<title>6-APB Kaufen - Reine Forschungschemikalie Online<\/title>\n<meta name=\"description\" content=\"Entdecken Sie 6-APB Kaufen bei Chemgramx. Sichern Sie sich authentisches 6-(2-Aminopropyl benzofuran) von h\u00f6chster Reinheit f\u00fcr Ihre Forschung. Jetzt online bestellen.\" \/>\n<meta name=\"robots\" content=\"noindex, follow, max-snippet:-1, max-image-preview:large, max-video-preview:-1\" \/>\n<meta property=\"og:locale\" content=\"cs_CZ\" \/>\n<meta property=\"og:type\" content=\"article\" \/>\n<meta property=\"og:title\" content=\"6-APB Kaufen - Reine Forschungschemikalie Online\" \/>\n<meta property=\"og:description\" content=\"Entdecken Sie 6-APB Kaufen bei Chemgramx. Sichern Sie sich authentisches 6-(2-Aminopropyl benzofuran) von h\u00f6chster Reinheit f\u00fcr Ihre Forschung. Jetzt online bestellen.\" \/>\n<meta property=\"og:url\" content=\"https:\/\/chemgramx.com\/cs\/produkt-2\/6-apb-6-2-aminopropyl-benzofuran-koupit-online\/\" \/>\n<meta property=\"og:site_name\" content=\"Chemgramx\" \/>\n<meta property=\"article:modified_time\" content=\"2025-12-09T10:22:16+00:00\" \/>\n<meta property=\"og:image\" content=\"https:\/\/chemgramx.com\/wp-content\/uploads\/2025\/11\/6-APB-6-2-Aminopropylbenzofuran.jpg\" \/>\n\t<meta property=\"og:image:width\" content=\"442\" \/>\n\t<meta property=\"og:image:height\" content=\"370\" \/>\n\t<meta property=\"og:image:type\" content=\"image\/jpeg\" \/>\n<meta name=\"twitter:card\" content=\"summary_large_image\" \/>\n<meta name=\"twitter:label1\" content=\"Odhadovan\u00e1 doba \u010dten\u00ed\" \/>\n\t<meta name=\"twitter:data1\" content=\"2 minuty\" \/>\n<script type=\"application\/ld+json\" class=\"yoast-schema-graph\">{\"@context\":\"https:\/\/schema.org\",\"@graph\":[{\"@type\":\"WebPage\",\"@id\":\"https:\/\/chemgramx.com\/product\/6-apb-6-2-aminopropyl-benzofuran-online-kaufen\/\",\"url\":\"https:\/\/chemgramx.com\/product\/6-apb-6-2-aminopropyl-benzofuran-online-kaufen\/\",\"name\":\"6-APB Kaufen - Reine Forschungschemikalie Online\",\"isPartOf\":{\"@id\":\"https:\/\/chemgramx.com\/#website\"},\"primaryImageOfPage\":{\"@id\":\"https:\/\/chemgramx.com\/product\/6-apb-6-2-aminopropyl-benzofuran-online-kaufen\/#primaryimage\"},\"image\":{\"@id\":\"https:\/\/chemgramx.com\/product\/6-apb-6-2-aminopropyl-benzofuran-online-kaufen\/#primaryimage\"},\"thumbnailUrl\":\"https:\/\/chemgramx.com\/wp-content\/uploads\/2025\/11\/6-APB-6-2-Aminopropylbenzofuran.jpg\",\"datePublished\":\"2025-11-21T16:46:34+00:00\",\"dateModified\":\"2025-12-09T10:22:16+00:00\",\"description\":\"Entdecken Sie 6-APB Kaufen bei Chemgramx. Sichern Sie sich authentisches 6-(2-Aminopropyl benzofuran) von h\u00f6chster Reinheit f\u00fcr Ihre Forschung. Jetzt online bestellen.\",\"breadcrumb\":{\"@id\":\"https:\/\/chemgramx.com\/product\/6-apb-6-2-aminopropyl-benzofuran-online-kaufen\/#breadcrumb\"},\"inLanguage\":\"cs\",\"potentialAction\":[{\"@type\":\"ReadAction\",\"target\":[\"https:\/\/chemgramx.com\/product\/6-apb-6-2-aminopropyl-benzofuran-online-kaufen\/\"]}]},{\"@type\":\"ImageObject\",\"inLanguage\":\"cs\",\"@id\":\"https:\/\/chemgramx.com\/product\/6-apb-6-2-aminopropyl-benzofuran-online-kaufen\/#primaryimage\",\"url\":\"https:\/\/chemgramx.com\/wp-content\/uploads\/2025\/11\/6-APB-6-2-Aminopropylbenzofuran.jpg\",\"contentUrl\":\"https:\/\/chemgramx.com\/wp-content\/uploads\/2025\/11\/6-APB-6-2-Aminopropylbenzofuran.jpg\",\"width\":442,\"height\":370},{\"@type\":\"BreadcrumbList\",\"@id\":\"https:\/\/chemgramx.com\/product\/6-apb-6-2-aminopropyl-benzofuran-online-kaufen\/#breadcrumb\",\"itemListElement\":[{\"@type\":\"ListItem\",\"position\":1,\"name\":\"Home\",\"item\":\"https:\/\/chemgramx.com\/\"},{\"@type\":\"ListItem\",\"position\":2,\"name\":\"Shop\",\"item\":\"https:\/\/chemgramx.com\/shop\/\"},{\"@type\":\"ListItem\",\"position\":3,\"name\":\"6-APB Kaufen &#8211; Reine Forschungschemikalie Online\"}]},{\"@type\":\"WebSite\",\"@id\":\"https:\/\/chemgramx.com\/#website\",\"url\":\"https:\/\/chemgramx.com\/\",\"name\":\"Chemgramx\",\"description\":\"\",\"publisher\":{\"@id\":\"https:\/\/chemgramx.com\/#organization\"},\"potentialAction\":[{\"@type\":\"SearchAction\",\"target\":{\"@type\":\"EntryPoint\",\"urlTemplate\":\"https:\/\/chemgramx.com\/?s={search_term_string}\"},\"query-input\":{\"@type\":\"PropertyValueSpecification\",\"valueRequired\":true,\"valueName\":\"search_term_string\"}}],\"inLanguage\":\"cs\"},{\"@type\":\"Organization\",\"@id\":\"https:\/\/chemgramx.com\/#organization\",\"name\":\"Chemgramx\",\"url\":\"https:\/\/chemgramx.com\/\",\"logo\":{\"@type\":\"ImageObject\",\"inLanguage\":\"cs\",\"@id\":\"https:\/\/chemgramx.com\/#\/schema\/logo\/image\/\",\"url\":\"https:\/\/chemgramx.com\/wp-content\/uploads\/2024\/10\/final-logo.png\",\"contentUrl\":\"https:\/\/chemgramx.com\/wp-content\/uploads\/2024\/10\/final-logo.png\",\"width\":250,\"height\":48,\"caption\":\"Chemgramx\"},\"image\":{\"@id\":\"https:\/\/chemgramx.com\/#\/schema\/logo\/image\/\"}}]}<\/script>\n<!-- \/ Yoast SEO plugin. -->","yoast_head_json":{"title":"Koupit 6-APB \u2013 \u010dist\u00e1 v\u00fdzkumn\u00e1 chemik\u00e1lie online","description":"Objevte 6-APB Koupit u Chemgramx. Zajist\u011bte si autentick\u00fd 6-(2-aminopropylbenzofuran) nejvy\u0161\u0161\u00ed \u010distoty pro sv\u016fj v\u00fdzkum. Objednejte si nyn\u00ed online.","robots":{"index":"noindex","follow":"follow","max-snippet":"max-snippet:-1","max-image-preview":"max-image-preview:large","max-video-preview":"max-video-preview:-1"},"og_locale":"cs_CZ","og_type":"article","og_title":"6-APB Kaufen - Reine Forschungschemikalie Online","og_description":"Entdecken Sie 6-APB Kaufen bei Chemgramx. Sichern Sie sich authentisches 6-(2-Aminopropyl benzofuran) von h\u00f6chster Reinheit f\u00fcr Ihre Forschung. Jetzt online bestellen.","og_url":"https:\/\/chemgramx.com\/cs\/produkt-2\/6-apb-6-2-aminopropyl-benzofuran-koupit-online\/","og_site_name":"Chemgramx","article_modified_time":"2025-12-09T10:22:16+00:00","og_image":[{"width":442,"height":370,"url":"https:\/\/chemgramx.com\/wp-content\/uploads\/2025\/11\/6-APB-6-2-Aminopropylbenzofuran.jpg","type":"image\/jpeg"}],"twitter_card":"summary_large_image","twitter_misc":{"Odhadovan\u00e1 doba \u010dten\u00ed":"2 minuty"},"schema":{"@context":"https:\/\/schema.org","@graph":[{"@type":"WebPage","@id":"https:\/\/chemgramx.com\/product\/6-apb-6-2-aminopropyl-benzofuran-online-kaufen\/","url":"https:\/\/chemgramx.com\/product\/6-apb-6-2-aminopropyl-benzofuran-online-kaufen\/","name":"Koupit 6-APB \u2013 \u010dist\u00e1 v\u00fdzkumn\u00e1 chemik\u00e1lie online","isPartOf":{"@id":"https:\/\/chemgramx.com\/#website"},"primaryImageOfPage":{"@id":"https:\/\/chemgramx.com\/product\/6-apb-6-2-aminopropyl-benzofuran-online-kaufen\/#primaryimage"},"image":{"@id":"https:\/\/chemgramx.com\/product\/6-apb-6-2-aminopropyl-benzofuran-online-kaufen\/#primaryimage"},"thumbnailUrl":"https:\/\/chemgramx.com\/wp-content\/uploads\/2025\/11\/6-APB-6-2-Aminopropylbenzofuran.jpg","datePublished":"2025-11-21T16:46:34+00:00","dateModified":"2025-12-09T10:22:16+00:00","description":"Objevte 6-APB Koupit u Chemgramx. Zajist\u011bte si autentick\u00fd 6-(2-aminopropylbenzofuran) nejvy\u0161\u0161\u00ed \u010distoty pro sv\u016fj v\u00fdzkum. Objednejte si nyn\u00ed online.","breadcrumb":{"@id":"https:\/\/chemgramx.com\/product\/6-apb-6-2-aminopropyl-benzofuran-online-kaufen\/#breadcrumb"},"inLanguage":"cs","potentialAction":[{"@type":"ReadAction","target":["https:\/\/chemgramx.com\/product\/6-apb-6-2-aminopropyl-benzofuran-online-kaufen\/"]}]},{"@type":"ImageObject","inLanguage":"cs","@id":"https:\/\/chemgramx.com\/product\/6-apb-6-2-aminopropyl-benzofuran-online-kaufen\/#primaryimage","url":"https:\/\/chemgramx.com\/wp-content\/uploads\/2025\/11\/6-APB-6-2-Aminopropylbenzofuran.jpg","contentUrl":"https:\/\/chemgramx.com\/wp-content\/uploads\/2025\/11\/6-APB-6-2-Aminopropylbenzofuran.jpg","width":442,"height":370},{"@type":"BreadcrumbList","@id":"https:\/\/chemgramx.com\/product\/6-apb-6-2-aminopropyl-benzofuran-online-kaufen\/#breadcrumb","itemListElement":[{"@type":"ListItem","position":1,"name":"Home","item":"https:\/\/chemgramx.com\/"},{"@type":"ListItem","position":2,"name":"Shop","item":"https:\/\/chemgramx.com\/shop\/"},{"@type":"ListItem","position":3,"name":"6-APB Kaufen &#8211; Reine Forschungschemikalie Online"}]},{"@type":"WebSite","@id":"https:\/\/chemgramx.com\/#website","url":"https:\/\/chemgramx.com\/","name":"Chemgramx","description":"","publisher":{"@id":"https:\/\/chemgramx.com\/#organization"},"potentialAction":[{"@type":"SearchAction","target":{"@type":"EntryPoint","urlTemplate":"https:\/\/chemgramx.com\/?s={search_term_string}"},"query-input":{"@type":"PropertyValueSpecification","valueRequired":true,"valueName":"search_term_string"}}],"inLanguage":"cs"},{"@type":"Organization","@id":"https:\/\/chemgramx.com\/#organization","name":"Chemgramx","url":"https:\/\/chemgramx.com\/","logo":{"@type":"ImageObject","inLanguage":"cs","@id":"https:\/\/chemgramx.com\/#\/schema\/logo\/image\/","url":"https:\/\/chemgramx.com\/wp-content\/uploads\/2024\/10\/final-logo.png","contentUrl":"https:\/\/chemgramx.com\/wp-content\/uploads\/2024\/10\/final-logo.png","width":250,"height":48,"caption":"Chemgramx"},"image":{"@id":"https:\/\/chemgramx.com\/#\/schema\/logo\/image\/"}}]}},"_links":{"self":[{"href":"https:\/\/chemgramx.com\/cs\/wp-json\/wp\/v2\/product\/8041","targetHints":{"allow":["GET"]}}],"collection":[{"href":"https:\/\/chemgramx.com\/cs\/wp-json\/wp\/v2\/product"}],"about":[{"href":"https:\/\/chemgramx.com\/cs\/wp-json\/wp\/v2\/types\/product"}],"replies":[{"embeddable":true,"href":"https:\/\/chemgramx.com\/cs\/wp-json\/wp\/v2\/comments?post=8041"}],"wp:featuredmedia":[{"embeddable":true,"href":"https:\/\/chemgramx.com\/cs\/wp-json\/wp\/v2\/media\/8097"}],"wp:attachment":[{"href":"https:\/\/chemgramx.com\/cs\/wp-json\/wp\/v2\/media?parent=8041"}],"wp:term":[{"taxonomy":"product_brand","embeddable":true,"href":"https:\/\/chemgramx.com\/cs\/wp-json\/wp\/v2\/product_brand?post=8041"},{"taxonomy":"product_cat","embeddable":true,"href":"https:\/\/chemgramx.com\/cs\/wp-json\/wp\/v2\/product_cat?post=8041"},{"taxonomy":"product_tag","embeddable":true,"href":"https:\/\/chemgramx.com\/cs\/wp-json\/wp\/v2\/product_tag?post=8041"}],"curies":[{"name":"wp","href":"https:\/\/api.w.org\/{rel}","templated":true}]}}