{"id":817,"date":"2024-10-24T10:28:24","date_gmt":"2024-10-24T10:28:24","guid":{"rendered":"https:\/\/chemgramx.com\/?post_type=product&#038;p=817"},"modified":"2025-10-15T05:42:40","modified_gmt":"2025-10-15T05:42:40","slug":"4-bmc-4-brommethcathinon","status":"publish","type":"product","link":"https:\/\/chemgramx.com\/cs\/product\/4-bmc-4-brommethcathinon\/","title":{"rendered":"Koupit 4-BMC (4-Bromomethcathinone) online"},"content":{"rendered":"<h2 data-start=\"142\" data-end=\"219\">Kupte si 4-BMC online \u2013 Vysoce kvalitn\u00ed 4-BMC (4-bromomethcathinon) pro v\u00fdzkum<\/h2>\n<h3 data-start=\"221\" data-end=\"267\">Koupit 4-BMC (4-Bromomethcathinone) online<\/h3>\n<h3 data-start=\"269\" data-end=\"285\">Zaveden\u00ed<\/h3>\n<p data-start=\"287\" data-end=\"768\">4-BMC (4-Brommethcathinon) je syntetick\u00fd kathinon ze skupiny psychoaktivn\u00edch l\u00e1tek. Stejn\u011b jako jin\u00e9 l\u00e1tky v t\u00e9to t\u0159\u00edd\u011b je u\u017eivateli \u010dasto vyb\u00edr\u00e1n pro sv\u00e9 stimula\u010dn\u00ed a euforick\u00e9 \u00fa\u010dinky. St\u00e1le v\u00edce lid\u00ed si ho vyb\u00edr\u00e1. <a href=\"https:\/\/chemgramx.com\/cs\/product\/4-bmc-4-brommethcathinon\/\">koupit 4-BMC online<\/a>pohodln\u00fd p\u0159\u00edstup k vysoce kvalitn\u00edm l\u00e1tk\u00e1m pro v\u00fdzkum nebo anal\u00fdzu. Trh s 4-BMC roste, a proto je d\u016fle\u017eit\u00e9 v\u011bnovat pozornost bezpe\u010dnosti, kvalit\u011b a renomovan\u00fdm dodavatel\u016fm.<\/p>\n<h3 data-start=\"770\" data-end=\"812\">Co je 4-BMC (4-brommethcathinon)?<\/h3>\n<p data-start=\"814\" data-end=\"1193\"><a href=\"https:\/\/en.wikipedia.org\/wiki\/4-Bromomethcathinone\">4-BMC<\/a> (4-Brommethcathinon) je syntetick\u00fd kathinon strukturn\u011b podobn\u00fd mefedronu (4-MMC) a m\u00e1 psychoaktivn\u00ed vlastnosti. Tato tzv. designov\u00e1 droga se pou\u017e\u00edv\u00e1 pro v\u00fdzkum, laboratorn\u00ed studie a psychoaktivn\u00ed zkoum\u00e1n\u00ed. Ka\u017ed\u00fd, kdo hled\u00e1 4-BMC k prodeji, by m\u011bl v\u011bnovat pozornost laboratorn\u00edm test\u016fm a certifikovan\u00e9 kvalit\u011b, aby se ujistil, \u017ee obdr\u017e\u00ed bezpe\u010dn\u00fd produkt.<\/p>\n<h3 data-start=\"1195\" data-end=\"1226\">Chemick\u00e9 slo\u017een\u00ed<\/h3>\n<p data-start=\"1228\" data-end=\"1481\">Chemick\u00fd vzorec 4-BMC je C10H13BrN. Jedn\u00e1 se o bromov\u00fd deriv\u00e1t methathinonu, strukturn\u011b podobn\u00fd jin\u00fdm kathinon\u016fm, jako je mefedron nebo metamfetamin. Atom bromu v poloze 4 m\u011bn\u00ed jeho \u00fa\u010dinky a vedlej\u0161\u00ed \u00fa\u010dinky.<\/p>\n<h3 data-start=\"1483\" data-end=\"1508\">B\u011b\u017en\u00e9 aplikace<\/h3>\n<ul data-start=\"1510\" data-end=\"1774\">\n<li data-start=\"1510\" data-end=\"1624\">\n<p data-start=\"1512\" data-end=\"1624\">V\u00fdzkum: 4-BMC je studov\u00e1n v laborato\u0159\u00edch, aby se prozkoumaly jeho \u00fa\u010dinky na centr\u00e1ln\u00ed nervov\u00fd syst\u00e9m.<\/p>\n<\/li>\n<li data-start=\"1625\" data-end=\"1774\">\n<p data-start=\"1627\" data-end=\"1774\">Psychoaktivn\u00ed pr\u016fzkum: U\u017eivatel\u00e9 se uchyluj\u00ed k n\u00e1kupu 4-BMC online, aby za\u017eili stimula\u010dn\u00ed \u00fa\u010dinky, jako je euforie a zv\u00fd\u0161en\u00e1 energie.<\/p>\n<\/li>\n<\/ul>\n<h3 data-start=\"1776\" data-end=\"1800\">Pr\u00e1vn\u00ed status<\/h3>\n<p data-start=\"1802\" data-end=\"1997\">Die Legalit\u00e4t von 4-BMC zu verkaufen variiert weltweit. Vor dem Kauf sollten Sie Bestellung 4-BMC nur bei seri\u00f6sen, legalen Quellen pr\u00fcfen und sicherstellen, dass lokale Gesetze beachtet werden.<\/p>\n<h3 data-start=\"1999\" data-end=\"2031\">Pro\u010d nakupovat 4-BMC online?<\/h3>\n<p data-start=\"2033\" data-end=\"2083\">N\u00e1kup 4-BMC online nab\u00edz\u00ed \u0159adu v\u00fdhod:<\/p>\n<ul data-start=\"2085\" data-end=\"2309\">\n<li data-start=\"2085\" data-end=\"2159\">\n<p data-start=\"2087\" data-end=\"2159\">Dostupnost: Snadn\u00fd n\u00e1kup z domova bez nutnosti m\u00edstn\u00edch obchod\u016f.<\/p>\n<\/li>\n<li data-start=\"2160\" data-end=\"2257\">\n<p data-start=\"2162\" data-end=\"2257\">\u0160irok\u00fd v\u00fdb\u011br: K dispozici r\u016fzn\u00e9 velikosti balen\u00ed, stupn\u011b \u010distoty a cenov\u00e9 kategorie.<\/p>\n<\/li>\n<li data-start=\"2258\" data-end=\"2309\">\n<p data-start=\"2260\" data-end=\"2309\">Diskr\u00e9tnost: Anonymn\u00ed a rychl\u00e9 dod\u00e1n\u00ed.<\/p>\n<\/li>\n<\/ul>\n<h3 data-start=\"2311\" data-end=\"2337\">Rizika a p\u0159\u00ednosy<\/h3>\n<p data-start=\"2339\" data-end=\"2354\"><strong data-start=\"2339\" data-end=\"2352\">V\u00fdhody:<\/strong><\/p>\n<ul data-start=\"2355\" data-end=\"2463\">\n<li data-start=\"2355\" data-end=\"2381\">\n<p data-start=\"2357\" data-end=\"2381\">Anonymita kupuj\u00edc\u00edho<\/p>\n<\/li>\n<li data-start=\"2382\" data-end=\"2417\">\n<p data-start=\"2384\" data-end=\"2417\">Pohodl\u00ed internetov\u00e9ho obchodu<\/p>\n<\/li>\n<li data-start=\"2418\" data-end=\"2463\">\n<p data-start=\"2420\" data-end=\"2463\">Vergleich von Preisen und Reinheitsgraden<\/p>\n<\/li>\n<\/ul>\n<p data-start=\"2465\" data-end=\"2479\"><strong data-start=\"2465\" data-end=\"2477\">Rizika:<\/strong><\/p>\n<ul data-start=\"2480\" data-end=\"2559\">\n<li data-start=\"2480\" data-end=\"2514\">\n<p data-start=\"2482\" data-end=\"2514\">Danger of inferior products<\/p>\n<\/li>\n<li data-start=\"2515\" data-end=\"2538\">\n<p data-start=\"2517\" data-end=\"2538\">Chyb\u011bj\u00edc\u00ed laboratorn\u00ed testy<\/p>\n<\/li>\n<li data-start=\"2539\" data-end=\"2559\">\n<p data-start=\"2541\" data-end=\"2559\">Nejasn\u00fd p\u016fvod<\/p>\n<\/li>\n<\/ul>\n<h3 data-start=\"2561\" data-end=\"2621\">Jak znale\u017a\u0107 wiarygodnego dostawc\u0119 4-BMC?<\/h3>\n<p data-start=\"2623\" data-end=\"2668\">P\u0159i v\u00fdb\u011bru m\u00edsta, kde koupit 4-BMC, v\u011bnujte pozornost:<\/p>\n<ul data-start=\"2670\" data-end=\"2844\">\n<li data-start=\"2670\" data-end=\"2706\">\n<p data-start=\"2672\" data-end=\"2706\">Certifik\u00e1ty a laboratorn\u00ed testy (COA)<\/p>\n<\/li>\n<li data-start=\"2707\" data-end=\"2756\">\n<p data-start=\"2709\" data-end=\"2756\">Pozitivn\u00ed recenze od odborn\u00edk\u016f a v\u00fdzkumn\u00edk\u016f<\/p>\n<\/li>\n<li data-start=\"2757\" data-end=\"2815\">\n<p data-start=\"2759\" data-end=\"2815\">Transparentn\u00ed informace o p\u016fvodu, \u010distot\u011b a doprav\u011b<\/p>\n<\/li>\n<li data-start=\"2816\" data-end=\"2844\">\n<p data-start=\"2818\" data-end=\"2844\">Sichere Zahlungsoptionen<\/p>\n<\/li>\n<\/ul>\n<h3 data-start=\"3013\" data-end=\"3055\">Pr\u00e1vn\u00ed a etick\u00e9 aspekty<\/h3>\n<ul data-start=\"3057\" data-end=\"3259\">\n<li data-start=\"3057\" data-end=\"3138\">\n<p data-start=\"3059\" data-end=\"3138\">P\u0159ed n\u00e1kupem 4-BMC online si ov\u011b\u0159te m\u00edstn\u00ed a mezin\u00e1rodn\u00ed z\u00e1kony.<\/p>\n<\/li>\n<li data-start=\"3139\" data-end=\"3203\">\n<p data-start=\"3141\" data-end=\"3203\">L\u00e1tku pou\u017e\u00edvejte v\u00fdhradn\u011b pro v\u00fdzkumn\u00e9 \u00fa\u010dely.<\/p>\n<\/li>\n<li data-start=\"3204\" data-end=\"3259\">\n<p data-start=\"3206\" data-end=\"3259\">Zodpov\u011bdn\u00e9 u\u017e\u00edv\u00e1n\u00ed 4-BMC je z\u00e1sadn\u00ed.<\/p>\n<\/li>\n<\/ul>\n<h3 data-start=\"3261\" data-end=\"3272\">Z\u00e1v\u011br<\/h3>\n<p data-start=\"3274\" data-end=\"3537\">N\u00e1kup 4-BMC online nab\u00edz\u00ed mnoho v\u00fdhod, ale vy\u017eaduje opatrnost ohledn\u011b kvality, p\u016fvodu a legality. Pe\u010dliv\u00fdm pr\u016fzkumem a v\u00fdb\u011brem renomovan\u00fdch dodavatel\u016f si m\u016f\u017eete b\u00fdt jisti, \u017ee obdr\u017e\u00edte bezpe\u010dn\u00fd a leg\u00e1ln\u00ed produkt.<\/p>","protected":false},"excerpt":{"rendered":"<p>4-BMC, oder 4-Bromomethcathinon, ist eine Forschungschemikalie aus der Cathinon-Familie. Es wird h\u00e4ufig in Neurowissenschaften und Pharmakologie verwendet, um die Wirkungen auf Neurotransmitter und Struktur-Wirkungs-Beziehungen (SAR) zu untersuchen. Durch die Bromgruppe in seiner chemischen Struktur unterscheidet sich 4-BMC von anderen Cathinonen und bietet einzigartige Eigenschaften f\u00fcr die Forschung.<\/p>\n<h3><strong>Vzorec a struktura<\/strong><\/h3>\n<ul>\n<li><strong>Chemick\u00fd vzorec<\/strong>: C10H12BrNO<\/li>\n<li><strong>Molekulov\u00e1 hmotnost<\/strong>: 242,11 g\/mol<\/li>\n<li><strong>Chemick\u00e9 vlastnosti<\/strong>: Die Bromgruppe an der 4. Position des Benzolrings ver\u00e4ndert die Bindungsaffinit\u00e4t und die pharmakologischen Eigenschaften von 4-BMC im Vergleich zu Methcathinon.<\/li>\n<\/ul>\n<h3><strong>Doba trv\u00e1n\u00ed a \u00fa\u010dinky<\/strong><\/h3>\n<p>Die Wirkung von 4-BMC h\u00e4lt in der Regel <strong>4 a\u017e 6 hodin<\/strong> v z\u00e1vislosti na d\u00e1vkov\u00e1n\u00ed a individu\u00e1ln\u00edch faktorech:<\/p>\n<ul>\n<li><strong>N\u00e1stup \u00fa\u010dinku<\/strong>20 a\u017e 40 minut.<\/li>\n<li><strong>Zv\u00fdrazn\u011bn\u00ed<\/strong>1,5 a\u017e 3 hodiny.<\/li>\n<li><strong>N\u00e1sledn\u00e9 efekty<\/strong>Jemn\u00e9 \u00fa\u010dinky, kter\u00e9 odezn\u00edvaj\u00ed b\u011bhem 1 a\u017e 2 hodin.<\/li>\n<\/ul>","protected":false},"featured_media":821,"comment_status":"open","ping_status":"closed","template":"","meta":{"_joinchat":[]},"product_brand":[],"product_cat":[48],"product_tag":[1415,1412,1422,1408,1421,1405,1406,1401,1398,1417,1419,1402,1413,1416,1400,1407,1418,1423,1399,1420,1403,1404,1414,1409,1411,1410],"class_list":{"0":"post-817","1":"product","2":"type-product","3":"status-publish","4":"has-post-thumbnail","6":"product_cat-stimulants","7":"product_tag-4-bmc-bestellen","8":"product_tag-4-bmc-bulk-bestellung","9":"product_tag-4-bmc-chemikalie","10":"product_tag-4-bmc-experimente","11":"product_tag-4-bmc-forschung","12":"product_tag-4-bmc-forschung-chemikalie","13":"product_tag-4-bmc-fur-neurowissenschaftliche-studien","14":"product_tag-4-bmc-groshandel","15":"product_tag-4-bmc-kaufen","16":"product_tag-4-bmc-labor","17":"product_tag-4-bmc-legal","18":"product_tag-4-bmc-lieferant","19":"product_tag-4-bmc-marktanalyse","20":"product_tag-4-bmc-online","21":"product_tag-4-bmc-online-bestellen","22":"product_tag-4-bmc-pharmazeutische-forschung","23":"product_tag-4-bmc-sicher","24":"product_tag-4-bmc-versand","25":"product_tag-4-bromomethcathinon-bestellen","26":"product_tag-4bmc-gunstig","27":"product_tag-forschung-chemikalien-4-bmc","28":"product_tag-hochwertige-4-bmc-kaufen","29":"product_tag-innovative-4-bmc-forschung","30":"product_tag-laborqualitat-4-bmc","31":"product_tag-legaler-4-bmc-anbieter","32":"product_tag-sicherer-4-bmc-versand","34":"first","35":"instock","36":"shipping-taxable","37":"purchasable","38":"product-type-variable"},"yoast_head":"<!-- This site is optimized with the Yoast SEO plugin v26.1.1 - https:\/\/yoast.com\/wordpress\/plugins\/seo\/ -->\n<title>4-BMC (4-Brommethcathinon) online kaufen \u2013 4-BMC zu verkaufen<\/title>\n<meta name=\"description\" content=\"Unser Gesch\u00e4ft hat 4-BMC (4-Brommethcathinon) in Topqualit\u00e4t zu verkaufen. Die Qualit\u00e4t unserer Produkte ist einfach unschlagbar. Wenn Sie es brauchen, kaufen Sie 4-BMC (4-Brommethcathinon) sofort online. Jetzt bestellen!\" \/>\n<meta name=\"robots\" content=\"index, follow, max-snippet:-1, max-image-preview:large, max-video-preview:-1\" \/>\n<link rel=\"canonical\" href=\"https:\/\/chemgramx.com\/cs\/product\/4-bmc-4-brommethcathinon\/\" \/>\n<meta property=\"og:locale\" content=\"cs_CZ\" \/>\n<meta property=\"og:type\" content=\"article\" \/>\n<meta property=\"og:title\" content=\"4-BMC (4-Brommethcathinon) online kaufen \u2013 4-BMC zu verkaufen\" \/>\n<meta property=\"og:description\" content=\"Unser Gesch\u00e4ft hat 4-BMC (4-Brommethcathinon) in Topqualit\u00e4t zu verkaufen. Die Qualit\u00e4t unserer Produkte ist einfach unschlagbar. Wenn Sie es brauchen, kaufen Sie 4-BMC (4-Brommethcathinon) sofort online. Jetzt bestellen!\" \/>\n<meta property=\"og:url\" content=\"https:\/\/chemgramx.com\/cs\/product\/4-bmc-4-brommethcathinon\/\" \/>\n<meta property=\"og:site_name\" content=\"Chemgramx\" \/>\n<meta property=\"article:modified_time\" content=\"2025-10-15T05:42:40+00:00\" \/>\n<meta property=\"og:image\" content=\"https:\/\/chemgramx.com\/wp-content\/uploads\/2024\/10\/4-BMC-4-Bromomethcathinon.jpg\" \/>\n\t<meta property=\"og:image:width\" content=\"300\" \/>\n\t<meta property=\"og:image:height\" content=\"300\" \/>\n\t<meta property=\"og:image:type\" content=\"image\/jpeg\" \/>\n<meta name=\"twitter:card\" content=\"summary_large_image\" \/>\n<meta name=\"twitter:label1\" content=\"Odhadovan\u00e1 doba \u010dten\u00ed\" \/>\n\t<meta name=\"twitter:data1\" content=\"2 minuty\" \/>\n<script type=\"application\/ld+json\" class=\"yoast-schema-graph\">{\"@context\":\"https:\/\/schema.org\",\"@graph\":[{\"@type\":\"WebPage\",\"@id\":\"https:\/\/chemgramx.com\/product\/4-bmc-4-brommethcathinon\/\",\"url\":\"https:\/\/chemgramx.com\/product\/4-bmc-4-brommethcathinon\/\",\"name\":\"4-BMC (4-Brommethcathinon) online kaufen \u2013 4-BMC zu verkaufen\",\"isPartOf\":{\"@id\":\"https:\/\/chemgramx.com\/#website\"},\"primaryImageOfPage\":{\"@id\":\"https:\/\/chemgramx.com\/product\/4-bmc-4-brommethcathinon\/#primaryimage\"},\"image\":{\"@id\":\"https:\/\/chemgramx.com\/product\/4-bmc-4-brommethcathinon\/#primaryimage\"},\"thumbnailUrl\":\"https:\/\/chemgramx.com\/wp-content\/uploads\/2024\/10\/4-BMC-4-Bromomethcathinon.jpg\",\"datePublished\":\"2024-10-24T10:28:24+00:00\",\"dateModified\":\"2025-10-15T05:42:40+00:00\",\"description\":\"Unser Gesch\u00e4ft hat 4-BMC (4-Brommethcathinon) in Topqualit\u00e4t zu verkaufen. Die Qualit\u00e4t unserer Produkte ist einfach unschlagbar. Wenn Sie es brauchen, kaufen Sie 4-BMC (4-Brommethcathinon) sofort online. Jetzt bestellen!\",\"breadcrumb\":{\"@id\":\"https:\/\/chemgramx.com\/product\/4-bmc-4-brommethcathinon\/#breadcrumb\"},\"inLanguage\":\"cs\",\"potentialAction\":[{\"@type\":\"ReadAction\",\"target\":[\"https:\/\/chemgramx.com\/product\/4-bmc-4-brommethcathinon\/\"]}]},{\"@type\":\"ImageObject\",\"inLanguage\":\"cs\",\"@id\":\"https:\/\/chemgramx.com\/product\/4-bmc-4-brommethcathinon\/#primaryimage\",\"url\":\"https:\/\/chemgramx.com\/wp-content\/uploads\/2024\/10\/4-BMC-4-Bromomethcathinon.jpg\",\"contentUrl\":\"https:\/\/chemgramx.com\/wp-content\/uploads\/2024\/10\/4-BMC-4-Bromomethcathinon.jpg\",\"width\":300,\"height\":300,\"caption\":\"4-BMC (4-Brommethcathinon) online kaufen\"},{\"@type\":\"BreadcrumbList\",\"@id\":\"https:\/\/chemgramx.com\/product\/4-bmc-4-brommethcathinon\/#breadcrumb\",\"itemListElement\":[{\"@type\":\"ListItem\",\"position\":1,\"name\":\"Home\",\"item\":\"https:\/\/chemgramx.com\/\"},{\"@type\":\"ListItem\",\"position\":2,\"name\":\"Shop\",\"item\":\"https:\/\/chemgramx.com\/shop\/\"},{\"@type\":\"ListItem\",\"position\":3,\"name\":\"4-BMC (4-Bromomethcathinon) online kaufen\"}]},{\"@type\":\"WebSite\",\"@id\":\"https:\/\/chemgramx.com\/#website\",\"url\":\"https:\/\/chemgramx.com\/\",\"name\":\"Chemgramx\",\"description\":\"\",\"publisher\":{\"@id\":\"https:\/\/chemgramx.com\/#organization\"},\"potentialAction\":[{\"@type\":\"SearchAction\",\"target\":{\"@type\":\"EntryPoint\",\"urlTemplate\":\"https:\/\/chemgramx.com\/?s={search_term_string}\"},\"query-input\":{\"@type\":\"PropertyValueSpecification\",\"valueRequired\":true,\"valueName\":\"search_term_string\"}}],\"inLanguage\":\"cs\"},{\"@type\":\"Organization\",\"@id\":\"https:\/\/chemgramx.com\/#organization\",\"name\":\"Chemgramx\",\"url\":\"https:\/\/chemgramx.com\/\",\"logo\":{\"@type\":\"ImageObject\",\"inLanguage\":\"cs\",\"@id\":\"https:\/\/chemgramx.com\/#\/schema\/logo\/image\/\",\"url\":\"https:\/\/chemgramx.com\/wp-content\/uploads\/2024\/10\/final-logo.png\",\"contentUrl\":\"https:\/\/chemgramx.com\/wp-content\/uploads\/2024\/10\/final-logo.png\",\"width\":250,\"height\":48,\"caption\":\"Chemgramx\"},\"image\":{\"@id\":\"https:\/\/chemgramx.com\/#\/schema\/logo\/image\/\"}}]}<\/script>\n<!-- \/ Yoast SEO plugin. -->","yoast_head_json":{"title":"Koupit 4-BMC (4-brommethcathinon) online \u2013 4-BMC na prodej","description":"N\u00e1\u0161 obchod prod\u00e1v\u00e1 4-BMC (4-bromomethcathinon) nejvy\u0161\u0161\u00ed kvality. Kvalita na\u0161ich produkt\u016f je jednodu\u0161e bezkonkuren\u010dn\u00ed. Pokud ho pot\u0159ebujete, kupte si 4-BMC (4-bromomethcathinon) online hned te\u010f. Objednejte si hned!","robots":{"index":"index","follow":"follow","max-snippet":"max-snippet:-1","max-image-preview":"max-image-preview:large","max-video-preview":"max-video-preview:-1"},"canonical":"https:\/\/chemgramx.com\/cs\/product\/4-bmc-4-brommethcathinon\/","og_locale":"cs_CZ","og_type":"article","og_title":"4-BMC (4-Brommethcathinon) online kaufen \u2013 4-BMC zu verkaufen","og_description":"Unser Gesch\u00e4ft hat 4-BMC (4-Brommethcathinon) in Topqualit\u00e4t zu verkaufen. Die Qualit\u00e4t unserer Produkte ist einfach unschlagbar. Wenn Sie es brauchen, kaufen Sie 4-BMC (4-Brommethcathinon) sofort online. Jetzt bestellen!","og_url":"https:\/\/chemgramx.com\/cs\/product\/4-bmc-4-brommethcathinon\/","og_site_name":"Chemgramx","article_modified_time":"2025-10-15T05:42:40+00:00","og_image":[{"width":300,"height":300,"url":"https:\/\/chemgramx.com\/wp-content\/uploads\/2024\/10\/4-BMC-4-Bromomethcathinon.jpg","type":"image\/jpeg"}],"twitter_card":"summary_large_image","twitter_misc":{"Odhadovan\u00e1 doba \u010dten\u00ed":"2 minuty"},"schema":{"@context":"https:\/\/schema.org","@graph":[{"@type":"WebPage","@id":"https:\/\/chemgramx.com\/product\/4-bmc-4-brommethcathinon\/","url":"https:\/\/chemgramx.com\/product\/4-bmc-4-brommethcathinon\/","name":"Koupit 4-BMC (4-brommethcathinon) online \u2013 4-BMC na prodej","isPartOf":{"@id":"https:\/\/chemgramx.com\/#website"},"primaryImageOfPage":{"@id":"https:\/\/chemgramx.com\/product\/4-bmc-4-brommethcathinon\/#primaryimage"},"image":{"@id":"https:\/\/chemgramx.com\/product\/4-bmc-4-brommethcathinon\/#primaryimage"},"thumbnailUrl":"https:\/\/chemgramx.com\/wp-content\/uploads\/2024\/10\/4-BMC-4-Bromomethcathinon.jpg","datePublished":"2024-10-24T10:28:24+00:00","dateModified":"2025-10-15T05:42:40+00:00","description":"N\u00e1\u0161 obchod prod\u00e1v\u00e1 4-BMC (4-bromomethcathinon) nejvy\u0161\u0161\u00ed kvality. Kvalita na\u0161ich produkt\u016f je jednodu\u0161e bezkonkuren\u010dn\u00ed. Pokud ho pot\u0159ebujete, kupte si 4-BMC (4-bromomethcathinon) online hned te\u010f. Objednejte si hned!","breadcrumb":{"@id":"https:\/\/chemgramx.com\/product\/4-bmc-4-brommethcathinon\/#breadcrumb"},"inLanguage":"cs","potentialAction":[{"@type":"ReadAction","target":["https:\/\/chemgramx.com\/product\/4-bmc-4-brommethcathinon\/"]}]},{"@type":"ImageObject","inLanguage":"cs","@id":"https:\/\/chemgramx.com\/product\/4-bmc-4-brommethcathinon\/#primaryimage","url":"https:\/\/chemgramx.com\/wp-content\/uploads\/2024\/10\/4-BMC-4-Bromomethcathinon.jpg","contentUrl":"https:\/\/chemgramx.com\/wp-content\/uploads\/2024\/10\/4-BMC-4-Bromomethcathinon.jpg","width":300,"height":300,"caption":"4-BMC (4-Brommethcathinon) online kaufen"},{"@type":"BreadcrumbList","@id":"https:\/\/chemgramx.com\/product\/4-bmc-4-brommethcathinon\/#breadcrumb","itemListElement":[{"@type":"ListItem","position":1,"name":"Home","item":"https:\/\/chemgramx.com\/"},{"@type":"ListItem","position":2,"name":"Shop","item":"https:\/\/chemgramx.com\/shop\/"},{"@type":"ListItem","position":3,"name":"4-BMC (4-Bromomethcathinon) online kaufen"}]},{"@type":"WebSite","@id":"https:\/\/chemgramx.com\/#website","url":"https:\/\/chemgramx.com\/","name":"Chemgramx","description":"","publisher":{"@id":"https:\/\/chemgramx.com\/#organization"},"potentialAction":[{"@type":"SearchAction","target":{"@type":"EntryPoint","urlTemplate":"https:\/\/chemgramx.com\/?s={search_term_string}"},"query-input":{"@type":"PropertyValueSpecification","valueRequired":true,"valueName":"search_term_string"}}],"inLanguage":"cs"},{"@type":"Organization","@id":"https:\/\/chemgramx.com\/#organization","name":"Chemgramx","url":"https:\/\/chemgramx.com\/","logo":{"@type":"ImageObject","inLanguage":"cs","@id":"https:\/\/chemgramx.com\/#\/schema\/logo\/image\/","url":"https:\/\/chemgramx.com\/wp-content\/uploads\/2024\/10\/final-logo.png","contentUrl":"https:\/\/chemgramx.com\/wp-content\/uploads\/2024\/10\/final-logo.png","width":250,"height":48,"caption":"Chemgramx"},"image":{"@id":"https:\/\/chemgramx.com\/#\/schema\/logo\/image\/"}}]}},"_links":{"self":[{"href":"https:\/\/chemgramx.com\/cs\/wp-json\/wp\/v2\/product\/817","targetHints":{"allow":["GET"]}}],"collection":[{"href":"https:\/\/chemgramx.com\/cs\/wp-json\/wp\/v2\/product"}],"about":[{"href":"https:\/\/chemgramx.com\/cs\/wp-json\/wp\/v2\/types\/product"}],"replies":[{"embeddable":true,"href":"https:\/\/chemgramx.com\/cs\/wp-json\/wp\/v2\/comments?post=817"}],"wp:featuredmedia":[{"embeddable":true,"href":"https:\/\/chemgramx.com\/cs\/wp-json\/wp\/v2\/media\/821"}],"wp:attachment":[{"href":"https:\/\/chemgramx.com\/cs\/wp-json\/wp\/v2\/media?parent=817"}],"wp:term":[{"taxonomy":"product_brand","embeddable":true,"href":"https:\/\/chemgramx.com\/cs\/wp-json\/wp\/v2\/product_brand?post=817"},{"taxonomy":"product_cat","embeddable":true,"href":"https:\/\/chemgramx.com\/cs\/wp-json\/wp\/v2\/product_cat?post=817"},{"taxonomy":"product_tag","embeddable":true,"href":"https:\/\/chemgramx.com\/cs\/wp-json\/wp\/v2\/product_tag?post=817"}],"curies":[{"name":"wp","href":"https:\/\/api.w.org\/{rel}","templated":true}]}}