{"id":8378,"date":"2025-11-21T18:17:57","date_gmt":"2025-11-21T18:17:57","guid":{"rendered":"https:\/\/chemgramx.com\/?post_type=product&#038;p=8378"},"modified":"2025-12-09T10:15:28","modified_gmt":"2025-12-09T10:15:28","slug":"koupit-3-fpm-crystals-online","status":"publish","type":"product","link":"https:\/\/chemgramx.com\/cs\/product\/3-fpm-kristallen-online-kaufen\/","title":{"rendered":"Koupit krystaly 3-FPM \u2013 vysok\u00e1 kvalita"},"content":{"rendered":"<p>V\u00edtejte ve spole\u010dnosti Chemgramx, va\u0161em d\u016fv\u011bryhodn\u00e9m zdroji vysoce kvalitn\u00edch chemik\u00e1li\u00ed pro v\u00fdzkum. Pokud <b>Koupit krystaly 3-FPM<\/b> na prodej, jste na spr\u00e1vn\u00e9m m\u00edst\u011b. Nab\u00edz\u00edme v\u00e1m exkluzivn\u011b <b>Prvot\u0159\u00eddn\u00ed krystaly 3-FPM<\/b> v\u00fdjime\u010dn\u00e9 \u010distoty, speci\u00e1ln\u011b vyvinut\u00e9 pro v\u011bdeck\u00e9 studie. Proto se m\u016f\u017eete spolehnout na integritu na\u0161ich <b>autentick\u00e9 krystaly 3-FPM<\/b> odej\u00edt.<\/p>\n<p>N\u00e1\u0161 sortiment zahrnuje <b>nejlep\u0161\u00ed krystaly 3-FPM<\/b> kter\u00e9 podl\u00e9haj\u00ed p\u0159\u00edsn\u00fdm kontrol\u00e1m kvality. Ch\u00e1peme po\u017eadavky na p\u0159esnost a spolehlivost ve v\u00fdzkumu. Ka\u017ed\u00fd v\u00fdrobek, kter\u00fd u n\u00e1s zakoup\u00edte, m\u00e1 proto zaru\u010denou v\u00fdzkumnou kvalitu. M\u016f\u017eete <b>Objednat krystaly 3-FPM online<\/b> a spolehnout se na bezpe\u010dn\u00fd n\u00e1kup.<\/p>\n<h2>Co jsou krystaly 3-FPM?<\/h2>\n<p>3-FPM, zn\u00e1m\u00fd tak\u00e9 jako 3-fluorfenmetrazin, je syntetick\u00e1 l\u00e1tka ze skupiny fenmetrazin\u016f. Je \u010dasto studov\u00e1na ve v\u011bdeck\u00e9m v\u00fdzkumu kv\u016fli sv\u00e9 jedine\u010dn\u00e9 chemick\u00e9 struktu\u0159e a potenci\u00e1ln\u00edm interakc\u00edm s neurotransmitery. Krom\u011b toho se tato slou\u010denina vyzna\u010duje svou krystalickou formou, kter\u00e1 usnad\u0148uje manipulaci a d\u00e1vkov\u00e1n\u00ed v laboratorn\u00edm prost\u0159ed\u00ed.<\/p>\n<p>Tato v\u00fdzkumn\u00e1 chemick\u00e1 l\u00e1tka nen\u00ed ur\u010dena k lidsk\u00e9 spot\u0159eb\u011b ani k l\u00e9\u010debn\u00fdm \u00fa\u010del\u016fm. Je ur\u010dena pouze pro v\u011bdeck\u00e9 a forenzn\u00ed v\u00fdzkumn\u00e9 \u00fa\u010dely. Je proto nezbytn\u00e9 pou\u017e\u00edvat krystaly 3-FPM v souladu s platn\u00fdmi bezpe\u010dnostn\u00edmi p\u0159edpisy a etick\u00fdmi pokyny.<\/p>\n<h2>Kvalita na\u0161ich krystal\u016f 3-FPM<\/h2>\n<h3>Bezkonkuren\u010dn\u00ed \u010distota pro p\u0159esn\u00fd v\u00fdzkum<\/h3>\n<p>Ve spole\u010dnosti Chemgramx klademe velk\u00fd d\u016fraz na kvalitu v\u00fdrobk\u016f. Na\u0161e <b>Krystaly 3-FPM<\/b> jsou syntetizov\u00e1ny s nejvy\u0161\u0161\u00ed p\u0159esnost\u00ed a testov\u00e1ny na \u010distotu. Krom\u011b toho zaru\u010dujeme <b>vysok\u00e1 \u010distota na prodej<\/b>, co\u017e je nezbytn\u00e9 pro n\u00e1ro\u010dn\u00e9 v\u00fdzkumn\u00e9 aplikace. Tento d\u016fraz na kvalitu minimalizuje kontaminaci a zaji\u0161\u0165uje reprodukovateln\u00e9 v\u00fdsledky.<\/p>\n<ul>\n<li><b>Laboratorn\u011b testovan\u00e1 kvalita:<\/b> Ka\u017ed\u00e1 \u0161ar\u017ee je podrobena komplexn\u00edm anal\u00fdz\u00e1m.<\/li>\n<li><b>Minim\u00e1ln\u00ed mno\u017estv\u00ed ne\u010distot:<\/b> Z\u00edsk\u00e1te tak \u010dist\u0161\u00ed produkt pro sv\u00e9 experimenty.<\/li>\n<li><b>Konzistentn\u00ed struktura:<\/b> Pro spolehliv\u00e9 a srovnateln\u00e9 v\u00fdsledky studi\u00ed.<\/li>\n<\/ul>\n<h3>Kvalita v\u00fdzkumu a laborato\u0159\u00ed<\/h3>\n<p>Ch\u00e1peme, \u017ee integrita va\u0161eho v\u00fdzkumu z\u00e1vis\u00ed na kvalit\u011b pou\u017eit\u00fdch materi\u00e1l\u016f. Z tohoto d\u016fvodu nab\u00edz\u00edme <b>Krystaly 3-FPM<\/b> v \u010dist\u00e9m <b>Kvalita v\u00fdzkumu na prodej<\/b> na. Na\u0161e v\u00fdrobky tak\u00e9 spl\u0148uj\u00ed p\u0159\u00edsn\u00e9 po\u017eadavky pro pou\u017eit\u00ed v laborato\u0159\u00edch po cel\u00e9m sv\u011bt\u011b. Jsou k dispozici tak\u00e9 jako <b>Laboratorn\u00ed kvalita na prodej<\/b> co\u017e zd\u016fraz\u0148uje jejich vhodnost pro \u0161irokou \u0161k\u00e1lu v\u011bdeck\u00fdch aplikac\u00ed.<\/p>\n<p>N\u00e1\u0161 z\u00e1vazek k dokonalosti znamen\u00e1, \u017ee pro sv\u00e9 v\u011bdeck\u00e9 projekty v\u017edy z\u00edsk\u00e1te tu nejlep\u0161\u00ed podporu. Na\u0161\u00edm hlavn\u00edm c\u00edlem je p\u0159ece spolehlivost va\u0161ich dat. Proto neust\u00e1le investujeme do modern\u00edch testovac\u00edch postup\u016f a zaji\u0161t\u011bn\u00ed kvality. V\u00edce se o na\u0161ich vysok\u00fdch standardech dozv\u00edte, kdy\u017e nav\u0161t\u00edv\u00edte str\u00e1nku <a href=\"https:\/\/chemgramx.com\/product\/3-fpm-kristallen-online-kaufen\/\">Krystaly 3-FPM<\/a> s n\u00e1mi.<\/p>\n<h2>Mo\u017enosti vyu\u017eit\u00ed ve v\u00fdzkumu<\/h2>\n<p><b>Krystaly 3-FPM<\/b> jsou cenn\u00fdm n\u00e1strojem v r\u016fzn\u00fdch oblastech v\u00fdzkumu. Na jedn\u00e9 stran\u011b se \u010dasto pou\u017e\u00edvaj\u00ed ve farmakologii a neurov\u011bd\u00e1ch ke zkoum\u00e1n\u00ed mechanism\u016f \u00fa\u010dinku analog\u016f fenmetrazinu. Na druh\u00e9 stran\u011b slou\u017e\u00ed jako referen\u010dn\u00ed standardy p\u0159i forenzn\u00edch a toxikologick\u00fdch anal\u00fdz\u00e1ch. V\u0161estrannost t\u00e9to slou\u010deniny z n\u00ed \u010din\u00ed vyhled\u00e1vanou chemickou l\u00e1tku mezi v\u00fdzkumn\u00edky.<\/p>\n<h3>Mezi typick\u00e9 oblasti v\u00fdzkumu pat\u0159\u00ed:<\/h3>\n<ul>\n<li><b>Farmakologick\u00e9 studie:<\/b> Zkoum\u00e1n\u00ed vazebn\u00e9 afinity k neurotransmiterov\u00fdm transport\u00e9r\u016fm.<\/li>\n<li><b>V\u00fdzkum metabolismu:<\/b> Anal\u00fdza degrada\u010dn\u00edch cest v oblasti <i>in vitro<\/i>-syst\u00e9m.<\/li>\n<li><b>Syntetick\u00fd v\u00fdzkum:<\/b> Dal\u0161\u00ed v\u00fdvoj a modifikace podobn\u00fdch chemick\u00fdch struktur.<\/li>\n<li><b>Analytick\u00e1 chemie:<\/b> Pou\u017eit\u00ed jako referen\u010dn\u00ed materi\u00e1l pro spektroskopii a chromatografii.<\/li>\n<\/ul>\n<p>Tyto aplikace vy\u017eaduj\u00ed extr\u00e9mn\u011b vysokou \u010distotu a p\u0159esnou charakterizaci l\u00e1tky. Proto na\u0161e <b>Prvot\u0159\u00eddn\u00ed krystaly 3-FPM<\/b> ide\u00e1ln\u00ed pro tyto n\u00e1ro\u010dn\u00e9 \u00fa\u010dely. Pom\u00e1haj\u00ed v\u011bdc\u016fm dosahovat p\u0159esn\u00fdch a reprodukovateln\u00fdch v\u00fdsledk\u016f, co\u017e je pro pokrok ve v\u00fdzkumu z\u00e1sadn\u00ed.<\/p>\n<h2>Bezpe\u010dn\u00e9 z\u00edsk\u00e1v\u00e1n\u00ed krystal\u016f 3-FPM a manipulace s nimi<\/h2>\n<h3>V\u00e1\u0161 partner pro bezpe\u010dn\u00fd n\u00e1kup<\/h3>\n<p>N\u00e1kup v\u00fdzkumn\u00fdch chemik\u00e1li\u00ed vy\u017eaduje d\u016fv\u011bru a bezpe\u010dnost. V Chemgramxu v\u00e1m zaru\u010dujeme <b>bezpe\u010dn\u00fd n\u00e1kup<\/b> Va\u0161e <b>Krystaly 3-FPM<\/b>. Velk\u00fd d\u016fraz klademe na diskr\u00e9tnost a bezpe\u010dn\u00e9 zpracov\u00e1n\u00ed v\u0161ech objedn\u00e1vek. Se v\u0161emi v\u00fdrobky je nakl\u00e1d\u00e1no s maxim\u00e1ln\u00ed p\u00e9\u010d\u00ed, aby byla zaji\u0161t\u011bna jejich neporu\u0161enost a\u017e do jejich obdr\u017een\u00ed. To je podstatnou sou\u010d\u00e1st\u00ed na\u0161eho z\u00e1kaznick\u00e9ho servisu.<\/p>\n<p>Krom\u011b toho se sna\u017e\u00edme zajistit hladk\u00fd pr\u016fb\u011bh objedn\u00e1v\u00e1n\u00ed. M\u016f\u017eete <b>koupit online<\/b> a vyu\u017eijte n\u00e1\u0161 nekomplikovan\u00fd syst\u00e9m. Jsme samoz\u0159ejm\u011b k dispozici pro zodpov\u011bzen\u00ed va\u0161ich dotaz\u016f a nab\u00edz\u00edme komplexn\u00ed podporu. Jsme va\u0161\u00edm spolehliv\u00fdm partnerem, pokud <b>Objednat krystaly 3-FPM online<\/b> by cht\u011bla.<\/p>\n<h3>D\u016fle\u017eit\u00e9 pokyny pro bezpe\u010dn\u00e9 zach\u00e1zen\u00ed<\/h3>\n<p>Bezpe\u010dn\u00e1 manipulace s v\u00fdzkumn\u00fdmi chemik\u00e1liemi, jako je 3-FPM, je nesm\u00edrn\u011b d\u016fle\u017eit\u00e1. D\u016frazn\u011b doporu\u010dujeme, abyste v\u017edy nosili vhodn\u00e9 osobn\u00ed ochrann\u00e9 prost\u0159edky (OOP), v\u010detn\u011b rukavic, br\u00fdl\u00ed a laboratorn\u00edch pl\u00e1\u0161\u0165\u016f. Krom\u011b toho by se pr\u00e1ce m\u011bla prov\u00e1d\u011bt v dob\u0159e v\u011btran\u00e9m prostoru nebo pod digesto\u0159\u00ed. Dodr\u017eujte v\u0161echny m\u00edstn\u00ed laboratorn\u00ed sm\u011brnice a bezpe\u010dnostn\u00ed p\u0159edpisy.<\/p>\n<p>Pro zachov\u00e1n\u00ed stability a \u010distoty krystal\u016f je rovn\u011b\u017e d\u016fle\u017eit\u00e9 jejich spr\u00e1vn\u00e9 skladov\u00e1n\u00ed. Krystaly 3-FPM skladujte na chladn\u00e9m a such\u00e9m m\u00edst\u011b, mimo dosah sv\u011btla a nepovolan\u00fdch osob. Je tak\u00e9 d\u016fle\u017eit\u00e9 uchov\u00e1vat chemickou l\u00e1tku mimo dosah d\u011bt\u00ed a dom\u00e1c\u00edch zv\u00ed\u0159at. T\u00edm zajist\u00edte bezpe\u010dnost v laborato\u0159i i doma.<\/p>\n<h2>Pro\u010d je Chemgramx va\u0161\u00ed prvn\u00ed volbou<\/h2>\n<p>Spole\u010dnost Chemgramx je v\u00edce ne\u017e jen dodavatel, jsme v\u00e1\u0161 partner ve v\u00fdzkumu. N\u00e1\u0161 z\u00e1vazek ke kvalit\u011b, \u010distot\u011b a z\u00e1kaznick\u00e9mu servisu n\u00e1s odli\u0161uje od ostatn\u00edch dodavatel\u016f. Pokud <b>Koupit krystaly 3-FPM<\/b>, z\u00edsk\u00e1te nejen produkt, ale tak\u00e9 jistotu, \u017ee pracujete s d\u016fv\u011bryhodn\u00fdm a zku\u0161en\u00fdm t\u00fdmem. V\u00e1\u017e\u00edme si transparentnosti a v\u011bdeck\u00e9 integrity.<\/p>\n<h3>P\u0159ehled na\u0161ich v\u00fdhod:<\/h3>\n<ul>\n<li><b>Prvot\u0159\u00eddn\u00ed produkty:<\/b> Pouze nej\u010dist\u0161\u00ed a <b>Autentick\u00e9 krystaly 3-FPM<\/b> pro v\u00e1\u0161 v\u00fdzkum.<\/li>\n<li><b>Odborn\u00e1 podpora:<\/b> N\u00e1\u0161 t\u00fdm je p\u0159ipraven zodpov\u011bd\u011bt v\u0161echny va\u0161e dotazy.<\/li>\n<li><b>Bezpe\u010dn\u00fd proces objedn\u00e1v\u00e1n\u00ed:<\/b> Va\u0161e \u00fadaje a n\u00e1kup jsou maxim\u00e1ln\u011b zabezpe\u010deny.<\/li>\n<li><b>Komplexn\u00ed dokumentace:<\/b> K dispozici jsou specifikace v\u00fdrobku a certifik\u00e1ty anal\u00fdzy.<\/li>\n<li><b>Rozs\u00e1hl\u00fd sortiment v\u00fdrobk\u016f:<\/b> Krom\u011b krystal\u016f 3-FPM objevte dal\u0161\u00ed vysoce kvalitn\u00ed v\u00fdzkumn\u00e9 chemik\u00e1lie, jako jsou nap\u0159. <a href=\"https:\/\/chemgramx.com\/product\/valoron-liquid-e-liquid-online-bestellung\/\">Valoron Liquid<\/a> pro va\u0161e projekty.<\/li>\n<\/ul>\n<p>Jsme hrd\u00ed na to, \u017ee m\u016f\u017eeme podporovat v\u011bdce a v\u00fdzkumn\u00edky po cel\u00e9m sv\u011bt\u011b. Proto se neust\u00e1le sna\u017e\u00edme optimalizovat na\u0161e slu\u017eby a sortiment v\u00fdrobk\u016f. M\u016f\u017eete si b\u00fdt jisti. <b>Krystaly 3-FPM<\/b> s n\u00e1mi <a href=\"https:\/\/chemgramx.com\/product\/3-fpm-kristallen-online-kaufen\/\">koupit u Chemgramx<\/a> a spolehn\u011bte se na n\u00e1\u0161 z\u00e1vazek k dokonalosti.<\/p>\n<h2>Z\u00e1v\u011br: Nejlep\u0161\u00ed krystaly 3-FPM pro v\u00e1\u0161 v\u00fdzkum<\/h2>\n<p>Souhrnn\u011b lze \u0159\u00edci, \u017ee po\u0159\u00edzen\u00ed <b>Krystaly 3-FPM<\/b> ve spole\u010dnosti Chemgramx je ide\u00e1ln\u00ed volbou pro seri\u00f3zn\u00ed v\u00fdzkum. Nab\u00edz\u00edme v\u00e1m <b>nejlep\u0161\u00ed krystaly 3-FPM<\/b> kter\u00e9 spl\u0148uj\u00ed nejp\u0159\u00edsn\u011bj\u0161\u00ed normy \u010distoty a kvality. N\u00e1\u0161 u\u017eivatelsky p\u0159\u00edv\u011btiv\u00fd internetov\u00fd obchod v\u00e1m to umo\u017en\u00ed, <b>Objednat krystaly 3-FPM online<\/b> a spolehnout se na profesion\u00e1ln\u00ed zpracov\u00e1n\u00ed.<\/p>\n<p>Investujte do kvality sv\u00e9ho v\u00fdzkumu a zvolte si jako preferovan\u00e9ho dodavatele spole\u010dnost Chemgramx. Vyu\u017eijte na\u0161ich odborn\u00fdch znalost\u00ed a z\u00e1vazku k v\u011bdeck\u00e9 dokonalosti. Na\u0161\u00edm c\u00edlem je optim\u00e1ln\u011b podporovat va\u0161e v\u00fdzkumn\u00e9 c\u00edle. Proto nev\u00e1hejte, <b>koupit online<\/b> a p\u0159esv\u011bd\u010dte se o rozd\u00edlu na vlastn\u00ed k\u016f\u017ei.<\/p>","protected":false},"excerpt":{"rendered":"<p>Objevte <b>vysoce kvalitn\u00ed krystaly 3-FPM<\/b> Tento syntetick\u00fd analog fenmetrazinu je nab\u00edzen v\u00fdhradn\u011b pro v\u011bdeck\u00e9 studie. P\u0159esv\u011bd\u010duje prost\u0159ednictv\u00edm:<\/p>\n<ul>\n<li>Zaru\u010den\u00e1 \u010distota<\/li>\n<li>Konzistentn\u00ed laboratorn\u00ed kvalita<\/li>\n<li>P\u0159\u00edsn\u00e9 testov\u00e1n\u00ed<\/li>\n<\/ul>\n<p>Pro p\u0159esn\u00e9 v\u00fdsledky v\u00fdzkumu m\u016f\u017eete <b>Koupit 3-FPM<\/b> u Chemgramx.<\/p>","protected":false},"featured_media":8412,"comment_status":"open","ping_status":"closed","template":"","meta":{"_joinchat":[]},"product_brand":[],"product_cat":[48],"product_tag":[1372,1385,1396,1381,1395,1378,1379,1374,1388,1373,1389,1371,1391,1393,1375,1386,1390,1380,1392,1397,1394,1376,1377,1387,1382,1384,1383],"class_list":{"0":"post-8378","1":"product","2":"type-product","3":"status-publish","4":"has-post-thumbnail","6":"product_cat-stimulants","7":"product_tag-3-fluorophenmetrazin-bestellen","8":"product_tag-3-fpm-bulk-bestellung","9":"product_tag-3-fpm-chemikalie","10":"product_tag-3-fpm-experimente","11":"product_tag-3-fpm-forschung","12":"product_tag-3-fpm-forschung-chemikalie","13":"product_tag-3-fpm-fur-neurowissenschaftliche-studien","14":"product_tag-3-fpm-groshandel","15":"product_tag-3-fpm-kaufen","16":"product_tag-3-fpm-kristalle-online-bestellen","17":"product_tag-3-fpm-kristallen-bestellen","18":"product_tag-3-fpm-kristallen-kaufen","19":"product_tag-3-fpm-labor","20":"product_tag-3-fpm-legal","21":"product_tag-3-fpm-lieferant","22":"product_tag-3-fpm-marktanalyse","23":"product_tag-3-fpm-online","24":"product_tag-3-fpm-pharmazeutische-forschung","25":"product_tag-3-fpm-sicher","26":"product_tag-3-fpm-versand","27":"product_tag-3fpm-gunstig","28":"product_tag-forschung-chemikalien-3-fpm","29":"product_tag-hochwertige-3-fpm-kristallen-kaufen","30":"product_tag-innovative-3-fpm-forschung","31":"product_tag-laborqualitat-3-fpm-kristallen","32":"product_tag-legaler-3-fpm-anbieter","33":"product_tag-sicherer-3-fpm-versand","35":"first","36":"instock","37":"shipping-taxable","38":"purchasable","39":"product-type-variable"},"yoast_head":"<!-- This site is optimized with the Yoast SEO plugin v27.5 - https:\/\/yoast.com\/product\/yoast-seo-wordpress\/ -->\n<title>3-FPM Kristalle kaufen \u2013 Hohe Qualit\u00e4t<\/title>\n<meta name=\"description\" content=\"Entdecken Sie hochreine 3-FPM Kristalle f\u00fcr wissenschaftliche Forschung. Jetzt 3-FPM Kristalle online bestellen in erstklassiger Laborqualit\u00e4t.\" \/>\n<meta name=\"robots\" content=\"index, follow, max-snippet:-1, max-image-preview:large, max-video-preview:-1\" \/>\n<link rel=\"canonical\" href=\"https:\/\/chemgramx.com\/cs\/produkt-1\/koupit-3-fpm-crystals-online\/\" \/>\n<meta property=\"og:locale\" content=\"cs_CZ\" \/>\n<meta property=\"og:type\" content=\"article\" \/>\n<meta property=\"og:title\" content=\"3-FPM Kristalle kaufen \u2013 Hohe Qualit\u00e4t\" \/>\n<meta property=\"og:description\" content=\"Entdecken Sie hochreine 3-FPM Kristalle f\u00fcr wissenschaftliche Forschung. Jetzt 3-FPM Kristalle online bestellen in erstklassiger Laborqualit\u00e4t.\" \/>\n<meta property=\"og:url\" content=\"https:\/\/chemgramx.com\/cs\/produkt-1\/koupit-3-fpm-crystals-online\/\" \/>\n<meta property=\"og:site_name\" content=\"Chemgramx\" \/>\n<meta property=\"article:modified_time\" content=\"2025-12-09T10:15:28+00:00\" \/>\n<meta property=\"og:image\" content=\"https:\/\/chemgramx.com\/wp-content\/uploads\/2025\/11\/Buy-3-FPM-Crystals-online-1.webp\" \/>\n\t<meta property=\"og:image:width\" content=\"512\" \/>\n\t<meta property=\"og:image:height\" content=\"497\" \/>\n\t<meta property=\"og:image:type\" content=\"image\/webp\" \/>\n<meta name=\"twitter:card\" content=\"summary_large_image\" \/>\n<meta name=\"twitter:label1\" content=\"Odhadovan\u00e1 doba \u010dten\u00ed\" \/>\n\t<meta name=\"twitter:data1\" content=\"2 minuty\" \/>\n<script type=\"application\/ld+json\" class=\"yoast-schema-graph\">{\"@context\":\"https:\\\/\\\/schema.org\",\"@graph\":[{\"@type\":\"WebPage\",\"@id\":\"https:\\\/\\\/chemgramx.com\\\/product\\\/3-fpm-kristallen-online-kaufen\\\/\",\"url\":\"https:\\\/\\\/chemgramx.com\\\/product\\\/3-fpm-kristallen-online-kaufen\\\/\",\"name\":\"3-FPM Kristalle kaufen \u2013 Hohe Qualit\u00e4t\",\"isPartOf\":{\"@id\":\"https:\\\/\\\/chemgramx.com\\\/#website\"},\"primaryImageOfPage\":{\"@id\":\"https:\\\/\\\/chemgramx.com\\\/product\\\/3-fpm-kristallen-online-kaufen\\\/#primaryimage\"},\"image\":{\"@id\":\"https:\\\/\\\/chemgramx.com\\\/product\\\/3-fpm-kristallen-online-kaufen\\\/#primaryimage\"},\"thumbnailUrl\":\"https:\\\/\\\/chemgramx.com\\\/wp-content\\\/uploads\\\/2025\\\/11\\\/Buy-3-FPM-Crystals-online-1.webp\",\"datePublished\":\"2025-11-21T18:17:57+00:00\",\"dateModified\":\"2025-12-09T10:15:28+00:00\",\"description\":\"Entdecken Sie hochreine 3-FPM Kristalle f\u00fcr wissenschaftliche Forschung. Jetzt 3-FPM Kristalle online bestellen in erstklassiger Laborqualit\u00e4t.\",\"breadcrumb\":{\"@id\":\"https:\\\/\\\/chemgramx.com\\\/product\\\/3-fpm-kristallen-online-kaufen\\\/#breadcrumb\"},\"inLanguage\":\"cs\",\"potentialAction\":[{\"@type\":\"ReadAction\",\"target\":[\"https:\\\/\\\/chemgramx.com\\\/product\\\/3-fpm-kristallen-online-kaufen\\\/\"]}]},{\"@type\":\"ImageObject\",\"inLanguage\":\"cs\",\"@id\":\"https:\\\/\\\/chemgramx.com\\\/product\\\/3-fpm-kristallen-online-kaufen\\\/#primaryimage\",\"url\":\"https:\\\/\\\/chemgramx.com\\\/wp-content\\\/uploads\\\/2025\\\/11\\\/Buy-3-FPM-Crystals-online-1.webp\",\"contentUrl\":\"https:\\\/\\\/chemgramx.com\\\/wp-content\\\/uploads\\\/2025\\\/11\\\/Buy-3-FPM-Crystals-online-1.webp\",\"width\":512,\"height\":497},{\"@type\":\"BreadcrumbList\",\"@id\":\"https:\\\/\\\/chemgramx.com\\\/product\\\/3-fpm-kristallen-online-kaufen\\\/#breadcrumb\",\"itemListElement\":[{\"@type\":\"ListItem\",\"position\":1,\"name\":\"Home\",\"item\":\"https:\\\/\\\/chemgramx.com\\\/\"},{\"@type\":\"ListItem\",\"position\":2,\"name\":\"Shop\",\"item\":\"https:\\\/\\\/chemgramx.com\\\/shop\\\/\"},{\"@type\":\"ListItem\",\"position\":3,\"name\":\"3-FPM Kristalle kaufen \u2013 Hohe Qualit\u00e4t\"}]},{\"@type\":\"WebSite\",\"@id\":\"https:\\\/\\\/chemgramx.com\\\/#website\",\"url\":\"https:\\\/\\\/chemgramx.com\\\/\",\"name\":\"Chemgramx\",\"description\":\"\",\"publisher\":{\"@id\":\"https:\\\/\\\/chemgramx.com\\\/#organization\"},\"potentialAction\":[{\"@type\":\"SearchAction\",\"target\":{\"@type\":\"EntryPoint\",\"urlTemplate\":\"https:\\\/\\\/chemgramx.com\\\/?s={search_term_string}\"},\"query-input\":{\"@type\":\"PropertyValueSpecification\",\"valueRequired\":true,\"valueName\":\"search_term_string\"}}],\"inLanguage\":\"cs\"},{\"@type\":\"Organization\",\"@id\":\"https:\\\/\\\/chemgramx.com\\\/#organization\",\"name\":\"Chemgramx\",\"url\":\"https:\\\/\\\/chemgramx.com\\\/\",\"logo\":{\"@type\":\"ImageObject\",\"inLanguage\":\"cs\",\"@id\":\"https:\\\/\\\/chemgramx.com\\\/#\\\/schema\\\/logo\\\/image\\\/\",\"url\":\"https:\\\/\\\/chemgramx.com\\\/wp-content\\\/uploads\\\/2024\\\/10\\\/final-logo.png\",\"contentUrl\":\"https:\\\/\\\/chemgramx.com\\\/wp-content\\\/uploads\\\/2024\\\/10\\\/final-logo.png\",\"width\":250,\"height\":48,\"caption\":\"Chemgramx\"},\"image\":{\"@id\":\"https:\\\/\\\/chemgramx.com\\\/#\\\/schema\\\/logo\\\/image\\\/\"}}]}<\/script>\n<!-- \/ Yoast SEO plugin. -->","yoast_head_json":{"title":"Koupit krystaly 3-FPM \u2013 vysok\u00e1 kvalita","description":"Objevte vysoce \u010dist\u00e9 krystaly 3-FPM pro v\u011bdeck\u00fd v\u00fdzkum. Objednejte si krystaly 3-FPM online v prvot\u0159\u00eddn\u00ed laboratorn\u00ed kvalit\u011b.","robots":{"index":"index","follow":"follow","max-snippet":"max-snippet:-1","max-image-preview":"max-image-preview:large","max-video-preview":"max-video-preview:-1"},"canonical":"https:\/\/chemgramx.com\/cs\/produkt-1\/koupit-3-fpm-crystals-online\/","og_locale":"cs_CZ","og_type":"article","og_title":"3-FPM Kristalle kaufen \u2013 Hohe Qualit\u00e4t","og_description":"Entdecken Sie hochreine 3-FPM Kristalle f\u00fcr wissenschaftliche Forschung. Jetzt 3-FPM Kristalle online bestellen in erstklassiger Laborqualit\u00e4t.","og_url":"https:\/\/chemgramx.com\/cs\/produkt-1\/koupit-3-fpm-crystals-online\/","og_site_name":"Chemgramx","article_modified_time":"2025-12-09T10:15:28+00:00","og_image":[{"width":512,"height":497,"url":"https:\/\/chemgramx.com\/wp-content\/uploads\/2025\/11\/Buy-3-FPM-Crystals-online-1.webp","type":"image\/webp"}],"twitter_card":"summary_large_image","twitter_misc":{"Odhadovan\u00e1 doba \u010dten\u00ed":"2 minuty"},"schema":{"@context":"https:\/\/schema.org","@graph":[{"@type":"WebPage","@id":"https:\/\/chemgramx.com\/product\/3-fpm-kristallen-online-kaufen\/","url":"https:\/\/chemgramx.com\/product\/3-fpm-kristallen-online-kaufen\/","name":"Koupit krystaly 3-FPM \u2013 vysok\u00e1 kvalita","isPartOf":{"@id":"https:\/\/chemgramx.com\/#website"},"primaryImageOfPage":{"@id":"https:\/\/chemgramx.com\/product\/3-fpm-kristallen-online-kaufen\/#primaryimage"},"image":{"@id":"https:\/\/chemgramx.com\/product\/3-fpm-kristallen-online-kaufen\/#primaryimage"},"thumbnailUrl":"https:\/\/chemgramx.com\/wp-content\/uploads\/2025\/11\/Buy-3-FPM-Crystals-online-1.webp","datePublished":"2025-11-21T18:17:57+00:00","dateModified":"2025-12-09T10:15:28+00:00","description":"Objevte vysoce \u010dist\u00e9 krystaly 3-FPM pro v\u011bdeck\u00fd v\u00fdzkum. Objednejte si krystaly 3-FPM online v prvot\u0159\u00eddn\u00ed laboratorn\u00ed kvalit\u011b.","breadcrumb":{"@id":"https:\/\/chemgramx.com\/product\/3-fpm-kristallen-online-kaufen\/#breadcrumb"},"inLanguage":"cs","potentialAction":[{"@type":"ReadAction","target":["https:\/\/chemgramx.com\/product\/3-fpm-kristallen-online-kaufen\/"]}]},{"@type":"ImageObject","inLanguage":"cs","@id":"https:\/\/chemgramx.com\/product\/3-fpm-kristallen-online-kaufen\/#primaryimage","url":"https:\/\/chemgramx.com\/wp-content\/uploads\/2025\/11\/Buy-3-FPM-Crystals-online-1.webp","contentUrl":"https:\/\/chemgramx.com\/wp-content\/uploads\/2025\/11\/Buy-3-FPM-Crystals-online-1.webp","width":512,"height":497},{"@type":"BreadcrumbList","@id":"https:\/\/chemgramx.com\/product\/3-fpm-kristallen-online-kaufen\/#breadcrumb","itemListElement":[{"@type":"ListItem","position":1,"name":"Home","item":"https:\/\/chemgramx.com\/"},{"@type":"ListItem","position":2,"name":"Shop","item":"https:\/\/chemgramx.com\/shop\/"},{"@type":"ListItem","position":3,"name":"3-FPM Kristalle kaufen \u2013 Hohe Qualit\u00e4t"}]},{"@type":"WebSite","@id":"https:\/\/chemgramx.com\/#website","url":"https:\/\/chemgramx.com\/","name":"Chemgramx","description":"","publisher":{"@id":"https:\/\/chemgramx.com\/#organization"},"potentialAction":[{"@type":"SearchAction","target":{"@type":"EntryPoint","urlTemplate":"https:\/\/chemgramx.com\/?s={search_term_string}"},"query-input":{"@type":"PropertyValueSpecification","valueRequired":true,"valueName":"search_term_string"}}],"inLanguage":"cs"},{"@type":"Organization","@id":"https:\/\/chemgramx.com\/#organization","name":"Chemgramx","url":"https:\/\/chemgramx.com\/","logo":{"@type":"ImageObject","inLanguage":"cs","@id":"https:\/\/chemgramx.com\/#\/schema\/logo\/image\/","url":"https:\/\/chemgramx.com\/wp-content\/uploads\/2024\/10\/final-logo.png","contentUrl":"https:\/\/chemgramx.com\/wp-content\/uploads\/2024\/10\/final-logo.png","width":250,"height":48,"caption":"Chemgramx"},"image":{"@id":"https:\/\/chemgramx.com\/#\/schema\/logo\/image\/"}}]}},"_links":{"self":[{"href":"https:\/\/chemgramx.com\/cs\/wp-json\/wp\/v2\/product\/8378","targetHints":{"allow":["GET"]}}],"collection":[{"href":"https:\/\/chemgramx.com\/cs\/wp-json\/wp\/v2\/product"}],"about":[{"href":"https:\/\/chemgramx.com\/cs\/wp-json\/wp\/v2\/types\/product"}],"replies":[{"embeddable":true,"href":"https:\/\/chemgramx.com\/cs\/wp-json\/wp\/v2\/comments?post=8378"}],"wp:featuredmedia":[{"embeddable":true,"href":"https:\/\/chemgramx.com\/cs\/wp-json\/wp\/v2\/media\/8412"}],"wp:attachment":[{"href":"https:\/\/chemgramx.com\/cs\/wp-json\/wp\/v2\/media?parent=8378"}],"wp:term":[{"taxonomy":"product_brand","embeddable":true,"href":"https:\/\/chemgramx.com\/cs\/wp-json\/wp\/v2\/product_brand?post=8378"},{"taxonomy":"product_cat","embeddable":true,"href":"https:\/\/chemgramx.com\/cs\/wp-json\/wp\/v2\/product_cat?post=8378"},{"taxonomy":"product_tag","embeddable":true,"href":"https:\/\/chemgramx.com\/cs\/wp-json\/wp\/v2\/product_tag?post=8378"}],"curies":[{"name":"wp","href":"https:\/\/api.w.org\/{rel}","templated":true}]}}