{"id":8385,"date":"2025-11-21T18:18:26","date_gmt":"2025-11-21T18:18:26","guid":{"rendered":"https:\/\/chemgramx.com\/?post_type=product&#038;p=8385"},"modified":"2025-12-09T10:13:50","modified_gmt":"2025-12-09T10:13:50","slug":"4c-mar-online-objednavka","status":"publish","type":"product","link":"https:\/\/chemgramx.com\/cs\/product\/4c-mar-online-bestellung\/","title":{"rendered":"Koupit 4C-MAR \u2013 pr\u00e9miov\u00e1 kvalita"},"content":{"rendered":"<p>Za\u010dn\u011bte svou v\u00fdzkumnou expedici s Chemgramx, p\u0159edn\u00edm zdrojem vysoce kvalitn\u00edch chemik\u00e1li\u00ed. Pokud <b>4C-MAR na prodej koupit<\/b> nab\u00edz\u00edme v\u00e1m bezkonkuren\u010dn\u00ed kombinaci \u010distoty a spolehlivosti. Na\u0161e odhodl\u00e1n\u00ed dosahovat v\u011bdeck\u00e9 excelence zaru\u010duje, \u017ee ka\u017ed\u00e1 \u0161ar\u017ee spl\u0148uje nejp\u0159\u00edsn\u011bj\u0161\u00ed standardy kvality. Proto je n\u00e1\u0161 4C-MAR ide\u00e1ln\u00ed volbou pro n\u00e1ro\u010dn\u00e9 laborato\u0159e a v\u00fdzkumn\u00e1 za\u0159\u00edzen\u00ed.<\/p>\n<h2>Podstata 4C-MAR: v\u011bdeck\u00fd \u00favod<\/h2>\n<p><b>4C-MAR<\/b>, l\u00e1tka, kter\u00e1 je p\u0159edm\u011btem velk\u00e9ho z\u00e1jmu modern\u00edho chemick\u00e9ho v\u00fdzkumu, vy\u017eaduje p\u0159i sv\u00e9 v\u00fdrob\u011b a manipulaci nejvy\u0161\u0161\u00ed p\u0159esnost. Chemgramx tuto pot\u0159ebu ch\u00e1pe. Nav\u00edc zaji\u0161\u0165ujeme, aby n\u00e1\u0161 produkt nejen spl\u0148oval analytick\u00e9 po\u017eadavky va\u0161ich projekt\u016f, ale dokonce je p\u0159ekon\u00e1val. D\u00edky tomu se m\u016f\u017eete spolehnout na konzistentn\u00ed a reprodukovateln\u00e9 v\u00fdsledky.<\/p>\n<h3>Co je 4C-MAR?<\/h3>\n<p>4C-MAR je syntetick\u00e1 v\u00fdzkumn\u00e1 chemik\u00e1lie, kter\u00e1 je zn\u00e1m\u00e1 svou jedine\u010dnou molekul\u00e1rn\u00ed strukturou a potenci\u00e1ln\u00edmi aplikacemi ve specializovan\u00fdch studi\u00edch. Je obzvl\u00e1\u0161t\u011b cen\u011bna v\u011bdci, kte\u0159\u00ed se zab\u00fdvaj\u00ed v\u00fdzkumem slo\u017eit\u00fdch chemick\u00fdch interakc\u00ed. Podrobn\u00e9 porozum\u011bn\u00ed jej\u00edm vlastnostem nav\u00edc nab\u00edz\u00ed nov\u00e9 perspektivy v r\u016fzn\u00fdch oborech. Spr\u00e1vn\u00e1 charakterizace je proto z\u00e1sadn\u00ed.<\/p>\n<h3>V\u00fdznam \u010distoty a kvality<\/h3>\n<p>\u010cistota v\u00fdzkumn\u00e9 chemik\u00e1lie m\u00e1 z\u00e1sadn\u00ed v\u00fdznam pro platnost experiment\u00e1ln\u00edch v\u00fdsledk\u016f. Garantovan\u00e1 \u010distota je u Chemgramx v\u00edce ne\u017e jen prodejn\u00edm argumentem, je z\u00e1kladn\u00edm pil\u00ed\u0159em na\u0161\u00ed filozofie. Nab\u00edz\u00edme v\u00e1m <b>vysoce kvalitn\u00ed 4C-MAR<\/b>, kter\u00fd je vyr\u00e1b\u011bn a testov\u00e1n za nejp\u0159\u00edsn\u011bj\u0161\u00edch laboratorn\u00edch podm\u00ednek. T\u00edmto zp\u016fsobem zaji\u0161\u0165ujeme, \u017ee ne\u010distoty jsou redukov\u00e1ny na minimum.<\/p>\n<h2>Pro\u010d koupit 4C-MAR od Chemgramx?<\/h2>\n<p>Rozhodnut\u00ed, kde nakupujete chemik\u00e1lie pro v\u00fdzkum, m\u00e1 p\u0159\u00edm\u00fd vliv na \u00fasp\u011bch va\u0161ich studi\u00ed. Ve spole\u010dnosti Chemgramx jsme hrd\u00ed na to, \u017ee jsme uzn\u00e1van\u00fdm a d\u016fv\u011bryhodn\u00fdm dodavatelem. Nav\u00edc nenab\u00edz\u00edme pouze produkty, ale tak\u00e9 partnerstv\u00ed zalo\u017een\u00e9 na kvalit\u011b a v\u011bd\u011b. Je proto samoz\u0159ejm\u00e9, \u017ee na\u0161e <b>nejlep\u0161\u00ed 4C-MAR na trhu<\/b> je optim\u00e1ln\u00ed podpora va\u0161eho v\u00fdzkumu.<\/p>\n<h3>N\u00e1\u0161 slib kvality<\/h3>\n<p>Na\u0161e snaha o kvalitu je komplexn\u00ed. Ka\u017ed\u00e1 dod\u00e1vka je pe\u010dliv\u011b zpracov\u00e1na, aby byla zachov\u00e1na integrita produktu. Krom\u011b toho poskytujeme podrobn\u00e9 certifik\u00e1ty anal\u00fdzy, kter\u00e9 potvrzuj\u00ed \u010distotu a identitu na\u0161eho <b>autentick\u00fd 4C-MAR<\/b> potvrzujeme. V\u00edme, \u017ee v\u00e1\u0161 v\u00fdzkum vy\u017eaduje nekompromisn\u00ed kvalitu, a proto je to pro n\u00e1s nejvy\u0161\u0161\u00ed prioritou.<\/p>\n<ul>\n<li><b>P\u0159\u00edsn\u00e9 anal\u00fdzy:<\/b> Ka\u017ed\u00e1 \u0161ar\u017ee proch\u00e1z\u00ed komplexn\u00edmi testy.<\/li>\n<li><b>Dokumentovan\u00e1 \u010distota:<\/b> Podrobn\u00e9 certifik\u00e1ty anal\u00fdzy jsou standardem.<\/li>\n<li><b>Specifick\u00e9 zach\u00e1zen\u00ed s produktem:<\/b> Zaji\u0161t\u011bn\u00ed stability a \u00fa\u010dinnosti.<\/li>\n<\/ul>\n<h3>V\u00fdzkumn\u00e9 a laboratorn\u00ed aplikace<\/h3>\n<p><b>4C-MAR<\/b> se pou\u017e\u00edv\u00e1 p\u0159edev\u0161\u00edm ve specializovan\u00e9m chemick\u00e9m v\u00fdzkumu a anal\u00fdze. Je to cenn\u00fd n\u00e1stroj pro v\u011bdce, kte\u0159\u00ed zkoumaj\u00ed vlastnosti stimulant\u016f, empathogen\u016f nebo p\u0159\u00edbuzn\u00fdch slou\u010denin. V d\u016fsledku toho je n\u00e1\u0161 <b>Kvalita v\u00fdzkumu na prodej<\/b> stoj\u00edc\u00ed 4C-MAR ide\u00e1ln\u00ed pro <i>In vitro<\/i>-studie, analytick\u00e9 referen\u010dn\u00ed standardy nebo jako slo\u017eka komplexn\u00edch synt\u00e9z. Chcete se dozv\u011bd\u011bt v\u00edce o podobn\u00fdch slou\u010denin\u00e1ch? Prohl\u00e9dn\u011bte si n\u00e1\u0161 sortiment, nap\u0159\u00edklad <b><a href=\"https:\/\/chemgramx.com\/product\/6-mapb-6-methyl-2-aminopropylbenzofuran-online-kaufen\/\">Koupit 6-MAPB (6-methyl-2-aminopropylbenzofuran) online<\/a><\/b>, kter\u00fd je rovn\u011b\u017e navr\u017een pro nejvy\u0161\u0161\u00ed n\u00e1roky.<\/p>\n<p>Krom\u011b toho je n\u00e1\u0161 <b>Laboratorn\u00ed kvalita na prodej<\/b> Nab\u00edzen\u00fd 4C-MAR je ide\u00e1ln\u00ed pro projekty, kter\u00e9 vy\u017eaduj\u00ed nejvy\u0161\u0161\u00ed p\u0159esnost a spolehlivost. Pat\u0159\u00ed sem toxikologick\u00e9 anal\u00fdzy, farmakologick\u00e9 screeningy nebo v\u00fdvoj nov\u00fdch syntetick\u00fdch postup\u016f. Chemgramx proto nab\u00edz\u00ed nezbytn\u00e9 zdroje k dosa\u017een\u00ed va\u0161ich v\u011bdeck\u00fdch c\u00edl\u016f. Nav\u00edc je rozhoduj\u00edc\u00ed v\u00fdhodou jeho neust\u00e1l\u00e1 dostupnost.<\/p>\n<h2>V\u00fdhody pe\u010dliv\u00e9ho v\u00fdb\u011bru<\/h2>\n<p>V\u00fdb\u011br spr\u00e1vn\u00e9ho dodavatele v\u00fdzkumn\u00fdch chemik\u00e1li\u00ed je rozhodnut\u00edm s dalekos\u00e1hl\u00fdm v\u00fdznamem. Chemgramx spojuje v\u011bdeckou odbornost s p\u0159\u00edstupem orientovan\u00fdm na z\u00e1kazn\u00edka. Sna\u017e\u00edme se v\u00e1m poskytovat ty nejlep\u0161\u00ed mo\u017en\u00e9 slu\u017eby. Na\u0161e platforma je nav\u00edc speci\u00e1ln\u011b navr\u017eena tak, aby n\u00e1kup v\u00fdzkumn\u00fdch chemik\u00e1li\u00ed byl co nejefektivn\u011bj\u0161\u00ed a nejbezpe\u010dn\u011bj\u0161\u00ed.<\/p>\n<h3>Autentick\u00fd 4C-MAR pro va\u0161e studie<\/h3>\n<p>Pouze <b>autentick\u00fd 4C-MAR<\/b> poskytuje o\u010dek\u00e1van\u00e9 v\u00fdsledky v komplexn\u00edch experimentech. Pravost na\u0161ich produkt\u016f garantujeme d\u00edky \u00fapln\u00e9 sledovatelnosti a komplexn\u00edm kontrol\u00e1m kvality. Krom\u011b toho neust\u00e1le investujeme do nejmodern\u011bj\u0161\u00edch analytick\u00fdch technik, abychom zajistili integritu ka\u017ed\u00e9 l\u00e1tky. D\u00edky tomu m\u016f\u017eete prov\u00e1d\u011bt v\u00fdzkum s plnou d\u016fv\u011brou.<\/p>\n<h3>D\u016fv\u011bra d\u00edky transparentn\u00edm proces\u016fm<\/h3>\n<p>Proces n\u00e1kupu chemik\u00e1li\u00ed pro v\u00fdzkumn\u00e9 \u00fa\u010dely by m\u011bl b\u00fdt transparentn\u00ed a bezpe\u010dn\u00fd. Ve spole\u010dnosti Chemgramx klademe velk\u00fd d\u016fraz na <b>bezpe\u010dn\u00fd n\u00e1kup<\/b>. V\u0161echny transakce jsou prov\u00e1d\u011bny s maxim\u00e1ln\u00ed diskr\u00e9tnost\u00ed a v souladu s p\u0159\u00edsn\u00fdmi bezpe\u010dnostn\u00edmi standardy. Proto m\u016f\u017eete <b>Objednejte si 4C-MAR online<\/b> s v\u011bdom\u00edm, \u017ee va\u0161e \u00fadaje a va\u0161e objedn\u00e1vka jsou u n\u00e1s v bezpe\u010d\u00ed.<\/p>\n<p>Ch\u00e1peme citliv\u00e9 po\u017eadavky v\u00fdzkumn\u00e9 komunity. Proto je ka\u017ed\u00e1 objedn\u00e1vka nejen pe\u010dliv\u011b zpracov\u00e1na, ale tak\u00e9 diskr\u00e9tn\u011b p\u0159ipravena. T\u00edm je zaji\u0161t\u011bno, \u017ee v\u00e1\u0161 v\u00fdzkumn\u00fd materi\u00e1l doraz\u00ed k v\u00e1m neporu\u0161en\u00fd a v souladu s nejvy\u0161\u0161\u00edmi standardy. Dal\u0161\u00ed informace o na\u0161em produktu 4C-MAR najdete p\u0159\u00edmo na str\u00e1nce produktu: <b><a href=\"https:\/\/chemgramx.com\/product\/4c-mar-online-bestellung\/\">Online objedn\u00e1vka 4C-MAR<\/a><\/b>.<\/p>\n<h2>Chemgramx: V\u00e1\u0161 partner pro vysoce kvalitn\u00ed chemik\u00e1lie pro v\u00fdzkum<\/h2>\n<p>Jako v\u00e1\u0161 oddan\u00fd partner ve v\u00fdzkumu nab\u00edz\u00ed Chemgramx platformu p\u0159izp\u016fsobenou pot\u0159eb\u00e1m v\u011bdeck\u00e9 komunity. Na\u0161\u00edm c\u00edlem je zjednodu\u0161it p\u0159\u00edstup k prvot\u0159\u00eddn\u00edm chemik\u00e1li\u00edm pro v\u00fdzkum. N\u00e1\u0161 t\u00fdm je nav\u00edc v\u017edy p\u0159ipraven v\u00e1m pomoci sv\u00fdmi odborn\u00fdmi znalostmi a vynikaj\u00edc\u00edmi slu\u017ebami. D\u00edky tomu se m\u016f\u017eete pln\u011b soust\u0159edit na sv\u00e9 experimenty.<\/p>\n<h3>Objevte n\u00e1\u0161 \u0161irok\u00fd sortiment<\/h3>\n<p>Krom\u011b <b>4C-MAR<\/b> na\u0161e portfolio zahrnuje celou \u0159adu dal\u0161\u00edch specializovan\u00fdch v\u00fdzkumn\u00fdch chemik\u00e1li\u00ed. Na\u0161i nab\u00eddku neust\u00e1le roz\u0161i\u0159ujeme, abychom vyhov\u011bli nejnov\u011bj\u0161\u00edm po\u017eadavk\u016fm v\u011bdy. U n\u00e1s tak v\u017edy najdete l\u00e1tky pot\u0159ebn\u00e9 pro va\u0161e projekty. Objevte rozmanitost na\u0161\u00ed nab\u00eddky a <b>vysok\u00e1 \u010distota na prodej<\/b> chemik\u00e1li\u00ed, kter\u00e9 Chemgramx nab\u00edz\u00ed.<\/p>\n<table>\n<thead>\n<tr>\n<th>Vlastnosti produktu<\/th>\n<th>V\u00fdhoda pro v\u00fdzkum<\/th>\n<\/tr>\n<\/thead>\n<tbody>\n<tr>\n<td>Vysok\u00e1 \u010distota<\/td>\n<td>Zaru\u010den\u00e9, reprodukovateln\u00e9 v\u00fdsledky<\/td>\n<\/tr>\n<tr>\n<td>Certifik\u00e1ty o anal\u00fdze<\/td>\n<td>Ov\u011b\u0159en\u00e1 kvalita a slo\u017een\u00ed<\/td>\n<\/tr>\n<tr>\n<td>P\u0159\u00edsn\u00e9 kontroly<\/td>\n<td>Minimalizace zne\u010di\u0161t\u011bn\u00ed<\/td>\n<\/tr>\n<tr>\n<td>Rozmanit\u00fd sortiment<\/td>\n<td>\u0160irok\u00e1 podpora pro r\u016fzn\u00e9 projekty<\/td>\n<\/tr>\n<\/tbody>\n<\/table>\n<h3>Kupte si 4C-MAR online hned te\u010f<\/h3>\n<p>Jste p\u0159ipraveni zah\u00e1jit sv\u016fj v\u00fdzkum s <b>\u0160pi\u010dkov\u00e1 kvalita 4C-MAR<\/b> posunout vp\u0159ed? Proces je jednoduch\u00fd a bezpe\u010dn\u00fd. M\u016f\u017eete <b>koupit online<\/b> a m\u016f\u017eete se spolehnout, \u017ee obdr\u017e\u00edte produkt, kter\u00fd spl\u0148uje nejvy\u0161\u0161\u00ed n\u00e1roky. Zveme v\u00e1s, abyste sami vyzkou\u0161eli v\u00fdhody partnerstv\u00ed se spole\u010dnost\u00ed Chemgramx. N\u00e1\u0161 oddan\u00fd t\u00fdm je v\u00e1m k dispozici pro v\u0161echny dotazy.<\/p>\n<p>Vyu\u017eijte p\u0159\u00edle\u017eitost, <b>4C-MAR<\/b> pro va\u0161e studie a vyu\u017eijte na\u0161e odborn\u00e9 znalosti. N\u00e1kup je hladk\u00fd, tak\u017ee se m\u016f\u017eete rychle vr\u00e1tit ke sv\u00fdm experiment\u016fm. Chemgramx je proto ide\u00e1ln\u00ed volbou pro va\u0161e pot\u0159eby.<\/p>\n<h2>Z\u00e1v\u011br a dal\u0161\u00ed kroky<\/h2>\n<p>Souhrnn\u011b lze \u0159\u00edci, \u017ee po\u0159\u00edzen\u00ed <b>4C-MAR na prodej koupit<\/b> Chemgramx znamen\u00e1 volbu bezkompromisn\u00ed kvality, vysok\u00e9 \u010distoty a bezpe\u010dn\u00e9ho, transparentn\u00edho procesu. Na\u0161e <b>autentick\u00fd 4C-MAR<\/b> je speci\u00e1ln\u011b navr\u017een pro n\u00e1ro\u010dn\u00e9 v\u00fdzkumn\u00e9 aplikace. Je tedy ide\u00e1ln\u00edm z\u00e1kladem pro va\u0161e v\u011bdeck\u00e9 objevy. Spolehn\u011bte se na partnera, kter\u00fd sd\u00edl\u00ed va\u0161e v\u011bdeck\u00e9 c\u00edle a podporuje v\u00e1s t\u011bmi nejlep\u0161\u00edmi dostupn\u00fdmi zdroji.<\/p>\n<p>Zveme v\u00e1s, abyste objevili v\u00fdhody Chemgramx pro va\u0161e laborato\u0159e. N\u00e1\u0161 t\u00fdm je p\u0159ipraven v\u00e1m pomoci s v\u00fdb\u011brem a n\u00e1kupem chemik\u00e1li\u00ed pro v\u00fdzkum. Nev\u00e1hejte se na n\u00e1s obr\u00e1tit., <b>koupit u Chemgramx<\/b> a za\u017e\u00edt rozd\u00edl ve sv\u00e9m v\u00fdzkumu. T\u011b\u0161\u00edme se, a\u017e v\u00e1s budeme moci p\u0159iv\u00edtat jako v\u00e1\u017een\u00e9ho z\u00e1kazn\u00edka.<\/p>","protected":false},"excerpt":{"rendered":"<p>Objevte <b>4C-MAR<\/b>, syntetick\u00e1 v\u00fdzkumn\u00e1 chemik\u00e1lie nejvy\u0161\u0161\u00ed \u010distoty, ide\u00e1ln\u00ed pro n\u00e1ro\u010dn\u00e9 laboratorn\u00ed studie. Tento produkt, kter\u00fd byl speci\u00e1ln\u011b vyvinut pro analytick\u00e9 a v\u011bdeck\u00e9 \u00fa\u010dely, poskytuje spolehliv\u00fd z\u00e1klad pro va\u0161e experimenty. Zaru\u010dujeme pe\u010dliv\u00e9 zpracov\u00e1n\u00ed. Pokud <b>Koupit 4C-MAR<\/b> Chcete-li si po\u0159\u00eddit kvalitn\u00ed produkty, nab\u00edz\u00edme v\u00e1m u Chemgramx prvot\u0159\u00eddn\u00ed kvalitu a bezpe\u010dn\u00fd n\u00e1kup.<\/p>\n<ul>\n<li>Kvalita v\u00fdzkumu s garantovanou \u010distotou.<\/li>\n<li>Ide\u00e1ln\u00ed pro analytick\u00e9 a <i>In vitro<\/i>-Studie.<\/li>\n<li>Bezpe\u010dn\u00fd n\u00e1kup a diskr\u00e9tn\u00ed zpracov\u00e1n\u00ed.<\/li>\n<\/ul>","protected":false},"featured_media":8415,"comment_status":"open","ping_status":"closed","template":"","meta":{"_joinchat":[]},"product_brand":[],"product_cat":[48],"product_tag":[937,957,961,946,947,960,936,955,951,956,962,942,944,950,938,943,949,939,954,963,941,958,952,948,945,959,953,940],"class_list":{"0":"post-8385","1":"product","2":"type-product","3":"status-publish","4":"has-post-thumbnail","6":"product_cat-stimulants","7":"product_tag-4-chlormethylaminorex","8":"product_tag-4-chlormethylaminorex-effekte","9":"product_tag-4-chlormethylaminorex-fur-forschung","10":"product_tag-4-chlormethylaminorex-kaufen","11":"product_tag-4-chlormethylaminorex-lieferant","12":"product_tag-4-chlormethylaminorex-studien","13":"product_tag-4c-mar","14":"product_tag-4c-mar-analyse","15":"product_tag-4c-mar-anwendungen","16":"product_tag-4c-mar-chemie","17":"product_tag-4c-mar-eigenschaften","18":"product_tag-4c-mar-forschungschemikalie","19":"product_tag-4c-mar-groshandel","20":"product_tag-4c-mar-handhabung","21":"product_tag-4c-mar-kaufen","22":"product_tag-4c-mar-laboranwendung","23":"product_tag-4c-mar-lagerung","24":"product_tag-4c-mar-lieferant","25":"product_tag-4c-mar-markt","26":"product_tag-4c-mar-pharmakologie","27":"product_tag-4c-mar-preis","28":"product_tag-4c-mar-reinheit","29":"product_tag-4c-mar-risiken","30":"product_tag-4c-mar-sicherheit","31":"product_tag-4c-mar-verfugbarkeit","32":"product_tag-4c-mar-vertrieb","33":"product_tag-4c-mar-vorschriften","34":"product_tag-4c-mar-zum-verkauf","36":"first","37":"instock","38":"shipping-taxable","39":"purchasable","40":"product-type-variable"},"yoast_head":"<!-- This site is optimized with the Yoast SEO plugin v27.5 - https:\/\/yoast.com\/product\/yoast-seo-wordpress\/ -->\n<title>4C-MAR erwerben - Premium Qualit\u00e4t<\/title>\n<meta name=\"description\" content=\"Entdecken Sie 4C-MAR bei Chemgramx: Forschungsqualit\u00e4t zum Verkauf. Jetzt 4C-MAR kaufen f\u00fcr pr\u00e4zise Studien. Hohe Reinheit &amp; sicherer Erwerb f\u00fcr Ihr Labor.\" \/>\n<meta name=\"robots\" content=\"index, follow, max-snippet:-1, max-image-preview:large, max-video-preview:-1\" \/>\n<link rel=\"canonical\" href=\"https:\/\/chemgramx.com\/cs\/produkt-1\/4c-mar-online-objednavka\/\" \/>\n<meta property=\"og:locale\" content=\"cs_CZ\" \/>\n<meta property=\"og:type\" content=\"article\" \/>\n<meta property=\"og:title\" content=\"4C-MAR erwerben - Premium Qualit\u00e4t\" \/>\n<meta property=\"og:description\" content=\"Entdecken Sie 4C-MAR bei Chemgramx: Forschungsqualit\u00e4t zum Verkauf. Jetzt 4C-MAR kaufen f\u00fcr pr\u00e4zise Studien. Hohe Reinheit &amp; sicherer Erwerb f\u00fcr Ihr Labor.\" \/>\n<meta property=\"og:url\" content=\"https:\/\/chemgramx.com\/cs\/produkt-1\/4c-mar-online-objednavka\/\" \/>\n<meta property=\"og:site_name\" content=\"Chemgramx\" \/>\n<meta property=\"article:modified_time\" content=\"2025-12-09T10:13:50+00:00\" \/>\n<meta property=\"og:image\" content=\"https:\/\/chemgramx.com\/wp-content\/uploads\/2025\/11\/Buy-4C-MAR-online-2.webp\" \/>\n\t<meta property=\"og:image:width\" content=\"400\" \/>\n\t<meta property=\"og:image:height\" content=\"300\" \/>\n\t<meta property=\"og:image:type\" content=\"image\/webp\" \/>\n<meta name=\"twitter:card\" content=\"summary_large_image\" \/>\n<meta name=\"twitter:label1\" content=\"Odhadovan\u00e1 doba \u010dten\u00ed\" \/>\n\t<meta name=\"twitter:data1\" content=\"2 minuty\" \/>\n<script type=\"application\/ld+json\" class=\"yoast-schema-graph\">{\"@context\":\"https:\\\/\\\/schema.org\",\"@graph\":[{\"@type\":\"WebPage\",\"@id\":\"https:\\\/\\\/chemgramx.com\\\/product\\\/4c-mar-online-bestellung\\\/\",\"url\":\"https:\\\/\\\/chemgramx.com\\\/product\\\/4c-mar-online-bestellung\\\/\",\"name\":\"4C-MAR erwerben - Premium Qualit\u00e4t\",\"isPartOf\":{\"@id\":\"https:\\\/\\\/chemgramx.com\\\/#website\"},\"primaryImageOfPage\":{\"@id\":\"https:\\\/\\\/chemgramx.com\\\/product\\\/4c-mar-online-bestellung\\\/#primaryimage\"},\"image\":{\"@id\":\"https:\\\/\\\/chemgramx.com\\\/product\\\/4c-mar-online-bestellung\\\/#primaryimage\"},\"thumbnailUrl\":\"https:\\\/\\\/chemgramx.com\\\/wp-content\\\/uploads\\\/2025\\\/11\\\/Buy-4C-MAR-online-2.webp\",\"datePublished\":\"2025-11-21T18:18:26+00:00\",\"dateModified\":\"2025-12-09T10:13:50+00:00\",\"description\":\"Entdecken Sie 4C-MAR bei Chemgramx: Forschungsqualit\u00e4t zum Verkauf. Jetzt 4C-MAR kaufen f\u00fcr pr\u00e4zise Studien. Hohe Reinheit & sicherer Erwerb f\u00fcr Ihr Labor.\",\"breadcrumb\":{\"@id\":\"https:\\\/\\\/chemgramx.com\\\/product\\\/4c-mar-online-bestellung\\\/#breadcrumb\"},\"inLanguage\":\"cs\",\"potentialAction\":[{\"@type\":\"ReadAction\",\"target\":[\"https:\\\/\\\/chemgramx.com\\\/product\\\/4c-mar-online-bestellung\\\/\"]}]},{\"@type\":\"ImageObject\",\"inLanguage\":\"cs\",\"@id\":\"https:\\\/\\\/chemgramx.com\\\/product\\\/4c-mar-online-bestellung\\\/#primaryimage\",\"url\":\"https:\\\/\\\/chemgramx.com\\\/wp-content\\\/uploads\\\/2025\\\/11\\\/Buy-4C-MAR-online-2.webp\",\"contentUrl\":\"https:\\\/\\\/chemgramx.com\\\/wp-content\\\/uploads\\\/2025\\\/11\\\/Buy-4C-MAR-online-2.webp\",\"width\":400,\"height\":300},{\"@type\":\"BreadcrumbList\",\"@id\":\"https:\\\/\\\/chemgramx.com\\\/product\\\/4c-mar-online-bestellung\\\/#breadcrumb\",\"itemListElement\":[{\"@type\":\"ListItem\",\"position\":1,\"name\":\"Home\",\"item\":\"https:\\\/\\\/chemgramx.com\\\/\"},{\"@type\":\"ListItem\",\"position\":2,\"name\":\"Shop\",\"item\":\"https:\\\/\\\/chemgramx.com\\\/shop\\\/\"},{\"@type\":\"ListItem\",\"position\":3,\"name\":\"4C-MAR erwerben &#8211; Premium Qualit\u00e4t\"}]},{\"@type\":\"WebSite\",\"@id\":\"https:\\\/\\\/chemgramx.com\\\/#website\",\"url\":\"https:\\\/\\\/chemgramx.com\\\/\",\"name\":\"Chemgramx\",\"description\":\"\",\"publisher\":{\"@id\":\"https:\\\/\\\/chemgramx.com\\\/#organization\"},\"potentialAction\":[{\"@type\":\"SearchAction\",\"target\":{\"@type\":\"EntryPoint\",\"urlTemplate\":\"https:\\\/\\\/chemgramx.com\\\/?s={search_term_string}\"},\"query-input\":{\"@type\":\"PropertyValueSpecification\",\"valueRequired\":true,\"valueName\":\"search_term_string\"}}],\"inLanguage\":\"cs\"},{\"@type\":\"Organization\",\"@id\":\"https:\\\/\\\/chemgramx.com\\\/#organization\",\"name\":\"Chemgramx\",\"url\":\"https:\\\/\\\/chemgramx.com\\\/\",\"logo\":{\"@type\":\"ImageObject\",\"inLanguage\":\"cs\",\"@id\":\"https:\\\/\\\/chemgramx.com\\\/#\\\/schema\\\/logo\\\/image\\\/\",\"url\":\"https:\\\/\\\/chemgramx.com\\\/wp-content\\\/uploads\\\/2024\\\/10\\\/final-logo.png\",\"contentUrl\":\"https:\\\/\\\/chemgramx.com\\\/wp-content\\\/uploads\\\/2024\\\/10\\\/final-logo.png\",\"width\":250,\"height\":48,\"caption\":\"Chemgramx\"},\"image\":{\"@id\":\"https:\\\/\\\/chemgramx.com\\\/#\\\/schema\\\/logo\\\/image\\\/\"}}]}<\/script>\n<!-- \/ Yoast SEO plugin. -->","yoast_head_json":{"title":"Koupit 4C-MAR \u2013 pr\u00e9miov\u00e1 kvalita","description":"Objevte 4C-MAR na Chemgramx: v\u00fdzkumn\u00e1 kvalita na prodej. Kupte si 4C-MAR pro p\u0159esn\u00e9 studie. Vysok\u00e1 \u010distota a bezpe\u010dn\u00fd n\u00e1kup pro va\u0161i laborato\u0159.","robots":{"index":"index","follow":"follow","max-snippet":"max-snippet:-1","max-image-preview":"max-image-preview:large","max-video-preview":"max-video-preview:-1"},"canonical":"https:\/\/chemgramx.com\/cs\/produkt-1\/4c-mar-online-objednavka\/","og_locale":"cs_CZ","og_type":"article","og_title":"4C-MAR erwerben - Premium Qualit\u00e4t","og_description":"Entdecken Sie 4C-MAR bei Chemgramx: Forschungsqualit\u00e4t zum Verkauf. Jetzt 4C-MAR kaufen f\u00fcr pr\u00e4zise Studien. Hohe Reinheit & sicherer Erwerb f\u00fcr Ihr Labor.","og_url":"https:\/\/chemgramx.com\/cs\/produkt-1\/4c-mar-online-objednavka\/","og_site_name":"Chemgramx","article_modified_time":"2025-12-09T10:13:50+00:00","og_image":[{"width":400,"height":300,"url":"https:\/\/chemgramx.com\/wp-content\/uploads\/2025\/11\/Buy-4C-MAR-online-2.webp","type":"image\/webp"}],"twitter_card":"summary_large_image","twitter_misc":{"Odhadovan\u00e1 doba \u010dten\u00ed":"2 minuty"},"schema":{"@context":"https:\/\/schema.org","@graph":[{"@type":"WebPage","@id":"https:\/\/chemgramx.com\/product\/4c-mar-online-bestellung\/","url":"https:\/\/chemgramx.com\/product\/4c-mar-online-bestellung\/","name":"Koupit 4C-MAR \u2013 pr\u00e9miov\u00e1 kvalita","isPartOf":{"@id":"https:\/\/chemgramx.com\/#website"},"primaryImageOfPage":{"@id":"https:\/\/chemgramx.com\/product\/4c-mar-online-bestellung\/#primaryimage"},"image":{"@id":"https:\/\/chemgramx.com\/product\/4c-mar-online-bestellung\/#primaryimage"},"thumbnailUrl":"https:\/\/chemgramx.com\/wp-content\/uploads\/2025\/11\/Buy-4C-MAR-online-2.webp","datePublished":"2025-11-21T18:18:26+00:00","dateModified":"2025-12-09T10:13:50+00:00","description":"Objevte 4C-MAR na Chemgramx: v\u00fdzkumn\u00e1 kvalita na prodej. Kupte si 4C-MAR pro p\u0159esn\u00e9 studie. Vysok\u00e1 \u010distota a bezpe\u010dn\u00fd n\u00e1kup pro va\u0161i laborato\u0159.","breadcrumb":{"@id":"https:\/\/chemgramx.com\/product\/4c-mar-online-bestellung\/#breadcrumb"},"inLanguage":"cs","potentialAction":[{"@type":"ReadAction","target":["https:\/\/chemgramx.com\/product\/4c-mar-online-bestellung\/"]}]},{"@type":"ImageObject","inLanguage":"cs","@id":"https:\/\/chemgramx.com\/product\/4c-mar-online-bestellung\/#primaryimage","url":"https:\/\/chemgramx.com\/wp-content\/uploads\/2025\/11\/Buy-4C-MAR-online-2.webp","contentUrl":"https:\/\/chemgramx.com\/wp-content\/uploads\/2025\/11\/Buy-4C-MAR-online-2.webp","width":400,"height":300},{"@type":"BreadcrumbList","@id":"https:\/\/chemgramx.com\/product\/4c-mar-online-bestellung\/#breadcrumb","itemListElement":[{"@type":"ListItem","position":1,"name":"Home","item":"https:\/\/chemgramx.com\/"},{"@type":"ListItem","position":2,"name":"Shop","item":"https:\/\/chemgramx.com\/shop\/"},{"@type":"ListItem","position":3,"name":"4C-MAR erwerben &#8211; Premium Qualit\u00e4t"}]},{"@type":"WebSite","@id":"https:\/\/chemgramx.com\/#website","url":"https:\/\/chemgramx.com\/","name":"Chemgramx","description":"","publisher":{"@id":"https:\/\/chemgramx.com\/#organization"},"potentialAction":[{"@type":"SearchAction","target":{"@type":"EntryPoint","urlTemplate":"https:\/\/chemgramx.com\/?s={search_term_string}"},"query-input":{"@type":"PropertyValueSpecification","valueRequired":true,"valueName":"search_term_string"}}],"inLanguage":"cs"},{"@type":"Organization","@id":"https:\/\/chemgramx.com\/#organization","name":"Chemgramx","url":"https:\/\/chemgramx.com\/","logo":{"@type":"ImageObject","inLanguage":"cs","@id":"https:\/\/chemgramx.com\/#\/schema\/logo\/image\/","url":"https:\/\/chemgramx.com\/wp-content\/uploads\/2024\/10\/final-logo.png","contentUrl":"https:\/\/chemgramx.com\/wp-content\/uploads\/2024\/10\/final-logo.png","width":250,"height":48,"caption":"Chemgramx"},"image":{"@id":"https:\/\/chemgramx.com\/#\/schema\/logo\/image\/"}}]}},"_links":{"self":[{"href":"https:\/\/chemgramx.com\/cs\/wp-json\/wp\/v2\/product\/8385","targetHints":{"allow":["GET"]}}],"collection":[{"href":"https:\/\/chemgramx.com\/cs\/wp-json\/wp\/v2\/product"}],"about":[{"href":"https:\/\/chemgramx.com\/cs\/wp-json\/wp\/v2\/types\/product"}],"replies":[{"embeddable":true,"href":"https:\/\/chemgramx.com\/cs\/wp-json\/wp\/v2\/comments?post=8385"}],"wp:featuredmedia":[{"embeddable":true,"href":"https:\/\/chemgramx.com\/cs\/wp-json\/wp\/v2\/media\/8415"}],"wp:attachment":[{"href":"https:\/\/chemgramx.com\/cs\/wp-json\/wp\/v2\/media?parent=8385"}],"wp:term":[{"taxonomy":"product_brand","embeddable":true,"href":"https:\/\/chemgramx.com\/cs\/wp-json\/wp\/v2\/product_brand?post=8385"},{"taxonomy":"product_cat","embeddable":true,"href":"https:\/\/chemgramx.com\/cs\/wp-json\/wp\/v2\/product_cat?post=8385"},{"taxonomy":"product_tag","embeddable":true,"href":"https:\/\/chemgramx.com\/cs\/wp-json\/wp\/v2\/product_tag?post=8385"}],"curies":[{"name":"wp","href":"https:\/\/api.w.org\/{rel}","templated":true}]}}