{"id":8386,"date":"2025-11-21T18:18:27","date_gmt":"2025-11-21T18:18:27","guid":{"rendered":"https:\/\/chemgramx.com\/?post_type=product&#038;p=8386"},"modified":"2025-12-09T10:12:08","modified_gmt":"2025-12-09T10:12:08","slug":"3-cpm-3-chlorophenmetrazine-koupit-online","status":"publish","type":"product","link":"https:\/\/chemgramx.com\/cs\/product\/3-cpm-3-chlorophenmetrazine-online-kaufen\/","title":{"rendered":"Koupit 3-CPM online \u2013 vysok\u00e1 \u010distota | Chemgramx"},"content":{"rendered":"<p>V\u00edtejte na str\u00e1nk\u00e1ch spole\u010dnosti Chemgramx, va\u0161eho p\u0159edn\u00edho zdroje vysoce kvalitn\u00edch chemik\u00e1li\u00ed pro v\u00fdzkum. Nab\u00edz\u00edme v\u00e1m <b>3-CPM (3-chlorfenmetrazin) na prodej<\/b>, chemick\u00e1 slou\u010denina, kter\u00e1 m\u00e1 velk\u00fd v\u00fdznam pro modern\u00ed v\u011bdeck\u00fd v\u00fdzkum. Tento produkt se vyzna\u010duje <b>vysok\u00e1 \u010distota na prodej<\/b> a <b>V\u00fdzkum vhodnosti pro prodej<\/b> venku. Je ide\u00e1ln\u00ed pro p\u0159esn\u00e9 laboratorn\u00ed studie. Objevte analytick\u00fd potenci\u00e1l t\u00e9to jedine\u010dn\u00e9 l\u00e1tky, pe\u010dliv\u011b zpracovan\u00e9 a testovan\u00e9 podle p\u0159\u00edsn\u00fdch norem kvality.<\/p>\n<h2>\u00davod do 3-CPM (3-chlorofenmetrazin\u016f)<\/h2>\n<p><b>3-CPM (3-chlorfenmetrazin)<\/b> je syntetick\u00e1 l\u00e1tka ze skupiny fenmetrazin\u016f. V posledn\u00edch letech se t\u011b\u0161\u00ed zna\u010dn\u00e9mu z\u00e1jmu v\u00fdzkumu d\u00edky sv\u00e9 specifick\u00e9 struktu\u0159e a potenci\u00e1ln\u00edm aplikac\u00edm. Tato slou\u010denina nab\u00edz\u00ed v\u011bdc\u016fm nov\u00e9 mo\u017enosti zkoum\u00e1n\u00ed chemick\u00fdch mechanism\u016f. <b>D\u00e1le<\/b> \u010distota a pravost l\u00e1tek je ve v\u011bdeck\u00e9m kontextu kl\u00ed\u010dov\u00e1.<\/p>\n<p>Na\u0161e v\u00fdrobky podl\u00e9haj\u00ed p\u0159\u00edsn\u00fdm kontrol\u00e1m kvality, co\u017e znamen\u00e1, \u017ee jsme v\u017edy. <b>vysoce kvalitn\u00ed 3-CPM (3-chlorfenmetrazin)<\/b> pro va\u0161e projekty. <b>V d\u016fsledku toho<\/b> v\u00fdzkumn\u00edci se mohou spolehnout na konzistenci a spolehlivost. <b>Krom\u011b toho<\/b> nab\u00edz\u00edme transparentn\u00ed dokumentaci ka\u017ed\u00e9 \u0161ar\u017ee. Se spole\u010dnost\u00ed Chemgramx m\u016f\u017eete <b>autentick\u00fd 3-CPM (3-chlorfenmetrazin)<\/b> kter\u00e9 spl\u0148uj\u00ed nejvy\u0161\u0161\u00ed standardy.<\/p>\n<h2>V\u011bdeck\u00e1 podstata 3-CPM: struktura a vlastnosti<\/h2>\n<p>Chemick\u00e1 struktura <b>3-CPM (3-chlorfenmetrazin)<\/b> je charakterizov\u00e1n fenylov\u00fdm kruhov\u00fdm syst\u00e9mem v\u00e1zan\u00fdm na morfolinov\u00fd kruh s chlorovou substituc\u00ed v poloze 3. Tato konfigurace je zvl\u00e1\u0161t\u011b zaj\u00edmav\u00e1 pro studie v organick\u00e9 chemii a farmakologii. <b>Proto<\/b> umo\u017e\u0148uje zkoumat vztahy mezi strukturou a aktivitou v biologick\u00fdch syst\u00e9mech.<\/p>\n<p><b>Krom\u011b toho<\/b> 3-CPM m\u00e1 jedine\u010dn\u00e9 fyzik\u00e1ln\u011b-chemick\u00e9 vlastnosti, obvykle je k dispozici jako jemn\u00fd krystalick\u00fd pr\u00e1\u0161ek. Jeho molekul\u00e1rn\u00ed slo\u017een\u00ed a stereochemie hraj\u00ed z\u00e1sadn\u00ed roli p\u0159i interakc\u00edch. <b>Zejm\u00e9na<\/b> p\u0159esn\u00e1 znalost t\u011bchto vlastnost\u00ed je nezbytn\u00e1 pro experiment\u00e1ln\u00ed nastaven\u00ed. Pokud <b>nejlep\u0161\u00ed dostupn\u00fd 3-CPM (3-chlorfenmetrazin)<\/b> Chemgramx je spr\u00e1vn\u00e1 volba, proto\u017ee nab\u00edz\u00edme pouze produkty od <b>Laboratorn\u00ed kvalita na prodej<\/b> nab\u00eddka.<\/p>\n<ul>\n<li><b>Chemick\u00fd vzorec:<\/b> C11H14ClNO<\/li>\n<li><b>Mol\u00e1rn\u00ed hmotnost:<\/b> 211,69 g\/mol<\/li>\n<li><b>Souhrnn\u00fd stav:<\/b> Pevn\u00e1 l\u00e1tka (krystalick\u00fd pr\u00e1\u0161ek)<\/li>\n<li><b>Rozpustnost:<\/b> Li\u0161\u00ed se v z\u00e1vislosti na rozpou\u0161t\u011bdle.<\/li>\n<\/ul>\n<h2>Aplikace a v\u00fdzkumn\u00fd potenci\u00e1l 3-CPM<\/h2>\n<p>V\u00fdzkumn\u00fd potenci\u00e1l <b>3-CPM (3-chlorfenmetrazin)<\/b> je \u0161iroce diverzifikovan\u00e1. \u010casto se pou\u017e\u00edv\u00e1 v preklinick\u00e9m v\u00fdzkumu ke zkoum\u00e1n\u00ed \u00fa\u010dink\u016f substituovan\u00fdch fenetylamin\u016f na neuron\u00e1ln\u00ed dr\u00e1hy. <b>Krom\u011b toho<\/b> je cenn\u00fdm n\u00e1strojem pro studium neurotransmiter\u016f, zejm\u00e9na zp\u011btn\u00e9ho vychyt\u00e1v\u00e1n\u00ed dopaminu a noradrenalinu. Tento v\u00fdzkum p\u0159isp\u00edv\u00e1 k pochopen\u00ed slo\u017eit\u00fdch biologick\u00fdch proces\u016f.<\/p>\n<p><b>D\u00e1le<\/b> 3-CPM se pou\u017e\u00edv\u00e1 v analytick\u00e9 chemii pro v\u00fdvoj nov\u00fdch detek\u010dn\u00edch metod. <b>Podobn\u011b<\/b> slou\u017e\u00ed jako referen\u010dn\u00ed standard v toxikologick\u00fdch a forenzn\u00edch laborato\u0159\u00edch. P\u0159esnost a spolehlivost, kter\u00e9 <a href=\"https:\/\/chemgramx.com\/product\/3-cpm-3-chlorophenmetrazine-online-kaufen\/\">Objednat 3-CPM (3-Chlorophenmetrazine) online<\/a> od spole\u010dnosti Chemgramx jsou pro tyto kritick\u00e9 aplikace nezbytn\u00e9. Univerz\u00e1lnost 3-CPM z n\u011bj \u010din\u00ed nepostradateln\u00e9 \u010dinidlo.<\/p>\n<h3>D\u016fle\u017eit\u00e9 oblasti v\u00fdzkumu:<\/h3>\n<ul>\n<li>Neurov\u011bdeck\u00e9 studie dopaminov\u00e9ho a noradrenalinov\u00e9ho syst\u00e9mu.<\/li>\n<li>Farmakologick\u00e9 studie vztah\u016f mezi strukturou a \u00fa\u010dinnost\u00ed.<\/li>\n<li>V\u00fdvoj analytick\u00fdch metod v kriminalistice.<\/li>\n<li>Srovn\u00e1vac\u00ed studie s <a href=\"https:\/\/chemgramx.com\/product\/mescalin-pulver-online-kaufen\/\">Koupit meskalinov\u00fd pr\u00e1\u0161ek online<\/a> a dal\u0161\u00ed deriv\u00e1ty fenetylaminu.<\/li>\n<\/ul>\n<h2>Kvalita a \u010distota: n\u00e1\u0161 slib<\/h2>\n<p>Ve spole\u010dnosti Chemgramx klademe velk\u00fd d\u016fraz na kvalitu a \u010distotu na\u0161ich v\u00fdrobk\u016f. Ka\u017ed\u00e1 \u0161ar\u017ee <b>3-CPM (3-chlorfenmetrazin)<\/b> je podroben komplexn\u00edm anal\u00fdz\u00e1m, v\u010detn\u011b GC-MS a HPLC. <b>T\u00edm je zaji\u0161t\u011bno, \u017ee<\/b> s \u010distotou vy\u0161\u0161\u00ed ne\u017e 98%. Takto p\u0159\u00edsn\u00e9 testy zaji\u0161\u0165uj\u00ed integritu v\u00fdsledk\u016f va\u0161eho v\u00fdzkumu.<\/p>\n<p><b>D\u00e1le<\/b> obdr\u017e\u00edte podrobn\u00fd analytick\u00fd certifik\u00e1t (CoA) potvrzuj\u00edc\u00ed \u010distotu a identitu l\u00e1tky. Tento transparentn\u00ed p\u0159\u00edstup zd\u016fraz\u0148uje n\u00e1\u0161 z\u00e1vazek k v\u011bdeck\u00e9 dokonalosti. Pokud <b>Koupit 3-CPM (3-Chlorophenmetrazine) online<\/b> se m\u016f\u017eete spolehnout na bezkonkuren\u010dn\u00ed kvalitu spole\u010dnosti Chemgramx. Na\u0161\u00edm c\u00edlem je poskytnout v\u00e1m ty nejlep\u0161\u00ed n\u00e1stroje pro va\u0161e objevy.<\/p>\n<p><b>Proto<\/b> je logick\u00e9 pou\u017e\u00edt va\u0161e v\u00fdzkumn\u00e9 chemik\u00e1lie. <b>k zakoupen\u00ed u spole\u010dnosti Chemgramx<\/b>. Garantujeme nejen <b>V\u00fdzkum vhodnosti pro prodej<\/b>, ale tak\u00e9 pe\u010dliv\u011b p\u0159ipraven\u00fd a bezpe\u010dn\u011b \u0159\u00edzen\u00fd proces. D\u00edky tomuto z\u00e1vazku k dokonalosti jsme preferovan\u00fdm dodavatelem pro v\u00fdzkumn\u00e9 organizace.<\/p>\n<h2>Bezpe\u010dnostn\u00ed pokyny a odpov\u011bdn\u00e9 zach\u00e1zen\u00ed<\/h2>\n<p>Manipulace s v\u00fdzkumn\u00fdmi chemik\u00e1liemi, jako jsou <b>3-CPM (3-chlorfenmetrazin)<\/b> vy\u017eaduje mimo\u0159\u00e1dnou opatrnost a dodr\u017eov\u00e1n\u00ed p\u0159\u00edsn\u00fdch bezpe\u010dnostn\u00edch protokol\u016f. Tento produkt je ur\u010den pouze pro v\u00fdzkumn\u00e9 a laboratorn\u00ed pou\u017eit\u00ed a nesm\u00ed se pou\u017e\u00edvat k lidsk\u00e9 spot\u0159eb\u011b. <b>V d\u016fsledku toho<\/b> je nezbytn\u00e9 pou\u017e\u00edvat vhodn\u00e9 osobn\u00ed ochrann\u00e9 prost\u0159edky (OOP), v\u010detn\u011b ochrann\u00fdch br\u00fdl\u00ed, rukavic a laboratorn\u00edch pl\u00e1\u0161\u0165\u016f.<\/p>\n<p><b>Krom\u011b toho<\/b> v\u0161echny pr\u00e1ce by m\u011bly b\u00fdt prov\u00e1d\u011bny v dob\u0159e v\u011btran\u00e9m prostoru nebo pod digesto\u0159\u00ed, aby se minimalizovalo vystaven\u00ed v\u00fdpar\u016fm nebo prachu. Podrobn\u00e9 informace o skladov\u00e1n\u00ed, manipulaci a likvidaci v\u017edy naleznete v bezpe\u010dnostn\u00edm listu (SDS). A <b>bezpe\u010dn\u00fd n\u00e1kup<\/b> ve spole\u010dnosti Chemgramx zahrnuje tak\u00e9 poskytov\u00e1n\u00ed v\u0161ech relevantn\u00edch bezpe\u010dnostn\u00edch informac\u00ed.<\/p>\n<h2>Chemgramx: V\u00e1\u0161 partner pro v\u00fdzkum chemick\u00fdch l\u00e1tek<\/h2>\n<p>Spole\u010dnost Chemgramx se etablovala jako d\u016fv\u011bryhodn\u00fd dodavatel v\u00fdzkumn\u00fdch chemik\u00e1li\u00ed, kter\u00fd se vyzna\u010duje kvalitou, spolehlivost\u00ed a vynikaj\u00edc\u00edm z\u00e1kaznick\u00fdm servisem. Rozum\u00edme pot\u0159eb\u00e1m v\u011bdeck\u00e9 komunity. <b>Proto<\/b> nab\u00edz\u00edme \u0161irokou \u0161k\u00e1lu produkt\u016f, kter\u00e9 spl\u0148uj\u00ed vysok\u00e9 n\u00e1roky modern\u00edho v\u00fdzkumu. Na\u0161e odborn\u00e9 znalosti a z\u00e1vazek v\u011bdeck\u00e9 integrity z n\u00e1s \u010din\u00ed ide\u00e1ln\u00edho partnera.<\/p>\n<p><b>D\u00e1le<\/b> klademe velk\u00fd d\u016fraz na diskr\u00e9tn\u00ed a pe\u010dliv\u00e9 zpracov\u00e1n\u00ed v\u0161ech objedn\u00e1vek. Ka\u017ed\u00fd krok, od testov\u00e1n\u00ed v\u00fdrobku a\u017e po jeho dod\u00e1n\u00ed, je prov\u00e1d\u011bn s maxim\u00e1ln\u00ed p\u00e9\u010d\u00ed, aby byla zachov\u00e1na kvalita a integrita na\u0161ich l\u00e1tek. Pokud si <b>objednat online<\/b> by se r\u00e1d pod\u011blil o sv\u016fj v\u00fdzkum s <b>\u0160pi\u010dkov\u00e1 kvalita 3-CPM (3-chlorfenmetrazin)<\/b> m\u016f\u017eete to ud\u011blat s jistotou. <b>najdete na Chemgramx<\/b>. V\u017edy se sna\u017e\u00edme p\u0159ekonat va\u0161e o\u010dek\u00e1v\u00e1n\u00ed.<\/p>\n<h3>Pro\u010d si vybrat Chemgramx?<\/h3>\n<ul>\n<li>Nejp\u0159\u00edsn\u011bj\u0161\u00ed kontroly kvality a anal\u00fdzy.<\/li>\n<li>Transparentn\u00ed dokumentace produktu (CoA).<\/li>\n<li>\u0160irok\u00e1 \u0161k\u00e1la v\u00fdzkumn\u00fdch chemik\u00e1li\u00ed.<\/li>\n<li>Komplexn\u00ed podpora v\u011bdeck\u00fdch projekt\u016f.<\/li>\n<\/ul>\n<h2>Z\u00e1v\u011br a dostupnost<\/h2>\n<p>Souhrnn\u011b lze \u0159\u00edci, \u017ee <b>3-CPM (3-chlorfenmetrazin)<\/b> je d\u016fle\u017eit\u00e1 a v\u0161estrann\u00e1 chemick\u00e1 l\u00e1tka pro v\u00fdzkum. Jej\u00ed jedine\u010dn\u00e9 vlastnosti z n\u00ed \u010din\u00ed cenn\u00fd n\u00e1stroj pro podrobn\u00e9 studie. <b>V d\u016fsledku toho<\/b> je nanejv\u00fd\u0161 d\u016fle\u017eit\u00e9 vybrat si zdroj, kter\u00fd m\u016f\u017ee zaru\u010dit nejvy\u0161\u0161\u00ed \u010distotu a spolehlivost.<\/p>\n<p>Ve spole\u010dnosti Chemgramx jsme hrd\u00ed na to, \u017ee v\u00e1m m\u016f\u017eeme nab\u00eddnout toto vysoce kvalitn\u00ed \u010dinidlo ve form\u011b <b>V\u00fdzkum vhodnosti pro prodej<\/b> nab\u00eddnout. Db\u00e1me na to, aby ka\u017ed\u00e1 objedn\u00e1vka byla pe\u010dliv\u011b zpracov\u00e1na a bylo s n\u00ed nakl\u00e1d\u00e1no s maxim\u00e1ln\u00ed diskr\u00e9tnost\u00ed, aby byla zaji\u0161t\u011bna bezpe\u010dnost a integrita. Pro v\u011bdce, kte\u0159\u00ed <a href=\"https:\/\/chemgramx.com\/product\/3-cpm-3-chlorophenmetrazine-online-kaufen\/\">3-CPM (3-chlorfenmetrazin) na prodej<\/a> Spole\u010dnost Chemgramx nab\u00edz\u00ed prvot\u0159\u00eddn\u00ed \u0159e\u0161en\u00ed. <b>Proto<\/b> Nev\u00e1hejte a ov\u011b\u0159te si sv\u00e9 po\u017eadavky je\u0161t\u011b dnes a dos\u00e1hn\u011bte s n\u00e1mi sv\u00fdch v\u00fdzkumn\u00fdch c\u00edl\u016f.<\/p>\n<p>M\u016f\u017eete <b>Koupit 3-CPM (3-Chlorophenmetrazine) online na Chemgramx<\/b>. Jsme va\u0161\u00edm d\u016fv\u011bryhodn\u00fdm partnerem pro v\u0161echny va\u0161e v\u00fdzkumn\u00e9 pot\u0159eby a zaji\u0161\u0165ujeme, aby va\u0161e v\u011bdeck\u00e9 projekty byly postaveny na pevn\u00fdch z\u00e1kladech.<\/p>","protected":false},"excerpt":{"rendered":"<p>Objevte <b>3-CPM (3-chlorfenmetrazin)<\/b> ve spole\u010dnosti Chemgramx, syntetickou v\u00fdzkumnou chemickou l\u00e1tku t\u0159\u00eddy fenmetrazin. Tento vysoce \u010dist\u00fd laboratorn\u00ed produkt je ide\u00e1ln\u00ed pro v\u011bdeck\u00e9 studie. Podporuje neurotransmiterov\u00fd a farmakologick\u00fd v\u00fdzkum. <b>Koupit 3-CPM<\/b> Bezpe\u010dn\u011b a s jistotou <b>u Chemgramx<\/b>.<\/p>","protected":false},"featured_media":8416,"comment_status":"open","ping_status":"closed","template":"","meta":{"_joinchat":[]},"product_brand":[],"product_cat":[48],"product_tag":[994,1014,1018,1003,1004,1017,993,1012,1008,1013,1019,999,1001,1007,995,1000,1006,996,1011,1020,998,1015,1009,1005,1002,1016,1010,997],"class_list":{"0":"post-8386","1":"product","2":"type-product","3":"status-publish","4":"has-post-thumbnail","6":"product_cat-stimulants","7":"product_tag-3-chlorophenmetrazin","8":"product_tag-3-chlorophenmetrazin-effekte","9":"product_tag-3-chlorophenmetrazin-fur-forschung","10":"product_tag-3-chlorophenmetrazin-kaufen","11":"product_tag-3-chlorophenmetrazin-lieferant","12":"product_tag-3-chlorophenmetrazin-studien","13":"product_tag-3-cpm","14":"product_tag-3-cpm-analyse","15":"product_tag-3-cpm-anwendungen","16":"product_tag-3-cpm-chemie","17":"product_tag-3-cpm-eigenschaften","18":"product_tag-3-cpm-forschungschemikalie","19":"product_tag-3-cpm-groshandel","20":"product_tag-3-cpm-handhabung","21":"product_tag-3-cpm-kaufen","22":"product_tag-3-cpm-laboranwendung","23":"product_tag-3-cpm-lagerung","24":"product_tag-3-cpm-lieferant","25":"product_tag-3-cpm-markt","26":"product_tag-3-cpm-pharmakologie","27":"product_tag-3-cpm-preis","28":"product_tag-3-cpm-reinheit","29":"product_tag-3-cpm-risiken","30":"product_tag-3-cpm-sicherheit","31":"product_tag-3-cpm-verfugbarkeit","32":"product_tag-3-cpm-vertrieb","33":"product_tag-3-cpm-vorschriften","34":"product_tag-3-cpm-zum-verkauf","36":"first","37":"instock","38":"shipping-taxable","39":"purchasable","40":"product-type-variable"},"yoast_head":"<!-- This site is optimized with the Yoast SEO plugin v27.5 - https:\/\/yoast.com\/product\/yoast-seo-wordpress\/ -->\n<title>3-CPM online kaufen - Hochrein | Chemgramx<\/title>\n<meta name=\"description\" content=\"3-CPM Kaufen: Hochreines 3-Chlorophenmetrazine in Laborqualit\u00e4t f\u00fcr Ihre Forschung. Erzielen Sie pr\u00e4zise Ergebnisse mit zertifizierten Produkten von Chemgramx. Jetzt online bestellen.\" \/>\n<meta name=\"robots\" content=\"index, follow, max-snippet:-1, max-image-preview:large, max-video-preview:-1\" \/>\n<link rel=\"canonical\" href=\"https:\/\/chemgramx.com\/cs\/produkt-1\/3-cpm-3-chlorophenmetrazine-koupit-online\/\" \/>\n<meta property=\"og:locale\" content=\"cs_CZ\" \/>\n<meta property=\"og:type\" content=\"article\" \/>\n<meta property=\"og:title\" content=\"3-CPM online kaufen - Hochrein | Chemgramx\" \/>\n<meta property=\"og:description\" content=\"3-CPM Kaufen: Hochreines 3-Chlorophenmetrazine in Laborqualit\u00e4t f\u00fcr Ihre Forschung. Erzielen Sie pr\u00e4zise Ergebnisse mit zertifizierten Produkten von Chemgramx. Jetzt online bestellen.\" \/>\n<meta property=\"og:url\" content=\"https:\/\/chemgramx.com\/cs\/produkt-1\/3-cpm-3-chlorophenmetrazine-koupit-online\/\" \/>\n<meta property=\"og:site_name\" content=\"Chemgramx\" \/>\n<meta property=\"article:modified_time\" content=\"2025-12-09T10:12:08+00:00\" \/>\n<meta property=\"og:image\" content=\"https:\/\/chemgramx.com\/wp-content\/uploads\/2025\/11\/Buy-3-CPM-online.webp\" \/>\n\t<meta property=\"og:image:width\" content=\"700\" \/>\n\t<meta property=\"og:image:height\" content=\"500\" \/>\n\t<meta property=\"og:image:type\" content=\"image\/webp\" \/>\n<meta name=\"twitter:card\" content=\"summary_large_image\" \/>\n<meta name=\"twitter:label1\" content=\"Odhadovan\u00e1 doba \u010dten\u00ed\" \/>\n\t<meta name=\"twitter:data1\" content=\"4 minuty\" \/>\n<script type=\"application\/ld+json\" class=\"yoast-schema-graph\">{\"@context\":\"https:\\\/\\\/schema.org\",\"@graph\":[{\"@type\":\"WebPage\",\"@id\":\"https:\\\/\\\/chemgramx.com\\\/product\\\/3-cpm-3-chlorophenmetrazine-online-kaufen\\\/\",\"url\":\"https:\\\/\\\/chemgramx.com\\\/product\\\/3-cpm-3-chlorophenmetrazine-online-kaufen\\\/\",\"name\":\"3-CPM online kaufen - Hochrein | Chemgramx\",\"isPartOf\":{\"@id\":\"https:\\\/\\\/chemgramx.com\\\/#website\"},\"primaryImageOfPage\":{\"@id\":\"https:\\\/\\\/chemgramx.com\\\/product\\\/3-cpm-3-chlorophenmetrazine-online-kaufen\\\/#primaryimage\"},\"image\":{\"@id\":\"https:\\\/\\\/chemgramx.com\\\/product\\\/3-cpm-3-chlorophenmetrazine-online-kaufen\\\/#primaryimage\"},\"thumbnailUrl\":\"https:\\\/\\\/chemgramx.com\\\/wp-content\\\/uploads\\\/2025\\\/11\\\/Buy-3-CPM-online.webp\",\"datePublished\":\"2025-11-21T18:18:27+00:00\",\"dateModified\":\"2025-12-09T10:12:08+00:00\",\"description\":\"3-CPM Kaufen: Hochreines 3-Chlorophenmetrazine in Laborqualit\u00e4t f\u00fcr Ihre Forschung. Erzielen Sie pr\u00e4zise Ergebnisse mit zertifizierten Produkten von Chemgramx. Jetzt online bestellen.\",\"breadcrumb\":{\"@id\":\"https:\\\/\\\/chemgramx.com\\\/product\\\/3-cpm-3-chlorophenmetrazine-online-kaufen\\\/#breadcrumb\"},\"inLanguage\":\"cs\",\"potentialAction\":[{\"@type\":\"ReadAction\",\"target\":[\"https:\\\/\\\/chemgramx.com\\\/product\\\/3-cpm-3-chlorophenmetrazine-online-kaufen\\\/\"]}]},{\"@type\":\"ImageObject\",\"inLanguage\":\"cs\",\"@id\":\"https:\\\/\\\/chemgramx.com\\\/product\\\/3-cpm-3-chlorophenmetrazine-online-kaufen\\\/#primaryimage\",\"url\":\"https:\\\/\\\/chemgramx.com\\\/wp-content\\\/uploads\\\/2025\\\/11\\\/Buy-3-CPM-online.webp\",\"contentUrl\":\"https:\\\/\\\/chemgramx.com\\\/wp-content\\\/uploads\\\/2025\\\/11\\\/Buy-3-CPM-online.webp\",\"width\":700,\"height\":500},{\"@type\":\"BreadcrumbList\",\"@id\":\"https:\\\/\\\/chemgramx.com\\\/product\\\/3-cpm-3-chlorophenmetrazine-online-kaufen\\\/#breadcrumb\",\"itemListElement\":[{\"@type\":\"ListItem\",\"position\":1,\"name\":\"Home\",\"item\":\"https:\\\/\\\/chemgramx.com\\\/\"},{\"@type\":\"ListItem\",\"position\":2,\"name\":\"Shop\",\"item\":\"https:\\\/\\\/chemgramx.com\\\/shop\\\/\"},{\"@type\":\"ListItem\",\"position\":3,\"name\":\"3-CPM online kaufen &#8211; Hochrein | Chemgramx\"}]},{\"@type\":\"WebSite\",\"@id\":\"https:\\\/\\\/chemgramx.com\\\/#website\",\"url\":\"https:\\\/\\\/chemgramx.com\\\/\",\"name\":\"Chemgramx\",\"description\":\"\",\"publisher\":{\"@id\":\"https:\\\/\\\/chemgramx.com\\\/#organization\"},\"potentialAction\":[{\"@type\":\"SearchAction\",\"target\":{\"@type\":\"EntryPoint\",\"urlTemplate\":\"https:\\\/\\\/chemgramx.com\\\/?s={search_term_string}\"},\"query-input\":{\"@type\":\"PropertyValueSpecification\",\"valueRequired\":true,\"valueName\":\"search_term_string\"}}],\"inLanguage\":\"cs\"},{\"@type\":\"Organization\",\"@id\":\"https:\\\/\\\/chemgramx.com\\\/#organization\",\"name\":\"Chemgramx\",\"url\":\"https:\\\/\\\/chemgramx.com\\\/\",\"logo\":{\"@type\":\"ImageObject\",\"inLanguage\":\"cs\",\"@id\":\"https:\\\/\\\/chemgramx.com\\\/#\\\/schema\\\/logo\\\/image\\\/\",\"url\":\"https:\\\/\\\/chemgramx.com\\\/wp-content\\\/uploads\\\/2024\\\/10\\\/final-logo.png\",\"contentUrl\":\"https:\\\/\\\/chemgramx.com\\\/wp-content\\\/uploads\\\/2024\\\/10\\\/final-logo.png\",\"width\":250,\"height\":48,\"caption\":\"Chemgramx\"},\"image\":{\"@id\":\"https:\\\/\\\/chemgramx.com\\\/#\\\/schema\\\/logo\\\/image\\\/\"}}]}<\/script>\n<!-- \/ Yoast SEO plugin. -->","yoast_head_json":{"title":"Koupit 3-CPM online \u2013 vysok\u00e1 \u010distota | Chemgramx","description":"Koupit 3-CPM: Pro v\u00e1\u0161 v\u00fdzkum: vysoce \u010dist\u00e9 3-chlorofenmetraziny v laboratorn\u00ed kvalit\u011b. Dos\u00e1hn\u011bte p\u0159esn\u00fdch v\u00fdsledk\u016f s certifikovan\u00fdmi produkty od spole\u010dnosti Chemgramx. Objedn\u00e1vejte online.","robots":{"index":"index","follow":"follow","max-snippet":"max-snippet:-1","max-image-preview":"max-image-preview:large","max-video-preview":"max-video-preview:-1"},"canonical":"https:\/\/chemgramx.com\/cs\/produkt-1\/3-cpm-3-chlorophenmetrazine-koupit-online\/","og_locale":"cs_CZ","og_type":"article","og_title":"3-CPM online kaufen - Hochrein | Chemgramx","og_description":"3-CPM Kaufen: Hochreines 3-Chlorophenmetrazine in Laborqualit\u00e4t f\u00fcr Ihre Forschung. Erzielen Sie pr\u00e4zise Ergebnisse mit zertifizierten Produkten von Chemgramx. Jetzt online bestellen.","og_url":"https:\/\/chemgramx.com\/cs\/produkt-1\/3-cpm-3-chlorophenmetrazine-koupit-online\/","og_site_name":"Chemgramx","article_modified_time":"2025-12-09T10:12:08+00:00","og_image":[{"width":700,"height":500,"url":"https:\/\/chemgramx.com\/wp-content\/uploads\/2025\/11\/Buy-3-CPM-online.webp","type":"image\/webp"}],"twitter_card":"summary_large_image","twitter_misc":{"Odhadovan\u00e1 doba \u010dten\u00ed":"4 minuty"},"schema":{"@context":"https:\/\/schema.org","@graph":[{"@type":"WebPage","@id":"https:\/\/chemgramx.com\/product\/3-cpm-3-chlorophenmetrazine-online-kaufen\/","url":"https:\/\/chemgramx.com\/product\/3-cpm-3-chlorophenmetrazine-online-kaufen\/","name":"Koupit 3-CPM online \u2013 vysok\u00e1 \u010distota | Chemgramx","isPartOf":{"@id":"https:\/\/chemgramx.com\/#website"},"primaryImageOfPage":{"@id":"https:\/\/chemgramx.com\/product\/3-cpm-3-chlorophenmetrazine-online-kaufen\/#primaryimage"},"image":{"@id":"https:\/\/chemgramx.com\/product\/3-cpm-3-chlorophenmetrazine-online-kaufen\/#primaryimage"},"thumbnailUrl":"https:\/\/chemgramx.com\/wp-content\/uploads\/2025\/11\/Buy-3-CPM-online.webp","datePublished":"2025-11-21T18:18:27+00:00","dateModified":"2025-12-09T10:12:08+00:00","description":"Koupit 3-CPM: Pro v\u00e1\u0161 v\u00fdzkum: vysoce \u010dist\u00e9 3-chlorofenmetraziny v laboratorn\u00ed kvalit\u011b. Dos\u00e1hn\u011bte p\u0159esn\u00fdch v\u00fdsledk\u016f s certifikovan\u00fdmi produkty od spole\u010dnosti Chemgramx. Objedn\u00e1vejte online.","breadcrumb":{"@id":"https:\/\/chemgramx.com\/product\/3-cpm-3-chlorophenmetrazine-online-kaufen\/#breadcrumb"},"inLanguage":"cs","potentialAction":[{"@type":"ReadAction","target":["https:\/\/chemgramx.com\/product\/3-cpm-3-chlorophenmetrazine-online-kaufen\/"]}]},{"@type":"ImageObject","inLanguage":"cs","@id":"https:\/\/chemgramx.com\/product\/3-cpm-3-chlorophenmetrazine-online-kaufen\/#primaryimage","url":"https:\/\/chemgramx.com\/wp-content\/uploads\/2025\/11\/Buy-3-CPM-online.webp","contentUrl":"https:\/\/chemgramx.com\/wp-content\/uploads\/2025\/11\/Buy-3-CPM-online.webp","width":700,"height":500},{"@type":"BreadcrumbList","@id":"https:\/\/chemgramx.com\/product\/3-cpm-3-chlorophenmetrazine-online-kaufen\/#breadcrumb","itemListElement":[{"@type":"ListItem","position":1,"name":"Home","item":"https:\/\/chemgramx.com\/"},{"@type":"ListItem","position":2,"name":"Shop","item":"https:\/\/chemgramx.com\/shop\/"},{"@type":"ListItem","position":3,"name":"3-CPM online kaufen &#8211; Hochrein | Chemgramx"}]},{"@type":"WebSite","@id":"https:\/\/chemgramx.com\/#website","url":"https:\/\/chemgramx.com\/","name":"Chemgramx","description":"","publisher":{"@id":"https:\/\/chemgramx.com\/#organization"},"potentialAction":[{"@type":"SearchAction","target":{"@type":"EntryPoint","urlTemplate":"https:\/\/chemgramx.com\/?s={search_term_string}"},"query-input":{"@type":"PropertyValueSpecification","valueRequired":true,"valueName":"search_term_string"}}],"inLanguage":"cs"},{"@type":"Organization","@id":"https:\/\/chemgramx.com\/#organization","name":"Chemgramx","url":"https:\/\/chemgramx.com\/","logo":{"@type":"ImageObject","inLanguage":"cs","@id":"https:\/\/chemgramx.com\/#\/schema\/logo\/image\/","url":"https:\/\/chemgramx.com\/wp-content\/uploads\/2024\/10\/final-logo.png","contentUrl":"https:\/\/chemgramx.com\/wp-content\/uploads\/2024\/10\/final-logo.png","width":250,"height":48,"caption":"Chemgramx"},"image":{"@id":"https:\/\/chemgramx.com\/#\/schema\/logo\/image\/"}}]}},"_links":{"self":[{"href":"https:\/\/chemgramx.com\/cs\/wp-json\/wp\/v2\/product\/8386","targetHints":{"allow":["GET"]}}],"collection":[{"href":"https:\/\/chemgramx.com\/cs\/wp-json\/wp\/v2\/product"}],"about":[{"href":"https:\/\/chemgramx.com\/cs\/wp-json\/wp\/v2\/types\/product"}],"replies":[{"embeddable":true,"href":"https:\/\/chemgramx.com\/cs\/wp-json\/wp\/v2\/comments?post=8386"}],"wp:featuredmedia":[{"embeddable":true,"href":"https:\/\/chemgramx.com\/cs\/wp-json\/wp\/v2\/media\/8416"}],"wp:attachment":[{"href":"https:\/\/chemgramx.com\/cs\/wp-json\/wp\/v2\/media?parent=8386"}],"wp:term":[{"taxonomy":"product_brand","embeddable":true,"href":"https:\/\/chemgramx.com\/cs\/wp-json\/wp\/v2\/product_brand?post=8386"},{"taxonomy":"product_cat","embeddable":true,"href":"https:\/\/chemgramx.com\/cs\/wp-json\/wp\/v2\/product_cat?post=8386"},{"taxonomy":"product_tag","embeddable":true,"href":"https:\/\/chemgramx.com\/cs\/wp-json\/wp\/v2\/product_tag?post=8386"}],"curies":[{"name":"wp","href":"https:\/\/api.w.org\/{rel}","templated":true}]}}