{"id":8389,"date":"2025-11-21T18:18:28","date_gmt":"2025-11-21T18:18:28","guid":{"rendered":"https:\/\/chemgramx.com\/?post_type=product&#038;p=8389"},"modified":"2025-12-09T10:08:20","modified_gmt":"2025-12-09T10:08:20","slug":"2-nmc-koupit-online","status":"publish","type":"product","link":"https:\/\/chemgramx.com\/cs\/product\/2-nmc-online-kaufen\/","title":{"rendered":"Koupit 2-NMC \u2013 vysoce \u010dist\u00fd | Objednat online"},"content":{"rendered":"<p>V\u00edtejte u Chemgramx, va\u0161\u00ed p\u0159edn\u00ed adresy pro v\u00fdzkumn\u00e9 chemik\u00e1lie nejvy\u0161\u0161\u00ed kvality. Zejm\u00e9na v\u00e1m nab\u00edz\u00edme mo\u017enost, <b>2-NMC na prodej<\/b> \u2013 spojen\u00ed, kter\u00e9 si ve sv\u011bt\u011b v\u00fdzkumu z\u00edsk\u00e1v\u00e1 st\u00e1le v\u011bt\u0161\u00ed pozornost. Ch\u00e1peme po\u017eadavky na p\u0159esnost a spolehlivost, kter\u00e9 s sebou modern\u00ed v\u011bdeck\u00e9 studie p\u0159in\u00e1\u0161ej\u00ed. Proto je n\u00e1\u0161 2-NMC speci\u00e1ln\u011b navr\u017een pro v\u00fdzkumn\u00e9 \u00fa\u010dely a vyzna\u010duje se p\u016fsobivou \u010distotou.<\/p>\n<p>Na\u0161\u00edm z\u00e1vazkem je poskytovat l\u00e1tky, kter\u00e9 spl\u0148uj\u00ed nejp\u0159\u00edsn\u011bj\u0161\u00ed laboratorn\u00ed standardy. M\u016f\u017eete se tedy spolehnout, \u017ee ka\u017ed\u00fd gram 2-NMC, kter\u00fd u n\u00e1s zakoup\u00edte, <a href=\"https:\/\/chemgramx.com\/product\/2-nmc-online-kaufen\/\">koupit online<\/a>, pe\u010dliv\u011b zkontrolov\u00e1no a analyzov\u00e1no. T\u00edmto zp\u016fsobem zaru\u010dujeme <b>\u0160pi\u010dkov\u00e1 kvalita 2-NMC<\/b>, kter\u00e9 zajist\u00ed p\u0159esnost a reprodukovatelnost v\u00fdsledk\u016f va\u0161eho v\u00fdzkumu. Prohl\u00e9dn\u011bte si na\u0161i nab\u00eddku a zajist\u011bte si ty nejlep\u0161\u00ed materi\u00e1ly pro va\u0161e projekty.<\/p>\n<h2>Co je 2-NMC? \u00davod do jeho chemick\u00e9 struktury<\/h2>\n<p>2-NMC, tak\u00e9 zn\u00e1m\u00fd jako 2-(methylamino)-1-(naftalin-2-yl)propan-1-on, pat\u0159\u00ed do t\u0159\u00eddy katinon\u016f. Jedn\u00e1 se o syntetickou v\u00fdzkumnou chemik\u00e1lii, jej\u00ed\u017e molekul\u00e1rn\u00ed struktura je \u00fazce p\u0159\u00edbuzn\u00e1 s jin\u00fdmi stimula\u010dn\u00edmi slou\u010deninami. D\u00e1le se vyzna\u010duje charakteristick\u00fdmi methylov\u00fdmi a naftylov\u00fdmi skupinami, kter\u00e9 jsou v\u00e1z\u00e1ny na propan-1-onov\u00fd \u0159et\u011bzec.<\/p>\n<p>Krom\u011b toho je pochopen\u00ed p\u0159esn\u00e9ho chemick\u00e9ho slo\u017een\u00ed rozhoduj\u00edc\u00ed pro v\u011bdce, kte\u0159\u00ed cht\u011bj\u00ed zkoumat potenci\u00e1ln\u00ed interakce a vlastnosti t\u00e9to l\u00e1tky. P\u0159esn\u00e1 struktura umo\u017e\u0148uje bezpochyby ur\u010dit \u010distotu a identitu materi\u00e1lu. Z tohoto d\u016fvodu je nezbytn\u00e9 pou\u017e\u00edvat pouze <b>autentick\u00fd 2-NMC<\/b> pro va\u0161e experimenty.<\/p>\n<p>V\u00fdzkum katinon\u016f je dynamick\u00fdm oborem a 2-NMC je jednou z l\u00e1tek, kter\u00e1 i nad\u00e1le vzbuzuje z\u00e1jem v\u011bdc\u016f po cel\u00e9m sv\u011bt\u011b. Pro z\u00edsk\u00e1n\u00ed smyslupln\u00fdch v\u00fdsledk\u016f studi\u00ed je proto nanejv\u00fd\u0161 d\u016fle\u017eit\u00e9 p\u0159esn\u00e9 charakterizov\u00e1n\u00ed chemick\u00fdch vlastnost\u00ed. T\u00edm se zajist\u00ed platnost a d\u016fv\u011bryhodnost va\u0161\u00ed v\u011bdeck\u00e9 pr\u00e1ce.<\/p>\n<h2>D\u016fle\u017eitost \u010distoty a kvality u 2-NMC<\/h2>\n<p>Pro ka\u017edou seri\u00f3zn\u00ed v\u011bdeckou studii je \u010distota pou\u017eit\u00fdch l\u00e1tek z\u00e1sadn\u00edho v\u00fdznamu. Chemik\u00e1lie ni\u017e\u0161\u00ed kvality nebo zne\u010di\u0161t\u011bn\u00e9 chemik\u00e1lie mohou v\u00e9st k nespolehliv\u00fdm \u00fadaj\u016fm a nespr\u00e1vn\u00fdm z\u00e1v\u011br\u016fm. Proto v Chemgramx klademe nejv\u011bt\u0161\u00ed d\u016fraz na <b>Vysok\u00e1 \u010distota na prodej<\/b> na\u0161eho 2-NMC.<\/p>\n<p>N\u00e1\u0161 2-NMC je vyr\u00e1b\u011bn za p\u0159\u00edsn\u011b kontrolovan\u00fdch podm\u00ednek a jeho \u010distota je n\u011bkolikr\u00e1t testov\u00e1na. Pou\u017e\u00edv\u00e1me nejmodern\u011bj\u0161\u00ed analytick\u00e9 techniky, jako je HPLC (vysokotlak\u00e1 kapalinov\u00e1 chromatografie) a GC-MS (plynov\u00e1 chromatografie-hmotnostn\u00ed spektrometrie), abychom zajistili, \u017ee <b>Kvalita v\u00fdzkumu dostupn\u00e1<\/b> . T\u00edm je zaru\u010deno, \u017ee va\u0161e experimenty nebudou naru\u0161eny ne\u017e\u00e1douc\u00edmi vedlej\u0161\u00edmi produkty nebo ne\u010distotami.<\/p>\n<p>Krom\u011b toho je n\u00e1\u0161 produkt jako <b>K dispozici v laboratorn\u00ed kvalit\u011b<\/b> , co\u017e znamen\u00e1, \u017ee spl\u0148uje vysok\u00e9 standardy po\u017eadovan\u00e9 pro pou\u017eit\u00ed v profesion\u00e1ln\u00edch v\u00fdzkumn\u00fdch prost\u0159ed\u00edch. D\u00edky tomu m\u016f\u017eete prov\u00e1d\u011bt v\u00fdzkum s d\u016fv\u011brou, proto\u017ee v\u00edte, \u017ee pou\u017e\u00edv\u00e1te produkt, kter\u00fd byl speci\u00e1ln\u011b optimalizov\u00e1n pro v\u011bdeck\u00e9 \u00fa\u010dely. Investujte do kvality, abyste dos\u00e1hli p\u0159esn\u00fdch a spolehliv\u00fdch v\u00fdsledk\u016f.<\/p>\n<h2>Oblasti pou\u017eit\u00ed 2-NMC ve v\u00fdzkumu<\/h2>\n<p>2-NMC je univerz\u00e1ln\u00ed v\u00fdzkumn\u00e1 chemik\u00e1lie, kter\u00e1 m\u016f\u017ee b\u00fdt pou\u017eita v \u0159ad\u011b v\u011bdeck\u00fdch obor\u016f. Farmakologie se zejm\u00e9na zaj\u00edm\u00e1 o zkoum\u00e1n\u00ed jej\u00edch potenci\u00e1ln\u00edch mechanism\u016f \u00fa\u010dinku a interakc\u00ed s biologick\u00fdmi syst\u00e9my. Proto se \u010dasto pou\u017e\u00edv\u00e1 v <i>In vitro<\/i>-Studie pou\u017eit\u00e9 k hodnocen\u00ed afinit k receptor\u016fm a inhibice zp\u011btn\u00e9ho vychyt\u00e1v\u00e1n\u00ed neurotransmiter\u016f.<\/p>\n<p>Krom\u011b toho se 2-NMC pou\u017e\u00edv\u00e1 v analytick\u00e9 chemii, zejm\u00e9na p\u0159i v\u00fdvoji a validaci nov\u00fdch detek\u010dn\u00edch metod pro syntetick\u00e9 katinony. P\u0159isp\u00edv\u00e1 tak k roz\u0161\u00ed\u0159en\u00ed znalost\u00ed o t\u00e9to t\u0159\u00edd\u011b l\u00e1tek. 2-NMC je tak\u00e9 zaj\u00edmav\u00fd pro toxikologick\u00fd v\u00fdzkum, kde se pou\u017e\u00edv\u00e1 ke studiu metabolick\u00fdch drah a potenci\u00e1ln\u00edch profil\u016f toxicity.<\/p>\n<p>Dal\u0161\u00ed d\u016fle\u017eitou oblast\u00ed je chemick\u00e1 synt\u00e9za, kde m\u016f\u017ee 2-NMC slou\u017eit jako v\u00fdchoz\u00ed materi\u00e1l nebo referen\u010dn\u00ed materi\u00e1l. Komplexn\u00ed v\u00fdzkum v\u017edy vy\u017eaduje p\u0159\u00edstup k spolehliv\u00fdm a standardizovan\u00fdm materi\u00e1l\u016fm. Pokud <b>Objednejte si 2-NMC online<\/b> , nab\u00edz\u00edme v\u00e1m ide\u00e1ln\u00ed \u0159e\u0161en\u00ed pro va\u0161e specifick\u00e9 v\u00fdzkumn\u00e9 pot\u0159eby. Objevte na\u0161i komplexn\u00ed nab\u00eddku, kter\u00e1 zahrnuje tak\u00e9 slou\u010den\u00ed jako <a href=\"https:\/\/chemgramx.com\/product\/dmt-dimethyltryptamine-online-kaufen\/\">DMT dimethyltryptamin<\/a> pro va\u0161e rozmanit\u00e9 projekty.<\/p>\n<h2>Bezpe\u010dnostn\u00ed aspekty a odpov\u011bdn\u00e9 zach\u00e1zen\u00ed<\/h2>\n<p>Pr\u00e1ce s v\u00fdzkumn\u00fdmi chemik\u00e1liemi vy\u017eaduje v\u017edy maxim\u00e1ln\u00ed opatrnost a dodr\u017eov\u00e1n\u00ed p\u0159\u00edsn\u00fdch bezpe\u010dnostn\u00edch protokol\u016f. Je z\u00e1sadn\u00ed, aby v\u00fdzkumn\u00edci rozum\u011bli potenci\u00e1ln\u00edm rizik\u016fm 2-NMC a p\u0159ijali odpov\u00eddaj\u00edc\u00ed ochrann\u00e1 opat\u0159en\u00ed. Proto doporu\u010dujeme pou\u017e\u00edvat vhodn\u00e9 osobn\u00ed ochrann\u00e9 prost\u0159edky (OOP), jako jsou rukavice, ochrann\u00e9 br\u00fdle a laboratorn\u00ed pl\u00e1\u0161t\u011b.<\/p>\n<p>D\u00e1le by se 2-NMC m\u011blo manipulovat v\u00fdhradn\u011b v dob\u0159e v\u011btran\u00fdch prostor\u00e1ch nebo pod digesto\u0159\u00ed, aby se minimalizovala expozice par\u00e1m nebo \u010d\u00e1stic\u00edm. Skladov\u00e1n\u00ed mus\u00ed prob\u00edhat v bezpe\u010dn\u00e9m, chladn\u00e9m a such\u00e9m prost\u0159ed\u00ed, mimo dosah p\u0159\u00edm\u00e9ho slune\u010dn\u00edho z\u00e1\u0159en\u00ed a vlhkosti. T\u00edm je zaji\u0161t\u011bna stabilita l\u00e1tky po del\u0161\u00ed dobu.<\/p>\n<p>Krom\u011b toho je nanejv\u00fd\u0161 d\u016fle\u017eit\u00e9, aby byl 2-NMC pou\u017e\u00edv\u00e1n pouze pro zam\u00fd\u0161len\u00e9 v\u00fdzkumn\u00e9 \u00fa\u010dely a nikoli pro lidskou spot\u0159ebu nebo jin\u00e9 nev\u011bdeck\u00e9 \u00fa\u010dely. Odpov\u011bdn\u00e9 zach\u00e1zen\u00ed chr\u00e1n\u00ed nejen v\u00fdzkumn\u00e9ho pracovn\u00edka, ale tak\u00e9 integritu v\u011bdeck\u00e9 pr\u00e1ce. V\u017edy se informujte o aktu\u00e1ln\u00edch bezpe\u010dnostn\u00edch listech.<\/p>\n<h2>Pro\u010d koupit 2-NMC u Chemgramx?<\/h2>\n<p>V\u00fdb\u011br spr\u00e1vn\u00e9ho dodavatele v\u00fdzkumn\u00fdch chemik\u00e1li\u00ed je kl\u00ed\u010dov\u00fd pro \u00fasp\u011bch va\u0161ich projekt\u016f. Ve spole\u010dnosti Chemgramx jsme hrd\u00ed na to, \u017ee nab\u00edz\u00edme nejvy\u0161\u0161\u00ed \u00farove\u0148 kvality a slu\u017eeb. Zajist\u00edme, abyste dostali to, co pot\u0159ebujete. <b>Nejlep\u0161\u00ed 2-NMC k dispozici<\/b> pro va\u0161e studie, proto\u017ee prov\u00e1d\u00edme p\u0159\u00edsn\u00e9 kontroly kvality a nez\u00e1visl\u00e9 laboratorn\u00ed anal\u00fdzy.<\/p>\n<p>Na\u0161e produkty jsou zpracov\u00e1v\u00e1ny s maxim\u00e1ln\u00ed p\u00e9\u010d\u00ed a v souladu s etick\u00fdmi standardy. Proto u n\u00e1s m\u016f\u017eete zakoupit <b>Bezpe\u010dn\u00fd n\u00e1kup<\/b> zalo\u017een\u00fd na transparentnosti a d\u016fv\u011b\u0159e. Klademe d\u016fraz na diskr\u00e9tn\u00ed a profesion\u00e1ln\u00ed vy\u0159izov\u00e1n\u00ed v\u0161ech dotaz\u016f a objedn\u00e1vek, p\u0159i\u010dem\u017e va\u0161e v\u00fdzkumn\u00e9 pot\u0159eby jsou pro n\u00e1s na prvn\u00edm m\u00edst\u011b.<\/p>\n<p>Na\u0161\u00edm c\u00edlem je tak\u00e9 vytvo\u0159it plynul\u00fd z\u00e1\u017eitek pro v\u011bdce po cel\u00e9m sv\u011bt\u011b. Pokud tedy <b>Koupit 2-NMC online<\/b> Chemgramx nab\u00edz\u00ed odborn\u00e9 znalosti a zdroje, kter\u00e9 pot\u0159ebujete. Vyu\u017eijte na\u0161ich zku\u0161enost\u00ed a na\u0161eho z\u00e1vazku k dokonalosti a <b>koupit u Chemgramx<\/b> pro v\u00e1\u0161 v\u00fdzkum.<\/p>\n<h2>\u010casto kladen\u00e9 ot\u00e1zky t\u00fdkaj\u00edc\u00ed se 2-NMC (FAQ)<\/h2>\n<h3>Co znamen\u00e1 \u201ekvalita v\u00fdzkumu\u201c pro 2-NMC?<\/h3>\n<p>Kvalita pro v\u00fdzkum znamen\u00e1, \u017ee 2-NMC byl vyroben a testov\u00e1n speci\u00e1ln\u011b pro v\u011bdeck\u00e9 studie a laboratorn\u00ed pou\u017eit\u00ed. To znamen\u00e1 vysokou \u010distotu a p\u0159esnou charakterizaci l\u00e1tky, aby byly zaji\u0161t\u011bny spolehliv\u00e9 a reprodukovateln\u00e9 v\u00fdsledky v experiment\u00e1ln\u00edch podm\u00ednk\u00e1ch. Nen\u00ed ur\u010den k lidsk\u00e9 spot\u0159eb\u011b.<\/p>\n<h3>Jak je u Chemgramx zaji\u0161t\u011bna \u010distota 2-NMC?<\/h3>\n<p>\u010cistota na\u0161eho 2-NMC je zaji\u0161t\u011bna \u0159adou p\u0159\u00edsn\u00fdch kontrol kvality. Pat\u0159\u00ed mezi n\u011b nejmodern\u011bj\u0161\u00ed analytick\u00e9 metody, jako jsou HPLC, GC-MS a NMR spektroskopie. Tyto metody n\u00e1m umo\u017e\u0148uj\u00ed potvrdit molekul\u00e1rn\u00ed identitu a p\u0159esn\u011b ur\u010dit stupe\u0148 \u010distoty, tak\u017ee v\u017edy dostanete <b>vysoce kvalitn\u00ed 2-NMC<\/b> obdr\u017eel.<\/p>\n<h3>Jak\u00e1 bezpe\u010dnostn\u00ed opat\u0159en\u00ed je t\u0159eba dodr\u017eovat p\u0159i manipulaci s 2-NMC?<\/h3>\n<p>P\u0159i manipulaci s 2-NMC je nutn\u00e9 dodr\u017eovat p\u0159\u00edsn\u00e1 bezpe\u010dnostn\u00ed opat\u0159en\u00ed. Pat\u0159\u00ed mezi n\u011b no\u0161en\u00ed osobn\u00edch ochrann\u00fdch prost\u0159edk\u016f (rukavice, ochrann\u00e9 br\u00fdle, laboratorn\u00ed pl\u00e1\u0161\u0165) a pr\u00e1ce v dob\u0159e v\u011btran\u00e9m prostoru nebo pod digesto\u0159\u00ed. Krom\u011b toho je nezbytn\u00e9 spr\u00e1vn\u00e9 skladov\u00e1n\u00ed v chladn\u00e9m, such\u00e9m a bezpe\u010dn\u00e9m obalu. Nen\u00ed ur\u010deno k lidsk\u00e9 spot\u0159eb\u011b.<\/p>\n<h3>Mohu leg\u00e1ln\u011b z\u00edskat 2-NMC pro v\u00fdzkumn\u00e9 \u00fa\u010dely?<\/h3>\n<p>Leg\u00e1lnost 2-NMC se li\u0161\u00ed v z\u00e1vislosti na zemi a jurisdikci. D\u016frazn\u011b doporu\u010dujeme, abyste se p\u0159ed n\u00e1kupem sezn\u00e1mili s m\u00edstn\u00edmi z\u00e1kony a p\u0159edpisy. <b>online n\u00e1kup 2-NMC<\/b> informovat o m\u00edstn\u00edch z\u00e1konech a p\u0159edpisech. Chemgramx dod\u00e1v\u00e1 v\u00fdhradn\u011b v\u00fdzkumn\u00fdm pracovn\u00edk\u016fm a instituc\u00edm, kter\u00e9 mohou potvrdit dodr\u017eov\u00e1n\u00ed v\u0161ech p\u0159\u00edslu\u0161n\u00fdch p\u0159edpis\u016f.<\/p>\n<h2>Z\u00e1v\u011br a va\u0161e dal\u0161\u00ed v\u00fdzkumn\u00e1 akvizice<\/h2>\n<p>Souhrnn\u011b lze \u0159\u00edci, \u017ee 2-NMC je cenn\u00e1 v\u00fdzkumn\u00e1 chemik\u00e1lie, kter\u00e1 nach\u00e1z\u00ed uplatn\u011bn\u00ed v r\u016fzn\u00fdch v\u011bdeck\u00fdch oblastech. Rozhodnut\u00ed, <b>2-NMC koupit online<\/b>, by m\u011blo b\u00fdt u\u010din\u011bno s d\u016fv\u011brou v kvalitu a v\u011bdeckou integritu. Chemgramx proto zast\u00e1v\u00e1 pr\u00e1v\u011b tyto principy.<\/p>\n<p>Zveme v\u00e1s, abyste objevili vynikaj\u00edc\u00ed kvalitu na\u0161eho 2-NMC a vyu\u017eili jej pro sv\u00e9 n\u00e1ro\u010dn\u00e9 v\u00fdzkumn\u00e9 projekty. T\u00edm zajist\u00edme, \u017ee budete m\u00edt v\u017edy p\u0159\u00edstup k <b>\u0160pi\u010dkov\u00e1 kvalita 2-NMC<\/b> abyste mohli efektivn\u011b dos\u00e1hnout sv\u00fdch v\u011bdeck\u00fdch c\u00edl\u016f. Prove\u010fte nyn\u00ed sv\u016fj <b>bezpe\u010dn\u00fd n\u00e1kup<\/b> u n\u00e1s a podpo\u0159te sv\u016fj v\u00fdzkum spolehliv\u00fdmi produkty.<\/p>","protected":false},"excerpt":{"rendered":"<p>Objevte <b>Koupit 2-NMC online<\/b> u Chemgramx, va\u0161eho zdroje vysoce kvalitn\u00edch chemik\u00e1li\u00ed pro v\u00fdzkum. N\u00e1\u0161 2-NMC vynik\u00e1:<\/p>\n<ul>\n<li><b>Vysok\u00e1 \u010distota:<\/b> Zaru\u010duje p\u0159esn\u00e9 v\u00fdsledky v\u00fdzkumu.<\/li>\n<li><b>Laboratorn\u00ed kvalita:<\/b> Ide\u00e1ln\u00ed pro n\u00e1ro\u010dn\u00e9 v\u011bdeck\u00e9 aplikace.<\/li>\n<li><b>Spolehlivost:<\/b> Pe\u010dliv\u011b zpracov\u00e1no pro konzistentn\u00ed experimenty.<\/li>\n<\/ul>\n<p>Po\u0159i\u010fte si nyn\u00ed sv\u016fj <b>2-NMC u Chemgramx<\/b> a zajist\u011bte si nejlep\u0161\u00ed kvalitu pro sv\u00e9 studium.<\/p>","protected":false},"featured_media":8425,"comment_status":"open","ping_status":"closed","template":"","meta":{"_joinchat":[]},"product_brand":[],"product_cat":[48],"product_tag":[2565,2569,2567,2573,2566,2572,2568,2570,2571,2015],"class_list":{"0":"post-8389","1":"product","2":"type-product","3":"status-publish","4":"has-post-thumbnail","6":"product_cat-stimulants","7":"product_tag-2-nmc-kaufen","8":"product_tag-2-nmc-kaufen-deutschland","9":"product_tag-2-nmc-kristalle","10":"product_tag-2-nmc-kristalle-kaufen","11":"product_tag-2-nmc-online","12":"product_tag-2-nmc-online-kaufen","13":"product_tag-2-nmc-pulver","14":"product_tag-2-nmc-research-chemical","15":"product_tag-2-nmc-zum-verkauf","16":"product_tag-synthetische-drogen","18":"first","19":"instock","20":"shipping-taxable","21":"purchasable","22":"product-type-variable"},"yoast_head":"<!-- This site is optimized with the Yoast SEO plugin v27.5 - https:\/\/yoast.com\/product\/yoast-seo-wordpress\/ -->\n<title>2-NMC Kaufen - Hochrein | Online Bestellen<\/title>\n<meta name=\"description\" content=\"Erwerben Sie hochwertiges 2-NMC f\u00fcr Ihre Forschung bei Chemgramx. Entdecken Sie unser reines, laborgepr\u00fcftes 2-NMC online f\u00fcr pr\u00e4zise Studien und Ergebnisse.\" \/>\n<meta name=\"robots\" content=\"index, follow, max-snippet:-1, max-image-preview:large, max-video-preview:-1\" \/>\n<link rel=\"canonical\" href=\"https:\/\/chemgramx.com\/cs\/produkt-1\/2-nmc-koupit-online\/\" \/>\n<meta property=\"og:locale\" content=\"cs_CZ\" \/>\n<meta property=\"og:type\" content=\"article\" \/>\n<meta property=\"og:title\" content=\"2-NMC Kaufen - Hochrein | Online Bestellen\" \/>\n<meta property=\"og:description\" content=\"Erwerben Sie hochwertiges 2-NMC f\u00fcr Ihre Forschung bei Chemgramx. Entdecken Sie unser reines, laborgepr\u00fcftes 2-NMC online f\u00fcr pr\u00e4zise Studien und Ergebnisse.\" \/>\n<meta property=\"og:url\" content=\"https:\/\/chemgramx.com\/cs\/produkt-1\/2-nmc-koupit-online\/\" \/>\n<meta property=\"og:site_name\" content=\"Chemgramx\" \/>\n<meta property=\"article:modified_time\" content=\"2025-12-09T10:08:20+00:00\" \/>\n<meta property=\"og:image\" content=\"https:\/\/chemgramx.com\/wp-content\/uploads\/2025\/11\/2nmc.png\" \/>\n\t<meta property=\"og:image:width\" content=\"600\" \/>\n\t<meta property=\"og:image:height\" content=\"400\" \/>\n\t<meta property=\"og:image:type\" content=\"image\/png\" \/>\n<meta name=\"twitter:card\" content=\"summary_large_image\" \/>\n<meta name=\"twitter:label1\" content=\"Odhadovan\u00e1 doba \u010dten\u00ed\" \/>\n\t<meta name=\"twitter:data1\" content=\"5 minut\" \/>\n<script type=\"application\/ld+json\" class=\"yoast-schema-graph\">{\"@context\":\"https:\\\/\\\/schema.org\",\"@graph\":[{\"@type\":\"WebPage\",\"@id\":\"https:\\\/\\\/chemgramx.com\\\/product\\\/2-nmc-online-kaufen\\\/\",\"url\":\"https:\\\/\\\/chemgramx.com\\\/product\\\/2-nmc-online-kaufen\\\/\",\"name\":\"2-NMC Kaufen - Hochrein | Online Bestellen\",\"isPartOf\":{\"@id\":\"https:\\\/\\\/chemgramx.com\\\/#website\"},\"primaryImageOfPage\":{\"@id\":\"https:\\\/\\\/chemgramx.com\\\/product\\\/2-nmc-online-kaufen\\\/#primaryimage\"},\"image\":{\"@id\":\"https:\\\/\\\/chemgramx.com\\\/product\\\/2-nmc-online-kaufen\\\/#primaryimage\"},\"thumbnailUrl\":\"https:\\\/\\\/chemgramx.com\\\/wp-content\\\/uploads\\\/2025\\\/11\\\/2nmc.png\",\"datePublished\":\"2025-11-21T18:18:28+00:00\",\"dateModified\":\"2025-12-09T10:08:20+00:00\",\"description\":\"Erwerben Sie hochwertiges 2-NMC f\u00fcr Ihre Forschung bei Chemgramx. Entdecken Sie unser reines, laborgepr\u00fcftes 2-NMC online f\u00fcr pr\u00e4zise Studien und Ergebnisse.\",\"breadcrumb\":{\"@id\":\"https:\\\/\\\/chemgramx.com\\\/product\\\/2-nmc-online-kaufen\\\/#breadcrumb\"},\"inLanguage\":\"cs\",\"potentialAction\":[{\"@type\":\"ReadAction\",\"target\":[\"https:\\\/\\\/chemgramx.com\\\/product\\\/2-nmc-online-kaufen\\\/\"]}]},{\"@type\":\"ImageObject\",\"inLanguage\":\"cs\",\"@id\":\"https:\\\/\\\/chemgramx.com\\\/product\\\/2-nmc-online-kaufen\\\/#primaryimage\",\"url\":\"https:\\\/\\\/chemgramx.com\\\/wp-content\\\/uploads\\\/2025\\\/11\\\/2nmc.png\",\"contentUrl\":\"https:\\\/\\\/chemgramx.com\\\/wp-content\\\/uploads\\\/2025\\\/11\\\/2nmc.png\",\"width\":600,\"height\":400},{\"@type\":\"BreadcrumbList\",\"@id\":\"https:\\\/\\\/chemgramx.com\\\/product\\\/2-nmc-online-kaufen\\\/#breadcrumb\",\"itemListElement\":[{\"@type\":\"ListItem\",\"position\":1,\"name\":\"Home\",\"item\":\"https:\\\/\\\/chemgramx.com\\\/\"},{\"@type\":\"ListItem\",\"position\":2,\"name\":\"Shop\",\"item\":\"https:\\\/\\\/chemgramx.com\\\/shop\\\/\"},{\"@type\":\"ListItem\",\"position\":3,\"name\":\"2-NMC Kaufen &#8211; Hochrein | Online Bestellen\"}]},{\"@type\":\"WebSite\",\"@id\":\"https:\\\/\\\/chemgramx.com\\\/#website\",\"url\":\"https:\\\/\\\/chemgramx.com\\\/\",\"name\":\"Chemgramx\",\"description\":\"\",\"publisher\":{\"@id\":\"https:\\\/\\\/chemgramx.com\\\/#organization\"},\"potentialAction\":[{\"@type\":\"SearchAction\",\"target\":{\"@type\":\"EntryPoint\",\"urlTemplate\":\"https:\\\/\\\/chemgramx.com\\\/?s={search_term_string}\"},\"query-input\":{\"@type\":\"PropertyValueSpecification\",\"valueRequired\":true,\"valueName\":\"search_term_string\"}}],\"inLanguage\":\"cs\"},{\"@type\":\"Organization\",\"@id\":\"https:\\\/\\\/chemgramx.com\\\/#organization\",\"name\":\"Chemgramx\",\"url\":\"https:\\\/\\\/chemgramx.com\\\/\",\"logo\":{\"@type\":\"ImageObject\",\"inLanguage\":\"cs\",\"@id\":\"https:\\\/\\\/chemgramx.com\\\/#\\\/schema\\\/logo\\\/image\\\/\",\"url\":\"https:\\\/\\\/chemgramx.com\\\/wp-content\\\/uploads\\\/2024\\\/10\\\/final-logo.png\",\"contentUrl\":\"https:\\\/\\\/chemgramx.com\\\/wp-content\\\/uploads\\\/2024\\\/10\\\/final-logo.png\",\"width\":250,\"height\":48,\"caption\":\"Chemgramx\"},\"image\":{\"@id\":\"https:\\\/\\\/chemgramx.com\\\/#\\\/schema\\\/logo\\\/image\\\/\"}}]}<\/script>\n<!-- \/ Yoast SEO plugin. -->","yoast_head_json":{"title":"Koupit 2-NMC \u2013 vysoce \u010dist\u00fd | Objednat online","description":"Zakupte si vysoce kvalitn\u00ed 2-NMC pro sv\u016fj v\u00fdzkum u Chemgramx. Objevte n\u00e1\u0161 \u010dist\u00fd, laboratorn\u011b testovan\u00fd 2-NMC online pro p\u0159esn\u00e9 studie a v\u00fdsledky.","robots":{"index":"index","follow":"follow","max-snippet":"max-snippet:-1","max-image-preview":"max-image-preview:large","max-video-preview":"max-video-preview:-1"},"canonical":"https:\/\/chemgramx.com\/cs\/produkt-1\/2-nmc-koupit-online\/","og_locale":"cs_CZ","og_type":"article","og_title":"2-NMC Kaufen - Hochrein | Online Bestellen","og_description":"Erwerben Sie hochwertiges 2-NMC f\u00fcr Ihre Forschung bei Chemgramx. Entdecken Sie unser reines, laborgepr\u00fcftes 2-NMC online f\u00fcr pr\u00e4zise Studien und Ergebnisse.","og_url":"https:\/\/chemgramx.com\/cs\/produkt-1\/2-nmc-koupit-online\/","og_site_name":"Chemgramx","article_modified_time":"2025-12-09T10:08:20+00:00","og_image":[{"width":600,"height":400,"url":"https:\/\/chemgramx.com\/wp-content\/uploads\/2025\/11\/2nmc.png","type":"image\/png"}],"twitter_card":"summary_large_image","twitter_misc":{"Odhadovan\u00e1 doba \u010dten\u00ed":"5 minut"},"schema":{"@context":"https:\/\/schema.org","@graph":[{"@type":"WebPage","@id":"https:\/\/chemgramx.com\/product\/2-nmc-online-kaufen\/","url":"https:\/\/chemgramx.com\/product\/2-nmc-online-kaufen\/","name":"Koupit 2-NMC \u2013 vysoce \u010dist\u00fd | Objednat online","isPartOf":{"@id":"https:\/\/chemgramx.com\/#website"},"primaryImageOfPage":{"@id":"https:\/\/chemgramx.com\/product\/2-nmc-online-kaufen\/#primaryimage"},"image":{"@id":"https:\/\/chemgramx.com\/product\/2-nmc-online-kaufen\/#primaryimage"},"thumbnailUrl":"https:\/\/chemgramx.com\/wp-content\/uploads\/2025\/11\/2nmc.png","datePublished":"2025-11-21T18:18:28+00:00","dateModified":"2025-12-09T10:08:20+00:00","description":"Zakupte si vysoce kvalitn\u00ed 2-NMC pro sv\u016fj v\u00fdzkum u Chemgramx. Objevte n\u00e1\u0161 \u010dist\u00fd, laboratorn\u011b testovan\u00fd 2-NMC online pro p\u0159esn\u00e9 studie a v\u00fdsledky.","breadcrumb":{"@id":"https:\/\/chemgramx.com\/product\/2-nmc-online-kaufen\/#breadcrumb"},"inLanguage":"cs","potentialAction":[{"@type":"ReadAction","target":["https:\/\/chemgramx.com\/product\/2-nmc-online-kaufen\/"]}]},{"@type":"ImageObject","inLanguage":"cs","@id":"https:\/\/chemgramx.com\/product\/2-nmc-online-kaufen\/#primaryimage","url":"https:\/\/chemgramx.com\/wp-content\/uploads\/2025\/11\/2nmc.png","contentUrl":"https:\/\/chemgramx.com\/wp-content\/uploads\/2025\/11\/2nmc.png","width":600,"height":400},{"@type":"BreadcrumbList","@id":"https:\/\/chemgramx.com\/product\/2-nmc-online-kaufen\/#breadcrumb","itemListElement":[{"@type":"ListItem","position":1,"name":"Home","item":"https:\/\/chemgramx.com\/"},{"@type":"ListItem","position":2,"name":"Shop","item":"https:\/\/chemgramx.com\/shop\/"},{"@type":"ListItem","position":3,"name":"2-NMC Kaufen &#8211; Hochrein | Online Bestellen"}]},{"@type":"WebSite","@id":"https:\/\/chemgramx.com\/#website","url":"https:\/\/chemgramx.com\/","name":"Chemgramx","description":"","publisher":{"@id":"https:\/\/chemgramx.com\/#organization"},"potentialAction":[{"@type":"SearchAction","target":{"@type":"EntryPoint","urlTemplate":"https:\/\/chemgramx.com\/?s={search_term_string}"},"query-input":{"@type":"PropertyValueSpecification","valueRequired":true,"valueName":"search_term_string"}}],"inLanguage":"cs"},{"@type":"Organization","@id":"https:\/\/chemgramx.com\/#organization","name":"Chemgramx","url":"https:\/\/chemgramx.com\/","logo":{"@type":"ImageObject","inLanguage":"cs","@id":"https:\/\/chemgramx.com\/#\/schema\/logo\/image\/","url":"https:\/\/chemgramx.com\/wp-content\/uploads\/2024\/10\/final-logo.png","contentUrl":"https:\/\/chemgramx.com\/wp-content\/uploads\/2024\/10\/final-logo.png","width":250,"height":48,"caption":"Chemgramx"},"image":{"@id":"https:\/\/chemgramx.com\/#\/schema\/logo\/image\/"}}]}},"_links":{"self":[{"href":"https:\/\/chemgramx.com\/cs\/wp-json\/wp\/v2\/product\/8389","targetHints":{"allow":["GET"]}}],"collection":[{"href":"https:\/\/chemgramx.com\/cs\/wp-json\/wp\/v2\/product"}],"about":[{"href":"https:\/\/chemgramx.com\/cs\/wp-json\/wp\/v2\/types\/product"}],"replies":[{"embeddable":true,"href":"https:\/\/chemgramx.com\/cs\/wp-json\/wp\/v2\/comments?post=8389"}],"wp:featuredmedia":[{"embeddable":true,"href":"https:\/\/chemgramx.com\/cs\/wp-json\/wp\/v2\/media\/8425"}],"wp:attachment":[{"href":"https:\/\/chemgramx.com\/cs\/wp-json\/wp\/v2\/media?parent=8389"}],"wp:term":[{"taxonomy":"product_brand","embeddable":true,"href":"https:\/\/chemgramx.com\/cs\/wp-json\/wp\/v2\/product_brand?post=8389"},{"taxonomy":"product_cat","embeddable":true,"href":"https:\/\/chemgramx.com\/cs\/wp-json\/wp\/v2\/product_cat?post=8389"},{"taxonomy":"product_tag","embeddable":true,"href":"https:\/\/chemgramx.com\/cs\/wp-json\/wp\/v2\/product_tag?post=8389"}],"curies":[{"name":"wp","href":"https:\/\/api.w.org\/{rel}","templated":true}]}}