{"id":8390,"date":"2025-11-21T18:18:29","date_gmt":"2025-11-21T18:18:29","guid":{"rendered":"https:\/\/chemgramx.com\/?post_type=product&#038;p=8390"},"modified":"2025-12-09T09:56:56","modified_gmt":"2025-12-09T09:56:56","slug":"23-koupit-mdpv-online","status":"publish","type":"product","link":"https:\/\/chemgramx.com\/cs\/product\/23-mdpv-online-kaufen\/","title":{"rendered":"Koupit 23-MDPV online"},"content":{"rendered":"<p>Objevte <b>23-MDPV<\/b> v jeho nej\u010dist\u0161\u00ed form\u011b, kter\u00fd byl speci\u00e1ln\u011b vyvinut pro n\u00e1ro\u010dn\u00e9 v\u00fdzkumn\u00e9 po\u017eadavky. Pokud <b>23-MDPV na prodej<\/b> Chemgramx je va\u0161\u00edm prvn\u00edm kontaktn\u00edm m\u00edstem, pokud hled\u00e1te vynikaj\u00edc\u00ed kvalitu a spolehlivost. Na\u0161\u00edm z\u00e1vazkem je poskytovat produkty, kter\u00e9 spl\u0148uj\u00ed nejvy\u0161\u0161\u00ed standardy, aby va\u0161e v\u011bdeck\u00e9 projekty p\u0159inesly co nejlep\u0161\u00ed v\u00fdsledky. S p\u016fsobivou \u010distotou <b>99%<\/b> je n\u00e1\u0161 23-MDPV ide\u00e1ln\u00ed pro celou \u0159adu laboratorn\u00edch aplikac\u00ed, od analytick\u00e9 chemie a\u017e po materi\u00e1lov\u00e9 v\u011bdy. Ch\u00e1peme, jak rozhoduj\u00edc\u00ed je kvalita v\u00fdchoz\u00edch materi\u00e1l\u016f pro \u00fasp\u011bch va\u0161eho v\u00fdzkumu. Proto klademe d\u016fraz na p\u0159\u00edsn\u00e9 kontroly kvality v ka\u017ed\u00e9 f\u00e1zi v\u00fdroby.<\/p>\n<h2>\u0160pi\u010dkov\u00e1 kvalita 23-MDPV pro v\u00e1\u0161 v\u00fdzkum<\/h2>\n<p>N\u00e1kup <b>\u0160pi\u010dkov\u00e1 kvalita 23-MDPV<\/b> je pro v\u00fdzkumn\u00edky velmi d\u016fle\u017eit\u00fd. N\u00e1\u0161 produkt se vyzna\u010duje pozoruhodnou \u010distotou, kter\u00e1 je potvrzena nejmodern\u011bj\u0161\u00edmi analytick\u00fdmi technikami. To zaru\u010duje, \u017ee dos\u00e1hnete konzistentn\u00edch a reprodukovateln\u00fdch v\u00fdsledk\u016f. Krom\u011b toho jsme hrd\u00ed na to, \u017ee, <b>V\u00fdzkumn\u00fd stupe\u0148 23-MDPV na prodej<\/b> , kter\u00e9 spl\u0148uje p\u0159\u00edsn\u00e9 po\u017eadavky modern\u00edch v\u011bdeck\u00fdch laborato\u0159\u00ed. V\u00edme, \u017ee va\u0161e pr\u00e1ce vy\u017eaduje p\u0159esnost, a n\u00e1\u0161 23-MDPV byl vyvinut pr\u00e1v\u011b proto, aby ji poskytoval. Spolehn\u011bte se na Chemgramx, pokud jde o materi\u00e1ly, kter\u00e9 posunou v\u00e1\u0161 v\u00fdzkum na vy\u0161\u0161\u00ed \u00farove\u0148.<\/p>\n<h3>Pro\u010d je Chemgramx nejlep\u0161\u00ed volbou pro 23-MDPV<\/h3>\n<p>U Chemgramx je spokojenost na\u0161ich z\u00e1kazn\u00edk\u016f na prvn\u00edm m\u00edst\u011b. Nab\u00edz\u00edme v\u00e1m mo\u017enost, <b>Nejlep\u0161\u00ed 23-MDPV na trhu<\/b> bez kompromis\u016f v kvalit\u011b. N\u00e1\u0161 pe\u010dliv\u00fd v\u00fdrobn\u00ed proces zaji\u0161\u0165uje, \u017ee ka\u017ed\u00e1 \u0161ar\u017ee 23-MDPV spl\u0148uje nebo p\u0159ekra\u010duje specifikace. Krom\u011b toho klademe velk\u00fd d\u016fraz na integritu na\u0161ich produkt\u016f. V\u011bdci oce\u0148uj\u00ed spolehlivost, kterou nab\u00edz\u00edme, kdy\u017e <b>Laboratorn\u00ed stupe\u0148 23-MDPV na prodej<\/b> . Na\u0161\u00edm c\u00edlem je poskytnout v\u00e1m plynul\u00fd z\u00e1\u017eitek od v\u00fdb\u011bru a\u017e po pou\u017eit\u00ed.<\/p>\n<h2>Komplexn\u00ed anal\u00fdza a z\u00e1ruka \u010distoty<\/h2>\n<p>V\u00edme, \u017ee analytick\u00e1 charakteristika je rozhoduj\u00edc\u00ed. Proto dod\u00e1v\u00e1me <b>Autentick\u00fd 23-MDPV<\/b>, kter\u00fd byl d\u016fkladn\u011b testov\u00e1n. Ka\u017ed\u00e1 \u0161ar\u017ee na\u0161eho produktu je analyzov\u00e1na pomoc\u00ed pokro\u010dil\u00fdch analytick\u00fdch metod, jako jsou HPLC a GC-MS, aby byla potvrzena jeho identita a \u010distota. M\u016f\u017eete si tedy b\u00fdt jisti, \u017ee dostanete produkt nejvy\u0161\u0161\u00ed kvality. To je obzvl\u00e1\u0161t\u011b d\u016fle\u017eit\u00e9, pokud <b>Vysoce \u010dist\u00fd 23-MDPV na prodej<\/b> pro kritick\u00e9 experimenty. Na\u0161e z\u00e1vazek k transparentnosti znamen\u00e1, \u017ee na po\u017e\u00e1d\u00e1n\u00ed jsou k dispozici podrobn\u00e9 certifik\u00e1ty o anal\u00fdze, kter\u00e9 v\u00e1m poskytnou jistotu, kterou pot\u0159ebujete pro svou v\u011bdeckou pr\u00e1ci.<\/p>\n<h3>Oblasti pou\u017eit\u00ed a v\u011bdeck\u00fd p\u0159\u00ednos<\/h3>\n<p>23-MDPV je chemick\u00e1 slou\u010denina s r\u016fzn\u00fdmi v\u00fdzkumn\u00fdmi mo\u017enostmi. Nach\u00e1z\u00ed uplatn\u011bn\u00ed v oblastech, jako je neurochemick\u00fd v\u00fdzkum, farmakologie a toxikologie. V\u011bdci, kte\u0159\u00ed <b>Koupit 23-MDPV online<\/b> \u010dasto tak \u010din\u00ed za \u00fa\u010delem zkoum\u00e1n\u00ed mechanism\u016f ur\u010dit\u00fdch neuronov\u00fdch drah nebo v\u00fdvoje nov\u00fdch analytick\u00fdch standard\u016f. Vysok\u00e1 \u010distota na\u0161eho produktu zaji\u0161\u0165uje, \u017ee v\u00fdsledky experiment\u016f nebudou ovlivn\u011bny ne\u010distotami. Pokud hled\u00e1te spolehliv\u00fd zdroj v\u00fdzkumn\u00fdch chemik\u00e1li\u00ed, Chemgramx je tou spr\u00e1vnou volbou. Podporujeme v\u011bdeckou komunitu t\u00edm, \u017ee poskytujeme p\u0159\u00edstup k vysoce kvalitn\u00edm materi\u00e1l\u016fm, jako je 23-MDPV.<\/p>\n<h2>Bezpe\u010dn\u00e9 z\u00edsk\u00e1v\u00e1n\u00ed a odpov\u011bdn\u00e9 nakl\u00e1d\u00e1n\u00ed<\/h2>\n<p>Klademe d\u016fraz na <b>Bezpe\u010dn\u00fd n\u00e1kup<\/b> Zku\u0161enosti pro v\u0161echny na\u0161e z\u00e1kazn\u00edky. Pokud <b>Objednejte si 23-MDPV online<\/b> u Chemgramx, m\u016f\u017eete se spolehnout na proces, kter\u00fd vyza\u0159uje profesionalitu a diskr\u00e9tnost. S na\u0161imi produkty zach\u00e1z\u00edme s maxim\u00e1ln\u00ed p\u00e9\u010d\u00ed, aby byla zachov\u00e1na jejich integrita a\u017e do dod\u00e1n\u00ed. Proto zaji\u0161\u0165ujeme, aby materi\u00e1ly spl\u0148ovaly nejvy\u0161\u0161\u00ed standardy, kdy\u017e doraz\u00ed do va\u0161\u00ed laborato\u0159e. Ch\u00e1peme v\u00fdznam spolehlivosti ve v\u00fdzkumu a sna\u017e\u00edme se ji zajistit prost\u0159ednictv\u00edm na\u0161ich proces\u016f. Objevte mo\u017enosti, kter\u00e9 v\u00e1m nab\u00edz\u00ed pou\u017eit\u00ed produkt\u016f Chemgramx.<\/p>\n<h3>Komplexn\u00ed portfolio v\u00fdzkumn\u00fdch chemik\u00e1li\u00ed<\/h3>\n<p>Krom\u011b 23-MDPV nab\u00edz\u00ed Chemgramx \u0161irokou \u0161k\u00e1lu dal\u0161\u00edch vysoce kvalitn\u00edch v\u00fdzkumn\u00fdch chemik\u00e1li\u00ed. Pro ty, kte\u0159\u00ed se zaj\u00edmaj\u00ed o p\u0159\u00edbuzn\u00e9 slou\u010deniny, by mohla b\u00fdt zaj\u00edmav\u00e1 na\u0161e nab\u00eddka katinon\u016f a dal\u0161\u00edch nootropik. Objevte nap\u0159\u00edklad na\u0161i nab\u00eddku <a href=\"https:\/\/chemgramx.com\/product\/green-mandala-mix-kaufen\/\">inovativn\u00ed sm\u011bsi<\/a>, kter\u00e9 byly navr\u017eeny pro specifick\u00e9 v\u00fdzkumn\u00e9 \u00fa\u010dely. Neust\u00e1le roz\u0161i\u0159ujeme na\u0161e portfolio, abychom vyhov\u011bli m\u011bn\u00edc\u00edm se pot\u0159eb\u00e1m v\u011bdeck\u00e9 komunity. Chemgramx v\u00e1s proto zve k prozkoum\u00e1n\u00ed na\u0161eho rozs\u00e1hl\u00e9ho sortimentu a nalezen\u00ed t\u011bch nejvhodn\u011bj\u0161\u00edch materi\u00e1l\u016f pro va\u0161e dal\u0161\u00ed pr\u016flomov\u00e9 objevy. V\u00e1\u0161 v\u00fdzkum si zaslou\u017e\u00ed jen to nejlep\u0161\u00ed.<\/p>\n<h2>Inovace a v\u011bdeck\u00fd pokrok<\/h2>\n<p>Na\u0161\u00edm c\u00edlem v Chemgramx je podporovat v\u011bdeck\u00fd pokrok t\u00edm, \u017ee poskytujeme p\u0159\u00edstup k vysoce \u010dist\u00fdm chemik\u00e1li\u00edm pro v\u00fdzkumn\u00e9 \u00fa\u010dely. Pokud <b>Koupit 23-MDPV online<\/b>, investujte do budoucnosti sv\u00e9ho v\u00fdzkumu. Na\u0161\u00edm c\u00edlem je poskytovat v\u011bdeck\u00e9 komunit\u011b n\u00e1stroje, kter\u00e9 pot\u0159ebuje k posouv\u00e1n\u00ed hranic pozn\u00e1n\u00ed. Nav\u00edc se neust\u00e1le sna\u017e\u00edme vylep\u0161ovat na\u0161e produkty a slu\u017eby. Proto vyb\u00edz\u00edme v\u00fdzkumn\u00edky, aby se na n\u00e1s obraceli s dotazy a vyu\u017e\u00edvali na\u0161e odborn\u00e9 znalosti. Va\u0161e \u00fasp\u011bchy jsou na\u0161\u00ed motivac\u00ed. S Chemgramx z\u00edsk\u00e1te v\u00edce ne\u017e jen chemik\u00e1lii; z\u00edsk\u00e1te partnera pro va\u0161e v\u011bdeck\u00e9 ambice.<\/p>\n<h3>Kontrola kvality a specifikace produkt\u016f<\/h3>\n<p>Ka\u017ed\u00fd produkt, kter\u00fd opou\u0161t\u00ed Chemgramx, podl\u00e9h\u00e1 p\u0159\u00edsn\u00fdm kontrol\u00e1m kvality. Zaji\u0161\u0165ujeme, aby <b>23-MDPV na prodej<\/b> je nejvy\u0161\u0161\u00ed kvality a odpov\u00edd\u00e1 uveden\u00fdm specifikac\u00edm. \u010cistota je pravideln\u011b kontrolov\u00e1na pomoc\u00ed r\u016fzn\u00fdch analytick\u00fdch technik, aby byla zaji\u0161t\u011bna konzistence. Krom\u011b toho se sna\u017e\u00edme poskytovat \u00faplnou transparentnost ohledn\u011b vlastnost\u00ed na\u0161ich produkt\u016f. Pokud m\u00e1te <b>Bezpe\u010dn\u00fd n\u00e1kup<\/b> pro va\u0161e laboratorn\u00ed pot\u0159eby, jste u n\u00e1s na spr\u00e1vn\u00e9m m\u00edst\u011b. Bereme odpov\u011bdnost za kvalitu na\u0161ich chemik\u00e1li\u00ed velmi v\u00e1\u017en\u011b, abyste se mohli soust\u0159edit na sv\u016fj v\u00fdzkum.<\/p>\n<h2>V\u00e1\u0161 partner pro v\u00fdzkumn\u00e9 chemik\u00e1lie<\/h2>\n<p>Chemgramx je v\u00edce ne\u017e jen dodavatel; jsme partnerem pro va\u0161e v\u011bdeck\u00e9 c\u00edle. Pokud <b>Nejlep\u0161\u00ed 23-MDPV na trhu<\/b> hledaj\u00ed, nab\u00edz\u00edme nejen produkt, ale tak\u00e9 d\u016fv\u011bru v jeho kvalitu. Rozum\u00edme v\u00fdzv\u00e1m, kter\u00fdm \u010del\u00ed v\u011bdci, a sna\u017e\u00edme se je zm\u00edrnit poskytov\u00e1n\u00edm prvot\u0159\u00eddn\u00edch chemik\u00e1li\u00ed. Chemgramx v\u00e1s proto zve, abyste vyu\u017eili na\u0161e odborn\u00e9 znalosti a n\u00e1\u0161 z\u00e1vazek k dokonalosti. Zjist\u011bte, pro\u010d n\u00e1m tolik v\u011bdc\u016f d\u016fv\u011b\u0159uje, kdy\u017e <b>Objednejte si 23-MDPV online<\/b>.<\/p>\n<h3>Dal\u0161\u00ed v\u00fdzkumn\u00e9 materi\u00e1ly na Chemgramx<\/h3>\n<p>Na\u0161e anga\u017eovanost ve v\u011bd\u011b p\u0159esahuje r\u00e1mec jednotliv\u00fdch produkt\u016f. Chemgramx nab\u00edz\u00ed \u0161irokou \u0161k\u00e1lu chemik\u00e1li\u00ed, kter\u00e9 jsou relevantn\u00ed pro r\u016fzn\u00e9 oblasti v\u00fdzkumu. Objevte na\u0161i nab\u00eddku <a href=\"https:\/\/chemgramx.com\/product\/23-mdpv-online-kaufen\/\">specializovan\u00e9 spoje<\/a>, kter\u00e9 mohou posunout va\u0161e v\u00fdzkumn\u00e9 projekty vp\u0159ed. Neust\u00e1le pracujeme na roz\u0161i\u0159ov\u00e1n\u00ed na\u0161\u00ed nab\u00eddky, abychom vyhov\u011bli m\u011bn\u00edc\u00edm se po\u017eadavk\u016fm v\u011bdeck\u00e9ho v\u00fdzkumu. Proto v\u00e1s vyb\u00edz\u00edme, abyste pravideln\u011b nav\u0161t\u011bvovali na\u0161e webov\u00e9 str\u00e1nky a z\u016fstali informov\u00e1ni o na\u0161ich nejnov\u011bj\u0161\u00edch produktech a nab\u00eddk\u00e1ch. Jsme tu, abychom podpo\u0159ili va\u0161e v\u011bdeck\u00e9 objevy.<\/p>\n<h2>Z\u00e1vazek k \u010distot\u011b a v\u011bdeck\u00e9 integrit\u011b<\/h2>\n<p>V Chemgramx ch\u00e1peme, \u017ee v\u011bdeck\u00e1 integrita z\u00e1vis\u00ed na kvalit\u011b pou\u017eit\u00fdch materi\u00e1l\u016f. Proto se zavazujeme, \u017ee v\u00e1m poskytneme <b>Autentick\u00fd 23-MDPV<\/b> nab\u00edzet produkty, kter\u00e9 spl\u0148uj\u00ed p\u0159\u00edsn\u00e9 normy \u010distoty. Pokud <b>Vysoce \u010dist\u00fd 23-MDPV na prodej<\/b> m\u016f\u017eete se spolehnout na na\u0161e p\u0159\u00edsn\u00e9 testovac\u00ed postupy. Ka\u017ed\u00fd krok, od synt\u00e9zy a\u017e po pln\u011bn\u00ed, je pe\u010dliv\u011b sledov\u00e1n. M\u016f\u017eete si tedy b\u00fdt jisti, \u017ee produkt, kter\u00fd obdr\u017e\u00edte, je vhodn\u00fd pro va\u0161e nejn\u00e1ro\u010dn\u011bj\u0161\u00ed aplikace. Spolehn\u011bte se na Chemgramx, pokud jde o bezkonkuren\u010dn\u00ed kvalitu a spolehlivost ve v\u00fdzkumu.<\/p>\n<table>\n<caption>Chemgramx 23-MDPV Podrobnosti o produktu<\/caption>\n<tr>\n<th>charakteristika<\/th>\n<th>Popis<\/th>\n<\/tr>\n<tr>\n<td>N\u00e1zev produktu<\/td>\n<td>23-MDPV<\/td>\n<\/tr>\n<tr>\n<td>Purity<\/td>\n<td><b>99%<\/b> minimum<\/td>\n<\/tr>\n<tr>\n<td>\u00farove\u0148 kvality<\/td>\n<td><b>V\u00fdzkumn\u00e1 \u00farove\u0148<\/b>, <b>Laboratorn\u00ed kvalita<\/b><\/td>\n<\/tr>\n<tr>\n<td>Pou\u017eit\u00ed<\/td>\n<td>V\u00fdzkum a v\u00fdvoj, analytick\u00e9 standardy<\/td>\n<\/tr>\n<tr>\n<td>Dostupnost<\/td>\n<td><b>Koupit 23-MDPV online<\/b><\/td>\n<\/tr>\n<\/table>\n<p>V\u017edy se sna\u017e\u00edme p\u0159ekon\u00e1vat o\u010dek\u00e1v\u00e1n\u00ed na\u0161ich z\u00e1kazn\u00edk\u016f. Pokud <b>Objednejte si 23-MDPV online<\/b> se rozhodnete pro dodavatele, kter\u00fd se zav\u00e1zal k dokonalosti. Chemgramx je proto va\u0161\u00edm d\u016fv\u011bryhodn\u00fdm partnerem pro v\u0161echny va\u0161e pot\u0159eby v oblasti v\u00fdzkumn\u00fdch chemik\u00e1li\u00ed. Objevte rozd\u00edl, kter\u00fd p\u0159in\u00e1\u0161\u00ed kvalita, a za\u017eijte prvot\u0159\u00eddn\u00ed slu\u017eby. T\u011b\u0161\u00edme se, \u017ee v\u00e1m budeme moci pomoci ve va\u0161ich v\u011bdeck\u00fdch snah\u00e1ch.<\/p>","protected":false},"excerpt":{"rendered":"<p>Vysok\u00e1 \u010distota <b>23-MDPV<\/b> (<b>99%<\/b> \u010cistota), k dispozici v <b>V\u00fdzkumn\u00e1 \u00farove\u0148<\/b> a <b>Laboratorn\u00ed kvalita<\/b>. Ide\u00e1ln\u00ed pro n\u00e1ro\u010dn\u00e9 v\u00fdzkumn\u00e9 aplikace. Za\u017eijte <b>\u0160pi\u010dkov\u00e1 kvalita 23-MDPV<\/b> a <b>Bezpe\u010dn\u00fd n\u00e1kup<\/b>. Objednejte si <b>23-MDPV online<\/b> u Chemgramx.<\/p>","protected":false},"featured_media":8426,"comment_status":"open","ping_status":"closed","template":"","meta":{"_joinchat":[]},"product_brand":[],"product_cat":[48],"product_tag":[2548,2552,2550,2556,2549,2555,2551,2553,2554,2015],"class_list":{"0":"post-8390","1":"product","2":"type-product","3":"status-publish","4":"has-post-thumbnail","6":"product_cat-stimulants","7":"product_tag-23-mdpv-kaufen","8":"product_tag-23-mdpv-kaufen-deutschland","9":"product_tag-23-mdpv-kristalle","10":"product_tag-23-mdpv-kristalle-kaufen","11":"product_tag-23-mdpv-online","12":"product_tag-23-mdpv-online-kaufen","13":"product_tag-23-mdpv-pulver","14":"product_tag-23-mdpv-research-chemical","15":"product_tag-23-mdpv-zum-verkauf","16":"product_tag-synthetische-drogen","18":"first","19":"instock","20":"shipping-taxable","21":"purchasable","22":"product-type-variable"},"yoast_head":"<!-- This site is optimized with the Yoast SEO plugin v27.5 - https:\/\/yoast.com\/product\/yoast-seo-wordpress\/ -->\n<title>23-MDPV Online Kaufen<\/title>\n<meta name=\"description\" content=\"Entdecken Sie 23-MDPV in Top-Qualit\u00e4t f\u00fcr Ihre Forschung. Sichere Beschaffung und h\u00f6chste Reinheit. Jetzt 23-MDPV online kaufen.\" \/>\n<meta name=\"robots\" content=\"index, follow, max-snippet:-1, max-image-preview:large, max-video-preview:-1\" \/>\n<link rel=\"canonical\" href=\"https:\/\/chemgramx.com\/cs\/produkt-1\/23-koupit-mdpv-online\/\" \/>\n<meta property=\"og:locale\" content=\"cs_CZ\" \/>\n<meta property=\"og:type\" content=\"article\" \/>\n<meta property=\"og:title\" content=\"23-MDPV Online Kaufen\" \/>\n<meta property=\"og:description\" content=\"Entdecken Sie 23-MDPV in Top-Qualit\u00e4t f\u00fcr Ihre Forschung. Sichere Beschaffung und h\u00f6chste Reinheit. Jetzt 23-MDPV online kaufen.\" \/>\n<meta property=\"og:url\" content=\"https:\/\/chemgramx.com\/cs\/produkt-1\/23-koupit-mdpv-online\/\" \/>\n<meta property=\"og:site_name\" content=\"Chemgramx\" \/>\n<meta property=\"article:modified_time\" content=\"2025-12-09T09:56:56+00:00\" \/>\n<meta property=\"og:image\" content=\"https:\/\/chemgramx.com\/wp-content\/uploads\/2025\/11\/2-3md.png\" \/>\n\t<meta property=\"og:image:width\" content=\"600\" \/>\n\t<meta property=\"og:image:height\" content=\"400\" \/>\n\t<meta property=\"og:image:type\" content=\"image\/png\" \/>\n<meta name=\"twitter:card\" content=\"summary_large_image\" \/>\n<meta name=\"twitter:label1\" content=\"Odhadovan\u00e1 doba \u010dten\u00ed\" \/>\n\t<meta name=\"twitter:data1\" content=\"4 minuty\" \/>\n<script type=\"application\/ld+json\" class=\"yoast-schema-graph\">{\"@context\":\"https:\\\/\\\/schema.org\",\"@graph\":[{\"@type\":\"WebPage\",\"@id\":\"https:\\\/\\\/chemgramx.com\\\/product\\\/23-mdpv-online-kaufen\\\/\",\"url\":\"https:\\\/\\\/chemgramx.com\\\/product\\\/23-mdpv-online-kaufen\\\/\",\"name\":\"23-MDPV Online Kaufen\",\"isPartOf\":{\"@id\":\"https:\\\/\\\/chemgramx.com\\\/#website\"},\"primaryImageOfPage\":{\"@id\":\"https:\\\/\\\/chemgramx.com\\\/product\\\/23-mdpv-online-kaufen\\\/#primaryimage\"},\"image\":{\"@id\":\"https:\\\/\\\/chemgramx.com\\\/product\\\/23-mdpv-online-kaufen\\\/#primaryimage\"},\"thumbnailUrl\":\"https:\\\/\\\/chemgramx.com\\\/wp-content\\\/uploads\\\/2025\\\/11\\\/2-3md.png\",\"datePublished\":\"2025-11-21T18:18:29+00:00\",\"dateModified\":\"2025-12-09T09:56:56+00:00\",\"description\":\"Entdecken Sie 23-MDPV in Top-Qualit\u00e4t f\u00fcr Ihre Forschung. Sichere Beschaffung und h\u00f6chste Reinheit. Jetzt 23-MDPV online kaufen.\",\"breadcrumb\":{\"@id\":\"https:\\\/\\\/chemgramx.com\\\/product\\\/23-mdpv-online-kaufen\\\/#breadcrumb\"},\"inLanguage\":\"cs\",\"potentialAction\":[{\"@type\":\"ReadAction\",\"target\":[\"https:\\\/\\\/chemgramx.com\\\/product\\\/23-mdpv-online-kaufen\\\/\"]}]},{\"@type\":\"ImageObject\",\"inLanguage\":\"cs\",\"@id\":\"https:\\\/\\\/chemgramx.com\\\/product\\\/23-mdpv-online-kaufen\\\/#primaryimage\",\"url\":\"https:\\\/\\\/chemgramx.com\\\/wp-content\\\/uploads\\\/2025\\\/11\\\/2-3md.png\",\"contentUrl\":\"https:\\\/\\\/chemgramx.com\\\/wp-content\\\/uploads\\\/2025\\\/11\\\/2-3md.png\",\"width\":600,\"height\":400},{\"@type\":\"BreadcrumbList\",\"@id\":\"https:\\\/\\\/chemgramx.com\\\/product\\\/23-mdpv-online-kaufen\\\/#breadcrumb\",\"itemListElement\":[{\"@type\":\"ListItem\",\"position\":1,\"name\":\"Home\",\"item\":\"https:\\\/\\\/chemgramx.com\\\/\"},{\"@type\":\"ListItem\",\"position\":2,\"name\":\"Shop\",\"item\":\"https:\\\/\\\/chemgramx.com\\\/shop\\\/\"},{\"@type\":\"ListItem\",\"position\":3,\"name\":\"23-MDPV Online Kaufen\"}]},{\"@type\":\"WebSite\",\"@id\":\"https:\\\/\\\/chemgramx.com\\\/#website\",\"url\":\"https:\\\/\\\/chemgramx.com\\\/\",\"name\":\"Chemgramx\",\"description\":\"\",\"publisher\":{\"@id\":\"https:\\\/\\\/chemgramx.com\\\/#organization\"},\"potentialAction\":[{\"@type\":\"SearchAction\",\"target\":{\"@type\":\"EntryPoint\",\"urlTemplate\":\"https:\\\/\\\/chemgramx.com\\\/?s={search_term_string}\"},\"query-input\":{\"@type\":\"PropertyValueSpecification\",\"valueRequired\":true,\"valueName\":\"search_term_string\"}}],\"inLanguage\":\"cs\"},{\"@type\":\"Organization\",\"@id\":\"https:\\\/\\\/chemgramx.com\\\/#organization\",\"name\":\"Chemgramx\",\"url\":\"https:\\\/\\\/chemgramx.com\\\/\",\"logo\":{\"@type\":\"ImageObject\",\"inLanguage\":\"cs\",\"@id\":\"https:\\\/\\\/chemgramx.com\\\/#\\\/schema\\\/logo\\\/image\\\/\",\"url\":\"https:\\\/\\\/chemgramx.com\\\/wp-content\\\/uploads\\\/2024\\\/10\\\/final-logo.png\",\"contentUrl\":\"https:\\\/\\\/chemgramx.com\\\/wp-content\\\/uploads\\\/2024\\\/10\\\/final-logo.png\",\"width\":250,\"height\":48,\"caption\":\"Chemgramx\"},\"image\":{\"@id\":\"https:\\\/\\\/chemgramx.com\\\/#\\\/schema\\\/logo\\\/image\\\/\"}}]}<\/script>\n<!-- \/ Yoast SEO plugin. -->","yoast_head_json":{"title":"Koupit 23-MDPV online","description":"Objevte 23-MDPV v nejvy\u0161\u0161\u00ed kvalit\u011b pro sv\u016fj v\u00fdzkum. Bezpe\u010dn\u00e9 dod\u00e1n\u00ed a nejvy\u0161\u0161\u00ed \u010distota. Kupte si 23-MDPV online je\u0161t\u011b dnes.","robots":{"index":"index","follow":"follow","max-snippet":"max-snippet:-1","max-image-preview":"max-image-preview:large","max-video-preview":"max-video-preview:-1"},"canonical":"https:\/\/chemgramx.com\/cs\/produkt-1\/23-koupit-mdpv-online\/","og_locale":"cs_CZ","og_type":"article","og_title":"23-MDPV Online Kaufen","og_description":"Entdecken Sie 23-MDPV in Top-Qualit\u00e4t f\u00fcr Ihre Forschung. Sichere Beschaffung und h\u00f6chste Reinheit. Jetzt 23-MDPV online kaufen.","og_url":"https:\/\/chemgramx.com\/cs\/produkt-1\/23-koupit-mdpv-online\/","og_site_name":"Chemgramx","article_modified_time":"2025-12-09T09:56:56+00:00","og_image":[{"width":600,"height":400,"url":"https:\/\/chemgramx.com\/wp-content\/uploads\/2025\/11\/2-3md.png","type":"image\/png"}],"twitter_card":"summary_large_image","twitter_misc":{"Odhadovan\u00e1 doba \u010dten\u00ed":"4 minuty"},"schema":{"@context":"https:\/\/schema.org","@graph":[{"@type":"WebPage","@id":"https:\/\/chemgramx.com\/product\/23-mdpv-online-kaufen\/","url":"https:\/\/chemgramx.com\/product\/23-mdpv-online-kaufen\/","name":"Koupit 23-MDPV online","isPartOf":{"@id":"https:\/\/chemgramx.com\/#website"},"primaryImageOfPage":{"@id":"https:\/\/chemgramx.com\/product\/23-mdpv-online-kaufen\/#primaryimage"},"image":{"@id":"https:\/\/chemgramx.com\/product\/23-mdpv-online-kaufen\/#primaryimage"},"thumbnailUrl":"https:\/\/chemgramx.com\/wp-content\/uploads\/2025\/11\/2-3md.png","datePublished":"2025-11-21T18:18:29+00:00","dateModified":"2025-12-09T09:56:56+00:00","description":"Objevte 23-MDPV v nejvy\u0161\u0161\u00ed kvalit\u011b pro sv\u016fj v\u00fdzkum. Bezpe\u010dn\u00e9 dod\u00e1n\u00ed a nejvy\u0161\u0161\u00ed \u010distota. Kupte si 23-MDPV online je\u0161t\u011b dnes.","breadcrumb":{"@id":"https:\/\/chemgramx.com\/product\/23-mdpv-online-kaufen\/#breadcrumb"},"inLanguage":"cs","potentialAction":[{"@type":"ReadAction","target":["https:\/\/chemgramx.com\/product\/23-mdpv-online-kaufen\/"]}]},{"@type":"ImageObject","inLanguage":"cs","@id":"https:\/\/chemgramx.com\/product\/23-mdpv-online-kaufen\/#primaryimage","url":"https:\/\/chemgramx.com\/wp-content\/uploads\/2025\/11\/2-3md.png","contentUrl":"https:\/\/chemgramx.com\/wp-content\/uploads\/2025\/11\/2-3md.png","width":600,"height":400},{"@type":"BreadcrumbList","@id":"https:\/\/chemgramx.com\/product\/23-mdpv-online-kaufen\/#breadcrumb","itemListElement":[{"@type":"ListItem","position":1,"name":"Home","item":"https:\/\/chemgramx.com\/"},{"@type":"ListItem","position":2,"name":"Shop","item":"https:\/\/chemgramx.com\/shop\/"},{"@type":"ListItem","position":3,"name":"23-MDPV Online Kaufen"}]},{"@type":"WebSite","@id":"https:\/\/chemgramx.com\/#website","url":"https:\/\/chemgramx.com\/","name":"Chemgramx","description":"","publisher":{"@id":"https:\/\/chemgramx.com\/#organization"},"potentialAction":[{"@type":"SearchAction","target":{"@type":"EntryPoint","urlTemplate":"https:\/\/chemgramx.com\/?s={search_term_string}"},"query-input":{"@type":"PropertyValueSpecification","valueRequired":true,"valueName":"search_term_string"}}],"inLanguage":"cs"},{"@type":"Organization","@id":"https:\/\/chemgramx.com\/#organization","name":"Chemgramx","url":"https:\/\/chemgramx.com\/","logo":{"@type":"ImageObject","inLanguage":"cs","@id":"https:\/\/chemgramx.com\/#\/schema\/logo\/image\/","url":"https:\/\/chemgramx.com\/wp-content\/uploads\/2024\/10\/final-logo.png","contentUrl":"https:\/\/chemgramx.com\/wp-content\/uploads\/2024\/10\/final-logo.png","width":250,"height":48,"caption":"Chemgramx"},"image":{"@id":"https:\/\/chemgramx.com\/#\/schema\/logo\/image\/"}}]}},"_links":{"self":[{"href":"https:\/\/chemgramx.com\/cs\/wp-json\/wp\/v2\/product\/8390","targetHints":{"allow":["GET"]}}],"collection":[{"href":"https:\/\/chemgramx.com\/cs\/wp-json\/wp\/v2\/product"}],"about":[{"href":"https:\/\/chemgramx.com\/cs\/wp-json\/wp\/v2\/types\/product"}],"replies":[{"embeddable":true,"href":"https:\/\/chemgramx.com\/cs\/wp-json\/wp\/v2\/comments?post=8390"}],"wp:featuredmedia":[{"embeddable":true,"href":"https:\/\/chemgramx.com\/cs\/wp-json\/wp\/v2\/media\/8426"}],"wp:attachment":[{"href":"https:\/\/chemgramx.com\/cs\/wp-json\/wp\/v2\/media?parent=8390"}],"wp:term":[{"taxonomy":"product_brand","embeddable":true,"href":"https:\/\/chemgramx.com\/cs\/wp-json\/wp\/v2\/product_brand?post=8390"},{"taxonomy":"product_cat","embeddable":true,"href":"https:\/\/chemgramx.com\/cs\/wp-json\/wp\/v2\/product_cat?post=8390"},{"taxonomy":"product_tag","embeddable":true,"href":"https:\/\/chemgramx.com\/cs\/wp-json\/wp\/v2\/product_tag?post=8390"}],"curies":[{"name":"wp","href":"https:\/\/api.w.org\/{rel}","templated":true}]}}