{"id":8391,"date":"2025-11-21T18:18:29","date_gmt":"2025-11-21T18:18:29","guid":{"rendered":"https:\/\/chemgramx.com\/?post_type=product&#038;p=8391"},"modified":"2025-12-09T09:57:05","modified_gmt":"2025-12-09T09:57:05","slug":"23b-pvp-koupit-online","status":"publish","type":"product","link":"https:\/\/chemgramx.com\/cs\/product\/23b-pvp-online-kaufen\/","title":{"rendered":"Koupit 23b-PVP \u2013 vysoce kvalitn\u00ed, \u010dist\u00fd"},"content":{"rendered":"<h2>Vysoce kvalitn\u00ed 23b-PVP pro n\u00e1ro\u010dn\u00e9 v\u00fdzkumn\u00e9 projekty<\/h2>\n<p>Objevte vynikaj\u00edc\u00ed kvalitu 23b-PVP, specializovan\u00e9ho chemick\u00e9ho materi\u00e1lu, kter\u00fd je ve v\u011bdeck\u00e9 komunit\u011b cen\u011bn pro svou \u010distotu a spolehlivost. Pokud <b>23b-PVP na prodej<\/b> Chemgramx v\u00e1m nab\u00edz\u00ed produkt, kter\u00fd spl\u0148uje nejvy\u0161\u0161\u00ed standardy. Na\u0161e z\u00e1vazek k dokonalosti zaru\u010duje, \u017ee dostanete materi\u00e1l, kter\u00fd je nezbytn\u00fd pro p\u0159esn\u00e9 a reprodukovateln\u00e9 v\u00fdsledky ve va\u0161em v\u00fdzkumu. Ch\u00e1peme z\u00e1sadn\u00ed v\u00fdznam \u010distoty v chemick\u00e9 anal\u00fdze a synt\u00e9ze, proto se v\u011bnujeme dod\u00e1vk\u00e1m chemik\u00e1li\u00ed, na kter\u00e9 se m\u016f\u017eete spolehnout. Nejedn\u00e1 se pouze o dal\u0161\u00ed l\u00e1tku; jedn\u00e1 se o pe\u010dliv\u011b p\u0159ipravenou surovinu, kter\u00e1 je navr\u017eena tak, aby p\u0159ekonala o\u010dek\u00e1v\u00e1n\u00ed n\u00e1ro\u010dn\u00fdch v\u011bdc\u016f. <b>\u0160pi\u010dkov\u00e1 kvalita 23b-PVP<\/b> nen\u00ed u n\u00e1s jen slogan, ale slib, kter\u00fd pln\u00edme p\u0159i ka\u017ed\u00e9 jednotliv\u00e9 objedn\u00e1vce. Zveme v\u00e1s, abyste vyzkou\u0161eli rozd\u00edl, kter\u00fd m\u016f\u017ee vynikaj\u00edc\u00ed kvalita p\u0159in\u00e9st do va\u0161\u00ed laboratorn\u00ed pr\u00e1ce.<\/p>\n<p>Na\u0161e snaha o dosa\u017een\u00ed \u0161pi\u010dkov\u00e9 kvality za\u010d\u00edn\u00e1 ji\u017e p\u0159i n\u00e1kupu surovin a pokra\u010duje b\u011bhem cel\u00e9ho procesu zpracov\u00e1n\u00ed. S <b>Koupit 23b-PVP online<\/b> m\u016f\u017eete si b\u00fdt jisti, \u017ee dostanete produkt, kter\u00fd podl\u00e9h\u00e1 p\u0159\u00edsn\u00fdm kontrol\u00e1m kvality. To zaru\u010duje konzistentn\u00ed slo\u017een\u00ed a nejvy\u0161\u0161\u00ed \u010distotu, co\u017e je pro va\u0161e v\u00fdzkumn\u00e9 v\u00fdsledky z\u00e1sadn\u00ed. Jsme hrd\u00ed na to, \u017ee umo\u017e\u0148ujeme v\u00fdzkumn\u00edk\u016fm po cel\u00e9m sv\u011bt\u011b p\u0159\u00edstup k prvot\u0159\u00eddn\u00edm chemick\u00fdm \u010dinidl\u016fm. Proto je <b>Nejlep\u0161\u00ed 23b-PVP na trhu<\/b> je v\u017edy na\u0161\u00edm c\u00edlem, pokud jde o dod\u00e1vku na\u0161ich produkt\u016f. P\u0159esn\u00e1 charakterizace a ov\u011b\u0159en\u00ed ka\u017ed\u00e9 \u0161ar\u017ee zaru\u010duj\u00ed, \u017ee dostanete p\u0159esn\u011b to, co o\u010dek\u00e1v\u00e1te \u2013 \u010dist\u00fd, \u00fa\u010dinn\u00fd a spolehliv\u00fd chemick\u00fd n\u00e1stroj pro va\u0161e specializovan\u00e9 aplikace.<\/p>\n<h2>Pro\u010d si vybrat Chemgramx pro v\u00e1\u0161 23b-PVP?<\/h2>\n<p>V\u00fdb\u011br spr\u00e1vn\u00e9ho dodavatele pro va\u0161e chemick\u00e9 pot\u0159eby je nesm\u00edrn\u011b d\u016fle\u017eit\u00fd. Ve spole\u010dnosti Chemgramx klademe velk\u00fd d\u016fraz na \u010distotu a integritu na\u0161ich produkt\u016f. Pokud <b>23b-PVP na prodej<\/b> U n\u00e1s nez\u00edsk\u00e1v\u00e1te pouze chemickou l\u00e1tku, ale tak\u00e9 jistotu, \u017ee byla vyrobena a zpracov\u00e1na za kontrolovan\u00fdch podm\u00ednek. Nab\u00edz\u00edme <b>Vysok\u00e1 \u010distota na prodej<\/b>, co\u017e znamen\u00e1, \u017ee se m\u016f\u017eete spolehnout na p\u0159esn\u00e9 a spolehliv\u00e9 v\u00fdsledky sv\u00fdch experiment\u016f. Na\u0161e odborn\u00e9 znalosti v chemick\u00e9m pr\u016fmyslu n\u00e1m umo\u017e\u0148uj\u00ed nab\u00eddnout produkt, kter\u00fd spl\u0148uje nejp\u0159\u00edsn\u011bj\u0161\u00ed po\u017eadavky modern\u00edch v\u00fdzkumn\u00fdch laborato\u0159\u00ed.<\/p>\n<p>Krom\u011b toho je n\u00e1\u0161 proces navr\u017een tak, aby zachoval integritu produktu a\u017e do okam\u017eiku, kdy se dostane do va\u0161ich rukou. Ch\u00e1peme, \u017ee pr\u00e1ce s jemn\u00fdmi chemik\u00e1liemi vy\u017eaduje p\u0159esnost, a sna\u017e\u00edme se tuto p\u0159esnost zachovat v ka\u017ed\u00e9m kroku na\u0161eho provozu. Proto je <b>Objednejte si 23b-PVP online<\/b> rozhodnut\u00ed pro kvalitu a spolehlivost. M\u016f\u017eete se spolehnout, \u017ee v\u00e1mi zakoupen\u00fd 23b-PVP spl\u0148uje nejvy\u0161\u0161\u00ed standardy. Na\u0161\u00edm c\u00edlem je nab\u00eddnout v\u00e1m nejen produkt, ale tak\u00e9 slu\u017eby, kter\u00e9 optim\u00e1ln\u011b podpo\u0159\u00ed va\u0161e v\u00fdzkumn\u00e9 projekty.<\/p>\n<h2>Specifikace produktu a z\u00e1ruka \u010distoty<\/h2>\n<p>N\u00e1\u0161 23b-PVP je nab\u00edzen s d\u016frazem na nejvy\u0161\u0161\u00ed \u010distotu. V\u00edme, \u017ee ne\u010distoty mohou zkreslit v\u011bdeck\u00e9 v\u00fdsledky. Proto zaji\u0161\u0165ujeme, aby n\u00e1\u0161 produkt spl\u0148oval po\u017eadavky na <b>V\u00fdzkumn\u00e1 kvalita na prodej<\/b> . Specifikace jsou pe\u010dliv\u011b zdokumentov\u00e1ny a k dispozici k nahl\u00e9dnut\u00ed. To podtrhuje n\u00e1\u0161 z\u00e1vazek k transparentnosti a zaji\u0161t\u011bn\u00ed kvality. Pokud hled\u00e1te spolehliv\u00e9ho partnera pro sv\u00e9 chemick\u00e9 pot\u0159eby, Chemgramx je tou spr\u00e1vnou volbou.<\/p>\n<p>Zaru\u010dujeme, \u017ee ka\u017ed\u00e1 \u0161ar\u017ee na\u0161eho 23b-PVP proch\u00e1z\u00ed p\u0159\u00edsn\u00fdmi anal\u00fdzami, kter\u00e9 potvrzuj\u00ed jeho identitu a \u010distotu. M\u016f\u017eete si tedy b\u00fdt jisti, \u017ee <b>Autentick\u00fd 23b-PVP<\/b> vhodn\u00fd pro va\u0161e konkr\u00e9tn\u00ed aplikace. Podrobn\u00e1 dokumentace, kterou poskytujeme, v\u00e1m umo\u017en\u00ed pln\u011b pochopit kvalitu a konzistenci produktu. To je podstatnou sou\u010d\u00e1st\u00ed na\u0161eho slibu, \u017ee v\u00e1m nab\u00eddneme pouze to nejlep\u0161\u00ed.<\/p>\n<h3>Oblasti pou\u017eit\u00ed a v\u011bdeck\u00fd p\u0159\u00ednos<\/h3>\n<p>23b-PVP se pou\u017e\u00edv\u00e1 v r\u016fzn\u00fdch oblastech chemick\u00e9ho v\u00fdzkumu a v\u00fdvoje. Jeho specifick\u00e9 vlastnosti z n\u011bj \u010din\u00ed cenn\u00fd n\u00e1stroj pro v\u011bdce, kte\u0159\u00ed cht\u011bj\u00ed syntetizovat nov\u00e9 slou\u010deniny nebo optimalizovat st\u00e1vaj\u00edc\u00ed procesy. P\u0159esn\u00e9 slo\u017een\u00ed na\u0161eho produktu je rozhoduj\u00edc\u00ed pro reprodukovatelnost experiment\u016f, co\u017e je z\u00e1kladn\u00ed pil\u00ed\u0159 v\u011bdeck\u00e9 metody. S <b>Laboratorn\u00ed kvalita na prodej<\/b> Zaji\u0161\u0165ujeme, aby va\u0161e laborato\u0159 byla vybavena materi\u00e1ly, kter\u00e9 spl\u0148uj\u00ed nejvy\u0161\u0161\u00ed profesion\u00e1ln\u00ed standardy.<\/p>\n<p>Schopnost pracovat s vysoce \u010dist\u00fdmi chemik\u00e1liemi je z\u00e1sadn\u00ed pro pokrok v oblastech, jako je materi\u00e1lov\u00e9 in\u017een\u00fdrstv\u00ed a farmaceutick\u00fd v\u00fdzkum. Jsme hrd\u00ed na to, \u017ee m\u016f\u017eeme p\u0159isp\u00edvat k t\u011bmto d\u016fle\u017eit\u00fdm v\u011bdeck\u00fdm projekt\u016fm t\u00edm, \u017ee <b>\u0160pi\u010dkov\u00e1 kvalita 23b-PVP<\/b> Na\u0161i z\u00e1kazn\u00edci se spol\u00e9haj\u00ed na konzistenci a \u010distotu na\u0161ich produkt\u016f, aby dos\u00e1hli sv\u00fdch v\u00fdzkumn\u00fdch c\u00edl\u016f. Objevte potenci\u00e1l, kter\u00fd sk\u00fdt\u00e1 pou\u017eit\u00ed chemik\u00e1li\u00ed nejvy\u0161\u0161\u00ed kvality.<\/p>\n<h3>Bezpe\u010dnost a manipulace<\/h3>\n<p>Bezpe\u010dn\u00e9 zach\u00e1zen\u00ed s chemick\u00fdmi l\u00e1tkami je nanejv\u00fd\u0161 d\u016fle\u017eit\u00e9. Doporu\u010dujeme v\u0161em u\u017eivatel\u016fm, aby se p\u0159ed pou\u017eit\u00edm 23b-PVP d\u016fkladn\u011b sezn\u00e1mili s nezbytn\u00fdmi bezpe\u010dnostn\u00edmi opat\u0159en\u00edmi. Na\u0161e produkty jsou zpracov\u00e1v\u00e1ny s c\u00edlem maximalizovat jejich integritu a \u010distotu. M\u016f\u017eete se spolehnout, \u017ee p\u0159i zpracov\u00e1n\u00ed dodr\u017eujeme nejvy\u0161\u0161\u00ed standardy. Pro zaji\u0161t\u011bn\u00ed bezpe\u010dn\u00e9ho zach\u00e1zen\u00ed v\u017edy dodr\u017eujte p\u0159\u00edslu\u0161n\u00e9 bezpe\u010dnostn\u00ed listy (SDB). Pe\u010dliv\u00e9 zpracov\u00e1n\u00ed a zach\u00e1zen\u00ed jsou ned\u00edlnou sou\u010d\u00e1st\u00ed na\u0161eho slibu kvality.<\/p>\n<p>U spole\u010dnosti Chemgramx je zaji\u0161t\u011bn\u00ed kvality nep\u0159etr\u017eit\u00fdm procesem. Neust\u00e1le kontrolujeme a vylep\u0161ujeme na\u0161e metody, abychom zajistili, \u017ee na\u0161e produkty spl\u0148uj\u00ed a p\u0159ekra\u010duj\u00ed o\u010dek\u00e1v\u00e1n\u00ed na\u0161ich z\u00e1kazn\u00edk\u016f. Pokud tedy <b>Nejlep\u0161\u00ed 23b-PVP na trhu<\/b> hled\u00e1te, jste u n\u00e1s na spr\u00e1vn\u00e9m m\u00edst\u011b. Sna\u017e\u00edme se o nejvy\u0161\u0161\u00ed standardy v dod\u00e1vk\u00e1ch chemik\u00e1li\u00ed, abychom podpo\u0159ili va\u0161i v\u00fdzkumnou pr\u00e1ci. Jedna <b>Bezpe\u010dn\u00fd n\u00e1kup<\/b> je u n\u00e1s zaru\u010dena, proto\u017ee klademe velk\u00fd d\u016fraz na integritu na\u0161ich proces\u016f.<\/p>\n<h3>Pro\u010d je volba 23b-PVP tak d\u016fle\u017eit\u00e1?<\/h3>\n<p>V\u00fdb\u011br spr\u00e1vn\u00e9 chemick\u00e9 slou\u010deniny je prvn\u00edm krokem k \u00fasp\u011b\u0161n\u00fdm v\u00fdsledk\u016fm v\u00fdzkumu. 23b-PVP nab\u00edz\u00ed specifick\u00e9 vlastnosti, d\u00edky nim\u017e je zvl\u00e1\u0161t\u011b vhodn\u00fd pro \u0159adu v\u011bdeck\u00fdch studi\u00ed. Dostupnost tohoto materi\u00e1lu ve vysok\u00e9 \u010distot\u011b, jakou nab\u00edz\u00ed Chemgramx, je nezbytn\u00e1 pro platnost va\u0161ich experiment\u016f. Pokud <b>23b-PVP na prodej<\/b> zva\u017ete, rozhodn\u011bte se pro n\u00e1stroj, kter\u00fd v\u00e1m umo\u017en\u00ed pracovat s p\u0159esnost\u00ed. Investice do kvalitn\u00edch chemik\u00e1li\u00ed je investic\u00ed do spolehlivosti va\u0161eho v\u00fdzkumu.<\/p>\n<p>P\u0159esn\u00e1 struktura a \u010distota 23b-PVP, jak ji zaru\u010duje Chemgramx, minimalizuje riziko ne\u017e\u00e1douc\u00edch vedlej\u0161\u00edch reakc\u00ed a zaji\u0161\u0165uje jasn\u011b definovan\u00e9 v\u00fdsledky. V\u011bdci, kte\u0159\u00ed se spol\u00e9haj\u00ed na p\u0159esnost, ocen\u00ed hodnotu <b>Vysok\u00e1 \u010distota na prodej<\/b> . Jsme hrd\u00ed na to, \u017ee m\u016f\u017eeme poskytovat tuto \u00farove\u0148 kvality, aby va\u0161e v\u011bdeck\u00e9 \u00fasil\u00ed bylo \u00fasp\u011b\u0161n\u00e9. Tento produkt je v\u00edce ne\u017e jen chemik\u00e1lie; je to partner ve va\u0161em procesu objevov\u00e1n\u00ed.<\/p>\n<h3>Za\u017eijte dokonalost s Chemgramx<\/h3>\n<p>Zveme v\u00e1s, <b>Objednejte si 23b-PVP online<\/b> u Chemgramx a vyu\u017eijte v\u00fdhod spolupr\u00e1ce s d\u016fv\u011bryhodn\u00fdm dodavatelem vysoce kvalitn\u00edch chemick\u00fdch reagenci\u00ed. Na\u0161e odhodl\u00e1n\u00ed k \u010distot\u011b, spolehlivosti a z\u00e1kaznick\u00e9mu servisu z n\u00e1s \u010din\u00ed ide\u00e1ln\u00ed volbu pro va\u0161e v\u00fdzkumn\u00e9 pot\u0159eby. Prozkoumejte n\u00e1\u0161 sortiment a zjist\u011bte, jak m\u016f\u017eeme podpo\u0159it va\u0161e v\u011bdeck\u00e9 projekty. Pokud <b>Autentick\u00fd 23b-PVP<\/b> pot\u0159ebujete, jsme va\u0161\u00edm partnerem prvn\u00ed volby.<\/p>\n<p>Na\u0161\u00edm c\u00edlem je podporovat va\u0161i v\u00fdzkumnou pr\u00e1ci dod\u00e1vkami chemik\u00e1li\u00ed nejvy\u0161\u0161\u00ed kvality. Nav\u0161tivte n\u00e1s online a dozv\u00edte se v\u00edce o na\u0161\u00ed nab\u00eddce a o tom, jak v\u00e1m m\u016f\u017eeme pomoci dos\u00e1hnout va\u0161ich v\u011bdeck\u00fdch c\u00edl\u016f. Pro n\u00e1ro\u010dn\u00e9 v\u00fdzkumn\u00e9 projekty je rozhoduj\u00edc\u00ed kvalita pou\u017eit\u00fdch materi\u00e1l\u016f a Chemgramx je synonymem t\u00e9to kvality. Na\u0161\u00edm c\u00edlem je poskytnout v\u00e1m <b>Nejlep\u0161\u00ed 23b-PVP na trhu<\/b> aby va\u0161e v\u011bdeck\u00e9 \u00fasil\u00ed bylo \u00fasp\u011b\u0161n\u00e9. Vyu\u017eijte t\u00e9to p\u0159\u00edle\u017eitosti, <b>koupit na Chemgramx<\/b> a za\u017eijte ten rozd\u00edl.<\/p>\n<p>Krom\u011b toho nab\u00edz\u00edme \u0161irokou \u0161k\u00e1lu chemick\u00fdch slou\u010denin pro r\u016fzn\u00e9 v\u00fdzkumn\u00e9 aplikace. Prohl\u00e9dn\u011bte si na\u0161i nab\u00eddku souvisej\u00edc\u00edch produkt\u016f, jako je nap\u0159\u00edklad n\u00e1\u0161 vysoce kvalitn\u00ed <a href=\"https:\/\/chemgramx.com\/product\/boh-2c-b-hcl-kaufen\/\">BOH-2C-B HCl<\/a>, kter\u00fd je rovn\u011b\u017e vyr\u00e1b\u011bn podle nejvy\u0161\u0161\u00edch standard\u016f \u010distoty. Konzistence a kvalita na\u0161ich chemik\u00e1li\u00ed jsou rozhoduj\u00edc\u00ed pro spolehlivost va\u0161eho v\u00fdzkumu. Jsme hrd\u00ed na to, \u017ee v\u011bdc\u016fm po cel\u00e9m sv\u011bt\u011b umo\u017e\u0148ujeme p\u0159\u00edstup k prvot\u0159\u00eddn\u00edm materi\u00e1l\u016fm.<\/p>\n<p>Neust\u00e1l\u00fd v\u00fdzkum a v\u00fdvoj nov\u00fdch chemick\u00fdch slou\u010denin je pro v\u011bdeck\u00fd pokrok z\u00e1sadn\u00ed. Ve spole\u010dnosti Chemgramx tento v\u00fdvoj podporujeme t\u00edm, \u017ee dod\u00e1v\u00e1me produkty jako 23b-PVP v <b>V\u00fdzkumn\u00e1 kvalita na prodej<\/b> . To umo\u017e\u0148uje v\u011bdc\u016fm posouvat hranice pozn\u00e1n\u00ed a nach\u00e1zet inovativn\u00ed \u0159e\u0161en\u00ed slo\u017eit\u00fdch probl\u00e9m\u016f. Zveme v\u00e1s, abyste se stali sou\u010d\u00e1st\u00ed t\u00e9to v\u011bdeck\u00e9 cesty a vyu\u017eili v\u00fdhod spolupr\u00e1ce s p\u0159edn\u00edm dodavatelem speci\u00e1ln\u00edch chemik\u00e1li\u00ed. Pro v\u0161echny va\u0161e pot\u0159eby v oblasti chemick\u00fdch reagenci\u00ed myslete na Chemgramx.<\/p>\n<p>Sv\u011b\u0159te sv\u00e9 v\u011bdeck\u00e9 pot\u0159eby spole\u010dnosti Chemgramx. Na\u0161\u00edm c\u00edlem je dod\u00e1vat v\u00e1m produkty v\u00fdjime\u010dn\u00e9 kvality, kter\u00e9 spln\u00ed va\u0161e n\u00e1ro\u010dn\u00e9 po\u017eadavky. Bezpe\u010dnost a \u010distota na\u0161ich chemik\u00e1li\u00ed jsou pro n\u00e1s nanejv\u00fd\u0161 d\u016fle\u017eit\u00e9 a ne\u00fanavn\u011b pracujeme na udr\u017een\u00ed t\u011bchto standard\u016f. Pokud <b>Laboratorn\u00ed kvalita na prodej<\/b> pot\u0159ebujete, jsme t\u00edm spr\u00e1vn\u00fdm zdrojem. Objevte spolehlivost a excelentnost, kter\u00e1 charakterizuje Chemgramx. V\u00e1\u0161 v\u00fdzkum si zaslou\u017e\u00ed jen to nejlep\u0161\u00ed a my jsme tu, abychom v\u00e1m to nejlep\u0161\u00ed poskytli.<\/p>\n<p>V\u00edme, \u017ee n\u00e1kup chemik\u00e1li\u00ed je kritick\u00fdm krokem v ka\u017ed\u00e9m v\u00fdzkumn\u00e9m projektu. Proto se sna\u017e\u00edme tento proces pro v\u00e1s co nejv\u00edce zjednodu\u0161it a zefektivnit, p\u0159i\u010dem\u017e z\u00e1rove\u0148 dodr\u017eujeme nejvy\u0161\u0161\u00ed standardy kvality. S <b>Koupit nyn\u00ed online<\/b> m\u016f\u017eete rychle a efektivn\u011b z\u00edskat p\u0159\u00edstup k pot\u0159ebn\u00fdm materi\u00e1l\u016fm. Integrita na\u0161ich produkt\u016f a spokojenost na\u0161ich z\u00e1kazn\u00edk\u016f jsou pro n\u00e1s na prvn\u00edm m\u00edst\u011b. Prozkoumejte na\u0161i nab\u00eddku a p\u0159esv\u011bd\u010dte se sami o kvalit\u011b, kterou Chemgramx nab\u00edz\u00ed.<\/p>","protected":false},"excerpt":{"rendered":"<p><b>23b-PVP<\/b> v nejvy\u0161\u0161\u00ed \u010distot\u011b, vhodn\u00fd pro n\u00e1ro\u010dn\u00fd v\u00fdzkum. Za\u017eijte <b>\u0160pi\u010dkov\u00e1 kvalita 23b-PVP<\/b>, kter\u00e9 podl\u00e9h\u00e1 p\u0159\u00edsn\u00fdm kontrol\u00e1m kvality. Zajist\u011bte si <b>Autentick\u00fd 23b-PVP<\/b> pro va\u0161e v\u011bdeck\u00e9 projekty. Objednejte si je\u0161t\u011b dnes online na Chemgramx.<\/p>","protected":false},"featured_media":8427,"comment_status":"open","ping_status":"closed","template":"","meta":{"_joinchat":[]},"product_brand":[],"product_cat":[48],"product_tag":[2535,2539,2537,2543,2536,2542,2538,2540,2541,2015],"class_list":{"0":"post-8391","1":"product","2":"type-product","3":"status-publish","4":"has-post-thumbnail","6":"product_cat-stimulants","7":"product_tag-23b-pvp-kaufen","8":"product_tag-23b-pvp-kaufen-deutschland","9":"product_tag-23b-pvp-kristalle","10":"product_tag-23b-pvp-kristalle-kaufen","11":"product_tag-23b-pvp-online","12":"product_tag-23b-pvp-online-kaufen","13":"product_tag-23b-pvp-pulver","14":"product_tag-23b-pvp-research-chemical","15":"product_tag-23b-pvp-zum-verkauf","16":"product_tag-synthetische-drogen","18":"first","19":"instock","20":"shipping-taxable","21":"purchasable","22":"product-type-variable"},"yoast_head":"<!-- This site is optimized with the Yoast SEO plugin v27.5 - https:\/\/yoast.com\/product\/yoast-seo-wordpress\/ -->\n<title>23b-PVP Kaufen - Hochwertig, Rein<\/title>\n<meta name=\"description\" content=\"Holen Sie sich 23b-PVP in h\u00f6chster Reinheit f\u00fcr Ihre Forschung. Bestellen Sie 23b-PVP online und profitieren Sie von Top-Qualit\u00e4t. Jetzt kaufen bei Chemgramx.\" \/>\n<meta name=\"robots\" content=\"index, follow, max-snippet:-1, max-image-preview:large, max-video-preview:-1\" \/>\n<link rel=\"canonical\" href=\"https:\/\/chemgramx.com\/cs\/produkt-1\/23b-pvp-koupit-online\/\" \/>\n<meta property=\"og:locale\" content=\"cs_CZ\" \/>\n<meta property=\"og:type\" content=\"article\" \/>\n<meta property=\"og:title\" content=\"23b-PVP Kaufen - Hochwertig, Rein\" \/>\n<meta property=\"og:description\" content=\"Holen Sie sich 23b-PVP in h\u00f6chster Reinheit f\u00fcr Ihre Forschung. Bestellen Sie 23b-PVP online und profitieren Sie von Top-Qualit\u00e4t. Jetzt kaufen bei Chemgramx.\" \/>\n<meta property=\"og:url\" content=\"https:\/\/chemgramx.com\/cs\/produkt-1\/23b-pvp-koupit-online\/\" \/>\n<meta property=\"og:site_name\" content=\"Chemgramx\" \/>\n<meta property=\"article:modified_time\" content=\"2025-12-09T09:57:05+00:00\" \/>\n<meta property=\"og:image\" content=\"https:\/\/chemgramx.com\/wp-content\/uploads\/2025\/11\/23pvp.png\" \/>\n\t<meta property=\"og:image:width\" content=\"600\" \/>\n\t<meta property=\"og:image:height\" content=\"400\" \/>\n\t<meta property=\"og:image:type\" content=\"image\/png\" \/>\n<meta name=\"twitter:card\" content=\"summary_large_image\" \/>\n<meta name=\"twitter:label1\" content=\"Odhadovan\u00e1 doba \u010dten\u00ed\" \/>\n\t<meta name=\"twitter:data1\" content=\"5 minut\" \/>\n<script type=\"application\/ld+json\" class=\"yoast-schema-graph\">{\"@context\":\"https:\\\/\\\/schema.org\",\"@graph\":[{\"@type\":\"WebPage\",\"@id\":\"https:\\\/\\\/chemgramx.com\\\/product\\\/23b-pvp-online-kaufen\\\/\",\"url\":\"https:\\\/\\\/chemgramx.com\\\/product\\\/23b-pvp-online-kaufen\\\/\",\"name\":\"23b-PVP Kaufen - Hochwertig, Rein\",\"isPartOf\":{\"@id\":\"https:\\\/\\\/chemgramx.com\\\/#website\"},\"primaryImageOfPage\":{\"@id\":\"https:\\\/\\\/chemgramx.com\\\/product\\\/23b-pvp-online-kaufen\\\/#primaryimage\"},\"image\":{\"@id\":\"https:\\\/\\\/chemgramx.com\\\/product\\\/23b-pvp-online-kaufen\\\/#primaryimage\"},\"thumbnailUrl\":\"https:\\\/\\\/chemgramx.com\\\/wp-content\\\/uploads\\\/2025\\\/11\\\/23pvp.png\",\"datePublished\":\"2025-11-21T18:18:29+00:00\",\"dateModified\":\"2025-12-09T09:57:05+00:00\",\"description\":\"Holen Sie sich 23b-PVP in h\u00f6chster Reinheit f\u00fcr Ihre Forschung. Bestellen Sie 23b-PVP online und profitieren Sie von Top-Qualit\u00e4t. Jetzt kaufen bei Chemgramx.\",\"breadcrumb\":{\"@id\":\"https:\\\/\\\/chemgramx.com\\\/product\\\/23b-pvp-online-kaufen\\\/#breadcrumb\"},\"inLanguage\":\"cs\",\"potentialAction\":[{\"@type\":\"ReadAction\",\"target\":[\"https:\\\/\\\/chemgramx.com\\\/product\\\/23b-pvp-online-kaufen\\\/\"]}]},{\"@type\":\"ImageObject\",\"inLanguage\":\"cs\",\"@id\":\"https:\\\/\\\/chemgramx.com\\\/product\\\/23b-pvp-online-kaufen\\\/#primaryimage\",\"url\":\"https:\\\/\\\/chemgramx.com\\\/wp-content\\\/uploads\\\/2025\\\/11\\\/23pvp.png\",\"contentUrl\":\"https:\\\/\\\/chemgramx.com\\\/wp-content\\\/uploads\\\/2025\\\/11\\\/23pvp.png\",\"width\":600,\"height\":400},{\"@type\":\"BreadcrumbList\",\"@id\":\"https:\\\/\\\/chemgramx.com\\\/product\\\/23b-pvp-online-kaufen\\\/#breadcrumb\",\"itemListElement\":[{\"@type\":\"ListItem\",\"position\":1,\"name\":\"Home\",\"item\":\"https:\\\/\\\/chemgramx.com\\\/\"},{\"@type\":\"ListItem\",\"position\":2,\"name\":\"Shop\",\"item\":\"https:\\\/\\\/chemgramx.com\\\/shop\\\/\"},{\"@type\":\"ListItem\",\"position\":3,\"name\":\"23b-PVP Kaufen &#8211; Hochwertig, Rein\"}]},{\"@type\":\"WebSite\",\"@id\":\"https:\\\/\\\/chemgramx.com\\\/#website\",\"url\":\"https:\\\/\\\/chemgramx.com\\\/\",\"name\":\"Chemgramx\",\"description\":\"\",\"publisher\":{\"@id\":\"https:\\\/\\\/chemgramx.com\\\/#organization\"},\"potentialAction\":[{\"@type\":\"SearchAction\",\"target\":{\"@type\":\"EntryPoint\",\"urlTemplate\":\"https:\\\/\\\/chemgramx.com\\\/?s={search_term_string}\"},\"query-input\":{\"@type\":\"PropertyValueSpecification\",\"valueRequired\":true,\"valueName\":\"search_term_string\"}}],\"inLanguage\":\"cs\"},{\"@type\":\"Organization\",\"@id\":\"https:\\\/\\\/chemgramx.com\\\/#organization\",\"name\":\"Chemgramx\",\"url\":\"https:\\\/\\\/chemgramx.com\\\/\",\"logo\":{\"@type\":\"ImageObject\",\"inLanguage\":\"cs\",\"@id\":\"https:\\\/\\\/chemgramx.com\\\/#\\\/schema\\\/logo\\\/image\\\/\",\"url\":\"https:\\\/\\\/chemgramx.com\\\/wp-content\\\/uploads\\\/2024\\\/10\\\/final-logo.png\",\"contentUrl\":\"https:\\\/\\\/chemgramx.com\\\/wp-content\\\/uploads\\\/2024\\\/10\\\/final-logo.png\",\"width\":250,\"height\":48,\"caption\":\"Chemgramx\"},\"image\":{\"@id\":\"https:\\\/\\\/chemgramx.com\\\/#\\\/schema\\\/logo\\\/image\\\/\"}}]}<\/script>\n<!-- \/ Yoast SEO plugin. -->","yoast_head_json":{"title":"Koupit 23b-PVP \u2013 vysok\u00e1 kvalita, \u010distota","description":"Z\u00edskejte 23b-PVP v nejvy\u0161\u0161\u00ed \u010distot\u011b pro sv\u016fj v\u00fdzkum. Objednejte si 23b-PVP online a vyu\u017eijte v\u00fdhody \u0161pi\u010dkov\u00e9 kvality. Kupte nyn\u00ed na Chemgramx.","robots":{"index":"index","follow":"follow","max-snippet":"max-snippet:-1","max-image-preview":"max-image-preview:large","max-video-preview":"max-video-preview:-1"},"canonical":"https:\/\/chemgramx.com\/cs\/produkt-1\/23b-pvp-koupit-online\/","og_locale":"cs_CZ","og_type":"article","og_title":"23b-PVP Kaufen - Hochwertig, Rein","og_description":"Holen Sie sich 23b-PVP in h\u00f6chster Reinheit f\u00fcr Ihre Forschung. Bestellen Sie 23b-PVP online und profitieren Sie von Top-Qualit\u00e4t. Jetzt kaufen bei Chemgramx.","og_url":"https:\/\/chemgramx.com\/cs\/produkt-1\/23b-pvp-koupit-online\/","og_site_name":"Chemgramx","article_modified_time":"2025-12-09T09:57:05+00:00","og_image":[{"width":600,"height":400,"url":"https:\/\/chemgramx.com\/wp-content\/uploads\/2025\/11\/23pvp.png","type":"image\/png"}],"twitter_card":"summary_large_image","twitter_misc":{"Odhadovan\u00e1 doba \u010dten\u00ed":"5 minut"},"schema":{"@context":"https:\/\/schema.org","@graph":[{"@type":"WebPage","@id":"https:\/\/chemgramx.com\/product\/23b-pvp-online-kaufen\/","url":"https:\/\/chemgramx.com\/product\/23b-pvp-online-kaufen\/","name":"Koupit 23b-PVP \u2013 vysok\u00e1 kvalita, \u010distota","isPartOf":{"@id":"https:\/\/chemgramx.com\/#website"},"primaryImageOfPage":{"@id":"https:\/\/chemgramx.com\/product\/23b-pvp-online-kaufen\/#primaryimage"},"image":{"@id":"https:\/\/chemgramx.com\/product\/23b-pvp-online-kaufen\/#primaryimage"},"thumbnailUrl":"https:\/\/chemgramx.com\/wp-content\/uploads\/2025\/11\/23pvp.png","datePublished":"2025-11-21T18:18:29+00:00","dateModified":"2025-12-09T09:57:05+00:00","description":"Z\u00edskejte 23b-PVP v nejvy\u0161\u0161\u00ed \u010distot\u011b pro sv\u016fj v\u00fdzkum. Objednejte si 23b-PVP online a vyu\u017eijte v\u00fdhody \u0161pi\u010dkov\u00e9 kvality. Kupte nyn\u00ed na Chemgramx.","breadcrumb":{"@id":"https:\/\/chemgramx.com\/product\/23b-pvp-online-kaufen\/#breadcrumb"},"inLanguage":"cs","potentialAction":[{"@type":"ReadAction","target":["https:\/\/chemgramx.com\/product\/23b-pvp-online-kaufen\/"]}]},{"@type":"ImageObject","inLanguage":"cs","@id":"https:\/\/chemgramx.com\/product\/23b-pvp-online-kaufen\/#primaryimage","url":"https:\/\/chemgramx.com\/wp-content\/uploads\/2025\/11\/23pvp.png","contentUrl":"https:\/\/chemgramx.com\/wp-content\/uploads\/2025\/11\/23pvp.png","width":600,"height":400},{"@type":"BreadcrumbList","@id":"https:\/\/chemgramx.com\/product\/23b-pvp-online-kaufen\/#breadcrumb","itemListElement":[{"@type":"ListItem","position":1,"name":"Home","item":"https:\/\/chemgramx.com\/"},{"@type":"ListItem","position":2,"name":"Shop","item":"https:\/\/chemgramx.com\/shop\/"},{"@type":"ListItem","position":3,"name":"23b-PVP Kaufen &#8211; Hochwertig, Rein"}]},{"@type":"WebSite","@id":"https:\/\/chemgramx.com\/#website","url":"https:\/\/chemgramx.com\/","name":"Chemgramx","description":"","publisher":{"@id":"https:\/\/chemgramx.com\/#organization"},"potentialAction":[{"@type":"SearchAction","target":{"@type":"EntryPoint","urlTemplate":"https:\/\/chemgramx.com\/?s={search_term_string}"},"query-input":{"@type":"PropertyValueSpecification","valueRequired":true,"valueName":"search_term_string"}}],"inLanguage":"cs"},{"@type":"Organization","@id":"https:\/\/chemgramx.com\/#organization","name":"Chemgramx","url":"https:\/\/chemgramx.com\/","logo":{"@type":"ImageObject","inLanguage":"cs","@id":"https:\/\/chemgramx.com\/#\/schema\/logo\/image\/","url":"https:\/\/chemgramx.com\/wp-content\/uploads\/2024\/10\/final-logo.png","contentUrl":"https:\/\/chemgramx.com\/wp-content\/uploads\/2024\/10\/final-logo.png","width":250,"height":48,"caption":"Chemgramx"},"image":{"@id":"https:\/\/chemgramx.com\/#\/schema\/logo\/image\/"}}]}},"_links":{"self":[{"href":"https:\/\/chemgramx.com\/cs\/wp-json\/wp\/v2\/product\/8391","targetHints":{"allow":["GET"]}}],"collection":[{"href":"https:\/\/chemgramx.com\/cs\/wp-json\/wp\/v2\/product"}],"about":[{"href":"https:\/\/chemgramx.com\/cs\/wp-json\/wp\/v2\/types\/product"}],"replies":[{"embeddable":true,"href":"https:\/\/chemgramx.com\/cs\/wp-json\/wp\/v2\/comments?post=8391"}],"wp:featuredmedia":[{"embeddable":true,"href":"https:\/\/chemgramx.com\/cs\/wp-json\/wp\/v2\/media\/8427"}],"wp:attachment":[{"href":"https:\/\/chemgramx.com\/cs\/wp-json\/wp\/v2\/media?parent=8391"}],"wp:term":[{"taxonomy":"product_brand","embeddable":true,"href":"https:\/\/chemgramx.com\/cs\/wp-json\/wp\/v2\/product_brand?post=8391"},{"taxonomy":"product_cat","embeddable":true,"href":"https:\/\/chemgramx.com\/cs\/wp-json\/wp\/v2\/product_cat?post=8391"},{"taxonomy":"product_tag","embeddable":true,"href":"https:\/\/chemgramx.com\/cs\/wp-json\/wp\/v2\/product_tag?post=8391"}],"curies":[{"name":"wp","href":"https:\/\/api.w.org\/{rel}","templated":true}]}}