{"id":8394,"date":"2025-11-21T18:18:30","date_gmt":"2025-11-21T18:18:30","guid":{"rendered":"https:\/\/chemgramx.com\/?post_type=product&#038;p=8394"},"modified":"2025-12-09T09:55:25","modified_gmt":"2025-12-09T09:55:25","slug":"4-cl-pvp-koupit-online","status":"publish","type":"product","link":"https:\/\/chemgramx.com\/cs\/product\/4-cl-pvp-online-kaufen\/","title":{"rendered":"Koupit 4-Cl-PVP online \u2013 vysok\u00e1 kvalita"},"content":{"rendered":"<h2>Chemgramx: V\u00e1\u0161 specialista na 4-Cl-PVP nejvy\u0161\u0161\u00ed kvality<\/h2>\n<p>Hled\u00e1te <b>4-Cl-PVP<\/b> vynikaj\u00edc\u00ed kvality a \u010distoty? Chemgramx je pro v\u00e1s tou spr\u00e1vnou volbou. Nab\u00edz\u00edme v\u00e1m <b>4-Cl-PVP na prodej<\/b>, kter\u00e9 podl\u00e9h\u00e1 p\u0159\u00edsn\u00fdm kontrol\u00e1m kvality a je ide\u00e1ln\u00ed pro n\u00e1ro\u010dn\u00e9 v\u00fdzkumn\u00e9 \u00fa\u010dely. Na\u0161e z\u00e1vazky v oblasti \u010distoty zaru\u010duj\u00ed, \u017ee ve sv\u00fdch v\u011bdeck\u00fdch projektech dos\u00e1hnete t\u011bch nejlep\u0161\u00edch mo\u017en\u00fdch v\u00fdsledk\u016f. Spolehn\u011bte se na odborn\u00e9 znalosti spole\u010dnosti Chemgramx, pokud jde o n\u00e1kup chemik\u00e1li\u00ed nejvy\u0161\u0161\u00ed kvality. Rozum\u00edme pot\u0159eb\u00e1m v\u00fdzkumn\u00fdch pracovn\u00edk\u016f a laborato\u0159\u00ed a sna\u017e\u00edme se dod\u00e1vat produkty, kter\u00e9 tyto o\u010dek\u00e1v\u00e1n\u00ed nejen spl\u0148uj\u00ed, ale dokonce p\u0159ekra\u010duj\u00ed.<\/p>\n<p>Zaji\u0161t\u011bn\u00ed spolehliv\u00fdch chemick\u00fdch l\u00e1tek m\u00e1 z\u00e1sadn\u00ed v\u00fdznam pro pokrok v mnoha v\u011bdeck\u00fdch oborech. Proto v Chemgramx klademe nejv\u011bt\u0161\u00ed d\u016fraz na kvalitu a konzistenci na\u0161ich produkt\u016f. Na\u0161e <b>4-Cl-PVP<\/b> nen\u00ed v\u00fdjimkou. Zaru\u010dujeme <b>vysok\u00e1 \u010distota na prodej<\/b>, kter\u00e1 je nezbytn\u00e1 pro p\u0159esn\u00e9 a reprodukovateln\u00e9 v\u00fdsledky v\u00fdzkumu. Za\u017eijte rozd\u00edl, kter\u00fd mohou prvot\u0159\u00eddn\u00ed chemik\u00e1lie ve va\u0161\u00ed pr\u00e1ci znamenat. Jsme hrd\u00ed na to, \u017ee jsme pro v\u00e1s spolehliv\u00fdm zdrojem pro va\u0161e chemick\u00e9 pot\u0159eby.<\/p>\n<h2>Pro\u010d si vybrat 4-Cl-PVP od Chemgramx?<\/h2>\n<p>V\u00fdb\u011br spr\u00e1vn\u00e9ho dodavatele chemick\u00fdch \u010dinidel m\u016f\u017ee m\u00edt z\u00e1sadn\u00ed vliv na v\u00fdsledky va\u0161eho v\u00fdzkumu. Chemgramx se zav\u00e1zal dod\u00e1vat chemik\u00e1lie, kter\u00e9 spl\u0148uj\u00ed nejvy\u0161\u0161\u00ed standardy. Pokud <b>Objednejte si 4-Cl-PVP online<\/b> m\u016f\u017eete se spolehnout na na\u0161i spolehlivost a kvalitu na\u0161ich produkt\u016f. Nab\u00edz\u00edme v\u00e1m jistotu, \u017ee ka\u017ed\u00e1 \u0161ar\u017ee byla pe\u010dliv\u011b zkontrolov\u00e1na, aby byla zaji\u0161t\u011bna jej\u00ed \u010distota a \u00fa\u010dinnost. Objevte n\u00e1\u0161 sortiment a p\u0159esv\u011bd\u010dte se sami o na\u0161em z\u00e1vazku k dokonalosti.<\/p>\n<p>Krom\u011b toho je n\u00e1\u0161 objedn\u00e1vkov\u00fd proces navr\u017een tak, aby v\u00e1m poskytl plynul\u00fd z\u00e1\u017eitek. V\u00edme, \u017ee v\u00e1\u0161 \u010das je drahocenn\u00fd, a chceme zajistit, abyste pot\u0159ebn\u00e9 materi\u00e1ly dostali rychle a bez komplikac\u00ed. Na\u0161\u00edm c\u00edlem je proto poskytovat v\u00e1m ty nejlep\u0161\u00ed slu\u017eby, abyste se mohli soust\u0159edit na sv\u016fj v\u00fdzkum. Seznamte se s na\u0161\u00ed rozs\u00e1hlou nab\u00eddkou a najd\u011bte chemik\u00e1lie, kter\u00e9 pot\u0159ebujete pro sv\u016fj dal\u0161\u00ed projekt. Jsme va\u0161\u00edm partnerem pro v\u011bdeck\u00fd \u00fasp\u011bch.<\/p>\n<h3>\u010cistota a vlastnosti 4-Cl-PVP<\/h3>\n<p>Na\u0161e <b>4-Cl-PVP<\/b> je vyr\u00e1b\u011bn za p\u0159\u00edsn\u011b kontrolovan\u00fdch podm\u00ednek, aby byla zaji\u0161t\u011bna trvale vysok\u00e1 \u010distota. Ch\u00e1peme, \u017ee i sebemen\u0161\u00ed ne\u010distoty mohou zkreslit v\u00fdsledky va\u0161ich experiment\u016f. Z tohoto d\u016fvodu pou\u017e\u00edv\u00e1me pokro\u010dil\u00e9 analytick\u00e9 metody, abychom potvrdili integritu na\u0161ich produkt\u016f. <b>\u0160pi\u010dkov\u00e1 kvalita 4-Cl-PVP<\/b>, kter\u00e9 u n\u00e1s najdete, odr\u00e1\u017e\u00ed na\u0161e ne\u00fanavn\u00e9 \u00fasil\u00ed o dokonalost. Ka\u017ed\u00fd vzorek je p\u0159ed uvoln\u011bn\u00edm podroben p\u0159\u00edsn\u00fdm test\u016fm.<\/p>\n<p>P\u0159esn\u00e9 chemick\u00e9 slo\u017een\u00ed a fyzik\u00e1ln\u00ed vlastnosti <b>4-Cl-PVP<\/b> jsou pro jeho pou\u017eit\u00ed ve v\u00fdzkumu z\u00e1sadn\u00ed. Proto zaji\u0161\u0165ujeme, aby na\u0161e produkty m\u011bly podrobn\u00e9 specifikace, kter\u00e9 v\u00e1m umo\u017en\u00ed p\u0159esn\u00e9 posouzen\u00ed. Pokud <b>autentick\u00fd 4-Cl-PVP<\/b> chcete zakoupit, jsme pro v\u00e1s t\u00edm spr\u00e1vn\u00fdm partnerem. Spolehn\u011bte se na na\u0161i transparentnost a n\u00e1\u0161 z\u00e1vazek k v\u011bdeck\u00e9 integrit\u011b. Jsme p\u0159esv\u011bd\u010deni, \u017ee budete s kvalitou na\u0161ich produkt\u016f velmi spokojeni.<\/p>\n<h3>Oblasti pou\u017eit\u00ed a v\u00fdzkumn\u00fd potenci\u00e1l<\/h3>\n<p><b>4-Cl-PVP<\/b> je l\u00e1tka, kter\u00e1 je d\u00edky sv\u00fdm jedine\u010dn\u00fdm vlastnostem zaj\u00edmav\u00e1 pro r\u016fzn\u00e9 oblasti v\u00fdzkumu. V\u011bdci vyu\u017e\u00edvaj\u00ed tuto slou\u010deninu k z\u00edsk\u00e1v\u00e1n\u00ed nov\u00fdch poznatk\u016f v organick\u00e9 chemii a p\u0159\u00edbuzn\u00fdch oborech. P\u0159esn\u00e1 kontrola chemick\u00e9 struktury umo\u017e\u0148uje v\u00fdzkumn\u00edk\u016fm zkoumat specifick\u00e9 reakce a porozum\u011bt molekul\u00e1rn\u00edm interakc\u00edm. To \u010din\u00ed <b>4-Cl-PVP<\/b> cenn\u00fdm n\u00e1strojem v arzen\u00e1lu ka\u017ed\u00e9ho zap\u00e1len\u00e9ho badatele.<\/p>\n<p>Krom\u011b toho se otev\u00edr\u00e1 mo\u017enost, <b>Koupit 4-Cl-PVP online<\/b>, v\u00fdzkumn\u00edk\u016fm po cel\u00e9m sv\u011bt\u011b p\u0159\u00edstup k t\u00e9to d\u016fle\u017eit\u00e9 slou\u010denin\u011b. Dostupnost vysoce \u010dist\u00fdch chemik\u00e1li\u00ed je rozhoduj\u00edc\u00edm faktorem pro v\u011bdeck\u00fd pokrok. Ve spole\u010dnosti Chemgramx jsme hrd\u00ed na to, \u017ee m\u016f\u017eeme p\u0159isp\u00edvat k tomuto pokroku t\u00edm, \u017ee nab\u00edz\u00edme prvot\u0159\u00eddn\u00ed chemik\u00e1lie pro v\u00fdzkum. Prozkoumejte potenci\u00e1ln\u00ed aplikace a roz\u0161\u00ed\u0159te sv\u00e9 znalosti s na\u0161imi produkty. Objevte pln\u00fd potenci\u00e1l sv\u00e9ho v\u00fdzkumu s Chemgramx.<\/p>\n<h2>Bezpe\u010dnost a manipulace<\/h2>\n<p>Bezpe\u010dn\u00e9 zach\u00e1zen\u00ed s chemick\u00fdmi l\u00e1tkami je nanejv\u00fd\u0161 d\u016fle\u017eit\u00e9. P\u0159i manipulaci s <b>4-Cl-PVP<\/b> by m\u011bly b\u00fdt v\u017edy dodr\u017eov\u00e1ny doporu\u010den\u00e9 bezpe\u010dnostn\u00ed protokoly. Pat\u0159\u00ed mezi n\u011b no\u0161en\u00ed vhodn\u00fdch osobn\u00edch ochrann\u00fdch prost\u0159edk\u016f, jako jsou rukavice a ochrann\u00e9 br\u00fdle, a pr\u00e1ce v dob\u0159e v\u011btran\u00e9m prostoru nebo pod digesto\u0159\u00ed. D\u016frazn\u011b doporu\u010dujeme prostudovat bezpe\u010dnostn\u00ed listy (SDB), kde najdete podrobn\u00e9 informace o bezpe\u010dn\u00e9m zach\u00e1zen\u00ed, skladov\u00e1n\u00ed a likvidaci. Tyto dokumenty obsahuj\u00ed d\u016fle\u017eit\u00e9 informace o ochran\u011b va\u0161eho zdrav\u00ed a prevenci rizik.<\/p>\n<p>Na str\u00e1nk\u00e1ch <b>bezpe\u010dn\u00e9 zpracov\u00e1n\u00ed<\/b> Na\u0161e produkty maj\u00ed pro n\u00e1s nejvy\u0161\u0161\u00ed prioritu. Zaji\u0161\u0165ujeme, aby v\u0161echny informace nezbytn\u00e9 pro bezpe\u010dn\u00e9 pou\u017eit\u00ed byly snadno dostupn\u00e9. Dodr\u017eujte konkr\u00e9tn\u00ed pokyny a varov\u00e1n\u00ed dodan\u00e9 s produktem. Pe\u010dliv\u00e9 pl\u00e1nov\u00e1n\u00ed a p\u0159\u00edprava jsou kl\u00ed\u010dem k \u00fasp\u011b\u0161n\u00e9mu a bezpe\u010dn\u00e9mu v\u00fdzkumu. Pokud m\u00e1te dotazy t\u00fdkaj\u00edc\u00ed se manipulace, n\u00e1\u0161 z\u00e1kaznick\u00fd servis je v\u00e1m k dispozici. Va\u0161e pohodl\u00ed a bezpe\u010dnost p\u0159i pr\u00e1ci jsou pro n\u00e1s d\u016fle\u017eit\u00e9.<\/p>\n<h3>Skladov\u00e1n\u00ed a stabilita<\/h3>\n<p>Aby byla zaji\u0161t\u011bna integrita a \u00fa\u010dinnost <b>4-Cl-PVP<\/b> je nezbytn\u00e9 spr\u00e1vn\u00e9 skladov\u00e1n\u00ed. Doporu\u010dujeme l\u00e1tku skladovat v dob\u0159e uzav\u0159en\u00e9m obalu na chladn\u00e9m, such\u00e9m a dob\u0159e v\u011btran\u00e9m m\u00edst\u011b. Vyhn\u011bte se p\u0159\u00edm\u00e9mu slune\u010dn\u00edmu z\u00e1\u0159en\u00ed a zdroj\u016fm tepla, proto\u017ee mohou ovlivnit stabilitu produktu. Spr\u00e1vn\u00e9 skladov\u00e1n\u00ed p\u0159isp\u00edv\u00e1 k zachov\u00e1n\u00ed <b>\u0160pi\u010dkov\u00e1 kvalita 4-Cl-PVP<\/b> po del\u0161\u00ed dobu a zajistit jejich spolehlivost pro va\u0161e v\u00fdzkumn\u00e9 pot\u0159eby.<\/p>\n<p>D\u00e1le je vhodn\u00e9 skladovat l\u00e1tku odd\u011blen\u011b od neslu\u010diteln\u00fdch materi\u00e1l\u016f. Podrobn\u00e9 informace o skladovac\u00edch podm\u00ednk\u00e1ch a stabilit\u011b naleznete v dokumentaci k jednotliv\u00fdm produkt\u016fm. Dodr\u017eov\u00e1n\u00ed t\u011bchto pokyn\u016f je z\u00e1sadn\u00ed pro optimalizaci v\u00fdkonu produktu a maximalizaci bezpe\u010dnosti. Sna\u017e\u00edme se v\u00e1m poskytnout v\u0161echny pot\u0159ebn\u00e9 informace, abyste mohli z na\u0161ich chemik\u00e1li\u00ed vyt\u011b\u017eit maximum. Spolehn\u011bte se na Chemgramx, pokud jde o konzistentn\u00ed kvalitu.<\/p>\n<h2>V\u00e1\u0161 partner pro v\u00fdzkumn\u00e9 chemik\u00e1lie: Chemgramx<\/h2>\n<p>Ve spole\u010dnosti Chemgramx ch\u00e1peme kl\u00ed\u010dovou roli, kterou hraj\u00ed vysoce kvalitn\u00ed chemik\u00e1lie ve v\u011bdeck\u00e9m v\u00fdzkumu. Jsme hrd\u00ed na to, \u017ee v\u00e1m m\u016f\u017eeme nab\u00eddnout \u0161irokou \u0161k\u00e1lu chemik\u00e1li\u00ed pro v\u00fdzkum, v\u010detn\u011b <b>4-Cl-PVP<\/b>. D\u00edky na\u0161emu zam\u011b\u0159en\u00ed na \u010distotu, kvalitu a z\u00e1kaznick\u00fd servis jsme prvn\u00ed volbou pro v\u00fdzkumn\u00edky po cel\u00e9m sv\u011bt\u011b. Pokud <b>4-Cl-PVP nejvy\u0161\u0161\u00ed kvality<\/b> hled\u00e1te, jste u n\u00e1s na spr\u00e1vn\u00e9m m\u00edst\u011b. Nakupujte u Chemgramx a poznejte rozd\u00edl.<\/p>\n<p>Sna\u017e\u00edme se zjednodu\u0161it p\u0159\u00edstup k d\u016fle\u017eit\u00fdm v\u00fdzkumn\u00fdm materi\u00e1l\u016fm. Proto nab\u00edz\u00edme jednoduch\u00fd a bezpe\u010dn\u00fd zp\u016fsob, jak, <b>Objednat 4-Cl-PVP<\/b>. Objevte na\u0161i nab\u00eddku a zjist\u011bte, pro\u010d si tolik v\u011bdc\u016f vyb\u00edr\u00e1 Chemgramx jako sv\u00e9ho preferovan\u00e9ho dodavatele. Zveme v\u00e1s, abyste se stali sou\u010d\u00e1st\u00ed na\u0161\u00ed rostouc\u00ed komunity v\u011bdc\u016f, kte\u0159\u00ed s\u00e1zej\u00ed na kvalitu a spolehlivost. V\u00e1\u0161 v\u00fdzkum si zaslou\u017e\u00ed to nejlep\u0161\u00ed a Chemgramx v\u00e1m to poskytne.<\/p>\n<h3>\u010casto kladen\u00e9 ot\u00e1zky t\u00fdkaj\u00edc\u00ed se 4-Cl-PVP<\/h3>\n<ul>\n<li><b>Jak\u00e1 je \u010distota 4-Cl-PVP?<\/b> N\u00e1\u0161 4-Cl-PVP je nab\u00edzen s vysokou \u010distotou, kter\u00e1 je vhodn\u00e1 pro n\u00e1ro\u010dn\u00e9 v\u00fdzkumn\u00e9 \u00fa\u010dely. Podrobn\u00e9 certifik\u00e1ty anal\u00fdzy jsou k dispozici na vy\u017e\u00e1d\u00e1n\u00ed.<\/li>\n<li><b>Jak se m\u00e1 4-Cl-PVP skladovat?<\/b> M\u011bl by b\u00fdt skladov\u00e1n na chladn\u00e9m, such\u00e9m a dob\u0159e v\u011btran\u00e9m m\u00edst\u011b v dob\u0159e uzav\u0159en\u00e9 n\u00e1dob\u011b, mimo dosah p\u0159\u00edm\u00e9ho slune\u010dn\u00edho z\u00e1\u0159en\u00ed a zdroj\u016f tepla.<\/li>\n<li><b>Je 4-Cl-PVP vhodn\u00fd pro v\u0161echny v\u00fdzkumn\u00e9 aplikace?<\/b> Vhodnost z\u00e1vis\u00ed na konkr\u00e9tn\u00edm v\u00fdzkumn\u00e9m dotazu. V\u017edy konzultujte p\u0159\u00edslu\u0161nou v\u011bdeckou literaturu a prove\u010fte vlastn\u00ed testy.<\/li>\n<\/ul>\n<h3>Pro\u010d Chemgramx pro va\u0161e v\u00fdzkumn\u00e9 pot\u0159eby?<\/h3>\n<p>Chemgramx je synonymem d\u016fv\u011bry a kvality ve sv\u011bt\u011b v\u00fdzkumn\u00fdch chemik\u00e1li\u00ed. Nab\u00edz\u00edme nejen <b>4-Cl-PVP na prodej<\/b>, ale tak\u00e9 komplexn\u00ed podporu pro va\u0161e v\u011bdeck\u00e9 projekty. Na\u0161\u00edm c\u00edlem je poskytnout v\u00e1m ty nejlep\u0161\u00ed mo\u017en\u00e9 materi\u00e1ly, abyste mohli dos\u00e1hnout sv\u00fdch v\u00fdzkumn\u00fdch c\u00edl\u016f. Objevte \u0161irokou \u0161k\u00e1lu chemik\u00e1li\u00ed, kter\u00e9 nab\u00edz\u00edme, a najd\u011bte to, co pot\u0159ebujete pro sv\u016fj dal\u0161\u00ed objev. U n\u00e1s z\u00edsk\u00e1te <b>vysoce kvalitn\u00ed 4-Cl-PVP<\/b>, kter\u00fd spln\u00ed va\u0161e o\u010dek\u00e1v\u00e1n\u00ed.<\/p>\n<p>Sna\u017e\u00edme se v\u00e1m poskytovat prvot\u0159\u00eddn\u00ed slu\u017eby. Na\u0161e odborn\u00e9 znalosti v oblasti chemie a n\u00e1\u0161 z\u00e1vazek k z\u00e1kaznick\u00e9 spokojenosti z n\u00e1s \u010din\u00ed ide\u00e1ln\u00edho partnera. Pokud uva\u017eujete o, <b>4-Cl-PVP koupit online<\/b>, vyberte si Chemgramx pro spolehliv\u00e9 a vysoce kvalitn\u00ed \u0159e\u0161en\u00ed. Nav\u0161tivte tak\u00e9 na\u0161i nab\u00eddku dal\u0161\u00edch chemik\u00e1li\u00ed pro v\u00fdzkum, jako jsou nap\u0159\u00edklad <a href=\"https:\/\/chemgramx.com\/product\/2c-b-fly-10mg-pellets-kaufen\/\">2C-B-FLY 10 mg pelety<\/a>, kter\u00e9 rovn\u011b\u017e spl\u0148uj\u00ed nejvy\u0161\u0161\u00ed standardy kvality. Va\u0161e v\u011bdeck\u00e1 cesta za\u010d\u00edn\u00e1 zde, u Chemgramx.<\/p>\n<h2>Souvisej\u00edc\u00ed v\u00fdzkumn\u00e9 chemik\u00e1lie<\/h2>\n<p>Krom\u011b 4-Cl-PVP nab\u00edz\u00ed Chemgramx \u0161irokou \u0161k\u00e1lu dal\u0161\u00edch v\u00fdzkumn\u00fdch chemik\u00e1li\u00ed, kter\u00e9 jsou d\u016fle\u017eit\u00e9 pro r\u016fzn\u00e9 v\u011bdeck\u00e9 discipl\u00edny. Ch\u00e1peme, \u017ee pro komplexn\u00ed studie je \u010dasto nutn\u00e1 kombinace r\u016fzn\u00fdch l\u00e1tek. Proto neust\u00e1le roz\u0161i\u0159ujeme n\u00e1\u0161 sortiment, abychom vyhov\u011bli rozmanit\u00fdm po\u017eadavk\u016fm na\u0161ich z\u00e1kazn\u00edk\u016f. Objevte nap\u0159\u00edklad tak\u00e9 na\u0161i nab\u00eddku <a href=\"https:\/\/chemgramx.com\/product\/4-cl-pvp-online-kaufen\/\">4-Cl-PVP<\/a>, kter\u00fd se vyzna\u010duje mimo\u0159\u00e1dnou \u010distotou a je ide\u00e1ln\u00ed pro va\u0161e experiment\u00e1ln\u00ed pot\u0159eby. Na\u0161\u00edm c\u00edlem je poskytnout v\u00e1m centr\u00e1ln\u00ed kontaktn\u00ed m\u00edsto pro v\u0161echny va\u0161e pot\u0159eby v oblasti chemick\u00e9ho v\u00fdzkumu.<\/p>\n<p>N\u00e1\u0161 z\u00e1vazek ke kvalit\u011b se vztahuje na v\u0161echny produkty v na\u0161em katalogu. A\u0165 u\u017e hled\u00e1te specializovan\u00e9 slou\u010deniny nebo b\u011b\u017en\u00e1 laboratorn\u00ed \u010dinidla, Chemgramx je va\u0161\u00edm spolehliv\u00fdm partnerem. Zveme v\u00e1s k prozkoum\u00e1n\u00ed cel\u00e9ho na\u0161eho produktov\u00e9ho portfolia a objevov\u00e1n\u00ed rozmanitosti a kvality, kterou nab\u00edz\u00edme. Ud\u011blejte dal\u0161\u00ed krok ve sv\u00e9m v\u00fdzkumu s Chemgramx. Jsme tu, abychom v\u00e1m pomohli.<\/p>\n<h3>Z\u00e1v\u011br: Volba kvality a d\u016fv\u011bry<\/h3>\n<p>Souhrnn\u011b lze \u0159\u00edci, \u017ee Chemgramx je ide\u00e1ln\u00edm m\u00edstem pro <b>Koupit 4-Cl-PVP<\/b>. Nab\u00edz\u00edme <b>\u0160pi\u010dkov\u00e1 kvalita 4-Cl-PVP<\/b>, zaru\u010denou \u010distotu a z\u00e1kaznick\u00fd servis p\u0159izp\u016fsoben\u00fd va\u0161im pot\u0159eb\u00e1m. Pokud <b>nejlep\u0161\u00ed 4-Cl-PVP na trhu<\/b> spolehn\u011bte se na na\u0161e odborn\u00e9 znalosti a na\u0161e nasazen\u00ed. Objednejte si je\u0161t\u011b dnes a p\u0159esv\u011bd\u010dte se o spolehlivosti a excelentnosti, kter\u00e9 charakterizuj\u00ed Chemgramx. Jsme hrd\u00ed na to, \u017ee m\u016f\u017eeme p\u0159isp\u011bt k va\u0161im v\u011bdeck\u00fdm \u00fasp\u011bch\u016fm.<\/p>\n<p>Rozhodnout se pro Chemgramx znamen\u00e1 vybrat si partnera, kter\u00fd rozum\u00ed va\u0161im v\u00fdzkumn\u00fdm c\u00edl\u016fm a podporuje je. Jsme v\u00edce ne\u017e jen dodavatelem; jsme ned\u00edlnou sou\u010d\u00e1st\u00ed va\u0161\u00ed v\u011bdeck\u00e9 cesty. Spolehn\u011bte se na na\u0161e zku\u0161enosti a n\u00e1\u0161 z\u00e1vazek k nejvy\u0161\u0161\u00edm standard\u016fm. Nakupujte <b>4-Cl-PVP<\/b> u Chemgramx \u2013 pro v\u00fdsledky, na kter\u00e9 se m\u016f\u017eete spolehnout. T\u011b\u0161\u00edme se, \u017ee v\u00e1m budeme moci slou\u017eit a p\u0159isp\u011bt k va\u0161emu \u00fasp\u011bchu.<\/p>","protected":false},"excerpt":{"rendered":"<p>Objevte <b>4-Cl-PVP<\/b> od Chemgramx \u2013 v\u00e1\u0161 zdroj informac\u00ed o <b>Kvalita v\u00fdzkumu na prodej<\/b>. Nab\u00edz\u00edme <b>vysok\u00e1 \u010distota na prodej<\/b> pro va\u0161e laboratorn\u00ed pot\u0159eby. <\/p>\n<ul>\n<li>Zaru\u010den\u00e1 kvalita a \u010distota.<\/li>\n<li>Ide\u00e1ln\u00ed pro v\u00fdzkumn\u00e9 \u00fa\u010dely.<\/li>\n<li>Jednoduch\u00e9 a spolehliv\u00e9 <b>Objednejte si 4-Cl-PVP online<\/b>.<\/li>\n<\/ul>\n<p> Nakupujte u Chemgramx za <b>nejlep\u0161\u00ed 4-Cl-PVP k dispozici<\/b>.<\/p>","protected":false},"featured_media":8434,"comment_status":"open","ping_status":"closed","template":"","meta":{"_joinchat":[]},"product_brand":[],"product_cat":[48],"product_tag":[2482,2488,2487,2483,2489,2486,2484,2485,2490,2182],"class_list":{"0":"post-8394","1":"product","2":"type-product","3":"status-publish","4":"has-post-thumbnail","6":"product_cat-stimulants","7":"product_tag-4-cl-pvp","8":"product_tag-4-cl-pvp-chemikalien","9":"product_tag-4-cl-pvp-forschung","10":"product_tag-4-cl-pvp-kaufen","11":"product_tag-4-cl-pvp-kaufen-online","12":"product_tag-4-cl-pvp-kristalle","13":"product_tag-4-cl-pvp-online","14":"product_tag-4-cl-pvp-pulver","15":"product_tag-forschung-4-cl-pvp","16":"product_tag-synthetische-chemikalien","18":"first","19":"instock","20":"shipping-taxable","21":"purchasable","22":"product-type-variable"},"yoast_head":"<!-- This site is optimized with the Yoast SEO plugin v27.5 - https:\/\/yoast.com\/product\/yoast-seo-wordpress\/ -->\n<title>Koop 4-Cl-PVP Online - Hoge Kwaliteit<\/title>\n<meta name=\"description\" content=\"Zoek je 4-Cl-PVP? Bestel hoge zuiverheid 4-Cl-PVP online bij Chemgramx. Gegarandeerde kwaliteit voor uw onderzoek.\" \/>\n<meta name=\"robots\" content=\"index, follow, max-snippet:-1, max-image-preview:large, max-video-preview:-1\" \/>\n<link rel=\"canonical\" href=\"https:\/\/chemgramx.com\/cs\/produkt-1\/4-cl-pvp-koupit-online\/\" \/>\n<meta property=\"og:locale\" content=\"cs_CZ\" \/>\n<meta property=\"og:type\" content=\"article\" \/>\n<meta property=\"og:title\" content=\"Koop 4-Cl-PVP Online - Hoge Kwaliteit\" \/>\n<meta property=\"og:description\" content=\"Zoek je 4-Cl-PVP? Bestel hoge zuiverheid 4-Cl-PVP online bij Chemgramx. Gegarandeerde kwaliteit voor uw onderzoek.\" \/>\n<meta property=\"og:url\" content=\"https:\/\/chemgramx.com\/cs\/produkt-1\/4-cl-pvp-koupit-online\/\" \/>\n<meta property=\"og:site_name\" content=\"Chemgramx\" \/>\n<meta property=\"article:modified_time\" content=\"2025-12-09T09:55:25+00:00\" \/>\n<meta property=\"og:image\" content=\"https:\/\/chemgramx.com\/wp-content\/uploads\/2025\/11\/4clpvp.png\" \/>\n\t<meta property=\"og:image:width\" content=\"600\" \/>\n\t<meta property=\"og:image:height\" content=\"400\" \/>\n\t<meta property=\"og:image:type\" content=\"image\/png\" \/>\n<meta name=\"twitter:card\" content=\"summary_large_image\" \/>\n<meta name=\"twitter:label1\" content=\"Odhadovan\u00e1 doba \u010dten\u00ed\" \/>\n\t<meta name=\"twitter:data1\" content=\"4 minuty\" \/>\n<script type=\"application\/ld+json\" class=\"yoast-schema-graph\">{\"@context\":\"https:\\\/\\\/schema.org\",\"@graph\":[{\"@type\":\"WebPage\",\"@id\":\"https:\\\/\\\/chemgramx.com\\\/product\\\/4-cl-pvp-online-kaufen\\\/\",\"url\":\"https:\\\/\\\/chemgramx.com\\\/product\\\/4-cl-pvp-online-kaufen\\\/\",\"name\":\"Koop 4-Cl-PVP Online - Hoge Kwaliteit\",\"isPartOf\":{\"@id\":\"https:\\\/\\\/chemgramx.com\\\/#website\"},\"primaryImageOfPage\":{\"@id\":\"https:\\\/\\\/chemgramx.com\\\/product\\\/4-cl-pvp-online-kaufen\\\/#primaryimage\"},\"image\":{\"@id\":\"https:\\\/\\\/chemgramx.com\\\/product\\\/4-cl-pvp-online-kaufen\\\/#primaryimage\"},\"thumbnailUrl\":\"https:\\\/\\\/chemgramx.com\\\/wp-content\\\/uploads\\\/2025\\\/11\\\/4clpvp.png\",\"datePublished\":\"2025-11-21T18:18:30+00:00\",\"dateModified\":\"2025-12-09T09:55:25+00:00\",\"description\":\"Zoek je 4-Cl-PVP? Bestel hoge zuiverheid 4-Cl-PVP online bij Chemgramx. Gegarandeerde kwaliteit voor uw onderzoek.\",\"breadcrumb\":{\"@id\":\"https:\\\/\\\/chemgramx.com\\\/product\\\/4-cl-pvp-online-kaufen\\\/#breadcrumb\"},\"inLanguage\":\"cs\",\"potentialAction\":[{\"@type\":\"ReadAction\",\"target\":[\"https:\\\/\\\/chemgramx.com\\\/product\\\/4-cl-pvp-online-kaufen\\\/\"]}]},{\"@type\":\"ImageObject\",\"inLanguage\":\"cs\",\"@id\":\"https:\\\/\\\/chemgramx.com\\\/product\\\/4-cl-pvp-online-kaufen\\\/#primaryimage\",\"url\":\"https:\\\/\\\/chemgramx.com\\\/wp-content\\\/uploads\\\/2025\\\/11\\\/4clpvp.png\",\"contentUrl\":\"https:\\\/\\\/chemgramx.com\\\/wp-content\\\/uploads\\\/2025\\\/11\\\/4clpvp.png\",\"width\":600,\"height\":400},{\"@type\":\"BreadcrumbList\",\"@id\":\"https:\\\/\\\/chemgramx.com\\\/product\\\/4-cl-pvp-online-kaufen\\\/#breadcrumb\",\"itemListElement\":[{\"@type\":\"ListItem\",\"position\":1,\"name\":\"Home\",\"item\":\"https:\\\/\\\/chemgramx.com\\\/\"},{\"@type\":\"ListItem\",\"position\":2,\"name\":\"Shop\",\"item\":\"https:\\\/\\\/chemgramx.com\\\/shop\\\/\"},{\"@type\":\"ListItem\",\"position\":3,\"name\":\"Koop 4-Cl-PVP Online &#8211; Hoge Kwaliteit\"}]},{\"@type\":\"WebSite\",\"@id\":\"https:\\\/\\\/chemgramx.com\\\/#website\",\"url\":\"https:\\\/\\\/chemgramx.com\\\/\",\"name\":\"Chemgramx\",\"description\":\"\",\"publisher\":{\"@id\":\"https:\\\/\\\/chemgramx.com\\\/#organization\"},\"potentialAction\":[{\"@type\":\"SearchAction\",\"target\":{\"@type\":\"EntryPoint\",\"urlTemplate\":\"https:\\\/\\\/chemgramx.com\\\/?s={search_term_string}\"},\"query-input\":{\"@type\":\"PropertyValueSpecification\",\"valueRequired\":true,\"valueName\":\"search_term_string\"}}],\"inLanguage\":\"cs\"},{\"@type\":\"Organization\",\"@id\":\"https:\\\/\\\/chemgramx.com\\\/#organization\",\"name\":\"Chemgramx\",\"url\":\"https:\\\/\\\/chemgramx.com\\\/\",\"logo\":{\"@type\":\"ImageObject\",\"inLanguage\":\"cs\",\"@id\":\"https:\\\/\\\/chemgramx.com\\\/#\\\/schema\\\/logo\\\/image\\\/\",\"url\":\"https:\\\/\\\/chemgramx.com\\\/wp-content\\\/uploads\\\/2024\\\/10\\\/final-logo.png\",\"contentUrl\":\"https:\\\/\\\/chemgramx.com\\\/wp-content\\\/uploads\\\/2024\\\/10\\\/final-logo.png\",\"width\":250,\"height\":48,\"caption\":\"Chemgramx\"},\"image\":{\"@id\":\"https:\\\/\\\/chemgramx.com\\\/#\\\/schema\\\/logo\\\/image\\\/\"}}]}<\/script>\n<!-- \/ Yoast SEO plugin. -->","yoast_head_json":{"title":"Koupit 4-Cl-PVP online \u2013 vysok\u00e1 kvalita","description":"Hled\u00e1te 4-Cl-PVP? Objednejte si vysoce \u010dist\u00fd 4-Cl-PVP online na Chemgramx. Zaru\u010den\u00e1 kvalita pro v\u00e1\u0161 v\u00fdzkum.","robots":{"index":"index","follow":"follow","max-snippet":"max-snippet:-1","max-image-preview":"max-image-preview:large","max-video-preview":"max-video-preview:-1"},"canonical":"https:\/\/chemgramx.com\/cs\/produkt-1\/4-cl-pvp-koupit-online\/","og_locale":"cs_CZ","og_type":"article","og_title":"Koop 4-Cl-PVP Online - Hoge Kwaliteit","og_description":"Zoek je 4-Cl-PVP? Bestel hoge zuiverheid 4-Cl-PVP online bij Chemgramx. Gegarandeerde kwaliteit voor uw onderzoek.","og_url":"https:\/\/chemgramx.com\/cs\/produkt-1\/4-cl-pvp-koupit-online\/","og_site_name":"Chemgramx","article_modified_time":"2025-12-09T09:55:25+00:00","og_image":[{"width":600,"height":400,"url":"https:\/\/chemgramx.com\/wp-content\/uploads\/2025\/11\/4clpvp.png","type":"image\/png"}],"twitter_card":"summary_large_image","twitter_misc":{"Odhadovan\u00e1 doba \u010dten\u00ed":"4 minuty"},"schema":{"@context":"https:\/\/schema.org","@graph":[{"@type":"WebPage","@id":"https:\/\/chemgramx.com\/product\/4-cl-pvp-online-kaufen\/","url":"https:\/\/chemgramx.com\/product\/4-cl-pvp-online-kaufen\/","name":"Koupit 4-Cl-PVP online \u2013 vysok\u00e1 kvalita","isPartOf":{"@id":"https:\/\/chemgramx.com\/#website"},"primaryImageOfPage":{"@id":"https:\/\/chemgramx.com\/product\/4-cl-pvp-online-kaufen\/#primaryimage"},"image":{"@id":"https:\/\/chemgramx.com\/product\/4-cl-pvp-online-kaufen\/#primaryimage"},"thumbnailUrl":"https:\/\/chemgramx.com\/wp-content\/uploads\/2025\/11\/4clpvp.png","datePublished":"2025-11-21T18:18:30+00:00","dateModified":"2025-12-09T09:55:25+00:00","description":"Hled\u00e1te 4-Cl-PVP? Objednejte si vysoce \u010dist\u00fd 4-Cl-PVP online na Chemgramx. Zaru\u010den\u00e1 kvalita pro v\u00e1\u0161 v\u00fdzkum.","breadcrumb":{"@id":"https:\/\/chemgramx.com\/product\/4-cl-pvp-online-kaufen\/#breadcrumb"},"inLanguage":"cs","potentialAction":[{"@type":"ReadAction","target":["https:\/\/chemgramx.com\/product\/4-cl-pvp-online-kaufen\/"]}]},{"@type":"ImageObject","inLanguage":"cs","@id":"https:\/\/chemgramx.com\/product\/4-cl-pvp-online-kaufen\/#primaryimage","url":"https:\/\/chemgramx.com\/wp-content\/uploads\/2025\/11\/4clpvp.png","contentUrl":"https:\/\/chemgramx.com\/wp-content\/uploads\/2025\/11\/4clpvp.png","width":600,"height":400},{"@type":"BreadcrumbList","@id":"https:\/\/chemgramx.com\/product\/4-cl-pvp-online-kaufen\/#breadcrumb","itemListElement":[{"@type":"ListItem","position":1,"name":"Home","item":"https:\/\/chemgramx.com\/"},{"@type":"ListItem","position":2,"name":"Shop","item":"https:\/\/chemgramx.com\/shop\/"},{"@type":"ListItem","position":3,"name":"Koop 4-Cl-PVP Online &#8211; Hoge Kwaliteit"}]},{"@type":"WebSite","@id":"https:\/\/chemgramx.com\/#website","url":"https:\/\/chemgramx.com\/","name":"Chemgramx","description":"","publisher":{"@id":"https:\/\/chemgramx.com\/#organization"},"potentialAction":[{"@type":"SearchAction","target":{"@type":"EntryPoint","urlTemplate":"https:\/\/chemgramx.com\/?s={search_term_string}"},"query-input":{"@type":"PropertyValueSpecification","valueRequired":true,"valueName":"search_term_string"}}],"inLanguage":"cs"},{"@type":"Organization","@id":"https:\/\/chemgramx.com\/#organization","name":"Chemgramx","url":"https:\/\/chemgramx.com\/","logo":{"@type":"ImageObject","inLanguage":"cs","@id":"https:\/\/chemgramx.com\/#\/schema\/logo\/image\/","url":"https:\/\/chemgramx.com\/wp-content\/uploads\/2024\/10\/final-logo.png","contentUrl":"https:\/\/chemgramx.com\/wp-content\/uploads\/2024\/10\/final-logo.png","width":250,"height":48,"caption":"Chemgramx"},"image":{"@id":"https:\/\/chemgramx.com\/#\/schema\/logo\/image\/"}}]}},"_links":{"self":[{"href":"https:\/\/chemgramx.com\/cs\/wp-json\/wp\/v2\/product\/8394","targetHints":{"allow":["GET"]}}],"collection":[{"href":"https:\/\/chemgramx.com\/cs\/wp-json\/wp\/v2\/product"}],"about":[{"href":"https:\/\/chemgramx.com\/cs\/wp-json\/wp\/v2\/types\/product"}],"replies":[{"embeddable":true,"href":"https:\/\/chemgramx.com\/cs\/wp-json\/wp\/v2\/comments?post=8394"}],"wp:featuredmedia":[{"embeddable":true,"href":"https:\/\/chemgramx.com\/cs\/wp-json\/wp\/v2\/media\/8434"}],"wp:attachment":[{"href":"https:\/\/chemgramx.com\/cs\/wp-json\/wp\/v2\/media?parent=8394"}],"wp:term":[{"taxonomy":"product_brand","embeddable":true,"href":"https:\/\/chemgramx.com\/cs\/wp-json\/wp\/v2\/product_brand?post=8394"},{"taxonomy":"product_cat","embeddable":true,"href":"https:\/\/chemgramx.com\/cs\/wp-json\/wp\/v2\/product_cat?post=8394"},{"taxonomy":"product_tag","embeddable":true,"href":"https:\/\/chemgramx.com\/cs\/wp-json\/wp\/v2\/product_tag?post=8394"}],"curies":[{"name":"wp","href":"https:\/\/api.w.org\/{rel}","templated":true}]}}