{"id":8399,"date":"2025-11-21T18:18:31","date_gmt":"2025-11-21T18:18:31","guid":{"rendered":"https:\/\/chemgramx.com\/?post_type=product&#038;p=8399"},"modified":"2025-12-09T09:55:20","modified_gmt":"2025-12-09T09:55:20","slug":"4-koupit-mpd-online","status":"publish","type":"product","link":"https:\/\/chemgramx.com\/cs\/product\/4-mpd-online-kaufen\/","title":{"rendered":"Koupit 4-MPD \u2013 vysoce \u010dist\u00fd, na prodej"},"content":{"rendered":"<h2>Objevte \u0161pi\u010dkov\u00fd v\u00fdzkum s 4-MPD od spole\u010dnosti Chemgramx<\/h2>\n<p>Chemgramx s hrdost\u00ed p\u0159edstavuje <b>4-MPD<\/b>, p\u0159ipojen\u00ed vyvinut\u00e9 pro n\u00e1ro\u010dn\u00e1 v\u00fdzkumn\u00e1 prost\u0159ed\u00ed a v\u011bdeck\u00e9 anal\u00fdzy. Pokud <b>4-MPD na prodej<\/b> jste na spr\u00e1vn\u00e9m m\u00edst\u011b, proto\u017ee v\u00e1m nab\u00edz\u00edme produkt nejvy\u0161\u0161\u00ed \u010distoty a konzistence. N\u00e1\u0161 z\u00e1vazek k dokonalosti zaru\u010duje, \u017ee ka\u017ed\u00fd gram <b>4-MPD<\/b> spl\u0148uje nejp\u0159\u00edsn\u011bj\u0161\u00ed normy kvality. Objevte mo\u017enosti, kter\u00e9 nab\u00edz\u00ed pou\u017eit\u00ed <b>\u0160pi\u010dkov\u00e1 kvalita 4-MPD<\/b> ve va\u0161ich projektech. Dostupnost <b>Nejlep\u0161\u00ed dostupn\u00e9 4-MPD<\/b> z n\u00e1s d\u011bl\u00e1 ide\u00e1ln\u00edho partnera pro v\u011bdeck\u00e9 objevy. Ch\u00e1peme d\u016fle\u017eitost p\u0159esn\u00fdch v\u00fdsledk\u016f, a proto je pro n\u00e1s prioritou kvalita na\u0161ich chemik\u00e1li\u00ed.<\/p>\n<p>Na\u0161\u00edm c\u00edlem je poskytovat v\u00fdzkumn\u00fdm pracovn\u00edk\u016fm a v\u011bdc\u016fm po cel\u00e9m sv\u011bt\u011b p\u0159\u00edstup k prvot\u0159\u00eddn\u00edm chemick\u00fdm \u010dinidl\u016fm. Proto je d\u016fle\u017eit\u00e9, abyste <b>autentick\u00fd 4-MPD<\/b> abyste zajistili integritu sv\u00fdch experiment\u016f. Str\u00e1nky <b>Objednat 4-MPD online<\/b> prost\u0159ednictv\u00edm na\u0161\u00ed platformy je jednoduch\u00fd a efektivn\u00ed proces. Optimalizovali jsme u\u017eivatelsk\u00e9 prost\u0159ed\u00ed, abychom v\u00e1m zajistili rychl\u00e9 a snadn\u00e9 z\u00edsk\u00e1n\u00ed pot\u0159ebn\u00fdch materi\u00e1l\u016f. Spolehn\u011bte se na spole\u010dnost Chemgramx pro sv\u00e9 v\u00fdzkumn\u00e9 pot\u0159eby. Neust\u00e1l\u00fd rozvoj v\u011bdeck\u00e9ho pozn\u00e1n\u00ed z\u00e1vis\u00ed na dostupnosti spolehliv\u00fdch a vysoce \u010dist\u00fdch l\u00e1tek.<\/p>\n<h2>V\u00fdznam \u010distoty a kvality chemick\u00fdch l\u00e1tek<\/h2>\n<p>Ve sv\u011bt\u011b v\u00fdzkumu a v\u00fdvoje je \u010distota chemick\u00e9 slou\u010deniny nesm\u00edrn\u011b d\u016fle\u017eit\u00e1. I ty nejmen\u0161\u00ed ne\u010distoty mohou zkreslit v\u00fdsledky pokus\u016f a v\u00e9st k nespr\u00e1vn\u00fdm interpretac\u00edm. Z tohoto d\u016fvodu se spole\u010dnost Chemgramx v\u011bnuje poskytov\u00e1n\u00ed chemick\u00fdch l\u00e1tek, kter\u00e9 jsou. <b>Vysok\u00e1 \u010distota na prodej<\/b> ozna\u010dov\u00e1n\u00ed. Na\u0161e procesy kontroly kvality jsou p\u0159\u00edsn\u00e9 a zahrnuj\u00ed n\u011bkolik f\u00e1z\u00ed, aby bylo zaji\u0161t\u011bno, \u017ee ka\u017ed\u00e1 \u0161ar\u017ee je <b>4-MPD<\/b> spl\u0148uje na\u0161e vysok\u00e9 standardy. Pokud si cen\u00edte p\u0159esn\u00fdch a reprodukovateln\u00fdch v\u00fdsledk\u016f, je pro v\u00e1s v\u00fdb\u011br d\u016fv\u011bryhodn\u00e9ho zdroje z\u00e1sadn\u00ed.<\/p>\n<p>V\u00fdb\u011br chemick\u00fdch l\u00e1tek pro v\u011bdeck\u00e9 \u00fa\u010dely vy\u017eaduje pe\u010dlivost a znalosti. Zaji\u0161\u0165ujeme, aby na\u0161e <b>4-MPD<\/b> je nejen \u010dist\u00fd, ale tak\u00e9 spl\u0148uje specifikace pro pou\u017eit\u00ed v n\u00e1ro\u010dn\u00fdch laborato\u0159\u00edch. Na\u0161\u00ed snahou je proto nab\u00eddnout v\u00e1m <b>V\u00fdzkumn\u00e1 kvalita na prodej<\/b> produkty, kter\u00e9 podporuj\u00ed va\u0161e v\u00fdzkumn\u00e9 c\u00edle. Na <b>nejlep\u0161\u00ed dostupn\u00e9 4-MPD<\/b> najdete pr\u00e1v\u011b u n\u00e1s v Chemgramxu a my se sna\u017e\u00edme p\u0159ekonat va\u0161e o\u010dek\u00e1v\u00e1n\u00ed. Poctivost va\u0161\u00ed v\u011bdeck\u00e9 pr\u00e1ce za\u010d\u00edn\u00e1 kvalitou materi\u00e1l\u016f, kter\u00e9 pou\u017e\u00edv\u00e1te.<\/p>\n<h2>Pro\u010d je Chemgramx preferovanou volbou pro 4-MPD<\/h2>\n<p>Ve spole\u010dnosti Chemgramx si uv\u011bdomujeme, jak d\u016fle\u017eitou roli hraj\u00ed vysoce kvalitn\u00ed chemick\u00e9 l\u00e1tky ve v\u011bdeck\u00e9 komunit\u011b. Proto se zavazujeme poskytovat v\u00e1m nejen produkty, ale tak\u00e9 d\u016fv\u011bru a spolehlivost. Kdy\u017e <b>4-MPD<\/b> m\u016f\u017eete si b\u00fdt jisti, \u017ee <b>autentick\u00fd 4-MPD<\/b> nejvy\u0161\u0161\u00ed kvality. Na\u0161e odborn\u00e9 znalosti v oblasti chemick\u00e9 synt\u00e9zy a anal\u00fdzy n\u00e1m umo\u017e\u0148uj\u00ed nab\u00edzet produkty, kter\u00e9 spl\u0148uj\u00ed nejvy\u0161\u0161\u00ed standardy. Krom\u011b toho m\u00e1me mo\u017enost, <b>Objednat 4-MPD online<\/b> s n\u00e1mi, co\u017e je d\u016fkazem na\u0161eho p\u0159\u00edstupu zam\u011b\u0159en\u00e9ho na z\u00e1kazn\u00edka. Chceme, aby va\u0161e nakupov\u00e1n\u00ed bylo co nejhlad\u0161\u00ed a nejefektivn\u011bj\u0161\u00ed.<\/p>\n<p>Hled\u00e1n\u00ed specifick\u00fdch v\u00fdzkumn\u00fdch chemik\u00e1li\u00ed m\u016f\u017ee b\u00fdt n\u00e1ro\u010dn\u00e9. Spole\u010dnost Chemgramx v\u0161ak tento proces usnad\u0148uje t\u00edm, \u017ee poskytuje \u0161irokou \u0161k\u00e1lu produkt\u016f, v\u010detn\u011b nap\u0159. <b>4-MPD<\/b>, p\u0159\u00edstupn\u00e9. Jsme hrd\u00ed na to, \u017ee jsme spolehliv\u00fdm zdrojem <b>\u0160pi\u010dkov\u00e1 kvalita 4-MPD<\/b> b\u00fdt uzn\u00e1n. Mo\u017enost, <b>Koupit 4-MPD na prodej<\/b> n\u00e1kup u n\u00e1s znamen\u00e1, \u017ee si vyb\u00edr\u00e1te kvalitu a v\u011bdeckou poctivost. Na\u0161e pe\u010dliv\u00e9 zach\u00e1zen\u00ed a zpracov\u00e1n\u00ed zaji\u0161\u0165uje, \u017ee se k v\u00e1m v\u00fdrobky dostanou v nejlep\u0161\u00edm mo\u017en\u00e9m stavu. V\u00edce informac\u00ed o na\u0161ich kvalitativn\u00edch standardech naleznete na na\u0161ich <a href=\"https:\/\/chemgramx.com\/product\/3-meo-pcp-3-methoxyphencyclidin-online-kaufen\/\">Str\u00e1nky s podrobnostmi o chemick\u00fdch l\u00e1tk\u00e1ch<\/a>.<\/p>\n<h2>Pou\u017eit\u00ed a v\u011bdeck\u00e1 hodnota 4-MPD<\/h2>\n<p><b>4-MPD<\/b> je slou\u010denina, kter\u00e1 je p\u0159edm\u011btem z\u00e1jmu v r\u016fzn\u00fdch oblastech v\u00fdzkumu. Jej\u00ed jedine\u010dn\u00e1 chemick\u00e1 struktura umo\u017e\u0148uje zkoumat nov\u00e9 molekul\u00e1rn\u00ed interakce a farmakologick\u00e9 profily. V\u011bdci takov\u00e9 slou\u010deniny pou\u017e\u00edvaj\u00ed ke zkoum\u00e1n\u00ed z\u00e1kladn\u00edch ot\u00e1zek v chemii a biologii. Dostupnost <b>4-MPD na prodej<\/b> od spole\u010dnosti Chemgramx d\u00e1v\u00e1 v\u011bdc\u016fm mo\u017enost vyu\u017e\u00edt tuto fascinuj\u00edc\u00ed l\u00e1tku ve sv\u00fdch studi\u00edch. Je pro n\u00e1s d\u016fle\u017eit\u00e9, aby na\u0161i z\u00e1kazn\u00edci <b>nejlep\u0161\u00ed dostupn\u00e9 4-MPD<\/b> maximalizovat v\u00fdsledky sv\u00e9ho v\u00fdzkumu. V\u011bdeck\u00e1 komunita m\u00e1 z poskytov\u00e1n\u00ed t\u011bchto specializovan\u00fdch chemik\u00e1li\u00ed prosp\u011bch.<\/p>\n<p>P\u0159esn\u00e1 synt\u00e9za 4-MPD vy\u017eaduje pokro\u010dil\u00e9 chemick\u00e9 techniky a p\u0159\u00edsnou kontrolu kvality. Spole\u010dnost Chemgramx neust\u00e1le investuje do technologi\u00ed a odborn\u00fdch znalost\u00ed, aby zajistila, \u017ee na\u0161e produkty spl\u0148uj\u00ed po\u017eadavky modern\u00edho v\u00fdzkumu. Pokud <b>V\u00fdzkumn\u00e1 kvalita na prodej<\/b> l\u00e1tky, Chemgramx je va\u0161\u00edm prvn\u00edm p\u0159\u00edstavem. S mo\u017enost\u00ed, <b>Objednat 4-MPD online<\/b>, Podporujeme v\u00fdzkumn\u00e9 pracovn\u00edky v jejich projektech, ani\u017e by to bylo na \u00fakor kvality. N\u00e1\u0161 z\u00e1vazek k dokonalosti je neochv\u011bjn\u00fd.<\/p>\n<h2>Bezpe\u010dn\u00e9 a spolehliv\u00e9 z\u00edsk\u00e1v\u00e1n\u00ed v\u00fdzkumn\u00fdch chemik\u00e1li\u00ed<\/h2>\n<p>Bezpe\u010dnost a spokojenost na\u0161ich z\u00e1kazn\u00edk\u016f je pro n\u00e1s ve spole\u010dnosti Chemgramx nejvy\u0161\u0161\u00ed prioritou. Ch\u00e1peme, \u017ee z\u00edsk\u00e1v\u00e1n\u00ed v\u00fdzkumn\u00fdch chemik\u00e1li\u00ed vy\u017eaduje d\u016fv\u011bru. Proto zaru\u010dujeme <b>Bezpe\u010dn\u00fd n\u00e1kup<\/b> proces, pokud <b>4-MPD<\/b> nebo jin\u00e9 produkty od n\u00e1s. Na\u0161e platforma je navr\u017eena tak, aby byla u\u017eivatelsky p\u0159\u00edv\u011btiv\u00e1 a bezpe\u010dn\u00e1, tak\u017ee se m\u016f\u017eete soust\u0159edit na sv\u016fj v\u00fdzkum a ne se starat o proces n\u00e1kupu. Dostupnost <b>Vysok\u00e1 \u010distota na prodej<\/b> materi\u00e1ly jsou st\u0159edobodem na\u0161\u00ed nab\u00eddky.<\/p>\n<p>Pe\u010dliv\u00e9 zach\u00e1zen\u00ed a zpracov\u00e1n\u00ed na\u0161ich v\u00fdrobk\u016f je z\u00e1sadn\u00ed. Db\u00e1me na to, aby ka\u017ed\u00e1 objedn\u00e1vka byla zpracov\u00e1na s maxim\u00e1ln\u00ed p\u00e9\u010d\u00ed, aby byla zachov\u00e1na integrita chemick\u00fdch l\u00e1tek. Kdy\u017e <b>autentick\u00fd 4-MPD<\/b> jste u spole\u010dnosti Chemgramx na spr\u00e1vn\u00e9m m\u00edst\u011b. Na\u0161e odborn\u00e9 znalosti v oblasti nakl\u00e1d\u00e1n\u00ed s chemick\u00fdmi l\u00e1tkami zaru\u010duj\u00ed, \u017ee obdr\u017e\u00edte v\u00fdrobek, kter\u00fd spl\u0148uje nejvy\u0161\u0161\u00ed standardy. P\u0159\u00edle\u017eitost, <b>Koupit 4-MPD na prodej<\/b> s d\u016fv\u011brou je slib, kter\u00fd ve spole\u010dnosti Chemgramx dodr\u017eujeme. V\u00edce informac\u00ed o na\u0161em sortimentu naleznete na <a href=\"https:\/\/chemgramx.com\/product\/4-mpd-online-kaufen\/\">4-MPD<\/a>.<\/p>\n<h2>Technick\u00e9 specifikace a zaji\u0161t\u011bn\u00ed kvality<\/h2>\n<p>Spole\u010dnost Chemgramx se sna\u017e\u00ed zajistit naprostou transparentnost kvality sv\u00fdch v\u00fdrobk\u016f. Ka\u017ed\u00e1 \u0161ar\u017ee na\u0161ich v\u00fdrobk\u016f <b>4-MPD<\/b> proch\u00e1z\u00ed rozs\u00e1hl\u00fdm testov\u00e1n\u00edm, aby se potvrdila jeho identita a \u010distota. Nab\u00edz\u00edme <b>Laboratorn\u00ed kvalita na prodej<\/b> materi\u00e1ly vhodn\u00e9 pro n\u00e1ro\u010dn\u00e9 analytick\u00e9 aplikace. Technick\u00e9 specifikace jsou podrobn\u011b zdokumentov\u00e1ny, abyste p\u0159esn\u011b v\u011bd\u011bli, co dost\u00e1v\u00e1te. P\u0159\u00edle\u017eitost, <b>Objednat 4-MPD online<\/b> se op\u00edr\u00e1 o na\u0161i d\u016fkladnou kontrolu kvality. Spolehn\u011bte se na spole\u010dnost Chemgramx pro sv\u00e9 v\u00fdzkumn\u00e9 pot\u0159eby.<\/p>\n<p>Na\u0161e procesy zaji\u0161t\u011bn\u00ed kvality jsou ned\u00edlnou sou\u010d\u00e1st\u00ed v\u00fdroby. Pou\u017e\u00edv\u00e1me nejmodern\u011bj\u0161\u00ed analytick\u00e9 metody ke stanoven\u00ed slo\u017een\u00ed a \u010distoty produkt\u016f. <b>4-MPD<\/b> zkontrolovat. T\u00edm zajist\u00edte, \u017ee <b>\u0160pi\u010dkov\u00e1 kvalita 4-MPD<\/b> kter\u00fd spl\u0148uje va\u0161e o\u010dek\u00e1v\u00e1n\u00ed. Neust\u00e1l\u00e9 sledov\u00e1n\u00ed a zlep\u0161ov\u00e1n\u00ed na\u0161ich proces\u016f je z\u00e1sadn\u00ed pro udr\u017een\u00ed na\u0161\u00ed pov\u011bsti \u0161pi\u010dkov\u00e9 firmy. Na str\u00e1nk\u00e1ch <b>nejlep\u0161\u00ed dostupn\u00e9 4-MPD<\/b> je u n\u00e1s jistotou. Nav\u0161tivte tak\u00e9 na\u0161i str\u00e1nku o <a href=\"https:\/\/chemgramx.com\/product\/3-meo-pcp-3-methoxyphencyclidin-online-kaufen\/\">dal\u0161\u00ed p\u0159\u00edbuzn\u00e9 slou\u010deniny<\/a> dal\u0161\u00ed mo\u017enosti.<\/p>\n<h2>V\u00e1\u0161 partner pro v\u011bdeck\u00e9 inovace<\/h2>\n<p>V\u011bdeck\u00fd pokrok z\u00e1vis\u00ed na dostupnosti vynikaj\u00edc\u00edch v\u00fdzkumn\u00fdch materi\u00e1l\u016f. Spole\u010dnost Chemgramx tuto pot\u0159ebu ch\u00e1pe a jej\u00edm posl\u00e1n\u00edm je poskytovat v\u00fdzkumn\u00fdm pracovn\u00edk\u016fm po cel\u00e9m sv\u011bt\u011b prvot\u0159\u00eddn\u00ed chemick\u00e9 l\u00e1tky. Pokud <b>4-MPD na prodej<\/b> se m\u016f\u017eete spolehnout, \u017ee v\u00e1m dod\u00e1me v\u00fdrobky, kter\u00e9 spl\u0148uj\u00ed nejvy\u0161\u0161\u00ed standardy. P\u0159\u00edle\u017eitost, <b>Koupit 4-MPD na prodej<\/b> online je p\u0159\u00edstup k t\u011bmto d\u016fle\u017eit\u00fdm v\u00fdzkumn\u00fdm n\u00e1stroj\u016fm snaz\u0161\u00ed ne\u017e kdykoli p\u0159edt\u00edm. Jsme hrd\u00ed na to, \u017ee jsme ned\u00edlnou sou\u010d\u00e1st\u00ed v\u011bdeck\u00e9ho ekosyst\u00e9mu.<\/p>\n<p>Zveme v\u00e1s, abyste objevili v\u00fdhody spolupr\u00e1ce se spole\u010dnost\u00ed Chemgramx. N\u00e1\u0161 z\u00e1vazek ke kvalit\u011b, \u010distot\u011b a spokojenosti z\u00e1kazn\u00edk\u016f je neochv\u011bjn\u00fd. Pokud m\u00e1te z\u00e1jem o <b>autentick\u00fd 4-MPD<\/b> rozhodujete se pro spolehlivost v\u00fdsledk\u016f v\u00fdzkumu. Str\u00e1nky <b>nejlep\u0161\u00ed dostupn\u00e9 4-MPD<\/b> u n\u00e1s najdete a my se budeme sna\u017eit p\u0159ed\u010dit va\u0161e o\u010dek\u00e1v\u00e1n\u00ed. V\u00e1\u0161 \u00fasp\u011bch je to, co n\u00e1s poh\u00e1n\u00ed, a t\u011b\u0161\u00edme se, \u017ee v\u00e1s budeme moci podpo\u0159it ve va\u0161em v\u011bdeck\u00e9m \u00fasil\u00ed. Chopte se p\u0159\u00edle\u017eitosti, <b>Objednat 4-MPD online<\/b> a za\u017eijte ten rozd\u00edl.<\/p>\n<h2>Shrnut\u00ed v\u00fdhod produktu<\/h2>\n<p>Spole\u010dnost Chemgramx nab\u00edz\u00ed <b>4-MPD<\/b> nejvy\u0161\u0161\u00ed \u010distoty pro n\u00e1ro\u010dn\u00e9 v\u00fdzkumn\u00e9 aplikace. Db\u00e1me na to, abyste <b>\u0160pi\u010dkov\u00e1 kvalita 4-MPD<\/b> kter\u00fd podl\u00e9h\u00e1 p\u0159\u00edsn\u00e9 kontrole kvality. Jednoduch\u00e1 mo\u017enost, <b>Objednat 4-MPD online<\/b> n\u00e1s \u010din\u00ed va\u0161\u00edm preferovan\u00fdm dodavatelem. M\u016f\u017eete si b\u00fdt jisti, \u017ee <b>autentick\u00fd 4-MPD<\/b> od d\u016fv\u011bryhodn\u00e9ho poskytovatele. Krom\u011b toho je dostupnost <b>Vysok\u00e1 \u010distota na prodej<\/b> charakteristick\u00fdm znakem na\u0161ich slu\u017eeb. Jsme va\u0161\u00edm spolehliv\u00fdm partnerem pro v\u011bdeckou excelenci a nab\u00edz\u00edme v\u00e1m <b>nejlep\u0161\u00ed dostupn\u00e9 4-MPD<\/b> pro va\u0161e projekty.<\/p>\n<p>Volba spole\u010dnosti Chemgramx znamen\u00e1 volbu kvality a p\u0159esnosti. Jsme odhodl\u00e1ni uspokojovat pot\u0159eby v\u011bdeck\u00e9 komunity t\u00edm, \u017ee poskytujeme p\u0159\u00edstup k prvot\u0159\u00eddn\u00edm chemik\u00e1li\u00edm pro v\u00fdzkum. Pokud <b>4-MPD na prodej<\/b> jste na spr\u00e1vn\u00e9m m\u00edst\u011b. Na\u0161e odborn\u00e9 znalosti a z\u00e1vazek ke kvalit\u011b z n\u00e1s d\u011blaj\u00ed ide\u00e1ln\u00ed volbu pro v\u0161echny va\u0161e v\u00fdzkumn\u00e9 pot\u0159eby. P\u0159\u00edle\u017eitost, <b>Koupit 4-MPD na prodej<\/b> prost\u0159ednictv\u00edm na\u0161\u00ed zabezpe\u010den\u00e9 platformy, zd\u016fraz\u0148uje n\u00e1\u0161 z\u00e1vazek k va\u0161\u00ed spokojenosti. Spolehn\u011bte se na spole\u010dnost Chemgramx p\u0159i sv\u00fdch v\u011bdeck\u00fdch objevech.<\/p>","protected":false},"excerpt":{"rendered":"<p>Vysok\u00e1 \u010distota <b>4-MPD<\/b> pro n\u00e1ro\u010dn\u00e9 v\u00fdzkumn\u00e9 \u00fa\u010dely. Obdr\u017ete <b>V\u00fdzkumn\u00e1 kvalita na prodej<\/b> Kvalita a <b>autentick\u00fd 4-MPD<\/b> p\u0159\u00edmo od spole\u010dnosti Chemgramx. Objedn\u00e1vejte online pro sv\u00e9 v\u011bdeck\u00e9 projekty.<\/p>","protected":false},"featured_media":8444,"comment_status":"open","ping_status":"closed","template":"","meta":{"_joinchat":[]},"product_brand":[],"product_cat":[48],"product_tag":[2442,2448,2447,2443,2449,2446,2444,2445,2450,2182],"class_list":{"0":"post-8399","1":"product","2":"type-product","3":"status-publish","4":"has-post-thumbnail","6":"product_cat-stimulants","7":"product_tag-4-mpd","8":"product_tag-4-mpd-chemikalien","9":"product_tag-4-mpd-forschung","10":"product_tag-4-mpd-kaufen","11":"product_tag-4-mpd-kaufen-online","12":"product_tag-4-mpd-kristalle","13":"product_tag-4-mpd-online","14":"product_tag-4-mpd-pulver","15":"product_tag-forschung-4-mpd","16":"product_tag-synthetische-chemikalien","18":"first","19":"instock","20":"shipping-taxable","21":"purchasable","22":"product-type-variable"},"yoast_head":"<!-- This site is optimized with the Yoast SEO plugin v27.5 - https:\/\/yoast.com\/product\/yoast-seo-wordpress\/ -->\n<title>4-MPD Kaufen - Hochrein, For Sale<\/title>\n<meta name=\"description\" content=\"Erhalten Sie authentisches 4-MPD in Top-Qualit\u00e4t. Bestellen Sie Ihr 4-MPD online bei Chemgramx. Sichere und zuverl\u00e4ssige Beschaffung f\u00fcr Ihre Forschung.\" \/>\n<meta name=\"robots\" content=\"index, follow, max-snippet:-1, max-image-preview:large, max-video-preview:-1\" \/>\n<link rel=\"canonical\" href=\"https:\/\/chemgramx.com\/cs\/produkt-1\/4-koupit-mpd-online\/\" \/>\n<meta property=\"og:locale\" content=\"cs_CZ\" \/>\n<meta property=\"og:type\" content=\"article\" \/>\n<meta property=\"og:title\" content=\"4-MPD Kaufen - Hochrein, For Sale\" \/>\n<meta property=\"og:description\" content=\"Erhalten Sie authentisches 4-MPD in Top-Qualit\u00e4t. Bestellen Sie Ihr 4-MPD online bei Chemgramx. Sichere und zuverl\u00e4ssige Beschaffung f\u00fcr Ihre Forschung.\" \/>\n<meta property=\"og:url\" content=\"https:\/\/chemgramx.com\/cs\/produkt-1\/4-koupit-mpd-online\/\" \/>\n<meta property=\"og:site_name\" content=\"Chemgramx\" \/>\n<meta property=\"article:modified_time\" content=\"2025-12-09T09:55:20+00:00\" \/>\n<meta property=\"og:image\" content=\"https:\/\/chemgramx.com\/wp-content\/uploads\/2025\/11\/4-mpd.png\" \/>\n\t<meta property=\"og:image:width\" content=\"600\" \/>\n\t<meta property=\"og:image:height\" content=\"400\" \/>\n\t<meta property=\"og:image:type\" content=\"image\/png\" \/>\n<meta name=\"twitter:card\" content=\"summary_large_image\" \/>\n<meta name=\"twitter:label1\" content=\"Odhadovan\u00e1 doba \u010dten\u00ed\" \/>\n\t<meta name=\"twitter:data1\" content=\"4 minuty\" \/>\n<script type=\"application\/ld+json\" class=\"yoast-schema-graph\">{\"@context\":\"https:\\\/\\\/schema.org\",\"@graph\":[{\"@type\":\"WebPage\",\"@id\":\"https:\\\/\\\/chemgramx.com\\\/product\\\/4-mpd-online-kaufen\\\/\",\"url\":\"https:\\\/\\\/chemgramx.com\\\/product\\\/4-mpd-online-kaufen\\\/\",\"name\":\"4-MPD Kaufen - Hochrein, For Sale\",\"isPartOf\":{\"@id\":\"https:\\\/\\\/chemgramx.com\\\/#website\"},\"primaryImageOfPage\":{\"@id\":\"https:\\\/\\\/chemgramx.com\\\/product\\\/4-mpd-online-kaufen\\\/#primaryimage\"},\"image\":{\"@id\":\"https:\\\/\\\/chemgramx.com\\\/product\\\/4-mpd-online-kaufen\\\/#primaryimage\"},\"thumbnailUrl\":\"https:\\\/\\\/chemgramx.com\\\/wp-content\\\/uploads\\\/2025\\\/11\\\/4-mpd.png\",\"datePublished\":\"2025-11-21T18:18:31+00:00\",\"dateModified\":\"2025-12-09T09:55:20+00:00\",\"description\":\"Erhalten Sie authentisches 4-MPD in Top-Qualit\u00e4t. Bestellen Sie Ihr 4-MPD online bei Chemgramx. Sichere und zuverl\u00e4ssige Beschaffung f\u00fcr Ihre Forschung.\",\"breadcrumb\":{\"@id\":\"https:\\\/\\\/chemgramx.com\\\/product\\\/4-mpd-online-kaufen\\\/#breadcrumb\"},\"inLanguage\":\"cs\",\"potentialAction\":[{\"@type\":\"ReadAction\",\"target\":[\"https:\\\/\\\/chemgramx.com\\\/product\\\/4-mpd-online-kaufen\\\/\"]}]},{\"@type\":\"ImageObject\",\"inLanguage\":\"cs\",\"@id\":\"https:\\\/\\\/chemgramx.com\\\/product\\\/4-mpd-online-kaufen\\\/#primaryimage\",\"url\":\"https:\\\/\\\/chemgramx.com\\\/wp-content\\\/uploads\\\/2025\\\/11\\\/4-mpd.png\",\"contentUrl\":\"https:\\\/\\\/chemgramx.com\\\/wp-content\\\/uploads\\\/2025\\\/11\\\/4-mpd.png\",\"width\":600,\"height\":400},{\"@type\":\"BreadcrumbList\",\"@id\":\"https:\\\/\\\/chemgramx.com\\\/product\\\/4-mpd-online-kaufen\\\/#breadcrumb\",\"itemListElement\":[{\"@type\":\"ListItem\",\"position\":1,\"name\":\"Home\",\"item\":\"https:\\\/\\\/chemgramx.com\\\/\"},{\"@type\":\"ListItem\",\"position\":2,\"name\":\"Shop\",\"item\":\"https:\\\/\\\/chemgramx.com\\\/shop\\\/\"},{\"@type\":\"ListItem\",\"position\":3,\"name\":\"4-MPD Kaufen &#8211; Hochrein, For Sale\"}]},{\"@type\":\"WebSite\",\"@id\":\"https:\\\/\\\/chemgramx.com\\\/#website\",\"url\":\"https:\\\/\\\/chemgramx.com\\\/\",\"name\":\"Chemgramx\",\"description\":\"\",\"publisher\":{\"@id\":\"https:\\\/\\\/chemgramx.com\\\/#organization\"},\"potentialAction\":[{\"@type\":\"SearchAction\",\"target\":{\"@type\":\"EntryPoint\",\"urlTemplate\":\"https:\\\/\\\/chemgramx.com\\\/?s={search_term_string}\"},\"query-input\":{\"@type\":\"PropertyValueSpecification\",\"valueRequired\":true,\"valueName\":\"search_term_string\"}}],\"inLanguage\":\"cs\"},{\"@type\":\"Organization\",\"@id\":\"https:\\\/\\\/chemgramx.com\\\/#organization\",\"name\":\"Chemgramx\",\"url\":\"https:\\\/\\\/chemgramx.com\\\/\",\"logo\":{\"@type\":\"ImageObject\",\"inLanguage\":\"cs\",\"@id\":\"https:\\\/\\\/chemgramx.com\\\/#\\\/schema\\\/logo\\\/image\\\/\",\"url\":\"https:\\\/\\\/chemgramx.com\\\/wp-content\\\/uploads\\\/2024\\\/10\\\/final-logo.png\",\"contentUrl\":\"https:\\\/\\\/chemgramx.com\\\/wp-content\\\/uploads\\\/2024\\\/10\\\/final-logo.png\",\"width\":250,\"height\":48,\"caption\":\"Chemgramx\"},\"image\":{\"@id\":\"https:\\\/\\\/chemgramx.com\\\/#\\\/schema\\\/logo\\\/image\\\/\"}}]}<\/script>\n<!-- \/ Yoast SEO plugin. -->","yoast_head_json":{"title":"Koupit 4-MPD \u2013 vysoce \u010dist\u00fd, na prodej","description":"Z\u00edskejte autentick\u00e9 4-MPD v nejvy\u0161\u0161\u00ed kvalit\u011b. Objednejte si 4-MPD online u Chemgramx, bezpe\u010dn\u00e9ho a spolehliv\u00e9ho zdroje pro v\u00e1\u0161 v\u00fdzkum.","robots":{"index":"index","follow":"follow","max-snippet":"max-snippet:-1","max-image-preview":"max-image-preview:large","max-video-preview":"max-video-preview:-1"},"canonical":"https:\/\/chemgramx.com\/cs\/produkt-1\/4-koupit-mpd-online\/","og_locale":"cs_CZ","og_type":"article","og_title":"4-MPD Kaufen - Hochrein, For Sale","og_description":"Erhalten Sie authentisches 4-MPD in Top-Qualit\u00e4t. Bestellen Sie Ihr 4-MPD online bei Chemgramx. Sichere und zuverl\u00e4ssige Beschaffung f\u00fcr Ihre Forschung.","og_url":"https:\/\/chemgramx.com\/cs\/produkt-1\/4-koupit-mpd-online\/","og_site_name":"Chemgramx","article_modified_time":"2025-12-09T09:55:20+00:00","og_image":[{"width":600,"height":400,"url":"https:\/\/chemgramx.com\/wp-content\/uploads\/2025\/11\/4-mpd.png","type":"image\/png"}],"twitter_card":"summary_large_image","twitter_misc":{"Odhadovan\u00e1 doba \u010dten\u00ed":"4 minuty"},"schema":{"@context":"https:\/\/schema.org","@graph":[{"@type":"WebPage","@id":"https:\/\/chemgramx.com\/product\/4-mpd-online-kaufen\/","url":"https:\/\/chemgramx.com\/product\/4-mpd-online-kaufen\/","name":"Koupit 4-MPD \u2013 vysoce \u010dist\u00fd, na prodej","isPartOf":{"@id":"https:\/\/chemgramx.com\/#website"},"primaryImageOfPage":{"@id":"https:\/\/chemgramx.com\/product\/4-mpd-online-kaufen\/#primaryimage"},"image":{"@id":"https:\/\/chemgramx.com\/product\/4-mpd-online-kaufen\/#primaryimage"},"thumbnailUrl":"https:\/\/chemgramx.com\/wp-content\/uploads\/2025\/11\/4-mpd.png","datePublished":"2025-11-21T18:18:31+00:00","dateModified":"2025-12-09T09:55:20+00:00","description":"Z\u00edskejte autentick\u00e9 4-MPD v nejvy\u0161\u0161\u00ed kvalit\u011b. Objednejte si 4-MPD online u Chemgramx, bezpe\u010dn\u00e9ho a spolehliv\u00e9ho zdroje pro v\u00e1\u0161 v\u00fdzkum.","breadcrumb":{"@id":"https:\/\/chemgramx.com\/product\/4-mpd-online-kaufen\/#breadcrumb"},"inLanguage":"cs","potentialAction":[{"@type":"ReadAction","target":["https:\/\/chemgramx.com\/product\/4-mpd-online-kaufen\/"]}]},{"@type":"ImageObject","inLanguage":"cs","@id":"https:\/\/chemgramx.com\/product\/4-mpd-online-kaufen\/#primaryimage","url":"https:\/\/chemgramx.com\/wp-content\/uploads\/2025\/11\/4-mpd.png","contentUrl":"https:\/\/chemgramx.com\/wp-content\/uploads\/2025\/11\/4-mpd.png","width":600,"height":400},{"@type":"BreadcrumbList","@id":"https:\/\/chemgramx.com\/product\/4-mpd-online-kaufen\/#breadcrumb","itemListElement":[{"@type":"ListItem","position":1,"name":"Home","item":"https:\/\/chemgramx.com\/"},{"@type":"ListItem","position":2,"name":"Shop","item":"https:\/\/chemgramx.com\/shop\/"},{"@type":"ListItem","position":3,"name":"4-MPD Kaufen &#8211; Hochrein, For Sale"}]},{"@type":"WebSite","@id":"https:\/\/chemgramx.com\/#website","url":"https:\/\/chemgramx.com\/","name":"Chemgramx","description":"","publisher":{"@id":"https:\/\/chemgramx.com\/#organization"},"potentialAction":[{"@type":"SearchAction","target":{"@type":"EntryPoint","urlTemplate":"https:\/\/chemgramx.com\/?s={search_term_string}"},"query-input":{"@type":"PropertyValueSpecification","valueRequired":true,"valueName":"search_term_string"}}],"inLanguage":"cs"},{"@type":"Organization","@id":"https:\/\/chemgramx.com\/#organization","name":"Chemgramx","url":"https:\/\/chemgramx.com\/","logo":{"@type":"ImageObject","inLanguage":"cs","@id":"https:\/\/chemgramx.com\/#\/schema\/logo\/image\/","url":"https:\/\/chemgramx.com\/wp-content\/uploads\/2024\/10\/final-logo.png","contentUrl":"https:\/\/chemgramx.com\/wp-content\/uploads\/2024\/10\/final-logo.png","width":250,"height":48,"caption":"Chemgramx"},"image":{"@id":"https:\/\/chemgramx.com\/#\/schema\/logo\/image\/"}}]}},"_links":{"self":[{"href":"https:\/\/chemgramx.com\/cs\/wp-json\/wp\/v2\/product\/8399","targetHints":{"allow":["GET"]}}],"collection":[{"href":"https:\/\/chemgramx.com\/cs\/wp-json\/wp\/v2\/product"}],"about":[{"href":"https:\/\/chemgramx.com\/cs\/wp-json\/wp\/v2\/types\/product"}],"replies":[{"embeddable":true,"href":"https:\/\/chemgramx.com\/cs\/wp-json\/wp\/v2\/comments?post=8399"}],"wp:featuredmedia":[{"embeddable":true,"href":"https:\/\/chemgramx.com\/cs\/wp-json\/wp\/v2\/media\/8444"}],"wp:attachment":[{"href":"https:\/\/chemgramx.com\/cs\/wp-json\/wp\/v2\/media?parent=8399"}],"wp:term":[{"taxonomy":"product_brand","embeddable":true,"href":"https:\/\/chemgramx.com\/cs\/wp-json\/wp\/v2\/product_brand?post=8399"},{"taxonomy":"product_cat","embeddable":true,"href":"https:\/\/chemgramx.com\/cs\/wp-json\/wp\/v2\/product_cat?post=8399"},{"taxonomy":"product_tag","embeddable":true,"href":"https:\/\/chemgramx.com\/cs\/wp-json\/wp\/v2\/product_tag?post=8399"}],"curies":[{"name":"wp","href":"https:\/\/api.w.org\/{rel}","templated":true}]}}