{"id":8552,"date":"2025-11-21T18:40:47","date_gmt":"2025-11-21T18:40:47","guid":{"rendered":"https:\/\/chemgramx.com\/?post_type=product&#038;p=8552"},"modified":"2025-12-09T09:53:36","modified_gmt":"2025-12-09T09:53:36","slug":"buy-flualprazolam-synthetic-benzodiazepine-online","status":"publish","type":"product","link":"https:\/\/chemgramx.com\/cs\/product\/flualprazolam-synthetisches-benzodiazepin-online-kaufen\/","title":{"rendered":"Koupit flualprazolam \u2013 vysok\u00e1 kvalita, v\u00fdzkum"},"content":{"rendered":"<h2>Flualprazolam: vysoce kvalitn\u00ed benzodiazepin pro va\u0161e v\u00fdzkumn\u00e9 pot\u0159eby<\/h2>\n<p>Objevte v\u00fdjime\u010dnou kvalitu <b>Flualprazolam<\/b>, syntetick\u00e1 slou\u010denina speci\u00e1ln\u011b vyvinut\u00e1 pro n\u00e1ro\u010dn\u00e9 v\u00fdzkumn\u00e9 aplikace. Pokud jste <b>Flualprazolam na prodej<\/b> Chemgramx je pro v\u00e1s to prav\u00e9 m\u00edsto. Nab\u00edz\u00edme v\u00e1m produkt nejvy\u0161\u0161\u00ed \u010distoty, kter\u00fd spl\u0148uje nejp\u0159\u00edsn\u011bj\u0161\u00ed normy kvality. N\u00e1\u0161 z\u00e1vazek k dokonalosti zaji\u0161\u0165uje, \u017ee ka\u017ed\u00e1 \u0161ar\u017ee <b>Flualprazolam<\/b> je pe\u010dliv\u011b kontrolov\u00e1n, aby byla zaji\u0161t\u011bna spolehlivost a konzistence pro va\u0161e v\u011bdeck\u00e9 projekty. Vyhled\u00e1v\u00e1n\u00ed <b>Flualprazolam nejvy\u0161\u0161\u00ed kvality<\/b> zde kon\u010d\u00ed, proto\u017ee si uv\u011bdomujeme kritickou povahu va\u0161eho v\u00fdzkumu.<\/p>\n<p>N\u00e1\u0161 z\u00e1vazek k dokonalosti se odr\u00e1\u017e\u00ed v \u010distot\u011b na\u0161ich v\u00fdrobk\u016f. <b>Flualprazolam<\/b> odr\u00e1\u017e\u00ed. V\u00edme, \u017ee i ty nejmen\u0161\u00ed ne\u010distoty mohou zfal\u0161ovat v\u00fdsledky va\u0161ich experiment\u016f. Proto pou\u017e\u00edv\u00e1me pokro\u010dil\u00e9 analytick\u00e9 metody, abychom zajistili nekompromisn\u00ed kvalitu. Pokud m\u00e1te z\u00e1jem o <b>Flualprazolam<\/b> od spole\u010dnosti Chemgramx investujete do p\u0159esnosti a d\u016fv\u011bry. To je z\u00e1sadn\u00ed pro ka\u017ed\u00e9ho, kdo chce dos\u00e1hnout v\u011bdeck\u00e9ho pokroku. Objevte <b>Nejlep\u0161\u00ed dostupn\u00fd flualprazolam<\/b> a za\u017eijte ten rozd\u00edl.<\/p>\n<h3>V\u011bdeck\u00e9 poznatky o flualprazolamu<\/h3>\n<p>Flualprazolam, zn\u00e1m\u00fd tak\u00e9 pod sv\u00fdm chemick\u00fdm n\u00e1zvem, pat\u0159\u00ed do skupiny thienodiazepin\u016f, kter\u00e9 jsou bl\u00edzce p\u0159\u00edbuzn\u00e9 benzodiazepin\u016fm. O t\u011bchto slou\u010denin\u00e1ch je zn\u00e1mo, \u017ee p\u016fsob\u00ed na centr\u00e1ln\u00ed nervov\u00fd syst\u00e9m zv\u00fd\u0161en\u00edm aktivity neurotransmiteru kyseliny gama-aminom\u00e1seln\u00e9 (GABA). GABA je hlavn\u00edm inhibi\u010dn\u00edm neurotransmiterem v mozku a zv\u00fd\u0161en\u00ed jej\u00ed aktivity m\u016f\u017ee v\u00e9st k \u0159ad\u011b farmakologick\u00fdch \u00fa\u010dink\u016f. Jedine\u010dn\u00e1 chemick\u00e1 struktura flualprazolamu jej odli\u0161uje od ostatn\u00edch slou\u010denin t\u00e9to t\u0159\u00eddy a \u010din\u00ed z n\u011bj zaj\u00edmav\u00fd p\u0159edm\u011bt v\u00fdzkumu.<\/p>\n<p>V\u00fdzkum se \u010dasto zam\u011b\u0159uje na farmakokinetick\u00e9 a farmakodynamick\u00e9 vlastnosti t\u011bchto l\u00e1tek. To zahrnuje studium toho, jak t\u011blo l\u00e1tku absorbuje, distribuuje, metabolizuje a vyb\u00edr\u00e1 (farmakokinetika). Stejn\u011b d\u016fle\u017eit\u00e9 je pochopit, jak slou\u010denina interaguje s t\u011blem na molekul\u00e1rn\u00ed \u00farovni, aby vyvolala sv\u00e9 \u00fa\u010dinky (farmakodynamika). Tyto studie jsou nezbytn\u00e9 pro pln\u00e9 pochopen\u00ed potenci\u00e1lu a omezen\u00ed ka\u017ed\u00e9 chemick\u00e9 l\u00e1tky. Pokud <b>Flualprazolam na prodej<\/b> podporujete potenci\u00e1ln\u011b d\u016fle\u017eitou v\u00fdzkumnou pr\u00e1ci.<\/p>\n<h3>Oblasti pou\u017eit\u00ed ve v\u00fdzkumu<\/h3>\n<p><b>Flualprazolam<\/b> se pou\u017e\u00edv\u00e1 p\u0159edev\u0161\u00edm jako v\u00fdzkumn\u00e1 chemik\u00e1lie. V\u011bdci a v\u00fdzkumn\u00edci pou\u017e\u00edvaj\u00ed tyto slou\u010deniny ke zkoum\u00e1n\u00ed z\u00e1kladn\u00edch biologick\u00fdch proces\u016f, k v\u00fdvoji nov\u00fdch analytick\u00fdch metod nebo k hodnocen\u00ed potenci\u00e1lu budouc\u00edch terapeutick\u00fdch aplikac\u00ed. P\u0159esn\u00e1 povaha v\u00fdzkumu vy\u017eaduje chemick\u00e9 l\u00e1tky nejvy\u0161\u0161\u00ed \u010distoty a definovan\u00e9ho slo\u017een\u00ed. Proto je nutn\u00e9 po\u0159izovat <b>Vysok\u00e1 \u010distota na prodej<\/b>-materi\u00e1ly jsou nesm\u00edrn\u011b d\u016fle\u017eit\u00e9.<\/p>\n<p>P\u0159esto\u017ee je flualprazolam strukturn\u011b p\u0159\u00edbuzn\u00fd farmakologicky \u00fa\u010dinn\u00fdm l\u00e1tk\u00e1m, je d\u016fle\u017eit\u00e9 zd\u016fraznit, \u017ee je ur\u010den pouze pro laboratorn\u00ed pou\u017eit\u00ed. Jeho pou\u017eit\u00ed je omezeno na kvalifikovan\u00e9 odborn\u00edky v kontrolovan\u00e9m v\u00fdzkumn\u00e9m prost\u0159ed\u00ed. T\u00edm je zaji\u0161t\u011bno, \u017ee manipulace a experimenty prob\u00edhaj\u00ed v souladu s nejvy\u0161\u0161\u00edmi v\u011bdeck\u00fdmi a etick\u00fdmi standardy. Pokud <b>V\u00fdzkumn\u00e1 kvalita na prodej<\/b>-materi\u00e1l\u016f, rozhoduj\u00edc\u00ed je spolehlivost.<\/p>\n<p>V\u00fdzkum vztah\u016f mezi chemickou strukturou a aktivitou je fascinuj\u00edc\u00ed oblast\u00ed. V\u011bdci zkoumaj\u00ed, jak mohou drobn\u00e9 zm\u011bny v molekul\u00e1rn\u00ed struktu\u0159e v\u00e9st k v\u00fdznamn\u00fdm rozd\u00edl\u016fm v biologick\u00e9 aktivit\u011b. Flualprazolam k tomu nab\u00edz\u00ed ide\u00e1ln\u00ed objekt studia. P\u0159esn\u00e1 anal\u00fdza t\u011bchto vztah\u016f m\u016f\u017ee v\u00e9st k objevu nov\u00fdch molekul se specifick\u00fdmi vlastnostmi. Pro takov\u00e9 podrobn\u00e9 zkoum\u00e1n\u00ed <b>Autentick\u00fd flualprazolam<\/b> nezbytn\u00e9.<\/p>\n<h3>Kvalita a \u010distota u Chemgramx<\/h3>\n<p>Ve spole\u010dnosti Chemgramx klademe d\u016fraz na kvalitu a \u010distotu na\u0161ich produkt\u016f. Ch\u00e1peme, \u017ee v\u00e1\u0161 v\u00fdzkum si zaslou\u017e\u00ed jen ta nejlep\u0161\u00ed \u010dinidla. Proto jsou na\u0161e <b>Flualprazolam<\/b> p\u0159\u00edsn\u00e9 kontroly kvality. Tyto kontroly zaji\u0161\u0165uj\u00ed, \u017ee obdr\u017e\u00edte v\u00fdrobek, kter\u00fd spl\u0148uje nejvy\u0161\u0161\u00ed pr\u016fmyslov\u00e9 standardy. Kdy\u017e <b>Flualprazolam online<\/b> u n\u00e1s se m\u016f\u017eete spolehnout na prvot\u0159\u00eddn\u00ed kvalitu.<\/p>\n<p>Na\u0161e analytick\u00e9 laborato\u0159e jsou vybaveny nejmodern\u011bj\u0161\u00edm za\u0159\u00edzen\u00edm. To n\u00e1m umo\u017e\u0148uje p\u0159esn\u011b ur\u010dit \u010distotu a identitu ka\u017ed\u00e9 slou\u010deniny. Pou\u017e\u00edv\u00e1me techniky, jako je vysoko\u00fa\u010dinn\u00e1 kapalinov\u00e1 chromatografie (HPLC) a hmotnostn\u00ed spektrometrie (MS), abychom zajistili integritu na\u0161ich produkt\u016f. <b>Flualprazolam<\/b> potvrdit. Proto si m\u016f\u017eete b\u00fdt jisti, \u017ee <b>Laboratorn\u00ed kvalita na prodej<\/b>-materi\u00e1ly nejvy\u0161\u0161\u00ed kvality. Jsme hrd\u00ed na to, \u017ee jsme <b>Nejlep\u0161\u00ed dostupn\u00fd flualprazolam<\/b> na trhu.<\/p>\n<p>Transparentnost na\u0161ich proces\u016f je pro n\u00e1s d\u016fle\u017eit\u00e1. Poskytujeme podrobn\u00e9 informace o kvalit\u011b v\u00fdrobk\u016f, abyste mohli \u010dinit informovan\u00e1 rozhodnut\u00ed. Pokud <b>koupit Flualprazolam na prodej<\/b> P\u0159i zva\u017eov\u00e1n\u00ed nov\u00e9ho v\u00fdrobku je z\u00e1sadn\u00ed jistota kvality. Spole\u010dnost Chemgramx se zav\u00e1zala k t\u00e9to transparentnosti a dokonalosti. D\u00edky tomu jsme va\u0161\u00edm d\u016fv\u011bryhodn\u00fdm partnerem pro v\u00fdzkumn\u00e9 chemik\u00e1lie.<\/p>\n<h3>Bezpe\u010dn\u00e1 manipulace a skladov\u00e1n\u00ed<\/h3>\n<p>Bezpe\u010dn\u00e9 zach\u00e1zen\u00ed s v\u00fdzkumn\u00fdmi chemik\u00e1liemi je nanejv\u00fd\u0161 d\u016fle\u017eit\u00e9. S flualprazolamem je t\u0159eba zach\u00e1zet v souladu s osv\u011bd\u010den\u00fdmi laboratorn\u00edmi postupy. To zahrnuje pou\u017e\u00edv\u00e1n\u00ed vhodn\u00fdch osobn\u00edch ochrann\u00fdch prost\u0159edk\u016f (OOP), jako jsou rukavice, ochrann\u00e9 br\u00fdle a laboratorn\u00ed pl\u00e1\u0161t\u011b. Pracujte v dob\u0159e v\u011btran\u00e9m prostoru, nejl\u00e9pe v digesto\u0159i, abyste minimalizovali expozici par\u00e1m nebo prachu. Opatrn\u00e1 manipulace zaji\u0161\u0165uje va\u0161i bezpe\u010dnost i integritu l\u00e1tky.<\/p>\n<p>Krom\u011b toho je pro zachov\u00e1n\u00ed stability a \u00fa\u010dinnosti flualprazolamu nezbytn\u00e9 spr\u00e1vn\u00e9 skladov\u00e1n\u00ed. P\u0159\u00edpravek uchov\u00e1vejte v p\u016fvodn\u00edm obalu na chladn\u00e9m, such\u00e9m a tmav\u00e9m m\u00edst\u011b. Vyhn\u011bte se extr\u00e9mn\u00edm teplot\u00e1m a p\u0159\u00edm\u00e9mu slune\u010dn\u00edmu z\u00e1\u0159en\u00ed. Spr\u00e1vn\u00e9 skladov\u00e1n\u00ed zabra\u0148uje degradaci a zaji\u0161\u0165uje, \u017ee chemick\u00e1 l\u00e1tka z\u016fstane v optim\u00e1ln\u00edm stavu pro budouc\u00ed experimenty. Pokud <b>Autentick\u00fd flualprazolam<\/b> m\u011bli byste tak\u00e9 zajistit jeho spr\u00e1vn\u00e9 skladov\u00e1n\u00ed.<\/p>\n<p>Dokumentace hraje ve v\u00fdzkumn\u00e9m procesu d\u016fle\u017eitou roli. Je vhodn\u00e9 pe\u010dliv\u011b zaznamen\u00e1vat v\u0161echny podrobnosti o manipulaci, skladov\u00e1n\u00ed a pou\u017e\u00edv\u00e1n\u00ed flualprazolamu. Tyto z\u00e1znamy mohou m\u00edt z\u00e1sadn\u00ed v\u00fdznam pro reprodukovatelnost experiment\u016f a pro dodr\u017eov\u00e1n\u00ed v\u00fdzkumn\u00fdch protokol\u016f. Dob\u0159e veden\u00e1 dokumentace podporuje v\u011bdeckou p\u0159esnost. Je zn\u00e1mkou profesion\u00e1ln\u00ed pr\u00e1ce v laborato\u0159i.<\/p>\n<h3>Pro\u010d si pro sv\u00e9 v\u00fdzkumn\u00e9 chemik\u00e1lie vybrat Chemgramx?<\/h3>\n<p>Spole\u010dnost Chemgramx je va\u0161\u00edm spolehliv\u00fdm partnerem pro n\u00e1kup vysoce kvalitn\u00edch chemik\u00e1li\u00ed pro v\u00fdzkum. Nab\u00edz\u00edme nejen <b>Flualprazolam nejvy\u0161\u0161\u00ed kvality<\/b>, ale tak\u00e9 \u0161irokou \u0161k\u00e1lu dal\u0161\u00edch specializovan\u00fdch slou\u010denin. Na\u0161\u00edm c\u00edlem je poskytnout v\u00fdzkumn\u00fdm pracovn\u00edk\u016fm po cel\u00e9m sv\u011bt\u011b p\u0159\u00edstup k n\u00e1stroj\u016fm, kter\u00e9 pot\u0159ebuj\u00ed pro svou pr\u016fkopnickou pr\u00e1ci. S n\u00e1mi si m\u016f\u017eete b\u00fdt jisti, \u017ee <b>Nejlep\u0161\u00ed dostupn\u00fd flualprazolam<\/b> obdr\u017eet.<\/p>\n<p>Ch\u00e1peme nal\u00e9havost v\u011bdeck\u00fdch projekt\u016f. Proto optimalizujeme na\u0161e procesy, abychom v\u00e1m zajistili bezprobl\u00e9mov\u00fd pr\u016fb\u011bh. N\u00e1\u0161 specializovan\u00fd t\u00fdm z\u00e1kaznick\u00e9ho servisu je v\u00e1m v\u017edy k dispozici, aby zodpov\u011bd\u011bl v\u0161echny va\u0161e dotazy nebo obavy. Pokud <b>Flualprazolam online<\/b> s n\u00e1mi, budete m\u00edt prosp\u011bch z na\u0161ich odborn\u00fdch znalost\u00ed a na\u0161eho z\u00e1vazku ke spokojenosti z\u00e1kazn\u00edk\u016f. M\u016f\u017eete tak\u00e9 vyzkou\u0161et na\u0161e <a href=\"https:\/\/chemgramx.com\/product\/promal-methallylescaline-21mg-pellets-kaufen\/\">Promal Methallylescaline Pellets<\/a> pro va\u0161e specifick\u00e9 v\u00fdzkumn\u00e9 pot\u0159eby.<\/p>\n<p>Investice do vysoce kvalitn\u00edch v\u00fdzkumn\u00fdch chemik\u00e1li\u00ed je investic\u00ed do \u00fasp\u011bchu va\u0161ich projekt\u016f. Ve spole\u010dnosti Chemgramx v\u00e1m zaru\u010dujeme, \u017ee <b>Vysok\u00e1 \u010distota na prodej<\/b>-materi\u00e1ly, kter\u00e9 spln\u00ed nebo p\u0159ed\u010d\u00ed va\u0161e o\u010dek\u00e1v\u00e1n\u00ed. Zva\u017ete n\u00e1kup <b>Flualprazolam na prodej<\/b> od dodavatele, kter\u00fd up\u0159ednost\u0148uje kvalitu a v\u011bdeckou integritu. Dal\u0161\u00ed analogy benzodiazepin\u016f naleznete na na\u0161\u00ed str\u00e1nce o <a href=\"https:\/\/chemgramx.com\/product\/flualprazolam-synthetisches-benzodiazepin-online-kaufen\/\">Flualprazolam (syntetick\u00fd benzodiazepin)<\/a>.<\/p>\n<h3>D\u016fle\u017eit\u00e9 pozn\u00e1mky ke specifikaci produktu<\/h3>\n<p>Specifikace na\u0161ich <b>Flualprazolam<\/b> jsou navr\u017eeny tak, aby spl\u0148ovaly nejp\u0159\u00edsn\u011bj\u0161\u00ed po\u017eadavky na v\u00fdzkum. Nab\u00edz\u00edme vysokou chemickou \u010distotu, kter\u00e1 je potvrzena na\u0161imi p\u0159\u00edsn\u00fdmi analytick\u00fdmi postupy. Podrobnosti o p\u0159esn\u00e9 \u010distot\u011b a analytick\u00fdch metod\u00e1ch jsou k dispozici na vy\u017e\u00e1d\u00e1n\u00ed. To podtrhuje n\u00e1\u0161 z\u00e1vazek nab\u00edzet <b>V\u00fdzkumn\u00e1 kvalita na prodej<\/b>-v\u00fdrobky.<\/p>\n<p>D\u016frazn\u011b nedoporu\u010dujeme pou\u017e\u00edvat flualprazolam nebo p\u0159\u00edbuzn\u00e9 l\u00e1tky pro lidskou spot\u0159ebu nebo spot\u0159ebu zv\u00ed\u0159at. Tyto produkty jsou ur\u010deny pouze pro pou\u017eit\u00ed ve v\u011bdeck\u00fdch a diagnostick\u00fdch laborato\u0159\u00edch. Nespr\u00e1vn\u00e9 pou\u017eit\u00ed m\u016f\u017ee m\u00edt v\u00e1\u017en\u00e9 zdravotn\u00ed n\u00e1sledky. Proto je nezbytn\u00e9 dodr\u017eovat v\u0161echny platn\u00e9 z\u00e1kony a p\u0159edpisy. Toto je sou\u010d\u00e1st\u00ed na\u0161\u00ed nab\u00eddky pro <b>Laboratorn\u00ed kvalita na prodej<\/b>-materi\u00e1ly.<\/p>\n<p>Na\u0161\u00edm c\u00edlem je poskytovat v\u011bdeck\u00e9 komunit\u011b spolehliv\u00e9 a vysoce kvalitn\u00ed chemick\u00e9 l\u00e1tky. Pokud uva\u017eujete o, <b>Koupit nyn\u00ed online<\/b> Chemgramx si vyb\u00edr\u00e1te partnera, kter\u00fd podporuje va\u0161e v\u00fdzkumn\u00e9 c\u00edle. Nab\u00edz\u00edme <b>Bezpe\u010dn\u00fd n\u00e1kup<\/b> Zku\u0161enosti zalo\u017een\u00e9 na d\u016fv\u011b\u0159e a profesionalit\u011b. Objevte <b>Nejlep\u0161\u00ed dostupn\u00fd flualprazolam<\/b> a ud\u011blejte dal\u0161\u00ed krok ve sv\u00e9m v\u00fdzkumu.<\/p>","protected":false},"excerpt":{"rendered":"<p><b>Flualprazolam<\/b> od Chemgramx nab\u00edz\u00ed <b>\u0160pi\u010dkov\u00e1 kvalita<\/b> pro v\u00e1\u0161 v\u00fdzkum. Zaru\u010duje vysokou \u010distotu a spolehlivost pro p\u0159esn\u00e9 v\u00fdsledky. <\/p>\n<ul>\n<li>\u010cistota na \u00farovni v\u00fdzkumu<\/li>\n<li>Ur\u010deno pro laboratorn\u00ed pou\u017eit\u00ed<\/li>\n<li>Pe\u010dliv\u011b zpracovan\u00e9<\/li>\n<\/ul>\n<p> Zajist\u011bte <b>Nejlep\u0161\u00ed dostupn\u00fd flualprazolam<\/b>. V\u00e1\u0161 <b>Bezpe\u010dn\u00fd n\u00e1kup<\/b> u Chemgramx.<\/p>","protected":false},"featured_media":8583,"comment_status":"open","ping_status":"closed","template":"","meta":{"_joinchat":[]},"product_brand":[],"product_cat":[50],"product_tag":[172,171,162,173,166,161,170,168,177,167,160,165,159,174,164,169,163,175,178,176],"class_list":{"0":"post-8552","1":"product","2":"type-product","3":"status-publish","4":"has-post-thumbnail","6":"product_cat-benzodiazepines","7":"product_tag-flualprazolam-beschaffungsrichtlinien","8":"product_tag-flualprazolam-forschung-und-entwicklung","9":"product_tag-flualprazolam-fur-forschung","10":"product_tag-flualprazolam-fur-industrielle-anwendungen","11":"product_tag-flualprazolam-fur-laboranwendungen","12":"product_tag-flualprazolam-fur-medizinische-anwendungen","13":"product_tag-flualprazolam-gesetzliche-vorschriften","14":"product_tag-flualprazolam-groshandelslieferung","15":"product_tag-flualprazolam-im-medizinischen-bereich","16":"product_tag-flualprazolam-in-der-pharmaproduktion","17":"product_tag-flualprazolam-kaufen","18":"product_tag-flualprazolam-lagerung-und-handhabung","19":"product_tag-flualprazolam-lieferant","20":"product_tag-flualprazolam-marktanalyse","21":"product_tag-flualprazolam-preis-und-verfugbarkeit","22":"product_tag-flualprazolam-risiken-und-gefahren","23":"product_tag-flualprazolam-sicherheitsrichtlinien","24":"product_tag-flualprazolam-verfugbarkeit","25":"product_tag-flualprazolam-vertrieb","26":"product_tag-wo-flualprazolam-kaufen","28":"first","29":"instock","30":"shipping-taxable","31":"purchasable","32":"product-type-variable"},"yoast_head":"<!-- This site is optimized with the Yoast SEO plugin v27.5 - https:\/\/yoast.com\/product\/yoast-seo-wordpress\/ -->\n<title>Flualprazolam Kaufen - Hochwertig, Forschung<\/title>\n<meta name=\"description\" content=\"Flualprazolam online bestellen f\u00fcr Forschungszwecke. H\u00f6chste Reinheit und Qualit\u00e4t garantiert. Sichere Transaktion bei Chemgramx.\" \/>\n<meta name=\"robots\" content=\"index, follow, max-snippet:-1, max-image-preview:large, max-video-preview:-1\" \/>\n<link rel=\"canonical\" href=\"https:\/\/chemgramx.com\/cs\/produkt-1\/buy-flualprazolam-synthetic-benzodiazepine-online\/\" \/>\n<meta property=\"og:locale\" content=\"cs_CZ\" \/>\n<meta property=\"og:type\" content=\"article\" \/>\n<meta property=\"og:title\" content=\"Flualprazolam Kaufen - Hochwertig, Forschung\" \/>\n<meta property=\"og:description\" content=\"Flualprazolam online bestellen f\u00fcr Forschungszwecke. H\u00f6chste Reinheit und Qualit\u00e4t garantiert. Sichere Transaktion bei Chemgramx.\" \/>\n<meta property=\"og:url\" content=\"https:\/\/chemgramx.com\/cs\/produkt-1\/buy-flualprazolam-synthetic-benzodiazepine-online\/\" \/>\n<meta property=\"og:site_name\" content=\"Chemgramx\" \/>\n<meta property=\"article:modified_time\" content=\"2025-12-09T09:53:36+00:00\" \/>\n<meta property=\"og:image\" content=\"https:\/\/chemgramx.com\/wp-content\/uploads\/2025\/11\/Flualprazolam.webp\" \/>\n\t<meta property=\"og:image:width\" content=\"500\" \/>\n\t<meta property=\"og:image:height\" content=\"500\" \/>\n\t<meta property=\"og:image:type\" content=\"image\/webp\" \/>\n<meta name=\"twitter:card\" content=\"summary_large_image\" \/>\n<meta name=\"twitter:label1\" content=\"Odhadovan\u00e1 doba \u010dten\u00ed\" \/>\n\t<meta name=\"twitter:data1\" content=\"2 minuty\" \/>\n<script type=\"application\/ld+json\" class=\"yoast-schema-graph\">{\"@context\":\"https:\\\/\\\/schema.org\",\"@graph\":[{\"@type\":\"WebPage\",\"@id\":\"https:\\\/\\\/chemgramx.com\\\/product\\\/flualprazolam-synthetisches-benzodiazepin-online-kaufen\\\/\",\"url\":\"https:\\\/\\\/chemgramx.com\\\/product\\\/flualprazolam-synthetisches-benzodiazepin-online-kaufen\\\/\",\"name\":\"Flualprazolam Kaufen - Hochwertig, Forschung\",\"isPartOf\":{\"@id\":\"https:\\\/\\\/chemgramx.com\\\/#website\"},\"primaryImageOfPage\":{\"@id\":\"https:\\\/\\\/chemgramx.com\\\/product\\\/flualprazolam-synthetisches-benzodiazepin-online-kaufen\\\/#primaryimage\"},\"image\":{\"@id\":\"https:\\\/\\\/chemgramx.com\\\/product\\\/flualprazolam-synthetisches-benzodiazepin-online-kaufen\\\/#primaryimage\"},\"thumbnailUrl\":\"https:\\\/\\\/chemgramx.com\\\/wp-content\\\/uploads\\\/2025\\\/11\\\/Flualprazolam.webp\",\"datePublished\":\"2025-11-21T18:40:47+00:00\",\"dateModified\":\"2025-12-09T09:53:36+00:00\",\"description\":\"Flualprazolam online bestellen f\u00fcr Forschungszwecke. H\u00f6chste Reinheit und Qualit\u00e4t garantiert. Sichere Transaktion bei Chemgramx.\",\"breadcrumb\":{\"@id\":\"https:\\\/\\\/chemgramx.com\\\/product\\\/flualprazolam-synthetisches-benzodiazepin-online-kaufen\\\/#breadcrumb\"},\"inLanguage\":\"cs\",\"potentialAction\":[{\"@type\":\"ReadAction\",\"target\":[\"https:\\\/\\\/chemgramx.com\\\/product\\\/flualprazolam-synthetisches-benzodiazepin-online-kaufen\\\/\"]}]},{\"@type\":\"ImageObject\",\"inLanguage\":\"cs\",\"@id\":\"https:\\\/\\\/chemgramx.com\\\/product\\\/flualprazolam-synthetisches-benzodiazepin-online-kaufen\\\/#primaryimage\",\"url\":\"https:\\\/\\\/chemgramx.com\\\/wp-content\\\/uploads\\\/2025\\\/11\\\/Flualprazolam.webp\",\"contentUrl\":\"https:\\\/\\\/chemgramx.com\\\/wp-content\\\/uploads\\\/2025\\\/11\\\/Flualprazolam.webp\",\"width\":500,\"height\":500},{\"@type\":\"BreadcrumbList\",\"@id\":\"https:\\\/\\\/chemgramx.com\\\/product\\\/flualprazolam-synthetisches-benzodiazepin-online-kaufen\\\/#breadcrumb\",\"itemListElement\":[{\"@type\":\"ListItem\",\"position\":1,\"name\":\"Home\",\"item\":\"https:\\\/\\\/chemgramx.com\\\/\"},{\"@type\":\"ListItem\",\"position\":2,\"name\":\"Shop\",\"item\":\"https:\\\/\\\/chemgramx.com\\\/shop\\\/\"},{\"@type\":\"ListItem\",\"position\":3,\"name\":\"Flualprazolam Kaufen &#8211; Hochwertig, Forschung\"}]},{\"@type\":\"WebSite\",\"@id\":\"https:\\\/\\\/chemgramx.com\\\/#website\",\"url\":\"https:\\\/\\\/chemgramx.com\\\/\",\"name\":\"Chemgramx\",\"description\":\"\",\"publisher\":{\"@id\":\"https:\\\/\\\/chemgramx.com\\\/#organization\"},\"potentialAction\":[{\"@type\":\"SearchAction\",\"target\":{\"@type\":\"EntryPoint\",\"urlTemplate\":\"https:\\\/\\\/chemgramx.com\\\/?s={search_term_string}\"},\"query-input\":{\"@type\":\"PropertyValueSpecification\",\"valueRequired\":true,\"valueName\":\"search_term_string\"}}],\"inLanguage\":\"cs\"},{\"@type\":\"Organization\",\"@id\":\"https:\\\/\\\/chemgramx.com\\\/#organization\",\"name\":\"Chemgramx\",\"url\":\"https:\\\/\\\/chemgramx.com\\\/\",\"logo\":{\"@type\":\"ImageObject\",\"inLanguage\":\"cs\",\"@id\":\"https:\\\/\\\/chemgramx.com\\\/#\\\/schema\\\/logo\\\/image\\\/\",\"url\":\"https:\\\/\\\/chemgramx.com\\\/wp-content\\\/uploads\\\/2024\\\/10\\\/final-logo.png\",\"contentUrl\":\"https:\\\/\\\/chemgramx.com\\\/wp-content\\\/uploads\\\/2024\\\/10\\\/final-logo.png\",\"width\":250,\"height\":48,\"caption\":\"Chemgramx\"},\"image\":{\"@id\":\"https:\\\/\\\/chemgramx.com\\\/#\\\/schema\\\/logo\\\/image\\\/\"}}]}<\/script>\n<!-- \/ Yoast SEO plugin. -->","yoast_head_json":{"title":"Koupit flualprazolam \u2013 vysok\u00e1 kvalita, v\u00fdzkum","description":"Objednat flualprazolam online pro v\u00fdzkumn\u00e9 \u00fa\u010dely. Nejvy\u0161\u0161\u00ed \u010distota a kvalita zaru\u010dena. Bezpe\u010dn\u00e1 transakce na Chemgramx.","robots":{"index":"index","follow":"follow","max-snippet":"max-snippet:-1","max-image-preview":"max-image-preview:large","max-video-preview":"max-video-preview:-1"},"canonical":"https:\/\/chemgramx.com\/cs\/produkt-1\/buy-flualprazolam-synthetic-benzodiazepine-online\/","og_locale":"cs_CZ","og_type":"article","og_title":"Flualprazolam Kaufen - Hochwertig, Forschung","og_description":"Flualprazolam online bestellen f\u00fcr Forschungszwecke. H\u00f6chste Reinheit und Qualit\u00e4t garantiert. Sichere Transaktion bei Chemgramx.","og_url":"https:\/\/chemgramx.com\/cs\/produkt-1\/buy-flualprazolam-synthetic-benzodiazepine-online\/","og_site_name":"Chemgramx","article_modified_time":"2025-12-09T09:53:36+00:00","og_image":[{"width":500,"height":500,"url":"https:\/\/chemgramx.com\/wp-content\/uploads\/2025\/11\/Flualprazolam.webp","type":"image\/webp"}],"twitter_card":"summary_large_image","twitter_misc":{"Odhadovan\u00e1 doba \u010dten\u00ed":"2 minuty"},"schema":{"@context":"https:\/\/schema.org","@graph":[{"@type":"WebPage","@id":"https:\/\/chemgramx.com\/product\/flualprazolam-synthetisches-benzodiazepin-online-kaufen\/","url":"https:\/\/chemgramx.com\/product\/flualprazolam-synthetisches-benzodiazepin-online-kaufen\/","name":"Koupit flualprazolam \u2013 vysok\u00e1 kvalita, v\u00fdzkum","isPartOf":{"@id":"https:\/\/chemgramx.com\/#website"},"primaryImageOfPage":{"@id":"https:\/\/chemgramx.com\/product\/flualprazolam-synthetisches-benzodiazepin-online-kaufen\/#primaryimage"},"image":{"@id":"https:\/\/chemgramx.com\/product\/flualprazolam-synthetisches-benzodiazepin-online-kaufen\/#primaryimage"},"thumbnailUrl":"https:\/\/chemgramx.com\/wp-content\/uploads\/2025\/11\/Flualprazolam.webp","datePublished":"2025-11-21T18:40:47+00:00","dateModified":"2025-12-09T09:53:36+00:00","description":"Objednat flualprazolam online pro v\u00fdzkumn\u00e9 \u00fa\u010dely. Nejvy\u0161\u0161\u00ed \u010distota a kvalita zaru\u010dena. Bezpe\u010dn\u00e1 transakce na Chemgramx.","breadcrumb":{"@id":"https:\/\/chemgramx.com\/product\/flualprazolam-synthetisches-benzodiazepin-online-kaufen\/#breadcrumb"},"inLanguage":"cs","potentialAction":[{"@type":"ReadAction","target":["https:\/\/chemgramx.com\/product\/flualprazolam-synthetisches-benzodiazepin-online-kaufen\/"]}]},{"@type":"ImageObject","inLanguage":"cs","@id":"https:\/\/chemgramx.com\/product\/flualprazolam-synthetisches-benzodiazepin-online-kaufen\/#primaryimage","url":"https:\/\/chemgramx.com\/wp-content\/uploads\/2025\/11\/Flualprazolam.webp","contentUrl":"https:\/\/chemgramx.com\/wp-content\/uploads\/2025\/11\/Flualprazolam.webp","width":500,"height":500},{"@type":"BreadcrumbList","@id":"https:\/\/chemgramx.com\/product\/flualprazolam-synthetisches-benzodiazepin-online-kaufen\/#breadcrumb","itemListElement":[{"@type":"ListItem","position":1,"name":"Home","item":"https:\/\/chemgramx.com\/"},{"@type":"ListItem","position":2,"name":"Shop","item":"https:\/\/chemgramx.com\/shop\/"},{"@type":"ListItem","position":3,"name":"Flualprazolam Kaufen &#8211; Hochwertig, Forschung"}]},{"@type":"WebSite","@id":"https:\/\/chemgramx.com\/#website","url":"https:\/\/chemgramx.com\/","name":"Chemgramx","description":"","publisher":{"@id":"https:\/\/chemgramx.com\/#organization"},"potentialAction":[{"@type":"SearchAction","target":{"@type":"EntryPoint","urlTemplate":"https:\/\/chemgramx.com\/?s={search_term_string}"},"query-input":{"@type":"PropertyValueSpecification","valueRequired":true,"valueName":"search_term_string"}}],"inLanguage":"cs"},{"@type":"Organization","@id":"https:\/\/chemgramx.com\/#organization","name":"Chemgramx","url":"https:\/\/chemgramx.com\/","logo":{"@type":"ImageObject","inLanguage":"cs","@id":"https:\/\/chemgramx.com\/#\/schema\/logo\/image\/","url":"https:\/\/chemgramx.com\/wp-content\/uploads\/2024\/10\/final-logo.png","contentUrl":"https:\/\/chemgramx.com\/wp-content\/uploads\/2024\/10\/final-logo.png","width":250,"height":48,"caption":"Chemgramx"},"image":{"@id":"https:\/\/chemgramx.com\/#\/schema\/logo\/image\/"}}]}},"_links":{"self":[{"href":"https:\/\/chemgramx.com\/cs\/wp-json\/wp\/v2\/product\/8552","targetHints":{"allow":["GET"]}}],"collection":[{"href":"https:\/\/chemgramx.com\/cs\/wp-json\/wp\/v2\/product"}],"about":[{"href":"https:\/\/chemgramx.com\/cs\/wp-json\/wp\/v2\/types\/product"}],"replies":[{"embeddable":true,"href":"https:\/\/chemgramx.com\/cs\/wp-json\/wp\/v2\/comments?post=8552"}],"wp:featuredmedia":[{"embeddable":true,"href":"https:\/\/chemgramx.com\/cs\/wp-json\/wp\/v2\/media\/8583"}],"wp:attachment":[{"href":"https:\/\/chemgramx.com\/cs\/wp-json\/wp\/v2\/media?parent=8552"}],"wp:term":[{"taxonomy":"product_brand","embeddable":true,"href":"https:\/\/chemgramx.com\/cs\/wp-json\/wp\/v2\/product_brand?post=8552"},{"taxonomy":"product_cat","embeddable":true,"href":"https:\/\/chemgramx.com\/cs\/wp-json\/wp\/v2\/product_cat?post=8552"},{"taxonomy":"product_tag","embeddable":true,"href":"https:\/\/chemgramx.com\/cs\/wp-json\/wp\/v2\/product_tag?post=8552"}],"curies":[{"name":"wp","href":"https:\/\/api.w.org\/{rel}","templated":true}]}}