{"id":8733,"date":"2025-12-11T00:49:46","date_gmt":"2025-12-11T00:49:46","guid":{"rendered":"https:\/\/chemgramx.com\/?post_type=product&#038;p=8733"},"modified":"2025-12-11T01:04:29","modified_gmt":"2025-12-11T01:04:29","slug":"1b-lsd-100mcg-online-objednavka","status":"publish","type":"product","link":"https:\/\/chemgramx.com\/cs\/product\/1b-lsd-100mcg-online-bestellung\/","title":{"rendered":"1B-LSD 100mcg Online objedn\u00e1vka"},"content":{"rendered":"<p data-start=\"469\" data-end=\"1006\"><strong data-start=\"469\" data-end=\"487\">1B-LSD 100 mcg<\/strong> je modern\u00ed v\u00fdzkumn\u00e1 chemick\u00e1 l\u00e1tka ze skupiny lysergamid\u016f, kter\u00e1 se t\u011b\u0161\u00ed st\u00e1le v\u011bt\u0161\u00edmu z\u00e1jmu v\u011bdeck\u00e9 komunity. Strukturn\u011b je velmi podobn\u00e1 klasick\u00e9mu chemoterapeutiku. <strong data-start=\"670\" data-end=\"680\">LSD-25<\/strong> a poskytuje v\u00fdzkumn\u00edk\u016fm stabiln\u00ed z\u00e1klad pro c\u00edlen\u00e9 zkoum\u00e1n\u00ed v\u011bdom\u00ed, vn\u00edm\u00e1n\u00ed a kognitivn\u00edch proces\u016f. D\u00edky standardizovan\u00e9mu d\u00e1vkov\u00e1n\u00ed <strong data-start=\"842\" data-end=\"872\">100 mikrogram\u016f na jednotku<\/strong> l\u00e1tku lze pou\u017e\u00edvat mimo\u0159\u00e1dn\u011b kontrolovan\u011b a reprodukovateln\u011b, co\u017e je rozhoduj\u00edc\u00ed v\u00fdhoda pro p\u0159esn\u00e9 laboratorn\u00ed v\u00fdsledky.<\/p>\n<p data-start=\"1008\" data-end=\"1410\">Krom\u011b toho 1B-LSD umo\u017e\u0148uje bezpe\u010dnou manipulaci, proto\u017ee je chemicky stabiln\u00ed a snadno se skladuje. V\u00fdzkumn\u00edci z obor\u016f neurochemie, psychologie a farmakologie jej pou\u017e\u00edvaj\u00ed k lep\u0161\u00edmu pochopen\u00ed neurobiologick\u00fdch mechanism\u016f psychedelick\u00fdch stav\u016f. D\u00edky jeho spolehliv\u00fdm d\u00e1vkovac\u00edm vlastnostem lze chov\u00e1n\u00ed l\u00e1tky metodicky analyzovat za r\u016fzn\u00fdch podm\u00ednek.<\/p>\n<h2 data-start=\"1417\" data-end=\"1449\">Co je 1B-LSD 100 mcg?<\/h2>\n<p data-start=\"1451\" data-end=\"1732\"><strong data-start=\"1451\" data-end=\"1497\">1B-LSD (diethylamid kyseliny 1-butanoyl-lysergov\u00e9)<\/strong> je deriv\u00e1t LSD-25 a p\u016fsob\u00ed jako tzv. <strong data-start=\"1550\" data-end=\"1561\">Prodrug<\/strong>. Po po\u017eit\u00ed se v t\u011ble \u010d\u00e1ste\u010dn\u011b p\u0159em\u011b\u0148uje na aktivn\u00ed LSD. To vyvol\u00e1v\u00e1 podobn\u00e9 \u00fa\u010dinky, ale pon\u011bkud jemn\u011bj\u0161\u00edho a jasn\u011bj\u0161\u00edho charakteru.<\/p>\n<p data-start=\"1734\" data-end=\"2069\">Na rozd\u00edl od LSD-25 u\u017eivatel\u00e9 uv\u00e1d\u011bj\u00ed vyrovnan\u00fd a soust\u0159ed\u011bn\u00fd z\u00e1\u017eitek. D\u00edky t\u011bmto vlastnostem je 1B-LSD obzvl\u00e1\u0161t\u011b zaj\u00edmav\u00fd pro studie zam\u011b\u0159en\u00e9 na vn\u00edm\u00e1n\u00ed, kreativitu a introspektivn\u00ed my\u0161len\u00ed. Slou\u010denina je tak\u00e9 pova\u017eov\u00e1na za stabiln\u011bj\u0161\u00ed, co\u017e zna\u010dn\u011b usnad\u0148uje skladov\u00e1n\u00ed a p\u0159epravu.<\/p>\n<h2 data-start=\"2076\" data-end=\"2108\">\u00da\u010dinky a pou\u017eit\u00ed<\/h2>\n<p data-start=\"2110\" data-end=\"2339\">Vliv <strong data-start=\"2126\" data-end=\"2144\">1B-LSD 100 mcg<\/strong> se m\u016f\u017ee li\u0161it v z\u00e1vislosti na osob\u011b, d\u00e1vce a prost\u0159ed\u00ed. Na adrese <a href=\"\/product\/kolumbianisches-kokain-96-rein\/\">V\u00fdzkumn\u00e1 prost\u0159ed\u00ed<\/a> obvykle vykazuj\u00ed jemn\u00e9, ale z\u0159eteln\u00e9 zm\u011bny ve smyslov\u00e9m vn\u00edm\u00e1n\u00ed a emo\u010dn\u00edm zpracov\u00e1n\u00ed.<\/p>\n<p data-start=\"2341\" data-end=\"2389\">Mezi nej\u010dast\u011bji pozorovan\u00e9 \u00fa\u010dinky pat\u0159\u00ed<\/p>\n<ul data-start=\"2390\" data-end=\"2615\">\n<li data-start=\"2390\" data-end=\"2436\">\n<p data-start=\"2392\" data-end=\"2436\">Zes\u00edlen\u00e9 vizu\u00e1ln\u00ed a sluchov\u00e9 vjemy<\/p>\n<\/li>\n<li data-start=\"2437\" data-end=\"2478\">\n<p data-start=\"2439\" data-end=\"2478\">Zm\u011bna ve vn\u00edm\u00e1n\u00ed \u010dasu a prostoru<\/p>\n<\/li>\n<li data-start=\"2479\" data-end=\"2510\">\n<p data-start=\"2481\" data-end=\"2510\">Hlub\u0161\u00ed emocion\u00e1ln\u00ed rezonance<\/p>\n<\/li>\n<li data-start=\"2511\" data-end=\"2560\">\n<p data-start=\"2513\" data-end=\"2560\">Zv\u00fd\u0161en\u00e1 kreativita a du\u0161evn\u00ed jasnost<\/p>\n<\/li>\n<li data-start=\"2561\" data-end=\"2615\">\n<p data-start=\"2563\" data-end=\"2615\">Zlep\u0161en\u00e9 soust\u0159ed\u011bn\u00ed p\u0159i m\u00edrn\u00e9m d\u00e1vkov\u00e1n\u00ed<\/p>\n<\/li>\n<\/ul>\n<p data-start=\"2617\" data-end=\"2828\">B\u011bhem \u00fa\u010dinku mnoho testovan\u00fdch osob uv\u00e1d\u00ed rovnom\u011brn\u00fd, plynul\u00fd pr\u016fb\u011bh bez nadm\u011brn\u00e9 stimulace. L\u00e1tka je proto vhodn\u00e1 pro studie zkoumaj\u00edc\u00ed neurokognitivn\u00ed a kreativn\u00ed procesy.<\/p>\n<h2 data-start=\"2835\" data-end=\"2879\">Pro\u010d si koupit 1B-LSD 100 mcg online?<\/h2>\n<p data-start=\"2881\" data-end=\"3187\">N\u00e1kup p\u0159es internet nab\u00edz\u00ed v\u00fdzkumn\u00fdm pracovn\u00edk\u016fm a laborato\u0159\u00edm \u0159adu v\u00fdhod. Na jedn\u00e9 stran\u011b <strong data-start=\"2974\" data-end=\"2994\">ov\u011b\u0159en\u00e9 zdroje<\/strong> snadn\u011bji dostupn\u00e9 online ne\u017e v kamenn\u00fdch obchodech. Na druhou stranu mnoho poskytovatel\u016f <strong data-start=\"3085\" data-end=\"3130\">Certifik\u00e1ty COA (osv\u011bd\u010den\u00ed o anal\u00fdze)<\/strong> p\u0159ipraven potvrdit \u010distotu a p\u0159esnost d\u00e1vkov\u00e1n\u00ed.<\/p>\n<p data-start=\"3189\" data-end=\"3446\">Kdo <strong data-start=\"3193\" data-end=\"3222\">1B-LSD 100 mcg koupit online<\/strong> tak\u00e9 t\u011b\u017e\u00ed z velk\u00e9ho v\u00fdb\u011bru produkt\u016f a mo\u017enost\u00ed mezin\u00e1rodn\u00ed p\u0159epravy. D\u00edky transparentn\u00ed cenov\u00e9 struktu\u0159e a pohodln\u00fdm platebn\u00edm metod\u00e1m je nav\u00edc proces objedn\u00e1v\u00e1n\u00ed jednoduch\u00fd a bezpe\u010dn\u00fd.<\/p>\n<p data-start=\"3448\" data-end=\"3486\">Mezi nejd\u016fle\u017eit\u011bj\u0161\u00ed v\u00fdhody pat\u0159\u00ed<\/p>\n<ul data-start=\"3487\" data-end=\"3664\">\n<li data-start=\"3487\" data-end=\"3534\">\n<p data-start=\"3489\" data-end=\"3534\">Celosv\u011btov\u00e9 doru\u010den\u00ed v neutr\u00e1ln\u00edm balen\u00ed<\/p>\n<\/li>\n<li data-start=\"3535\" data-end=\"3570\">\n<p data-start=\"3537\" data-end=\"3570\">Osv\u011bd\u010den\u00e1 testovan\u00e1 kvalita<\/p>\n<\/li>\n<li data-start=\"3571\" data-end=\"3615\">\n<p data-start=\"3573\" data-end=\"3615\">Rychl\u00fd a profesion\u00e1ln\u00ed z\u00e1kaznick\u00fd servis<\/p>\n<\/li>\n<li data-start=\"3616\" data-end=\"3664\">\n<p data-start=\"3618\" data-end=\"3664\">Atraktivn\u00ed slevy pro v\u011bt\u0161\u00ed objedn\u00e1vky<\/p>\n<\/li>\n<\/ul>\n<p data-start=\"3666\" data-end=\"3800\">St\u00e1le v\u00edce v\u00fdzkumn\u00fdch instituc\u00ed se proto rozhoduje z\u00edsk\u00e1vat vzorky v\u00fdhradn\u011b z certifikovan\u00fdch online zdroj\u016f.<\/p>\n<h3>Pr\u00e1vn\u00ed status<\/h3>\n<p data-start=\"4150\" data-end=\"4543\">V N\u011bmecku se 1B-LSD v sou\u010dasn\u00e9 dob\u011b nach\u00e1z\u00ed v \u0161ed\u00e9 z\u00f3n\u011b: nen\u00ed v\u00fdslovn\u011b uveden v z\u00e1kon\u011b o omamn\u00fdch l\u00e1tk\u00e1ch, ale mohl by b\u00fdt zahrnut do analogick\u00fdch p\u0159edpis\u016f. P\u0159ed objedn\u00e1n\u00edm je proto vhodn\u00e9 se podrobn\u011b informovat o pr\u00e1vn\u00ed situaci. <strong data-start=\"4403\" data-end=\"4442\">platn\u00e1 pr\u00e1vn\u00ed ustanoven\u00ed<\/strong> ve va\u0161\u00ed zemi. T\u00edmto zp\u016fsobem se lze vyhnout mo\u017en\u00fdm pr\u00e1vn\u00edm rizik\u016fm.<\/p>\n<h2 data-start=\"4150\" data-end=\"4543\">Diskr\u00e9tn\u00ed doru\u010den\u00ed a bezpe\u010dn\u00e9 objedn\u00e1n\u00ed<\/h2>\n<p data-start=\"4602\" data-end=\"4944\">Hlavn\u00ed v\u00fdhodou <strong data-start=\"4632\" data-end=\"4664\">Koupit 1B-LSD 100 mcg online<\/strong> je diskr\u00e9tn\u00ed a bezpe\u010dn\u00e9 doru\u010den\u00ed. Renomovan\u00ed poskytovatel\u00e9 pou\u017e\u00edvaj\u00ed nen\u00e1padn\u00e9 obaly bez jak\u00e9hokoli ozna\u010den\u00ed obsahu. Z\u00e1silky jsou nav\u00edc obvykle poji\u0161t\u011bny a ozna\u010deny sledovac\u00edm \u010d\u00edslem. T\u00edm je zaji\u0161t\u011bno, \u017ee cel\u00fd proces z\u016fstane sledovateln\u00fd a d\u016fv\u011brn\u00fd.<\/p>\n<p data-start=\"4946\" data-end=\"5130\">Mnoho obchod\u016f nav\u00edc nab\u00edz\u00ed flexibiln\u00ed mo\u017enosti p\u0159epravy, jako je expresn\u00ed nebo mezin\u00e1rodn\u00ed prioritn\u00ed slu\u017eba. To znamen\u00e1, \u017ee v\u011bdci obdr\u017e\u00ed sv\u00e9 v\u00fdrobky spolehliv\u011b a v\u010das.<\/p>\n<h3 data-start=\"5137\" data-end=\"5178\">V\u00fdb\u011br renomovan\u00e9ho poskytovatele<\/h3>\n<p data-start=\"5180\" data-end=\"5339\">D\u016fv\u011bra je p\u0159i n\u00e1kupu v\u00fdzkumn\u00fdch chemik\u00e1li\u00ed kl\u00ed\u010dov\u00e1. Proto byste m\u011bli objedn\u00e1vat pouze u prodejc\u016f, kte\u0159\u00ed nab\u00edzej\u00ed v\u00fdrobky, u nich\u017e byla prok\u00e1z\u00e1na bezpe\u010dnost.<\/p>\n<p data-start=\"5341\" data-end=\"5387\">Zvl\u00e1\u0161tn\u00ed pozornost v\u011bnujte n\u00e1sleduj\u00edc\u00edm bod\u016fm:<\/p>\n<ul data-start=\"5388\" data-end=\"5620\">\n<li data-start=\"5388\" data-end=\"5440\">\n<p data-start=\"5390\" data-end=\"5440\">St\u00e1vaj\u00edc\u00ed <strong data-start=\"5401\" data-end=\"5418\">Laboratorn\u00ed zpr\u00e1vy<\/strong> a certifik\u00e1ty COA<\/p>\n<\/li>\n<li data-start=\"5441\" data-end=\"5497\">\n<p data-start=\"5443\" data-end=\"5497\">Transparentn\u00ed <strong data-start=\"5456\" data-end=\"5495\">Pokyny pro p\u0159epravu a ochranu \u00fadaj\u016f<\/strong><\/p>\n<\/li>\n<li data-start=\"5498\" data-end=\"5532\">\n<p data-start=\"5500\" data-end=\"5532\">Pozitivn\u00ed <strong data-start=\"5509\" data-end=\"5530\">Hodnocen\u00ed z\u00e1kazn\u00edk\u016f<\/strong><\/p>\n<\/li>\n<li data-start=\"5533\" data-end=\"5572\">\n<p data-start=\"5535\" data-end=\"5572\"><strong data-start=\"5535\" data-end=\"5557\">\u0160ifrov\u00e1n\u00ed SSL<\/strong> Platebn\u00ed metody<\/p>\n<\/li>\n<li data-start=\"5573\" data-end=\"5620\">\n<p data-start=\"5575\" data-end=\"5620\">Kompetentn\u00ed <strong data-start=\"5586\" data-end=\"5603\">Podpora pro<\/strong> Pro dotazy<\/p>\n<\/li>\n<\/ul>\n<p data-start=\"5622\" data-end=\"5704\">Tyto vlastnosti ukazuj\u00ed, \u017ee poskytovatel pracuje spolehliv\u011b a profesion\u00e1ln\u011b.<\/p>\n<h2 data-start=\"5711\" data-end=\"5768\">Bezpe\u010dnost a odpov\u011bdn\u00e9 pou\u017e\u00edv\u00e1n\u00ed<\/h2>\n<p data-start=\"5770\" data-end=\"5988\">P\u0159esto\u017ee je 1B-LSD pova\u017eov\u00e1n za v\u00fdzkumnou l\u00e1tku, je t\u0159eba s n\u00edm v\u017edy zach\u00e1zet opatrn\u011b. Standardizovan\u00e9 d\u00e1vkov\u00e1n\u00ed <strong data-start=\"5899\" data-end=\"5910\">100 mcg<\/strong> usnad\u0148uje manipulaci, ale nenahrazuje bezpe\u010dnostn\u00ed opat\u0159en\u00ed.<\/p>\n<p data-start=\"5990\" data-end=\"6027\">Doporu\u010den\u00ed pro laboratorn\u00ed pou\u017eit\u00ed:<\/p>\n<ul data-start=\"6028\" data-end=\"6236\">\n<li data-start=\"6028\" data-end=\"6074\">\n<p data-start=\"6030\" data-end=\"6074\">Pou\u017eit\u00ed pouze pro v\u011bdeck\u00e9 \u00fa\u010dely<\/p>\n<\/li>\n<li data-start=\"6075\" data-end=\"6136\">\n<p data-start=\"6077\" data-end=\"6136\">Vyhn\u011bte se kombinaci s alkoholem nebo jin\u00fdmi l\u00e1tkami<\/p>\n<\/li>\n<li data-start=\"6137\" data-end=\"6192\">\n<p data-start=\"6139\" data-end=\"6192\">Skladujte na chladn\u00e9m, such\u00e9m a tmav\u00e9m m\u00edst\u011b<\/p>\n<\/li>\n<li data-start=\"6193\" data-end=\"6236\">\n<p data-start=\"6195\" data-end=\"6236\">Pe\u010dliv\u00e9 veden\u00ed testovac\u00ed dokumentace<\/p>\n<\/li>\n<\/ul>\n<p data-start=\"6238\" data-end=\"6350\">Disciplinovan\u00e1 pr\u00e1ce a p\u0159esn\u00e9 protokolov\u00e1n\u00ed zaji\u0161\u0165uj\u00ed, \u017ee v\u00fdsledky studie z\u016fstanou reprodukovateln\u00e9 a spolehliv\u00e9.<\/p>\n<h2 data-start=\"6238\" data-end=\"6350\">\u00a0Z\u00e1v\u011br<\/h2>\n<p data-start=\"6373\" data-end=\"6652\"><strong data-start=\"6373\" data-end=\"6391\">1B-LSD 100 mcg<\/strong> je p\u0159\u00edkladem nov\u00e9 generace p\u0159esn\u00fdch deriv\u00e1t\u016f lysergamidu. Spojuje v sob\u011b stabilitu, \u010distotu a charakteristiku vyv\u00e1\u017een\u00e9ho \u00fa\u010dinku, d\u00edky n\u00ed\u017e je mimo\u0159\u00e1dn\u011b cenn\u00fd pro v\u00fdzkum v oblasti neurochemie, psychologie a v\u00fdzkumu v\u011bdom\u00ed.<\/p>\n<p data-start=\"6654\" data-end=\"7090\">Kdo <strong data-start=\"6658\" data-end=\"6690\">Koupit 1B-LSD 100 mcg online<\/strong> by m\u011bli pou\u017e\u00edvat pouze renomovan\u00e9 dodavatele s laboratorn\u00edmi certifik\u00e1ty. To zaru\u010duje, \u017ee l\u00e1tka spl\u0148uje nejvy\u0161\u0161\u00ed standardy kvality a bezpe\u010dnosti. V kombinaci s odpov\u011bdn\u00fdm pou\u017e\u00edv\u00e1n\u00edm a v\u011bdeckou metodikou otev\u00edr\u00e1 1B-LSD nov\u00e9 perspektivy v\u00fdzkumu lidsk\u00e9ho v\u011bdom\u00ed - p\u0159esn\u00e9, bezpe\u010dn\u00e9 a pr\u00e1vn\u011b podlo\u017een\u00e9.<\/p>","protected":false},"excerpt":{"rendered":"<p><strong>1B-LSD 100mcg<\/strong> je vysoce \u010dist\u00e1 chemick\u00e1 slou\u010denina, kter\u00e1 byla vyvinuta pro v\u011bdeck\u00e9 studie. Tato l\u00e1tka se \u010dasto pou\u017e\u00edv\u00e1 v psychofarmakologick\u00e9m v\u00fdzkumu ke zkoum\u00e1n\u00ed jej\u00edho \u00fa\u010dinku na lidsk\u00fd mozek. <strong>1B-LSD<\/strong> je ur\u010den v\u00fdhradn\u011b pro pou\u017eit\u00ed v laboratorn\u00edm prost\u0159ed\u00ed a nesm\u00ed b\u00fdt konzumov\u00e1n lidmi.<\/p>","protected":false},"featured_media":8755,"comment_status":"open","ping_status":"closed","template":"","meta":{"_joinchat":[]},"product_brand":[],"product_cat":[1802],"product_tag":[2103,2105,2110,2111,2112,2104,2108,2106,2107,2109],"class_list":{"0":"post-8733","1":"product","2":"type-product","3":"status-publish","4":"has-post-thumbnail","6":"product_cat-blotters","7":"product_tag-1b-lsd-100mcg","8":"product_tag-1b-lsd-100mcg-zum-verkauf","9":"product_tag-1b-lsd-chemikalien","10":"product_tag-1b-lsd-forschung","11":"product_tag-1b-lsd-fur-forschung","12":"product_tag-1b-lsd-kaufen","13":"product_tag-1b-lsd-kristalle","14":"product_tag-1b-lsd-online","15":"product_tag-1b-lsd-pulver","16":"product_tag-lsd-derivate","18":"first","19":"instock","20":"shipping-taxable","21":"purchasable","22":"product-type-variable"},"yoast_head":"<!-- This site is optimized with the Yoast SEO plugin v27.5 - https:\/\/yoast.com\/product\/yoast-seo-wordpress\/ -->\n<title>1B-LSD 100mcg online Kaufen \u2013 1B-LSD 100mcg zu verkaufen<\/title>\n<meta name=\"description\" content=\"Finden Sie erstklassiges 1B-LSD 100mcg zu verkaufen in unserem Online-Shop, der eine sichere Plattform bietet, um 1B-LSD 100mcg ganz einfach online zu kaufen und Ihren Forschungsanforderungen gerecht zu werden.\" \/>\n<meta name=\"robots\" content=\"index, follow, max-snippet:-1, max-image-preview:large, max-video-preview:-1\" \/>\n<link rel=\"canonical\" href=\"https:\/\/chemgramx.com\/cs\/produkt-1\/1b-lsd-100mcg-online-objednavka\/\" \/>\n<meta property=\"og:locale\" content=\"cs_CZ\" \/>\n<meta property=\"og:type\" content=\"article\" \/>\n<meta property=\"og:title\" content=\"1B-LSD 100mcg online Kaufen \u2013 1B-LSD 100mcg zu verkaufen\" \/>\n<meta property=\"og:description\" content=\"Finden Sie erstklassiges 1B-LSD 100mcg zu verkaufen in unserem Online-Shop, der eine sichere Plattform bietet, um 1B-LSD 100mcg ganz einfach online zu kaufen und Ihren Forschungsanforderungen gerecht zu werden.\" \/>\n<meta property=\"og:url\" content=\"https:\/\/chemgramx.com\/cs\/produkt-1\/1b-lsd-100mcg-online-objednavka\/\" \/>\n<meta property=\"og:site_name\" content=\"Chemgramx\" \/>\n<meta property=\"article:modified_time\" content=\"2025-12-11T01:04:29+00:00\" \/>\n<meta property=\"og:image\" content=\"https:\/\/chemgramx.com\/wp-content\/uploads\/2025\/12\/1b-1.png\" \/>\n\t<meta property=\"og:image:width\" content=\"600\" \/>\n\t<meta property=\"og:image:height\" content=\"400\" \/>\n\t<meta property=\"og:image:type\" content=\"image\/png\" \/>\n<meta name=\"twitter:card\" content=\"summary_large_image\" \/>\n<meta name=\"twitter:label1\" content=\"Odhadovan\u00e1 doba \u010dten\u00ed\" \/>\n\t<meta name=\"twitter:data1\" content=\"4 minuty\" \/>\n<script type=\"application\/ld+json\" class=\"yoast-schema-graph\">{\"@context\":\"https:\\\/\\\/schema.org\",\"@graph\":[{\"@type\":\"WebPage\",\"@id\":\"https:\\\/\\\/chemgramx.com\\\/product\\\/1b-lsd-100mcg-online-bestellung\\\/\",\"url\":\"https:\\\/\\\/chemgramx.com\\\/product\\\/1b-lsd-100mcg-online-bestellung\\\/\",\"name\":\"1B-LSD 100mcg online Kaufen \u2013 1B-LSD 100mcg zu verkaufen\",\"isPartOf\":{\"@id\":\"https:\\\/\\\/chemgramx.com\\\/#website\"},\"primaryImageOfPage\":{\"@id\":\"https:\\\/\\\/chemgramx.com\\\/product\\\/1b-lsd-100mcg-online-bestellung\\\/#primaryimage\"},\"image\":{\"@id\":\"https:\\\/\\\/chemgramx.com\\\/product\\\/1b-lsd-100mcg-online-bestellung\\\/#primaryimage\"},\"thumbnailUrl\":\"https:\\\/\\\/chemgramx.com\\\/wp-content\\\/uploads\\\/2025\\\/12\\\/1b-1.png\",\"datePublished\":\"2025-12-11T00:49:46+00:00\",\"dateModified\":\"2025-12-11T01:04:29+00:00\",\"description\":\"Finden Sie erstklassiges 1B-LSD 100mcg zu verkaufen in unserem Online-Shop, der eine sichere Plattform bietet, um 1B-LSD 100mcg ganz einfach online zu kaufen und Ihren Forschungsanforderungen gerecht zu werden.\",\"breadcrumb\":{\"@id\":\"https:\\\/\\\/chemgramx.com\\\/product\\\/1b-lsd-100mcg-online-bestellung\\\/#breadcrumb\"},\"inLanguage\":\"cs\",\"potentialAction\":[{\"@type\":\"ReadAction\",\"target\":[\"https:\\\/\\\/chemgramx.com\\\/product\\\/1b-lsd-100mcg-online-bestellung\\\/\"]}]},{\"@type\":\"ImageObject\",\"inLanguage\":\"cs\",\"@id\":\"https:\\\/\\\/chemgramx.com\\\/product\\\/1b-lsd-100mcg-online-bestellung\\\/#primaryimage\",\"url\":\"https:\\\/\\\/chemgramx.com\\\/wp-content\\\/uploads\\\/2025\\\/12\\\/1b-1.png\",\"contentUrl\":\"https:\\\/\\\/chemgramx.com\\\/wp-content\\\/uploads\\\/2025\\\/12\\\/1b-1.png\",\"width\":600,\"height\":400},{\"@type\":\"BreadcrumbList\",\"@id\":\"https:\\\/\\\/chemgramx.com\\\/product\\\/1b-lsd-100mcg-online-bestellung\\\/#breadcrumb\",\"itemListElement\":[{\"@type\":\"ListItem\",\"position\":1,\"name\":\"Home\",\"item\":\"https:\\\/\\\/chemgramx.com\\\/\"},{\"@type\":\"ListItem\",\"position\":2,\"name\":\"Shop\",\"item\":\"https:\\\/\\\/chemgramx.com\\\/shop\\\/\"},{\"@type\":\"ListItem\",\"position\":3,\"name\":\"1B-LSD 100mcg Online Bestellung\"}]},{\"@type\":\"WebSite\",\"@id\":\"https:\\\/\\\/chemgramx.com\\\/#website\",\"url\":\"https:\\\/\\\/chemgramx.com\\\/\",\"name\":\"Chemgramx\",\"description\":\"\",\"publisher\":{\"@id\":\"https:\\\/\\\/chemgramx.com\\\/#organization\"},\"potentialAction\":[{\"@type\":\"SearchAction\",\"target\":{\"@type\":\"EntryPoint\",\"urlTemplate\":\"https:\\\/\\\/chemgramx.com\\\/?s={search_term_string}\"},\"query-input\":{\"@type\":\"PropertyValueSpecification\",\"valueRequired\":true,\"valueName\":\"search_term_string\"}}],\"inLanguage\":\"cs\"},{\"@type\":\"Organization\",\"@id\":\"https:\\\/\\\/chemgramx.com\\\/#organization\",\"name\":\"Chemgramx\",\"url\":\"https:\\\/\\\/chemgramx.com\\\/\",\"logo\":{\"@type\":\"ImageObject\",\"inLanguage\":\"cs\",\"@id\":\"https:\\\/\\\/chemgramx.com\\\/#\\\/schema\\\/logo\\\/image\\\/\",\"url\":\"https:\\\/\\\/chemgramx.com\\\/wp-content\\\/uploads\\\/2024\\\/10\\\/final-logo.png\",\"contentUrl\":\"https:\\\/\\\/chemgramx.com\\\/wp-content\\\/uploads\\\/2024\\\/10\\\/final-logo.png\",\"width\":250,\"height\":48,\"caption\":\"Chemgramx\"},\"image\":{\"@id\":\"https:\\\/\\\/chemgramx.com\\\/#\\\/schema\\\/logo\\\/image\\\/\"}}]}<\/script>\n<!-- \/ Yoast SEO plugin. -->","yoast_head_json":{"title":"Koupit 1B-LSD 100mcg online \u2013 1B-LSD 100mcg na prodej","description":"Najd\u011bte pr\u00e9miov\u00fd 1B-LSD 100mcg k prodeji v na\u0161em internetov\u00e9m obchod\u011b, kter\u00fd poskytuje bezpe\u010dnou platformu pro snadn\u00fd n\u00e1kup 1B-LSD 100mcg online a spln\u011bn\u00ed va\u0161ich v\u00fdzkumn\u00fdch pot\u0159eb.","robots":{"index":"index","follow":"follow","max-snippet":"max-snippet:-1","max-image-preview":"max-image-preview:large","max-video-preview":"max-video-preview:-1"},"canonical":"https:\/\/chemgramx.com\/cs\/produkt-1\/1b-lsd-100mcg-online-objednavka\/","og_locale":"cs_CZ","og_type":"article","og_title":"1B-LSD 100mcg online Kaufen \u2013 1B-LSD 100mcg zu verkaufen","og_description":"Finden Sie erstklassiges 1B-LSD 100mcg zu verkaufen in unserem Online-Shop, der eine sichere Plattform bietet, um 1B-LSD 100mcg ganz einfach online zu kaufen und Ihren Forschungsanforderungen gerecht zu werden.","og_url":"https:\/\/chemgramx.com\/cs\/produkt-1\/1b-lsd-100mcg-online-objednavka\/","og_site_name":"Chemgramx","article_modified_time":"2025-12-11T01:04:29+00:00","og_image":[{"width":600,"height":400,"url":"https:\/\/chemgramx.com\/wp-content\/uploads\/2025\/12\/1b-1.png","type":"image\/png"}],"twitter_card":"summary_large_image","twitter_misc":{"Odhadovan\u00e1 doba \u010dten\u00ed":"4 minuty"},"schema":{"@context":"https:\/\/schema.org","@graph":[{"@type":"WebPage","@id":"https:\/\/chemgramx.com\/product\/1b-lsd-100mcg-online-bestellung\/","url":"https:\/\/chemgramx.com\/product\/1b-lsd-100mcg-online-bestellung\/","name":"Koupit 1B-LSD 100mcg online \u2013 1B-LSD 100mcg na prodej","isPartOf":{"@id":"https:\/\/chemgramx.com\/#website"},"primaryImageOfPage":{"@id":"https:\/\/chemgramx.com\/product\/1b-lsd-100mcg-online-bestellung\/#primaryimage"},"image":{"@id":"https:\/\/chemgramx.com\/product\/1b-lsd-100mcg-online-bestellung\/#primaryimage"},"thumbnailUrl":"https:\/\/chemgramx.com\/wp-content\/uploads\/2025\/12\/1b-1.png","datePublished":"2025-12-11T00:49:46+00:00","dateModified":"2025-12-11T01:04:29+00:00","description":"Najd\u011bte pr\u00e9miov\u00fd 1B-LSD 100mcg k prodeji v na\u0161em internetov\u00e9m obchod\u011b, kter\u00fd poskytuje bezpe\u010dnou platformu pro snadn\u00fd n\u00e1kup 1B-LSD 100mcg online a spln\u011bn\u00ed va\u0161ich v\u00fdzkumn\u00fdch pot\u0159eb.","breadcrumb":{"@id":"https:\/\/chemgramx.com\/product\/1b-lsd-100mcg-online-bestellung\/#breadcrumb"},"inLanguage":"cs","potentialAction":[{"@type":"ReadAction","target":["https:\/\/chemgramx.com\/product\/1b-lsd-100mcg-online-bestellung\/"]}]},{"@type":"ImageObject","inLanguage":"cs","@id":"https:\/\/chemgramx.com\/product\/1b-lsd-100mcg-online-bestellung\/#primaryimage","url":"https:\/\/chemgramx.com\/wp-content\/uploads\/2025\/12\/1b-1.png","contentUrl":"https:\/\/chemgramx.com\/wp-content\/uploads\/2025\/12\/1b-1.png","width":600,"height":400},{"@type":"BreadcrumbList","@id":"https:\/\/chemgramx.com\/product\/1b-lsd-100mcg-online-bestellung\/#breadcrumb","itemListElement":[{"@type":"ListItem","position":1,"name":"Home","item":"https:\/\/chemgramx.com\/"},{"@type":"ListItem","position":2,"name":"Shop","item":"https:\/\/chemgramx.com\/shop\/"},{"@type":"ListItem","position":3,"name":"1B-LSD 100mcg Online Bestellung"}]},{"@type":"WebSite","@id":"https:\/\/chemgramx.com\/#website","url":"https:\/\/chemgramx.com\/","name":"Chemgramx","description":"","publisher":{"@id":"https:\/\/chemgramx.com\/#organization"},"potentialAction":[{"@type":"SearchAction","target":{"@type":"EntryPoint","urlTemplate":"https:\/\/chemgramx.com\/?s={search_term_string}"},"query-input":{"@type":"PropertyValueSpecification","valueRequired":true,"valueName":"search_term_string"}}],"inLanguage":"cs"},{"@type":"Organization","@id":"https:\/\/chemgramx.com\/#organization","name":"Chemgramx","url":"https:\/\/chemgramx.com\/","logo":{"@type":"ImageObject","inLanguage":"cs","@id":"https:\/\/chemgramx.com\/#\/schema\/logo\/image\/","url":"https:\/\/chemgramx.com\/wp-content\/uploads\/2024\/10\/final-logo.png","contentUrl":"https:\/\/chemgramx.com\/wp-content\/uploads\/2024\/10\/final-logo.png","width":250,"height":48,"caption":"Chemgramx"},"image":{"@id":"https:\/\/chemgramx.com\/#\/schema\/logo\/image\/"}}]}},"_links":{"self":[{"href":"https:\/\/chemgramx.com\/cs\/wp-json\/wp\/v2\/product\/8733","targetHints":{"allow":["GET"]}}],"collection":[{"href":"https:\/\/chemgramx.com\/cs\/wp-json\/wp\/v2\/product"}],"about":[{"href":"https:\/\/chemgramx.com\/cs\/wp-json\/wp\/v2\/types\/product"}],"replies":[{"embeddable":true,"href":"https:\/\/chemgramx.com\/cs\/wp-json\/wp\/v2\/comments?post=8733"}],"wp:featuredmedia":[{"embeddable":true,"href":"https:\/\/chemgramx.com\/cs\/wp-json\/wp\/v2\/media\/8755"}],"wp:attachment":[{"href":"https:\/\/chemgramx.com\/cs\/wp-json\/wp\/v2\/media?parent=8733"}],"wp:term":[{"taxonomy":"product_brand","embeddable":true,"href":"https:\/\/chemgramx.com\/cs\/wp-json\/wp\/v2\/product_brand?post=8733"},{"taxonomy":"product_cat","embeddable":true,"href":"https:\/\/chemgramx.com\/cs\/wp-json\/wp\/v2\/product_cat?post=8733"},{"taxonomy":"product_tag","embeddable":true,"href":"https:\/\/chemgramx.com\/cs\/wp-json\/wp\/v2\/product_tag?post=8733"}],"curies":[{"name":"wp","href":"https:\/\/api.w.org\/{rel}","templated":true}]}}