{"id":8734,"date":"2025-12-11T00:49:48","date_gmt":"2025-12-11T00:49:48","guid":{"rendered":"https:\/\/chemgramx.com\/?post_type=product&#038;p=8734"},"modified":"2025-12-11T01:04:30","modified_gmt":"2025-12-11T01:04:30","slug":"koupit-etizolam-2-mg-online","status":"publish","type":"product","link":"https:\/\/chemgramx.com\/cs\/product\/etizolam-2mg-online-kaufen\/","title":{"rendered":"Koupit Etizolam 2mg online"},"content":{"rendered":"<p data-start=\"606\" data-end=\"948\"><strong data-start=\"606\" data-end=\"622\">Etizolam 2mg<\/strong> je chemick\u00e1 l\u00e1tka ze skupiny thienodiazepin\u016f, kter\u00e1 hraje d\u016fle\u017eitou roli ve farmakologick\u00e9m a neurochemick\u00e9m v\u00fdzkumu. \u010casto se pou\u017e\u00edv\u00e1 k <strong data-start=\"803\" data-end=\"837\">anxiolytick\u00e9 (proti \u00fazkosti)<\/strong>, <strong data-start=\"839\" data-end=\"854\">sedativn\u00ed<\/strong> a <strong data-start=\"859\" data-end=\"882\">svalov\u00e9 relaxanty<\/strong> Zkoumat vlastnosti l\u00e1tek podobn\u00fdch benzodiazepin\u016fm.<\/p>\n<p data-start=\"950\" data-end=\"1393\">V\u011bdci, kte\u0159\u00ed skute\u010dn\u00e9 nebo fale\u0161n\u00e9 <strong data-start=\"988\" data-end=\"1011\">Koupit Etizolam 2 mg<\/strong> tak \u010din\u00ed v\u00fdhradn\u011b pro v\u011bdeck\u00e9 \u00fa\u010dely. V laboratorn\u00edm prost\u0159ed\u00ed se etizolam pou\u017e\u00edv\u00e1 k anal\u00fdze vlivu molekul posiluj\u00edc\u00edch GABA na centr\u00e1ln\u00ed nervov\u00fd syst\u00e9m. D\u00edky sv\u00e9 konzistentn\u00ed chemick\u00e9 struktu\u0159e a vysok\u00e9 \u010distot\u011b je pova\u017eov\u00e1n za preferovanou slou\u010deninu ve studi\u00edch zab\u00fdvaj\u00edc\u00edch se stresov\u00fdmi reakcemi, zvl\u00e1d\u00e1n\u00edm \u00fazkosti a regulac\u00ed sp\u00e1nku.<\/p>\n<h2 data-start=\"1400\" data-end=\"1461\">V\u00fdzkumn\u00e9 pozad\u00ed a farmakologick\u00fd v\u00fdznam<\/h2>\n<p data-start=\"1463\" data-end=\"1740\">Ve farmakologick\u00e9m v\u00fdzkumu slou\u017e\u00ed <strong data-start=\"1504\" data-end=\"1520\">Etizolam 2mg<\/strong> jako referen\u010dn\u00ed l\u00e1tka pro lep\u0161\u00ed pochopen\u00ed mechanism\u016f receptor\u016f GABA-A. Tyto receptory jsou rozhoduj\u00edc\u00ed pro neuron\u00e1ln\u00ed inhibici v mozku a t\u00edm i pro stavy relaxace, uklidn\u011bn\u00ed a sp\u00e1nku.<\/p>\n<p data-start=\"1742\" data-end=\"2075\">Na rozd\u00edl od klasick\u00fdch benzodiazepin\u016f m\u00e1 etizolam m\u00edrn\u011b pozm\u011bn\u011bnou chemickou strukturu, co\u017e z n\u011bj \u010din\u00ed zaj\u00edmav\u00fd p\u0159edm\u011bt studia pro alternativn\u00ed l\u00e1tky zm\u00edr\u0148uj\u00edc\u00ed \u00fazkost. V\u011bdci jej vyu\u017e\u00edvaj\u00ed k z\u00edsk\u00e1n\u00ed nov\u00fdch poznatk\u016f o vz\u00e1jemn\u00e9m p\u016fsoben\u00ed chemick\u00e9 struktury a farmakologick\u00e9ho \u00fa\u010dinku.<\/p>\n<p data-start=\"2077\" data-end=\"2274\">Etizolam je nav\u00edc analyzov\u00e1n v experiment\u00e1ln\u00edch projektech, kter\u00e9 se zab\u00fdvaj\u00ed <strong data-start=\"2160\" data-end=\"2183\">V\u00fdvoj tolerance<\/strong>, <strong data-start=\"2185\" data-end=\"2211\">potenci\u00e1l z\u00e1vislosti<\/strong> a <a href=\"\/product\/mexikanisches-kokain\/\"><strong data-start=\"2216\" data-end=\"2237\">dlouhodob\u00e9 \u00fa\u010dinky<\/strong> <\/a>GABAergick\u00fdch l\u00e1tek.<\/p>\n<h2 data-start=\"2281\" data-end=\"2320\">Dopad a relevance v\u00fdzkumu<\/h2>\n<p data-start=\"2322\" data-end=\"2614\">Vliv <strong data-start=\"2338\" data-end=\"2354\">Etizolam 2mg<\/strong> je zalo\u017eeno hlavn\u011b na pos\u00edlen\u00ed inhibi\u010dn\u00edho neurotransmiteru <strong data-start=\"2434\" data-end=\"2467\">Kyselina gama-aminom\u00e1seln\u00e1 (GABA)<\/strong>. Vazbou na receptory GABA-A doch\u00e1z\u00ed ke sn\u00ed\u017een\u00ed neuron\u00e1ln\u00ed aktivity, co\u017e vede k hlubok\u00e9mu klidu a relaxaci.<\/p>\n<p data-start=\"2616\" data-end=\"2705\">Ve v\u011bdeck\u00fdch experimentech se etizolam pou\u017e\u00edv\u00e1 ke studiu n\u00e1sleduj\u00edc\u00edch jev\u016f:<\/p>\n<ul data-start=\"2706\" data-end=\"2878\">\n<li data-start=\"2706\" data-end=\"2746\">\n<p data-start=\"2708\" data-end=\"2746\">Sn\u00ed\u017een\u00ed \u00fazkosti a zvl\u00e1d\u00e1n\u00ed stresu<\/p>\n<\/li>\n<li data-start=\"2747\" data-end=\"2782\">\n<p data-start=\"2749\" data-end=\"2782\">Zlep\u0161en\u00ed kvality sp\u00e1nku<\/p>\n<\/li>\n<li data-start=\"2783\" data-end=\"2819\">\n<p data-start=\"2785\" data-end=\"2819\">Uvoln\u011bn\u00ed sval\u016f a zklidn\u011bn\u00ed<\/p>\n<\/li>\n<li data-start=\"2820\" data-end=\"2878\">\n<p data-start=\"2822\" data-end=\"2878\">Zm\u011bna kognitivn\u00edch reak\u010dn\u00edch vzorc\u016f p\u0159i sedaci<\/p>\n<\/li>\n<\/ul>\n<p data-start=\"2880\" data-end=\"3056\">Etizolam proto hraje \u00fast\u0159edn\u00ed roli ve v\u00fdzkumn\u00fdch projektech zam\u011b\u0159en\u00fdch na v\u00fdvoj nov\u00fdch terapi\u00ed pro <strong data-start=\"2990\" data-end=\"3008\">\u00dazkostn\u00e9 poruchy<\/strong>, <strong data-start=\"3010\" data-end=\"3027\">Z\u00e1chvaty paniky<\/strong> a <strong data-start=\"3032\" data-end=\"3044\">nespavost<\/strong> zam\u011b\u0159it se.<\/p>\n<p data-start=\"3058\" data-end=\"3242\">V\u011bdci, kte\u0159\u00ed se ptaj\u00ed <strong data-start=\"3084\" data-end=\"3119\">kde lze koupit Etizolam 2 mg<\/strong>, t\u011b\u017e\u00ed z ov\u011b\u0159en\u00e9 laboratorn\u00ed kvality a certifikovan\u00fdch vzork\u016f, kter\u00e9 zaru\u010duj\u00ed \u010distotu a chemickou konzistenci.<\/p>\n<h2 data-start=\"3249\" data-end=\"3287\">Kontrola \u010distoty a kvality<\/h2>\n<p data-start=\"3289\" data-end=\"3559\">Ka\u017ed\u00e1 d\u00e1vka <strong data-start=\"3305\" data-end=\"3321\">Etizolam 2mg<\/strong>, kter\u00e1 je k dispozici online, je pravideln\u011b testov\u00e1na v nez\u00e1visl\u00fdch laborato\u0159\u00edch, aby byla zaji\u0161t\u011bna nejvy\u0161\u0161\u00ed \u010distota a konzistence. Pouze d\u00edky t\u011bmto kontrol\u00e1m kvality lze dos\u00e1hnout p\u0159esn\u00fdch a opakovateln\u00fdch v\u00fdsledk\u016f v\u00fdzkumu.<\/p>\n<p data-start=\"3561\" data-end=\"3750\">Anal\u00fdza zahrnuje chromatografick\u00e9 testy, stanoven\u00ed stupn\u011b \u010distoty a <a href=\"\/product\/death-star-hash-online\/\">spektr\u00e1ln\u00ed anal\u00fdzy<\/a>, aby se zajistilo, \u017ee spojen\u00ed neobsahuje \u017e\u00e1dn\u00e9 ne\u010distoty ani vedlej\u0161\u00ed produkty.<\/p>\n<p data-start=\"3752\" data-end=\"3837\">D\u00edky tomuto vysok\u00e9mu standardu je <strong data-start=\"3784\" data-end=\"3814\">Koupit Etizolam 2mg online<\/strong> ide\u00e1ln\u00ed volba pro:<\/p>\n<ul data-start=\"3838\" data-end=\"3991\">\n<li data-start=\"3838\" data-end=\"3885\">\n<p data-start=\"3840\" data-end=\"3885\">Farmakologick\u00e9 a neurochemick\u00e9 studie<\/p>\n<\/li>\n<li data-start=\"3886\" data-end=\"3926\">\n<p data-start=\"3888\" data-end=\"3926\">Toxikologick\u00e9 a analytick\u00e9 testy<\/p>\n<\/li>\n<li data-start=\"3927\" data-end=\"3991\">\n<p data-start=\"3929\" data-end=\"3991\">Srovn\u00e1vac\u00ed studie s jin\u00fdmi deriv\u00e1ty benzodiazepinu<\/p>\n<\/li>\n<\/ul>\n<p data-start=\"3993\" data-end=\"4138\">V\u011bdci, kte\u0159\u00ed pot\u0159ebuj\u00ed p\u0159esn\u00e1 data a reprodukovateln\u00e9 v\u00fdsledky, najdou v <strong data-start=\"4082\" data-end=\"4098\">Etizolam 2mg<\/strong> spolehliv\u00fd v\u00fdzkumn\u00fd n\u00e1stroj.<\/p>\n<h2 data-start=\"4145\" data-end=\"4189\">Bezpe\u010dnostn\u00ed pokyny a pokyny k pou\u017eit\u00ed<\/h2>\n<p data-start=\"4191\" data-end=\"4534\">Etizolam 2 mg je ur\u010den v\u00fdhradn\u011b pro <strong data-start=\"4231\" data-end=\"4262\">v\u011bdeck\u00e9 vyu\u017eit\u00ed<\/strong> . Lidsk\u00e1 konzumace nebo jak\u00e9koli jin\u00e9 pou\u017eit\u00ed mimo laborato\u0159e je <strong data-start=\"4344\" data-end=\"4369\">p\u0159\u00edsn\u011b zak\u00e1z\u00e1no<\/strong>. V\u00fdzkumn\u00e9 instituce by m\u011bly zajistit, aby v\u0161echny pokusy byly prov\u00e1d\u011bny za kontrolovan\u00fdch podm\u00ednek a pouze kvalifikovan\u00fdm odborn\u00fdm person\u00e1lem.<\/p>\n<p data-start=\"4536\" data-end=\"4587\">D\u016fle\u017eit\u00e9 bezpe\u010dnostn\u00ed pokyny pro laboratorn\u00ed prost\u0159ed\u00ed:<\/p>\n<ul data-start=\"4588\" data-end=\"4808\">\n<li data-start=\"4588\" data-end=\"4643\">\n<p data-start=\"4590\" data-end=\"4643\">Pouze pro pou\u017eit\u00ed vy\u0161kolen\u00fdm person\u00e1lem<\/p>\n<\/li>\n<li data-start=\"4644\" data-end=\"4693\">\n<p data-start=\"4646\" data-end=\"4693\">Zamezte kontaktu s poko\u017ekou nebo sliznicemi.<\/p>\n<\/li>\n<li data-start=\"4694\" data-end=\"4760\">\n<p data-start=\"4696\" data-end=\"4760\">Noste vhodn\u00e9 ochrann\u00e9 pom\u016fcky (rukavice, br\u00fdle, pl\u00e1\u0161\u0165).<\/p>\n<\/li>\n<li data-start=\"4761\" data-end=\"4808\">\n<p data-start=\"4763\" data-end=\"4808\">Skladov\u00e1n\u00ed v ozna\u010den\u00fdch laboratorn\u00edch n\u00e1dob\u00e1ch<\/p>\n<\/li>\n<\/ul>\n<p data-start=\"4810\" data-end=\"5014\">V\u00fdzkumn\u00edci, kte\u0159\u00ed <strong data-start=\"4824\" data-end=\"4874\">Objednat prav\u00fd nebo pad\u011blan\u00fd Etizolam 2 mg<\/strong>, by m\u011bli v\u017edy db\u00e1t na to, aby poskytovatel disponoval p\u0159\u00edslu\u0161n\u00fdmi bezpe\u010dnostn\u00edmi certifik\u00e1ty a aby byly v\u0161echny dod\u00e1vky dokumentov\u00e1ny.<\/p>\n<h2 data-start=\"5021\" data-end=\"5054\">Skladov\u00e1n\u00ed a doba skladov\u00e1n\u00ed<\/h2>\n<p data-start=\"5056\" data-end=\"5285\"><strong data-start=\"5056\" data-end=\"5072\">Etizolam 2mg<\/strong> by m\u011bl b\u00fdt na <strong data-start=\"5089\" data-end=\"5114\">chladn\u00e9, such\u00e9 m\u00edsto<\/strong> Skladujte mimo dosah p\u0159\u00edm\u00e9ho slune\u010dn\u00edho z\u00e1\u0159en\u00ed, zdroj\u016f tepla a vlhkosti. L\u00e1tka je citliv\u00e1 na sv\u011btlo a p\u0159i nespr\u00e1vn\u00e9m skladov\u00e1n\u00ed se m\u016f\u017ee rozlo\u017eit.<\/p>\n<p data-start=\"5287\" data-end=\"5310\">Proto se doporu\u010duje:<\/p>\n<ul data-start=\"5311\" data-end=\"5452\">\n<li data-start=\"5311\" data-end=\"5365\">\n<p data-start=\"5313\" data-end=\"5365\">Skladov\u00e1n\u00ed v vzduchot\u011bsn\u011b uzav\u0159en\u00fdch n\u00e1dob\u00e1ch<\/p>\n<\/li>\n<li data-start=\"5366\" data-end=\"5415\">\n<p data-start=\"5368\" data-end=\"5415\">Skladujte p\u0159i stabiln\u00ed teplot\u011b pod 25 \u00b0C.<\/p>\n<\/li>\n<li data-start=\"5416\" data-end=\"5452\">\n<p data-start=\"5418\" data-end=\"5452\">Zabezpe\u010den\u00ed proti neopr\u00e1vn\u011bn\u00e9mu p\u0159\u00edstupu<\/p>\n<\/li>\n<\/ul>\n<p data-start=\"5454\" data-end=\"5617\">P\u0159i spr\u00e1vn\u00e9m skladov\u00e1n\u00ed z\u016fst\u00e1v\u00e1 chemick\u00e1 integrita l\u00e1tky zachov\u00e1na po del\u0161\u00ed dobu, co\u017e ji \u010din\u00ed vhodnou pro analytick\u00e9 testy.<\/p>\n<h2 data-start=\"5624\" data-end=\"5676\">Hlavn\u00ed vlastnosti a v\u00fdhody Etizolamu 2 mg<\/h2>\n<p data-start=\"5678\" data-end=\"5847\">Etizolam je cen\u011bn nejen pro svou chemickou stabilitu, ale tak\u00e9 pro sv\u00e9 v\u0161estrann\u00e9 mo\u017enosti pou\u017eit\u00ed ve farmakologick\u00e9m v\u00fdzkumu.<\/p>\n<p data-start=\"5849\" data-end=\"5887\">Mezi nejd\u016fle\u017eit\u011bj\u0161\u00ed v\u00fdhody pat\u0159\u00ed<\/p>\n<ul data-start=\"5888\" data-end=\"6251\">\n<li data-start=\"5888\" data-end=\"5980\">\n<p data-start=\"5890\" data-end=\"5980\"><strong data-start=\"5890\" data-end=\"5908\">Vysok\u00e1 \u010distota:<\/strong> Ide\u00e1ln\u00ed pro p\u0159esn\u00e9 farmakologick\u00e9 a psychofarmakologick\u00e9 studie<\/p>\n<\/li>\n<li data-start=\"5981\" data-end=\"6082\">\n<p data-start=\"5983\" data-end=\"6082\"><strong data-start=\"5983\" data-end=\"6008\">Specifick\u00fd v\u00fdzkum:<\/strong> Vyvinuto pro v\u00fdzkum anxiolytick\u00fdch a sedativn\u00edch \u00fa\u010dink\u016f<\/p>\n<\/li>\n<li data-start=\"6083\" data-end=\"6156\">\n<p data-start=\"6085\" data-end=\"6156\"><strong data-start=\"6085\" data-end=\"6112\">Certifikovan\u00e1 kvalita:<\/strong> Ka\u017ed\u00e1 \u0161ar\u017ee je kontrolov\u00e1na a certifikov\u00e1na.<\/p>\n<\/li>\n<li data-start=\"6157\" data-end=\"6251\">\n<p data-start=\"6159\" data-end=\"6251\"><strong data-start=\"6159\" data-end=\"6183\">V\u0161estrann\u00e9 pou\u017eit\u00ed:<\/strong> Zvl\u00e1\u0161t\u011b relevantn\u00ed ve v\u00fdzkumu \u00fazkostn\u00fdch poruch a poruch sp\u00e1nku<\/p>\n<\/li>\n<\/ul>\n<p data-start=\"6253\" data-end=\"6472\">Krom\u011b toho nab\u00edz\u00ed online n\u00e1kup Etizolamu v\u00fdzkumn\u00edk\u016fm jednoduch\u00fd, bezpe\u010dn\u00fd a diskr\u00e9tn\u00ed zp\u016fsob, jak p\u0159\u00edmo z\u00edskat vysoce kvalitn\u00ed l\u00e1tky \u2013 co\u017e je rozhoduj\u00edc\u00ed v\u00fdhoda pro glob\u00e1ln\u00ed v\u00fdzkumnou spolupr\u00e1ci.<\/p>\n<h2 data-start=\"6479\" data-end=\"6493\">Z\u00e1v\u011br<\/h2>\n<p data-start=\"6495\" data-end=\"6734\"><strong data-start=\"6495\" data-end=\"6511\">Etizolam 2mg<\/strong> je v\u00fdznamn\u00fdm v\u00fdzkumn\u00fdm n\u00e1strojem v modern\u00ed farmakologii a neurov\u011bd\u011b. Jeho \u00fa\u010dinek na GABA receptory z n\u011bj \u010din\u00ed \u00fast\u0159edn\u00ed sou\u010d\u00e1st experiment\u00e1ln\u00edch studi\u00ed o \u00fazkosti, stresu a sp\u00e1nku.<\/p>\n<p data-start=\"6736\" data-end=\"7020\">Kdo <strong data-start=\"6740\" data-end=\"6770\">Koupit Etizolam 2mg online<\/strong> by m\u011bl kontaktovat v\u00fdhradn\u011b <strong data-start=\"6809\" data-end=\"6850\">seri\u00f3zn\u00ed dodavatel\u00e9 s certifik\u00e1ty COA<\/strong> aby byla zaji\u0161t\u011bna \u010distota a bezpe\u010dnost. Ka\u017ed\u00fd vzorek podl\u00e9h\u00e1 p\u0159\u00edsn\u00fdm kontrol\u00e1m kvality, co\u017e umo\u017e\u0148uje p\u0159esnou v\u011bdeckou pr\u00e1ci.<\/p>\n<p data-start=\"7022\" data-end=\"7279\">D\u00edky zodpov\u011bdn\u00e9mu zach\u00e1zen\u00ed, kontrolovan\u00fdm laboratorn\u00edm podm\u00ednk\u00e1m a transparentn\u00edm struktu\u0159e dodavatel\u016f m\u016f\u017ee etizolam pomoci v\u011bdc\u016fm z\u00edskat cenn\u00e9 poznatky o lidsk\u00e9m nervov\u00e9m syst\u00e9mu \u2013 bezpe\u010dn\u011b, leg\u00e1ln\u011b a na v\u011bdeck\u00e9m z\u00e1klad\u011b.<\/p>","protected":false},"excerpt":{"rendered":"<p><strong>Etizolam 2mg<\/strong> je vysoce \u010dist\u00e1 chemick\u00e1 slou\u010denina pou\u017e\u00edvan\u00e1 pro v\u011bdeck\u00e9 studie a farmakologick\u00fd v\u00fdzkum. Tato l\u00e1tka se pou\u017e\u00edv\u00e1 ke zkoum\u00e1n\u00ed anxiolytick\u00fdch a sedativn\u00edch vlastnost\u00ed. <strong>Etizolam<\/strong> je ur\u010den pouze pro pou\u017eit\u00ed v laboratorn\u00edm prost\u0159ed\u00ed a nesm\u00ed se pou\u017e\u00edvat k lidsk\u00e9 spot\u0159eb\u011b.<\/p>","protected":false},"featured_media":8767,"comment_status":"open","ping_status":"closed","template":"","meta":{"_joinchat":[]},"product_brand":[],"product_cat":[1802],"product_tag":[2099,2093,2095,2100,2101,2102,2094,2098,2096,2097],"class_list":{"0":"post-8734","1":"product","2":"type-product","3":"status-publish","4":"has-post-thumbnail","6":"product_cat-blotters","7":"product_tag-beruhigungsmittel","8":"product_tag-etizolam-2mg","9":"product_tag-etizolam-2mg-zum-verkauf","10":"product_tag-etizolam-chemikalien","11":"product_tag-etizolam-forschung","12":"product_tag-etizolam-fur-forschung","13":"product_tag-etizolam-kaufen","14":"product_tag-etizolam-kristalle","15":"product_tag-etizolam-online","16":"product_tag-etizolam-pulver","18":"first","19":"instock","20":"shipping-taxable","21":"purchasable","22":"product-type-variable"},"yoast_head":"<!-- This site is optimized with the Yoast SEO plugin v27.5 - https:\/\/yoast.com\/product\/yoast-seo-wordpress\/ -->\n<title>Etizolam 2mg | Hochwirksame Chemikalie f\u00fcr pharmakologische<\/title>\n<meta name=\"description\" content=\"Untersuchen Sie Etizolam 2mg, eine hochwirksame chemische Verbindung f\u00fcr die Analyse von anxiolytischen und sedierenden Effekten. Nur f\u00fcr wissenschaftliche Studien.\" \/>\n<meta name=\"robots\" content=\"index, follow, max-snippet:-1, max-image-preview:large, max-video-preview:-1\" \/>\n<link rel=\"canonical\" href=\"https:\/\/chemgramx.com\/cs\/produkt-1\/koupit-etizolam-2-mg-online\/\" \/>\n<meta property=\"og:locale\" content=\"cs_CZ\" \/>\n<meta property=\"og:type\" content=\"article\" \/>\n<meta property=\"og:title\" content=\"Etizolam 2mg | Hochwirksame Chemikalie f\u00fcr pharmakologische\" \/>\n<meta property=\"og:description\" content=\"Untersuchen Sie Etizolam 2mg, eine hochwirksame chemische Verbindung f\u00fcr die Analyse von anxiolytischen und sedierenden Effekten. Nur f\u00fcr wissenschaftliche Studien.\" \/>\n<meta property=\"og:url\" content=\"https:\/\/chemgramx.com\/cs\/produkt-1\/koupit-etizolam-2-mg-online\/\" \/>\n<meta property=\"og:site_name\" content=\"Chemgramx\" \/>\n<meta property=\"article:modified_time\" content=\"2025-12-11T01:04:30+00:00\" \/>\n<meta property=\"og:image\" content=\"https:\/\/chemgramx.com\/wp-content\/uploads\/2025\/12\/etizulam2mg.png\" \/>\n\t<meta property=\"og:image:width\" content=\"600\" \/>\n\t<meta property=\"og:image:height\" content=\"400\" \/>\n\t<meta property=\"og:image:type\" content=\"image\/png\" \/>\n<meta name=\"twitter:card\" content=\"summary_large_image\" \/>\n<meta name=\"twitter:label1\" content=\"Odhadovan\u00e1 doba \u010dten\u00ed\" \/>\n\t<meta name=\"twitter:data1\" content=\"4 minuty\" \/>\n<script type=\"application\/ld+json\" class=\"yoast-schema-graph\">{\"@context\":\"https:\\\/\\\/schema.org\",\"@graph\":[{\"@type\":\"WebPage\",\"@id\":\"https:\\\/\\\/chemgramx.com\\\/product\\\/etizolam-2mg-online-kaufen\\\/\",\"url\":\"https:\\\/\\\/chemgramx.com\\\/product\\\/etizolam-2mg-online-kaufen\\\/\",\"name\":\"Etizolam 2mg | Hochwirksame Chemikalie f\u00fcr pharmakologische\",\"isPartOf\":{\"@id\":\"https:\\\/\\\/chemgramx.com\\\/#website\"},\"primaryImageOfPage\":{\"@id\":\"https:\\\/\\\/chemgramx.com\\\/product\\\/etizolam-2mg-online-kaufen\\\/#primaryimage\"},\"image\":{\"@id\":\"https:\\\/\\\/chemgramx.com\\\/product\\\/etizolam-2mg-online-kaufen\\\/#primaryimage\"},\"thumbnailUrl\":\"https:\\\/\\\/chemgramx.com\\\/wp-content\\\/uploads\\\/2025\\\/12\\\/etizulam2mg.png\",\"datePublished\":\"2025-12-11T00:49:48+00:00\",\"dateModified\":\"2025-12-11T01:04:30+00:00\",\"description\":\"Untersuchen Sie Etizolam 2mg, eine hochwirksame chemische Verbindung f\u00fcr die Analyse von anxiolytischen und sedierenden Effekten. Nur f\u00fcr wissenschaftliche Studien.\",\"breadcrumb\":{\"@id\":\"https:\\\/\\\/chemgramx.com\\\/product\\\/etizolam-2mg-online-kaufen\\\/#breadcrumb\"},\"inLanguage\":\"cs\",\"potentialAction\":[{\"@type\":\"ReadAction\",\"target\":[\"https:\\\/\\\/chemgramx.com\\\/product\\\/etizolam-2mg-online-kaufen\\\/\"]}]},{\"@type\":\"ImageObject\",\"inLanguage\":\"cs\",\"@id\":\"https:\\\/\\\/chemgramx.com\\\/product\\\/etizolam-2mg-online-kaufen\\\/#primaryimage\",\"url\":\"https:\\\/\\\/chemgramx.com\\\/wp-content\\\/uploads\\\/2025\\\/12\\\/etizulam2mg.png\",\"contentUrl\":\"https:\\\/\\\/chemgramx.com\\\/wp-content\\\/uploads\\\/2025\\\/12\\\/etizulam2mg.png\",\"width\":600,\"height\":400},{\"@type\":\"BreadcrumbList\",\"@id\":\"https:\\\/\\\/chemgramx.com\\\/product\\\/etizolam-2mg-online-kaufen\\\/#breadcrumb\",\"itemListElement\":[{\"@type\":\"ListItem\",\"position\":1,\"name\":\"Home\",\"item\":\"https:\\\/\\\/chemgramx.com\\\/\"},{\"@type\":\"ListItem\",\"position\":2,\"name\":\"Shop\",\"item\":\"https:\\\/\\\/chemgramx.com\\\/shop\\\/\"},{\"@type\":\"ListItem\",\"position\":3,\"name\":\"Etizolam 2mg online kaufen\"}]},{\"@type\":\"WebSite\",\"@id\":\"https:\\\/\\\/chemgramx.com\\\/#website\",\"url\":\"https:\\\/\\\/chemgramx.com\\\/\",\"name\":\"Chemgramx\",\"description\":\"\",\"publisher\":{\"@id\":\"https:\\\/\\\/chemgramx.com\\\/#organization\"},\"potentialAction\":[{\"@type\":\"SearchAction\",\"target\":{\"@type\":\"EntryPoint\",\"urlTemplate\":\"https:\\\/\\\/chemgramx.com\\\/?s={search_term_string}\"},\"query-input\":{\"@type\":\"PropertyValueSpecification\",\"valueRequired\":true,\"valueName\":\"search_term_string\"}}],\"inLanguage\":\"cs\"},{\"@type\":\"Organization\",\"@id\":\"https:\\\/\\\/chemgramx.com\\\/#organization\",\"name\":\"Chemgramx\",\"url\":\"https:\\\/\\\/chemgramx.com\\\/\",\"logo\":{\"@type\":\"ImageObject\",\"inLanguage\":\"cs\",\"@id\":\"https:\\\/\\\/chemgramx.com\\\/#\\\/schema\\\/logo\\\/image\\\/\",\"url\":\"https:\\\/\\\/chemgramx.com\\\/wp-content\\\/uploads\\\/2024\\\/10\\\/final-logo.png\",\"contentUrl\":\"https:\\\/\\\/chemgramx.com\\\/wp-content\\\/uploads\\\/2024\\\/10\\\/final-logo.png\",\"width\":250,\"height\":48,\"caption\":\"Chemgramx\"},\"image\":{\"@id\":\"https:\\\/\\\/chemgramx.com\\\/#\\\/schema\\\/logo\\\/image\\\/\"}}]}<\/script>\n<!-- \/ Yoast SEO plugin. -->","yoast_head_json":{"title":"Etizolam 2 mg | Vysoce \u00fa\u010dinn\u00e1 chemik\u00e1lie pro farmakologick\u00e9 \u00fa\u010dely","description":"Prozkoumejte Etizolam 2 mg, vysoce \u00fa\u010dinnou chemickou slou\u010deninu pro anal\u00fdzu anxiolytick\u00fdch a sedativn\u00edch \u00fa\u010dink\u016f. Pouze pro v\u011bdeck\u00e9 studie.","robots":{"index":"index","follow":"follow","max-snippet":"max-snippet:-1","max-image-preview":"max-image-preview:large","max-video-preview":"max-video-preview:-1"},"canonical":"https:\/\/chemgramx.com\/cs\/produkt-1\/koupit-etizolam-2-mg-online\/","og_locale":"cs_CZ","og_type":"article","og_title":"Etizolam 2mg | Hochwirksame Chemikalie f\u00fcr pharmakologische","og_description":"Untersuchen Sie Etizolam 2mg, eine hochwirksame chemische Verbindung f\u00fcr die Analyse von anxiolytischen und sedierenden Effekten. Nur f\u00fcr wissenschaftliche Studien.","og_url":"https:\/\/chemgramx.com\/cs\/produkt-1\/koupit-etizolam-2-mg-online\/","og_site_name":"Chemgramx","article_modified_time":"2025-12-11T01:04:30+00:00","og_image":[{"width":600,"height":400,"url":"https:\/\/chemgramx.com\/wp-content\/uploads\/2025\/12\/etizulam2mg.png","type":"image\/png"}],"twitter_card":"summary_large_image","twitter_misc":{"Odhadovan\u00e1 doba \u010dten\u00ed":"4 minuty"},"schema":{"@context":"https:\/\/schema.org","@graph":[{"@type":"WebPage","@id":"https:\/\/chemgramx.com\/product\/etizolam-2mg-online-kaufen\/","url":"https:\/\/chemgramx.com\/product\/etizolam-2mg-online-kaufen\/","name":"Etizolam 2 mg | Vysoce \u00fa\u010dinn\u00e1 chemik\u00e1lie pro farmakologick\u00e9 \u00fa\u010dely","isPartOf":{"@id":"https:\/\/chemgramx.com\/#website"},"primaryImageOfPage":{"@id":"https:\/\/chemgramx.com\/product\/etizolam-2mg-online-kaufen\/#primaryimage"},"image":{"@id":"https:\/\/chemgramx.com\/product\/etizolam-2mg-online-kaufen\/#primaryimage"},"thumbnailUrl":"https:\/\/chemgramx.com\/wp-content\/uploads\/2025\/12\/etizulam2mg.png","datePublished":"2025-12-11T00:49:48+00:00","dateModified":"2025-12-11T01:04:30+00:00","description":"Prozkoumejte Etizolam 2 mg, vysoce \u00fa\u010dinnou chemickou slou\u010deninu pro anal\u00fdzu anxiolytick\u00fdch a sedativn\u00edch \u00fa\u010dink\u016f. Pouze pro v\u011bdeck\u00e9 studie.","breadcrumb":{"@id":"https:\/\/chemgramx.com\/product\/etizolam-2mg-online-kaufen\/#breadcrumb"},"inLanguage":"cs","potentialAction":[{"@type":"ReadAction","target":["https:\/\/chemgramx.com\/product\/etizolam-2mg-online-kaufen\/"]}]},{"@type":"ImageObject","inLanguage":"cs","@id":"https:\/\/chemgramx.com\/product\/etizolam-2mg-online-kaufen\/#primaryimage","url":"https:\/\/chemgramx.com\/wp-content\/uploads\/2025\/12\/etizulam2mg.png","contentUrl":"https:\/\/chemgramx.com\/wp-content\/uploads\/2025\/12\/etizulam2mg.png","width":600,"height":400},{"@type":"BreadcrumbList","@id":"https:\/\/chemgramx.com\/product\/etizolam-2mg-online-kaufen\/#breadcrumb","itemListElement":[{"@type":"ListItem","position":1,"name":"Home","item":"https:\/\/chemgramx.com\/"},{"@type":"ListItem","position":2,"name":"Shop","item":"https:\/\/chemgramx.com\/shop\/"},{"@type":"ListItem","position":3,"name":"Etizolam 2mg online kaufen"}]},{"@type":"WebSite","@id":"https:\/\/chemgramx.com\/#website","url":"https:\/\/chemgramx.com\/","name":"Chemgramx","description":"","publisher":{"@id":"https:\/\/chemgramx.com\/#organization"},"potentialAction":[{"@type":"SearchAction","target":{"@type":"EntryPoint","urlTemplate":"https:\/\/chemgramx.com\/?s={search_term_string}"},"query-input":{"@type":"PropertyValueSpecification","valueRequired":true,"valueName":"search_term_string"}}],"inLanguage":"cs"},{"@type":"Organization","@id":"https:\/\/chemgramx.com\/#organization","name":"Chemgramx","url":"https:\/\/chemgramx.com\/","logo":{"@type":"ImageObject","inLanguage":"cs","@id":"https:\/\/chemgramx.com\/#\/schema\/logo\/image\/","url":"https:\/\/chemgramx.com\/wp-content\/uploads\/2024\/10\/final-logo.png","contentUrl":"https:\/\/chemgramx.com\/wp-content\/uploads\/2024\/10\/final-logo.png","width":250,"height":48,"caption":"Chemgramx"},"image":{"@id":"https:\/\/chemgramx.com\/#\/schema\/logo\/image\/"}}]}},"_links":{"self":[{"href":"https:\/\/chemgramx.com\/cs\/wp-json\/wp\/v2\/product\/8734","targetHints":{"allow":["GET"]}}],"collection":[{"href":"https:\/\/chemgramx.com\/cs\/wp-json\/wp\/v2\/product"}],"about":[{"href":"https:\/\/chemgramx.com\/cs\/wp-json\/wp\/v2\/types\/product"}],"replies":[{"embeddable":true,"href":"https:\/\/chemgramx.com\/cs\/wp-json\/wp\/v2\/comments?post=8734"}],"wp:featuredmedia":[{"embeddable":true,"href":"https:\/\/chemgramx.com\/cs\/wp-json\/wp\/v2\/media\/8767"}],"wp:attachment":[{"href":"https:\/\/chemgramx.com\/cs\/wp-json\/wp\/v2\/media?parent=8734"}],"wp:term":[{"taxonomy":"product_brand","embeddable":true,"href":"https:\/\/chemgramx.com\/cs\/wp-json\/wp\/v2\/product_brand?post=8734"},{"taxonomy":"product_cat","embeddable":true,"href":"https:\/\/chemgramx.com\/cs\/wp-json\/wp\/v2\/product_cat?post=8734"},{"taxonomy":"product_tag","embeddable":true,"href":"https:\/\/chemgramx.com\/cs\/wp-json\/wp\/v2\/product_tag?post=8734"}],"curies":[{"name":"wp","href":"https:\/\/api.w.org\/{rel}","templated":true}]}}