{"id":8776,"date":"2025-12-11T01:04:42","date_gmt":"2025-12-11T01:04:42","guid":{"rendered":"https:\/\/chemgramx.com\/?post_type=product&#038;p=8776"},"modified":"2025-12-11T01:05:13","modified_gmt":"2025-12-11T01:05:13","slug":"ecpla-l-tartrate-online-order","status":"publish","type":"product","link":"https:\/\/chemgramx.com\/cs\/product\/ecpla-l-tartrate-online-bestellung\/","title":{"rendered":"ECPLA L-tartr\u00e1t Online objedn\u00e1vka"},"content":{"rendered":"<h2 data-start=\"182\" data-end=\"249\">Kupte si ECPLA L-tartar\u00e1t online \u2013 v\u00fdzkum nejvy\u0161\u0161\u00ed kvality<\/h2>\n<p data-start=\"267\" data-end=\"799\">Koupit ECPLA L-tartr\u00e1t online je ve v\u011bdeck\u00e9m v\u00fdzkumu st\u00e1le d\u016fle\u017eit\u011bj\u0161\u00ed. ECPLA L-tartr\u00e1t je nov\u00e1 psychedelick\u00e1 l\u00e1tka ze t\u0159\u00eddy lysergamid\u016f, vyvinut\u00e1 jako strukturn\u00ed analog LSD. D\u00edky podobn\u00e9 molekul\u00e1rn\u00ed struktu\u0159e a srovnateln\u00fdm vlastnostem <a href=\"https:\/\/chemgramx.com\/product\/ecpla-l-tartrate\/\">ECPLA L-tartr\u00e1t na prodej<\/a> Pou\u017e\u00edv\u00e1 se p\u0159edev\u0161\u00edm v laborato\u0159\u00edch. Je d\u016fle\u017eit\u00e9 si uv\u011bdomit, \u017ee tato l\u00e1tka nen\u00ed ur\u010dena k lidsk\u00e9 spot\u0159eb\u011b a m\u011bla by b\u00fdt pou\u017e\u00edv\u00e1na pouze v kontrolovan\u00e9m v\u00fdzkumn\u00e9m prost\u0159ed\u00ed.<\/p>\n<h3 data-start=\"801\" data-end=\"830\">ECPLA L-tartr\u00e1t<\/h3>\n<p data-start=\"831\" data-end=\"1240\"><a href=\"https:\/\/en.wikipedia.org\/wiki\/ECPLA\">ECPLA L-tartr\u00e1t<\/a> koupit online, zn\u00e1m\u00fd tak\u00e9 jako kyselina lysergov\u00e1 N-ethyl-N-cyklopropylamid hemi-L-tartr\u00e1t, je syntetick\u00fd deriv\u00e1t kyseliny lysergov\u00e9. Pat\u0159\u00ed do skupiny lysergamid\u016f a m\u00e1 strukturn\u00ed podobnost s LSD. Modifikace jeho struktury mohou ovlivnit jeho farmakologick\u00e9 vlastnosti. V\u011bdeck\u00e9 anal\u00fdzy tyto mechanismy intenzivn\u011b zkoumaj\u00ed.<\/p>\n<h3 data-start=\"1242\" data-end=\"1285\">Chemick\u00e1 klasifikace a srovn\u00e1n\u00ed s jin\u00fdmi stimulanty<\/h3>\n<p data-start=\"1286\" data-end=\"1694\">Ve srovn\u00e1n\u00ed s klasick\u00fdmi stimulanty, jako jsou amfetaminy, pat\u0159\u00ed ECPLA L-tartr\u00e1t do skupiny lysergamid\u016f. Tyto l\u00e1tky interaguj\u00ed p\u0159edev\u0161\u00edm se serotoninov\u00fdmi receptory v mozku, zejm\u00e9na s receptorem 5-HT2A. To m\u016f\u017ee v\u00e9st ke zm\u011bn\u00e1m vn\u00edm\u00e1n\u00ed. I kdy\u017e p\u0159esn\u00e9 \u00fa\u010dinky nejsou dosud pln\u011b zdokumentov\u00e1ny, z\u00e1jem o objedn\u00e1n\u00ed ECPLA L-tartr\u00e1tu pro v\u00fdzkum neust\u00e1le roste.<\/p>\n<h3 data-start=\"1696\" data-end=\"1741\">\u00da\u010dinky a p\u0159\u00ednosy ECPLA L-tartr\u00e1tu<\/h3>\n<p data-start=\"1742\" data-end=\"1853\">P\u0159edb\u011b\u017en\u00e9 zpr\u00e1vy ukazuj\u00ed, \u017ee L-tartar\u00e1t ECPLA m\u016f\u017ee v laboratorn\u00edch testech vyvolat \u00fa\u010dinky podobn\u00e9 LSD:<\/p>\n<ul data-start=\"1855\" data-end=\"1952\">\n<li data-start=\"1855\" data-end=\"1892\">\n<p data-start=\"1857\" data-end=\"1892\">zm\u011bn\u011bn\u00e9 vizu\u00e1ln\u00ed vn\u00edm\u00e1n\u00ed<\/p>\n<\/li>\n<li data-start=\"1893\" data-end=\"1927\">\n<p data-start=\"1895\" data-end=\"1927\">zv\u00fd\u0161en\u00e9 smyslov\u00e9 vn\u00edm\u00e1n\u00ed<\/p>\n<\/li>\n<li data-start=\"1928\" data-end=\"1952\">\n<p data-start=\"1930\" data-end=\"1952\">introspektivn\u00ed Muster<\/p>\n<\/li>\n<\/ul>\n<p data-start=\"1954\" data-end=\"2044\">Vzhledem k tomu, \u017ee neexistuj\u00ed \u00fapln\u00e9 klinick\u00e9 \u00fadaje, je bezpe\u010dn\u00e9 zach\u00e1zen\u00ed st\u00e1le kl\u00ed\u010dov\u00e9.<\/p>\n<h3 data-start=\"2046\" data-end=\"2086\">Doporu\u010den\u00e9 d\u00e1vkov\u00e1n\u00ed a manipulace<\/h3>\n<p data-start=\"2087\" data-end=\"2324\">D\u00e1vkov\u00e1n\u00ed ECPLA L-tartr\u00e1tu na prodej by m\u011blo b\u00fdt ur\u010deno pouze odborn\u00edky pro v\u00fdzkumn\u00e9 \u00fa\u010dely. Pr\u00e1\u0161ky a blotry jsou b\u011b\u017en\u00e9 formy. Je nutn\u00e9 profesion\u00e1ln\u00ed laboratorn\u00ed prost\u0159ed\u00ed a p\u0159esn\u00e9 metody m\u011b\u0159en\u00ed.<\/p>\n<h3 data-start=\"2326\" data-end=\"2348\">Trv\u00e1n\u00ed \u00fa\u010dink\u016f<\/h3>\n<p data-start=\"2349\" data-end=\"2537\">D\u00e9lka \u00fa\u010dink\u016f nen\u00ed komplexn\u011b zdokumentov\u00e1na. V\u011bdci nedoporu\u010duj\u00ed opakovan\u00e9 d\u00e1vkov\u00e1n\u00ed. M\u00edsto toho by ka\u017ed\u00e1 aplikace m\u011bla b\u00fdt jasn\u011b definov\u00e1na a p\u0159\u00edsn\u011b monitorov\u00e1na.<\/p>\n<h3 data-start=\"2539\" data-end=\"2580\">Pro\u010d nakupovat ECPLA L-tartar\u00e1t online?<\/h3>\n<p data-start=\"2581\" data-end=\"2631\">N\u00e1kup D-Tertylone online nab\u00edz\u00ed mnoho v\u00fdhod:<\/p>\n<ul data-start=\"2633\" data-end=\"2895\">\n<li data-start=\"2633\" data-end=\"2699\">\n<p data-start=\"2635\" data-end=\"2699\">Snadn\u00fd p\u0159\u00edstup k Kde koupit ECPLA L-Tartr\u00e1t po cel\u00e9m sv\u011bt\u011b<\/p>\n<\/li>\n<li data-start=\"2700\" data-end=\"2772\">\n<p data-start=\"2702\" data-end=\"2772\">Levn\u00e1 cena ECPLA L-tartr\u00e1tu ve srovn\u00e1n\u00ed s m\u00edstn\u00edmi zdroji<\/p>\n<\/li>\n<li data-start=\"2773\" data-end=\"2822\">\n<p data-start=\"2775\" data-end=\"2822\">Diskr\u00e9tn\u00ed balen\u00ed a spolehliv\u00e9 dod\u00e1n\u00ed<\/p>\n<\/li>\n<li data-start=\"2823\" data-end=\"2895\">\n<p data-start=\"2825\" data-end=\"2895\">Dostupnost od specializovan\u00fdch dodavatel\u016f, kte\u0159\u00ed mohou prok\u00e1zat \u010distotu<\/p>\n<\/li>\n<\/ul>\n<h3 data-start=\"2897\" data-end=\"2917\">Pr\u00e1vn\u00ed situace<\/h3>\n<p data-start=\"2918\" data-end=\"3152\">Pr\u00e1vn\u00ed situace se zna\u010dn\u011b li\u0161\u00ed. Zat\u00edmco v n\u011bkter\u00fdch zem\u00edch je pova\u017eov\u00e1n za kontrolovanou l\u00e1tku, v jin\u00fdch nen\u00ed jasn\u011b regulov\u00e1n. Ka\u017ed\u00fd, kdo si chce koupit ECPLA L-tartr\u00e1t online, by si m\u011bl p\u0159edem ov\u011b\u0159it m\u00edstn\u00ed z\u00e1kony.<\/p>\n<h3 data-start=\"3154\" data-end=\"3206\">Nejlep\u0161\u00ed m\u00edsta pro n\u00e1kup BMDP online<\/h3>\n<p data-start=\"3207\" data-end=\"3286\">Nejlep\u0161\u00ed m\u00edsto pro online n\u00e1kup ECPLA L-tartr\u00e1tu spl\u0148uje d\u016fle\u017eit\u00e1 krit\u00e9ria:<\/p>\n<ul data-start=\"3288\" data-end=\"3410\">\n<li data-start=\"3288\" data-end=\"3312\">Certifikovan\u00e9 laborato\u0159e<\/li>\n<li data-start=\"3313\" data-end=\"3353\">\n<p data-start=\"3315\" data-end=\"3353\">Transparentn\u00ed bezpe\u010dnostn\u00ed listy<\/p>\n<\/li>\n<li data-start=\"3354\" data-end=\"3379\">\n<p data-start=\"3356\" data-end=\"3379\">Prokazateln\u00e1 \u010distota<\/p>\n<\/li>\n<li data-start=\"3380\" data-end=\"3410\">\n<p data-start=\"3382\" data-end=\"3410\">Pozitivn\u00ed recenze z\u00e1kazn\u00edk\u016f<\/p>\n<\/li>\n<\/ul>\n<p data-start=\"3412\" data-end=\"3588\">Dodavatel\u00e9 v\u00fdzkumn\u00e9 chemie, jako je Biochemal nebo TeamChemists, poskytuj\u00ed ECPLA L-tartr\u00e1t k prodeji v analytick\u00e9 kvalit\u011b, v\u017edy v souladu s platn\u00fdmi pr\u00e1vn\u00edmi p\u0159edpisy.<\/p>\n<h2 data-start=\"3590\" data-end=\"3600\">Z\u00e1v\u011br<\/h2>\n<p data-start=\"3601\" data-end=\"3907\">N\u00e1kup ECPLA L-tartr\u00e1tu online ze spolehliv\u00e9ho v\u00fdzkumn\u00e9ho zdroje je nejlep\u0161\u00ed volbou pro v\u011bdce, kte\u0159\u00ed hledaj\u00ed \u010distotu, bezpe\u010dnost a spolehlivost. Pokud si chcete koupit ECPLA L-Tartr\u00e1t online, m\u011bli byste pou\u017e\u00edvat pouze d\u016fv\u011bryhodn\u00e9 zdroje, kter\u00e9 nab\u00edzej\u00ed transparentn\u00ed standardy kvality.<\/p>\n<p data-start=\"3909\" data-end=\"4089\">S renomovan\u00fdm dodavatelem si zajist\u00edte nejen nejlep\u0161\u00ed cenu ECPLA L-tartr\u00e1tu, ale tak\u00e9 jistotu, \u017ee v\u00e1\u0161 v\u00fdzkum je zalo\u017een na spolehliv\u00e9m materi\u00e1lu.<\/p>","protected":false},"excerpt":{"rendered":"<p><strong>ECPLA L-tartr\u00e1t<\/strong> je syntetick\u00e1 v\u00fdzkumn\u00e1 chemick\u00e1 l\u00e1tka z <strong>T\u0159\u00edda tryptamin\u016f<\/strong>kter\u00fd je \u010dasto zkoum\u00e1n pro sv\u00e9 potenci\u00e1ln\u00ed psychedelick\u00e9 \u00fa\u010dinky. Strukturn\u011b je p\u0159\u00edbuzn\u00fd s dal\u0161\u00edmi serotonergn\u00edmi slou\u010deninami a pravd\u011bpodobn\u011b interaguje s dal\u0161\u00edmi serotonergn\u00edmi slou\u010deninami. <strong>Serotoninov\u00e9 receptory<\/strong> v mozku, co\u017e m\u016f\u017ee v\u00e9st ke zm\u011bn\u011b smyslov\u00e9ho vn\u00edm\u00e1n\u00ed a emo\u010dn\u00edch pro\u017eitk\u016f. ECPLA L-tartr\u00e1t nen\u00ed povolen k lidsk\u00e9 spot\u0159eb\u011b a pou\u017e\u00edv\u00e1 se v\u00fdhradn\u011b v laboratorn\u00edm v\u00fdzkumu.<\/p>","protected":false},"featured_media":8794,"comment_status":"open","ping_status":"closed","template":"","meta":{"_joinchat":[]},"product_brand":[],"product_cat":[56],"product_tag":[2602,2597,2599,2596,2598,2601,2603,2600,2015],"class_list":{"0":"post-8776","1":"product","2":"type-product","3":"status-publish","4":"has-post-thumbnail","6":"product_cat-opioids","7":"product_tag-ecpla-chemikalien","8":"product_tag-ecpla-kaufen","9":"product_tag-ecpla-kristalle","10":"product_tag-ecpla-l-tartrat","11":"product_tag-ecpla-l-tartrate-kaufen","12":"product_tag-ecpla-online-kaufen","13":"product_tag-ecpla-preis","14":"product_tag-l-tartrate-kaufen","15":"product_tag-synthetische-drogen","17":"first","18":"instock","19":"shipping-taxable","20":"purchasable","21":"product-type-variable"},"yoast_head":"<!-- This site is optimized with the Yoast SEO plugin v27.5 - https:\/\/yoast.com\/product\/yoast-seo-wordpress\/ -->\n<title>ECPLA L-Tartrate Kaufen \u2013 H\u00f6chste Qualit\u00e4t | Chemgramx<\/title>\n<meta name=\"description\" content=\"Kaufen Sie ECPLA L-Tartrate Pulver online bei Chemgramx. Laborgepr\u00fcft, \u226599% Reinheit, schnelle Lieferung und faire Preise. Jetzt bestellen!\" \/>\n<meta name=\"robots\" content=\"index, follow, max-snippet:-1, max-image-preview:large, max-video-preview:-1\" \/>\n<link rel=\"canonical\" href=\"https:\/\/chemgramx.com\/cs\/produkt-1\/ecpla-l-tartrate-online-order\/\" \/>\n<meta property=\"og:locale\" content=\"cs_CZ\" \/>\n<meta property=\"og:type\" content=\"article\" \/>\n<meta property=\"og:title\" content=\"ECPLA L-Tartrate Kaufen \u2013 H\u00f6chste Qualit\u00e4t | Chemgramx\" \/>\n<meta property=\"og:description\" content=\"Kaufen Sie ECPLA L-Tartrate Pulver online bei Chemgramx. Laborgepr\u00fcft, \u226599% Reinheit, schnelle Lieferung und faire Preise. Jetzt bestellen!\" \/>\n<meta property=\"og:url\" content=\"https:\/\/chemgramx.com\/cs\/produkt-1\/ecpla-l-tartrate-online-order\/\" \/>\n<meta property=\"og:site_name\" content=\"Chemgramx\" \/>\n<meta property=\"article:modified_time\" content=\"2025-12-11T01:05:13+00:00\" \/>\n<meta property=\"og:image\" content=\"https:\/\/chemgramx.com\/wp-content\/uploads\/2025\/12\/Buy-ECPLA-L-tartrate-online.webp\" \/>\n\t<meta property=\"og:image:width\" content=\"800\" \/>\n\t<meta property=\"og:image:height\" content=\"600\" \/>\n\t<meta property=\"og:image:type\" content=\"image\/webp\" \/>\n<meta name=\"twitter:card\" content=\"summary_large_image\" \/>\n<meta name=\"twitter:label1\" content=\"Odhadovan\u00e1 doba \u010dten\u00ed\" \/>\n\t<meta name=\"twitter:data1\" content=\"3 minuty\" \/>\n<script type=\"application\/ld+json\" class=\"yoast-schema-graph\">{\"@context\":\"https:\\\/\\\/schema.org\",\"@graph\":[{\"@type\":\"WebPage\",\"@id\":\"https:\\\/\\\/chemgramx.com\\\/product\\\/ecpla-l-tartrate-online-bestellung\\\/\",\"url\":\"https:\\\/\\\/chemgramx.com\\\/product\\\/ecpla-l-tartrate-online-bestellung\\\/\",\"name\":\"ECPLA L-Tartrate Kaufen \u2013 H\u00f6chste Qualit\u00e4t | Chemgramx\",\"isPartOf\":{\"@id\":\"https:\\\/\\\/chemgramx.com\\\/#website\"},\"primaryImageOfPage\":{\"@id\":\"https:\\\/\\\/chemgramx.com\\\/product\\\/ecpla-l-tartrate-online-bestellung\\\/#primaryimage\"},\"image\":{\"@id\":\"https:\\\/\\\/chemgramx.com\\\/product\\\/ecpla-l-tartrate-online-bestellung\\\/#primaryimage\"},\"thumbnailUrl\":\"https:\\\/\\\/chemgramx.com\\\/wp-content\\\/uploads\\\/2025\\\/12\\\/Buy-ECPLA-L-tartrate-online.webp\",\"datePublished\":\"2025-12-11T01:04:42+00:00\",\"dateModified\":\"2025-12-11T01:05:13+00:00\",\"description\":\"Kaufen Sie ECPLA L-Tartrate Pulver online bei Chemgramx. Laborgepr\u00fcft, \u226599% Reinheit, schnelle Lieferung und faire Preise. Jetzt bestellen!\",\"breadcrumb\":{\"@id\":\"https:\\\/\\\/chemgramx.com\\\/product\\\/ecpla-l-tartrate-online-bestellung\\\/#breadcrumb\"},\"inLanguage\":\"cs\",\"potentialAction\":[{\"@type\":\"ReadAction\",\"target\":[\"https:\\\/\\\/chemgramx.com\\\/product\\\/ecpla-l-tartrate-online-bestellung\\\/\"]}]},{\"@type\":\"ImageObject\",\"inLanguage\":\"cs\",\"@id\":\"https:\\\/\\\/chemgramx.com\\\/product\\\/ecpla-l-tartrate-online-bestellung\\\/#primaryimage\",\"url\":\"https:\\\/\\\/chemgramx.com\\\/wp-content\\\/uploads\\\/2025\\\/12\\\/Buy-ECPLA-L-tartrate-online.webp\",\"contentUrl\":\"https:\\\/\\\/chemgramx.com\\\/wp-content\\\/uploads\\\/2025\\\/12\\\/Buy-ECPLA-L-tartrate-online.webp\",\"width\":800,\"height\":600},{\"@type\":\"BreadcrumbList\",\"@id\":\"https:\\\/\\\/chemgramx.com\\\/product\\\/ecpla-l-tartrate-online-bestellung\\\/#breadcrumb\",\"itemListElement\":[{\"@type\":\"ListItem\",\"position\":1,\"name\":\"Home\",\"item\":\"https:\\\/\\\/chemgramx.com\\\/\"},{\"@type\":\"ListItem\",\"position\":2,\"name\":\"Shop\",\"item\":\"https:\\\/\\\/chemgramx.com\\\/shop\\\/\"},{\"@type\":\"ListItem\",\"position\":3,\"name\":\"ECPLA L-Tartrate Online Bestellung\"}]},{\"@type\":\"WebSite\",\"@id\":\"https:\\\/\\\/chemgramx.com\\\/#website\",\"url\":\"https:\\\/\\\/chemgramx.com\\\/\",\"name\":\"Chemgramx\",\"description\":\"\",\"publisher\":{\"@id\":\"https:\\\/\\\/chemgramx.com\\\/#organization\"},\"potentialAction\":[{\"@type\":\"SearchAction\",\"target\":{\"@type\":\"EntryPoint\",\"urlTemplate\":\"https:\\\/\\\/chemgramx.com\\\/?s={search_term_string}\"},\"query-input\":{\"@type\":\"PropertyValueSpecification\",\"valueRequired\":true,\"valueName\":\"search_term_string\"}}],\"inLanguage\":\"cs\"},{\"@type\":\"Organization\",\"@id\":\"https:\\\/\\\/chemgramx.com\\\/#organization\",\"name\":\"Chemgramx\",\"url\":\"https:\\\/\\\/chemgramx.com\\\/\",\"logo\":{\"@type\":\"ImageObject\",\"inLanguage\":\"cs\",\"@id\":\"https:\\\/\\\/chemgramx.com\\\/#\\\/schema\\\/logo\\\/image\\\/\",\"url\":\"https:\\\/\\\/chemgramx.com\\\/wp-content\\\/uploads\\\/2024\\\/10\\\/final-logo.png\",\"contentUrl\":\"https:\\\/\\\/chemgramx.com\\\/wp-content\\\/uploads\\\/2024\\\/10\\\/final-logo.png\",\"width\":250,\"height\":48,\"caption\":\"Chemgramx\"},\"image\":{\"@id\":\"https:\\\/\\\/chemgramx.com\\\/#\\\/schema\\\/logo\\\/image\\\/\"}}]}<\/script>\n<!-- \/ Yoast SEO plugin. -->","yoast_head_json":{"title":"Kupte si ECPLA L-tartar\u00e1t \u2013 nejvy\u0161\u0161\u00ed kvalita | Chemgramx","description":"Kupte si pr\u00e1\u0161ek ECPLA L-tartar\u00e1t online na Chemgramx. Laboratorn\u011b testov\u00e1no, \u010distota \u226599%, rychl\u00e9 dod\u00e1n\u00ed a f\u00e9rov\u00e9 \u200b\u200bceny. Objednejte si hned!","robots":{"index":"index","follow":"follow","max-snippet":"max-snippet:-1","max-image-preview":"max-image-preview:large","max-video-preview":"max-video-preview:-1"},"canonical":"https:\/\/chemgramx.com\/cs\/produkt-1\/ecpla-l-tartrate-online-order\/","og_locale":"cs_CZ","og_type":"article","og_title":"ECPLA L-Tartrate Kaufen \u2013 H\u00f6chste Qualit\u00e4t | Chemgramx","og_description":"Kaufen Sie ECPLA L-Tartrate Pulver online bei Chemgramx. Laborgepr\u00fcft, \u226599% Reinheit, schnelle Lieferung und faire Preise. Jetzt bestellen!","og_url":"https:\/\/chemgramx.com\/cs\/produkt-1\/ecpla-l-tartrate-online-order\/","og_site_name":"Chemgramx","article_modified_time":"2025-12-11T01:05:13+00:00","og_image":[{"width":800,"height":600,"url":"https:\/\/chemgramx.com\/wp-content\/uploads\/2025\/12\/Buy-ECPLA-L-tartrate-online.webp","type":"image\/webp"}],"twitter_card":"summary_large_image","twitter_misc":{"Odhadovan\u00e1 doba \u010dten\u00ed":"3 minuty"},"schema":{"@context":"https:\/\/schema.org","@graph":[{"@type":"WebPage","@id":"https:\/\/chemgramx.com\/product\/ecpla-l-tartrate-online-bestellung\/","url":"https:\/\/chemgramx.com\/product\/ecpla-l-tartrate-online-bestellung\/","name":"Kupte si ECPLA L-tartar\u00e1t \u2013 nejvy\u0161\u0161\u00ed kvalita | Chemgramx","isPartOf":{"@id":"https:\/\/chemgramx.com\/#website"},"primaryImageOfPage":{"@id":"https:\/\/chemgramx.com\/product\/ecpla-l-tartrate-online-bestellung\/#primaryimage"},"image":{"@id":"https:\/\/chemgramx.com\/product\/ecpla-l-tartrate-online-bestellung\/#primaryimage"},"thumbnailUrl":"https:\/\/chemgramx.com\/wp-content\/uploads\/2025\/12\/Buy-ECPLA-L-tartrate-online.webp","datePublished":"2025-12-11T01:04:42+00:00","dateModified":"2025-12-11T01:05:13+00:00","description":"Kupte si pr\u00e1\u0161ek ECPLA L-tartar\u00e1t online na Chemgramx. Laboratorn\u011b testov\u00e1no, \u010distota \u226599%, rychl\u00e9 dod\u00e1n\u00ed a f\u00e9rov\u00e9 \u200b\u200bceny. Objednejte si hned!","breadcrumb":{"@id":"https:\/\/chemgramx.com\/product\/ecpla-l-tartrate-online-bestellung\/#breadcrumb"},"inLanguage":"cs","potentialAction":[{"@type":"ReadAction","target":["https:\/\/chemgramx.com\/product\/ecpla-l-tartrate-online-bestellung\/"]}]},{"@type":"ImageObject","inLanguage":"cs","@id":"https:\/\/chemgramx.com\/product\/ecpla-l-tartrate-online-bestellung\/#primaryimage","url":"https:\/\/chemgramx.com\/wp-content\/uploads\/2025\/12\/Buy-ECPLA-L-tartrate-online.webp","contentUrl":"https:\/\/chemgramx.com\/wp-content\/uploads\/2025\/12\/Buy-ECPLA-L-tartrate-online.webp","width":800,"height":600},{"@type":"BreadcrumbList","@id":"https:\/\/chemgramx.com\/product\/ecpla-l-tartrate-online-bestellung\/#breadcrumb","itemListElement":[{"@type":"ListItem","position":1,"name":"Home","item":"https:\/\/chemgramx.com\/"},{"@type":"ListItem","position":2,"name":"Shop","item":"https:\/\/chemgramx.com\/shop\/"},{"@type":"ListItem","position":3,"name":"ECPLA L-Tartrate Online Bestellung"}]},{"@type":"WebSite","@id":"https:\/\/chemgramx.com\/#website","url":"https:\/\/chemgramx.com\/","name":"Chemgramx","description":"","publisher":{"@id":"https:\/\/chemgramx.com\/#organization"},"potentialAction":[{"@type":"SearchAction","target":{"@type":"EntryPoint","urlTemplate":"https:\/\/chemgramx.com\/?s={search_term_string}"},"query-input":{"@type":"PropertyValueSpecification","valueRequired":true,"valueName":"search_term_string"}}],"inLanguage":"cs"},{"@type":"Organization","@id":"https:\/\/chemgramx.com\/#organization","name":"Chemgramx","url":"https:\/\/chemgramx.com\/","logo":{"@type":"ImageObject","inLanguage":"cs","@id":"https:\/\/chemgramx.com\/#\/schema\/logo\/image\/","url":"https:\/\/chemgramx.com\/wp-content\/uploads\/2024\/10\/final-logo.png","contentUrl":"https:\/\/chemgramx.com\/wp-content\/uploads\/2024\/10\/final-logo.png","width":250,"height":48,"caption":"Chemgramx"},"image":{"@id":"https:\/\/chemgramx.com\/#\/schema\/logo\/image\/"}}]}},"_links":{"self":[{"href":"https:\/\/chemgramx.com\/cs\/wp-json\/wp\/v2\/product\/8776","targetHints":{"allow":["GET"]}}],"collection":[{"href":"https:\/\/chemgramx.com\/cs\/wp-json\/wp\/v2\/product"}],"about":[{"href":"https:\/\/chemgramx.com\/cs\/wp-json\/wp\/v2\/types\/product"}],"replies":[{"embeddable":true,"href":"https:\/\/chemgramx.com\/cs\/wp-json\/wp\/v2\/comments?post=8776"}],"wp:featuredmedia":[{"embeddable":true,"href":"https:\/\/chemgramx.com\/cs\/wp-json\/wp\/v2\/media\/8794"}],"wp:attachment":[{"href":"https:\/\/chemgramx.com\/cs\/wp-json\/wp\/v2\/media?parent=8776"}],"wp:term":[{"taxonomy":"product_brand","embeddable":true,"href":"https:\/\/chemgramx.com\/cs\/wp-json\/wp\/v2\/product_brand?post=8776"},{"taxonomy":"product_cat","embeddable":true,"href":"https:\/\/chemgramx.com\/cs\/wp-json\/wp\/v2\/product_cat?post=8776"},{"taxonomy":"product_tag","embeddable":true,"href":"https:\/\/chemgramx.com\/cs\/wp-json\/wp\/v2\/product_tag?post=8776"}],"curies":[{"name":"wp","href":"https:\/\/api.w.org\/{rel}","templated":true}]}}