{"id":8783,"date":"2025-12-11T01:04:46","date_gmt":"2025-12-11T01:04:46","guid":{"rendered":"https:\/\/chemgramx.com\/?post_type=product&#038;p=8783"},"modified":"2025-12-11T01:06:00","modified_gmt":"2025-12-11T01:06:00","slug":"koupit-anonymni-180mg-mdma-online","status":"publish","type":"product","link":"https:\/\/chemgramx.com\/cs\/product\/anonymous-180mg-mdma-online-kaufen\/","title":{"rendered":"Anonymn\u00ed 180mg MDMA koupit online"},"content":{"rendered":"<h2 data-start=\"160\" data-end=\"198\">Anonymn\u00ed 180mg MDMA<\/h2>\n<h2 data-start=\"200\" data-end=\"218\">Co je MDMA?<\/h2>\n<p data-start=\"219\" data-end=\"712\"><a href=\"https:\/\/chemgramx.com\/product\/anonymes-180-mg-mdma\/\">Anonymn\u00ed 180mg MDMA koupit online<\/a> je \u010dast\u00fd vyhled\u00e1vac\u00ed dotaz mezi zainteresovan\u00fdmi u\u017eivateli hledaj\u00edc\u00edmi vysoce kvalitn\u00ed a ov\u011b\u0159en\u00e9 zdroje. MDMA (3,4-methylendioxy-N-methylamphetamine) je psychoaktivn\u00ed l\u00e1tka zn\u00e1m\u00e1 sv\u00fdmi euforick\u00fdmi a empatogenn\u00edmi \u00fa\u010dinky. V rekrea\u010dn\u00edm kontextu je l\u00e9pe zn\u00e1m\u00e1 jako \u201eext\u00e1ze\u201c nebo \u201emolly\u201c. Produkty jako Anonymous 180mg MDMA na prodej jsou obzvl\u00e1\u0161t\u011b obl\u00edben\u00e9 mezi spot\u0159ebiteli, kte\u0159\u00ed si cen\u00ed jasnosti d\u00e1vkov\u00e1n\u00ed.<\/p>\n<h3 data-start=\"714\" data-end=\"786\">Pro\u010d diskutovat o MDMA v kontextu bezpe\u010dnostn\u00ed a protidrogov\u00e9 politiky?<\/h3>\n<p data-start=\"787\" data-end=\"1153\">O MDMA je velk\u00fd z\u00e1jem ve\u0159ejnosti, zejm\u00e9na v oblasti rekrea\u010dn\u00edho u\u017e\u00edv\u00e1n\u00ed. Roste tak\u00e9 v\u011bdeck\u00fd z\u00e1jem o l\u00e9ka\u0159sk\u00e9 vyu\u017eit\u00ed, zejm\u00e9na o l\u00e9\u010dbu posttraumatick\u00e9 stresov\u00e9 poruchy (PTSD). Mnoho lid\u00ed se tak\u00e9 zaj\u00edm\u00e1 o to, kde bezpe\u010dn\u011b a spolehliv\u011b koupit anonymn\u00ed 180 mg MDMA, ani\u017e by riskovali.<\/p>\n<h3 data-start=\"1155\" data-end=\"1186\">Chemick\u00fd profil MDMA<\/h3>\n<p data-start=\"1187\" data-end=\"1248\">Chemick\u00fd n\u00e1zev:<\/p>\n<p data-start=\"1187\" data-end=\"1248\">3,4-methylendioxy-N-methylamfetamin<\/p>\n<p data-start=\"1250\" data-end=\"1284\"><strong data-start=\"1250\" data-end=\"1282\">Struktura a klasifikace:<\/strong><\/p>\n<ul data-start=\"1285\" data-end=\"1419\">\n<li data-start=\"1285\" data-end=\"1336\">\n<p data-start=\"1287\" data-end=\"1336\">Pat\u0159\u00ed do skupiny fenetylamin\u016f a amfetamin\u016f<\/p>\n<\/li>\n<li data-start=\"1337\" data-end=\"1419\">\n<p data-start=\"1339\" data-end=\"1419\">Vykazuje struktur\u00e1ln\u00ed podobnosti se stimulancii i psychedeliky.<\/p>\n<\/li>\n<\/ul>\n<p data-start=\"1421\" data-end=\"1454\"><strong data-start=\"1421\" data-end=\"1452\">Farmakologick\u00e1 aktivita:<\/strong><\/p>\n<ul data-start=\"1455\" data-end=\"1612\">\n<li data-start=\"1455\" data-end=\"1522\">\n<p data-start=\"1457\" data-end=\"1522\">Podporuje uvol\u0148ov\u00e1n\u00ed serotoninu, dopaminu a noradrenalinu.<\/p>\n<\/li>\n<li data-start=\"1523\" data-end=\"1612\">\n<p data-start=\"1525\" data-end=\"1612\">Vede k intenzivn\u00edm pocit\u016fm propojen\u00ed, zv\u00fd\u0161en\u00e9ho v\u011bdom\u00ed a euforie.<\/p>\n<\/li>\n<\/ul>\n<p data-start=\"1614\" data-end=\"1731\">Kupuj\u00edc\u00ed, kte\u0159\u00ed si cht\u011bj\u00ed koupit anonymn\u00ed 180mg MDMA online, by m\u011bli v\u017edy v\u011bnovat pozornost \u010distot\u011b a slo\u017een\u00ed.<\/p>\n<h3 data-start=\"1733\" data-end=\"1790\">Pou\u017eit\u00ed a zneu\u017eit\u00ed v r\u016fzn\u00fdch kontextech<\/h3>\n<p data-start=\"1792\" data-end=\"2097\"><strong data-start=\"1792\" data-end=\"1811\">Rekrea\u010dn\u00ed spot\u0159eba:<\/strong><br data-start=\"1811\" data-end=\"1814\" \/>\u010casto se pou\u017e\u00edv\u00e1 na klubov\u00fdch akc\u00edch, ve\u010d\u00edrc\u00edch nebo hudebn\u00edch festivalech. D\u00e1vka 180 mg je pova\u017eov\u00e1na za vysokou - obvykl\u00e9 d\u00e1vky se pohybuj\u00ed mezi 75 a 125 mg. Pokud si chcete koupit anonymn\u00ed 180 mg MDMA nebo objednat anonymn\u00ed 180 mg MDMA, m\u011bli byste v\u017edy dodr\u017eovat doporu\u010den\u00ed pro d\u00e1vkov\u00e1n\u00ed.<\/p>\n<p data-start=\"2099\" data-end=\"2288\"><strong data-start=\"2099\" data-end=\"2123\">Klinick\u00fd v\u00fdzkum:<\/strong><br data-start=\"2123\" data-end=\"2126\" \/>V sou\u010dasn\u00e9 dob\u011b je zkoum\u00e1n organizacemi jako MAPS (Multidisciplinary Association for Psychedelic Studies) jako l\u00e9\u010dba PTSD nebo \u00fazkostn\u00fdch poruch.<\/p>\n<p data-start=\"2290\" data-end=\"2504\"><strong data-start=\"2290\" data-end=\"2323\">\u017d\u00e1dn\u00e9 pr\u016fmyslov\u00e9 pou\u017eit\u00ed:<\/strong><br data-start=\"2323\" data-end=\"2326\" \/>MDMA nem\u00e1 leg\u00e1ln\u00ed pr\u016fmyslov\u00e9 vyu\u017eit\u00ed. Jeho zneu\u017e\u00edv\u00e1n\u00ed zahrnuje neleg\u00e1ln\u00ed online obchod a zav\u00e1d\u011bj\u00edc\u00ed ozna\u010dov\u00e1n\u00ed jako \u00fadajn\u011b pr\u016fmyslov\u00e1 l\u00e1tka.<\/p>\n<h3 data-start=\"2506\" data-end=\"2555\">Pro\u010d 180 mg? Pohled na trendy v d\u00e1vkov\u00e1n\u00ed<\/h3>\n<ul data-start=\"2556\" data-end=\"2922\">\n<li data-start=\"2556\" data-end=\"2693\">\n<p data-start=\"2558\" data-end=\"2693\">N\u011bkte\u0159\u00ed u\u017eivatel\u00e9 se domn\u00edvaj\u00ed, \u017ee vy\u0161\u0161\u00ed d\u00e1vky maj\u00ed intenzivn\u011bj\u0161\u00ed nebo d\u00e9letrvaj\u00edc\u00ed \u00fa\u010dinky \u2013 ale to s sebou nese v\u011bt\u0161\u00ed rizika.<\/p>\n<\/li>\n<li data-start=\"2694\" data-end=\"2810\">\n<p data-start=\"2696\" data-end=\"2810\">D\u00e1vky nad 180 mg mohou zv\u00fd\u0161it riziko serotoninov\u00e9ho syndromu, hypertermie, \u00fazkosti a dehydratace.<\/p>\n<\/li>\n<li data-start=\"2811\" data-end=\"2922\">\n<p data-start=\"2813\" data-end=\"2922\">Odborn\u00edci doporu\u010duj\u00ed za\u010d\u00edt s ni\u017e\u0161\u00edmi d\u00e1vkami, zejm\u00e9na pokud nen\u00ed zn\u00e1ma \u010distota produktu.<\/p>\n<\/li>\n<\/ul>\n<p data-start=\"2924\" data-end=\"3043\">Tato rada plat\u00ed zejm\u00e9na pro kupuj\u00edc\u00ed, kte\u0159\u00ed hledaj\u00ed nejlep\u0161\u00ed m\u00edsto, kde koupit Anonymous 180 mg MDMA online.<\/p>\n<h3 data-start=\"3045\" data-end=\"3083\">Rizika n\u00e1kupu MDMA online<\/h3>\n<p data-start=\"3084\" data-end=\"3292\"><strong data-start=\"3084\" data-end=\"3112\">Neregulovan\u00e9 l\u00e1tky:<\/strong><br data-start=\"3112\" data-end=\"3115\" \/>Produkty zakoupen\u00e9 online, jako je nap\u0159\u00edklad anonymn\u00ed 180 mg MDMA na prodej, mohou b\u00fdt kontaminov\u00e1ny nebezpe\u010dn\u00fdmi p\u0159\u00edsadami, nap\u0159. syntetick\u00fdmi katinony (\u201ekoupelov\u00e9 soli\u201c) nebo PMA.<\/p>\n<p data-start=\"3294\" data-end=\"3424\"><strong data-start=\"3294\" data-end=\"3323\">\u017d\u00e1dn\u00e1 kontrola kvality:<\/strong><br data-start=\"3323\" data-end=\"3326\" \/>\u010cistota a d\u00e1vkov\u00e1n\u00ed nejsou zaru\u010deny \u2013 zvy\u0161uje se riziko z\u00e1va\u017en\u00fdch ne\u017e\u00e1douc\u00edch \u00fa\u010dink\u016f.<\/p>\n<p data-start=\"3426\" data-end=\"3664\"><strong data-start=\"3426\" data-end=\"3454\">Pr\u00e1vn\u00ed d\u016fsledky:<\/strong><br data-start=\"3454\" data-end=\"3457\" \/>Vlastnictv\u00ed nebo koup\u011b <a href=\"https:\/\/en.wikipedia.org\/wiki\/MDMA\">MDMA<\/a> je v mnoha zem\u00edch trestn\u00fdm \u010dinem. Kupuj\u00edc\u00ed, kte\u0159\u00ed si cht\u011bj\u00ed anonymn\u011b koupit 180mg MDMA online z d\u016fv\u011bryhodn\u00e9ho zdroje, by se proto m\u011bli informovat o m\u00edstn\u00ed pr\u00e1vn\u00ed situaci.<\/p>\n<h3 data-start=\"3666\" data-end=\"3716\">Sni\u017eov\u00e1n\u00ed \u0161kod a bezpe\u010dn\u011bj\u0161\u00ed konzuma\u010dn\u00ed praktiky<\/h3>\n<ul data-start=\"3717\" data-end=\"4211\">\n<li data-start=\"3717\" data-end=\"3845\">\n<p data-start=\"3719\" data-end=\"3845\"><strong data-start=\"3719\" data-end=\"3739\">Testov\u00e1n\u00ed l\u00e1tek:<\/strong> W celu potwierdzenia czysto\u015bci mo\u017cna zastosowa\u0107 testy odczynnikowe (np. test Marquisa, test Ehrlicha).<\/p>\n<\/li>\n<li data-start=\"3846\" data-end=\"3953\">\n<p data-start=\"3848\" data-end=\"3953\"><strong data-start=\"3848\" data-end=\"3884\">Hydratace a regulace teploty:<\/strong> Pijte hodn\u011b vody, ale vyvarujte se nadm\u011brn\u00e9 hydratace.<\/p>\n<\/li>\n<li data-start=\"3954\" data-end=\"4061\">\n<p data-start=\"3956\" data-end=\"4061\"><strong data-start=\"3956\" data-end=\"3988\">\u017d\u00e1dn\u00e1 sm\u00ed\u0161en\u00e1 spot\u0159eba:<\/strong> Kombinace s alkoholem nebo stimulanty riziko v\u00fdrazn\u011b zvy\u0161uje.<\/p>\n<\/li>\n<li data-start=\"4062\" data-end=\"4211\">\n<p data-start=\"4064\" data-end=\"4211\"><strong data-start=\"4064\" data-end=\"4099\">V\u011bnujte pozornost du\u0161evn\u00edmu zdrav\u00ed:<\/strong> Lid\u00e9 s \u00fazkostn\u00fdmi poruchami, depres\u00ed nebo kardiovaskul\u00e1rn\u00edmi onemocn\u011bn\u00edmi by se m\u011bli konzumaci zdr\u017eet.<\/p>\n<\/li>\n<\/ul>\n<h3>Ve\u0159ejn\u00e9 zdrav\u00ed a politika<\/h3>\n<ul data-start=\"4253\" data-end=\"4683\">\n<li data-start=\"4253\" data-end=\"4357\">\n<p data-start=\"4255\" data-end=\"4357\"><strong data-start=\"4255\" data-end=\"4283\">Prosba o osv\u00edcen\u00ed:<\/strong> V\u00fdchova k drog\u00e1m zalo\u017een\u00e1 na d\u016fkazech je \u00fa\u010dinn\u011bj\u0161\u00ed ne\u017e pouh\u00e9 odstra\u0161ov\u00e1n\u00ed.<\/p>\n<\/li>\n<li data-start=\"4358\" data-end=\"4514\">\n<p data-start=\"4360\" data-end=\"4514\"><strong data-start=\"4360\" data-end=\"4410\">Sm\u011b\u0159ov\u00e1n\u00ed k legalizaci v terapeutick\u00e9m kontextu:<\/strong> Studie psychoterapie s pomoc\u00ed MDMA ukazuj\u00ed slibn\u00e9 v\u00fdsledky, zejm\u00e9na u PTSD.<\/p>\n<\/li>\n<li data-start=\"4515\" data-end=\"4683\">\n<p data-start=\"4517\" data-end=\"4683\"><strong data-start=\"4517\" data-end=\"4556\">Pro vyv\u00e1\u017eenou protidrogovou politiku:<\/strong> Dekriminalizace, regulace a vzd\u011bl\u00e1vac\u00ed programy pom\u00e1haj\u00ed sni\u017eovat zneu\u017e\u00edv\u00e1n\u00ed a zdravotn\u00ed rizika.<\/p>\n<\/li>\n<\/ul>\n<h3 data-start=\"4685\" data-end=\"4695\">Z\u00e1v\u011br<\/h3>\n<p data-start=\"4696\" data-end=\"5081\">Pokud si chcete koupit Anonymn\u00ed 180mg MDMA online, m\u011bli byste p\u0159ikl\u00e1dat d\u016fle\u017eitost ov\u011b\u0159en\u00fdm zdroj\u016fm a bezpe\u010dnosti. Cena Anonymn\u00ed 180mg MDMA se m\u016f\u017ee li\u0161it v z\u00e1vislosti na dodavateli, proto se vyplat\u00ed porovnat r\u016fzn\u00e9 mo\u017enosti. Je d\u016fle\u017eit\u00e9, aby si kupuj\u00edc\u00ed vybrali nejlep\u0161\u00ed m\u00edsto pro n\u00e1kup Anonymous 180mg MDMA online, aby se vyhnuli riziku pad\u011bl\u00e1n\u00ed a pr\u00e1vn\u00edm probl\u00e9m\u016fm.<\/p>\n<p data-start=\"5083\" data-end=\"5272\">A\u0165 u\u017e chcete prodat Anonymous 180mg MDMA nebo objednat Anonymous 180mg MDMA, prioritou by v\u017edy m\u011bla b\u00fdt bezpe\u010dnost, \u010distota a informovan\u00e9 rozhodnut\u00ed.<\/p>","protected":false},"excerpt":{"rendered":"<p>Anonymn\u00ed <strong>180 mg MDMA<\/strong> poskytuje \u010distotu a s\u00edlu v ka\u017ed\u00e9 d\u00e1vce. Tyto tablety jsou pe\u010dliv\u011b sestaveny pro dlouhodob\u00fd \u00fa\u010dinek, zlep\u0161en\u00ed n\u00e1lady a energie, ide\u00e1ln\u00ed pro spole\u010densk\u00e9 ud\u00e1losti nebo osobn\u00ed relaxaci. Ka\u017ed\u00e1 \u0161ar\u017ee proch\u00e1z\u00ed p\u0159\u00edsn\u00fdm testov\u00e1n\u00edm kvality, aby byla zaji\u0161t\u011bna bezpe\u010dnost a spolehlivost p\u0159i ka\u017ed\u00e9m pou\u017eit\u00ed.<\/p>","protected":false},"featured_media":8795,"comment_status":"open","ping_status":"closed","template":"","meta":{"_joinchat":[]},"product_brand":[],"product_cat":[2846],"product_tag":[1782,1790,1780,1787,1781,1789,1788,1785,1786,1783,1784],"class_list":{"0":"post-8783","1":"product","2":"type-product","3":"status-publish","4":"has-post-thumbnail","6":"product_cat-ecstasy-pills","7":"product_tag-180mg-mdma-for-sale","8":"product_tag-180mg-mdma-pills","9":"product_tag-anonymous-180mg-mdma","10":"product_tag-anonymous-mdma-tablets","11":"product_tag-buy-anonymous-mdma","12":"product_tag-buy-mdma-online","13":"product_tag-mdma-chemical","14":"product_tag-mdma-online","15":"product_tag-mdma-pills","16":"product_tag-mdma-tablets","17":"product_tag-research-chemicals","19":"first","20":"instock","21":"shipping-taxable","22":"purchasable","23":"product-type-variable"},"yoast_head":"<!-- This site is optimized with the Yoast SEO plugin v27.5 - https:\/\/yoast.com\/product\/yoast-seo-wordpress\/ -->\n<title>Anonymes 180 mg MDMA zu verkaufen | Chemgramx<\/title>\n<meta name=\"description\" content=\"Unser Shop hat anonymes 180 mg MDMA zu erschwinglichen Preisen zu verkaufen. Wenn Sie anonymes 180 mg MDMA online kaufen m\u00f6chten, kontaktieren Sie uns jetzt. Erwarten Sie die Bestellung bald!\" \/>\n<meta name=\"robots\" content=\"index, follow, max-snippet:-1, max-image-preview:large, max-video-preview:-1\" \/>\n<link rel=\"canonical\" href=\"https:\/\/chemgramx.com\/cs\/produkt-1\/koupit-anonymni-180mg-mdma-online\/\" \/>\n<meta property=\"og:locale\" content=\"cs_CZ\" \/>\n<meta property=\"og:type\" content=\"article\" \/>\n<meta property=\"og:title\" content=\"Anonymes 180 mg MDMA zu verkaufen | Chemgramx\" \/>\n<meta property=\"og:description\" content=\"Unser Shop hat anonymes 180 mg MDMA zu erschwinglichen Preisen zu verkaufen. Wenn Sie anonymes 180 mg MDMA online kaufen m\u00f6chten, kontaktieren Sie uns jetzt. Erwarten Sie die Bestellung bald!\" \/>\n<meta property=\"og:url\" content=\"https:\/\/chemgramx.com\/cs\/produkt-1\/koupit-anonymni-180mg-mdma-online\/\" \/>\n<meta property=\"og:site_name\" content=\"Chemgramx\" \/>\n<meta property=\"article:modified_time\" content=\"2025-12-11T01:06:00+00:00\" \/>\n<meta property=\"og:image\" content=\"https:\/\/chemgramx.com\/wp-content\/uploads\/2025\/12\/p2.png\" \/>\n\t<meta property=\"og:image:width\" content=\"600\" \/>\n\t<meta property=\"og:image:height\" content=\"400\" \/>\n\t<meta property=\"og:image:type\" content=\"image\/png\" \/>\n<meta name=\"twitter:card\" content=\"summary_large_image\" \/>\n<meta name=\"twitter:label1\" content=\"Odhadovan\u00e1 doba \u010dten\u00ed\" \/>\n\t<meta name=\"twitter:data1\" content=\"3 minuty\" \/>\n<script type=\"application\/ld+json\" class=\"yoast-schema-graph\">{\"@context\":\"https:\\\/\\\/schema.org\",\"@graph\":[{\"@type\":\"WebPage\",\"@id\":\"https:\\\/\\\/chemgramx.com\\\/product\\\/anonymous-180mg-mdma-online-kaufen\\\/\",\"url\":\"https:\\\/\\\/chemgramx.com\\\/product\\\/anonymous-180mg-mdma-online-kaufen\\\/\",\"name\":\"Anonymes 180 mg MDMA zu verkaufen | Chemgramx\",\"isPartOf\":{\"@id\":\"https:\\\/\\\/chemgramx.com\\\/#website\"},\"primaryImageOfPage\":{\"@id\":\"https:\\\/\\\/chemgramx.com\\\/product\\\/anonymous-180mg-mdma-online-kaufen\\\/#primaryimage\"},\"image\":{\"@id\":\"https:\\\/\\\/chemgramx.com\\\/product\\\/anonymous-180mg-mdma-online-kaufen\\\/#primaryimage\"},\"thumbnailUrl\":\"https:\\\/\\\/chemgramx.com\\\/wp-content\\\/uploads\\\/2025\\\/12\\\/p2.png\",\"datePublished\":\"2025-12-11T01:04:46+00:00\",\"dateModified\":\"2025-12-11T01:06:00+00:00\",\"description\":\"Unser Shop hat anonymes 180 mg MDMA zu erschwinglichen Preisen zu verkaufen. Wenn Sie anonymes 180 mg MDMA online kaufen m\u00f6chten, kontaktieren Sie uns jetzt. Erwarten Sie die Bestellung bald!\",\"breadcrumb\":{\"@id\":\"https:\\\/\\\/chemgramx.com\\\/product\\\/anonymous-180mg-mdma-online-kaufen\\\/#breadcrumb\"},\"inLanguage\":\"cs\",\"potentialAction\":[{\"@type\":\"ReadAction\",\"target\":[\"https:\\\/\\\/chemgramx.com\\\/product\\\/anonymous-180mg-mdma-online-kaufen\\\/\"]}]},{\"@type\":\"ImageObject\",\"inLanguage\":\"cs\",\"@id\":\"https:\\\/\\\/chemgramx.com\\\/product\\\/anonymous-180mg-mdma-online-kaufen\\\/#primaryimage\",\"url\":\"https:\\\/\\\/chemgramx.com\\\/wp-content\\\/uploads\\\/2025\\\/12\\\/p2.png\",\"contentUrl\":\"https:\\\/\\\/chemgramx.com\\\/wp-content\\\/uploads\\\/2025\\\/12\\\/p2.png\",\"width\":600,\"height\":400},{\"@type\":\"BreadcrumbList\",\"@id\":\"https:\\\/\\\/chemgramx.com\\\/product\\\/anonymous-180mg-mdma-online-kaufen\\\/#breadcrumb\",\"itemListElement\":[{\"@type\":\"ListItem\",\"position\":1,\"name\":\"Home\",\"item\":\"https:\\\/\\\/chemgramx.com\\\/\"},{\"@type\":\"ListItem\",\"position\":2,\"name\":\"Shop\",\"item\":\"https:\\\/\\\/chemgramx.com\\\/shop\\\/\"},{\"@type\":\"ListItem\",\"position\":3,\"name\":\"Anonymous 180mg MDMA online kaufen\"}]},{\"@type\":\"WebSite\",\"@id\":\"https:\\\/\\\/chemgramx.com\\\/#website\",\"url\":\"https:\\\/\\\/chemgramx.com\\\/\",\"name\":\"Chemgramx\",\"description\":\"\",\"publisher\":{\"@id\":\"https:\\\/\\\/chemgramx.com\\\/#organization\"},\"potentialAction\":[{\"@type\":\"SearchAction\",\"target\":{\"@type\":\"EntryPoint\",\"urlTemplate\":\"https:\\\/\\\/chemgramx.com\\\/?s={search_term_string}\"},\"query-input\":{\"@type\":\"PropertyValueSpecification\",\"valueRequired\":true,\"valueName\":\"search_term_string\"}}],\"inLanguage\":\"cs\"},{\"@type\":\"Organization\",\"@id\":\"https:\\\/\\\/chemgramx.com\\\/#organization\",\"name\":\"Chemgramx\",\"url\":\"https:\\\/\\\/chemgramx.com\\\/\",\"logo\":{\"@type\":\"ImageObject\",\"inLanguage\":\"cs\",\"@id\":\"https:\\\/\\\/chemgramx.com\\\/#\\\/schema\\\/logo\\\/image\\\/\",\"url\":\"https:\\\/\\\/chemgramx.com\\\/wp-content\\\/uploads\\\/2024\\\/10\\\/final-logo.png\",\"contentUrl\":\"https:\\\/\\\/chemgramx.com\\\/wp-content\\\/uploads\\\/2024\\\/10\\\/final-logo.png\",\"width\":250,\"height\":48,\"caption\":\"Chemgramx\"},\"image\":{\"@id\":\"https:\\\/\\\/chemgramx.com\\\/#\\\/schema\\\/logo\\\/image\\\/\"}}]}<\/script>\n<!-- \/ Yoast SEO plugin. -->","yoast_head_json":{"title":"Anonymn\u00ed 180 mg MDMA na prodej | Chemgramx","description":"N\u00e1\u0161 obchod m\u00e1 anonymn\u00ed 180 mg MDMA na prodej za p\u0159ijateln\u00e9 ceny. Pokud si chcete koupit anonymous 180 mg MDMA online, kontaktujte n\u00e1s. O\u010dek\u00e1vejte objedn\u00e1vku brzy!","robots":{"index":"index","follow":"follow","max-snippet":"max-snippet:-1","max-image-preview":"max-image-preview:large","max-video-preview":"max-video-preview:-1"},"canonical":"https:\/\/chemgramx.com\/cs\/produkt-1\/koupit-anonymni-180mg-mdma-online\/","og_locale":"cs_CZ","og_type":"article","og_title":"Anonymes 180 mg MDMA zu verkaufen | Chemgramx","og_description":"Unser Shop hat anonymes 180 mg MDMA zu erschwinglichen Preisen zu verkaufen. Wenn Sie anonymes 180 mg MDMA online kaufen m\u00f6chten, kontaktieren Sie uns jetzt. Erwarten Sie die Bestellung bald!","og_url":"https:\/\/chemgramx.com\/cs\/produkt-1\/koupit-anonymni-180mg-mdma-online\/","og_site_name":"Chemgramx","article_modified_time":"2025-12-11T01:06:00+00:00","og_image":[{"width":600,"height":400,"url":"https:\/\/chemgramx.com\/wp-content\/uploads\/2025\/12\/p2.png","type":"image\/png"}],"twitter_card":"summary_large_image","twitter_misc":{"Odhadovan\u00e1 doba \u010dten\u00ed":"3 minuty"},"schema":{"@context":"https:\/\/schema.org","@graph":[{"@type":"WebPage","@id":"https:\/\/chemgramx.com\/product\/anonymous-180mg-mdma-online-kaufen\/","url":"https:\/\/chemgramx.com\/product\/anonymous-180mg-mdma-online-kaufen\/","name":"Anonymn\u00ed 180 mg MDMA na prodej | Chemgramx","isPartOf":{"@id":"https:\/\/chemgramx.com\/#website"},"primaryImageOfPage":{"@id":"https:\/\/chemgramx.com\/product\/anonymous-180mg-mdma-online-kaufen\/#primaryimage"},"image":{"@id":"https:\/\/chemgramx.com\/product\/anonymous-180mg-mdma-online-kaufen\/#primaryimage"},"thumbnailUrl":"https:\/\/chemgramx.com\/wp-content\/uploads\/2025\/12\/p2.png","datePublished":"2025-12-11T01:04:46+00:00","dateModified":"2025-12-11T01:06:00+00:00","description":"N\u00e1\u0161 obchod m\u00e1 anonymn\u00ed 180 mg MDMA na prodej za p\u0159ijateln\u00e9 ceny. Pokud si chcete koupit anonymous 180 mg MDMA online, kontaktujte n\u00e1s. O\u010dek\u00e1vejte objedn\u00e1vku brzy!","breadcrumb":{"@id":"https:\/\/chemgramx.com\/product\/anonymous-180mg-mdma-online-kaufen\/#breadcrumb"},"inLanguage":"cs","potentialAction":[{"@type":"ReadAction","target":["https:\/\/chemgramx.com\/product\/anonymous-180mg-mdma-online-kaufen\/"]}]},{"@type":"ImageObject","inLanguage":"cs","@id":"https:\/\/chemgramx.com\/product\/anonymous-180mg-mdma-online-kaufen\/#primaryimage","url":"https:\/\/chemgramx.com\/wp-content\/uploads\/2025\/12\/p2.png","contentUrl":"https:\/\/chemgramx.com\/wp-content\/uploads\/2025\/12\/p2.png","width":600,"height":400},{"@type":"BreadcrumbList","@id":"https:\/\/chemgramx.com\/product\/anonymous-180mg-mdma-online-kaufen\/#breadcrumb","itemListElement":[{"@type":"ListItem","position":1,"name":"Home","item":"https:\/\/chemgramx.com\/"},{"@type":"ListItem","position":2,"name":"Shop","item":"https:\/\/chemgramx.com\/shop\/"},{"@type":"ListItem","position":3,"name":"Anonymous 180mg MDMA online kaufen"}]},{"@type":"WebSite","@id":"https:\/\/chemgramx.com\/#website","url":"https:\/\/chemgramx.com\/","name":"Chemgramx","description":"","publisher":{"@id":"https:\/\/chemgramx.com\/#organization"},"potentialAction":[{"@type":"SearchAction","target":{"@type":"EntryPoint","urlTemplate":"https:\/\/chemgramx.com\/?s={search_term_string}"},"query-input":{"@type":"PropertyValueSpecification","valueRequired":true,"valueName":"search_term_string"}}],"inLanguage":"cs"},{"@type":"Organization","@id":"https:\/\/chemgramx.com\/#organization","name":"Chemgramx","url":"https:\/\/chemgramx.com\/","logo":{"@type":"ImageObject","inLanguage":"cs","@id":"https:\/\/chemgramx.com\/#\/schema\/logo\/image\/","url":"https:\/\/chemgramx.com\/wp-content\/uploads\/2024\/10\/final-logo.png","contentUrl":"https:\/\/chemgramx.com\/wp-content\/uploads\/2024\/10\/final-logo.png","width":250,"height":48,"caption":"Chemgramx"},"image":{"@id":"https:\/\/chemgramx.com\/#\/schema\/logo\/image\/"}}]}},"_links":{"self":[{"href":"https:\/\/chemgramx.com\/cs\/wp-json\/wp\/v2\/product\/8783","targetHints":{"allow":["GET"]}}],"collection":[{"href":"https:\/\/chemgramx.com\/cs\/wp-json\/wp\/v2\/product"}],"about":[{"href":"https:\/\/chemgramx.com\/cs\/wp-json\/wp\/v2\/types\/product"}],"replies":[{"embeddable":true,"href":"https:\/\/chemgramx.com\/cs\/wp-json\/wp\/v2\/comments?post=8783"}],"wp:featuredmedia":[{"embeddable":true,"href":"https:\/\/chemgramx.com\/cs\/wp-json\/wp\/v2\/media\/8795"}],"wp:attachment":[{"href":"https:\/\/chemgramx.com\/cs\/wp-json\/wp\/v2\/media?parent=8783"}],"wp:term":[{"taxonomy":"product_brand","embeddable":true,"href":"https:\/\/chemgramx.com\/cs\/wp-json\/wp\/v2\/product_brand?post=8783"},{"taxonomy":"product_cat","embeddable":true,"href":"https:\/\/chemgramx.com\/cs\/wp-json\/wp\/v2\/product_cat?post=8783"},{"taxonomy":"product_tag","embeddable":true,"href":"https:\/\/chemgramx.com\/cs\/wp-json\/wp\/v2\/product_tag?post=8783"}],"curies":[{"name":"wp","href":"https:\/\/api.w.org\/{rel}","templated":true}]}}