{"id":8786,"date":"2025-12-11T01:04:48","date_gmt":"2025-12-11T01:04:48","guid":{"rendered":"https:\/\/chemgramx.com\/?post_type=product&#038;p=8786"},"modified":"2025-12-11T01:06:01","modified_gmt":"2025-12-11T01:06:01","slug":"modre-pilulky-tesla-koupit-mdma-online","status":"publish","type":"product","link":"https:\/\/chemgramx.com\/cs\/product\/blue-tesla-pills-mdma-online-kaufen\/","title":{"rendered":"Koupit Blue Tesla Pills MDMA online"},"content":{"rendered":"<h2 data-start=\"131\" data-end=\"221\">Kupte si Blue Tesla Pills MDMA online: Pr\u00e9miov\u00e9 pro kognitivn\u00ed a emo\u010dn\u00ed zlep\u0161en\u00ed<\/h2>\n<h2 data-start=\"223\" data-end=\"238\">zaveden\u00ed<\/h2>\n<p data-start=\"240\" data-end=\"678\">S rostouc\u00ed popt\u00e1vkou po zlep\u0161en\u00ed kognitivn\u00edch v\u00fdkon\u016f, <a href=\"https:\/\/chemgramx.com\/product\/blue-tesla-pills-mdma\/\">Koupit Blue Tesla Pills MDMA online<\/a> Stala se p\u0159edn\u00ed volbou pro jednotlivce, kte\u0159\u00ed cht\u011bj\u00ed zlep\u0161it svou du\u0161evn\u00ed jasnost, n\u00e1ladu a emocion\u00e1ln\u00ed propojen\u00ed. Tento produkt, zn\u00e1m\u00fd sv\u00fdmi siln\u00fdmi a konzistentn\u00edmi \u00fa\u010dinky, nab\u00edz\u00ed siln\u00fd, ale vyv\u00e1\u017een\u00fd z\u00e1\u017eitek a je obzvl\u00e1\u0161t\u011b obl\u00edben\u00fd u zku\u0161en\u00fdch u\u017eivatel\u016f hledaj\u00edc\u00edch spolehliv\u00e9 v\u00fdsledky.<\/p>\n<h3 data-start=\"680\" data-end=\"715\">Byly to Blue Tesla Pills MDMA?<\/h3>\n<p data-start=\"717\" data-end=\"1031\">Modr\u00e9 pilulky Tesla <a href=\"https:\/\/en.wikipedia.org\/wiki\/MDMA\">MDMA<\/a> k prodeji jsou vysoce kvalitn\u00ed p\u0159\u00edpravky 3,4-methylendioxy-N-methylamfetaminu (MDMA) ur\u010den\u00e9 pro p\u0159esn\u00e9 d\u00e1vkov\u00e1n\u00ed a trvale intenzivn\u00ed psychoaktivn\u00ed \u00fa\u010dinky. Tablety Blue Tesla Pills MDMA p\u0159in\u00e1\u0161ej\u00ed spolehliv\u00e9 v\u00fdsledky, pokud jde o euforii, empatii a du\u0161evn\u00ed jasnost.<\/p>\n<h3 data-start=\"1033\" data-end=\"1070\">Chemick\u00fd profil a historie<\/h3>\n<p data-start=\"1072\" data-end=\"1428\">MDMA byl poprv\u00e9 syntetizov\u00e1n na po\u010d\u00e1tku 20. stolet\u00ed a je zn\u00e1m\u00fd svou schopnost\u00ed podporovat empatii, emo\u010dn\u00ed otev\u0159enost a kognitivn\u00ed funkce. N\u00e1kup MDMA Blue Tesla Pills od d\u016fv\u011bryhodn\u00fdch dodavatel\u016f zaru\u010duje \u010distotu a \u00fa\u010dinnost, a proto jsou obzvl\u00e1\u0161t\u011b cen\u011bny v komunit\u011b lid\u00ed specializuj\u00edc\u00edch se na kognitivn\u00ed vylep\u0161en\u00ed.<\/p>\n<h3 data-start=\"1430\" data-end=\"1448\">Zp\u016fsob \u00fa\u010dinku<\/h3>\n<p data-start=\"1450\" data-end=\"1580\">Modr\u00e9 pilulky Tesla MDMA podporuj\u00ed uvol\u0148ov\u00e1n\u00ed neurotransmiter\u016f, jako je serotonin, dopamin a noradrenalin. To vede k:<\/p>\n<ul data-start=\"1582\" data-end=\"1701\">\n<li data-start=\"1582\" data-end=\"1607\">\n<p data-start=\"1584\" data-end=\"1607\">Zlep\u0161en\u00e1 n\u00e1lada<\/p>\n<\/li>\n<li data-start=\"1608\" data-end=\"1642\">\n<p data-start=\"1610\" data-end=\"1642\">Zv\u00fd\u0161en\u00e1 du\u0161evn\u00ed bd\u011blost<\/p>\n<\/li>\n<li data-start=\"1643\" data-end=\"1668\">\n<p data-start=\"1645\" data-end=\"1668\">Zv\u00fd\u0161en\u00e1 empatie<\/p>\n<\/li>\n<li data-start=\"1669\" data-end=\"1701\">\n<p data-start=\"1671\" data-end=\"1701\">Siln\u011bj\u0161\u00ed soci\u00e1ln\u00ed vazby<\/p>\n<\/li>\n<\/ul>\n<p data-start=\"1703\" data-end=\"1835\">MDMA m\u016f\u017ee tak\u00e9 podporovat neuroprotektivn\u00ed \u00fa\u010dinky t\u00edm, \u017ee podporuje synaptickou plasticitu a kognitivn\u00ed zdrav\u00ed.<\/p>\n<h3 data-start=\"1837\" data-end=\"1876\">V\u00fdhody modr\u00fdch pilulek Tesla MDMA<\/h3>\n<ul data-start=\"1878\" data-end=\"2083\">\n<li data-start=\"1878\" data-end=\"1915\">\n<p data-start=\"1880\" data-end=\"1915\">Zlep\u0161en\u00e9 emocion\u00e1ln\u00ed propojen\u00ed<\/p>\n<\/li>\n<li data-start=\"1916\" data-end=\"1961\">\n<p data-start=\"1918\" data-end=\"1961\">Optimalizovan\u00e9 kognitivn\u00ed funkce a soust\u0159ed\u011bn\u00ed<\/p>\n<\/li>\n<li data-start=\"1962\" data-end=\"1994\">\n<p data-start=\"1964\" data-end=\"1994\">Zv\u00fd\u0161en\u00e1 n\u00e1lada a energie<\/p>\n<\/li>\n<li data-start=\"1995\" data-end=\"2043\">\n<p data-start=\"1997\" data-end=\"2043\">St\u00e1l\u00e9 d\u00e1vkov\u00e1n\u00ed pro spolehliv\u00e9 \u00fa\u010dinky<\/p>\n<\/li>\n<li data-start=\"2044\" data-end=\"2083\">\n<p data-start=\"2046\" data-end=\"2083\">Potenci\u00e1ln\u00ed neuroprotektivn\u00ed \u00fa\u010dinky<\/p>\n<\/li>\n<\/ul>\n<h3 data-start=\"2085\" data-end=\"2106\">Mo\u017en\u00e9 \u00fa\u010dinky<\/h3>\n<p data-start=\"2108\" data-end=\"2132\">U\u017eivatel\u00e9 hl\u00e1s\u00ed:<\/p>\n<ul data-start=\"2134\" data-end=\"2331\">\n<li data-start=\"2134\" data-end=\"2175\">\n<p data-start=\"2136\" data-end=\"2175\">Zv\u00fd\u0161en\u00e1 empatie a emocion\u00e1ln\u00ed v\u0159elost<\/p>\n<\/li>\n<li data-start=\"2176\" data-end=\"2220\">\n<p data-start=\"2178\" data-end=\"2220\">Zv\u00fd\u0161en\u00e1 energie a soust\u0159ed\u011bn\u00ed<\/p>\n<\/li>\n<li data-start=\"2221\" data-end=\"2279\">\n<p data-start=\"2223\" data-end=\"2279\">Do\u010dasn\u00e9 nap\u011bt\u00ed \u010delisti nebo sk\u0159\u00edp\u00e1n\u00ed zub\u016f<\/p>\n<\/li>\n<li data-start=\"2280\" data-end=\"2331\">\n<p data-start=\"2282\" data-end=\"2331\">M\u00edrn\u00e9 zv\u00fd\u0161en\u00ed srde\u010dn\u00ed frekvence a krevn\u00edho tlaku<\/p>\n<\/li>\n<\/ul>\n<p data-start=\"2333\" data-end=\"2449\">Responsible consumption according to dosage guidelines is crucial for safety and optimal results.<\/p>\n<h3 data-start=\"2451\" data-end=\"2506\">Dostupn\u00e9 formy MDMA Blue Tesla Pills online<\/h3>\n<ul data-start=\"2508\" data-end=\"2694\">\n<li data-start=\"2508\" data-end=\"2570\">\n<p data-start=\"2510\" data-end=\"2570\">Pr\u00e1\u0161ek: Flexibiln\u00ed d\u00e1vkov\u00e1n\u00ed a preferovan\u00e9 zp\u016fsoby pod\u00e1n\u00ed<\/p>\n<\/li>\n<li data-start=\"2571\" data-end=\"2628\">\n<p data-start=\"2573\" data-end=\"2628\">Tobolky: P\u0159edem odm\u011b\u0159en\u00e9 d\u00e1vky pro diskr\u00e9tn\u00ed pou\u017eit\u00ed<\/p>\n<\/li>\n<li data-start=\"2629\" data-end=\"2694\">\n<p data-start=\"2631\" data-end=\"2694\">Sublingv\u00e1ln\u00ed tablety: Rychlej\u0161\u00ed vst\u0159eb\u00e1v\u00e1n\u00ed a n\u00e1stup \u00fa\u010dinku<\/p>\n<\/li>\n<\/ul>\n<h3 data-start=\"2696\" data-end=\"2719\">Pr\u00e1vn\u00ed status<\/h3>\n<p data-start=\"2721\" data-end=\"2983\">Leg\u00e1lnost MDMA, v\u010detn\u011b Blue Tesla Pills MDMAonline kaufen, se ve sv\u011bt\u011b li\u0161\u00ed. V zem\u00edch, jako jsou USA, Spojen\u00e9 kr\u00e1lovstv\u00ed a EU, je MDMA kontrolovanou l\u00e1tkou. P\u0159ed n\u00e1kupem byste si m\u011bli ov\u011b\u0159it m\u00edstn\u00ed z\u00e1kony, abyste se vyhnuli rizik\u016fm.<\/p>\n<h3 data-start=\"2985\" data-end=\"3028\">Jak si vybrat renomovan\u00e9ho poskytovatele?<\/h3>\n<p data-start=\"3030\" data-end=\"3094\">P\u0159i n\u00e1kupu MDMA Blue Tesla Pills online v\u011bnujte pozornost:<\/p>\n<ul data-start=\"3096\" data-end=\"3326\">\n<li data-start=\"3096\" data-end=\"3167\">\n<p data-start=\"3098\" data-end=\"3167\">Transparentn\u00ed laboratorn\u00ed testy pro potvrzen\u00ed \u010distoty a bezpe\u010dnosti<\/p>\n<\/li>\n<li data-start=\"3168\" data-end=\"3209\">\n<p data-start=\"3170\" data-end=\"3209\">Bezpe\u010dn\u00e9 a diskr\u00e9tn\u00ed platebn\u00ed metody<\/p>\n<\/li>\n<li data-start=\"3210\" data-end=\"3272\">\n<p data-start=\"3212\" data-end=\"3272\">Pozitivn\u00ed recenze z\u00e1kazn\u00edk\u016f a spolehliv\u00fd z\u00e1kaznick\u00fd servis<\/p>\n<\/li>\n<li data-start=\"3273\" data-end=\"3326\">\n<p data-start=\"3275\" data-end=\"3326\">Podrobn\u00e9 informace o produktu a d\u00e1vkov\u00e1n\u00ed<\/p>\n<\/li>\n<\/ul>\n<p data-start=\"3328\" data-end=\"3424\">D\u016fv\u011bryhodn\u00fd dodavatel zaru\u010duje pravost produktu, bezpe\u010dnost a spokojenost.<\/p>\n<h3 data-start=\"3426\" data-end=\"3436\">Z\u00e1v\u011br<\/h3>\n<p data-start=\"3438\" data-end=\"3862\">Koupit Blue Tesla Pills MDMA je prvot\u0159\u00eddn\u00ed volbou pro ka\u017ed\u00e9ho, kdo chce zlep\u0161it sv\u00e9 kognitivn\u00ed a emocion\u00e1ln\u00ed schopnosti. D\u00edky vyv\u00e1\u017een\u00fdm \u00fa\u010dink\u016fm, vysok\u00e9 \u010distot\u011b a konzistentn\u00edmu d\u00e1vkov\u00e1n\u00ed je produkt ide\u00e1ln\u00ed pro zku\u0161en\u00e9 u\u017eivatele. Najd\u011bte nejlep\u0161\u00ed m\u00edsto pro n\u00e1kup Blue Tesla Pills MDMA online a za\u010dn\u011bte svou cestu ke zlep\u0161en\u00ed du\u0161evn\u00ed jasnosti a emo\u010dn\u00ed propojenosti je\u0161t\u011b dnes.<\/p>","protected":false},"excerpt":{"rendered":"<p><strong>Modr\u00e9 pilulky Tesla MDMA<\/strong>\u00a0nab\u00edz\u00ed ide\u00e1ln\u00ed d\u00e1vku pro kvalitn\u00ed euforii a dlouhotrvaj\u00edc\u00ed energii. Ka\u017ed\u00e1 tableta je pe\u010dliv\u011b testov\u00e1na, co\u017e zaru\u010duje maxim\u00e1ln\u00ed bezpe\u010dnost a \u010distotu. Ide\u00e1ln\u00ed pro zku\u0161en\u00e9 u\u017eivatele, kte\u0159\u00ed hledaj\u00ed siln\u00e9 \u00fa\u010dinky pro festivaly, ve\u010d\u00edrky nebo pohodov\u00e9 ve\u010dery. Pro\u017eijte nezapomenuteln\u00e9 z\u00e1\u017eitky s tabletami Blue Tesla Pills.<\/p>","protected":false},"featured_media":8821,"comment_status":"open","ping_status":"closed","template":"","meta":{"_joinchat":[]},"product_brand":[],"product_cat":[2846],"product_tag":[2345,2348,2344,2346,2017,2164,2347,2018,2015,2148],"class_list":{"0":"post-8786","1":"product","2":"type-product","3":"status-publish","4":"has-post-thumbnail","6":"product_cat-ecstasy-pills","7":"product_tag-blue-tesla-mdma","8":"product_tag-blue-tesla-mdma-kaufen","9":"product_tag-blue-tesla-pills","10":"product_tag-mdma-blue-tesla","11":"product_tag-mdma-kristalle","12":"product_tag-mdma-online-kaufen","13":"product_tag-mdma-pillen-kaufen","14":"product_tag-mdma-zum-verkauf","15":"product_tag-synthetische-drogen","16":"product_tag-tesla-pills-mdma","18":"first","19":"instock","20":"shipping-taxable","21":"purchasable","22":"product-type-variable"},"yoast_head":"<!-- This site is optimized with the Yoast SEO plugin v27.5 - https:\/\/yoast.com\/product\/yoast-seo-wordpress\/ -->\n<title>Blue Tesla Pills MDMA online Kaufen | Chemgramx<\/title>\n<meta name=\"description\" content=\"In unserem Chemgramx-Shop k\u00f6nnen Sie Blue Tesla Pills MDMA zu g\u00fcnstigen Preisen kaufen. Wir handeln ausschlie\u00dflich mit Produkten der Klasse A. Kaufen Sie Blue Tesla Pills MDMA jetzt online in unserem Shop mit schnellem und sicherem Versandservice.\" \/>\n<meta name=\"robots\" content=\"index, follow, max-snippet:-1, max-image-preview:large, max-video-preview:-1\" \/>\n<link rel=\"canonical\" href=\"https:\/\/chemgramx.com\/cs\/produkt-1\/modre-pilulky-tesla-koupit-mdma-online\/\" \/>\n<meta property=\"og:locale\" content=\"cs_CZ\" \/>\n<meta property=\"og:type\" content=\"article\" \/>\n<meta property=\"og:title\" content=\"Blue Tesla Pills MDMA online Kaufen | Chemgramx\" \/>\n<meta property=\"og:description\" content=\"In unserem Chemgramx-Shop k\u00f6nnen Sie Blue Tesla Pills MDMA zu g\u00fcnstigen Preisen kaufen. Wir handeln ausschlie\u00dflich mit Produkten der Klasse A. Kaufen Sie Blue Tesla Pills MDMA jetzt online in unserem Shop mit schnellem und sicherem Versandservice.\" \/>\n<meta property=\"og:url\" content=\"https:\/\/chemgramx.com\/cs\/produkt-1\/modre-pilulky-tesla-koupit-mdma-online\/\" \/>\n<meta property=\"og:site_name\" content=\"Chemgramx\" \/>\n<meta property=\"article:modified_time\" content=\"2025-12-11T01:06:01+00:00\" \/>\n<meta property=\"og:image\" content=\"https:\/\/chemgramx.com\/wp-content\/uploads\/2025\/12\/p-9.png\" \/>\n\t<meta property=\"og:image:width\" content=\"600\" \/>\n\t<meta property=\"og:image:height\" content=\"400\" \/>\n\t<meta property=\"og:image:type\" content=\"image\/png\" \/>\n<meta name=\"twitter:card\" content=\"summary_large_image\" \/>\n<meta name=\"twitter:label1\" content=\"Odhadovan\u00e1 doba \u010dten\u00ed\" \/>\n\t<meta name=\"twitter:data1\" content=\"3 minuty\" \/>\n<script type=\"application\/ld+json\" class=\"yoast-schema-graph\">{\"@context\":\"https:\\\/\\\/schema.org\",\"@graph\":[{\"@type\":\"WebPage\",\"@id\":\"https:\\\/\\\/chemgramx.com\\\/product\\\/blue-tesla-pills-mdma-online-kaufen\\\/\",\"url\":\"https:\\\/\\\/chemgramx.com\\\/product\\\/blue-tesla-pills-mdma-online-kaufen\\\/\",\"name\":\"Blue Tesla Pills MDMA online Kaufen | Chemgramx\",\"isPartOf\":{\"@id\":\"https:\\\/\\\/chemgramx.com\\\/#website\"},\"primaryImageOfPage\":{\"@id\":\"https:\\\/\\\/chemgramx.com\\\/product\\\/blue-tesla-pills-mdma-online-kaufen\\\/#primaryimage\"},\"image\":{\"@id\":\"https:\\\/\\\/chemgramx.com\\\/product\\\/blue-tesla-pills-mdma-online-kaufen\\\/#primaryimage\"},\"thumbnailUrl\":\"https:\\\/\\\/chemgramx.com\\\/wp-content\\\/uploads\\\/2025\\\/12\\\/p-9.png\",\"datePublished\":\"2025-12-11T01:04:48+00:00\",\"dateModified\":\"2025-12-11T01:06:01+00:00\",\"description\":\"In unserem Chemgramx-Shop k\u00f6nnen Sie Blue Tesla Pills MDMA zu g\u00fcnstigen Preisen kaufen. Wir handeln ausschlie\u00dflich mit Produkten der Klasse A. Kaufen Sie Blue Tesla Pills MDMA jetzt online in unserem Shop mit schnellem und sicherem Versandservice.\",\"breadcrumb\":{\"@id\":\"https:\\\/\\\/chemgramx.com\\\/product\\\/blue-tesla-pills-mdma-online-kaufen\\\/#breadcrumb\"},\"inLanguage\":\"cs\",\"potentialAction\":[{\"@type\":\"ReadAction\",\"target\":[\"https:\\\/\\\/chemgramx.com\\\/product\\\/blue-tesla-pills-mdma-online-kaufen\\\/\"]}]},{\"@type\":\"ImageObject\",\"inLanguage\":\"cs\",\"@id\":\"https:\\\/\\\/chemgramx.com\\\/product\\\/blue-tesla-pills-mdma-online-kaufen\\\/#primaryimage\",\"url\":\"https:\\\/\\\/chemgramx.com\\\/wp-content\\\/uploads\\\/2025\\\/12\\\/p-9.png\",\"contentUrl\":\"https:\\\/\\\/chemgramx.com\\\/wp-content\\\/uploads\\\/2025\\\/12\\\/p-9.png\",\"width\":600,\"height\":400},{\"@type\":\"BreadcrumbList\",\"@id\":\"https:\\\/\\\/chemgramx.com\\\/product\\\/blue-tesla-pills-mdma-online-kaufen\\\/#breadcrumb\",\"itemListElement\":[{\"@type\":\"ListItem\",\"position\":1,\"name\":\"Home\",\"item\":\"https:\\\/\\\/chemgramx.com\\\/\"},{\"@type\":\"ListItem\",\"position\":2,\"name\":\"Shop\",\"item\":\"https:\\\/\\\/chemgramx.com\\\/shop\\\/\"},{\"@type\":\"ListItem\",\"position\":3,\"name\":\"Blue Tesla Pills MDMA Online kaufen\"}]},{\"@type\":\"WebSite\",\"@id\":\"https:\\\/\\\/chemgramx.com\\\/#website\",\"url\":\"https:\\\/\\\/chemgramx.com\\\/\",\"name\":\"Chemgramx\",\"description\":\"\",\"publisher\":{\"@id\":\"https:\\\/\\\/chemgramx.com\\\/#organization\"},\"potentialAction\":[{\"@type\":\"SearchAction\",\"target\":{\"@type\":\"EntryPoint\",\"urlTemplate\":\"https:\\\/\\\/chemgramx.com\\\/?s={search_term_string}\"},\"query-input\":{\"@type\":\"PropertyValueSpecification\",\"valueRequired\":true,\"valueName\":\"search_term_string\"}}],\"inLanguage\":\"cs\"},{\"@type\":\"Organization\",\"@id\":\"https:\\\/\\\/chemgramx.com\\\/#organization\",\"name\":\"Chemgramx\",\"url\":\"https:\\\/\\\/chemgramx.com\\\/\",\"logo\":{\"@type\":\"ImageObject\",\"inLanguage\":\"cs\",\"@id\":\"https:\\\/\\\/chemgramx.com\\\/#\\\/schema\\\/logo\\\/image\\\/\",\"url\":\"https:\\\/\\\/chemgramx.com\\\/wp-content\\\/uploads\\\/2024\\\/10\\\/final-logo.png\",\"contentUrl\":\"https:\\\/\\\/chemgramx.com\\\/wp-content\\\/uploads\\\/2024\\\/10\\\/final-logo.png\",\"width\":250,\"height\":48,\"caption\":\"Chemgramx\"},\"image\":{\"@id\":\"https:\\\/\\\/chemgramx.com\\\/#\\\/schema\\\/logo\\\/image\\\/\"}}]}<\/script>\n<!-- \/ Yoast SEO plugin. -->","yoast_head_json":{"title":"Koupit MDMA od Blue Tesla online | Chemgramx","description":"V na\u0161em obchod\u011b Chemgramx si m\u016f\u017eete koupit Blue Tesla Pills MDMA za dostupn\u00e9 ceny. Obchodujeme pouze s produkty t\u0159\u00eddy A. Kupte si Blue Tesla Pills MDMA online nyn\u00ed v na\u0161em obchod\u011b s rychlou a bezpe\u010dnou dopravou.","robots":{"index":"index","follow":"follow","max-snippet":"max-snippet:-1","max-image-preview":"max-image-preview:large","max-video-preview":"max-video-preview:-1"},"canonical":"https:\/\/chemgramx.com\/cs\/produkt-1\/modre-pilulky-tesla-koupit-mdma-online\/","og_locale":"cs_CZ","og_type":"article","og_title":"Blue Tesla Pills MDMA online Kaufen | Chemgramx","og_description":"In unserem Chemgramx-Shop k\u00f6nnen Sie Blue Tesla Pills MDMA zu g\u00fcnstigen Preisen kaufen. Wir handeln ausschlie\u00dflich mit Produkten der Klasse A. Kaufen Sie Blue Tesla Pills MDMA jetzt online in unserem Shop mit schnellem und sicherem Versandservice.","og_url":"https:\/\/chemgramx.com\/cs\/produkt-1\/modre-pilulky-tesla-koupit-mdma-online\/","og_site_name":"Chemgramx","article_modified_time":"2025-12-11T01:06:01+00:00","og_image":[{"width":600,"height":400,"url":"https:\/\/chemgramx.com\/wp-content\/uploads\/2025\/12\/p-9.png","type":"image\/png"}],"twitter_card":"summary_large_image","twitter_misc":{"Odhadovan\u00e1 doba \u010dten\u00ed":"3 minuty"},"schema":{"@context":"https:\/\/schema.org","@graph":[{"@type":"WebPage","@id":"https:\/\/chemgramx.com\/product\/blue-tesla-pills-mdma-online-kaufen\/","url":"https:\/\/chemgramx.com\/product\/blue-tesla-pills-mdma-online-kaufen\/","name":"Koupit MDMA od Blue Tesla online | Chemgramx","isPartOf":{"@id":"https:\/\/chemgramx.com\/#website"},"primaryImageOfPage":{"@id":"https:\/\/chemgramx.com\/product\/blue-tesla-pills-mdma-online-kaufen\/#primaryimage"},"image":{"@id":"https:\/\/chemgramx.com\/product\/blue-tesla-pills-mdma-online-kaufen\/#primaryimage"},"thumbnailUrl":"https:\/\/chemgramx.com\/wp-content\/uploads\/2025\/12\/p-9.png","datePublished":"2025-12-11T01:04:48+00:00","dateModified":"2025-12-11T01:06:01+00:00","description":"V na\u0161em obchod\u011b Chemgramx si m\u016f\u017eete koupit Blue Tesla Pills MDMA za dostupn\u00e9 ceny. Obchodujeme pouze s produkty t\u0159\u00eddy A. Kupte si Blue Tesla Pills MDMA online nyn\u00ed v na\u0161em obchod\u011b s rychlou a bezpe\u010dnou dopravou.","breadcrumb":{"@id":"https:\/\/chemgramx.com\/product\/blue-tesla-pills-mdma-online-kaufen\/#breadcrumb"},"inLanguage":"cs","potentialAction":[{"@type":"ReadAction","target":["https:\/\/chemgramx.com\/product\/blue-tesla-pills-mdma-online-kaufen\/"]}]},{"@type":"ImageObject","inLanguage":"cs","@id":"https:\/\/chemgramx.com\/product\/blue-tesla-pills-mdma-online-kaufen\/#primaryimage","url":"https:\/\/chemgramx.com\/wp-content\/uploads\/2025\/12\/p-9.png","contentUrl":"https:\/\/chemgramx.com\/wp-content\/uploads\/2025\/12\/p-9.png","width":600,"height":400},{"@type":"BreadcrumbList","@id":"https:\/\/chemgramx.com\/product\/blue-tesla-pills-mdma-online-kaufen\/#breadcrumb","itemListElement":[{"@type":"ListItem","position":1,"name":"Home","item":"https:\/\/chemgramx.com\/"},{"@type":"ListItem","position":2,"name":"Shop","item":"https:\/\/chemgramx.com\/shop\/"},{"@type":"ListItem","position":3,"name":"Blue Tesla Pills MDMA Online kaufen"}]},{"@type":"WebSite","@id":"https:\/\/chemgramx.com\/#website","url":"https:\/\/chemgramx.com\/","name":"Chemgramx","description":"","publisher":{"@id":"https:\/\/chemgramx.com\/#organization"},"potentialAction":[{"@type":"SearchAction","target":{"@type":"EntryPoint","urlTemplate":"https:\/\/chemgramx.com\/?s={search_term_string}"},"query-input":{"@type":"PropertyValueSpecification","valueRequired":true,"valueName":"search_term_string"}}],"inLanguage":"cs"},{"@type":"Organization","@id":"https:\/\/chemgramx.com\/#organization","name":"Chemgramx","url":"https:\/\/chemgramx.com\/","logo":{"@type":"ImageObject","inLanguage":"cs","@id":"https:\/\/chemgramx.com\/#\/schema\/logo\/image\/","url":"https:\/\/chemgramx.com\/wp-content\/uploads\/2024\/10\/final-logo.png","contentUrl":"https:\/\/chemgramx.com\/wp-content\/uploads\/2024\/10\/final-logo.png","width":250,"height":48,"caption":"Chemgramx"},"image":{"@id":"https:\/\/chemgramx.com\/#\/schema\/logo\/image\/"}}]}},"_links":{"self":[{"href":"https:\/\/chemgramx.com\/cs\/wp-json\/wp\/v2\/product\/8786","targetHints":{"allow":["GET"]}}],"collection":[{"href":"https:\/\/chemgramx.com\/cs\/wp-json\/wp\/v2\/product"}],"about":[{"href":"https:\/\/chemgramx.com\/cs\/wp-json\/wp\/v2\/types\/product"}],"replies":[{"embeddable":true,"href":"https:\/\/chemgramx.com\/cs\/wp-json\/wp\/v2\/comments?post=8786"}],"wp:featuredmedia":[{"embeddable":true,"href":"https:\/\/chemgramx.com\/cs\/wp-json\/wp\/v2\/media\/8821"}],"wp:attachment":[{"href":"https:\/\/chemgramx.com\/cs\/wp-json\/wp\/v2\/media?parent=8786"}],"wp:term":[{"taxonomy":"product_brand","embeddable":true,"href":"https:\/\/chemgramx.com\/cs\/wp-json\/wp\/v2\/product_brand?post=8786"},{"taxonomy":"product_cat","embeddable":true,"href":"https:\/\/chemgramx.com\/cs\/wp-json\/wp\/v2\/product_cat?post=8786"},{"taxonomy":"product_tag","embeddable":true,"href":"https:\/\/chemgramx.com\/cs\/wp-json\/wp\/v2\/product_tag?post=8786"}],"curies":[{"name":"wp","href":"https:\/\/api.w.org\/{rel}","templated":true}]}}