{"id":8788,"date":"2025-12-11T01:04:48","date_gmt":"2025-12-11T01:04:48","guid":{"rendered":"https:\/\/chemgramx.com\/?post_type=product&#038;p=8788"},"modified":"2025-12-11T01:06:19","modified_gmt":"2025-12-11T01:06:19","slug":"blue-vaders-220mg-mdma-koupit-online","status":"publish","type":"product","link":"https:\/\/chemgramx.com\/cs\/product\/blue-vaders-220mg-mdma-online-kaufen\/","title":{"rendered":"Koupit Blue Vaders 220mg MDMA online"},"content":{"rendered":"<h2 data-start=\"190\" data-end=\"282\">Kupte si Blue Vaders 220mg MDMA online \u2013 pr\u00e9miov\u00fd p\u0159\u00edpravek pro kognitivn\u00ed a emo\u010dn\u00ed zlep\u0161en\u00ed<\/h2>\n<h3 data-start=\"284\" data-end=\"299\">zaveden\u00ed<\/h3>\n<p data-start=\"301\" data-end=\"670\"><a href=\"https:\/\/chemgramx.com\/product\/blue-vaders-220-mg-mdma\/\">Koupit Blue Vaders 220mg MDMA online<\/a> se rychle etabloval jako obl\u00edben\u00fd produkt pro lidi hledaj\u00edc\u00ed siln\u00fd, spolehliv\u00fd a hlubok\u00fd kognitivn\u00ed a emocion\u00e1ln\u00ed z\u00e1\u017eitek. Jeho konzistentn\u00ed d\u00e1vkov\u00e1n\u00ed a vysok\u00e1 \u010distota z n\u011bj \u010din\u00ed prvn\u00ed volbu pro zku\u0161en\u00e9 u\u017eivatele, kte\u0159\u00ed si cen\u00ed du\u0161evn\u00ed jasnosti, zv\u00fd\u0161en\u00e9 empatie a euforick\u00e9 energie.<\/p>\n<h3 data-start=\"672\" data-end=\"727\">Pro\u010d je Blue Vaders 220mg MDMA online tak popul\u00e1rn\u00ed<\/h3>\n<p data-start=\"729\" data-end=\"1123\">Popt\u00e1vka po empatogenech, jako je nap\u0159. <a href=\"https:\/\/en.wikipedia.org\/wiki\/MDMA\">MDMA<\/a> se neust\u00e1le zvy\u0161uje. Blue Vaders 220 mg MDMA na prodej vynik\u00e1 siln\u00fdmi \u00fa\u010dinky a osv\u011bd\u010denou kvalitou. Produkt je zn\u00e1m\u00fd sv\u00fdmi vyv\u00e1\u017een\u00fdmi, ale intenzivn\u00edmi \u00fa\u010dinky, a proto je na mnoha online tr\u017ei\u0161t\u00edch velmi \u017e\u00e1dan\u00fd. Ti, kte\u0159\u00ed zva\u017euj\u00ed, kde koupit Blue Vaders 220mg MDMA, najdou nejbezpe\u010dn\u011bj\u0161\u00ed mo\u017enosti online.<\/p>\n<h3 data-start=\"1125\" data-end=\"1175\">Co d\u011bl\u00e1 220mg MDMA od Blue Vader jedine\u010dn\u00fdm?<\/h3>\n<h3 data-start=\"1177\" data-end=\"1208\">Chemick\u00e9 slo\u017een\u00ed<\/h3>\n<p data-start=\"1209\" data-end=\"1450\">Blue Vaders 220 mg MDMA koupit online nab\u00edz\u00ed p\u0159esnou d\u00e1vku 220 mg \u010dist\u00e9ho 3,4-methylendioxymetamfetaminu, vyroben\u00e9ho za p\u0159\u00edsn\u00fdch kontrol kvality. U\u017eivatel\u00e9 tak maj\u00ed k dispozici \u010dist\u00fd, siln\u00fd produkt bez ne\u010distot.<\/p>\n<h3 data-start=\"1452\" data-end=\"1490\">\u00da\u010dinek a doporu\u010den\u00e9 d\u00e1vkov\u00e1n\u00ed<\/h3>\n<p data-start=\"1491\" data-end=\"1798\">P\u0159\u00edpravek podporuje zlep\u0161en\u00ed n\u00e1lady, emo\u010dn\u00ed otev\u0159enost, zv\u00fd\u0161en\u00ed soci\u00e1ln\u00edch vazeb a zlep\u0161en\u00ed kognitivn\u00edch funkc\u00ed. S d\u00e1vkou 220 mg je vhodn\u00fd pro u\u017eivatele, kte\u0159\u00ed cht\u011bj\u00ed siln\u00e9 a dlouhodob\u00e9 \u00fa\u010dinky. Za\u010d\u00e1te\u010dn\u00edci by m\u011bli p\u0159ed objedn\u00e1n\u00edm Blue Vaders 220 mg MDMA zvolit men\u0161\u00ed mno\u017estv\u00ed.<\/p>\n<h3 data-start=\"1800\" data-end=\"1860\">Je bezpe\u010dn\u00e9 koupit Blue Vader's 220mg MDMA online?<\/h3>\n<p data-start=\"1862\" data-end=\"2116\">P\u0159i n\u00e1kupu Blue Vaders 220 mg MDMA byste si m\u011bli vyb\u00edrat pouze dodavatele, kte\u0159\u00ed poskytuj\u00ed testovan\u00e9 laboratorn\u00ed anal\u00fdzy. Pad\u011blan\u00e9 v\u00fdrobky p\u0159edstavuj\u00ed riziko, a proto se vyplat\u00ed pod\u00edvat se na hodnocen\u00ed, zpr\u00e1vy o pravosti a transparentn\u00ed informace o dodavateli.<\/p>\n<h3 data-start=\"2118\" data-end=\"2157\">Jak pozn\u00e1te seri\u00f3zn\u00ed prodejce?<\/h3>\n<p data-start=\"2159\" data-end=\"2224\">Nejlep\u0161\u00ed m\u00edsto pro online n\u00e1kup Blue Vaders 220mg MDMA:<\/p>\n<ul data-start=\"2226\" data-end=\"2399\">\n<li data-start=\"2226\" data-end=\"2281\">\n<p data-start=\"2228\" data-end=\"2281\">Bezpe\u010dn\u00e9 a diskr\u00e9tn\u00ed platebn\u00ed metody a doprava<\/p>\n<\/li>\n<li data-start=\"2282\" data-end=\"2312\">\n<p data-start=\"2284\" data-end=\"2312\">Transparentn\u00ed laboratorn\u00ed zpr\u00e1vy<\/p>\n<\/li>\n<li data-start=\"2313\" data-end=\"2343\">\n<p data-start=\"2315\" data-end=\"2343\">Pozitivn\u00ed recenze z\u00e1kazn\u00edk\u016f<\/p>\n<\/li>\n<li data-start=\"2344\" data-end=\"2371\">\n<p data-start=\"2346\" data-end=\"2371\">Jasn\u00e9 pokyny k d\u00e1vkov\u00e1n\u00ed<\/p>\n<\/li>\n<li data-start=\"2372\" data-end=\"2399\">\n<p data-start=\"2374\" data-end=\"2399\">Rychl\u00fd z\u00e1kaznick\u00fd servis<\/p>\n<\/li>\n<\/ul>\n<h3 data-start=\"2401\" data-end=\"2435\">P\u0159ehled pr\u00e1vn\u00ed situace<\/h3>\n<p data-start=\"2437\" data-end=\"2725\">MDMA, v\u010detn\u011b 220 mg MDMA od Blue Vader na prodej, je v mnoha zem\u00edch kontrolovanou l\u00e1tkou. V n\u011bkter\u00fdch regionech v\u0161ak plat\u00ed v\u00fdjimky pro v\u00fdzkumn\u00e9 nebo l\u00e9ka\u0159sk\u00e9 \u00fa\u010dely. P\u0159ed n\u00e1kupem Blue Vaders 220 mg MDMA online si v\u017edy ov\u011b\u0159te z\u00e1kony ve va\u0161\u00ed zemi.<\/p>\n<h3 data-start=\"2727\" data-end=\"2746\">P\u0159ehled cen<\/h3>\n<p data-start=\"2748\" data-end=\"2945\">Cena produktu Blue Vaders 220 mg MDMA z\u00e1vis\u00ed na dodavateli, mno\u017estv\u00ed a \u010distot\u011b. Renomovan\u00e9 obchody nab\u00edzej\u00ed f\u00e9rov\u00e9 ceny se zaru\u010denou kvalitou. Levn\u00fdm nab\u00eddk\u00e1m bez d\u016fkazu je t\u0159eba se vyhnout.<\/p>\n<h3 data-start=\"3254\" data-end=\"3288\">Zodpov\u011bdn\u00e9 pou\u017e\u00edv\u00e1n\u00ed<\/h3>\n<ul data-start=\"3290\" data-end=\"3491\">\n<li data-start=\"3290\" data-end=\"3333\">\n<p data-start=\"3292\" data-end=\"3333\">Observe strict dosage recommendations<\/p>\n<\/li>\n<li data-start=\"3334\" data-end=\"3386\">\n<p data-start=\"3336\" data-end=\"3386\">Pijte dostatek tekutin, ale ne p\u0159\u00edli\u0161 mnoho<\/p>\n<\/li>\n<li data-start=\"3387\" data-end=\"3418\">\n<p data-start=\"3389\" data-end=\"3418\">Spot\u0159eba v bezpe\u010dn\u00e9m prost\u0159ed\u00ed<\/p>\n<\/li>\n<li data-start=\"3419\" data-end=\"3463\">\n<p data-start=\"3421\" data-end=\"3463\">\u017d\u00e1dn\u00e1 kombinace s jin\u00fdmi l\u00e1tkami<\/p>\n<\/li>\n<li data-start=\"3464\" data-end=\"3491\">\n<p data-start=\"3466\" data-end=\"3491\">Napl\u00e1nujte si dobu zotaven\u00ed<\/p>\n<\/li>\n<\/ul>\n<p data-start=\"3493\" data-end=\"3579\">T\u00edmto zp\u016fsobem lze bezpe\u010dn\u011b vyu\u017e\u00edt potenci\u00e1l Blue Vaders 220mg MDMA online kaufen.<\/p>\n<h3 data-start=\"3581\" data-end=\"3591\">Z\u00e1v\u011br<\/h3>\n<p data-start=\"3593\" data-end=\"4007\">N\u00e1kup Blue Vaders 220 mg MDMA online ze spolehliv\u00e9ho v\u00fdzkumn\u00e9ho zdroje je nejlep\u0161\u00ed volbou pro u\u017eivatele, kte\u0159\u00ed hledaj\u00ed \u010distotu, s\u00edlu a bezpe\u010dnost. Pokud chcete v\u011bd\u011bt, kde koupit Blue Vaders 220 mg MDMA, m\u011bli byste pou\u017e\u00edvat pouze ov\u011b\u0159en\u00e9 dodavatele. D\u00edky f\u00e9rov\u00fdm cen\u00e1m Blue Vaders 220 mg MDMA, diskr\u00e9tn\u00edmu doru\u010den\u00ed a p\u0159\u00edsn\u00e9 kontrole kvality nab\u00edz\u00ed n\u00e1kup online bezpe\u010dn\u00e9 a spolehliv\u00e9 \u0159e\u0161en\u00ed.<\/p>","protected":false},"excerpt":{"rendered":"<p><strong>Blue Vaders 220 mg MDMA<\/strong> nab\u00edz\u00ed silnou d\u00e1vku \u010dist\u00e9ho MDMA pro nezapomenuteln\u00fd z\u00e1\u017eitek. Tato tableta je ide\u00e1ln\u00ed pro zku\u0161en\u00e9 u\u017eivatele, kte\u0159\u00ed hledaj\u00ed intenzivn\u00ed euforii, energii a smyslov\u00e9 vjemy. Ka\u017ed\u00e1 tableta je p\u0159\u00edsn\u011b testov\u00e1na na kvalitu a bezpe\u010dnost, co\u017e zaru\u010duje maxim\u00e1ln\u00ed spolehlivost pro va\u0161e akce a festivaly.<\/p>","protected":false},"featured_media":8823,"comment_status":"open","ping_status":"closed","template":"","meta":{"_joinchat":[]},"product_brand":[],"product_cat":[2846],"product_tag":[2187,2190,2191,2189,2186,2188,2017,2164,2018,2015],"class_list":{"0":"post-8788","1":"product","2":"type-product","3":"status-publish","4":"has-post-thumbnail","6":"product_cat-ecstasy-pills","7":"product_tag-220mg-mdma","8":"product_tag-220mg-mdma-kaufen","9":"product_tag-blue-vaders-220mg","10":"product_tag-blue-vaders-kaufen","11":"product_tag-blue-vaders-mdma","12":"product_tag-mdma-220mg-kaufen","13":"product_tag-mdma-kristalle","14":"product_tag-mdma-online-kaufen","15":"product_tag-mdma-zum-verkauf","16":"product_tag-synthetische-drogen","18":"first","19":"instock","20":"shipping-taxable","21":"purchasable","22":"product-type-variable"},"yoast_head":"<!-- This site is optimized with the Yoast SEO plugin v27.5 - https:\/\/yoast.com\/product\/yoast-seo-wordpress\/ -->\n<title>Blue Vaders 220 mg MDMA online Kaufen | Chemgramx<\/title>\n<meta name=\"description\" content=\"In unserem Chemgramx-Shop k\u00f6nnen Sie Blue Vaders 220 mg MDMA zu g\u00fcnstigen Preisen kaufen. Wir handeln ausschlie\u00dflich mit Produkten der Spitzenklasse. Kaufen Sie Blue Vaders 220 mg MDMA jetzt online in unserem Shop. Bestellen Sie gleich!\" \/>\n<meta name=\"robots\" content=\"index, follow, max-snippet:-1, max-image-preview:large, max-video-preview:-1\" \/>\n<link rel=\"canonical\" href=\"https:\/\/chemgramx.com\/cs\/produkt-1\/blue-vaders-220mg-mdma-koupit-online\/\" \/>\n<meta property=\"og:locale\" content=\"cs_CZ\" \/>\n<meta property=\"og:type\" content=\"article\" \/>\n<meta property=\"og:title\" content=\"Blue Vaders 220 mg MDMA online Kaufen | Chemgramx\" \/>\n<meta property=\"og:description\" content=\"In unserem Chemgramx-Shop k\u00f6nnen Sie Blue Vaders 220 mg MDMA zu g\u00fcnstigen Preisen kaufen. Wir handeln ausschlie\u00dflich mit Produkten der Spitzenklasse. Kaufen Sie Blue Vaders 220 mg MDMA jetzt online in unserem Shop. Bestellen Sie gleich!\" \/>\n<meta property=\"og:url\" content=\"https:\/\/chemgramx.com\/cs\/produkt-1\/blue-vaders-220mg-mdma-koupit-online\/\" \/>\n<meta property=\"og:site_name\" content=\"Chemgramx\" \/>\n<meta property=\"article:modified_time\" content=\"2025-12-11T01:06:19+00:00\" \/>\n<meta property=\"og:image\" content=\"https:\/\/chemgramx.com\/wp-content\/uploads\/2025\/12\/p-11.png\" \/>\n\t<meta property=\"og:image:width\" content=\"600\" \/>\n\t<meta property=\"og:image:height\" content=\"400\" \/>\n\t<meta property=\"og:image:type\" content=\"image\/png\" \/>\n<meta name=\"twitter:card\" content=\"summary_large_image\" \/>\n<meta name=\"twitter:label1\" content=\"Odhadovan\u00e1 doba \u010dten\u00ed\" \/>\n\t<meta name=\"twitter:data1\" content=\"3 minuty\" \/>\n<script type=\"application\/ld+json\" class=\"yoast-schema-graph\">{\"@context\":\"https:\\\/\\\/schema.org\",\"@graph\":[{\"@type\":\"WebPage\",\"@id\":\"https:\\\/\\\/chemgramx.com\\\/product\\\/blue-vaders-220mg-mdma-online-kaufen\\\/\",\"url\":\"https:\\\/\\\/chemgramx.com\\\/product\\\/blue-vaders-220mg-mdma-online-kaufen\\\/\",\"name\":\"Blue Vaders 220 mg MDMA online Kaufen | Chemgramx\",\"isPartOf\":{\"@id\":\"https:\\\/\\\/chemgramx.com\\\/#website\"},\"primaryImageOfPage\":{\"@id\":\"https:\\\/\\\/chemgramx.com\\\/product\\\/blue-vaders-220mg-mdma-online-kaufen\\\/#primaryimage\"},\"image\":{\"@id\":\"https:\\\/\\\/chemgramx.com\\\/product\\\/blue-vaders-220mg-mdma-online-kaufen\\\/#primaryimage\"},\"thumbnailUrl\":\"https:\\\/\\\/chemgramx.com\\\/wp-content\\\/uploads\\\/2025\\\/12\\\/p-11.png\",\"datePublished\":\"2025-12-11T01:04:48+00:00\",\"dateModified\":\"2025-12-11T01:06:19+00:00\",\"description\":\"In unserem Chemgramx-Shop k\u00f6nnen Sie Blue Vaders 220 mg MDMA zu g\u00fcnstigen Preisen kaufen. Wir handeln ausschlie\u00dflich mit Produkten der Spitzenklasse. Kaufen Sie Blue Vaders 220 mg MDMA jetzt online in unserem Shop. Bestellen Sie gleich!\",\"breadcrumb\":{\"@id\":\"https:\\\/\\\/chemgramx.com\\\/product\\\/blue-vaders-220mg-mdma-online-kaufen\\\/#breadcrumb\"},\"inLanguage\":\"cs\",\"potentialAction\":[{\"@type\":\"ReadAction\",\"target\":[\"https:\\\/\\\/chemgramx.com\\\/product\\\/blue-vaders-220mg-mdma-online-kaufen\\\/\"]}]},{\"@type\":\"ImageObject\",\"inLanguage\":\"cs\",\"@id\":\"https:\\\/\\\/chemgramx.com\\\/product\\\/blue-vaders-220mg-mdma-online-kaufen\\\/#primaryimage\",\"url\":\"https:\\\/\\\/chemgramx.com\\\/wp-content\\\/uploads\\\/2025\\\/12\\\/p-11.png\",\"contentUrl\":\"https:\\\/\\\/chemgramx.com\\\/wp-content\\\/uploads\\\/2025\\\/12\\\/p-11.png\",\"width\":600,\"height\":400},{\"@type\":\"BreadcrumbList\",\"@id\":\"https:\\\/\\\/chemgramx.com\\\/product\\\/blue-vaders-220mg-mdma-online-kaufen\\\/#breadcrumb\",\"itemListElement\":[{\"@type\":\"ListItem\",\"position\":1,\"name\":\"Home\",\"item\":\"https:\\\/\\\/chemgramx.com\\\/\"},{\"@type\":\"ListItem\",\"position\":2,\"name\":\"Shop\",\"item\":\"https:\\\/\\\/chemgramx.com\\\/shop\\\/\"},{\"@type\":\"ListItem\",\"position\":3,\"name\":\"Blue Vaders 220mg MDMA Online kaufen\"}]},{\"@type\":\"WebSite\",\"@id\":\"https:\\\/\\\/chemgramx.com\\\/#website\",\"url\":\"https:\\\/\\\/chemgramx.com\\\/\",\"name\":\"Chemgramx\",\"description\":\"\",\"publisher\":{\"@id\":\"https:\\\/\\\/chemgramx.com\\\/#organization\"},\"potentialAction\":[{\"@type\":\"SearchAction\",\"target\":{\"@type\":\"EntryPoint\",\"urlTemplate\":\"https:\\\/\\\/chemgramx.com\\\/?s={search_term_string}\"},\"query-input\":{\"@type\":\"PropertyValueSpecification\",\"valueRequired\":true,\"valueName\":\"search_term_string\"}}],\"inLanguage\":\"cs\"},{\"@type\":\"Organization\",\"@id\":\"https:\\\/\\\/chemgramx.com\\\/#organization\",\"name\":\"Chemgramx\",\"url\":\"https:\\\/\\\/chemgramx.com\\\/\",\"logo\":{\"@type\":\"ImageObject\",\"inLanguage\":\"cs\",\"@id\":\"https:\\\/\\\/chemgramx.com\\\/#\\\/schema\\\/logo\\\/image\\\/\",\"url\":\"https:\\\/\\\/chemgramx.com\\\/wp-content\\\/uploads\\\/2024\\\/10\\\/final-logo.png\",\"contentUrl\":\"https:\\\/\\\/chemgramx.com\\\/wp-content\\\/uploads\\\/2024\\\/10\\\/final-logo.png\",\"width\":250,\"height\":48,\"caption\":\"Chemgramx\"},\"image\":{\"@id\":\"https:\\\/\\\/chemgramx.com\\\/#\\\/schema\\\/logo\\\/image\\\/\"}}]}<\/script>\n<!-- \/ Yoast SEO plugin. -->","yoast_head_json":{"title":"Koupit Blue Vaders 220 mg MDMA online | Chemgramx","description":"V na\u0161em obchod\u011b Chemgramx si m\u016f\u017eete koupit Blue Vaders 220 mg MDMA za dostupn\u00e9 ceny. Obchodujeme pouze s produkty nejvy\u0161\u0161\u00ed kvality. Kupte si Blue Vaders 220 mg MDMA online v na\u0161em obchod\u011b hned te\u010f. Objednejte si hned!","robots":{"index":"index","follow":"follow","max-snippet":"max-snippet:-1","max-image-preview":"max-image-preview:large","max-video-preview":"max-video-preview:-1"},"canonical":"https:\/\/chemgramx.com\/cs\/produkt-1\/blue-vaders-220mg-mdma-koupit-online\/","og_locale":"cs_CZ","og_type":"article","og_title":"Blue Vaders 220 mg MDMA online Kaufen | Chemgramx","og_description":"In unserem Chemgramx-Shop k\u00f6nnen Sie Blue Vaders 220 mg MDMA zu g\u00fcnstigen Preisen kaufen. Wir handeln ausschlie\u00dflich mit Produkten der Spitzenklasse. Kaufen Sie Blue Vaders 220 mg MDMA jetzt online in unserem Shop. Bestellen Sie gleich!","og_url":"https:\/\/chemgramx.com\/cs\/produkt-1\/blue-vaders-220mg-mdma-koupit-online\/","og_site_name":"Chemgramx","article_modified_time":"2025-12-11T01:06:19+00:00","og_image":[{"width":600,"height":400,"url":"https:\/\/chemgramx.com\/wp-content\/uploads\/2025\/12\/p-11.png","type":"image\/png"}],"twitter_card":"summary_large_image","twitter_misc":{"Odhadovan\u00e1 doba \u010dten\u00ed":"3 minuty"},"schema":{"@context":"https:\/\/schema.org","@graph":[{"@type":"WebPage","@id":"https:\/\/chemgramx.com\/product\/blue-vaders-220mg-mdma-online-kaufen\/","url":"https:\/\/chemgramx.com\/product\/blue-vaders-220mg-mdma-online-kaufen\/","name":"Koupit Blue Vaders 220 mg MDMA online | Chemgramx","isPartOf":{"@id":"https:\/\/chemgramx.com\/#website"},"primaryImageOfPage":{"@id":"https:\/\/chemgramx.com\/product\/blue-vaders-220mg-mdma-online-kaufen\/#primaryimage"},"image":{"@id":"https:\/\/chemgramx.com\/product\/blue-vaders-220mg-mdma-online-kaufen\/#primaryimage"},"thumbnailUrl":"https:\/\/chemgramx.com\/wp-content\/uploads\/2025\/12\/p-11.png","datePublished":"2025-12-11T01:04:48+00:00","dateModified":"2025-12-11T01:06:19+00:00","description":"V na\u0161em obchod\u011b Chemgramx si m\u016f\u017eete koupit Blue Vaders 220 mg MDMA za dostupn\u00e9 ceny. Obchodujeme pouze s produkty nejvy\u0161\u0161\u00ed kvality. Kupte si Blue Vaders 220 mg MDMA online v na\u0161em obchod\u011b hned te\u010f. Objednejte si hned!","breadcrumb":{"@id":"https:\/\/chemgramx.com\/product\/blue-vaders-220mg-mdma-online-kaufen\/#breadcrumb"},"inLanguage":"cs","potentialAction":[{"@type":"ReadAction","target":["https:\/\/chemgramx.com\/product\/blue-vaders-220mg-mdma-online-kaufen\/"]}]},{"@type":"ImageObject","inLanguage":"cs","@id":"https:\/\/chemgramx.com\/product\/blue-vaders-220mg-mdma-online-kaufen\/#primaryimage","url":"https:\/\/chemgramx.com\/wp-content\/uploads\/2025\/12\/p-11.png","contentUrl":"https:\/\/chemgramx.com\/wp-content\/uploads\/2025\/12\/p-11.png","width":600,"height":400},{"@type":"BreadcrumbList","@id":"https:\/\/chemgramx.com\/product\/blue-vaders-220mg-mdma-online-kaufen\/#breadcrumb","itemListElement":[{"@type":"ListItem","position":1,"name":"Home","item":"https:\/\/chemgramx.com\/"},{"@type":"ListItem","position":2,"name":"Shop","item":"https:\/\/chemgramx.com\/shop\/"},{"@type":"ListItem","position":3,"name":"Blue Vaders 220mg MDMA Online kaufen"}]},{"@type":"WebSite","@id":"https:\/\/chemgramx.com\/#website","url":"https:\/\/chemgramx.com\/","name":"Chemgramx","description":"","publisher":{"@id":"https:\/\/chemgramx.com\/#organization"},"potentialAction":[{"@type":"SearchAction","target":{"@type":"EntryPoint","urlTemplate":"https:\/\/chemgramx.com\/?s={search_term_string}"},"query-input":{"@type":"PropertyValueSpecification","valueRequired":true,"valueName":"search_term_string"}}],"inLanguage":"cs"},{"@type":"Organization","@id":"https:\/\/chemgramx.com\/#organization","name":"Chemgramx","url":"https:\/\/chemgramx.com\/","logo":{"@type":"ImageObject","inLanguage":"cs","@id":"https:\/\/chemgramx.com\/#\/schema\/logo\/image\/","url":"https:\/\/chemgramx.com\/wp-content\/uploads\/2024\/10\/final-logo.png","contentUrl":"https:\/\/chemgramx.com\/wp-content\/uploads\/2024\/10\/final-logo.png","width":250,"height":48,"caption":"Chemgramx"},"image":{"@id":"https:\/\/chemgramx.com\/#\/schema\/logo\/image\/"}}]}},"_links":{"self":[{"href":"https:\/\/chemgramx.com\/cs\/wp-json\/wp\/v2\/product\/8788","targetHints":{"allow":["GET"]}}],"collection":[{"href":"https:\/\/chemgramx.com\/cs\/wp-json\/wp\/v2\/product"}],"about":[{"href":"https:\/\/chemgramx.com\/cs\/wp-json\/wp\/v2\/types\/product"}],"replies":[{"embeddable":true,"href":"https:\/\/chemgramx.com\/cs\/wp-json\/wp\/v2\/comments?post=8788"}],"wp:featuredmedia":[{"embeddable":true,"href":"https:\/\/chemgramx.com\/cs\/wp-json\/wp\/v2\/media\/8823"}],"wp:attachment":[{"href":"https:\/\/chemgramx.com\/cs\/wp-json\/wp\/v2\/media?parent=8788"}],"wp:term":[{"taxonomy":"product_brand","embeddable":true,"href":"https:\/\/chemgramx.com\/cs\/wp-json\/wp\/v2\/product_brand?post=8788"},{"taxonomy":"product_cat","embeddable":true,"href":"https:\/\/chemgramx.com\/cs\/wp-json\/wp\/v2\/product_cat?post=8788"},{"taxonomy":"product_tag","embeddable":true,"href":"https:\/\/chemgramx.com\/cs\/wp-json\/wp\/v2\/product_tag?post=8788"}],"curies":[{"name":"wp","href":"https:\/\/api.w.org\/{rel}","templated":true}]}}