{"id":8797,"date":"2025-12-11T01:05:23","date_gmt":"2025-12-11T01:05:23","guid":{"rendered":"https:\/\/chemgramx.com\/?post_type=product&#038;p=8797"},"modified":"2025-12-11T01:06:19","modified_gmt":"2025-12-11T01:06:19","slug":"buy-blue-punishers-290mg-online","status":"publish","type":"product","link":"https:\/\/chemgramx.com\/cs\/product\/blue-punishers-290mg-online-kaufen\/","title":{"rendered":"BLUE PUNISHERS 290MG Koupit online"},"content":{"rendered":"<h2 data-start=\"125\" data-end=\"191\">Objevte BLUE PUNISHERS 290MG: Koupit BLUE PUNISHERS 290MG online<\/h2>\n<p data-start=\"210\" data-end=\"671\">V oblasti kognitivn\u00edch funkc\u00ed si BLUE PUNISHERS 290MG buy online rychle z\u00edskal popularitu. Je ur\u010den u\u017eivatel\u016fm, kte\u0159\u00ed hledaj\u00ed siln\u00e9, spolehliv\u00e9 a hlubok\u00e9 zv\u00fd\u0161en\u00ed du\u0161evn\u00ed jasnosti, n\u00e1lady a emo\u010dn\u00ed propojenosti. D\u00edky siln\u00e9mu slo\u017een\u00ed a osv\u011bd\u010den\u00fdm \u00fa\u010dink\u016fm je BLUE PUNISHERS 290MG koupit online preferovanou volbou pro ka\u017ed\u00e9ho, kdo chce zlep\u0161it sv\u016fj kognitivn\u00ed v\u00fdkon a soci\u00e1ln\u00ed pro\u017eitek.<\/p>\n<h3 data-start=\"673\" data-end=\"707\">Co je MODR\u00dd TRESTITEL 290MG?<\/h3>\n<p data-start=\"709\" data-end=\"1049\"><a href=\"https:\/\/en.wikipedia.org\/wiki\/MDMA\">MOD\u0158\u00cd TRESTANCI<\/a> 290MG na prodej je vysoce kvalitn\u00ed p\u0159\u00edpravek 3,4-methylendioxymetamfetaminu (MDMA) s d\u00e1vkou 290 mg na jednotku. Tento produkt p\u0159in\u00e1\u0161\u00ed vyv\u00e1\u017een\u00fd psychoaktivn\u00ed z\u00e1\u017eitek, kter\u00fd kombinuje stimula\u010dn\u00ed a empatogenn\u00ed \u00fa\u010dinky - ide\u00e1ln\u00ed pro zku\u0161en\u00e9 u\u017eivatele, kte\u0159\u00ed cht\u011bj\u00ed konzistentn\u00ed v\u00fdsledky.<\/p>\n<h3 data-start=\"1051\" data-end=\"1088\">Chemick\u00fd profil a historie<\/h3>\n<p data-start=\"1090\" data-end=\"1461\">MDMA byl poprv\u00e9 syntetizov\u00e1n na po\u010d\u00e1tku 20. stolet\u00ed a je zn\u00e1m\u00fd svou schopnost\u00ed zlep\u0161ovat n\u00e1ladu, empatii a kognitivn\u00ed funkce. P\u0159\u00edkazov\u00e1 varianta<a href=\"https:\/\/chemgramx.com\/product\/blue-punishers-290mg\/\">\u00a0MODR\u00c9 TRESTY 290MG<\/a> se vyzna\u010duje p\u0159esnou v\u00fdrobou, vysokou \u010distotou a konzistentn\u00ed \u00fa\u010dinnost\u00ed \u2013 co\u017e je jeden z d\u016fvod\u016f, pro\u010d je cen\u011bn v komunit\u011b lid\u00ed specializuj\u00edc\u00edch se na kognitivn\u00ed vylep\u0161en\u00ed.<\/p>\n<h3 data-start=\"1463\" data-end=\"1481\">Jak to funguje?<\/h3>\n<p data-start=\"1483\" data-end=\"1870\">Koupit BLUE PUNISHERS 290MG podporuje uvol\u0148ov\u00e1n\u00ed serotoninu, dopaminu a noradrenalinu v mozku. Toto uvol\u0148ov\u00e1n\u00ed vede ke zlep\u0161en\u00ed n\u00e1lady, zv\u00fd\u0161en\u00ed du\u0161evn\u00ed bd\u011blosti, pos\u00edlen\u00ed empatie a zlep\u0161en\u00ed soci\u00e1ln\u00ed interakce. MDMA nav\u00edc m\u016f\u017ee podporovat neuroprotektivn\u00ed \u00fa\u010dinky posilov\u00e1n\u00edm synaptick\u00e9 plasticity a kognitivn\u00ed odolnosti.<\/p>\n<h3 data-start=\"1872\" data-end=\"1910\">Mo\u017en\u00e9 \u00fa\u010dinky p\u0159\u00edpravku BLUE PUNISHERS 290MG<\/h3>\n<ul data-start=\"1912\" data-end=\"2358\">\n<li data-start=\"1912\" data-end=\"2008\">\n<p data-start=\"1914\" data-end=\"2008\">Lep\u0161\u00ed emocion\u00e1ln\u00ed spojen\u00ed: Podporuje empatii a hlub\u0161\u00ed emocion\u00e1ln\u00ed interakce.<\/p>\n<\/li>\n<li data-start=\"2009\" data-end=\"2091\">\n<p data-start=\"2011\" data-end=\"2091\">Zv\u00fd\u0161en\u00ed kognitivn\u00edch funkc\u00ed: Zvy\u0161uje soust\u0159ed\u011bn\u00ed, du\u0161evn\u00ed jasnost a motivaci.<\/p>\n<\/li>\n<li data-start=\"2187\" data-end=\"2263\">\n<p data-start=\"2189\" data-end=\"2263\">St\u00e1l\u00e9 d\u00e1vkov\u00e1n\u00ed: S\u00edla 290 mg zaru\u010duje p\u0159edv\u00eddateln\u00e9 \u00fa\u010dinky.<\/p>\n<\/li>\n<li data-start=\"2264\" data-end=\"2358\">\n<p data-start=\"2266\" data-end=\"2358\">Potenci\u00e1ln\u00ed neuroprotekce: Podporuje zdrav\u00ed mozku a dlouhov\u011bkost kognitivn\u00edch funkc\u00ed.<\/p>\n<\/li>\n<\/ul>\n<h3 data-start=\"2360\" data-end=\"2406\">Mo\u017en\u00e9 \u00fa\u010dinky p\u0159\u00edpravku BLUE PUNISHERS 290MG<\/h3>\n<ul data-start=\"2434\" data-end=\"2762\">\n<li data-start=\"2434\" data-end=\"2479\">\n<p data-start=\"2436\" data-end=\"2479\">Zv\u00fd\u0161en\u00e1 empatie a emo\u010dn\u00ed otev\u0159enost<\/p>\n<\/li>\n<li data-start=\"2520\" data-end=\"2578\">\n<p data-start=\"2522\" data-end=\"2578\">Do\u010dasn\u00e9 nap\u011bt\u00ed \u010delisti nebo sk\u0159\u00edp\u00e1n\u00ed zub\u016f<\/p>\n<\/li>\n<li data-start=\"2579\" data-end=\"2645\">\n<p data-start=\"2581\" data-end=\"2645\">M\u00edrn\u00e1 kardiovaskul\u00e1rn\u00ed stimulace (zv\u00fd\u0161en\u00fd puls, krevn\u00ed tlak)<\/p>\n<\/li>\n<li data-start=\"2646\" data-end=\"2696\">\n<p data-start=\"2648\" data-end=\"2696\">Pot\u0159eba dostate\u010dn\u00e9ho p\u0159\u00edjmu tekutin<\/p>\n<\/li>\n<\/ul>\n<h3 data-start=\"2850\" data-end=\"2904\">Dostupn\u00e9 formy p\u0159\u00edpravku BLUE PUNISHERS 290MG online<\/h3>\n<ul data-start=\"2906\" data-end=\"3094\">\n<li data-start=\"2906\" data-end=\"2968\">\n<p data-start=\"2908\" data-end=\"2968\">Pr\u00e1\u0161ek: Flexibiln\u00ed d\u00e1vkov\u00e1n\u00ed a individu\u00e1ln\u00ed zp\u016fsoby u\u017e\u00edv\u00e1n\u00ed<\/p>\n<\/li>\n<li data-start=\"2969\" data-end=\"3026\">\n<p data-start=\"2971\" data-end=\"3026\">Kapsle: P\u0159edp\u0159ipraven\u00e9, praktick\u00e9 a diskr\u00e9tn\u00ed d\u00e1vky<\/p>\n<\/li>\n<li data-start=\"3027\" data-end=\"3094\">\n<p data-start=\"3029\" data-end=\"3094\">Sublingv\u00e1ln\u00ed tablety: Rychlej\u0161\u00ed vst\u0159eb\u00e1v\u00e1n\u00ed a n\u00e1stup \u00fa\u010dinku<\/p>\n<\/li>\n<\/ul>\n<h3 data-start=\"3096\" data-end=\"3152\">Je leg\u00e1ln\u00ed koupit BLUE PUNISHERS 290MG online?<\/h3>\n<p data-start=\"3154\" data-end=\"3532\">Pr\u00e1vn\u00ed status MDMA, v\u010detn\u011b toho, kde koupit BLUE PUNISHERS 290MG, se ve sv\u011bt\u011b li\u0161\u00ed. V USA, Velk\u00e9 Brit\u00e1nii a EU je MDMA v\u011bt\u0161inou kontrolov\u00e1n, tak\u017ee n\u00e1kup a dr\u017een\u00ed bez povolen\u00ed jsou nez\u00e1konn\u00e9. N\u011bkter\u00e9 regiony povoluj\u00ed v\u00fdjimky pro v\u00fdzkumn\u00e9 nebo l\u00e9ka\u0159sk\u00e9 \u00fa\u010dely. P\u0159ed objedn\u00e1n\u00edm a n\u00e1kupem p\u0159\u00edpravku BLUE PUNISHERS 290MG si v\u017edy ov\u011b\u0159te m\u00edstn\u00ed z\u00e1kony.<\/p>\n<h3 data-start=\"3534\" data-end=\"3576\">Jak si vybrat seri\u00f3zn\u00edho prodejce?<\/h3>\n<p data-start=\"3578\" data-end=\"3641\">P\u0159i n\u00e1kupu produktu BLUE PUNISHER 290 MG online by m\u011bl dodavatel:<\/p>\n<ul data-start=\"3643\" data-end=\"3924\">\n<li data-start=\"3643\" data-end=\"3731\">\n<p data-start=\"3645\" data-end=\"3731\">Poskytnut\u00ed transparentn\u00edch laboratorn\u00edch zpr\u00e1v pro potvrzen\u00ed \u010distoty a bezpe\u010dnosti<\/p>\n<\/li>\n<li data-start=\"3732\" data-end=\"3799\">\n<p data-start=\"3734\" data-end=\"3799\">Nab\u00eddka bezpe\u010dn\u00fdch a diskr\u00e9tn\u00edch zp\u016fsob\u016f platby a mo\u017enost\u00ed dopravy<\/p>\n<\/li>\n<li data-start=\"3800\" data-end=\"3863\">\n<p data-start=\"3802\" data-end=\"3863\">Poskytovat pozitivn\u00ed hodnocen\u00ed z\u00e1kazn\u00edk\u016f a spolehlivou podporu<\/p>\n<\/li>\n<li data-start=\"3864\" data-end=\"3924\">\n<p data-start=\"3866\" data-end=\"3924\">Poskytov\u00e1n\u00ed jasn\u00fdch informac\u00ed o produktu a d\u00e1vkov\u00e1n\u00ed<\/p>\n<\/li>\n<\/ul>\n<h3 data-start=\"4087\" data-end=\"4097\">Z\u00e1v\u011br<\/h3>\n<p data-start=\"4099\" data-end=\"4519\">BLUE PUNISHERS 290MG koupit online je prvot\u0159\u00eddn\u00ed volbou pro ka\u017ed\u00e9ho, kdo hled\u00e1 siln\u00e9, spolehliv\u00e9 a \u00fa\u010dinn\u00e9 kognitivn\u00ed a emocion\u00e1ln\u00ed pos\u00edlen\u00ed. D\u00edky vyv\u00e1\u017een\u00fdm \u00fa\u010dink\u016fm, vysok\u00e9 \u010distot\u011b a konzistentn\u00edmu d\u00e1vkov\u00e1n\u00ed je ide\u00e1ln\u00ed pro zku\u0161en\u00e9 u\u017eivatele. Najd\u011bte nejlep\u0161\u00ed m\u00edsto, kde si BLUE PUNISHERS 290MG koupit online, a za\u010dn\u011bte svou transforma\u010dn\u00ed cestu ke zlep\u0161en\u00ed kognitivn\u00edho a emocion\u00e1ln\u00edho zdrav\u00ed.<\/p>","protected":false},"excerpt":{"rendered":"<p><strong>Blue Punishers 290 mg MDMA<\/strong>\u00a0nab\u00edz\u00ed mimo\u0159\u00e1dn\u011b siln\u00fd z\u00e1\u017eitek s vysokou d\u00e1vkou 290 mg \u010dist\u00e9ho MDMA. Ide\u00e1ln\u00ed pro zku\u0161en\u00e9 u\u017eivatele, kte\u0159\u00ed hledaj\u00ed maxim\u00e1ln\u00ed euforii, trvalou energii a emocion\u00e1ln\u00ed spojen\u00ed. Ide\u00e1ln\u00ed volba pro tane\u010dn\u00ed akce nebo festivaly. Ka\u017ed\u00e1 tableta proch\u00e1z\u00ed p\u0159\u00edsn\u00fdm testov\u00e1n\u00edm kvality a bezpe\u010dnosti, aby byla zaji\u0161t\u011bna jej\u00ed spolehlivost.<\/p>","protected":false},"featured_media":8825,"comment_status":"open","ping_status":"closed","template":"","meta":{"_joinchat":[]},"product_brand":[],"product_cat":[2846],"product_tag":[2360,2359,2363,2361,2362,2011,2017,2164,2018,2015],"class_list":{"0":"post-8797","1":"product","2":"type-product","3":"status-publish","4":"has-post-thumbnail","6":"product_cat-ecstasy-pills","7":"product_tag-290mg-mdma","8":"product_tag-blue-punishers","9":"product_tag-blue-punishers-kaufen","10":"product_tag-blue-punishers-mdma","11":"product_tag-mdma-290mg","12":"product_tag-mdma-kaufen","13":"product_tag-mdma-kristalle","14":"product_tag-mdma-online-kaufen","15":"product_tag-mdma-zum-verkauf","16":"product_tag-synthetische-drogen","18":"first","19":"instock","20":"shipping-taxable","21":"purchasable","22":"product-type-variable"},"yoast_head":"<!-- This site is optimized with the Yoast SEO plugin v27.5 - https:\/\/yoast.com\/product\/yoast-seo-wordpress\/ -->\n<title>Blue Punishers 290 mg MDMA-Verkauf | Kaufen Sie starke MDMA-Tabletten<\/title>\n<meta name=\"description\" content=\"Kaufen Sie Blue Punishers 290 mg MDMA \u2013 starke Tabletten mit 290 mg reinem MDMA. Auf Qualit\u00e4t gepr\u00fcft, schnelle Lieferung. Bestellen Sie f\u00fcr extreme Euphorie und Energie!\" \/>\n<meta name=\"robots\" content=\"index, follow, max-snippet:-1, max-image-preview:large, max-video-preview:-1\" \/>\n<link rel=\"canonical\" href=\"https:\/\/chemgramx.com\/cs\/produkt-1\/buy-blue-punishers-290mg-online\/\" \/>\n<meta property=\"og:locale\" content=\"cs_CZ\" \/>\n<meta property=\"og:type\" content=\"article\" \/>\n<meta property=\"og:title\" content=\"Blue Punishers 290 mg MDMA-Verkauf | Kaufen Sie starke MDMA-Tabletten\" \/>\n<meta property=\"og:description\" content=\"Kaufen Sie Blue Punishers 290 mg MDMA \u2013 starke Tabletten mit 290 mg reinem MDMA. Auf Qualit\u00e4t gepr\u00fcft, schnelle Lieferung. Bestellen Sie f\u00fcr extreme Euphorie und Energie!\" \/>\n<meta property=\"og:url\" content=\"https:\/\/chemgramx.com\/cs\/produkt-1\/buy-blue-punishers-290mg-online\/\" \/>\n<meta property=\"og:site_name\" content=\"Chemgramx\" \/>\n<meta property=\"article:modified_time\" content=\"2025-12-11T01:06:19+00:00\" \/>\n<meta property=\"og:image\" content=\"https:\/\/chemgramx.com\/wp-content\/uploads\/2025\/12\/p-8-1-1.png\" \/>\n\t<meta property=\"og:image:width\" content=\"600\" \/>\n\t<meta property=\"og:image:height\" content=\"400\" \/>\n\t<meta property=\"og:image:type\" content=\"image\/png\" \/>\n<meta name=\"twitter:card\" content=\"summary_large_image\" \/>\n<meta name=\"twitter:label1\" content=\"Odhadovan\u00e1 doba \u010dten\u00ed\" \/>\n\t<meta name=\"twitter:data1\" content=\"3 minuty\" \/>\n<script type=\"application\/ld+json\" class=\"yoast-schema-graph\">{\"@context\":\"https:\\\/\\\/schema.org\",\"@graph\":[{\"@type\":\"WebPage\",\"@id\":\"https:\\\/\\\/chemgramx.com\\\/product\\\/blue-punishers-290mg-online-kaufen\\\/\",\"url\":\"https:\\\/\\\/chemgramx.com\\\/product\\\/blue-punishers-290mg-online-kaufen\\\/\",\"name\":\"Blue Punishers 290 mg MDMA-Verkauf | Kaufen Sie starke MDMA-Tabletten\",\"isPartOf\":{\"@id\":\"https:\\\/\\\/chemgramx.com\\\/#website\"},\"primaryImageOfPage\":{\"@id\":\"https:\\\/\\\/chemgramx.com\\\/product\\\/blue-punishers-290mg-online-kaufen\\\/#primaryimage\"},\"image\":{\"@id\":\"https:\\\/\\\/chemgramx.com\\\/product\\\/blue-punishers-290mg-online-kaufen\\\/#primaryimage\"},\"thumbnailUrl\":\"https:\\\/\\\/chemgramx.com\\\/wp-content\\\/uploads\\\/2025\\\/12\\\/p-8-1-1.png\",\"datePublished\":\"2025-12-11T01:05:23+00:00\",\"dateModified\":\"2025-12-11T01:06:19+00:00\",\"description\":\"Kaufen Sie Blue Punishers 290 mg MDMA \u2013 starke Tabletten mit 290 mg reinem MDMA. Auf Qualit\u00e4t gepr\u00fcft, schnelle Lieferung. Bestellen Sie f\u00fcr extreme Euphorie und Energie!\",\"breadcrumb\":{\"@id\":\"https:\\\/\\\/chemgramx.com\\\/product\\\/blue-punishers-290mg-online-kaufen\\\/#breadcrumb\"},\"inLanguage\":\"cs\",\"potentialAction\":[{\"@type\":\"ReadAction\",\"target\":[\"https:\\\/\\\/chemgramx.com\\\/product\\\/blue-punishers-290mg-online-kaufen\\\/\"]}]},{\"@type\":\"ImageObject\",\"inLanguage\":\"cs\",\"@id\":\"https:\\\/\\\/chemgramx.com\\\/product\\\/blue-punishers-290mg-online-kaufen\\\/#primaryimage\",\"url\":\"https:\\\/\\\/chemgramx.com\\\/wp-content\\\/uploads\\\/2025\\\/12\\\/p-8-1-1.png\",\"contentUrl\":\"https:\\\/\\\/chemgramx.com\\\/wp-content\\\/uploads\\\/2025\\\/12\\\/p-8-1-1.png\",\"width\":600,\"height\":400},{\"@type\":\"BreadcrumbList\",\"@id\":\"https:\\\/\\\/chemgramx.com\\\/product\\\/blue-punishers-290mg-online-kaufen\\\/#breadcrumb\",\"itemListElement\":[{\"@type\":\"ListItem\",\"position\":1,\"name\":\"Home\",\"item\":\"https:\\\/\\\/chemgramx.com\\\/\"},{\"@type\":\"ListItem\",\"position\":2,\"name\":\"Shop\",\"item\":\"https:\\\/\\\/chemgramx.com\\\/shop\\\/\"},{\"@type\":\"ListItem\",\"position\":3,\"name\":\"BLUE PUNISHERS 290MG Online kaufen\"}]},{\"@type\":\"WebSite\",\"@id\":\"https:\\\/\\\/chemgramx.com\\\/#website\",\"url\":\"https:\\\/\\\/chemgramx.com\\\/\",\"name\":\"Chemgramx\",\"description\":\"\",\"publisher\":{\"@id\":\"https:\\\/\\\/chemgramx.com\\\/#organization\"},\"potentialAction\":[{\"@type\":\"SearchAction\",\"target\":{\"@type\":\"EntryPoint\",\"urlTemplate\":\"https:\\\/\\\/chemgramx.com\\\/?s={search_term_string}\"},\"query-input\":{\"@type\":\"PropertyValueSpecification\",\"valueRequired\":true,\"valueName\":\"search_term_string\"}}],\"inLanguage\":\"cs\"},{\"@type\":\"Organization\",\"@id\":\"https:\\\/\\\/chemgramx.com\\\/#organization\",\"name\":\"Chemgramx\",\"url\":\"https:\\\/\\\/chemgramx.com\\\/\",\"logo\":{\"@type\":\"ImageObject\",\"inLanguage\":\"cs\",\"@id\":\"https:\\\/\\\/chemgramx.com\\\/#\\\/schema\\\/logo\\\/image\\\/\",\"url\":\"https:\\\/\\\/chemgramx.com\\\/wp-content\\\/uploads\\\/2024\\\/10\\\/final-logo.png\",\"contentUrl\":\"https:\\\/\\\/chemgramx.com\\\/wp-content\\\/uploads\\\/2024\\\/10\\\/final-logo.png\",\"width\":250,\"height\":48,\"caption\":\"Chemgramx\"},\"image\":{\"@id\":\"https:\\\/\\\/chemgramx.com\\\/#\\\/schema\\\/logo\\\/image\\\/\"}}]}<\/script>\n<!-- \/ Yoast SEO plugin. -->","yoast_head_json":{"title":"V\u00fdprodej MDMA Blue Punishers 290 mg | Koupit siln\u00e9 tablety MDMA","description":"Kupte si Blue Punishers 290 mg MDMA \u2013 siln\u00e9 tablety s 290 mg \u010dist\u00e9ho MDMA. Testovan\u00e1 kvalita, rychl\u00e9 dod\u00e1n\u00ed. Objednejte si pro extr\u00e9mn\u00ed euforii a energii!","robots":{"index":"index","follow":"follow","max-snippet":"max-snippet:-1","max-image-preview":"max-image-preview:large","max-video-preview":"max-video-preview:-1"},"canonical":"https:\/\/chemgramx.com\/cs\/produkt-1\/buy-blue-punishers-290mg-online\/","og_locale":"cs_CZ","og_type":"article","og_title":"Blue Punishers 290 mg MDMA-Verkauf | Kaufen Sie starke MDMA-Tabletten","og_description":"Kaufen Sie Blue Punishers 290 mg MDMA \u2013 starke Tabletten mit 290 mg reinem MDMA. Auf Qualit\u00e4t gepr\u00fcft, schnelle Lieferung. Bestellen Sie f\u00fcr extreme Euphorie und Energie!","og_url":"https:\/\/chemgramx.com\/cs\/produkt-1\/buy-blue-punishers-290mg-online\/","og_site_name":"Chemgramx","article_modified_time":"2025-12-11T01:06:19+00:00","og_image":[{"width":600,"height":400,"url":"https:\/\/chemgramx.com\/wp-content\/uploads\/2025\/12\/p-8-1-1.png","type":"image\/png"}],"twitter_card":"summary_large_image","twitter_misc":{"Odhadovan\u00e1 doba \u010dten\u00ed":"3 minuty"},"schema":{"@context":"https:\/\/schema.org","@graph":[{"@type":"WebPage","@id":"https:\/\/chemgramx.com\/product\/blue-punishers-290mg-online-kaufen\/","url":"https:\/\/chemgramx.com\/product\/blue-punishers-290mg-online-kaufen\/","name":"V\u00fdprodej MDMA Blue Punishers 290 mg | Koupit siln\u00e9 tablety MDMA","isPartOf":{"@id":"https:\/\/chemgramx.com\/#website"},"primaryImageOfPage":{"@id":"https:\/\/chemgramx.com\/product\/blue-punishers-290mg-online-kaufen\/#primaryimage"},"image":{"@id":"https:\/\/chemgramx.com\/product\/blue-punishers-290mg-online-kaufen\/#primaryimage"},"thumbnailUrl":"https:\/\/chemgramx.com\/wp-content\/uploads\/2025\/12\/p-8-1-1.png","datePublished":"2025-12-11T01:05:23+00:00","dateModified":"2025-12-11T01:06:19+00:00","description":"Kupte si Blue Punishers 290 mg MDMA \u2013 siln\u00e9 tablety s 290 mg \u010dist\u00e9ho MDMA. Testovan\u00e1 kvalita, rychl\u00e9 dod\u00e1n\u00ed. Objednejte si pro extr\u00e9mn\u00ed euforii a energii!","breadcrumb":{"@id":"https:\/\/chemgramx.com\/product\/blue-punishers-290mg-online-kaufen\/#breadcrumb"},"inLanguage":"cs","potentialAction":[{"@type":"ReadAction","target":["https:\/\/chemgramx.com\/product\/blue-punishers-290mg-online-kaufen\/"]}]},{"@type":"ImageObject","inLanguage":"cs","@id":"https:\/\/chemgramx.com\/product\/blue-punishers-290mg-online-kaufen\/#primaryimage","url":"https:\/\/chemgramx.com\/wp-content\/uploads\/2025\/12\/p-8-1-1.png","contentUrl":"https:\/\/chemgramx.com\/wp-content\/uploads\/2025\/12\/p-8-1-1.png","width":600,"height":400},{"@type":"BreadcrumbList","@id":"https:\/\/chemgramx.com\/product\/blue-punishers-290mg-online-kaufen\/#breadcrumb","itemListElement":[{"@type":"ListItem","position":1,"name":"Home","item":"https:\/\/chemgramx.com\/"},{"@type":"ListItem","position":2,"name":"Shop","item":"https:\/\/chemgramx.com\/shop\/"},{"@type":"ListItem","position":3,"name":"BLUE PUNISHERS 290MG Online kaufen"}]},{"@type":"WebSite","@id":"https:\/\/chemgramx.com\/#website","url":"https:\/\/chemgramx.com\/","name":"Chemgramx","description":"","publisher":{"@id":"https:\/\/chemgramx.com\/#organization"},"potentialAction":[{"@type":"SearchAction","target":{"@type":"EntryPoint","urlTemplate":"https:\/\/chemgramx.com\/?s={search_term_string}"},"query-input":{"@type":"PropertyValueSpecification","valueRequired":true,"valueName":"search_term_string"}}],"inLanguage":"cs"},{"@type":"Organization","@id":"https:\/\/chemgramx.com\/#organization","name":"Chemgramx","url":"https:\/\/chemgramx.com\/","logo":{"@type":"ImageObject","inLanguage":"cs","@id":"https:\/\/chemgramx.com\/#\/schema\/logo\/image\/","url":"https:\/\/chemgramx.com\/wp-content\/uploads\/2024\/10\/final-logo.png","contentUrl":"https:\/\/chemgramx.com\/wp-content\/uploads\/2024\/10\/final-logo.png","width":250,"height":48,"caption":"Chemgramx"},"image":{"@id":"https:\/\/chemgramx.com\/#\/schema\/logo\/image\/"}}]}},"_links":{"self":[{"href":"https:\/\/chemgramx.com\/cs\/wp-json\/wp\/v2\/product\/8797","targetHints":{"allow":["GET"]}}],"collection":[{"href":"https:\/\/chemgramx.com\/cs\/wp-json\/wp\/v2\/product"}],"about":[{"href":"https:\/\/chemgramx.com\/cs\/wp-json\/wp\/v2\/types\/product"}],"replies":[{"embeddable":true,"href":"https:\/\/chemgramx.com\/cs\/wp-json\/wp\/v2\/comments?post=8797"}],"wp:featuredmedia":[{"embeddable":true,"href":"https:\/\/chemgramx.com\/cs\/wp-json\/wp\/v2\/media\/8825"}],"wp:attachment":[{"href":"https:\/\/chemgramx.com\/cs\/wp-json\/wp\/v2\/media?parent=8797"}],"wp:term":[{"taxonomy":"product_brand","embeddable":true,"href":"https:\/\/chemgramx.com\/cs\/wp-json\/wp\/v2\/product_brand?post=8797"},{"taxonomy":"product_cat","embeddable":true,"href":"https:\/\/chemgramx.com\/cs\/wp-json\/wp\/v2\/product_cat?post=8797"},{"taxonomy":"product_tag","embeddable":true,"href":"https:\/\/chemgramx.com\/cs\/wp-json\/wp\/v2\/product_tag?post=8797"}],"curies":[{"name":"wp","href":"https:\/\/api.w.org\/{rel}","templated":true}]}}