{"id":888,"date":"2024-10-31T14:21:00","date_gmt":"2024-10-31T14:21:00","guid":{"rendered":"https:\/\/chemgramx.com\/?post_type=product&#038;p=888"},"modified":"2025-10-16T04:55:50","modified_gmt":"2025-10-16T04:55:50","slug":"5f-mdmb-2201","status":"publish","type":"product","link":"https:\/\/chemgramx.com\/cs\/product\/5f-mdmb-2201\/","title":{"rendered":"5F-MDMB-2201 koupit online"},"content":{"rendered":"<h2 data-start=\"149\" data-end=\"214\">Kupte si 5F-MDMB-2201 online \u2013 Vysoce kvalitn\u00ed v\u00fdzkumn\u00e1 chemik\u00e1lie<\/h2>\n<h3 data-start=\"216\" data-end=\"252\">\u00davod: Koupit 5F-MDMB-2201<\/h3>\n<p data-start=\"254\" data-end=\"672\">Sv\u011bt v\u00fdzkumn\u00fdch chemik\u00e1li\u00ed se neust\u00e1le vyv\u00edj\u00ed a nov\u00e9 l\u00e1tky spl\u0148uj\u00ed pot\u0159eby v\u00fdzkumn\u00edk\u016f. Mezi t\u011bmito slou\u010deninami jsou... <a href=\"https:\/\/chemgramx.com\/cs\/product\/5f-mdmb-2201\/\">5F-MDMB-2201<\/a> erhebliches Interesse geweckt. Viele Wissenschaftler und Labore entscheiden sich dazu, 5F-MDMB-2201 online kaufen oder direkt nach 5F-MDMB-2201 zu verkaufen zu suchen, da diese Verbindung durch ihre Potenz und Wirkung \u00fcberzeugt.<\/p>\n<h3 data-start=\"674\" data-end=\"700\">Byl to 5F-MDMB-2201?<\/h3>\n<p data-start=\"702\" data-end=\"1064\"><a href=\"https:\/\/en.wikipedia.org\/wiki\/5F-MDMB-PICA\">5F-MDMB-2201<\/a> je syntetick\u00fd kanabinoid pat\u0159\u00edc\u00ed do skupiny kanabinoid\u016f na b\u00e1zi indolu. Chemicky je podobn\u00fd zn\u00e1m\u00fdm slou\u010denin\u00e1m, jako jsou MDMB-CHMICA a FUB-AMB. V\u011bdci studuj\u00edc\u00ed receptory CB1 a CB2 \u010dasto vol\u00ed 5F-MDMB-2201, proto\u017ee m\u00e1 intenzivn\u011bj\u0161\u00ed a nep\u0159edv\u00eddateln\u011bj\u0161\u00ed \u00fa\u010dinky ne\u017e tradi\u010dn\u00ed kanabinoidy.<\/p>\n<p data-start=\"1066\" data-end=\"1278\">Die Substanz wird h\u00e4ufig mit THC verglichen, gilt jedoch als potenter und komplexer. Deshalb suchen immer mehr Wissenschaftler gezielt nach Bezugsquellen f\u00fcr 5F-MDMB-2201, um kontrollierte Studien durchzuf\u00fchren.<\/p>\n<h3 data-start=\"1280\" data-end=\"1318\">Pro\u010d koupit 5F-MDMB-2201 online?<\/h3>\n<p data-start=\"1320\" data-end=\"1395\">Es gibt mehrere Gr\u00fcnde, warum viele Forscher 5F-MDMB-2201 online kaufen:<\/p>\n<ul data-start=\"1397\" data-end=\"1756\">\n<li data-start=\"1397\" data-end=\"1466\">\n<p data-start=\"1399\" data-end=\"1466\">Novost a \u00fa\u010dinnost: Intenzivn\u011bj\u0161\u00ed ne\u017e u konven\u010dn\u00edch kanabinoid\u016f.<\/p>\n<\/li>\n<li data-start=\"1467\" data-end=\"1563\">\n<p data-start=\"1469\" data-end=\"1563\">Bequemlichkeit: Einfach 5F-MDMB-2201 online bestellen und direkt liefern lassen.<\/p>\n<\/li>\n<li data-start=\"1564\" data-end=\"1628\">\n<p data-start=\"1566\" data-end=\"1628\">Rozmanitost: K dispozici ve form\u011b pr\u00e1\u0161ku, kapsl\u00ed nebo tablet.<\/p>\n<\/li>\n<li data-start=\"1629\" data-end=\"1676\">\n<p data-start=\"1631\" data-end=\"1676\">Diskr\u00e9tnost: Bezpe\u010dn\u00e1 a soukrom\u00e1 doprava.<\/p>\n<\/li>\n<li data-start=\"1677\" data-end=\"1756\">\n<p data-start=\"1679\" data-end=\"1756\">Preisvorteile: Online findet man oft den besten 5F-MDMB-2201 Preis.<\/p>\n<\/li>\n<\/ul>\n<p data-start=\"1758\" data-end=\"1899\">Wer den bester Ort, um 5F-MDMB-2201 online zu kaufen sucht, sollte auf gepr\u00fcfte Qualit\u00e4t, zuverl\u00e4ssigen Service und schnelle Lieferung achten.<\/p>\n<h3 data-start=\"1901\" data-end=\"1926\">\u00da\u010dinky a p\u0159\u00ednosy<\/h3>\n<p data-start=\"1928\" data-end=\"2015\">U\u017eivatelsk\u00e9 zpr\u00e1vy a v\u00fdsledky v\u00fdzkumu ukazuj\u00ed n\u00e1sleduj\u00edc\u00ed \u00fa\u010dinky p\u0159\u00edpravku 5F-MDMB-2201:<\/p>\n<ul data-start=\"2017\" data-end=\"2165\">\n<li data-start=\"2017\" data-end=\"2055\">\n<p data-start=\"2019\" data-end=\"2055\">Euforie a zlep\u0161en\u00ed n\u00e1lady<\/p>\n<\/li>\n<li data-start=\"2056\" data-end=\"2090\">\n<p data-start=\"2058\" data-end=\"2090\">Zlep\u0161en\u00e9 smyslov\u00e9 vn\u00edm\u00e1n\u00ed<\/p>\n<\/li>\n<li data-start=\"2091\" data-end=\"2121\">\n<p data-start=\"2093\" data-end=\"2121\">Deep relaxation and peace<\/p>\n<\/li>\n<li data-start=\"2122\" data-end=\"2165\">\n<p data-start=\"2124\" data-end=\"2165\">Zwi\u0119kszona gadatliwo\u015b\u0107 i towarzysko\u015b\u0107<\/p>\n<\/li>\n<\/ul>\n<p data-start=\"2167\" data-end=\"2277\">\u00da\u010dinek trv\u00e1 2 a\u017e 6 hodin, i kdy\u017e i mal\u00e9 mno\u017estv\u00ed m\u016f\u017ee m\u00edt siln\u00e9 \u00fa\u010dinky.<\/p>\n<h3 data-start=\"2279\" data-end=\"2305\">D\u00e1vkov\u00e1n\u00ed<\/h3>\n<p data-start=\"2307\" data-end=\"2350\">Due to the potency, caution is important:<\/p>\n<ul data-start=\"2351\" data-end=\"2521\">\n<li data-start=\"2351\" data-end=\"2412\">\n<p data-start=\"2353\" data-end=\"2412\">Pro v\u00fdzkumn\u00e9 \u00fa\u010dely mnoho studi\u00ed za\u010d\u00edn\u00e1 na d\u00e1vce 0,5\u20131 mg.<\/p>\n<\/li>\n<li data-start=\"2413\" data-end=\"2450\">\n<p data-start=\"2415\" data-end=\"2450\">Opakovan\u00e9mu pod\u00e1v\u00e1n\u00ed je t\u0159eba se vyhnout.<\/p>\n<\/li>\n<li data-start=\"2451\" data-end=\"2521\">\n<p data-start=\"2453\" data-end=\"2521\">V z\u00e1vislosti na individu\u00e1ln\u00ed toleranci se \u00fa\u010dinky mohou zna\u010dn\u011b li\u0161it.<\/p>\n<\/li>\n<\/ul>\n<h3 data-start=\"2523\" data-end=\"2547\">Pr\u00e1vn\u00ed upozorn\u011bn\u00ed<\/h3>\n<p data-start=\"2549\" data-end=\"2841\">Der rechtliche Status von 5F-MDMB-2201 zu verkaufen variiert weltweit. In einigen L\u00e4ndern ist es als kontrollierte Substanz eingestuft, in anderen bleibt es legal f\u00fcr Forschungszwecke. K\u00e4ufer sollten sich daher stets \u00fcber die geltenden Gesetze informieren, bevor sie Bestellung 5F-MDMB-2201.<\/p>\n<h3 data-start=\"2843\" data-end=\"2853\">Z\u00e1v\u011br<\/h3>\n<p data-start=\"2855\" data-end=\"3254\">Wer nach einer starken, innovativen Forschungschemikalie sucht, sollte 5F-MDMB-2201 online kaufen von einer zuverl\u00e4ssigen Forschungsquelle in Betracht ziehen. Ein seri\u00f6ser Anbieter bietet gepr\u00fcfte Qualit\u00e4t, faire Preise und sicheren Versand. Der bester Ort, um 5F-MDMB-2201 online zu kaufen ist ein Shop, der Reinheit und Transparenz garantiert und Forschern dabei hilft, zuverl\u00e4ssige Ergebnisse zu erzielen.<\/p>","protected":false},"excerpt":{"rendered":"<p><strong>5F-MDMB (5-fluoromethyl-MDMB)<\/strong> je syntetick\u00e1 l\u00e1tka, kter\u00e1 pat\u0159\u00ed do skupiny syntetick\u00fdch kanabinoid\u016f. \u010casto se pou\u017e\u00edv\u00e1 jako v\u00fdzkumn\u00e1 chemik\u00e1lie a v posledn\u00edch letech si z\u00edsk\u00e1v\u00e1 st\u00e1le v\u011bt\u0161\u00ed pozornost na sc\u00e9n\u011b rekrea\u010dn\u00edch drog d\u00edky sv\u00fdm potenci\u00e1ln\u00edm psychoaktivn\u00edm \u00fa\u010dink\u016fm. Tento pr\u016fvodce poskytuje podrobn\u00fd p\u0159ehled 5F-MDMB, v\u010detn\u011b jeho chemick\u00e9 struktury, \u00fa\u010dink\u016f, rizik a pr\u00e1vn\u00edho statusu.<\/p>\n<h3>Chemick\u00e1 struktura a vzorec<\/h3>\n<ul>\n<li><strong>Chemick\u00fd vzorec:<\/strong> C\u2082\u2082H\u2082\u2088FNO\u2082<\/li>\n<li><strong>N\u00e1zev IUPAC:<\/strong> 3-(5-fluormethyl-1H-indol-3-yl)-1-(4-fluorofenyl)propan-1-on<\/li>\n<li><strong>\u010c\u00edslo CAS:<\/strong> &lt;<em>Pozn\u00e1mka: Zkontrolujte si pros\u00edm p\u0159esn\u00e9 \u010d\u00edslo CAS pro 5F-MDMB, proto\u017ee se m\u016f\u017ee li\u0161it v z\u00e1vislosti na konkr\u00e9tn\u00edm deriv\u00e1tu.<\/em>&gt;<\/li>\n<\/ul>","protected":false},"featured_media":887,"comment_status":"open","ping_status":"closed","template":"","meta":{"_joinchat":[]},"product_brand":[],"product_cat":[47],"product_tag":[328,327,350,342,351,339,355,354,337,340,343,338,348,341,353,345,344,352,346,349,347,334,329,188,251,336,335,321,331,332,250,333,330],"class_list":{"0":"post-888","1":"product","2":"type-product","3":"status-publish","4":"has-post-thumbnail","6":"product_cat-cannabinoids","7":"product_tag-5-fluoromethyl-mdmb","8":"product_tag-5f-mdmb","9":"product_tag-5f-mdmb-analyse","10":"product_tag-5f-mdmb-anwendung","11":"product_tag-5f-mdmb-chemie","12":"product_tag-5f-mdmb-forschung","13":"product_tag-5f-mdmb-forschungslabor","14":"product_tag-5f-mdmb-groshandel","15":"product_tag-5f-mdmb-kaufen","16":"product_tag-5f-mdmb-labor","17":"product_tag-5f-mdmb-lagerung","18":"product_tag-5f-mdmb-lieferant","19":"product_tag-5f-mdmb-markt","20":"product_tag-5f-mdmb-preis","21":"product_tag-5f-mdmb-referenzmaterial","22":"product_tag-5f-mdmb-risiken","23":"product_tag-5f-mdmb-sicherheit","24":"product_tag-5f-mdmb-substanz","25":"product_tag-5f-mdmb-verfugbarkeit","26":"product_tag-5f-mdmb-vertrieb","27":"product_tag-5f-mdmb-vorschriften","28":"product_tag-ahnliche-substanzen-zu-5f-mdmb","29":"product_tag-chemische-formel-5f-mdmb","30":"product_tag-forschungschemikalien","31":"product_tag-gesundheitliche-risiken","32":"product_tag-jwh-018","33":"product_tag-mdmb-fubinaca","34":"product_tag-mdpv","35":"product_tag-rechtlicher-status-5f-mdmb","36":"product_tag-risiken-5f-mdmb","37":"product_tag-suchtgefahr","38":"product_tag-synthetische-cannabinoide","39":"product_tag-wirkungen-von-5f-mdmb","41":"first","42":"instock","43":"shipping-taxable","44":"purchasable","45":"product-type-variable"},"yoast_head":"<!-- This site is optimized with the Yoast SEO plugin v26.1.1 - https:\/\/yoast.com\/wordpress\/plugins\/seo\/ -->\n<title>5F-MDMB-2201 online kaufen \u2013 5F-MDMB-2201 zu verkaufen<\/title>\n<meta name=\"description\" content=\"Wenn Sie sich f\u00fcr 5f-mdmb-2201 begeistern, dann ist unser Shop der beste Ort, um 5f-mdmb-2201 online zu kaufen. Sie k\u00f6nnen 5f-mdmb-2201 zum niedrigsten Preis kaufen. Bestellen Sie jetzt und erhalten Sie es in K\u00fcrze!\" \/>\n<meta name=\"robots\" content=\"index, follow, max-snippet:-1, max-image-preview:large, max-video-preview:-1\" \/>\n<link rel=\"canonical\" href=\"https:\/\/chemgramx.com\/cs\/product\/5f-mdmb-2201\/\" \/>\n<meta property=\"og:locale\" content=\"cs_CZ\" \/>\n<meta property=\"og:type\" content=\"article\" \/>\n<meta property=\"og:title\" content=\"5F-MDMB-2201 online kaufen \u2013 5F-MDMB-2201 zu verkaufen\" \/>\n<meta property=\"og:description\" content=\"Wenn Sie sich f\u00fcr 5f-mdmb-2201 begeistern, dann ist unser Shop der beste Ort, um 5f-mdmb-2201 online zu kaufen. Sie k\u00f6nnen 5f-mdmb-2201 zum niedrigsten Preis kaufen. Bestellen Sie jetzt und erhalten Sie es in K\u00fcrze!\" \/>\n<meta property=\"og:url\" content=\"https:\/\/chemgramx.com\/cs\/product\/5f-mdmb-2201\/\" \/>\n<meta property=\"og:site_name\" content=\"Chemgramx\" \/>\n<meta property=\"article:modified_time\" content=\"2025-10-16T04:55:50+00:00\" \/>\n<meta property=\"og:image\" content=\"https:\/\/chemgramx.com\/wp-content\/uploads\/2024\/10\/5F-MDMB.jpg\" \/>\n\t<meta property=\"og:image:width\" content=\"640\" \/>\n\t<meta property=\"og:image:height\" content=\"480\" \/>\n\t<meta property=\"og:image:type\" content=\"image\/jpeg\" \/>\n<meta name=\"twitter:card\" content=\"summary_large_image\" \/>\n<meta name=\"twitter:label1\" content=\"Odhadovan\u00e1 doba \u010dten\u00ed\" \/>\n\t<meta name=\"twitter:data1\" content=\"2 minuty\" \/>\n<script type=\"application\/ld+json\" class=\"yoast-schema-graph\">{\"@context\":\"https:\/\/schema.org\",\"@graph\":[{\"@type\":\"WebPage\",\"@id\":\"https:\/\/chemgramx.com\/product\/5f-mdmb-2201\/\",\"url\":\"https:\/\/chemgramx.com\/product\/5f-mdmb-2201\/\",\"name\":\"5F-MDMB-2201 online kaufen \u2013 5F-MDMB-2201 zu verkaufen\",\"isPartOf\":{\"@id\":\"https:\/\/chemgramx.com\/#website\"},\"primaryImageOfPage\":{\"@id\":\"https:\/\/chemgramx.com\/product\/5f-mdmb-2201\/#primaryimage\"},\"image\":{\"@id\":\"https:\/\/chemgramx.com\/product\/5f-mdmb-2201\/#primaryimage\"},\"thumbnailUrl\":\"https:\/\/chemgramx.com\/wp-content\/uploads\/2024\/10\/5F-MDMB.jpg\",\"datePublished\":\"2024-10-31T14:21:00+00:00\",\"dateModified\":\"2025-10-16T04:55:50+00:00\",\"description\":\"Wenn Sie sich f\u00fcr 5f-mdmb-2201 begeistern, dann ist unser Shop der beste Ort, um 5f-mdmb-2201 online zu kaufen. Sie k\u00f6nnen 5f-mdmb-2201 zum niedrigsten Preis kaufen. Bestellen Sie jetzt und erhalten Sie es in K\u00fcrze!\",\"breadcrumb\":{\"@id\":\"https:\/\/chemgramx.com\/product\/5f-mdmb-2201\/#breadcrumb\"},\"inLanguage\":\"cs\",\"potentialAction\":[{\"@type\":\"ReadAction\",\"target\":[\"https:\/\/chemgramx.com\/product\/5f-mdmb-2201\/\"]}]},{\"@type\":\"ImageObject\",\"inLanguage\":\"cs\",\"@id\":\"https:\/\/chemgramx.com\/product\/5f-mdmb-2201\/#primaryimage\",\"url\":\"https:\/\/chemgramx.com\/wp-content\/uploads\/2024\/10\/5F-MDMB.jpg\",\"contentUrl\":\"https:\/\/chemgramx.com\/wp-content\/uploads\/2024\/10\/5F-MDMB.jpg\",\"width\":640,\"height\":480,\"caption\":\"5F-MDMB-2201 online kaufen\"},{\"@type\":\"BreadcrumbList\",\"@id\":\"https:\/\/chemgramx.com\/product\/5f-mdmb-2201\/#breadcrumb\",\"itemListElement\":[{\"@type\":\"ListItem\",\"position\":1,\"name\":\"Home\",\"item\":\"https:\/\/chemgramx.com\/\"},{\"@type\":\"ListItem\",\"position\":2,\"name\":\"Shop\",\"item\":\"https:\/\/chemgramx.com\/shop\/\"},{\"@type\":\"ListItem\",\"position\":3,\"name\":\"5F-MDMB-2201 online kaufen\"}]},{\"@type\":\"WebSite\",\"@id\":\"https:\/\/chemgramx.com\/#website\",\"url\":\"https:\/\/chemgramx.com\/\",\"name\":\"Chemgramx\",\"description\":\"\",\"publisher\":{\"@id\":\"https:\/\/chemgramx.com\/#organization\"},\"potentialAction\":[{\"@type\":\"SearchAction\",\"target\":{\"@type\":\"EntryPoint\",\"urlTemplate\":\"https:\/\/chemgramx.com\/?s={search_term_string}\"},\"query-input\":{\"@type\":\"PropertyValueSpecification\",\"valueRequired\":true,\"valueName\":\"search_term_string\"}}],\"inLanguage\":\"cs\"},{\"@type\":\"Organization\",\"@id\":\"https:\/\/chemgramx.com\/#organization\",\"name\":\"Chemgramx\",\"url\":\"https:\/\/chemgramx.com\/\",\"logo\":{\"@type\":\"ImageObject\",\"inLanguage\":\"cs\",\"@id\":\"https:\/\/chemgramx.com\/#\/schema\/logo\/image\/\",\"url\":\"https:\/\/chemgramx.com\/wp-content\/uploads\/2024\/10\/final-logo.png\",\"contentUrl\":\"https:\/\/chemgramx.com\/wp-content\/uploads\/2024\/10\/final-logo.png\",\"width\":250,\"height\":48,\"caption\":\"Chemgramx\"},\"image\":{\"@id\":\"https:\/\/chemgramx.com\/#\/schema\/logo\/image\/\"}}]}<\/script>\n<!-- \/ Yoast SEO plugin. -->","yoast_head_json":{"title":"Kupte si 5F-MDMB-2201 online \u2013 5F-MDMB-2201 na prodej","description":"Pokud v\u00e1s model 5f-mdmb-2201 zaujal, pak je n\u00e1\u0161 obchod t\u00edm nejlep\u0161\u00edm m\u00edstem, kde si ho m\u016f\u017eete koupit online. Model 5f-mdmb-2201 si m\u016f\u017eete koupit za nejni\u017e\u0161\u00ed cenu. Objednejte si ho hned a brzy ho obdr\u017e\u00edte!","robots":{"index":"index","follow":"follow","max-snippet":"max-snippet:-1","max-image-preview":"max-image-preview:large","max-video-preview":"max-video-preview:-1"},"canonical":"https:\/\/chemgramx.com\/cs\/product\/5f-mdmb-2201\/","og_locale":"cs_CZ","og_type":"article","og_title":"5F-MDMB-2201 online kaufen \u2013 5F-MDMB-2201 zu verkaufen","og_description":"Wenn Sie sich f\u00fcr 5f-mdmb-2201 begeistern, dann ist unser Shop der beste Ort, um 5f-mdmb-2201 online zu kaufen. Sie k\u00f6nnen 5f-mdmb-2201 zum niedrigsten Preis kaufen. Bestellen Sie jetzt und erhalten Sie es in K\u00fcrze!","og_url":"https:\/\/chemgramx.com\/cs\/product\/5f-mdmb-2201\/","og_site_name":"Chemgramx","article_modified_time":"2025-10-16T04:55:50+00:00","og_image":[{"width":640,"height":480,"url":"https:\/\/chemgramx.com\/wp-content\/uploads\/2024\/10\/5F-MDMB.jpg","type":"image\/jpeg"}],"twitter_card":"summary_large_image","twitter_misc":{"Odhadovan\u00e1 doba \u010dten\u00ed":"2 minuty"},"schema":{"@context":"https:\/\/schema.org","@graph":[{"@type":"WebPage","@id":"https:\/\/chemgramx.com\/product\/5f-mdmb-2201\/","url":"https:\/\/chemgramx.com\/product\/5f-mdmb-2201\/","name":"Kupte si 5F-MDMB-2201 online \u2013 5F-MDMB-2201 na prodej","isPartOf":{"@id":"https:\/\/chemgramx.com\/#website"},"primaryImageOfPage":{"@id":"https:\/\/chemgramx.com\/product\/5f-mdmb-2201\/#primaryimage"},"image":{"@id":"https:\/\/chemgramx.com\/product\/5f-mdmb-2201\/#primaryimage"},"thumbnailUrl":"https:\/\/chemgramx.com\/wp-content\/uploads\/2024\/10\/5F-MDMB.jpg","datePublished":"2024-10-31T14:21:00+00:00","dateModified":"2025-10-16T04:55:50+00:00","description":"Pokud v\u00e1s model 5f-mdmb-2201 zaujal, pak je n\u00e1\u0161 obchod t\u00edm nejlep\u0161\u00edm m\u00edstem, kde si ho m\u016f\u017eete koupit online. Model 5f-mdmb-2201 si m\u016f\u017eete koupit za nejni\u017e\u0161\u00ed cenu. Objednejte si ho hned a brzy ho obdr\u017e\u00edte!","breadcrumb":{"@id":"https:\/\/chemgramx.com\/product\/5f-mdmb-2201\/#breadcrumb"},"inLanguage":"cs","potentialAction":[{"@type":"ReadAction","target":["https:\/\/chemgramx.com\/product\/5f-mdmb-2201\/"]}]},{"@type":"ImageObject","inLanguage":"cs","@id":"https:\/\/chemgramx.com\/product\/5f-mdmb-2201\/#primaryimage","url":"https:\/\/chemgramx.com\/wp-content\/uploads\/2024\/10\/5F-MDMB.jpg","contentUrl":"https:\/\/chemgramx.com\/wp-content\/uploads\/2024\/10\/5F-MDMB.jpg","width":640,"height":480,"caption":"5F-MDMB-2201 online kaufen"},{"@type":"BreadcrumbList","@id":"https:\/\/chemgramx.com\/product\/5f-mdmb-2201\/#breadcrumb","itemListElement":[{"@type":"ListItem","position":1,"name":"Home","item":"https:\/\/chemgramx.com\/"},{"@type":"ListItem","position":2,"name":"Shop","item":"https:\/\/chemgramx.com\/shop\/"},{"@type":"ListItem","position":3,"name":"5F-MDMB-2201 online kaufen"}]},{"@type":"WebSite","@id":"https:\/\/chemgramx.com\/#website","url":"https:\/\/chemgramx.com\/","name":"Chemgramx","description":"","publisher":{"@id":"https:\/\/chemgramx.com\/#organization"},"potentialAction":[{"@type":"SearchAction","target":{"@type":"EntryPoint","urlTemplate":"https:\/\/chemgramx.com\/?s={search_term_string}"},"query-input":{"@type":"PropertyValueSpecification","valueRequired":true,"valueName":"search_term_string"}}],"inLanguage":"cs"},{"@type":"Organization","@id":"https:\/\/chemgramx.com\/#organization","name":"Chemgramx","url":"https:\/\/chemgramx.com\/","logo":{"@type":"ImageObject","inLanguage":"cs","@id":"https:\/\/chemgramx.com\/#\/schema\/logo\/image\/","url":"https:\/\/chemgramx.com\/wp-content\/uploads\/2024\/10\/final-logo.png","contentUrl":"https:\/\/chemgramx.com\/wp-content\/uploads\/2024\/10\/final-logo.png","width":250,"height":48,"caption":"Chemgramx"},"image":{"@id":"https:\/\/chemgramx.com\/#\/schema\/logo\/image\/"}}]}},"_links":{"self":[{"href":"https:\/\/chemgramx.com\/cs\/wp-json\/wp\/v2\/product\/888","targetHints":{"allow":["GET"]}}],"collection":[{"href":"https:\/\/chemgramx.com\/cs\/wp-json\/wp\/v2\/product"}],"about":[{"href":"https:\/\/chemgramx.com\/cs\/wp-json\/wp\/v2\/types\/product"}],"replies":[{"embeddable":true,"href":"https:\/\/chemgramx.com\/cs\/wp-json\/wp\/v2\/comments?post=888"}],"wp:featuredmedia":[{"embeddable":true,"href":"https:\/\/chemgramx.com\/cs\/wp-json\/wp\/v2\/media\/887"}],"wp:attachment":[{"href":"https:\/\/chemgramx.com\/cs\/wp-json\/wp\/v2\/media?parent=888"}],"wp:term":[{"taxonomy":"product_brand","embeddable":true,"href":"https:\/\/chemgramx.com\/cs\/wp-json\/wp\/v2\/product_brand?post=888"},{"taxonomy":"product_cat","embeddable":true,"href":"https:\/\/chemgramx.com\/cs\/wp-json\/wp\/v2\/product_cat?post=888"},{"taxonomy":"product_tag","embeddable":true,"href":"https:\/\/chemgramx.com\/cs\/wp-json\/wp\/v2\/product_tag?post=888"}],"curies":[{"name":"wp","href":"https:\/\/api.w.org\/{rel}","templated":true}]}}