{"id":8893,"date":"2025-12-11T10:56:36","date_gmt":"2025-12-11T10:56:36","guid":{"rendered":"https:\/\/chemgramx.com\/?post_type=product&#038;p=8893"},"modified":"2025-12-11T10:57:03","modified_gmt":"2025-12-11T10:57:03","slug":"rick-simpson-oil","status":"publish","type":"product","link":"https:\/\/chemgramx.com\/cs\/product\/rick-simpson-oil\/","title":{"rendered":"Rick Simpson Oil"},"content":{"rendered":"<p>Na str\u00e1nk\u00e1ch <b>Rick Simpson Oil (RSO)<\/b> se v posledn\u00edch desetilet\u00edch stal v\u00fdznamn\u00fdm pojmem v debat\u011b o konopn\u00fdch extraktech. <b>Na adrese .<\/b> nen\u00ed jen produktem, ale p\u0159edstavuje celou kategorii <b>vysoce koncentrovan\u00e9, visk\u00f3zn\u00ed konopn\u00e9 oleje s pln\u00fdm spektrem.<\/b>. <b>V d\u016fsledku toho<\/b> RSO je d\u016fle\u017eit\u00fdm objektem <b>farmaceutick\u00fd v\u00fdzkum<\/b>, kter\u00e1 se zab\u00fdv\u00e1 optim\u00e1ln\u00ed extrakc\u00ed a aplikac\u00ed \u00fa\u010dinn\u00fdch \u00fa\u010dinn\u00fdch l\u00e1tek z konop\u00ed.<\/p>\n<p>Tento \u010dl\u00e1nek nab\u00edz\u00ed <b>Podrobn\u00e1 v\u011bdeck\u00e1 anal\u00fdza<\/b> charakteristick\u00fdch vlastnost\u00ed extrakt\u016f podobn\u00fdch RSO, jejich slo\u017eit\u00e9ho chemick\u00e9ho slo\u017een\u00ed a regula\u010dn\u00edch p\u0159ek\u00e1\u017eek, kter\u00e9 tyto produkty obklopuj\u00ed na p\u0159\u00edsn\u011b kontrolovan\u00fdch trz\u00edch, jako je N\u011bmecko.<\/p>\n<h2><b>V\u00fdrobn\u00ed a chemick\u00e9 charakteristiky p\u0159\u00edstupu s pln\u00fdm spektrem<\/b><\/h2>\n<p>Specialitou RSO je jej\u00ed <a href=\"\/product\/gewaschenes-kokain-zu-verkaufen\/\"><b>Celospektr\u00e1ln\u00ed p\u0159\u00edstup<\/b><\/a>. <b>Tento<\/b> se z\u00e1sadn\u011b li\u0161\u00ed od vysoce \u010di\u0161t\u011bn\u00fdch izol\u00e1t\u016f nebo destil\u00e1t\u016f, kter\u00e9 \u010dasto obsahuj\u00ed pouze \u010dist\u00e9 THC nebo CBD.<\/p>\n<h2><b>\u00a0Proces extrakce alkoholu<\/b><\/h2>\n<p>Tradi\u010dn\u00ed metoda v\u00fdroby RSO je obvykle zalo\u017eena na. <b>Extrakce cel\u00e9ho rostlinn\u00e9ho materi\u00e1lu<\/b> (kv\u011bty, listy) siln\u00fdm rozpou\u0161t\u011bdlem, obvykle <b>vysokoprocentn\u00ed alkohol (etanol)<\/b>. <b>P\u0159edev\u0161\u00edm<\/b> rostlinn\u00fd materi\u00e1l se namo\u010d\u00ed do alkoholu, aby se rozpustily kanabinoidy a terpeny rozpustn\u00e9 v tuc\u00edch. <b>N\u00e1sledn\u011b<\/b> kapalina se p\u0159efiltruje a rozpou\u0161t\u011bdlo se za n\u00edzk\u00e9 teploty zcela odpa\u0159\u00ed.<\/p>\n<ul>\n<li><b>V\u00fdsledn\u00fd produkt:<\/b> Kone\u010dn\u00fdm produktem je <b>Vysoce visk\u00f3zn\u00ed olej podobn\u00fd smolinci<\/b>, jejich\u017e barva m\u016f\u017ee b\u00fdt od tmav\u011b zelen\u00e9 a\u017e po \u010dernou. <b>Tyto str\u00e1nky<\/b> Tmav\u00e9 zbarven\u00ed je zp\u016fsobeno extrahovan\u00fdm <b>Chlorofyly<\/b> a vosky, kter\u00e9 p\u0159i t\u00e9to metod\u011b \u010dasto z\u016fst\u00e1vaj\u00ed v kone\u010dn\u00e9m produktu.<\/li>\n<li><b>Dekarboxylace:<\/b> <b>Rozhoduj\u00edc\u00ed krok<\/b> v procesu je <b>Dekarboxylace<\/b>, p\u0159i n\u00ed\u017e se neaktivn\u00ed formy kyselin (THCA, CBDA) p\u0159em\u011b\u0148uj\u00ed na aktivn\u00ed formy (THC, CBD) p\u016fsoben\u00edm tepla. <b>Jen tak<\/b> lze rozvinout psychoaktivn\u00ed a terapeutick\u00fd \u00fa\u010dinek.<\/li>\n<\/ul>\n<h2><b>Chemick\u00e1 slo\u017eitost cel\u00e9ho spektra<\/b><\/h2>\n<p>Term\u00edn <b>\u201ePln\u00e9 spektrum\u201c<\/b> m\u00e1 z\u00e1sadn\u00ed v\u011bdeck\u00fd v\u00fdznam. <b>On<\/b> znamen\u00e1, \u017ee krom\u011b hlavn\u00edch kanabinoid\u016f (THC, CBD) obsahuje extrakt tak\u00e9 <b>sekund\u00e1rn\u00ed kanabinoidy<\/b> (nap\u0159\u00edklad CBN, CBG, THCV), <b>Terpeny, flavonoidy a lipidy<\/b> obsahuje.<\/p>\n<ul>\n<li><b>\u00da\u010dinnost:<\/b> Koncentrace \u00fa\u010dinn\u00e9 l\u00e1tky (THC) v RSO je velmi vysok\u00e1, <b>\u010dasto nad 60 % do 80 %<\/b>. <b>Tento<\/b> je jedn\u00edm z nej\u00fa\u010dinn\u011bj\u0161\u00edch dostupn\u00fdch extrakt\u016f.<\/li>\n<li><b>Efekt doprovodu:<\/b> <b>V\u00fdzkum<\/b> p\u0159edpokl\u00e1d\u00e1, \u017ee synergick\u00e9 p\u016fsoben\u00ed v\u0161ech slo\u017eek obsa\u017een\u00fdch v rostlin\u011b - tzv. <b>Entourage efekt<\/b> - zvy\u0161uje celkov\u00fd terapeutick\u00fd \u00fa\u010dinek. <b>V d\u016fsledku toho<\/b> RSO je \u010dasto p\u0159ipisov\u00e1na t\u00e9to slo\u017eit\u00e9 interakci.<\/li>\n<\/ul>\n<h2><b>Senzorick\u00e9 vlastnosti, pou\u017eit\u00ed a farmakokinetika<\/b><\/h2>\n<p>D\u00edky sv\u00e9mu jedine\u010dn\u00e9mu chemick\u00e9mu slo\u017een\u00ed a konzistenci m\u00e1 RSO specifick\u00e9 senzorick\u00e9 a aplika\u010dn\u00ed vlastnosti.<\/p>\n<h2><b>Senzorick\u00fd a chu\u0165ov\u00fd profil<\/b><\/h2>\n<p>V\u016fn\u011b a chu\u0165 RSO jsou intenzivn\u00ed a odr\u00e1\u017eej\u00ed komplexn\u00ed extrakci rostlinn\u00fdch l\u00e1tek.<\/p>\n<ul>\n<li><b>P\u0159\u00edchu\u0165:<\/b> <b>Na adrese .<\/b> se obvykle pou\u017e\u00edv\u00e1 jako <b>Intenzivn\u011b zemit\u00fd, bylinn\u00fd a siln\u00fd<\/b> pops\u00e1no.<\/li>\n<li><b>P\u0159\u00edchu\u0165:<\/b> Pokud jde o spot\u0159ebu, chu\u0165 <b>trpk\u00fd, siln\u00fd<\/b> a mohou b\u00fdt vyu\u017eity chlorofylem <b>m\u00edrn\u011b ho\u0159k\u00fd<\/b> b\u00fdt. <b>Tento<\/b> v\u00fdrazn\u00e9 aroma \u010din\u00ed RSO m\u00e9n\u011b atraktivn\u00ed pro vaporizaci ne\u017e \u010di\u0161t\u011bn\u00e9 destil\u00e1ty.<\/li>\n<\/ul>\n<h2><b>\u00a0Metody aplikace a kontrola d\u00e1vkov\u00e1n\u00ed<\/b><\/h2>\n<p>Visk\u00f3zn\u00ed konzistence \u010din\u00ed RSO nevhodn\u00fdm pro b\u011b\u017en\u00e9 inhala\u010dn\u00ed metody. <b>Sp\u00ed\u0161e<\/b> do pop\u0159ed\u00ed se dost\u00e1vaj\u00ed jin\u00e9 formy pou\u017eit\u00ed:<\/p>\n<ul>\n<li><b>Peror\u00e1ln\u00ed p\u0159\u00edjem:<\/b> Olej je <b>Kapsle<\/b> nebo v <b>mal\u00e1 mno\u017estv\u00ed v potravin\u00e1ch<\/b> po\u0159\u00edzeno. <b>Prost\u0159ednictv\u00edm tohoto<\/b> \u00fa\u010dinn\u00e1 l\u00e1tka se vst\u0159eb\u00e1v\u00e1 tr\u00e1vic\u00edm traktem. <b>\u00da\u010dinek<\/b> kroky <b>Opo\u017ed\u011bn\u00e9<\/b> (30 minut a\u017e 2 hodiny), ale na opl\u00e1tku <b>dlouhotrvaj\u00edc\u00ed<\/b> v.<\/li>\n<li><b>Sublingv\u00e1ln\u00ed pod\u00e1n\u00ed:<\/b> <b>Na str\u00e1nk\u00e1ch<\/b> Aplikace pod jazyk umo\u017e\u0148uje rychlej\u0161\u00ed vst\u0159eb\u00e1v\u00e1n\u00ed p\u0159es \u00fastn\u00ed sliznici a obch\u00e1z\u00ed kompletn\u00ed first-pass efekt jater.<\/li>\n<li><b>Lok\u00e1ln\u00ed aplikace:<\/b> <b>Na adrese .<\/b> lze aplikovat selektivn\u011b na k\u016f\u017ei a zkoumat lok\u00e1ln\u00ed \u00fa\u010dinky.<\/li>\n<\/ul>\n<p><b>Vzhledem k extr\u00e9mn\u00ed s\u00edle<\/b> je <b>Extr\u00e9mn\u011b opatrn\u00e9 d\u00e1vkov\u00e1n\u00ed<\/b> nezbytn\u00e9. <b>Proto<\/b> V klinick\u00e9m v\u00fdzkumu je nutn\u00e9 p\u0159esn\u00e9 m\u011b\u0159en\u00ed mno\u017estv\u00ed \u00fa\u010dinn\u00e9 l\u00e1tky v miligramech (mg) na d\u00e1vku, aby se p\u0159ede\u0161lo p\u0159ed\u00e1vkov\u00e1n\u00ed a ne\u017e\u00e1douc\u00edm vedlej\u0161\u00edm \u00fa\u010dink\u016fm.<\/p>\n<h2><b>\u00a0Dopad, v\u00fdzkum a regula\u010dn\u00ed v\u00fdzvy<\/b><\/h2>\n<p>\u00da\u010dinek RSO bohat\u00e9ho na THC je <b>Siln\u011b psychoaktivn\u00ed, intenzivn\u00ed a dlouhotrvaj\u00edc\u00ed.<\/b>. <b>Tento<\/b> je v\u00fdzvou jak pro nezku\u0161en\u00e9 u\u017eivatele, tak pro \u0159\u00edzen\u00fd v\u00fdzkum.<\/p>\n<h2><b>\u00a0V\u011bdeck\u00fd v\u00fdznam a profil dopadu<\/b><\/h2>\n<p>Vzhledem k vysok\u00e9 koncentraci kanabinoid\u016f je RSO zvl\u00e1\u0161t\u011b d\u016fle\u017eit\u00e1 pro v\u00fdzkum:<\/p>\n<ul>\n<li><b>Analgezie a relaxace:<\/b> Vysok\u00e1 koncentrace kanabinoid\u016f vede k hlubok\u00e9mu <b>fyzick\u00e1 relaxace<\/b>. <b>Proto<\/b> RSO se pou\u017e\u00edv\u00e1 v souvislosti s poruchami sp\u00e1nku a <b>\u00daleva od siln\u00e9 bolesti<\/b> analyzov\u00e1ny.<\/li>\n<li><b>Intenzivn\u00ed opojen\u00ed:<\/b> P\u0159i peror\u00e1ln\u00edm u\u017eit\u00ed doch\u00e1z\u00ed k dlouhotrvaj\u00edc\u00edmu a velmi siln\u00e9mu psychoaktivn\u00edmu z\u00e1\u017eitku. <b>Na str\u00e1nk\u00e1ch<\/b> \u00da\u010dinek je \u010dasto v\u00edce sedativn\u00ed ne\u017e u inhala\u010dn\u00edch p\u0159\u00edpravk\u016f.<\/li>\n<\/ul>\n<h2><b>Pr\u00e1vn\u00ed po\u017eadavky a po\u017eadavky na dodr\u017eov\u00e1n\u00ed p\u0159edpis\u016f v N\u011bmecku<\/b><\/h2>\n<p><b>Obchodov\u00e1n\u00ed a distribuce RSO s p\u0159\u00edslu\u0161n\u00fdm obsahem THC jsou v N\u011bmecku p\u0159\u00edsn\u011b regulov\u00e1ny.<\/b><\/p>\n<ul>\n<li><b>Z\u00e1kon o drog\u00e1ch (BtMG):<\/b> Jako vysoce koncentrovan\u00fd extrakt THC spad\u00e1 RSO pod BtMG. <b>Z toho vypl\u00fdv\u00e1<\/b>, \u017ee <b>Dr\u017een\u00ed, nab\u00fdv\u00e1n\u00ed a obchodov\u00e1n\u00ed nez\u00e1konn\u00e9<\/b> pokud nebylo ud\u011bleno st\u00e1tn\u00ed povolen\u00ed.<\/li>\n<li><b>Zad\u00e1v\u00e1n\u00ed pr\u00e1vn\u00edch zak\u00e1zek:<\/b> <b>V\u00fdhradn\u011b<\/b> V\u00fdta\u017eky pou\u017e\u00edvan\u00e9 jako <b>L\u00e9\u010div\u00e9 konop\u00ed<\/b> a byl <b>Licencovan\u00e1 l\u00e9k\u00e1rna<\/b> jsou leg\u00e1ln\u00ed. <b>Tyto str\u00e1nky<\/b> mus\u00ed spl\u0148ovat p\u0159\u00edsn\u00e9 normy kvality a \u010distoty. <b>V d\u016fsledku toho<\/b> nekontrolovan\u00fd n\u00e1kup RSO online z nelicencovan\u00fdch zdroj\u016f nen\u00ed v souladu s pr\u00e1vn\u00edmi po\u017eadavky.<\/li>\n<\/ul>","protected":false},"excerpt":{"rendered":"<p data-start=\"2246\" data-end=\"2382\">Rick Simpson Oil - vysoce koncentrovan\u00fd konopn\u00fd olej pro or\u00e1ln\u00ed nebo vn\u011bj\u0161\u00ed pou\u017eit\u00ed. Pr\u00e9miov\u00e1 kvalita, laboratorn\u011b testov\u00e1no a diskr\u00e9tn\u00ed doprava.<\/p>","protected":false},"featured_media":8769,"comment_status":"open","ping_status":"closed","template":"","meta":{"_joinchat":[]},"product_brand":[],"product_cat":[62],"product_tag":[],"class_list":{"0":"post-8893","1":"product","2":"type-product","3":"status-publish","4":"has-post-thumbnail","6":"product_cat-marijuana","8":"first","9":"instock","10":"shipping-taxable","11":"purchasable","12":"product-type-variable"},"yoast_head":"<!-- This site is optimized with the Yoast SEO plugin v27.5 - https:\/\/yoast.com\/product\/yoast-seo-wordpress\/ -->\n<title>Rick Simpson Oil (RSO) online kaufen | Premium<\/title>\n<meta name=\"description\" content=\"Rick Simpson Oil online kaufen \u2013 hochkonzentriertes Cannabis\u00f6l, laborgepr\u00fcft, vielseitig einsetzbar. Diskreter Versand in Deutschland &amp; EU.\" \/>\n<meta name=\"robots\" content=\"index, follow, max-snippet:-1, max-image-preview:large, max-video-preview:-1\" \/>\n<link rel=\"canonical\" href=\"https:\/\/chemgramx.com\/cs\/produkt-1\/rick-simpson-oil\/\" \/>\n<meta property=\"og:locale\" content=\"cs_CZ\" \/>\n<meta property=\"og:type\" content=\"article\" \/>\n<meta property=\"og:title\" content=\"Rick Simpson Oil (RSO) online kaufen | Premium\" \/>\n<meta property=\"og:description\" content=\"Rick Simpson Oil online kaufen \u2013 hochkonzentriertes Cannabis\u00f6l, laborgepr\u00fcft, vielseitig einsetzbar. Diskreter Versand in Deutschland &amp; EU.\" \/>\n<meta property=\"og:url\" content=\"https:\/\/chemgramx.com\/cs\/produkt-1\/rick-simpson-oil\/\" \/>\n<meta property=\"og:site_name\" content=\"Chemgramx\" \/>\n<meta property=\"article:modified_time\" content=\"2025-12-11T10:57:03+00:00\" \/>\n<meta property=\"og:image\" content=\"https:\/\/chemgramx.com\/wp-content\/uploads\/2025\/12\/rick-simpson-oil.png\" \/>\n\t<meta property=\"og:image:width\" content=\"648\" \/>\n\t<meta property=\"og:image:height\" content=\"669\" \/>\n\t<meta property=\"og:image:type\" content=\"image\/png\" \/>\n<meta name=\"twitter:card\" content=\"summary_large_image\" \/>\n<meta name=\"twitter:label1\" content=\"Odhadovan\u00e1 doba \u010dten\u00ed\" \/>\n\t<meta name=\"twitter:data1\" content=\"4 minuty\" \/>\n<script type=\"application\/ld+json\" class=\"yoast-schema-graph\">{\"@context\":\"https:\\\/\\\/schema.org\",\"@graph\":[{\"@type\":\"WebPage\",\"@id\":\"https:\\\/\\\/chemgramx.com\\\/product\\\/rick-simpson-oil\\\/\",\"url\":\"https:\\\/\\\/chemgramx.com\\\/product\\\/rick-simpson-oil\\\/\",\"name\":\"Rick Simpson Oil (RSO) online kaufen | Premium\",\"isPartOf\":{\"@id\":\"https:\\\/\\\/chemgramx.com\\\/#website\"},\"primaryImageOfPage\":{\"@id\":\"https:\\\/\\\/chemgramx.com\\\/product\\\/rick-simpson-oil\\\/#primaryimage\"},\"image\":{\"@id\":\"https:\\\/\\\/chemgramx.com\\\/product\\\/rick-simpson-oil\\\/#primaryimage\"},\"thumbnailUrl\":\"https:\\\/\\\/chemgramx.com\\\/wp-content\\\/uploads\\\/2025\\\/12\\\/rick-simpson-oil.png\",\"datePublished\":\"2025-12-11T10:56:36+00:00\",\"dateModified\":\"2025-12-11T10:57:03+00:00\",\"description\":\"Rick Simpson Oil online kaufen \u2013 hochkonzentriertes Cannabis\u00f6l, laborgepr\u00fcft, vielseitig einsetzbar. Diskreter Versand in Deutschland &amp; EU.\",\"breadcrumb\":{\"@id\":\"https:\\\/\\\/chemgramx.com\\\/product\\\/rick-simpson-oil\\\/#breadcrumb\"},\"inLanguage\":\"cs\",\"potentialAction\":[{\"@type\":\"ReadAction\",\"target\":[\"https:\\\/\\\/chemgramx.com\\\/product\\\/rick-simpson-oil\\\/\"]}]},{\"@type\":\"ImageObject\",\"inLanguage\":\"cs\",\"@id\":\"https:\\\/\\\/chemgramx.com\\\/product\\\/rick-simpson-oil\\\/#primaryimage\",\"url\":\"https:\\\/\\\/chemgramx.com\\\/wp-content\\\/uploads\\\/2025\\\/12\\\/rick-simpson-oil.png\",\"contentUrl\":\"https:\\\/\\\/chemgramx.com\\\/wp-content\\\/uploads\\\/2025\\\/12\\\/rick-simpson-oil.png\",\"width\":648,\"height\":669},{\"@type\":\"BreadcrumbList\",\"@id\":\"https:\\\/\\\/chemgramx.com\\\/product\\\/rick-simpson-oil\\\/#breadcrumb\",\"itemListElement\":[{\"@type\":\"ListItem\",\"position\":1,\"name\":\"Home\",\"item\":\"https:\\\/\\\/chemgramx.com\\\/\"},{\"@type\":\"ListItem\",\"position\":2,\"name\":\"Shop\",\"item\":\"https:\\\/\\\/chemgramx.com\\\/shop\\\/\"},{\"@type\":\"ListItem\",\"position\":3,\"name\":\"Rick Simpson Oil\"}]},{\"@type\":\"WebSite\",\"@id\":\"https:\\\/\\\/chemgramx.com\\\/#website\",\"url\":\"https:\\\/\\\/chemgramx.com\\\/\",\"name\":\"Chemgramx\",\"description\":\"\",\"publisher\":{\"@id\":\"https:\\\/\\\/chemgramx.com\\\/#organization\"},\"potentialAction\":[{\"@type\":\"SearchAction\",\"target\":{\"@type\":\"EntryPoint\",\"urlTemplate\":\"https:\\\/\\\/chemgramx.com\\\/?s={search_term_string}\"},\"query-input\":{\"@type\":\"PropertyValueSpecification\",\"valueRequired\":true,\"valueName\":\"search_term_string\"}}],\"inLanguage\":\"cs\"},{\"@type\":\"Organization\",\"@id\":\"https:\\\/\\\/chemgramx.com\\\/#organization\",\"name\":\"Chemgramx\",\"url\":\"https:\\\/\\\/chemgramx.com\\\/\",\"logo\":{\"@type\":\"ImageObject\",\"inLanguage\":\"cs\",\"@id\":\"https:\\\/\\\/chemgramx.com\\\/#\\\/schema\\\/logo\\\/image\\\/\",\"url\":\"https:\\\/\\\/chemgramx.com\\\/wp-content\\\/uploads\\\/2024\\\/10\\\/final-logo.png\",\"contentUrl\":\"https:\\\/\\\/chemgramx.com\\\/wp-content\\\/uploads\\\/2024\\\/10\\\/final-logo.png\",\"width\":250,\"height\":48,\"caption\":\"Chemgramx\"},\"image\":{\"@id\":\"https:\\\/\\\/chemgramx.com\\\/#\\\/schema\\\/logo\\\/image\\\/\"}}]}<\/script>\n<!-- \/ Yoast SEO plugin. -->","yoast_head_json":{"title":"Koupit Rick Simpson Oil (RSO) online | Premium","description":"Rick Simpson Oil online kaufen \u2013 hochkonzentriertes Cannabis\u00f6l, laborgepr\u00fcft, vielseitig einsetzbar. Diskreter Versand in Deutschland &amp; EU.","robots":{"index":"index","follow":"follow","max-snippet":"max-snippet:-1","max-image-preview":"max-image-preview:large","max-video-preview":"max-video-preview:-1"},"canonical":"https:\/\/chemgramx.com\/cs\/produkt-1\/rick-simpson-oil\/","og_locale":"cs_CZ","og_type":"article","og_title":"Rick Simpson Oil (RSO) online kaufen | Premium","og_description":"Rick Simpson Oil online kaufen \u2013 hochkonzentriertes Cannabis\u00f6l, laborgepr\u00fcft, vielseitig einsetzbar. Diskreter Versand in Deutschland &amp; EU.","og_url":"https:\/\/chemgramx.com\/cs\/produkt-1\/rick-simpson-oil\/","og_site_name":"Chemgramx","article_modified_time":"2025-12-11T10:57:03+00:00","og_image":[{"width":648,"height":669,"url":"https:\/\/chemgramx.com\/wp-content\/uploads\/2025\/12\/rick-simpson-oil.png","type":"image\/png"}],"twitter_card":"summary_large_image","twitter_misc":{"Odhadovan\u00e1 doba \u010dten\u00ed":"4 minuty"},"schema":{"@context":"https:\/\/schema.org","@graph":[{"@type":"WebPage","@id":"https:\/\/chemgramx.com\/product\/rick-simpson-oil\/","url":"https:\/\/chemgramx.com\/product\/rick-simpson-oil\/","name":"Koupit Rick Simpson Oil (RSO) online | Premium","isPartOf":{"@id":"https:\/\/chemgramx.com\/#website"},"primaryImageOfPage":{"@id":"https:\/\/chemgramx.com\/product\/rick-simpson-oil\/#primaryimage"},"image":{"@id":"https:\/\/chemgramx.com\/product\/rick-simpson-oil\/#primaryimage"},"thumbnailUrl":"https:\/\/chemgramx.com\/wp-content\/uploads\/2025\/12\/rick-simpson-oil.png","datePublished":"2025-12-11T10:56:36+00:00","dateModified":"2025-12-11T10:57:03+00:00","description":"Rick Simpson Oil online kaufen \u2013 hochkonzentriertes Cannabis\u00f6l, laborgepr\u00fcft, vielseitig einsetzbar. Diskreter Versand in Deutschland &amp; EU.","breadcrumb":{"@id":"https:\/\/chemgramx.com\/product\/rick-simpson-oil\/#breadcrumb"},"inLanguage":"cs","potentialAction":[{"@type":"ReadAction","target":["https:\/\/chemgramx.com\/product\/rick-simpson-oil\/"]}]},{"@type":"ImageObject","inLanguage":"cs","@id":"https:\/\/chemgramx.com\/product\/rick-simpson-oil\/#primaryimage","url":"https:\/\/chemgramx.com\/wp-content\/uploads\/2025\/12\/rick-simpson-oil.png","contentUrl":"https:\/\/chemgramx.com\/wp-content\/uploads\/2025\/12\/rick-simpson-oil.png","width":648,"height":669},{"@type":"BreadcrumbList","@id":"https:\/\/chemgramx.com\/product\/rick-simpson-oil\/#breadcrumb","itemListElement":[{"@type":"ListItem","position":1,"name":"Home","item":"https:\/\/chemgramx.com\/"},{"@type":"ListItem","position":2,"name":"Shop","item":"https:\/\/chemgramx.com\/shop\/"},{"@type":"ListItem","position":3,"name":"Rick Simpson Oil"}]},{"@type":"WebSite","@id":"https:\/\/chemgramx.com\/#website","url":"https:\/\/chemgramx.com\/","name":"Chemgramx","description":"","publisher":{"@id":"https:\/\/chemgramx.com\/#organization"},"potentialAction":[{"@type":"SearchAction","target":{"@type":"EntryPoint","urlTemplate":"https:\/\/chemgramx.com\/?s={search_term_string}"},"query-input":{"@type":"PropertyValueSpecification","valueRequired":true,"valueName":"search_term_string"}}],"inLanguage":"cs"},{"@type":"Organization","@id":"https:\/\/chemgramx.com\/#organization","name":"Chemgramx","url":"https:\/\/chemgramx.com\/","logo":{"@type":"ImageObject","inLanguage":"cs","@id":"https:\/\/chemgramx.com\/#\/schema\/logo\/image\/","url":"https:\/\/chemgramx.com\/wp-content\/uploads\/2024\/10\/final-logo.png","contentUrl":"https:\/\/chemgramx.com\/wp-content\/uploads\/2024\/10\/final-logo.png","width":250,"height":48,"caption":"Chemgramx"},"image":{"@id":"https:\/\/chemgramx.com\/#\/schema\/logo\/image\/"}}]}},"_links":{"self":[{"href":"https:\/\/chemgramx.com\/cs\/wp-json\/wp\/v2\/product\/8893","targetHints":{"allow":["GET"]}}],"collection":[{"href":"https:\/\/chemgramx.com\/cs\/wp-json\/wp\/v2\/product"}],"about":[{"href":"https:\/\/chemgramx.com\/cs\/wp-json\/wp\/v2\/types\/product"}],"replies":[{"embeddable":true,"href":"https:\/\/chemgramx.com\/cs\/wp-json\/wp\/v2\/comments?post=8893"}],"wp:featuredmedia":[{"embeddable":true,"href":"https:\/\/chemgramx.com\/cs\/wp-json\/wp\/v2\/media\/8769"}],"wp:attachment":[{"href":"https:\/\/chemgramx.com\/cs\/wp-json\/wp\/v2\/media?parent=8893"}],"wp:term":[{"taxonomy":"product_brand","embeddable":true,"href":"https:\/\/chemgramx.com\/cs\/wp-json\/wp\/v2\/product_brand?post=8893"},{"taxonomy":"product_cat","embeddable":true,"href":"https:\/\/chemgramx.com\/cs\/wp-json\/wp\/v2\/product_cat?post=8893"},{"taxonomy":"product_tag","embeddable":true,"href":"https:\/\/chemgramx.com\/cs\/wp-json\/wp\/v2\/product_tag?post=8893"}],"curies":[{"name":"wp","href":"https:\/\/api.w.org\/{rel}","templated":true}]}}