{"id":8896,"date":"2025-12-11T10:56:40","date_gmt":"2025-12-11T10:56:40","guid":{"rendered":"https:\/\/chemgramx.com\/?post_type=product&#038;p=8896"},"modified":"2025-12-11T11:03:24","modified_gmt":"2025-12-11T11:03:24","slug":"xanax-alprazolam-2mg","status":"publish","type":"product","link":"https:\/\/chemgramx.com\/cs\/product\/xanax-alprazolam-2mg\/","title":{"rendered":"koupit Xanax (Alprazolam) online"},"content":{"rendered":"<p><b>Alprazolam<\/b>, zn\u00e1m\u00fd pod obchodn\u00edm n\u00e1zvem <b>Xanax<\/b>, je velmi siln\u00fd, rychle p\u016fsob\u00edc\u00ed l\u00e9k ze skupiny <b>Benzodiazepiny<\/b>. Ve skute\u010dnosti se pou\u017e\u00edv\u00e1 p\u0159edev\u0161\u00edm pro <b>Kr\u00e1tkodob\u00e1 l\u00e9\u010dba<\/b> se pou\u017e\u00edv\u00e1 k l\u00e9\u010db\u011b t\u011b\u017ek\u00fdch \u00fazkostn\u00fdch poruch, z\u00e1chvat\u016f paniky a stav\u016f intenzivn\u00edho nap\u011bt\u00ed. Zejm\u00e9na <b>D\u00e1vkov\u00e1n\u00ed 2 mg<\/b> je vysok\u00e1 formulace, kterou lze zv\u00e1\u017eit pouze u pacient\u016f se z\u00e1va\u017en\u00fdmi p\u0159\u00edznaky nebo ji\u017e existuj\u00edc\u00ed toleranc\u00ed. Pou\u017eit\u00ed alprazolamu proto podl\u00e9h\u00e1 nejp\u0159\u00edsn\u011bj\u0161\u00ed l\u00e9ka\u0159sk\u00e9 a pr\u00e1vn\u00ed kontrole, nebo\u0165 jeho vysok\u00fd terapeutick\u00fd potenci\u00e1l jde ruku v ruce se zna\u010dn\u00fdmi riziky. Pot\u0159ebu st\u00e1l\u00e9ho l\u00e9ka\u0159sk\u00e9ho dohledu nelze dostate\u010dn\u011b zd\u016fraznit.<\/p>\n<h2>Farmakologick\u00fd mechanismus \u00fa\u010dinku: pos\u00edlen\u00ed \u201ebrzdy GABA\u201c<\/h2>\n<p>Terapeutick\u00fd \u00fa\u010dinek alprazolamu je zalo\u017een na c\u00edlen\u00e9m <b>Zes\u00edlen\u00ed endogenn\u00edho neurotransmiteru<\/b> s n\u00e1zvem <b>GABA<\/b> (kyselina gama-aminom\u00e1seln\u00e1). GABA p\u016fsob\u00ed jako <b>P\u0159irozen\u00e1 brzda centr\u00e1ln\u00edho nervov\u00e9ho syst\u00e9mu (CNS)<\/b>. Je zodpov\u011bdn\u00fd za zklidn\u011bn\u00ed nadm\u011brn\u011b stimulovan\u00fdch nervov\u00fdch bun\u011bk a sn\u00ed\u017een\u00ed celkov\u00e9 neuron\u00e1ln\u00ed excitability.<\/p>\n<p>Alprazolam p\u016fsob\u00ed tak, \u017ee se v\u00e1\u017ee na specifick\u00e1 m\u00edsta na nervov\u00fdch bu\u0148k\u00e1ch, konkr\u00e9tn\u011b na receptory. Tato vazba zaji\u0161\u0165uje, \u017ee endogenn\u00ed molekula GABA <b>pracuje efektivn\u011bji a udr\u017euje chloridov\u00fd iontov\u00fd kan\u00e1l d\u00e9le otev\u0159en\u00fd.<\/b>. To v\u00fdrazn\u011b zvy\u0161uje inhibi\u010dn\u00ed \u00fa\u010dinek GABA. V\u00fdsledkem je <b>Siln\u00fd \u00fatlum nervov\u00e9 \u010dinnosti<\/b> v oblastech mozku, kter\u00e9 jsou zodpov\u011bdn\u00e9 za \u00fazkost a paniku. V\u00fdsledkem je rychl\u00e9 sn\u00ed\u017een\u00ed \u00fazkosti, nervozity a nap\u011bt\u00ed, co\u017e vede k \u017e\u00e1douc\u00edmu zklidn\u011bn\u00ed, uvoln\u011bn\u00ed sval\u016f a zm\u00edrn\u011bn\u00ed \u00fazkosti.<\/p>\n<p>Na str\u00e1nk\u00e1ch <b>Rychl\u00fd n\u00e1stup \u00fa\u010dinku<\/b> je kl\u00ed\u010dovou vlastnost\u00ed alprazolamu, kter\u00e1 jej \u010din\u00ed tak d\u016fle\u017eit\u00fdm pro akutn\u00ed l\u00e9\u010dbu. Obvykle je pln\u00fd \u00fa\u010dinek ji\u017e <b>do jedn\u00e9 a\u017e dvou hodin<\/b> po peror\u00e1ln\u00edm pod\u00e1n\u00ed. Tento rychl\u00fd \u00fa\u010dinek je d\u016fle\u017eit\u00fd zejm\u00e9na p\u0159i akutn\u00edm p\u0159eru\u0161en\u00ed z\u00e1chvat\u016f paniky.<\/p>\n<h2>Vysok\u00e1 \u00fa\u010dinnost, rozvoj tolerance a riziko z\u00e1vislosti<\/h2>\n<p>Rychl\u00fd a siln\u00fd \u00fa\u010dinek alprazolamu, zejm\u00e9na p\u0159i vysok\u00fdch hodnot\u00e1ch <span class=\"math-inline\" data-math=\"mathbf{2-mg-Dosierung}\">{2-mg-Dosierung}$<\/span>, je p\u0159\u00edmo napojen na velmi <b>vysok\u00e9 riziko vzniku fyzick\u00e9 a psychick\u00e9 z\u00e1vislosti.<\/b> p\u0159ipojen\u00e9.<\/p>\n<p>T\u011blo si na \u00fa\u010dinnou l\u00e1tku nejprve rychle zvykne, co\u017e je proces zn\u00e1m\u00fd jako tzv. <b>Tolerance<\/b> je pops\u00e1n. V d\u016fsledku toho pacienti \u010dasto pot\u0159ebuj\u00ed vy\u0161\u0161\u00ed d\u00e1vky ji\u017e po n\u011bkolika t\u00fddnech pravideln\u00e9ho u\u017e\u00edv\u00e1n\u00ed, aby dos\u00e1hli stejn\u00e9ho terapeutick\u00e9ho \u00fa\u010dinku. Toto rychl\u00e9 zvy\u0161ov\u00e1n\u00ed d\u00e1vky je \u00fast\u0159edn\u00edm probl\u00e9mem l\u00e9\u010dby benzodiazepiny. Vzhledem k tomu, \u017ee polo\u010das alprazolamu je asi <b>11 a\u017e 15 hodin<\/b> je relativn\u011b kr\u00e1tk\u00e1, mohou se p\u0159\u00edznaky \u00fazkosti mezi jednotliv\u00fdmi d\u00e1vkami siln\u011bji vracet. Tento jev je zn\u00e1m\u00fd jako <b>Odrazov\u00e1 \u00fazkost<\/b> a je \u010dasn\u00fdm p\u0159\u00edznakem rozv\u00edjej\u00edc\u00ed se z\u00e1vislosti. Z tohoto d\u016fvodu mus\u00ed b\u00fdt u\u017e\u00edv\u00e1n\u00ed striktn\u011b omezeno na jednu osobu. <b>kr\u00e1tk\u00e9 obdob\u00ed (maxim\u00e1ln\u011b 2 a\u017e 4 t\u00fddny)<\/b> omezit, aby se minimalizovalo riziko z\u00e1vislosti.<\/p>\n<h2>P\u0159\u00edsn\u00e9 pokyny pro pou\u017eit\u00ed, nebezpe\u010d\u00ed a kontraindikace<\/h2>\n<p>U\u017e\u00edv\u00e1n\u00ed alprazolamu vy\u017eaduje p\u0159\u00edsn\u00e9 dodr\u017eov\u00e1n\u00ed v\u0161ech <b>l\u00e9ka\u0159sk\u00e9 pokyny<\/b>. L\u00e9ky mus\u00ed <b>v\u017edy podle pokyn\u016f l\u00e9ka\u0159e<\/b> proto\u017ee nepovolen\u00e9 d\u00e1vkov\u00e1n\u00ed m\u016f\u017ee b\u00fdt \u017eivotu nebezpe\u010dn\u00e9.<\/p>\n<p>N\u011bkter\u00e9 kombinace jsou velmi nebezpe\u010dn\u00e9 a vedou k v\u00e1\u017en\u00fdm n\u00e1sledk\u016fm. <b>Interakce<\/b>. Nap\u0159\u00edklad alprazolam <b>Nikdy s alkoholem<\/b> nebo jin\u00e9 centr\u00e1ln\u011b tlum\u00edc\u00ed l\u00e1tky <b>(nap\u0159. opioidy, n\u011bkter\u00e1 antihistaminika nebo jin\u00e9 l\u00e9ky na uklidn\u011bn\u00ed).<\/b> lze kombinovat. Tyto kombinace mohou minimalizovat tlum\u00edc\u00ed \u00fa\u010dinek na d\u00fdch\u00e1n\u00ed. <b>\u017eivot ohro\u017euj\u00edc\u00ed n\u00e1r\u016fst<\/b> a v nejhor\u0161\u00edm p\u0159\u00edpad\u011b na <b>Z\u00e1stava d\u00fdch\u00e1n\u00ed<\/b> m\u016f\u017ee v\u00e9st k ne\u017e\u00e1douc\u00edm \u00fa\u010dink\u016fm. Krom\u011b toho mus\u00ed b\u00fdt l\u00e9\u010dba v\u017edy ukon\u010dena pod l\u00e9ka\u0159sk\u00fdm dohledem. <b>vybledl<\/b> st\u00e1t se. N\u00e1hl\u00e9 ukon\u010den\u00ed l\u00e9\u010dby m\u016f\u017ee zp\u016fsobit z\u00e1va\u017en\u00e9 abstinen\u010dn\u00ed p\u0159\u00edznaky, kter\u00e9 <b>Z\u00e1chvaty, delirium<\/b> a \u017eivot ohro\u017euj\u00edc\u00ed \u00fazkostn\u00e9 stavy.<\/p>\n<p>Souhrnn\u011b lze \u0159\u00edci, \u017ee l\u00e9\u010dba vy\u017eaduje <b>St\u00e1l\u00fd l\u00e9ka\u0159sk\u00fd dohled<\/b>, upravit d\u00e1vku a bezpe\u010dn\u011b v\u00e9st pacienta p\u0159i l\u00e9\u010db\u011b. <b>Kontraindikace<\/b> jsou nap\u0159\u00edklad z\u00e1va\u017en\u00e1 onemocn\u011bn\u00ed d\u00fdchac\u00edch cest (sp\u00e1nkov\u00e1 apnoe), myasthenia gravis nebo zn\u00e1m\u00e1 z\u00e1vislost v anamn\u00e9ze.<\/p>\n<h2>Pr\u00e1vn\u00ed situace, klasifikace a riziko neleg\u00e1ln\u00edch zdroj\u016f<\/h2>\n<p><b>Alprazolam<\/b> je v N\u011bmecku a ve v\u011bt\u0161in\u011b zem\u00ed sv\u011bta uzn\u00e1v\u00e1n jako <b>Anestetikum na p\u0159edpis<\/b> za\u0159azeno do kategori\u00ed. To znamen\u00e1, \u017ee dr\u017een\u00ed, obchodov\u00e1n\u00ed a v\u00fddej bez platn\u00e9ho l\u00e9ka\u0159sk\u00e9ho p\u0159edpisu je zak\u00e1z\u00e1no. <b>neleg\u00e1ln\u00ed<\/b> a podl\u00e9haj\u00ed trestn\u00edmu st\u00edh\u00e1n\u00ed.<\/p>\n<p>Proto je <b>Extr\u00e9mn\u011b nebezpe\u010dn\u00e9<\/b>, Xanax nebo alprazolam <b>online bez l\u00e9ka\u0159sk\u00e9ho p\u0159edpisu<\/b> ke koupi. Laboratorn\u00ed anal\u00fdzy a policejn\u00ed vy\u0161et\u0159ov\u00e1n\u00ed ve skute\u010dnosti uk\u00e1zaly, \u017ee neleg\u00e1ln\u011b z\u00edskan\u00e9 pilulky jsou \u010dasto <b>kovan\u00e9<\/b> jsou. Bu\u010f obsahuj\u00ed nespr\u00e1vn\u00e9 mno\u017estv\u00ed \u00fa\u010dinn\u00e9 l\u00e1tky (co\u017e m\u016f\u017ee v\u00e9st k nep\u0159edv\u00eddateln\u00e9mu p\u0159ed\u00e1vkov\u00e1n\u00ed), nebo, co\u017e je je\u0161t\u011b hor\u0161\u00ed, obsahuj\u00ed nespr\u00e1vn\u00e9 mno\u017estv\u00ed \u00fa\u010dinn\u00e9 l\u00e1tky, <b>vysoce toxick\u00e9 l\u00e1tky, jako jsou analogy fentanylu.<\/b>. Tyto syntetick\u00e9 opioidy mohou b\u00fdt smrteln\u00e9 i v nejmen\u0161\u00edm, sotva viditeln\u00e9m mno\u017estv\u00ed. Z tohoto d\u016fvodu byste m\u011bli <b>v\u017edy v\u00fdhradn\u011b licencovan\u00fdm l\u00e9k\u00e1rn\u00e1m a l\u00e9ka\u0159\u016fm.<\/b> aby bylo zaji\u0161t\u011bno va\u0161e zdrav\u00ed a bezpe\u010dnost a aby bylo zaru\u010deno dodr\u017eov\u00e1n\u00ed z\u00e1kona o omamn\u00fdch l\u00e1tk\u00e1ch.<\/p>","protected":false},"excerpt":{"rendered":"<p data-start=\"1915\" data-end=\"2041\">Xanax 2 mg - rychle p\u016fsob\u00edc\u00ed alprazolam proti \u00fazkosti a panice. P\u0159esn\u00e9 d\u00e1vkov\u00e1n\u00ed a diskr\u00e9tn\u00ed doprava v N\u011bmecku a EU.<\/p>","protected":false},"featured_media":8789,"comment_status":"open","ping_status":"closed","template":"","meta":{"_joinchat":[]},"product_brand":[],"product_cat":[62],"product_tag":[],"class_list":{"0":"post-8896","1":"product","2":"type-product","3":"status-publish","4":"has-post-thumbnail","6":"product_cat-marijuana","8":"first","9":"instock","10":"shipping-taxable","11":"purchasable","12":"product-type-variable"},"yoast_head":"<!-- This site is optimized with the Yoast SEO plugin v27.5 - https:\/\/yoast.com\/product\/yoast-seo-wordpress\/ -->\n<title>Xanax 2mg online kaufen | Alprazolam<\/title>\n<meta name=\"description\" content=\"Xanax 2mg (Alprazolam) kaufen \u2013 schnell wirksam bei Angst und Panik. Diskreter Versand in Deutschland &amp; EU f\u00fcr sichere, zuverl\u00e4ssige Wirkung.\" \/>\n<meta name=\"robots\" content=\"index, follow, max-snippet:-1, max-image-preview:large, max-video-preview:-1\" \/>\n<link rel=\"canonical\" href=\"https:\/\/chemgramx.com\/cs\/produkt-1\/xanax-alprazolam-2mg\/\" \/>\n<meta property=\"og:locale\" content=\"cs_CZ\" \/>\n<meta property=\"og:type\" content=\"article\" \/>\n<meta property=\"og:title\" content=\"Xanax 2mg online kaufen | Alprazolam\" \/>\n<meta property=\"og:description\" content=\"Xanax 2mg (Alprazolam) kaufen \u2013 schnell wirksam bei Angst und Panik. Diskreter Versand in Deutschland &amp; EU f\u00fcr sichere, zuverl\u00e4ssige Wirkung.\" \/>\n<meta property=\"og:url\" content=\"https:\/\/chemgramx.com\/cs\/produkt-1\/xanax-alprazolam-2mg\/\" \/>\n<meta property=\"og:site_name\" content=\"Chemgramx\" \/>\n<meta property=\"article:modified_time\" content=\"2025-12-11T11:03:24+00:00\" \/>\n<meta property=\"og:image\" content=\"https:\/\/chemgramx.com\/wp-content\/uploads\/2025\/12\/xanax-alprazolam-2mg.jpeg\" \/>\n\t<meta property=\"og:image:width\" content=\"1500\" \/>\n\t<meta property=\"og:image:height\" content=\"2000\" \/>\n\t<meta property=\"og:image:type\" content=\"image\/jpeg\" \/>\n<meta name=\"twitter:card\" content=\"summary_large_image\" \/>\n<meta name=\"twitter:label1\" content=\"Odhadovan\u00e1 doba \u010dten\u00ed\" \/>\n\t<meta name=\"twitter:data1\" content=\"4 minuty\" \/>\n<script type=\"application\/ld+json\" class=\"yoast-schema-graph\">{\"@context\":\"https:\\\/\\\/schema.org\",\"@graph\":[{\"@type\":\"WebPage\",\"@id\":\"https:\\\/\\\/chemgramx.com\\\/product\\\/xanax-alprazolam-2mg\\\/\",\"url\":\"https:\\\/\\\/chemgramx.com\\\/product\\\/xanax-alprazolam-2mg\\\/\",\"name\":\"Xanax 2mg online kaufen | Alprazolam\",\"isPartOf\":{\"@id\":\"https:\\\/\\\/chemgramx.com\\\/#website\"},\"primaryImageOfPage\":{\"@id\":\"https:\\\/\\\/chemgramx.com\\\/product\\\/xanax-alprazolam-2mg\\\/#primaryimage\"},\"image\":{\"@id\":\"https:\\\/\\\/chemgramx.com\\\/product\\\/xanax-alprazolam-2mg\\\/#primaryimage\"},\"thumbnailUrl\":\"https:\\\/\\\/chemgramx.com\\\/wp-content\\\/uploads\\\/2025\\\/12\\\/xanax-alprazolam-2mg.jpeg\",\"datePublished\":\"2025-12-11T10:56:40+00:00\",\"dateModified\":\"2025-12-11T11:03:24+00:00\",\"description\":\"Xanax 2mg (Alprazolam) kaufen \u2013 schnell wirksam bei Angst und Panik. Diskreter Versand in Deutschland & EU f\u00fcr sichere, zuverl\u00e4ssige Wirkung.\",\"breadcrumb\":{\"@id\":\"https:\\\/\\\/chemgramx.com\\\/product\\\/xanax-alprazolam-2mg\\\/#breadcrumb\"},\"inLanguage\":\"cs\",\"potentialAction\":[{\"@type\":\"ReadAction\",\"target\":[\"https:\\\/\\\/chemgramx.com\\\/product\\\/xanax-alprazolam-2mg\\\/\"]}]},{\"@type\":\"ImageObject\",\"inLanguage\":\"cs\",\"@id\":\"https:\\\/\\\/chemgramx.com\\\/product\\\/xanax-alprazolam-2mg\\\/#primaryimage\",\"url\":\"https:\\\/\\\/chemgramx.com\\\/wp-content\\\/uploads\\\/2025\\\/12\\\/xanax-alprazolam-2mg.jpeg\",\"contentUrl\":\"https:\\\/\\\/chemgramx.com\\\/wp-content\\\/uploads\\\/2025\\\/12\\\/xanax-alprazolam-2mg.jpeg\",\"width\":1500,\"height\":2000},{\"@type\":\"BreadcrumbList\",\"@id\":\"https:\\\/\\\/chemgramx.com\\\/product\\\/xanax-alprazolam-2mg\\\/#breadcrumb\",\"itemListElement\":[{\"@type\":\"ListItem\",\"position\":1,\"name\":\"Home\",\"item\":\"https:\\\/\\\/chemgramx.com\\\/\"},{\"@type\":\"ListItem\",\"position\":2,\"name\":\"Shop\",\"item\":\"https:\\\/\\\/chemgramx.com\\\/shop\\\/\"},{\"@type\":\"ListItem\",\"position\":3,\"name\":\"kaufen Xanax (Alprazolam) online\"}]},{\"@type\":\"WebSite\",\"@id\":\"https:\\\/\\\/chemgramx.com\\\/#website\",\"url\":\"https:\\\/\\\/chemgramx.com\\\/\",\"name\":\"Chemgramx\",\"description\":\"\",\"publisher\":{\"@id\":\"https:\\\/\\\/chemgramx.com\\\/#organization\"},\"potentialAction\":[{\"@type\":\"SearchAction\",\"target\":{\"@type\":\"EntryPoint\",\"urlTemplate\":\"https:\\\/\\\/chemgramx.com\\\/?s={search_term_string}\"},\"query-input\":{\"@type\":\"PropertyValueSpecification\",\"valueRequired\":true,\"valueName\":\"search_term_string\"}}],\"inLanguage\":\"cs\"},{\"@type\":\"Organization\",\"@id\":\"https:\\\/\\\/chemgramx.com\\\/#organization\",\"name\":\"Chemgramx\",\"url\":\"https:\\\/\\\/chemgramx.com\\\/\",\"logo\":{\"@type\":\"ImageObject\",\"inLanguage\":\"cs\",\"@id\":\"https:\\\/\\\/chemgramx.com\\\/#\\\/schema\\\/logo\\\/image\\\/\",\"url\":\"https:\\\/\\\/chemgramx.com\\\/wp-content\\\/uploads\\\/2024\\\/10\\\/final-logo.png\",\"contentUrl\":\"https:\\\/\\\/chemgramx.com\\\/wp-content\\\/uploads\\\/2024\\\/10\\\/final-logo.png\",\"width\":250,\"height\":48,\"caption\":\"Chemgramx\"},\"image\":{\"@id\":\"https:\\\/\\\/chemgramx.com\\\/#\\\/schema\\\/logo\\\/image\\\/\"}}]}<\/script>\n<!-- \/ Yoast SEO plugin. -->","yoast_head_json":{"title":"Koupit Xanax 2mg online | Alprazolam","description":"Koupit Xanax 2 mg (alprazolam) - rychle \u00fa\u010dinn\u00fd p\u0159i \u00fazkosti a panice. Diskr\u00e9tn\u00ed doprava v N\u011bmecku a EU pro bezpe\u010dn\u00e9 a spolehliv\u00e9 \u00fa\u010dinky.","robots":{"index":"index","follow":"follow","max-snippet":"max-snippet:-1","max-image-preview":"max-image-preview:large","max-video-preview":"max-video-preview:-1"},"canonical":"https:\/\/chemgramx.com\/cs\/produkt-1\/xanax-alprazolam-2mg\/","og_locale":"cs_CZ","og_type":"article","og_title":"Xanax 2mg online kaufen | Alprazolam","og_description":"Xanax 2mg (Alprazolam) kaufen \u2013 schnell wirksam bei Angst und Panik. Diskreter Versand in Deutschland & EU f\u00fcr sichere, zuverl\u00e4ssige Wirkung.","og_url":"https:\/\/chemgramx.com\/cs\/produkt-1\/xanax-alprazolam-2mg\/","og_site_name":"Chemgramx","article_modified_time":"2025-12-11T11:03:24+00:00","og_image":[{"width":1500,"height":2000,"url":"https:\/\/chemgramx.com\/wp-content\/uploads\/2025\/12\/xanax-alprazolam-2mg.jpeg","type":"image\/jpeg"}],"twitter_card":"summary_large_image","twitter_misc":{"Odhadovan\u00e1 doba \u010dten\u00ed":"4 minuty"},"schema":{"@context":"https:\/\/schema.org","@graph":[{"@type":"WebPage","@id":"https:\/\/chemgramx.com\/product\/xanax-alprazolam-2mg\/","url":"https:\/\/chemgramx.com\/product\/xanax-alprazolam-2mg\/","name":"Koupit Xanax 2mg online | Alprazolam","isPartOf":{"@id":"https:\/\/chemgramx.com\/#website"},"primaryImageOfPage":{"@id":"https:\/\/chemgramx.com\/product\/xanax-alprazolam-2mg\/#primaryimage"},"image":{"@id":"https:\/\/chemgramx.com\/product\/xanax-alprazolam-2mg\/#primaryimage"},"thumbnailUrl":"https:\/\/chemgramx.com\/wp-content\/uploads\/2025\/12\/xanax-alprazolam-2mg.jpeg","datePublished":"2025-12-11T10:56:40+00:00","dateModified":"2025-12-11T11:03:24+00:00","description":"Koupit Xanax 2 mg (alprazolam) - rychle \u00fa\u010dinn\u00fd p\u0159i \u00fazkosti a panice. Diskr\u00e9tn\u00ed doprava v N\u011bmecku a EU pro bezpe\u010dn\u00e9 a spolehliv\u00e9 \u00fa\u010dinky.","breadcrumb":{"@id":"https:\/\/chemgramx.com\/product\/xanax-alprazolam-2mg\/#breadcrumb"},"inLanguage":"cs","potentialAction":[{"@type":"ReadAction","target":["https:\/\/chemgramx.com\/product\/xanax-alprazolam-2mg\/"]}]},{"@type":"ImageObject","inLanguage":"cs","@id":"https:\/\/chemgramx.com\/product\/xanax-alprazolam-2mg\/#primaryimage","url":"https:\/\/chemgramx.com\/wp-content\/uploads\/2025\/12\/xanax-alprazolam-2mg.jpeg","contentUrl":"https:\/\/chemgramx.com\/wp-content\/uploads\/2025\/12\/xanax-alprazolam-2mg.jpeg","width":1500,"height":2000},{"@type":"BreadcrumbList","@id":"https:\/\/chemgramx.com\/product\/xanax-alprazolam-2mg\/#breadcrumb","itemListElement":[{"@type":"ListItem","position":1,"name":"Home","item":"https:\/\/chemgramx.com\/"},{"@type":"ListItem","position":2,"name":"Shop","item":"https:\/\/chemgramx.com\/shop\/"},{"@type":"ListItem","position":3,"name":"kaufen Xanax (Alprazolam) online"}]},{"@type":"WebSite","@id":"https:\/\/chemgramx.com\/#website","url":"https:\/\/chemgramx.com\/","name":"Chemgramx","description":"","publisher":{"@id":"https:\/\/chemgramx.com\/#organization"},"potentialAction":[{"@type":"SearchAction","target":{"@type":"EntryPoint","urlTemplate":"https:\/\/chemgramx.com\/?s={search_term_string}"},"query-input":{"@type":"PropertyValueSpecification","valueRequired":true,"valueName":"search_term_string"}}],"inLanguage":"cs"},{"@type":"Organization","@id":"https:\/\/chemgramx.com\/#organization","name":"Chemgramx","url":"https:\/\/chemgramx.com\/","logo":{"@type":"ImageObject","inLanguage":"cs","@id":"https:\/\/chemgramx.com\/#\/schema\/logo\/image\/","url":"https:\/\/chemgramx.com\/wp-content\/uploads\/2024\/10\/final-logo.png","contentUrl":"https:\/\/chemgramx.com\/wp-content\/uploads\/2024\/10\/final-logo.png","width":250,"height":48,"caption":"Chemgramx"},"image":{"@id":"https:\/\/chemgramx.com\/#\/schema\/logo\/image\/"}}]}},"_links":{"self":[{"href":"https:\/\/chemgramx.com\/cs\/wp-json\/wp\/v2\/product\/8896","targetHints":{"allow":["GET"]}}],"collection":[{"href":"https:\/\/chemgramx.com\/cs\/wp-json\/wp\/v2\/product"}],"about":[{"href":"https:\/\/chemgramx.com\/cs\/wp-json\/wp\/v2\/types\/product"}],"replies":[{"embeddable":true,"href":"https:\/\/chemgramx.com\/cs\/wp-json\/wp\/v2\/comments?post=8896"}],"wp:featuredmedia":[{"embeddable":true,"href":"https:\/\/chemgramx.com\/cs\/wp-json\/wp\/v2\/media\/8789"}],"wp:attachment":[{"href":"https:\/\/chemgramx.com\/cs\/wp-json\/wp\/v2\/media?parent=8896"}],"wp:term":[{"taxonomy":"product_brand","embeddable":true,"href":"https:\/\/chemgramx.com\/cs\/wp-json\/wp\/v2\/product_brand?post=8896"},{"taxonomy":"product_cat","embeddable":true,"href":"https:\/\/chemgramx.com\/cs\/wp-json\/wp\/v2\/product_cat?post=8896"},{"taxonomy":"product_tag","embeddable":true,"href":"https:\/\/chemgramx.com\/cs\/wp-json\/wp\/v2\/product_tag?post=8896"}],"curies":[{"name":"wp","href":"https:\/\/api.w.org\/{rel}","templated":true}]}}