{"id":8897,"date":"2025-12-11T10:56:42","date_gmt":"2025-12-11T10:56:42","guid":{"rendered":"https:\/\/chemgramx.com\/?post_type=product&#038;p=8897"},"modified":"2025-12-11T10:57:13","modified_gmt":"2025-12-11T10:57:13","slug":"divci-skautske-susenky-kmen-28-thc","status":"publish","type":"product","link":"https:\/\/chemgramx.com\/cs\/product\/girl-scout-cookies-strain-28-thc\/","title":{"rendered":"D\u00edv\u010d\u00ed skautsk\u00e9 su\u0161enky Kmen 28% THC"},"content":{"rendered":"<p><b>Alprazolam<\/b>, zn\u00e1m\u00fd sp\u00ed\u0161e pod mezin\u00e1rodn\u00edm obchodn\u00edm n\u00e1zvem Xanax, je <b>Vysoce \u00fa\u010dinn\u00fd, kr\u00e1tkodob\u011b p\u016fsob\u00edc\u00ed benzodiazepin<\/b>. <b>Na adrese .<\/b> je jednou z nej\u010dast\u011bji p\u0159edepisovan\u00fdch psychoaktivn\u00edch l\u00e1tek na sv\u011bt\u011b. <b>Jeho<\/b> Hlavn\u00ed indikac\u00ed je l\u00e9\u010dba <b>\u00dazkostn\u00e9 poruchy, panick\u00e9 poruchy s agorafobi\u00ed nebo bez n\u00ed<\/b> a <b>Kr\u00e1tkodob\u00e1, siln\u00e1 \u00fazkost a nap\u011bt\u00ed<\/b>. <b>Na str\u00e1nk\u00e1ch<\/b> D\u00e1vkovac\u00ed forma <b>2 mg<\/b> p\u0159edstavuje <b>Vysok\u00e1 jednotliv\u00e1 d\u00e1vka<\/b> p\u0159edev\u0161\u00edm pro pacienty s <b>v\u00fdrazn\u00e9 p\u0159\u00edznaky<\/b> nebo pro ty, kte\u0159\u00ed ji\u017e maj\u00ed <b>ur\u010dit\u00e1 tolerance<\/b> Zohled\u0148uje se riziko vzniku ne\u017e\u00e1douc\u00edho \u00fa\u010dinku v\u016f\u010di l\u00e1tce. <b>V d\u016fsledku toho<\/b> u\u017e\u00edv\u00e1n\u00ed alprazolamu podl\u00e9h\u00e1 nejp\u0159\u00edsn\u011bj\u0161\u00ed l\u00e9ka\u0159sk\u00e9 a pr\u00e1vn\u00ed kontrole.<\/p>\n<p>Tento \u010dl\u00e1nek nab\u00edz\u00ed <b>podrobn\u00e9 v\u011bdeck\u00e9 zkoum\u00e1n\u00ed<\/b> o mechanismu \u00fa\u010dinku, farmakokinetick\u00fdch vlastnostech, terapeutick\u00e9m pou\u017eit\u00ed a o zna\u010dn\u00fdch rizic\u00edch a mo\u017enosti z\u00e1vislosti spojen\u00fdch s u\u017e\u00edv\u00e1n\u00edm t\u00e9to siln\u00e9 drogy.<\/p>\n<h2><b>Mechanismus \u00fa\u010dinku a farmakodynamika<\/b><\/h2>\n<p>Alprazolam p\u016fsob\u00ed v centr\u00e1ln\u00ed nervov\u00e9 soustav\u011b (CNS). <b>Zde<\/b> zvy\u0161uje \u00fa\u010dinek nejd\u016fle\u017eit\u011bj\u0161\u00edch <b><a href=\"\/product\/green-mandala-mix-kaufen\/\">inhibice<\/a> Neurotransmitery<\/b>, kyselina gama-aminom\u00e1seln\u00e1 <b>(GABA)<\/b>.<\/p>\n<h4><b>\u00daloha receptoru GABA-A<\/b><\/h4>\n<p>Benzodiazepiny, jako je alprazolam, se specificky v\u00e1\u017eou na podjednotku hormonu. <b>Komplex receptor\u016f GABA-A<\/b>. <b>Tyto str\u00e1nky<\/b> Vazba vede k <b>zes\u00edlen\u00e9 otev\u00edr\u00e1n\u00ed<\/b> chloridov\u00fdch kan\u00e1l\u016f. <b>T\u00edmto<\/b> do nervov\u00e9 bu\u0148ky proud\u00ed z\u00e1porn\u011b nabit\u00e9 chloridov\u00e9 ionty. <b>Tento<\/b> m\u00e1 za n\u00e1sledek <b>Hyperpolarizace<\/b> bu\u0148ky. <b>Pointa<\/b> je vzru\u0161ivost nervov\u00e9 bu\u0148ky v\u00fdrazn\u011b sn\u00ed\u017eena. <b>Tedy<\/b> a <b>Obecn\u00e9 tlumen\u00ed<\/b> neuron\u00e1ln\u00ed aktivity v mozku.<\/p>\n<ul>\n<li><b>Anxiolytikum (anxiolytikum):<\/b> \u00datlum limbick\u00fdch syst\u00e9m\u016f vede k rychl\u00e9mu rozvoji. <b>Sn\u00ed\u017een\u00ed \u00fazkosti a nervozity<\/b>.<\/li>\n<li><b>Uklid\u0148uj\u00edc\u00ed (sedativn\u00ed\/hypnotick\u00fd):<\/b> Tento efekt vede k <b>Podpora vnit\u0159n\u00edho klidu a relaxace<\/b>.<\/li>\n<li><b>Svalov\u00fd relaxant a antikonvulzivum:<\/b> <b>Krom\u011b toho<\/b> Alprazolam m\u00e1 vlastnosti, kter\u00e9 <b>Uvoln\u011bn\u00ed sval\u016f<\/b> a na <b>Prevence z\u00e1chvat\u016f<\/b> p\u0159isp\u00edvat.<\/li>\n<\/ul>\n<h4><b>Kinetika \u00fa\u010dinku<\/b><\/h4>\n<p>Alprazolam se vyzna\u010duje t\u00edm, \u017ee <b>rychl\u00fd n\u00e1stup \u00fa\u010dinku<\/b> z. <b>Obvykle<\/b> maxim\u00e1ln\u00ed plazmatick\u00e1 koncentrace je ji\u017e <b>do jedn\u00e9 a\u017e dvou hodin<\/b> po peror\u00e1ln\u00edm pod\u00e1n\u00ed. <b>Tento<\/b> rychl\u00e9 z\u00e1plavy jsou d\u016fvodem obl\u00edbenosti <b>Akutn\u00ed l\u00e9\u010dba<\/b> z\u00e1chvat\u016f paniky. <b>Nicm\u00e9n\u011b<\/b> nese relativn\u011b <b>Kr\u00e1tk\u00fd polo\u010das rozpadu<\/b> (cca 11 a\u017e 15 hodin) tak\u00e9 na <b>zv\u00fd\u0161en\u00e9 riziko z\u00e1vislosti<\/b> proto\u017ee pacienti mohou rychle usilovat o nov\u00fd n\u00e1stup \u00fa\u010dinku.<\/p>\n<h2><b>Terapeutick\u00e9 pou\u017eit\u00ed a pokyny<\/b><\/h2>\n<p>D\u00e1vkov\u00e1n\u00ed <b>2 mg alprazolamu<\/b> je v terapii a <b>Vysok\u00e1 jednotliv\u00e1 d\u00e1vka<\/b>, co\u017e vy\u017eaduje p\u0159esn\u00fd \u00fadaj. <b>Aplikace<\/b> je p\u0159\u00edsn\u011b omezena na <b>Kr\u00e1tkodob\u00e9 o\u0161et\u0159en\u00ed<\/b> omezen\u00e9.<\/p>\n<h4><b>Indikace<\/b><\/h4>\n<p><b>Hlavn\u011b<\/b> Alprazolam je p\u0159edepisov\u00e1n k l\u00e9\u010db\u011b:<\/p>\n<ul>\n<li><b>Panick\u00e9 poruchy:<\/b> <b>Zde<\/b> rychl\u00fd \u00fa\u010dinek hraje rozhoduj\u00edc\u00ed roli p\u0159i akutn\u00edm p\u0159eru\u0161en\u00ed panick\u00e9ho z\u00e1chvatu.<\/li>\n<li><b>Siln\u00e1 \u00fazkost:<\/b> <b>Na adrese .<\/b> se pou\u017e\u00edv\u00e1 pouze pro stavy, kter\u00e9 <b>siln\u011b po\u0161kozuj\u00edc\u00ed<\/b> a nereaguj\u00ed dostate\u010dn\u011b na jin\u00e9, m\u00e9n\u011b rizikov\u00e9 l\u00e9ky.<\/li>\n<\/ul>\n<h4><b>Omezen\u00ed pou\u017e\u00edv\u00e1n\u00ed a opatrnost<\/b><\/h4>\n<p><b>L\u00e9ka\u0159sk\u00e9 pokyny<\/b> zd\u016fraz\u0148uj\u00ed, \u017ee benzodiazepiny vzhledem ke sv\u00fdm <b>vysok\u00fd potenci\u00e1l z\u00e1vislosti<\/b> pouze pro jednu <b>kr\u00e1tk\u00e9 obdob\u00ed<\/b> (obvykle ne d\u00e9le ne\u017e 2 a\u017e 4 t\u00fddny). <b>Tento<\/b> plat\u00ed zejm\u00e9na pro 2 mg formu s vysokou d\u00e1vkou. <b>Krom\u011b toho<\/b> mus\u00ed b\u00fdt v\u017edy p\u0159ijata <b>podle pokyn\u016f l\u00e9ka\u0159e<\/b> se uskute\u010dn\u00ed.<\/p>\n<ul>\n<li><b>Nebezpe\u010dn\u00e9 kombinace:<\/b> <b>Na str\u00e1nk\u00e1ch<\/b> Kombinace alprazolamu s <b>Alkohol<\/b> nebo jin\u00e9 <b>Sedativa<\/b> (jako jsou opioidy, antihistaminika) je <b>\u017eivot ohro\u017euj\u00edc\u00ed<\/b>. <b>Tyto str\u00e1nky<\/b> Interakce mohou v\u00e9st k <b>potenci\u00e1ln\u011b smrteln\u00e1 respira\u010dn\u00ed deprese<\/b> olovo.<\/li>\n<\/ul>\n<h2><b>Rizika, z\u00e1vislost a mo\u017enost zneu\u017eit\u00ed<\/b><\/h2>\n<p>Alprazolam, zejm\u00e9na ve form\u011b 2 mg, skr\u00fdv\u00e1 tato rizika <b>V\u00fdznamn\u00e1 rizika<\/b> s ohledem na v\u00fdvoj <b>Z\u00e1vislost a zneu\u017e\u00edv\u00e1n\u00ed<\/b>.<\/p>\n<ul>\n<li><b>Fyzick\u00e1 a psychick\u00e1 z\u00e1vislost:<\/b> <b>Jeden<\/b> Tolerance se m\u016f\u017ee vyvinout ji\u017e po n\u011bkolika t\u00fddnech pravideln\u00e9ho u\u017e\u00edv\u00e1n\u00ed. <b>V d\u016fsledku toho<\/b> k dosa\u017een\u00ed stejn\u00e9ho terapeutick\u00e9ho \u00fa\u010dinku je zapot\u0159eb\u00ed vy\u0161\u0161\u00edch d\u00e1vek.<\/li>\n<li><b>Abstinen\u010dn\u00ed p\u0159\u00edznaky:<\/b> <b>S<\/b> Po n\u00e1hl\u00e9m vysazen\u00ed se mohou objevit z\u00e1va\u017en\u00e9 abstinen\u010dn\u00ed p\u0159\u00edznaky. <b>Tyto str\u00e1nky<\/b> se pohybuj\u00ed od odrazov\u00e9 \u00fazkosti, nespavosti, stav\u016f agitovanosti a\u017e po... <b>\u017eivot ohro\u017euj\u00edc\u00ed z\u00e1chvaty<\/b>. <b>Proto<\/b> l\u00e9k mus\u00ed b\u00fdt v\u017edy <b>pl\u00ed\u017eiv\u011b<\/b> a pod l\u00e9ka\u0159sk\u00fdm dohledem p\u0159eru\u0161en.<\/li>\n<\/ul>\n<h2><b>Pr\u00e1vn\u00ed \u00faprava a nebezpe\u010d\u00ed nez\u00e1konn\u00e9ho nab\u00fdv\u00e1n\u00ed<\/b><\/h2>\n<p><b>V N\u011bmecku<\/b> a ve v\u011bt\u0161in\u011b zem\u00ed spad\u00e1 alprazolam do kategorie <b>Z\u00e1kon o drog\u00e1ch (BtMG)<\/b> nebo podobn\u00e9 p\u0159\u00edsn\u00e9 p\u0159edpisy.<\/p>\n<ul>\n<li><b>Pouze na l\u00e9ka\u0159sk\u00fd p\u0159edpis:<\/b> Ka\u017ed\u00e1 dod\u00e1vka, ka\u017ed\u00e9 vlastnictv\u00ed a ka\u017ed\u00e1 aplikace vy\u017eaduje <b>platn\u00fd l\u00e9ka\u0159sk\u00fd p\u0159edpis<\/b>. <b>Na str\u00e1nk\u00e1ch<\/b> Dod\u00e1vka se uskute\u010dn\u00ed <b>v\u00fdhradn\u011b prost\u0159ednictv\u00edm licencovan\u00fdch l\u00e9k\u00e1ren<\/b>.<\/li>\n<li><b>Nebezpe\u010d\u00ed n\u00e1kupu online:<\/b> <b>Na str\u00e1nk\u00e1ch<\/b> neleg\u00e1ln\u00ed online n\u00e1kup alprazolamu bez l\u00e9ka\u0159sk\u00e9ho p\u0159edpisu je <b>Extr\u00e9mn\u011b nebezpe\u010dn\u00e9<\/b>. <b>V pr\u016fb\u011bhu<\/b> existuje riziko, <b>pad\u011blan\u00e9 p\u0159\u00edpravky<\/b> obdr\u017eet. <b>Tyto str\u00e1nky<\/b> mohou obsahovat nespr\u00e1vn\u00e9 d\u00e1vkov\u00e1n\u00ed nebo toxick\u00e9 slo\u017eky, kter\u00e9 <b>\u017eivot ohro\u017euj\u00edc\u00ed n\u00e1sledky<\/b> m\u016f\u017ee m\u00edt.<\/li>\n<\/ul>","protected":false},"excerpt":{"rendered":"<p data-start=\"2615\" data-end=\"2732\">Girl Scout Cookies - Hybrid s 28 % THC. Sladk\u00e1 a zemit\u00e1 chu\u0165, siln\u00fd high a pr\u00e9miov\u00e1 kvalita pro zku\u0161en\u00e9 u\u017eivatele.<\/p>","protected":false},"featured_media":8790,"comment_status":"open","ping_status":"closed","template":"","meta":{"_joinchat":[]},"product_brand":[],"product_cat":[62],"product_tag":[],"class_list":{"0":"post-8897","1":"product","2":"type-product","3":"status-publish","4":"has-post-thumbnail","6":"product_cat-marijuana","8":"first","9":"instock","10":"shipping-taxable","11":"purchasable","12":"product-type-variable"},"yoast_head":"<!-- This site is optimized with the Yoast SEO plugin v27.5 - https:\/\/yoast.com\/product\/yoast-seo-wordpress\/ -->\n<title>Girl Scout Cookies kaufen | 28% THC Hybrid<\/title>\n<meta name=\"description\" content=\"Girl Scout Cookies online kaufen \u2013 28 % THC, s\u00fc\u00df-erdiges Aroma, starkes High. Premium-Hybrid mit diskretem Versand in Deutschland &amp; EU.\" \/>\n<meta name=\"robots\" content=\"index, follow, max-snippet:-1, max-image-preview:large, max-video-preview:-1\" \/>\n<link rel=\"canonical\" href=\"https:\/\/chemgramx.com\/cs\/produkt-1\/divci-skautske-susenky-kmen-28-thc\/\" \/>\n<meta property=\"og:locale\" content=\"cs_CZ\" \/>\n<meta property=\"og:type\" content=\"article\" \/>\n<meta property=\"og:title\" content=\"Girl Scout Cookies kaufen | 28% THC Hybrid\" \/>\n<meta property=\"og:description\" content=\"Girl Scout Cookies online kaufen \u2013 28 % THC, s\u00fc\u00df-erdiges Aroma, starkes High. Premium-Hybrid mit diskretem Versand in Deutschland &amp; EU.\" \/>\n<meta property=\"og:url\" content=\"https:\/\/chemgramx.com\/cs\/produkt-1\/divci-skautske-susenky-kmen-28-thc\/\" \/>\n<meta property=\"og:site_name\" content=\"Chemgramx\" \/>\n<meta property=\"article:modified_time\" content=\"2025-12-11T10:57:13+00:00\" \/>\n<meta property=\"og:image\" content=\"https:\/\/chemgramx.com\/wp-content\/uploads\/2025\/12\/girl-scout-cookies-strain-28-thc.jpg\" \/>\n\t<meta property=\"og:image:width\" content=\"800\" \/>\n\t<meta property=\"og:image:height\" content=\"800\" \/>\n\t<meta property=\"og:image:type\" content=\"image\/jpeg\" \/>\n<meta name=\"twitter:card\" content=\"summary_large_image\" \/>\n<meta name=\"twitter:label1\" content=\"Odhadovan\u00e1 doba \u010dten\u00ed\" \/>\n\t<meta name=\"twitter:data1\" content=\"3 minuty\" \/>\n<script type=\"application\/ld+json\" class=\"yoast-schema-graph\">{\"@context\":\"https:\\\/\\\/schema.org\",\"@graph\":[{\"@type\":\"WebPage\",\"@id\":\"https:\\\/\\\/chemgramx.com\\\/product\\\/girl-scout-cookies-strain-28-thc\\\/\",\"url\":\"https:\\\/\\\/chemgramx.com\\\/product\\\/girl-scout-cookies-strain-28-thc\\\/\",\"name\":\"Girl Scout Cookies kaufen | 28% THC Hybrid\",\"isPartOf\":{\"@id\":\"https:\\\/\\\/chemgramx.com\\\/#website\"},\"primaryImageOfPage\":{\"@id\":\"https:\\\/\\\/chemgramx.com\\\/product\\\/girl-scout-cookies-strain-28-thc\\\/#primaryimage\"},\"image\":{\"@id\":\"https:\\\/\\\/chemgramx.com\\\/product\\\/girl-scout-cookies-strain-28-thc\\\/#primaryimage\"},\"thumbnailUrl\":\"https:\\\/\\\/chemgramx.com\\\/wp-content\\\/uploads\\\/2025\\\/12\\\/girl-scout-cookies-strain-28-thc.jpg\",\"datePublished\":\"2025-12-11T10:56:42+00:00\",\"dateModified\":\"2025-12-11T10:57:13+00:00\",\"description\":\"Girl Scout Cookies online kaufen \u2013 28 % THC, s\u00fc\u00df-erdiges Aroma, starkes High. Premium-Hybrid mit diskretem Versand in Deutschland &amp; EU.\",\"breadcrumb\":{\"@id\":\"https:\\\/\\\/chemgramx.com\\\/product\\\/girl-scout-cookies-strain-28-thc\\\/#breadcrumb\"},\"inLanguage\":\"cs\",\"potentialAction\":[{\"@type\":\"ReadAction\",\"target\":[\"https:\\\/\\\/chemgramx.com\\\/product\\\/girl-scout-cookies-strain-28-thc\\\/\"]}]},{\"@type\":\"ImageObject\",\"inLanguage\":\"cs\",\"@id\":\"https:\\\/\\\/chemgramx.com\\\/product\\\/girl-scout-cookies-strain-28-thc\\\/#primaryimage\",\"url\":\"https:\\\/\\\/chemgramx.com\\\/wp-content\\\/uploads\\\/2025\\\/12\\\/girl-scout-cookies-strain-28-thc.jpg\",\"contentUrl\":\"https:\\\/\\\/chemgramx.com\\\/wp-content\\\/uploads\\\/2025\\\/12\\\/girl-scout-cookies-strain-28-thc.jpg\",\"width\":800,\"height\":800},{\"@type\":\"BreadcrumbList\",\"@id\":\"https:\\\/\\\/chemgramx.com\\\/product\\\/girl-scout-cookies-strain-28-thc\\\/#breadcrumb\",\"itemListElement\":[{\"@type\":\"ListItem\",\"position\":1,\"name\":\"Home\",\"item\":\"https:\\\/\\\/chemgramx.com\\\/\"},{\"@type\":\"ListItem\",\"position\":2,\"name\":\"Shop\",\"item\":\"https:\\\/\\\/chemgramx.com\\\/shop\\\/\"},{\"@type\":\"ListItem\",\"position\":3,\"name\":\"Girl Scout Cookies Strain 28% THC\"}]},{\"@type\":\"WebSite\",\"@id\":\"https:\\\/\\\/chemgramx.com\\\/#website\",\"url\":\"https:\\\/\\\/chemgramx.com\\\/\",\"name\":\"Chemgramx\",\"description\":\"\",\"publisher\":{\"@id\":\"https:\\\/\\\/chemgramx.com\\\/#organization\"},\"potentialAction\":[{\"@type\":\"SearchAction\",\"target\":{\"@type\":\"EntryPoint\",\"urlTemplate\":\"https:\\\/\\\/chemgramx.com\\\/?s={search_term_string}\"},\"query-input\":{\"@type\":\"PropertyValueSpecification\",\"valueRequired\":true,\"valueName\":\"search_term_string\"}}],\"inLanguage\":\"cs\"},{\"@type\":\"Organization\",\"@id\":\"https:\\\/\\\/chemgramx.com\\\/#organization\",\"name\":\"Chemgramx\",\"url\":\"https:\\\/\\\/chemgramx.com\\\/\",\"logo\":{\"@type\":\"ImageObject\",\"inLanguage\":\"cs\",\"@id\":\"https:\\\/\\\/chemgramx.com\\\/#\\\/schema\\\/logo\\\/image\\\/\",\"url\":\"https:\\\/\\\/chemgramx.com\\\/wp-content\\\/uploads\\\/2024\\\/10\\\/final-logo.png\",\"contentUrl\":\"https:\\\/\\\/chemgramx.com\\\/wp-content\\\/uploads\\\/2024\\\/10\\\/final-logo.png\",\"width\":250,\"height\":48,\"caption\":\"Chemgramx\"},\"image\":{\"@id\":\"https:\\\/\\\/chemgramx.com\\\/#\\\/schema\\\/logo\\\/image\\\/\"}}]}<\/script>\n<!-- \/ Yoast SEO plugin. -->","yoast_head_json":{"title":"Koupit Girl Scout Cookies | 28% THC Hybrid","description":"Girl Scout Cookies online kaufen \u2013 28 % THC, s\u00fc\u00df-erdiges Aroma, starkes High. Premium-Hybrid mit diskretem Versand in Deutschland &amp; EU.","robots":{"index":"index","follow":"follow","max-snippet":"max-snippet:-1","max-image-preview":"max-image-preview:large","max-video-preview":"max-video-preview:-1"},"canonical":"https:\/\/chemgramx.com\/cs\/produkt-1\/divci-skautske-susenky-kmen-28-thc\/","og_locale":"cs_CZ","og_type":"article","og_title":"Girl Scout Cookies kaufen | 28% THC Hybrid","og_description":"Girl Scout Cookies online kaufen \u2013 28 % THC, s\u00fc\u00df-erdiges Aroma, starkes High. Premium-Hybrid mit diskretem Versand in Deutschland &amp; EU.","og_url":"https:\/\/chemgramx.com\/cs\/produkt-1\/divci-skautske-susenky-kmen-28-thc\/","og_site_name":"Chemgramx","article_modified_time":"2025-12-11T10:57:13+00:00","og_image":[{"width":800,"height":800,"url":"https:\/\/chemgramx.com\/wp-content\/uploads\/2025\/12\/girl-scout-cookies-strain-28-thc.jpg","type":"image\/jpeg"}],"twitter_card":"summary_large_image","twitter_misc":{"Odhadovan\u00e1 doba \u010dten\u00ed":"3 minuty"},"schema":{"@context":"https:\/\/schema.org","@graph":[{"@type":"WebPage","@id":"https:\/\/chemgramx.com\/product\/girl-scout-cookies-strain-28-thc\/","url":"https:\/\/chemgramx.com\/product\/girl-scout-cookies-strain-28-thc\/","name":"Koupit Girl Scout Cookies | 28% THC Hybrid","isPartOf":{"@id":"https:\/\/chemgramx.com\/#website"},"primaryImageOfPage":{"@id":"https:\/\/chemgramx.com\/product\/girl-scout-cookies-strain-28-thc\/#primaryimage"},"image":{"@id":"https:\/\/chemgramx.com\/product\/girl-scout-cookies-strain-28-thc\/#primaryimage"},"thumbnailUrl":"https:\/\/chemgramx.com\/wp-content\/uploads\/2025\/12\/girl-scout-cookies-strain-28-thc.jpg","datePublished":"2025-12-11T10:56:42+00:00","dateModified":"2025-12-11T10:57:13+00:00","description":"Girl Scout Cookies online kaufen \u2013 28 % THC, s\u00fc\u00df-erdiges Aroma, starkes High. Premium-Hybrid mit diskretem Versand in Deutschland &amp; EU.","breadcrumb":{"@id":"https:\/\/chemgramx.com\/product\/girl-scout-cookies-strain-28-thc\/#breadcrumb"},"inLanguage":"cs","potentialAction":[{"@type":"ReadAction","target":["https:\/\/chemgramx.com\/product\/girl-scout-cookies-strain-28-thc\/"]}]},{"@type":"ImageObject","inLanguage":"cs","@id":"https:\/\/chemgramx.com\/product\/girl-scout-cookies-strain-28-thc\/#primaryimage","url":"https:\/\/chemgramx.com\/wp-content\/uploads\/2025\/12\/girl-scout-cookies-strain-28-thc.jpg","contentUrl":"https:\/\/chemgramx.com\/wp-content\/uploads\/2025\/12\/girl-scout-cookies-strain-28-thc.jpg","width":800,"height":800},{"@type":"BreadcrumbList","@id":"https:\/\/chemgramx.com\/product\/girl-scout-cookies-strain-28-thc\/#breadcrumb","itemListElement":[{"@type":"ListItem","position":1,"name":"Home","item":"https:\/\/chemgramx.com\/"},{"@type":"ListItem","position":2,"name":"Shop","item":"https:\/\/chemgramx.com\/shop\/"},{"@type":"ListItem","position":3,"name":"Girl Scout Cookies Strain 28% THC"}]},{"@type":"WebSite","@id":"https:\/\/chemgramx.com\/#website","url":"https:\/\/chemgramx.com\/","name":"Chemgramx","description":"","publisher":{"@id":"https:\/\/chemgramx.com\/#organization"},"potentialAction":[{"@type":"SearchAction","target":{"@type":"EntryPoint","urlTemplate":"https:\/\/chemgramx.com\/?s={search_term_string}"},"query-input":{"@type":"PropertyValueSpecification","valueRequired":true,"valueName":"search_term_string"}}],"inLanguage":"cs"},{"@type":"Organization","@id":"https:\/\/chemgramx.com\/#organization","name":"Chemgramx","url":"https:\/\/chemgramx.com\/","logo":{"@type":"ImageObject","inLanguage":"cs","@id":"https:\/\/chemgramx.com\/#\/schema\/logo\/image\/","url":"https:\/\/chemgramx.com\/wp-content\/uploads\/2024\/10\/final-logo.png","contentUrl":"https:\/\/chemgramx.com\/wp-content\/uploads\/2024\/10\/final-logo.png","width":250,"height":48,"caption":"Chemgramx"},"image":{"@id":"https:\/\/chemgramx.com\/#\/schema\/logo\/image\/"}}]}},"_links":{"self":[{"href":"https:\/\/chemgramx.com\/cs\/wp-json\/wp\/v2\/product\/8897","targetHints":{"allow":["GET"]}}],"collection":[{"href":"https:\/\/chemgramx.com\/cs\/wp-json\/wp\/v2\/product"}],"about":[{"href":"https:\/\/chemgramx.com\/cs\/wp-json\/wp\/v2\/types\/product"}],"replies":[{"embeddable":true,"href":"https:\/\/chemgramx.com\/cs\/wp-json\/wp\/v2\/comments?post=8897"}],"wp:featuredmedia":[{"embeddable":true,"href":"https:\/\/chemgramx.com\/cs\/wp-json\/wp\/v2\/media\/8790"}],"wp:attachment":[{"href":"https:\/\/chemgramx.com\/cs\/wp-json\/wp\/v2\/media?parent=8897"}],"wp:term":[{"taxonomy":"product_brand","embeddable":true,"href":"https:\/\/chemgramx.com\/cs\/wp-json\/wp\/v2\/product_brand?post=8897"},{"taxonomy":"product_cat","embeddable":true,"href":"https:\/\/chemgramx.com\/cs\/wp-json\/wp\/v2\/product_cat?post=8897"},{"taxonomy":"product_tag","embeddable":true,"href":"https:\/\/chemgramx.com\/cs\/wp-json\/wp\/v2\/product_tag?post=8897"}],"curies":[{"name":"wp","href":"https:\/\/api.w.org\/{rel}","templated":true}]}}