{"id":6661,"date":"2025-11-21T11:07:59","date_gmt":"2025-11-21T11:07:59","guid":{"rendered":"https:\/\/chemgramx.com\/?post_type=product&#038;p=6661"},"modified":"2025-11-21T11:08:48","modified_gmt":"2025-11-21T11:08:48","slug":"4-methoxymethylfentanyl-online-kaufen","status":"publish","type":"product","link":"https:\/\/chemgramx.com\/de_at\/product\/4-methoxymethylfentanyl-online-kaufen\/","title":{"rendered":"4-MethoxymethylFentanyl online kaufen"},"content":{"rendered":"<p data-start=\"235\" data-end=\"715\">4-MethoxymethylFentanyl (4-Methylmethoxyethyl-Fentanyl) ist ein Fentanyl-Derivat, das f\u00fcr die Forschung entwickelt wurde, um die Wirkung von opioiden Schmerzmitteln zu untersuchen. Die chemische Struktur von 4-MethoxymethylFentanyl ist so modifiziert, dass sie spezifische pharmakologische Effekte auf das zentrale Nervensystem aus\u00fcbt. Wie andere Fentanyl-Derivate zeichnet sich diese Substanz durch eine hohe Potenz aus, was sie zu einem wertvollen Studienobjekt macht.<\/p>\n<p data-start=\"717\" data-end=\"1238\">Forscher, die <a href=\"https:\/\/chemgramx.com\/product\/4-methoxymethylfentanyl\/\">4-MethoxymethylFentanyl<\/a> m\u00f6chten, nutzen es vorwiegend zur Untersuchung der Opioidrezeptoren und der Wirkung von Fentanylen auf das menschliche System. Wissenschaftliche Labore setzen 4-MethoxymethylFentanyl for sale ein, um die Schmerzbehandlung zu verbessern und potenzielle Risiken sowie Nebenwirkungen bei der Verwendung von Fentanyl-Derivaten zu analysieren. Ebenso hilft die Substanz dabei, die Mechanismen der Toleranzentwicklung und des Suchtpotenzials besser zu verstehen.<\/p>\n<h2 data-start=\"1240\" data-end=\"1279\"><strong data-start=\"1243\" data-end=\"1279\">Sicherheit und Forschungseinsatz<\/strong><\/h2>\n<p data-start=\"1281\" data-end=\"1642\">4-MethoxymethylFentanyl buy online sollte ausschlie\u00dflich f\u00fcr wissenschaftliche Zwecke erfolgen. Es darf niemals vom Menschen konsumiert werden und ist nur in streng kontrollierten Laborumgebungen zul\u00e4ssig. F\u00fcr Forscher stellt sich oft die Frage: where to buy 4-MethoxymethylFentanyl sicher? Unser gepr\u00fcfter Online-Shop bietet eine verl\u00e4ssliche Quelle.<\/p>\n<p data-start=\"1644\" data-end=\"1899\">Wenn Sie Bestellen Sie echtes oder gef\u00e4lschtes 4-MethoxymethylFentanyl, achten Sie darauf, dass es nur f\u00fcr Forschung zugelassen ist und unter fachkundiger Aufsicht in einem geeigneten Labor verwendet werden darf. Unsachgem\u00e4\u00dfe Handhabung kann gesundheitssch\u00e4dlich sein.<\/p>\n<h2 data-start=\"1901\" data-end=\"1936\"><strong data-start=\"1904\" data-end=\"1934\">Hauptmerkmale und Vorteile<\/strong><\/h2>\n<ul data-start=\"1938\" data-end=\"2243\">\n<li data-start=\"1938\" data-end=\"2008\">\n<p data-start=\"1940\" data-end=\"2008\">Hohe Potenz: F\u00fcr die Untersuchung der Wirkung auf Opioidrezeptoren<\/p>\n<\/li>\n<li data-start=\"2009\" data-end=\"2101\">\n<p data-start=\"2011\" data-end=\"2101\">Fentanyl-Derivat: Untersucht die chemischen und pharmakologischen Effekte von Fentanylen<\/p>\n<\/li>\n<li data-start=\"2102\" data-end=\"2170\">\n<p data-start=\"2104\" data-end=\"2170\">Forschungsspezifisch: Nur f\u00fcr wissenschaftliche Studien geeignet<\/p>\n<\/li>\n<li data-start=\"2171\" data-end=\"2243\">\n<p data-start=\"2173\" data-end=\"2243\">Qualit\u00e4tsgepr\u00fcft: Jede Charge wird auf Reinheit und Qualit\u00e4t gepr\u00fcft<\/p>\n<\/li>\n<\/ul>\n<h2 data-start=\"2245\" data-end=\"2298\"><strong data-start=\"2248\" data-end=\"2296\">Warum 4-MethoxymethylFentanyl online kaufen?<\/strong><\/h2>\n<p data-start=\"2300\" data-end=\"2415\">Forscher, die nach dem bester Ort zum Kaufen von 4-MethoxymethylFentanyl suchen, profitieren von folgenden Vorteilen:<\/p>\n<ul data-start=\"2417\" data-end=\"2676\">\n<li data-start=\"2417\" data-end=\"2459\">\n<p data-start=\"2419\" data-end=\"2459\">Diskreter &amp; schneller Versand weltweit<\/p>\n<\/li>\n<li data-start=\"2460\" data-end=\"2513\">\n<p data-start=\"2462\" data-end=\"2513\">Flexible Zahlungsmethoden f\u00fcr maximale Sicherheit<\/p>\n<\/li>\n<li data-start=\"2514\" data-end=\"2599\">\n<p data-start=\"2516\" data-end=\"2599\">Attraktive Konditionen und 4-MethoxymethylFentanyl price f\u00fcr Gro\u00dfbestellungen<\/p>\n<\/li>\n<li data-start=\"2600\" data-end=\"2676\">\n<p data-start=\"2602\" data-end=\"2676\">Exklusive Rabatte, wenn Sie 4-MethoxymethylFentanyl g\u00fcnstig online kaufen<\/p>\n<\/li>\n<\/ul>\n<h2 data-start=\"2678\" data-end=\"2692\"><strong data-start=\"2681\" data-end=\"2690\">Fazit<\/strong><\/h2>\n<p data-start=\"2694\" data-end=\"3071\">Wenn Sie 4-MethoxymethylFentanyl online kaufen, ist es entscheidend, nur bei einem vertrauensw\u00fcrdigen Anbieter zu bestellen. Unser Shop bietet gepr\u00fcfte Qualit\u00e4t, faire 4-MethoxymethylFentanyl price und zuverl\u00e4ssigen Versand. Mit unserem Service erhalten Sie real or fake 4-MethoxymethylFentanyl for sale, das ausschlie\u00dflich f\u00fcr seri\u00f6se Forschungszwecke bestimmt ist.<\/p>","protected":false},"excerpt":{"rendered":"<p><strong>4-Methoxymethylfentanyl<\/strong> ist ein starkes Fentanyl-Derivat, das in der wissenschaftlichen Forschung verwendet wird, um die analgetischen und pharmakologischen Eigenschaften von Fentanyldrogen zu untersuchen. Diese Substanz ist ausschlie\u00dflich f\u00fcr die Forschung in kontrollierten Laborumgebungen bestimmt und darf nicht f\u00fcr den menschlichen Konsum verwendet werden.<\/p>","protected":false},"featured_media":6691,"comment_status":"open","ping_status":"closed","template":"","meta":{"_joinchat":[]},"product_brand":[],"product_cat":[1803],"product_tag":[800,2072,809,2069,2071,2068,2067,2070,188,1814],"class_list":{"0":"post-6661","1":"product","2":"type-product","3":"status-publish","4":"has-post-thumbnail","6":"product_cat-andere","7":"product_tag-4-methoxymethylfentanyl","8":"product_tag-4-methoxymethylfentanyl-chemikalien","9":"product_tag-4-methoxymethylfentanyl-kaufen","10":"product_tag-4-methoxymethylfentanyl-kristalle","11":"product_tag-4-methoxymethylfentanyl-online","12":"product_tag-4-methoxymethylfentanyl-pulver","13":"product_tag-4-methoxymethylfentanyl-zum-verkauf","14":"product_tag-fentanyl-derivate","15":"product_tag-forschungschemikalien","16":"product_tag-forschungsstoffe-kaufen","18":"first","19":"instock","20":"shipping-taxable","21":"purchasable","22":"product-type-variable"},"yoast_head":"<!-- This site is optimized with the Yoast SEO plugin v27.5 - https:\/\/yoast.com\/product\/yoast-seo-wordpress\/ -->\n<title>4-Methoxymethylfentanyl online kaufen | Chemgramx<\/title>\n<meta name=\"description\" content=\"Ihre Bestellung von 4-Methoxymethylfentanyl zu verkaufen liegt in unserer Verantwortung. Wir werden Ihre Bestellung zum Kauf von 4-Methoxymethylfentanyl ber\u00fccksichtigen und Sie in kurzer Zeit erreichen. Geben Sie jetzt Gro\u00dfbestellungen auf!\" \/>\n<meta name=\"robots\" content=\"index, follow, max-snippet:-1, max-image-preview:large, max-video-preview:-1\" \/>\n<link rel=\"canonical\" href=\"https:\/\/chemgramx.com\/de_at\/produktie\/4-methoxymethylfentanyl-online-kaufen\/\" \/>\n<meta property=\"og:locale\" content=\"de_DE\" \/>\n<meta property=\"og:type\" content=\"article\" \/>\n<meta property=\"og:title\" content=\"4-Methoxymethylfentanyl online kaufen | Chemgramx\" \/>\n<meta property=\"og:description\" content=\"Ihre Bestellung von 4-Methoxymethylfentanyl zu verkaufen liegt in unserer Verantwortung. Wir werden Ihre Bestellung zum Kauf von 4-Methoxymethylfentanyl ber\u00fccksichtigen und Sie in kurzer Zeit erreichen. Geben Sie jetzt Gro\u00dfbestellungen auf!\" \/>\n<meta property=\"og:url\" content=\"https:\/\/chemgramx.com\/de_at\/produktie\/4-methoxymethylfentanyl-online-kaufen\/\" \/>\n<meta property=\"og:site_name\" content=\"Chemgramx\" \/>\n<meta property=\"article:modified_time\" content=\"2025-11-21T11:08:48+00:00\" \/>\n<meta property=\"og:image\" content=\"https:\/\/chemgramx.com\/wp-content\/uploads\/2025\/11\/4-MethoxymethylFentanyl.png\" \/>\n\t<meta property=\"og:image:width\" content=\"600\" \/>\n\t<meta property=\"og:image:height\" content=\"400\" \/>\n\t<meta property=\"og:image:type\" content=\"image\/png\" \/>\n<meta name=\"twitter:card\" content=\"summary_large_image\" \/>\n<meta name=\"twitter:label1\" content=\"Gesch\u00e4tzte Lesezeit\" \/>\n\t<meta name=\"twitter:data1\" content=\"2 Minuten\" \/>\n<script type=\"application\/ld+json\" class=\"yoast-schema-graph\">{\"@context\":\"https:\\\/\\\/schema.org\",\"@graph\":[{\"@type\":\"WebPage\",\"@id\":\"https:\\\/\\\/chemgramx.com\\\/product\\\/4-methoxymethylfentanyl-online-kaufen\\\/\",\"url\":\"https:\\\/\\\/chemgramx.com\\\/product\\\/4-methoxymethylfentanyl-online-kaufen\\\/\",\"name\":\"4-Methoxymethylfentanyl online kaufen | Chemgramx\",\"isPartOf\":{\"@id\":\"https:\\\/\\\/chemgramx.com\\\/#website\"},\"primaryImageOfPage\":{\"@id\":\"https:\\\/\\\/chemgramx.com\\\/product\\\/4-methoxymethylfentanyl-online-kaufen\\\/#primaryimage\"},\"image\":{\"@id\":\"https:\\\/\\\/chemgramx.com\\\/product\\\/4-methoxymethylfentanyl-online-kaufen\\\/#primaryimage\"},\"thumbnailUrl\":\"https:\\\/\\\/chemgramx.com\\\/wp-content\\\/uploads\\\/2025\\\/11\\\/4-MethoxymethylFentanyl.png\",\"datePublished\":\"2025-11-21T11:07:59+00:00\",\"dateModified\":\"2025-11-21T11:08:48+00:00\",\"description\":\"Ihre Bestellung von 4-Methoxymethylfentanyl zu verkaufen liegt in unserer Verantwortung. Wir werden Ihre Bestellung zum Kauf von 4-Methoxymethylfentanyl ber\u00fccksichtigen und Sie in kurzer Zeit erreichen. Geben Sie jetzt Gro\u00dfbestellungen auf!\",\"breadcrumb\":{\"@id\":\"https:\\\/\\\/chemgramx.com\\\/product\\\/4-methoxymethylfentanyl-online-kaufen\\\/#breadcrumb\"},\"inLanguage\":\"de-AT\",\"potentialAction\":[{\"@type\":\"ReadAction\",\"target\":[\"https:\\\/\\\/chemgramx.com\\\/product\\\/4-methoxymethylfentanyl-online-kaufen\\\/\"]}]},{\"@type\":\"ImageObject\",\"inLanguage\":\"de-AT\",\"@id\":\"https:\\\/\\\/chemgramx.com\\\/product\\\/4-methoxymethylfentanyl-online-kaufen\\\/#primaryimage\",\"url\":\"https:\\\/\\\/chemgramx.com\\\/wp-content\\\/uploads\\\/2025\\\/11\\\/4-MethoxymethylFentanyl.png\",\"contentUrl\":\"https:\\\/\\\/chemgramx.com\\\/wp-content\\\/uploads\\\/2025\\\/11\\\/4-MethoxymethylFentanyl.png\",\"width\":600,\"height\":400},{\"@type\":\"BreadcrumbList\",\"@id\":\"https:\\\/\\\/chemgramx.com\\\/product\\\/4-methoxymethylfentanyl-online-kaufen\\\/#breadcrumb\",\"itemListElement\":[{\"@type\":\"ListItem\",\"position\":1,\"name\":\"Home\",\"item\":\"https:\\\/\\\/chemgramx.com\\\/\"},{\"@type\":\"ListItem\",\"position\":2,\"name\":\"Shop\",\"item\":\"https:\\\/\\\/chemgramx.com\\\/shop\\\/\"},{\"@type\":\"ListItem\",\"position\":3,\"name\":\"4-MethoxymethylFentanyl online kaufen\"}]},{\"@type\":\"WebSite\",\"@id\":\"https:\\\/\\\/chemgramx.com\\\/#website\",\"url\":\"https:\\\/\\\/chemgramx.com\\\/\",\"name\":\"Chemgramx\",\"description\":\"\",\"publisher\":{\"@id\":\"https:\\\/\\\/chemgramx.com\\\/#organization\"},\"potentialAction\":[{\"@type\":\"SearchAction\",\"target\":{\"@type\":\"EntryPoint\",\"urlTemplate\":\"https:\\\/\\\/chemgramx.com\\\/?s={search_term_string}\"},\"query-input\":{\"@type\":\"PropertyValueSpecification\",\"valueRequired\":true,\"valueName\":\"search_term_string\"}}],\"inLanguage\":\"de-AT\"},{\"@type\":\"Organization\",\"@id\":\"https:\\\/\\\/chemgramx.com\\\/#organization\",\"name\":\"Chemgramx\",\"url\":\"https:\\\/\\\/chemgramx.com\\\/\",\"logo\":{\"@type\":\"ImageObject\",\"inLanguage\":\"de-AT\",\"@id\":\"https:\\\/\\\/chemgramx.com\\\/#\\\/schema\\\/logo\\\/image\\\/\",\"url\":\"https:\\\/\\\/chemgramx.com\\\/wp-content\\\/uploads\\\/2024\\\/10\\\/final-logo.png\",\"contentUrl\":\"https:\\\/\\\/chemgramx.com\\\/wp-content\\\/uploads\\\/2024\\\/10\\\/final-logo.png\",\"width\":250,\"height\":48,\"caption\":\"Chemgramx\"},\"image\":{\"@id\":\"https:\\\/\\\/chemgramx.com\\\/#\\\/schema\\\/logo\\\/image\\\/\"}}]}<\/script>\n<!-- \/ Yoast SEO plugin. -->","yoast_head_json":{"title":"4-Methoxymethylfentanyl online kaufen | Chemgramx","description":"Ihre Bestellung von 4-Methoxymethylfentanyl zu verkaufen liegt in unserer Verantwortung. Wir werden Ihre Bestellung zum Kauf von 4-Methoxymethylfentanyl ber\u00fccksichtigen und Sie in kurzer Zeit erreichen. Geben Sie jetzt Gro\u00dfbestellungen auf!","robots":{"index":"index","follow":"follow","max-snippet":"max-snippet:-1","max-image-preview":"max-image-preview:large","max-video-preview":"max-video-preview:-1"},"canonical":"https:\/\/chemgramx.com\/de_at\/produktie\/4-methoxymethylfentanyl-online-kaufen\/","og_locale":"de_DE","og_type":"article","og_title":"4-Methoxymethylfentanyl online kaufen | Chemgramx","og_description":"Ihre Bestellung von 4-Methoxymethylfentanyl zu verkaufen liegt in unserer Verantwortung. Wir werden Ihre Bestellung zum Kauf von 4-Methoxymethylfentanyl ber\u00fccksichtigen und Sie in kurzer Zeit erreichen. Geben Sie jetzt Gro\u00dfbestellungen auf!","og_url":"https:\/\/chemgramx.com\/de_at\/produktie\/4-methoxymethylfentanyl-online-kaufen\/","og_site_name":"Chemgramx","article_modified_time":"2025-11-21T11:08:48+00:00","og_image":[{"width":600,"height":400,"url":"https:\/\/chemgramx.com\/wp-content\/uploads\/2025\/11\/4-MethoxymethylFentanyl.png","type":"image\/png"}],"twitter_card":"summary_large_image","twitter_misc":{"Gesch\u00e4tzte Lesezeit":"2 Minuten"},"schema":{"@context":"https:\/\/schema.org","@graph":[{"@type":"WebPage","@id":"https:\/\/chemgramx.com\/product\/4-methoxymethylfentanyl-online-kaufen\/","url":"https:\/\/chemgramx.com\/product\/4-methoxymethylfentanyl-online-kaufen\/","name":"4-Methoxymethylfentanyl online kaufen | Chemgramx","isPartOf":{"@id":"https:\/\/chemgramx.com\/#website"},"primaryImageOfPage":{"@id":"https:\/\/chemgramx.com\/product\/4-methoxymethylfentanyl-online-kaufen\/#primaryimage"},"image":{"@id":"https:\/\/chemgramx.com\/product\/4-methoxymethylfentanyl-online-kaufen\/#primaryimage"},"thumbnailUrl":"https:\/\/chemgramx.com\/wp-content\/uploads\/2025\/11\/4-MethoxymethylFentanyl.png","datePublished":"2025-11-21T11:07:59+00:00","dateModified":"2025-11-21T11:08:48+00:00","description":"Ihre Bestellung von 4-Methoxymethylfentanyl zu verkaufen liegt in unserer Verantwortung. Wir werden Ihre Bestellung zum Kauf von 4-Methoxymethylfentanyl ber\u00fccksichtigen und Sie in kurzer Zeit erreichen. Geben Sie jetzt Gro\u00dfbestellungen auf!","breadcrumb":{"@id":"https:\/\/chemgramx.com\/product\/4-methoxymethylfentanyl-online-kaufen\/#breadcrumb"},"inLanguage":"de-AT","potentialAction":[{"@type":"ReadAction","target":["https:\/\/chemgramx.com\/product\/4-methoxymethylfentanyl-online-kaufen\/"]}]},{"@type":"ImageObject","inLanguage":"de-AT","@id":"https:\/\/chemgramx.com\/product\/4-methoxymethylfentanyl-online-kaufen\/#primaryimage","url":"https:\/\/chemgramx.com\/wp-content\/uploads\/2025\/11\/4-MethoxymethylFentanyl.png","contentUrl":"https:\/\/chemgramx.com\/wp-content\/uploads\/2025\/11\/4-MethoxymethylFentanyl.png","width":600,"height":400},{"@type":"BreadcrumbList","@id":"https:\/\/chemgramx.com\/product\/4-methoxymethylfentanyl-online-kaufen\/#breadcrumb","itemListElement":[{"@type":"ListItem","position":1,"name":"Home","item":"https:\/\/chemgramx.com\/"},{"@type":"ListItem","position":2,"name":"Shop","item":"https:\/\/chemgramx.com\/shop\/"},{"@type":"ListItem","position":3,"name":"4-MethoxymethylFentanyl online kaufen"}]},{"@type":"WebSite","@id":"https:\/\/chemgramx.com\/#website","url":"https:\/\/chemgramx.com\/","name":"Chemgramx","description":"","publisher":{"@id":"https:\/\/chemgramx.com\/#organization"},"potentialAction":[{"@type":"SearchAction","target":{"@type":"EntryPoint","urlTemplate":"https:\/\/chemgramx.com\/?s={search_term_string}"},"query-input":{"@type":"PropertyValueSpecification","valueRequired":true,"valueName":"search_term_string"}}],"inLanguage":"de-AT"},{"@type":"Organization","@id":"https:\/\/chemgramx.com\/#organization","name":"Chemgramx","url":"https:\/\/chemgramx.com\/","logo":{"@type":"ImageObject","inLanguage":"de-AT","@id":"https:\/\/chemgramx.com\/#\/schema\/logo\/image\/","url":"https:\/\/chemgramx.com\/wp-content\/uploads\/2024\/10\/final-logo.png","contentUrl":"https:\/\/chemgramx.com\/wp-content\/uploads\/2024\/10\/final-logo.png","width":250,"height":48,"caption":"Chemgramx"},"image":{"@id":"https:\/\/chemgramx.com\/#\/schema\/logo\/image\/"}}]}},"_links":{"self":[{"href":"https:\/\/chemgramx.com\/de_at\/wp-json\/wp\/v2\/product\/6661","targetHints":{"allow":["GET"]}}],"collection":[{"href":"https:\/\/chemgramx.com\/de_at\/wp-json\/wp\/v2\/product"}],"about":[{"href":"https:\/\/chemgramx.com\/de_at\/wp-json\/wp\/v2\/types\/product"}],"replies":[{"embeddable":true,"href":"https:\/\/chemgramx.com\/de_at\/wp-json\/wp\/v2\/comments?post=6661"}],"wp:featuredmedia":[{"embeddable":true,"href":"https:\/\/chemgramx.com\/de_at\/wp-json\/wp\/v2\/media\/6691"}],"wp:attachment":[{"href":"https:\/\/chemgramx.com\/de_at\/wp-json\/wp\/v2\/media?parent=6661"}],"wp:term":[{"taxonomy":"product_brand","embeddable":true,"href":"https:\/\/chemgramx.com\/de_at\/wp-json\/wp\/v2\/product_brand?post=6661"},{"taxonomy":"product_cat","embeddable":true,"href":"https:\/\/chemgramx.com\/de_at\/wp-json\/wp\/v2\/product_cat?post=6661"},{"taxonomy":"product_tag","embeddable":true,"href":"https:\/\/chemgramx.com\/de_at\/wp-json\/wp\/v2\/product_tag?post=6661"}],"curies":[{"name":"wp","href":"https:\/\/api.w.org\/{rel}","templated":true}]}}