{"id":412,"date":"2024-03-17T14:31:37","date_gmt":"2024-03-17T14:31:37","guid":{"rendered":"https:\/\/demo.peregrine-themes.com\/bloghash\/default\/?page_id=412"},"modified":"2024-11-04T08:28:05","modified_gmt":"2024-11-04T08:28:05","slug":"kontaktiere-uns","status":"publish","type":"page","link":"https:\/\/chemgramx.com\/de_ch\/kontaktiere-uns\/","title":{"rendered":"kontaktiere uns"},"content":{"rendered":"<h6 class=\"wp-block-heading has-text-align-center has-text-color\" style=\"color:#f43676\">Ich w\u00fcrde gerne von Ihnen h\u00f6ren<\/h6>\n\n\n\n<h2 class=\"wp-block-heading has-text-align-center\" style=\"font-size:4rem\">Hey, da!<br>Schick mir ein <em>nachricht<\/em>.<\/h2>\n\n\n\n<p class=\"has-text-align-center\">Wenn Sie Fragen haben oder weitere Informationen zu unseren Produkten ben\u00f6tigen, k\u00f6nnen Sie sich gerne an uns wenden. Unser Team bei <strong>ChemGramX<\/strong> steht Ihnen bei allen Anfragen zur Verf\u00fcgung und stellt sicher, dass Sie die Unterst\u00fctzung erhalten, die Sie ben\u00f6tigen. Senden Sie uns noch heute eine Nachricht und wir helfen Ihnen gerne weiter!<\/p>\n\n\n\n<p class=\"has-text-align-center\"><\/p>\n\n\n\n<div style=\"height:15px\" aria-hidden=\"true\" class=\"wp-block-spacer\"><\/div>\n\n\n\n<div class=\"has-text-align-center\"><title>mail<\/title>\n<span>kontakt@chemgramx.com<\/span>\n&nbsp;&nbsp;\n<title>Whatsapp<\/title>\n<span>+4917689796884<\/span>\n<\/div>\n\n\n\n<div style=\"height:10px\" aria-hidden=\"true\" class=\"wp-block-spacer\"><\/div>\n\n\n\n<p class=\"has-text-align-center\">Senden Sie mir gerne eine Nachricht. F\u00fcllen Sie einfach das untenstehende Formular aus und ich werde Ihnen in K\u00fcrze antworten! \ud83d\udc4d<\/p>\n\n\n<style id=\"wpforms-css-vars-15-block-e9ccb0d1-1961-4144-aeb1-d1c41ccc2f2b\">\n\t\t\t\t#wpforms-15.wpforms-block-e9ccb0d1-1961-4144-aeb1-d1c41ccc2f2b {\n\t\t\t\t--wpforms-field-border-radius: 8px;\n--wpforms-button-border-radius: 8px;\n--wpforms-button-background-color: #f43676;\n--wpforms-field-size-input-height: 43px;\n--wpforms-field-size-input-spacing: 15px;\n--wpforms-field-size-font-size: 16px;\n--wpforms-field-size-line-height: 19px;\n--wpforms-field-size-padding-h: 14px;\n--wpforms-field-size-checkbox-size: 16px;\n--wpforms-field-size-sublabel-spacing: 5px;\n--wpforms-field-size-icon-size: 1;\n--wpforms-label-size-font-size: 16px;\n--wpforms-label-size-line-height: 19px;\n--wpforms-label-size-sublabel-font-size: 14px;\n--wpforms-label-size-sublabel-line-height: 17px;\n--wpforms-button-size-font-size: 17px;\n--wpforms-button-size-height: 41px;\n--wpforms-button-size-padding-h: 15px;\n--wpforms-button-size-margin-top: 10px;\n\t\t\t}\n\t\t\t<\/style><div class=\"wpforms-container wpforms-container-full wpforms-block wpforms-block-e9ccb0d1-1961-4144-aeb1-d1c41ccc2f2b wpforms-render-modern\" id=\"wpforms-15\"><form id=\"wpforms-form-15\" class=\"wpforms-validate wpforms-form wpforms-ajax-form\" data-formid=\"15\" method=\"post\" enctype=\"multipart\/form-data\" action=\"\/de_ch\/wp-json\/wp\/v2\/pages\/412\" data-token=\"43c05e933781b99f1fd57dd7baf82710\" data-token-time=\"1776321661\" data-trp-original-action=\"\/de_ch\/wp-json\/wp\/v2\/pages\/412\"><noscript class=\"wpforms-error-noscript\">Bitte aktivieren Sie JavaScript in Ihrem Browser, um dieses Formular fertigzustellen.<\/noscript><div id=\"wpforms-error-noscript\" style=\"display: none;\">Bitte aktivieren Sie JavaScript in Ihrem Browser, um dieses Formular fertigzustellen.<\/div><div class=\"wpforms-field-container\"><div id=\"wpforms-15-field_0-container\" class=\"wpforms-field wpforms-field-name\" data-field-id=\"0\"><fieldset><legend class=\"wpforms-field-label wpforms-label-hide\" aria-hidden=\"false\">Name <span class=\"wpforms-required-label\" aria-hidden=\"true\">*<\/span><\/legend><div class=\"wpforms-field-row wpforms-field-large\"><div class=\"wpforms-field-row-block wpforms-first wpforms-one-half\"><input type=\"text\" id=\"wpforms-15-field_0\" class=\"wpforms-field-name-first wpforms-field-required\" name=\"wpforms[fields][0][first]\" placeholder=\"First Name\" aria-errormessage=\"wpforms-15-field_0-error\" required><label for=\"wpforms-15-field_0\" class=\"wpforms-field-sublabel after wpforms-sublabel-hide\">Vorname<\/label><\/div><div class=\"wpforms-field-row-block wpforms-one-half\"><input type=\"text\" id=\"wpforms-15-field_0-last\" class=\"wpforms-field-name-last wpforms-field-required\" name=\"wpforms[fields][0][last]\" placeholder=\"Last Name\" aria-errormessage=\"wpforms-15-field_0-last-error\" required><label for=\"wpforms-15-field_0-last\" class=\"wpforms-field-sublabel after wpforms-sublabel-hide\">Nachname<\/label><\/div><\/div><\/fieldset><\/div><div id=\"wpforms-15-field_1-container\" class=\"wpforms-field wpforms-field-email\" data-field-id=\"1\"><label class=\"wpforms-field-label wpforms-label-hide\" for=\"wpforms-15-field_1\" aria-hidden=\"false\">Email <span class=\"wpforms-required-label\" aria-hidden=\"true\">*<\/span><\/label><input type=\"email\" id=\"wpforms-15-field_1\" class=\"wpforms-field-large wpforms-field-required\" name=\"wpforms[fields][1]\" placeholder=\"Email\" spellcheck=\"false\" aria-errormessage=\"wpforms-15-field_1-error\" required><\/div><div id=\"wpforms-15-field_2-container\" class=\"wpforms-field wpforms-field-textarea\" data-field-id=\"2\"><label class=\"wpforms-field-label wpforms-label-hide\" for=\"wpforms-15-field_2\" aria-hidden=\"false\">Comment or Message <span class=\"wpforms-required-label\" aria-hidden=\"true\">*<\/span><\/label><textarea id=\"wpforms-15-field_2\" class=\"wpforms-field-medium wpforms-field-required\" name=\"wpforms[fields][2]\" placeholder=\"Write your message...\" aria-errormessage=\"wpforms-15-field_2-error\" required><\/textarea><\/div><\/div><!-- .wpforms-field-container --><div class=\"wpforms-submit-container\" ><input type=\"hidden\" name=\"wpforms[id]\" value=\"15\"><input type=\"hidden\" name=\"page_title\" value=\"\"><input type=\"hidden\" name=\"page_url\" value=\"https:\/\/chemgramx.com\/de_ch\/wp-json\/wp\/v2\/pages\/412\"><input type=\"hidden\" name=\"url_referer\" value=\"\"><button type=\"submit\" name=\"wpforms[submit]\" id=\"wpforms-submit-15\" class=\"wpforms-submit\" data-alt-text=\"Sending...\" data-submit-text=\"Submit\" aria-live=\"assertive\" value=\"wpforms-submit\">Submit<\/button><img decoding=\"async\" src=\"https:\/\/chemgramx.com\/wp-content\/plugins\/wpforms-lite\/assets\/images\/submit-spin.svg\" class=\"wpforms-submit-spinner\" style=\"display: none;\" width=\"26\" height=\"26\" alt=\"Wird geladen\"><\/div><input type=\"hidden\" name=\"trp-form-language\" value=\"de_ch\"\/><\/form><\/div>  <!-- .wpforms-container -->\n\n<style id=\"wpforms-css-vars-447-block-1cbe6b27-8e2e-44ac-9349-ed84f58d1aa4\">\n\t\t\t\t#wpforms-447.wpforms-block-1cbe6b27-8e2e-44ac-9349-ed84f58d1aa4 {\n\t\t\t\t--wpforms-field-border-radius: 8px;\n--wpforms-button-border-radius: 8px;\n--wpforms-button-background-color: #f43676;\n\t\t\t}\n\t\t\t<\/style>","protected":false},"excerpt":{"rendered":"<p>Ich w\u00fcrde gerne von Ihnen h\u00f6ren Hey, da!Schick mir ein nachricht. Wenn Sie Fragen haben oder weitere Informationen&hellip;<\/p>","protected":false},"author":1,"featured_media":0,"parent":0,"menu_order":0,"comment_status":"closed","ping_status":"closed","template":"","meta":{"_joinchat":[],"footnotes":""},"class_list":["post-412","page","type-page","status-publish","hentry"],"yoast_head":"<!-- This site is optimized with the Yoast SEO plugin v26.3 - https:\/\/yoast.com\/wordpress\/plugins\/seo\/ -->\n<title>kontaktiere uns - Chemgramx<\/title>\n<meta name=\"robots\" content=\"noindex, follow, max-snippet:-1, max-image-preview:large, max-video-preview:-1\" \/>\n<meta property=\"og:locale\" content=\"de_DE\" \/>\n<meta property=\"og:type\" content=\"article\" \/>\n<meta property=\"og:title\" content=\"kontaktiere uns - Chemgramx\" \/>\n<meta property=\"og:description\" content=\"Ich w\u00fcrde gerne von Ihnen h\u00f6ren Hey, da!Schick mir ein nachricht. Wenn Sie Fragen haben oder weitere Informationen&hellip;\" \/>\n<meta property=\"og:url\" content=\"https:\/\/chemgramx.com\/de_ch\/kontaktiere-uns\/\" \/>\n<meta property=\"og:site_name\" content=\"Chemgramx\" \/>\n<meta property=\"article:modified_time\" content=\"2024-11-04T08:28:05+00:00\" \/>\n<meta name=\"twitter:card\" content=\"summary_large_image\" \/>\n<meta name=\"twitter:label1\" content=\"Gesch\u00e4tzte Lesezeit\" \/>\n\t<meta name=\"twitter:data1\" content=\"1\u00a0Minute\" \/>\n<script type=\"application\/ld+json\" class=\"yoast-schema-graph\">{\"@context\":\"https:\/\/schema.org\",\"@graph\":[{\"@type\":\"WebPage\",\"@id\":\"https:\/\/chemgramx.com\/kontaktiere-uns\/\",\"url\":\"https:\/\/chemgramx.com\/kontaktiere-uns\/\",\"name\":\"kontaktiere uns - Chemgramx\",\"isPartOf\":{\"@id\":\"https:\/\/chemgramx.com\/#website\"},\"datePublished\":\"2024-03-17T14:31:37+00:00\",\"dateModified\":\"2024-11-04T08:28:05+00:00\",\"breadcrumb\":{\"@id\":\"https:\/\/chemgramx.com\/kontaktiere-uns\/#breadcrumb\"},\"inLanguage\":\"de-CH\",\"potentialAction\":[{\"@type\":\"ReadAction\",\"target\":[\"https:\/\/chemgramx.com\/kontaktiere-uns\/\"]}]},{\"@type\":\"BreadcrumbList\",\"@id\":\"https:\/\/chemgramx.com\/kontaktiere-uns\/#breadcrumb\",\"itemListElement\":[{\"@type\":\"ListItem\",\"position\":1,\"name\":\"Home\",\"item\":\"https:\/\/chemgramx.com\/\"},{\"@type\":\"ListItem\",\"position\":2,\"name\":\"kontaktiere uns\"}]},{\"@type\":\"WebSite\",\"@id\":\"https:\/\/chemgramx.com\/#website\",\"url\":\"https:\/\/chemgramx.com\/\",\"name\":\"Chemgramx\",\"description\":\"\",\"publisher\":{\"@id\":\"https:\/\/chemgramx.com\/#organization\"},\"potentialAction\":[{\"@type\":\"SearchAction\",\"target\":{\"@type\":\"EntryPoint\",\"urlTemplate\":\"https:\/\/chemgramx.com\/?s={search_term_string}\"},\"query-input\":{\"@type\":\"PropertyValueSpecification\",\"valueRequired\":true,\"valueName\":\"search_term_string\"}}],\"inLanguage\":\"de-CH\"},{\"@type\":\"Organization\",\"@id\":\"https:\/\/chemgramx.com\/#organization\",\"name\":\"Chemgramx\",\"url\":\"https:\/\/chemgramx.com\/\",\"logo\":{\"@type\":\"ImageObject\",\"inLanguage\":\"de-CH\",\"@id\":\"https:\/\/chemgramx.com\/#\/schema\/logo\/image\/\",\"url\":\"https:\/\/chemgramx.com\/wp-content\/uploads\/2024\/10\/final-logo.png\",\"contentUrl\":\"https:\/\/chemgramx.com\/wp-content\/uploads\/2024\/10\/final-logo.png\",\"width\":250,\"height\":48,\"caption\":\"Chemgramx\"},\"image\":{\"@id\":\"https:\/\/chemgramx.com\/#\/schema\/logo\/image\/\"}}]}<\/script>\n<!-- \/ Yoast SEO plugin. -->","yoast_head_json":{"title":"kontaktiere uns - Chemgramx","robots":{"index":"noindex","follow":"follow","max-snippet":"max-snippet:-1","max-image-preview":"max-image-preview:large","max-video-preview":"max-video-preview:-1"},"og_locale":"de_DE","og_type":"article","og_title":"kontaktiere uns - Chemgramx","og_description":"Ich w\u00fcrde gerne von Ihnen h\u00f6ren Hey, da!Schick mir ein nachricht. Wenn Sie Fragen haben oder weitere Informationen&hellip;","og_url":"https:\/\/chemgramx.com\/de_ch\/kontaktiere-uns\/","og_site_name":"Chemgramx","article_modified_time":"2024-11-04T08:28:05+00:00","twitter_card":"summary_large_image","twitter_misc":{"Gesch\u00e4tzte Lesezeit":"1\u00a0Minute"},"schema":{"@context":"https:\/\/schema.org","@graph":[{"@type":"WebPage","@id":"https:\/\/chemgramx.com\/kontaktiere-uns\/","url":"https:\/\/chemgramx.com\/kontaktiere-uns\/","name":"kontaktiere uns - Chemgramx","isPartOf":{"@id":"https:\/\/chemgramx.com\/#website"},"datePublished":"2024-03-17T14:31:37+00:00","dateModified":"2024-11-04T08:28:05+00:00","breadcrumb":{"@id":"https:\/\/chemgramx.com\/kontaktiere-uns\/#breadcrumb"},"inLanguage":"de-CH","potentialAction":[{"@type":"ReadAction","target":["https:\/\/chemgramx.com\/kontaktiere-uns\/"]}]},{"@type":"BreadcrumbList","@id":"https:\/\/chemgramx.com\/kontaktiere-uns\/#breadcrumb","itemListElement":[{"@type":"ListItem","position":1,"name":"Home","item":"https:\/\/chemgramx.com\/"},{"@type":"ListItem","position":2,"name":"kontaktiere uns"}]},{"@type":"WebSite","@id":"https:\/\/chemgramx.com\/#website","url":"https:\/\/chemgramx.com\/","name":"Chemgramx","description":"","publisher":{"@id":"https:\/\/chemgramx.com\/#organization"},"potentialAction":[{"@type":"SearchAction","target":{"@type":"EntryPoint","urlTemplate":"https:\/\/chemgramx.com\/?s={search_term_string}"},"query-input":{"@type":"PropertyValueSpecification","valueRequired":true,"valueName":"search_term_string"}}],"inLanguage":"de-CH"},{"@type":"Organization","@id":"https:\/\/chemgramx.com\/#organization","name":"Chemgramx","url":"https:\/\/chemgramx.com\/","logo":{"@type":"ImageObject","inLanguage":"de-CH","@id":"https:\/\/chemgramx.com\/#\/schema\/logo\/image\/","url":"https:\/\/chemgramx.com\/wp-content\/uploads\/2024\/10\/final-logo.png","contentUrl":"https:\/\/chemgramx.com\/wp-content\/uploads\/2024\/10\/final-logo.png","width":250,"height":48,"caption":"Chemgramx"},"image":{"@id":"https:\/\/chemgramx.com\/#\/schema\/logo\/image\/"}}]}},"_links":{"self":[{"href":"https:\/\/chemgramx.com\/de_ch\/wp-json\/wp\/v2\/pages\/412","targetHints":{"allow":["GET"]}}],"collection":[{"href":"https:\/\/chemgramx.com\/de_ch\/wp-json\/wp\/v2\/pages"}],"about":[{"href":"https:\/\/chemgramx.com\/de_ch\/wp-json\/wp\/v2\/types\/page"}],"author":[{"embeddable":true,"href":"https:\/\/chemgramx.com\/de_ch\/wp-json\/wp\/v2\/users\/1"}],"replies":[{"embeddable":true,"href":"https:\/\/chemgramx.com\/de_ch\/wp-json\/wp\/v2\/comments?post=412"}],"version-history":[{"count":4,"href":"https:\/\/chemgramx.com\/de_ch\/wp-json\/wp\/v2\/pages\/412\/revisions"}],"predecessor-version":[{"id":895,"href":"https:\/\/chemgramx.com\/de_ch\/wp-json\/wp\/v2\/pages\/412\/revisions\/895"}],"wp:attachment":[{"href":"https:\/\/chemgramx.com\/de_ch\/wp-json\/wp\/v2\/media?parent=412"}],"curies":[{"name":"wp","href":"https:\/\/api.w.org\/{rel}","templated":true}]}}