{"id":1040,"date":"2024-12-07T15:56:37","date_gmt":"2024-12-07T15:56:37","guid":{"rendered":"https:\/\/chemgramx.com\/?post_type=product&#038;p=1040"},"modified":"2025-10-17T08:58:01","modified_gmt":"2025-10-17T08:58:01","slug":"egg-rolls-tomorrow-land-286-mg-mdma","status":"publish","type":"product","link":"https:\/\/chemgramx.com\/de_ch\/product\/egg-rolls-tomorrow-land-286-mg-mdma\/","title":{"rendered":"EGG ROLLS TOMORROW-LAND 286 MG MDMA online kaufen"},"content":{"rendered":"<h2>EGG ROLLS TOMORROW-LAND 286 MG MDMA online kaufen \u2013 Ihr ultimativer Ratgeber<\/h2>\n<p>EGG ROLLS TOMORROW-LAND 286 MG MDMA erfreut sich in der Welt der Designersubstanzen schnell gro\u00dfer Beliebtheit bei Festivalbegeisterten und erfahrenen Konsumenten. Bekannt f\u00fcr seine hohe Wirksamkeit und sein festivaltaugliches Branding, ist dieses Produkt die erste Wahl f\u00fcr alle, die intensive Euphorie, Empathie und eine sinnliche Steigerung suchen. Dieser Ratgeber erkl\u00e4rt alles, was Sie wissen m\u00fcssen, bevor Sie EGG ROLLS TOMORROW-LAND 286 MG MDMA sicher online bestellen.<\/p>\n<h3>Warum ist EGG ROLLS TOMORROW-LAND 286 MG MDMA so beliebt?<\/h3>\n<p>Die steigende Nachfrage nach<a href=\"https:\/\/chemgramx.com\/de_ch\/product\/egg-rolls-tomorrow-land-286-mg-mdma\/\"> EGG ROLLS TOMORROW-LAND 286 MG MDMA<\/a> ist auf die konstante Dosierung von 286 mg, die zuverl\u00e4ssige Qualit\u00e4t und den guten Ruf in der EDM- und Festivalszene zur\u00fcckzuf\u00fchren. Egal, ob Sie EGG ROLLS TOMORROW-LAND 286 mg MDMA kaufen oder den besten Online-Kauf von EGG ROLLS TOMORROW-LAND 286 mg MDMA suchen \u2013 dieses Produkt ist f\u00fcr seine kraftvolle und erhebende Wirkung bekannt.<\/p>\n<h3>Was macht es so einzigartig?<\/h3>\n<p>Im Gegensatz zu generischen MDMA-Pillen zeichnet sich EGG ROLLS TOMORROW-LAND 286 mg MDMA online durch folgende Eigenschaften aus:<\/p>\n<ul>\n<li>Exakte Dosierung von 286 mg<\/li>\n<li>Festival-inspiriertes Branding<\/li>\n<li>Laborgepr\u00fcfte Reinheit<\/li>\n<li>Guter Ruf bei den Konsumenten<\/li>\n<li>Chemische Zusammensetzung<\/li>\n<\/ul>\n<p>Jede Tablette enth\u00e4lt 286 mg reines MDMA (3,4-Methylendioxy-N-methylamphetamin) ohne F\u00fcllstoffe oder sch\u00e4dliche Verunreinigungen. Unabh\u00e4ngige Labortests best\u00e4tigen die Reinheit und machen es zu einer der zuverl\u00e4ssigsten Optionen, wenn Sie EGG ROLLS TOMORROW-LAND 286 mg MDMA online kaufen m\u00f6chten.<\/p>\n<h3>Wirkungen und empfohlene Dosierung<\/h3>\n<p>Typische Wirkungen sind:<\/p>\n<ul>\n<li>Intensive Euphorie und emotionale Offenheit<\/li>\n<li>Steigerung von Empathie und sozialer Bindung<\/li>\n<li>Sp\u00fcrbare k\u00f6rperliche Empfindungen<\/li>\n<\/ul>\n<p><strong>Dosierungsrichtlinien:<\/strong><\/p>\n<ul>\n<li>Anf\u00e4nger: Halbe Tablette (~143 mg)<\/li>\n<li>Erfahrene Anwender: Ganze Tablette (286 mg), vorsichtige Nachdosierung erst nach 90\u2013120 Minuten<\/li>\n<li>\u00dcberschreiten Sie die Dosis von 286 mg innerhalb von 24 Stunden nicht.<\/li>\n<\/ul>\n<h3>Ist der Online-Kauf von EGG ROLLS TOMORROW-LAND 286 mg MDMA sicher?<\/h3>\n<p>Der Online-Kauf von <a href=\"https:\/\/en.wikipedia.org\/wiki\/MDMA\">MDMA<\/a> birgt immer Risiken, aber die Wahl vertrauensw\u00fcrdiger Anbieter tr\u00e4gt zur Sicherheit bei. Achten Sie stets auf Labortests, Reputation und Transparenz. So erhalten Sie einen fairen Preis f\u00fcr EGG ROLLS TOMORROW-LAND 286 mg MDMA, ohne das Risiko gef\u00e4lschter Produkte einzugehen.<\/p>\n<p>So erkennen Sie Originalprodukte<\/p>\n<h3>Authentisches EGG ROLLS TOMORROW-LAND 286 MG MDMA zeichnet sich in der Regel durch folgende Merkmale aus:<\/h3>\n<ul>\n<li>Einheitliche Gr\u00f6\u00dfe und Farbe<\/li>\n<li>Markenlogo<\/li>\n<li>Gelegentlich QR-Codes oder Chargennummern<\/li>\n<li>Rechtlicher \u00dcberblick<\/li>\n<li>USA, Gro\u00dfbritannien, Kanada, Australien: Eingestuft als Schedule I\/Klasse A (Kauf und Besitz illegal)<\/li>\n<li>Niederlande, Portugal: Entkriminalisiert f\u00fcr den Eigengebrauch, Verkauf jedoch weiterhin illegal<\/li>\n<li>Informieren Sie sich vor dem Kauf immer \u00fcber die \u00f6rtlichen Gesetze.<\/li>\n<\/ul>\n<h3>Wo Sie EGG ROLLS TOMORROW-LAND 286 MG MDMA kaufen k\u00f6nnen<\/h3>\n<p>Wir k\u00f6nnen zwar keine direkten Links zu Anbietern anbieten, aber Nutzer kaufen EGG ROLLS TOMORROW-LAND 286 MG MDMA h\u00e4ufig online \u00fcber:<\/p>\n<ul>\n<li>Verifizierte Darknet-Marktpl\u00e4tze<\/li>\n<li>Psychedelische Foren mit Anbieterbewertungen<\/li>\n<li>Verschl\u00fcsselte Communities (Telegram, Discord)<\/li>\n<li>Verwenden Sie zu Ihrer Sicherheit stets Verschl\u00fcsselung, VPNs und sichere Zahlungsmethoden.<\/li>\n<\/ul>\n<h3>Fazit<\/h3>\n<p>Kaufen Sie EGG ROLLS TOMORROW-LAND 286 mg MDMA online bei einer zuverl\u00e4ssigen Forschungsquelle, um Authentizit\u00e4t und Sicherheit zu gew\u00e4hrleisten. Dank seiner starken Wirkung, der hohen Reinheit und des einzigartigen Festival-Brandings hat sich dieses Produkt einen Platz als eine der vertrauensw\u00fcrdigsten Optionen f\u00fcr alle verdient, die ein erstklassiges MDMA-Erlebnis suchen.<\/p>","protected":false},"excerpt":{"rendered":"<p><strong><span style=\"vertical-align: inherit;\"><span style=\"vertical-align: inherit;\">Egg Rolls Tomorrow Land 286 mg MDMA<\/span><\/span><\/strong><span style=\"vertical-align: inherit;\"><span style=\"vertical-align: inherit;\"> ist eine hochwirksame synthetische Chemikalie. Das Produkt wird stabilisiert und ist ideal f\u00fcr eine landwirtschaftliche Untersuchung und eine chemische Analyse. Es gibt viele Tests, die Ihnen helfen, Geld und Geld zu verdienen. Kein Problem mit der L\u00f6sung.<\/span><\/span><\/p>","protected":false},"featured_media":1041,"comment_status":"open","ping_status":"closed","template":"","meta":{"_joinchat":[]},"product_brand":[],"product_cat":[2846],"product_tag":[2115,2113,2116,2011,2017,1785,2018,2015,2114,2117],"class_list":{"0":"post-1040","1":"product","2":"type-product","3":"status-publish","4":"has-post-thumbnail","6":"product_cat-ecstasy-pills","7":"product_tag-286mg-mdma","8":"product_tag-egg-rolls-mdma","9":"product_tag-mdma-286mg","10":"product_tag-mdma-kaufen","11":"product_tag-mdma-kristalle","12":"product_tag-mdma-online","13":"product_tag-mdma-zum-verkauf","14":"product_tag-synthetische-drogen","15":"product_tag-tomorrow-land-mdma","16":"product_tag-tomorrow-land-mdma-kaufen","18":"first","19":"instock","20":"shipping-taxable","21":"purchasable","22":"product-type-variable"},"yoast_head":"<!-- This site is optimized with the Yoast SEO plugin v26.1.1 - https:\/\/yoast.com\/wordpress\/plugins\/seo\/ -->\n<title>Eierbr\u00f6tchen Tomorrow Land 286 mg MDMA | Synthetisches MDMA f\u00fcr die Forschung<\/title>\n<meta name=\"description\" content=\"Kaufen Sie Egg Rolls Tomorrow Land 286 mg MDMA \u2013 hochwertiges synthetisches MDMA f\u00fcr die wissenschaftliche Forschung. Auf Reinheit und Stabilit\u00e4t gepr\u00fcft. Ideal f\u00fcr Laborexperimente.\" \/>\n<meta name=\"robots\" content=\"index, follow, max-snippet:-1, max-image-preview:large, max-video-preview:-1\" \/>\n<link rel=\"canonical\" href=\"https:\/\/chemgramx.com\/de_ch\/product\/egg-rolls-tomorrow-land-286-mg-mdma\/\" \/>\n<meta property=\"og:locale\" content=\"de_DE\" \/>\n<meta property=\"og:type\" content=\"article\" \/>\n<meta property=\"og:title\" content=\"Eierbr\u00f6tchen Tomorrow Land 286 mg MDMA | Synthetisches MDMA f\u00fcr die Forschung\" \/>\n<meta property=\"og:description\" content=\"Kaufen Sie Egg Rolls Tomorrow Land 286 mg MDMA \u2013 hochwertiges synthetisches MDMA f\u00fcr die wissenschaftliche Forschung. Auf Reinheit und Stabilit\u00e4t gepr\u00fcft. Ideal f\u00fcr Laborexperimente.\" \/>\n<meta property=\"og:url\" content=\"https:\/\/chemgramx.com\/de_ch\/product\/egg-rolls-tomorrow-land-286-mg-mdma\/\" \/>\n<meta property=\"og:site_name\" content=\"Chemgramx\" \/>\n<meta property=\"article:modified_time\" content=\"2025-10-17T08:58:01+00:00\" \/>\n<meta property=\"og:image\" content=\"https:\/\/chemgramx.com\/wp-content\/uploads\/2024\/12\/p15.png\" \/>\n\t<meta property=\"og:image:width\" content=\"600\" \/>\n\t<meta property=\"og:image:height\" content=\"400\" \/>\n\t<meta property=\"og:image:type\" content=\"image\/png\" \/>\n<meta name=\"twitter:card\" content=\"summary_large_image\" \/>\n<meta name=\"twitter:label1\" content=\"Gesch\u00e4tzte Lesezeit\" \/>\n\t<meta name=\"twitter:data1\" content=\"3\u00a0Minuten\" \/>\n<script type=\"application\/ld+json\" class=\"yoast-schema-graph\">{\"@context\":\"https:\/\/schema.org\",\"@graph\":[{\"@type\":\"WebPage\",\"@id\":\"https:\/\/chemgramx.com\/product\/egg-rolls-tomorrow-land-286-mg-mdma\/\",\"url\":\"https:\/\/chemgramx.com\/product\/egg-rolls-tomorrow-land-286-mg-mdma\/\",\"name\":\"Eierbr\u00f6tchen Tomorrow Land 286 mg MDMA | Synthetisches MDMA f\u00fcr die Forschung\",\"isPartOf\":{\"@id\":\"https:\/\/chemgramx.com\/#website\"},\"primaryImageOfPage\":{\"@id\":\"https:\/\/chemgramx.com\/product\/egg-rolls-tomorrow-land-286-mg-mdma\/#primaryimage\"},\"image\":{\"@id\":\"https:\/\/chemgramx.com\/product\/egg-rolls-tomorrow-land-286-mg-mdma\/#primaryimage\"},\"thumbnailUrl\":\"https:\/\/chemgramx.com\/wp-content\/uploads\/2024\/12\/p15.png\",\"datePublished\":\"2024-12-07T15:56:37+00:00\",\"dateModified\":\"2025-10-17T08:58:01+00:00\",\"description\":\"Kaufen Sie Egg Rolls Tomorrow Land 286 mg MDMA \u2013 hochwertiges synthetisches MDMA f\u00fcr die wissenschaftliche Forschung. Auf Reinheit und Stabilit\u00e4t gepr\u00fcft. Ideal f\u00fcr Laborexperimente.\",\"breadcrumb\":{\"@id\":\"https:\/\/chemgramx.com\/product\/egg-rolls-tomorrow-land-286-mg-mdma\/#breadcrumb\"},\"inLanguage\":\"de-CH\",\"potentialAction\":[{\"@type\":\"ReadAction\",\"target\":[\"https:\/\/chemgramx.com\/product\/egg-rolls-tomorrow-land-286-mg-mdma\/\"]}]},{\"@type\":\"ImageObject\",\"inLanguage\":\"de-CH\",\"@id\":\"https:\/\/chemgramx.com\/product\/egg-rolls-tomorrow-land-286-mg-mdma\/#primaryimage\",\"url\":\"https:\/\/chemgramx.com\/wp-content\/uploads\/2024\/12\/p15.png\",\"contentUrl\":\"https:\/\/chemgramx.com\/wp-content\/uploads\/2024\/12\/p15.png\",\"width\":600,\"height\":400,\"caption\":\"EGG ROLLS TOMORROW-LAND 286 MG MDMA\"},{\"@type\":\"BreadcrumbList\",\"@id\":\"https:\/\/chemgramx.com\/product\/egg-rolls-tomorrow-land-286-mg-mdma\/#breadcrumb\",\"itemListElement\":[{\"@type\":\"ListItem\",\"position\":1,\"name\":\"Home\",\"item\":\"https:\/\/chemgramx.com\/\"},{\"@type\":\"ListItem\",\"position\":2,\"name\":\"Shop\",\"item\":\"https:\/\/chemgramx.com\/shop\/\"},{\"@type\":\"ListItem\",\"position\":3,\"name\":\"EGG ROLLS TOMORROW-LAND 286 MG MDMA online kaufen\"}]},{\"@type\":\"WebSite\",\"@id\":\"https:\/\/chemgramx.com\/#website\",\"url\":\"https:\/\/chemgramx.com\/\",\"name\":\"Chemgramx\",\"description\":\"\",\"publisher\":{\"@id\":\"https:\/\/chemgramx.com\/#organization\"},\"potentialAction\":[{\"@type\":\"SearchAction\",\"target\":{\"@type\":\"EntryPoint\",\"urlTemplate\":\"https:\/\/chemgramx.com\/?s={search_term_string}\"},\"query-input\":{\"@type\":\"PropertyValueSpecification\",\"valueRequired\":true,\"valueName\":\"search_term_string\"}}],\"inLanguage\":\"de-CH\"},{\"@type\":\"Organization\",\"@id\":\"https:\/\/chemgramx.com\/#organization\",\"name\":\"Chemgramx\",\"url\":\"https:\/\/chemgramx.com\/\",\"logo\":{\"@type\":\"ImageObject\",\"inLanguage\":\"de-CH\",\"@id\":\"https:\/\/chemgramx.com\/#\/schema\/logo\/image\/\",\"url\":\"https:\/\/chemgramx.com\/wp-content\/uploads\/2024\/10\/final-logo.png\",\"contentUrl\":\"https:\/\/chemgramx.com\/wp-content\/uploads\/2024\/10\/final-logo.png\",\"width\":250,\"height\":48,\"caption\":\"Chemgramx\"},\"image\":{\"@id\":\"https:\/\/chemgramx.com\/#\/schema\/logo\/image\/\"}}]}<\/script>\n<!-- \/ Yoast SEO plugin. -->","yoast_head_json":{"title":"Eierbr\u00f6tchen Tomorrow Land 286 mg MDMA | Synthetisches MDMA f\u00fcr die Forschung","description":"Kaufen Sie Egg Rolls Tomorrow Land 286 mg MDMA \u2013 hochwertiges synthetisches MDMA f\u00fcr die wissenschaftliche Forschung. Auf Reinheit und Stabilit\u00e4t gepr\u00fcft. Ideal f\u00fcr Laborexperimente.","robots":{"index":"index","follow":"follow","max-snippet":"max-snippet:-1","max-image-preview":"max-image-preview:large","max-video-preview":"max-video-preview:-1"},"canonical":"https:\/\/chemgramx.com\/de_ch\/product\/egg-rolls-tomorrow-land-286-mg-mdma\/","og_locale":"de_DE","og_type":"article","og_title":"Eierbr\u00f6tchen Tomorrow Land 286 mg MDMA | Synthetisches MDMA f\u00fcr die Forschung","og_description":"Kaufen Sie Egg Rolls Tomorrow Land 286 mg MDMA \u2013 hochwertiges synthetisches MDMA f\u00fcr die wissenschaftliche Forschung. Auf Reinheit und Stabilit\u00e4t gepr\u00fcft. Ideal f\u00fcr Laborexperimente.","og_url":"https:\/\/chemgramx.com\/de_ch\/product\/egg-rolls-tomorrow-land-286-mg-mdma\/","og_site_name":"Chemgramx","article_modified_time":"2025-10-17T08:58:01+00:00","og_image":[{"width":600,"height":400,"url":"https:\/\/chemgramx.com\/wp-content\/uploads\/2024\/12\/p15.png","type":"image\/png"}],"twitter_card":"summary_large_image","twitter_misc":{"Gesch\u00e4tzte Lesezeit":"3\u00a0Minuten"},"schema":{"@context":"https:\/\/schema.org","@graph":[{"@type":"WebPage","@id":"https:\/\/chemgramx.com\/product\/egg-rolls-tomorrow-land-286-mg-mdma\/","url":"https:\/\/chemgramx.com\/product\/egg-rolls-tomorrow-land-286-mg-mdma\/","name":"Eierbr\u00f6tchen Tomorrow Land 286 mg MDMA | Synthetisches MDMA f\u00fcr die Forschung","isPartOf":{"@id":"https:\/\/chemgramx.com\/#website"},"primaryImageOfPage":{"@id":"https:\/\/chemgramx.com\/product\/egg-rolls-tomorrow-land-286-mg-mdma\/#primaryimage"},"image":{"@id":"https:\/\/chemgramx.com\/product\/egg-rolls-tomorrow-land-286-mg-mdma\/#primaryimage"},"thumbnailUrl":"https:\/\/chemgramx.com\/wp-content\/uploads\/2024\/12\/p15.png","datePublished":"2024-12-07T15:56:37+00:00","dateModified":"2025-10-17T08:58:01+00:00","description":"Kaufen Sie Egg Rolls Tomorrow Land 286 mg MDMA \u2013 hochwertiges synthetisches MDMA f\u00fcr die wissenschaftliche Forschung. Auf Reinheit und Stabilit\u00e4t gepr\u00fcft. Ideal f\u00fcr Laborexperimente.","breadcrumb":{"@id":"https:\/\/chemgramx.com\/product\/egg-rolls-tomorrow-land-286-mg-mdma\/#breadcrumb"},"inLanguage":"de-CH","potentialAction":[{"@type":"ReadAction","target":["https:\/\/chemgramx.com\/product\/egg-rolls-tomorrow-land-286-mg-mdma\/"]}]},{"@type":"ImageObject","inLanguage":"de-CH","@id":"https:\/\/chemgramx.com\/product\/egg-rolls-tomorrow-land-286-mg-mdma\/#primaryimage","url":"https:\/\/chemgramx.com\/wp-content\/uploads\/2024\/12\/p15.png","contentUrl":"https:\/\/chemgramx.com\/wp-content\/uploads\/2024\/12\/p15.png","width":600,"height":400,"caption":"EGG ROLLS TOMORROW-LAND 286 MG MDMA"},{"@type":"BreadcrumbList","@id":"https:\/\/chemgramx.com\/product\/egg-rolls-tomorrow-land-286-mg-mdma\/#breadcrumb","itemListElement":[{"@type":"ListItem","position":1,"name":"Home","item":"https:\/\/chemgramx.com\/"},{"@type":"ListItem","position":2,"name":"Shop","item":"https:\/\/chemgramx.com\/shop\/"},{"@type":"ListItem","position":3,"name":"EGG ROLLS TOMORROW-LAND 286 MG MDMA online kaufen"}]},{"@type":"WebSite","@id":"https:\/\/chemgramx.com\/#website","url":"https:\/\/chemgramx.com\/","name":"Chemgramx","description":"","publisher":{"@id":"https:\/\/chemgramx.com\/#organization"},"potentialAction":[{"@type":"SearchAction","target":{"@type":"EntryPoint","urlTemplate":"https:\/\/chemgramx.com\/?s={search_term_string}"},"query-input":{"@type":"PropertyValueSpecification","valueRequired":true,"valueName":"search_term_string"}}],"inLanguage":"de-CH"},{"@type":"Organization","@id":"https:\/\/chemgramx.com\/#organization","name":"Chemgramx","url":"https:\/\/chemgramx.com\/","logo":{"@type":"ImageObject","inLanguage":"de-CH","@id":"https:\/\/chemgramx.com\/#\/schema\/logo\/image\/","url":"https:\/\/chemgramx.com\/wp-content\/uploads\/2024\/10\/final-logo.png","contentUrl":"https:\/\/chemgramx.com\/wp-content\/uploads\/2024\/10\/final-logo.png","width":250,"height":48,"caption":"Chemgramx"},"image":{"@id":"https:\/\/chemgramx.com\/#\/schema\/logo\/image\/"}}]}},"_links":{"self":[{"href":"https:\/\/chemgramx.com\/de_ch\/wp-json\/wp\/v2\/product\/1040","targetHints":{"allow":["GET"]}}],"collection":[{"href":"https:\/\/chemgramx.com\/de_ch\/wp-json\/wp\/v2\/product"}],"about":[{"href":"https:\/\/chemgramx.com\/de_ch\/wp-json\/wp\/v2\/types\/product"}],"replies":[{"embeddable":true,"href":"https:\/\/chemgramx.com\/de_ch\/wp-json\/wp\/v2\/comments?post=1040"}],"wp:featuredmedia":[{"embeddable":true,"href":"https:\/\/chemgramx.com\/de_ch\/wp-json\/wp\/v2\/media\/1041"}],"wp:attachment":[{"href":"https:\/\/chemgramx.com\/de_ch\/wp-json\/wp\/v2\/media?parent=1040"}],"wp:term":[{"taxonomy":"product_brand","embeddable":true,"href":"https:\/\/chemgramx.com\/de_ch\/wp-json\/wp\/v2\/product_brand?post=1040"},{"taxonomy":"product_cat","embeddable":true,"href":"https:\/\/chemgramx.com\/de_ch\/wp-json\/wp\/v2\/product_cat?post=1040"},{"taxonomy":"product_tag","embeddable":true,"href":"https:\/\/chemgramx.com\/de_ch\/wp-json\/wp\/v2\/product_tag?post=1040"}],"curies":[{"name":"wp","href":"https:\/\/api.w.org\/{rel}","templated":true}]}}