{"id":6816,"date":"2025-11-21T11:09:30","date_gmt":"2025-11-21T11:09:30","guid":{"rendered":"https:\/\/chemgramx.com\/?post_type=product&#038;p=6816"},"modified":"2025-11-21T11:09:51","modified_gmt":"2025-11-21T11:09:51","slug":"kaufen-sie-niederlaendisches-crystal-meth","status":"publish","type":"product","link":"https:\/\/chemgramx.com\/de_ch\/product\/kaufen-sie-niederlaendisches-crystal-meth\/","title":{"rendered":"Kaufen Sie niederl\u00e4ndisches Crystal Meth"},"content":{"rendered":"<p><strong data-start=\"66\" data-end=\"85\"><span dir=\"auto\">Methamphetamin<\/span><\/strong><span dir=\"auto\">\u00a0ist eine synthetische Droge, die aus Amphetamin, einer nat\u00fcrlich vorkommenden Chemikalie, gewonnen wird. Amphetamine wurden erstmals 1912 in Deutschland synthetisiert und zur Behandlung von ADHS eingesetzt. Mitte der 1990er Jahre gelangte\u00a0<\/span><strong data-start=\"258\" data-end=\"277\"><span dir=\"auto\">Methamphetamin<\/span><\/strong><span dir=\"auto\">\u00a0\u00fcber mexikanische Kartelle in die USA. Es wird heute unter verschiedenen Stra\u00dfennamen verkauft, darunter\u00a0<\/span><strong data-start=\"378\" data-end=\"394\" data-is-only-node=\"\"><span dir=\"auto\">Crystal Meth<\/span><\/strong><span dir=\"auto\">\u00a0, Ice, Glass, Bomb, Crank, White Powder, Speed \u200b\u200bund Red Devils.\u00a0<\/span><strong data-start=\"458\" data-end=\"491\"><span dir=\"auto\">Kaufen Sie niederl\u00e4ndisches Crystal Meth online<\/span><\/strong><span dir=\"auto\">\u00a0.<\/span><\/p>\n<h3><strong><span dir=\"auto\">Top-Lieferanten von Crystal Meth in den Niederlanden in den USA und der EU, diskreter Versand<\/span><\/strong><\/h3>\n<p data-pm-slice=\"1 1 []\"><span dir=\"auto\">Dutch Crystal Meth ist eine starke Form von Methamphetamin, die wegen ihrer stimulierenden Wirkung missbraucht wird. Es ist in Pulver-, Pillen- oder Kristallform erh\u00e4ltlich und wird online oder von Dealern verkauft. Der Konsum kann zu Sucht, Paranoia und Herzrasen f\u00fchren. Mit Unterst\u00fctzung, beispielsweise durch Reha-Programme und Selbsthilfegruppen, ist eine Genesung m\u00f6glich.<\/span><\/p>\n<p><span dir=\"auto\">Crystal Meth ist ein wei\u00dfes, kristallines Pulver, das \u00fcblicherweise geschnupft, gespritzt oder geraucht wird. In seiner reinsten Form enth\u00e4lt es Methamphetamin und kann auch Amphetamin enthalten. Viele Menschen bestellen\u00a0<\/span><strong data-start=\"358\" data-end=\"380\"><span dir=\"auto\">Crystal Meth<\/span><\/strong><span dir=\"auto\">\u00a0oder kaufen es online. Es ist jedoch wichtig, die damit verbundenen Risiken zu kennen, darunter Sucht, psychische Auswirkungen und Langzeitsch\u00e4den.<\/span><\/p>\n<h3><strong><span dir=\"auto\">Der beste Ort, um niederl\u00e4ndische Methamphetaminkristalle online mit schnellem Versand zu bestellen<\/span><\/strong><\/h3>\n<p><span dir=\"auto\">Sie sind wahrscheinlich hier, um Tipps zum Kauf von Crystal Meth zu erhalten. Wenn Sie es richtig machen, erhalten Sie starkes Crystal Meth in Stra\u00dfenqualit\u00e4t. Crystal Meth ist ein starkes, illegales Stimulans. Sie k\u00f6nnen Crystal Meth jedoch legal kaufen. Auf dieser Seite erfahren Sie, wie.<\/span><\/p>\n<p><span dir=\"auto\">M\u00f6chten Sie Crystal Meth legal kaufen? Hier finden Sie eine Kurzanleitung, wo und wie Sie Crystal Meth sicher bestellen k\u00f6nnen. Angesichts des wachsenden Interesses der Medien fragen sich viele, wie sie es legal erwerben k\u00f6nnen. Wir bieten hochwertiges Crystal Meth zu <a href=\"\/product\/4-mec-online-bestellung\/\">wettbewerbsf\u00e4higen<\/a> Preisen und einen diskreten, zuverl\u00e4ssigen Service. Egal, ob Sie neu oder erfahren sind, wir machen es Ihnen leicht, sicher zu kaufen.<\/span><\/p>\n<h3><strong><span dir=\"auto\">Wo kann man Crystal Meth online kaufen?<\/span><\/strong><\/h3>\n<p><span dir=\"auto\">Methamphetamin, auch bekannt als Crank, Dutch Crystal Meth, Glass, Ice, Tina, Christine oder Yaba, wirkt individuell unterschiedlich. Konsumenten k\u00f6nnen sich beschwingt, erregt, wach, paranoid, verwirrt, aggressiv oder enthemmt f\u00fchlen. Es erh\u00f6ht Herzfrequenz und Blutdruck und die Wirkung h\u00e4lt 4\u201312 Stunden an. Zur Vorbereitung kann Methamphetamin online gekauft werden. H\u00e4ufige Risiken sind Sucht und langfristige gesundheitliche Probleme.<\/span><\/p>\n<p><span dir=\"auto\">Es besteht leicht das Verlangen nach mehr und die Einnahme gr\u00f6\u00dferer Dosen \u00fcber viele Stunden oder sogar Tage. Kann die Risikobereitschaft erh\u00f6hen, z. B. risikoreiches Sexualverhalten. Kann zu schweren Psychosen f\u00fchren und erh\u00f6ht das Risiko eines Herzinfarkts oder Schlaganfalls.\u00a0<\/span><a href=\"http:\/\/dutchanonstore.to\/2021\/02\/16\/crystal-meth-for-sale-dutchanonstore\/\" target=\"_blank\" rel=\"noopener\"><span dir=\"auto\">.<\/span><\/a><\/p>\n<p><span dir=\"auto\">Drogen mischen<\/span><br \/>\n<span dir=\"auto\">Das Mischen von Drogen ist immer riskant, aber manche Mischungen sind gef\u00e4hrlicher als andere.<\/span><br \/>\n<span dir=\"auto\">Wie es aussieht, schmeckt und riecht<\/span><\/p>\n<h3><strong><span dir=\"auto\">Wie sieht Methamphetamin aus?<\/span><\/strong><\/h3>\n<p><span dir=\"auto\">Methamphetamin gibt es in verschiedenen Formen, darunter Tabletten, Pulver und Kristalle. Die Tabletten werden oft \u201eYaba\u201c genannt, die rauchbaren Kristalle <a href=\"https:\/\/chemgramx.com\/product\/death-star-hash-online\/\">hingegen<\/a> \u201eDutch Crystal Meth\u201c oder \u201eIce\u201c.<\/span><\/p>\n<h3><strong><span dir=\"auto\">Wie nehmen die Leute es auf<\/span><\/strong><\/h3>\n<p><span dir=\"auto\">Methamphetamin wird je nach Darreichungsform geschluckt, geschnupft oder injiziert.<\/span><\/p>\n<p><span dir=\"auto\">Das Rauchen der reineren, kristallinen Form von Methamphetamin, bekannt als Dutch Crystal Meth, erzeugt ein sehr intensives High, das dem von Crack-Kokain \u00e4hnelt, aber viel l\u00e4nger anh\u00e4lt.<\/span><\/p>\n<p><span dir=\"auto\">Beim Teilen von Nadeln, Spritzen oder anderen Injektionsutensilien besteht das Risiko, dass sich der Injizierende mit Viren wie HIV oder Hepatitis C ansteckt oder diese verbreitet. Crystal Meth-Lieferanten<\/span><\/p>\n<h3><strong><span dir=\"auto\">Dauer<\/span><\/strong><\/h3>\n<p><span dir=\"auto\">Wie lange die Wirkung anh\u00e4lt und wie lange das Medikament in Ihrem K\u00f6rper verbleibt, h\u00e4ngt von der eingenommenen Menge, Ihrer Gr\u00f6\u00dfe und davon ab, welche anderen Medikamente Sie m\u00f6glicherweise zus\u00e4tzlich eingenommen haben.<\/span><\/p>\n<h3><strong><em><span dir=\"auto\">Wie lange h\u00e4lt es an? \u2013 Kann ich niederl\u00e4ndisches Crystal Meth online kaufen? \u2013 Kann ich niederl\u00e4ndisches Crystal Meth online kaufen?<\/span><\/em><\/strong><\/h3>\n<p><span dir=\"auto\">Die Wirkung von Methamphetamin kann sehr lange anhalten.<\/span><\/p>\n<p><span dir=\"auto\">Das Rauchen der reineren, kristallinen Form von Methamphetamin, Crystal Meth, erzeugt ein sehr intensives High, das dem von Crack-Kokain \u00e4hnelt, aber viel l\u00e4nger anh\u00e4lt. Die Wirkung kann zwischen 4 und 12 Stunden anhalten.<\/span><\/p>\n<h3><strong><span dir=\"auto\">Nachwirkungen<\/span><\/strong><\/h3>\n<p><span dir=\"auto\">Der Entzug von Methamphetamin ist intensiv. Crystal Meth ist in der Regel 1 bis 4 Tage nach dem Konsum im Urin nachweisbar. Die Nachweisdauer h\u00e4ngt von der Dosis und der Art des verwendeten Tests ab. Dieser Zeitrahmen ist nur eine allgemeine Richtlinie und kann von Person zu Person variieren.<\/span><\/p>","protected":false},"excerpt":{"rendered":"<div class=\"elementor-element elementor-element-1b3031f3 elementor-widget elementor-widget-woocommerce-product-etheme_title elementor-page-title elementor-widget-heading\" data-id=\"1b3031f3\" data-element_type=\"widget\" data-widget_type=\"woocommerce-product-etheme_title.default\">\n<div class=\"elementor-widget-container\">\n<h1 class=\"product_title entry-title elementor-heading-title elementor-size-default\"><span dir=\"auto\">Niederl\u00e4ndisches Crystal Meth<\/span><\/h1>\n<\/div>\n<\/div>\n<div class=\"elementor-element elementor-element-58724f21 elementor-widget elementor-widget-woocommerce-product-etheme_short_description\" data-id=\"58724f21\" data-element_type=\"widget\" data-widget_type=\"woocommerce-product-etheme_short_description.default\">\n<div class=\"elementor-widget-container\">\n<div class=\"woocommerce-product-details__short-description\">\n<p data-pm-slice=\"1 1 []\"><span dir=\"auto\">Kaufen Sie niederl\u00e4ndisches Crystal Meth online. Wir erleichtern unseren Kunden den Einkauf, indem wir einen zuverl\u00e4ssigen und sicheren Weg zum diskreten Geldwechsel bieten. Wir akzeptieren Kryptow\u00e4hrungen wie Bitcoin \u2013 eine der am weitesten verbreiteten digitalen W\u00e4hrungen sowohl im Mainstream als auch im Darknet. Krypto-Zahlungen machen Transaktionen schneller, sicherer und privater.<\/span><\/p>\n<\/div>\n<\/div>\n<\/div>","protected":false},"featured_media":6834,"comment_status":"open","ping_status":"closed","template":"","meta":{"_joinchat":[]},"product_brand":[],"product_cat":[3194],"product_tag":[],"class_list":{"0":"post-6816","1":"product","2":"type-product","3":"status-publish","4":"has-post-thumbnail","6":"product_cat-crystal-meth","8":"first","9":"instock","10":"shipping-taxable","11":"purchasable","12":"product-type-variable"},"yoast_head":"<!-- This site is optimized with the Yoast SEO plugin v27.5 - https:\/\/yoast.com\/product\/yoast-seo-wordpress\/ -->\n<title>Kaufen Sie niederl\u00e4ndisches Crystal Meth Chemgramx<\/title>\n<meta name=\"description\" content=\"Methamphetamin ist eine synthetische Droge, die aus Amphetamin gewonnen wird, einer nat\u00fcrlich vorkommenden Chemikalie.\" \/>\n<meta name=\"robots\" content=\"index, follow, max-snippet:-1, max-image-preview:large, max-video-preview:-1\" \/>\n<link rel=\"canonical\" href=\"https:\/\/chemgramx.com\/de_ch\/produkt-2\/kaufen-sie-niederlaendisches-crystal-meth\/\" \/>\n<meta property=\"og:locale\" content=\"de_DE\" \/>\n<meta property=\"og:type\" content=\"article\" \/>\n<meta property=\"og:title\" content=\"Kaufen Sie niederl\u00e4ndisches Crystal Meth Chemgramx\" \/>\n<meta property=\"og:description\" content=\"Methamphetamin ist eine synthetische Droge, die aus Amphetamin gewonnen wird, einer nat\u00fcrlich vorkommenden Chemikalie.\" \/>\n<meta property=\"og:url\" content=\"https:\/\/chemgramx.com\/de_ch\/produkt-2\/kaufen-sie-niederlaendisches-crystal-meth\/\" \/>\n<meta property=\"og:site_name\" content=\"Chemgramx\" \/>\n<meta property=\"article:modified_time\" content=\"2025-11-21T11:09:51+00:00\" \/>\n<meta property=\"og:image\" content=\"https:\/\/chemgramx.com\/wp-content\/uploads\/2025\/11\/die-synthetische-droge-crystal.webp\" \/>\n\t<meta property=\"og:image:width\" content=\"1240\" \/>\n\t<meta property=\"og:image:height\" content=\"698\" \/>\n\t<meta property=\"og:image:type\" content=\"image\/webp\" \/>\n<meta name=\"twitter:card\" content=\"summary_large_image\" \/>\n<meta name=\"twitter:label1\" content=\"Gesch\u00e4tzte Lesezeit\" \/>\n\t<meta name=\"twitter:data1\" content=\"4\u00a0Minuten\" \/>\n<script type=\"application\/ld+json\" class=\"yoast-schema-graph\">{\"@context\":\"https:\\\/\\\/schema.org\",\"@graph\":[{\"@type\":\"WebPage\",\"@id\":\"https:\\\/\\\/chemgramx.com\\\/product\\\/kaufen-sie-niederlaendisches-crystal-meth\\\/\",\"url\":\"https:\\\/\\\/chemgramx.com\\\/product\\\/kaufen-sie-niederlaendisches-crystal-meth\\\/\",\"name\":\"Kaufen Sie niederl\u00e4ndisches Crystal Meth Chemgramx\",\"isPartOf\":{\"@id\":\"https:\\\/\\\/chemgramx.com\\\/#website\"},\"primaryImageOfPage\":{\"@id\":\"https:\\\/\\\/chemgramx.com\\\/product\\\/kaufen-sie-niederlaendisches-crystal-meth\\\/#primaryimage\"},\"image\":{\"@id\":\"https:\\\/\\\/chemgramx.com\\\/product\\\/kaufen-sie-niederlaendisches-crystal-meth\\\/#primaryimage\"},\"thumbnailUrl\":\"https:\\\/\\\/chemgramx.com\\\/wp-content\\\/uploads\\\/2025\\\/11\\\/die-synthetische-droge-crystal.webp\",\"datePublished\":\"2025-11-21T11:09:30+00:00\",\"dateModified\":\"2025-11-21T11:09:51+00:00\",\"description\":\"Methamphetamin ist eine synthetische Droge, die aus Amphetamin gewonnen wird, einer nat\u00fcrlich vorkommenden Chemikalie.\",\"breadcrumb\":{\"@id\":\"https:\\\/\\\/chemgramx.com\\\/product\\\/kaufen-sie-niederlaendisches-crystal-meth\\\/#breadcrumb\"},\"inLanguage\":\"de-CH\",\"potentialAction\":[{\"@type\":\"ReadAction\",\"target\":[\"https:\\\/\\\/chemgramx.com\\\/product\\\/kaufen-sie-niederlaendisches-crystal-meth\\\/\"]}]},{\"@type\":\"ImageObject\",\"inLanguage\":\"de-CH\",\"@id\":\"https:\\\/\\\/chemgramx.com\\\/product\\\/kaufen-sie-niederlaendisches-crystal-meth\\\/#primaryimage\",\"url\":\"https:\\\/\\\/chemgramx.com\\\/wp-content\\\/uploads\\\/2025\\\/11\\\/die-synthetische-droge-crystal.webp\",\"contentUrl\":\"https:\\\/\\\/chemgramx.com\\\/wp-content\\\/uploads\\\/2025\\\/11\\\/die-synthetische-droge-crystal.webp\",\"width\":1240,\"height\":698},{\"@type\":\"BreadcrumbList\",\"@id\":\"https:\\\/\\\/chemgramx.com\\\/product\\\/kaufen-sie-niederlaendisches-crystal-meth\\\/#breadcrumb\",\"itemListElement\":[{\"@type\":\"ListItem\",\"position\":1,\"name\":\"Home\",\"item\":\"https:\\\/\\\/chemgramx.com\\\/\"},{\"@type\":\"ListItem\",\"position\":2,\"name\":\"Shop\",\"item\":\"https:\\\/\\\/chemgramx.com\\\/shop\\\/\"},{\"@type\":\"ListItem\",\"position\":3,\"name\":\"Kaufen Sie niederl\u00e4ndisches Crystal Meth\"}]},{\"@type\":\"WebSite\",\"@id\":\"https:\\\/\\\/chemgramx.com\\\/#website\",\"url\":\"https:\\\/\\\/chemgramx.com\\\/\",\"name\":\"Chemgramx\",\"description\":\"\",\"publisher\":{\"@id\":\"https:\\\/\\\/chemgramx.com\\\/#organization\"},\"potentialAction\":[{\"@type\":\"SearchAction\",\"target\":{\"@type\":\"EntryPoint\",\"urlTemplate\":\"https:\\\/\\\/chemgramx.com\\\/?s={search_term_string}\"},\"query-input\":{\"@type\":\"PropertyValueSpecification\",\"valueRequired\":true,\"valueName\":\"search_term_string\"}}],\"inLanguage\":\"de-CH\"},{\"@type\":\"Organization\",\"@id\":\"https:\\\/\\\/chemgramx.com\\\/#organization\",\"name\":\"Chemgramx\",\"url\":\"https:\\\/\\\/chemgramx.com\\\/\",\"logo\":{\"@type\":\"ImageObject\",\"inLanguage\":\"de-CH\",\"@id\":\"https:\\\/\\\/chemgramx.com\\\/#\\\/schema\\\/logo\\\/image\\\/\",\"url\":\"https:\\\/\\\/chemgramx.com\\\/wp-content\\\/uploads\\\/2024\\\/10\\\/final-logo.png\",\"contentUrl\":\"https:\\\/\\\/chemgramx.com\\\/wp-content\\\/uploads\\\/2024\\\/10\\\/final-logo.png\",\"width\":250,\"height\":48,\"caption\":\"Chemgramx\"},\"image\":{\"@id\":\"https:\\\/\\\/chemgramx.com\\\/#\\\/schema\\\/logo\\\/image\\\/\"}}]}<\/script>\n<!-- \/ Yoast SEO plugin. -->","yoast_head_json":{"title":"Kaufen Sie niederl\u00e4ndisches Crystal Meth Chemgramx","description":"Methamphetamin ist eine synthetische Droge, die aus Amphetamin gewonnen wird, einer nat\u00fcrlich vorkommenden Chemikalie.","robots":{"index":"index","follow":"follow","max-snippet":"max-snippet:-1","max-image-preview":"max-image-preview:large","max-video-preview":"max-video-preview:-1"},"canonical":"https:\/\/chemgramx.com\/de_ch\/produkt-2\/kaufen-sie-niederlaendisches-crystal-meth\/","og_locale":"de_DE","og_type":"article","og_title":"Kaufen Sie niederl\u00e4ndisches Crystal Meth Chemgramx","og_description":"Methamphetamin ist eine synthetische Droge, die aus Amphetamin gewonnen wird, einer nat\u00fcrlich vorkommenden Chemikalie.","og_url":"https:\/\/chemgramx.com\/de_ch\/produkt-2\/kaufen-sie-niederlaendisches-crystal-meth\/","og_site_name":"Chemgramx","article_modified_time":"2025-11-21T11:09:51+00:00","og_image":[{"width":1240,"height":698,"url":"https:\/\/chemgramx.com\/wp-content\/uploads\/2025\/11\/die-synthetische-droge-crystal.webp","type":"image\/webp"}],"twitter_card":"summary_large_image","twitter_misc":{"Gesch\u00e4tzte Lesezeit":"4\u00a0Minuten"},"schema":{"@context":"https:\/\/schema.org","@graph":[{"@type":"WebPage","@id":"https:\/\/chemgramx.com\/product\/kaufen-sie-niederlaendisches-crystal-meth\/","url":"https:\/\/chemgramx.com\/product\/kaufen-sie-niederlaendisches-crystal-meth\/","name":"Kaufen Sie niederl\u00e4ndisches Crystal Meth Chemgramx","isPartOf":{"@id":"https:\/\/chemgramx.com\/#website"},"primaryImageOfPage":{"@id":"https:\/\/chemgramx.com\/product\/kaufen-sie-niederlaendisches-crystal-meth\/#primaryimage"},"image":{"@id":"https:\/\/chemgramx.com\/product\/kaufen-sie-niederlaendisches-crystal-meth\/#primaryimage"},"thumbnailUrl":"https:\/\/chemgramx.com\/wp-content\/uploads\/2025\/11\/die-synthetische-droge-crystal.webp","datePublished":"2025-11-21T11:09:30+00:00","dateModified":"2025-11-21T11:09:51+00:00","description":"Methamphetamin ist eine synthetische Droge, die aus Amphetamin gewonnen wird, einer nat\u00fcrlich vorkommenden Chemikalie.","breadcrumb":{"@id":"https:\/\/chemgramx.com\/product\/kaufen-sie-niederlaendisches-crystal-meth\/#breadcrumb"},"inLanguage":"de-CH","potentialAction":[{"@type":"ReadAction","target":["https:\/\/chemgramx.com\/product\/kaufen-sie-niederlaendisches-crystal-meth\/"]}]},{"@type":"ImageObject","inLanguage":"de-CH","@id":"https:\/\/chemgramx.com\/product\/kaufen-sie-niederlaendisches-crystal-meth\/#primaryimage","url":"https:\/\/chemgramx.com\/wp-content\/uploads\/2025\/11\/die-synthetische-droge-crystal.webp","contentUrl":"https:\/\/chemgramx.com\/wp-content\/uploads\/2025\/11\/die-synthetische-droge-crystal.webp","width":1240,"height":698},{"@type":"BreadcrumbList","@id":"https:\/\/chemgramx.com\/product\/kaufen-sie-niederlaendisches-crystal-meth\/#breadcrumb","itemListElement":[{"@type":"ListItem","position":1,"name":"Home","item":"https:\/\/chemgramx.com\/"},{"@type":"ListItem","position":2,"name":"Shop","item":"https:\/\/chemgramx.com\/shop\/"},{"@type":"ListItem","position":3,"name":"Kaufen Sie niederl\u00e4ndisches Crystal Meth"}]},{"@type":"WebSite","@id":"https:\/\/chemgramx.com\/#website","url":"https:\/\/chemgramx.com\/","name":"Chemgramx","description":"","publisher":{"@id":"https:\/\/chemgramx.com\/#organization"},"potentialAction":[{"@type":"SearchAction","target":{"@type":"EntryPoint","urlTemplate":"https:\/\/chemgramx.com\/?s={search_term_string}"},"query-input":{"@type":"PropertyValueSpecification","valueRequired":true,"valueName":"search_term_string"}}],"inLanguage":"de-CH"},{"@type":"Organization","@id":"https:\/\/chemgramx.com\/#organization","name":"Chemgramx","url":"https:\/\/chemgramx.com\/","logo":{"@type":"ImageObject","inLanguage":"de-CH","@id":"https:\/\/chemgramx.com\/#\/schema\/logo\/image\/","url":"https:\/\/chemgramx.com\/wp-content\/uploads\/2024\/10\/final-logo.png","contentUrl":"https:\/\/chemgramx.com\/wp-content\/uploads\/2024\/10\/final-logo.png","width":250,"height":48,"caption":"Chemgramx"},"image":{"@id":"https:\/\/chemgramx.com\/#\/schema\/logo\/image\/"}}]}},"_links":{"self":[{"href":"https:\/\/chemgramx.com\/de_ch\/wp-json\/wp\/v2\/product\/6816","targetHints":{"allow":["GET"]}}],"collection":[{"href":"https:\/\/chemgramx.com\/de_ch\/wp-json\/wp\/v2\/product"}],"about":[{"href":"https:\/\/chemgramx.com\/de_ch\/wp-json\/wp\/v2\/types\/product"}],"replies":[{"embeddable":true,"href":"https:\/\/chemgramx.com\/de_ch\/wp-json\/wp\/v2\/comments?post=6816"}],"wp:featuredmedia":[{"embeddable":true,"href":"https:\/\/chemgramx.com\/de_ch\/wp-json\/wp\/v2\/media\/6834"}],"wp:attachment":[{"href":"https:\/\/chemgramx.com\/de_ch\/wp-json\/wp\/v2\/media?parent=6816"}],"wp:term":[{"taxonomy":"product_brand","embeddable":true,"href":"https:\/\/chemgramx.com\/de_ch\/wp-json\/wp\/v2\/product_brand?post=6816"},{"taxonomy":"product_cat","embeddable":true,"href":"https:\/\/chemgramx.com\/de_ch\/wp-json\/wp\/v2\/product_cat?post=6816"},{"taxonomy":"product_tag","embeddable":true,"href":"https:\/\/chemgramx.com\/de_ch\/wp-json\/wp\/v2\/product_tag?post=6816"}],"curies":[{"name":"wp","href":"https:\/\/api.w.org\/{rel}","templated":true}]}}