{"id":7483,"date":"2025-11-21T11:17:30","date_gmt":"2025-11-21T11:17:30","guid":{"rendered":"https:\/\/chemgramx.com\/?post_type=product&#038;p=7483"},"modified":"2025-11-21T11:17:54","modified_gmt":"2025-11-21T11:17:54","slug":"ab-fubinaca-online-kaufen","status":"publish","type":"product","link":"https:\/\/chemgramx.com\/de_ch\/product\/ab-fubinaca-online-kaufen\/","title":{"rendered":"AB-FUBINACA online kaufen"},"content":{"rendered":"<p data-start=\"119\" data-end=\"666\"><strong data-start=\"119\" data-end=\"134\">AB-FUBINACA<\/strong> ist ein fortschrittliches synthetisches Cannabinoid, das speziell f\u00fcr den Einsatz in der wissenschaftlichen Forschung entwickelt wurde. Diese Substanz spielt eine bedeutende Rolle bei der Untersuchung des menschlichen <strong data-start=\"353\" data-end=\"380\">Endocannabinoid-Systems<\/strong>, insbesondere in Bezug auf die CB1- und CB2-Rezeptoren. Durch ihre chemische Struktur und starke Bindungsaffinit\u00e4t bietet AB-FUBINACA Forschern die M\u00f6glichkeit, neue Erkenntnisse \u00fcber die Wirkungsmechanismen und potenziellen therapeutischen Anwendungen von Cannabinoiden zu gewinnen.<\/p>\n<p data-start=\"668\" data-end=\"1068\">Forschungseinrichtungen, die <strong data-start=\"697\" data-end=\"726\">AB-FUBINACA online kaufen<\/strong>, legen gro\u00dfen Wert auf gepr\u00fcfte Qualit\u00e4t und Reinheit. Da auch <em data-start=\"790\" data-end=\"825\">real or fake AB-FUBINACA for sale<\/em> im Umlauf ist, sollten Bestellungen ausschlie\u00dflich \u00fcber vertrauensw\u00fcrdige Anbieter erfolgen. Der <strong data-start=\"923\" data-end=\"963\">bester Ort, um AB-FUBINACA zu kaufen<\/strong>, bietet gepr\u00fcfte Laborqualit\u00e4t, transparente Analysezertifikate (COA) und sicheren, diskreten Versand.<\/p>\n<h2 data-start=\"1075\" data-end=\"1100\">Was ist AB-FUBINACA?<\/h2>\n<p data-start=\"1102\" data-end=\"1357\"><strong data-start=\"1102\" data-end=\"1117\">AB-FUBINACA<\/strong> geh\u00f6rt zur Klasse der Indazol-basierten synthetischen Cannabinoide. Urspr\u00fcnglich wurde die Verbindung im Rahmen pharmakologischer Forschungsprogramme entwickelt, um die Wirkungsweise von Cannabinoiden auf das Nervensystem zu untersuchen.<\/p>\n<p data-start=\"1359\" data-end=\"1719\">Die chemische Struktur von AB-FUBINACA ist darauf ausgelegt, eine besonders starke Bindung an den <strong data-start=\"1457\" data-end=\"1473\">CB1-Rezeptor<\/strong> zu erzeugen, was es zu einer wertvollen Referenzsubstanz f\u00fcr Labore macht. Diese Eigenschaft erm\u00f6glicht Forschern, die Signal\u00fcbertragung und molekularen Mechanismen zu analysieren, die bei der Aktivierung des Endocannabinoid-Systems auftreten.<\/p>\n<p data-start=\"1721\" data-end=\"1907\">Im Gegensatz zu nat\u00fcrlichen Cannabinoiden besitzt AB-FUBINACA eine hohe Stabilit\u00e4t und gleichbleibende chemische Reinheit, was es ideal f\u00fcr reproduzierbare Forschungsbedingungen macht.<\/p>\n<h2 data-start=\"1914\" data-end=\"1942\">Chemische Eigenschaften<\/h2>\n<ul data-start=\"1944\" data-end=\"2329\">\n<li data-start=\"1944\" data-end=\"2048\">\n<p data-start=\"1946\" data-end=\"2048\"><strong data-start=\"1946\" data-end=\"1966\">Chemischer Name:<\/strong> N-(1-Amino-3-methyl-1-oxobutan-2-yl)-1-(4-fluorobenzyl)-1H-indazol-3-carboxamid<\/p>\n<\/li>\n<li data-start=\"2049\" data-end=\"2083\">\n<p data-start=\"2051\" data-end=\"2083\"><strong data-start=\"2051\" data-end=\"2069\">Molek\u00fclformel:<\/strong> C20H21FN4O2<\/p>\n<\/li>\n<li data-start=\"2084\" data-end=\"2121\">\n<p data-start=\"2086\" data-end=\"2121\"><strong data-start=\"2086\" data-end=\"2107\">Molekulargewicht:<\/strong> 368,4 g\/mol<\/p>\n<\/li>\n<li data-start=\"2122\" data-end=\"2176\">\n<p data-start=\"2124\" data-end=\"2176\"><strong data-start=\"2124\" data-end=\"2145\">Erscheinungsform:<\/strong> Wei\u00dfes bis hellgelbes Pulver<\/p>\n<\/li>\n<li data-start=\"2177\" data-end=\"2215\">\n<p data-start=\"2179\" data-end=\"2215\"><strong data-start=\"2179\" data-end=\"2192\">Reinheit:<\/strong> \u226598 % (HPLC-gepr\u00fcft)<\/p>\n<\/li>\n<li data-start=\"2216\" data-end=\"2278\">\n<p data-start=\"2218\" data-end=\"2278\"><strong data-start=\"2218\" data-end=\"2234\">L\u00f6slichkeit:<\/strong> Gut l\u00f6slich in organischen L\u00f6sungsmitteln<\/p>\n<\/li>\n<li data-start=\"2279\" data-end=\"2329\">\n<p data-start=\"2281\" data-end=\"2329\"><strong data-start=\"2281\" data-end=\"2294\">Lagerung:<\/strong> K\u00fchl, trocken und lichtgesch\u00fctzt<\/p>\n<\/li>\n<\/ul>\n<p data-start=\"2331\" data-end=\"2496\">Jede Charge wird in unabh\u00e4ngigen Laboren getestet und mit einem <strong data-start=\"2395\" data-end=\"2428\">Certificate of Analysis (COA)<\/strong> ausgeliefert, das Reinheit, Struktur und Konzentration best\u00e4tigt.<\/p>\n<h2 data-start=\"2503\" data-end=\"2529\">Forschungsanwendungen<\/h2>\n<p data-start=\"2531\" data-end=\"2751\"><strong data-start=\"2531\" data-end=\"2546\">AB-FUBINACA<\/strong> wird ausschlie\u00dflich f\u00fcr Forschungszwecke verwendet und ist <strong data-start=\"2606\" data-end=\"2643\">nicht f\u00fcr den menschlichen Konsum<\/strong> bestimmt. Es dient als Modellsubstanz, um Cannabinoid-Interaktionen auf molekularer Ebene zu untersuchen.<\/p>\n<p data-start=\"2753\" data-end=\"2801\">Hauptanwendungsbereiche in der Forschung sind:<\/p>\n<ul data-start=\"2802\" data-end=\"3152\">\n<li data-start=\"2802\" data-end=\"2893\">\n<p data-start=\"2804\" data-end=\"2893\"><strong data-start=\"2804\" data-end=\"2834\">Pharmakologische Analysen:<\/strong> Untersuchung der Bindungsaffinit\u00e4t an CB1\/CB2-Rezeptoren<\/p>\n<\/li>\n<li data-start=\"2894\" data-end=\"2976\">\n<p data-start=\"2896\" data-end=\"2976\"><strong data-start=\"2896\" data-end=\"2923\">Toxikologische Studien:<\/strong> Analyse der Stoffwechselprodukte und Wirkungsdauer<\/p>\n<\/li>\n<li data-start=\"2977\" data-end=\"3066\">\n<p data-start=\"2979\" data-end=\"3066\"><strong data-start=\"2979\" data-end=\"3001\">Vergleichsstudien:<\/strong> Bewertung im Verh\u00e4ltnis zu anderen synthetischen Cannabinoiden<\/p>\n<\/li>\n<li data-start=\"3067\" data-end=\"3152\">\n<p data-start=\"3069\" data-end=\"3152\"><strong data-start=\"3069\" data-end=\"3107\">Entwicklung von Nachweisverfahren:<\/strong> Standardisierung analytischer Testmethoden<\/p>\n<\/li>\n<\/ul>\n<p data-start=\"3154\" data-end=\"3298\">Durch seine Stabilit\u00e4t und Reinheit eignet sich AB-FUBINACA ideal f\u00fcr kontrollierte Laborexperimente und reproduzierbare Forschungsergebnisse.<\/p>\n<h2 data-start=\"3305\" data-end=\"3343\">Sicherheits- und Nutzungshinweise<\/h2>\n<p data-start=\"3345\" data-end=\"3601\">AB-FUBINACA darf ausschlie\u00dflich in zertifizierten Laborumgebungen und von qualifiziertem Fachpersonal verwendet werden. Die Substanz f\u00e4llt unter die Kategorie <strong data-start=\"3504\" data-end=\"3535\">\u201cnot for human consumption\u201d<\/strong> und ist nur f\u00fcr analytische und experimentelle Zwecke bestimmt.<\/p>\n<p data-start=\"3603\" data-end=\"3662\">F\u00fcr die Handhabung gelten strikte Sicherheitsrichtlinien:<\/p>\n<ul data-start=\"3663\" data-end=\"3888\">\n<li data-start=\"3663\" data-end=\"3747\">\n<p data-start=\"3665\" data-end=\"3747\">Verwendung pers\u00f6nlicher Schutzausr\u00fcstung (Laborkittel, Handschuhe, Schutzbrille)<\/p>\n<\/li>\n<li data-start=\"3748\" data-end=\"3789\">\n<p data-start=\"3750\" data-end=\"3789\">Arbeiten unter einem Chemikalienabzug<\/p>\n<\/li>\n<li data-start=\"3790\" data-end=\"3842\">\n<p data-start=\"3792\" data-end=\"3842\">Aufbewahrung in luftdichten Beh\u00e4ltern bei 2\u20138 \u00b0C<\/p>\n<\/li>\n<li data-start=\"3843\" data-end=\"3888\">\n<p data-start=\"3845\" data-end=\"3888\">Dokumentation s\u00e4mtlicher Laboraktivit\u00e4ten<\/p>\n<\/li>\n<\/ul>\n<p data-start=\"3890\" data-end=\"3992\">Diese Richtlinien gew\u00e4hrleisten Sicherheit und verhindern Kontamination oder chemische Instabilit\u00e4t.<\/p>\n<h2 data-start=\"3999\" data-end=\"4045\">Vorteile beim Online-Kauf von AB-FUBINACA<\/h2>\n<p data-start=\"4047\" data-end=\"4194\">Forschungseinrichtungen, die <strong data-start=\"4076\" data-end=\"4105\">AB-FUBINACA online kaufen<\/strong>, profitieren von gepr\u00fcfter Qualit\u00e4t, fairer Preisgestaltung und zuverl\u00e4ssigem Versand.<\/p>\n<h3 data-start=\"4196\" data-end=\"4226\">Die wichtigsten Vorteile<\/h3>\n<ul data-start=\"4227\" data-end=\"4585\">\n<li data-start=\"4227\" data-end=\"4301\">\n<p data-start=\"4229\" data-end=\"4301\"><strong data-start=\"4229\" data-end=\"4259\">Synthetisches Cannabinoid:<\/strong> Entwickelt f\u00fcr pr\u00e4zise Forschungszwecke<\/p>\n<\/li>\n<li data-start=\"4302\" data-end=\"4363\">\n<p data-start=\"4304\" data-end=\"4363\"><strong data-start=\"4304\" data-end=\"4331\">Gepr\u00fcfte Laborqualit\u00e4t:<\/strong> Reinheit \u226598 %, COA verf\u00fcgbar<\/p>\n<\/li>\n<li data-start=\"4364\" data-end=\"4441\">\n<p data-start=\"4366\" data-end=\"4441\"><strong data-start=\"4366\" data-end=\"4391\">AB-FUBINACA for sale:<\/strong> Verf\u00fcgbar f\u00fcr registrierte Labore und Institute<\/p>\n<\/li>\n<li data-start=\"4442\" data-end=\"4513\">\n<p data-start=\"4444\" data-end=\"4513\"><strong data-start=\"4444\" data-end=\"4468\">Transparenter Preis:<\/strong> Klare <a href=\"\/product\/columbia-kokainblocke\/\">Kostenstruktur<\/a> f\u00fcr Forschungsbudgets<\/p>\n<\/li>\n<li data-start=\"4514\" data-end=\"4585\">\n<p data-start=\"4516\" data-end=\"4585\"><strong data-start=\"4516\" data-end=\"4537\">Sicherer Versand:<\/strong> Neutral verpackt, diskret und nachvollziehbar<\/p>\n<\/li>\n<\/ul>\n<p data-start=\"4587\" data-end=\"4728\">Der <strong data-start=\"4591\" data-end=\"4631\">bester Ort, um AB-FUBINACA zu kaufen<\/strong>, bietet Laborqualit\u00e4t mit Nachweis, internationale Lieferung und transparente Preisgestaltung.<\/p>\n<h2 data-start=\"4735\" data-end=\"4763\">Preis und Verf\u00fcgbarkeit<\/h2>\n<p data-start=\"4765\" data-end=\"5006\">Der <strong data-start=\"4769\" data-end=\"4790\">AB-FUBINACA Preis<\/strong> h\u00e4ngt von Menge, Reinheit und Anbieter ab. Forschungseinrichtungen k\u00f6nnen <strong data-start=\"4865\" data-end=\"4902\">AB-<a href=\"\/product\/reines-unverschnittenes-kokain\/\">FUBINACA<\/a> g\u00fcnstig online kaufen<\/strong>, wenn sie gr\u00f6\u00dfere Bestellungen aufgeben oder Rahmenvertr\u00e4ge mit zertifizierten Lieferanten schlie\u00dfen.<\/p>\n<p data-start=\"5008\" data-end=\"5234\">Die meisten Anbieter liefern innerhalb von <strong data-start=\"5051\" data-end=\"5068\">1\u20133 Werktagen<\/strong>, auf Wunsch auch per <strong data-start=\"5090\" data-end=\"5114\">Expressversand (24h)<\/strong>. Lieferung ist nach Deutschland, \u00d6sterreich und in die Schweiz problemlos m\u00f6glich \u2013 stets anonym und sicher verpackt.<\/p>\n<h2 data-start=\"5241\" data-end=\"5265\">Rechtliche Hinweise<\/h2>\n<p data-start=\"5267\" data-end=\"5541\">Die rechtliche Einstufung von <strong data-start=\"5297\" data-end=\"5312\">AB-FUBINACA<\/strong> unterscheidet sich von Land zu Land. In Deutschland f\u00e4llt es unter das <strong data-start=\"5384\" data-end=\"5426\">Neue-psychoaktive-Stoffe-Gesetz (NpSG)<\/strong> und ist daher ausschlie\u00dflich f\u00fcr Forschung zugelassen. \u00c4hnliche Regelungen gelten in \u00d6sterreich und der Schweiz.<\/p>\n<p data-start=\"5543\" data-end=\"5668\">K\u00e4ufer sind verpflichtet, vor dem Erwerb zu pr\u00fcfen, ob die Bestellung in ihrem Land legal f\u00fcr Forschungszwecke erlaubt ist.<\/p>\n<h3 data-start=\"2248\" data-end=\"2258\">Fazit<\/h3>\n<p data-start=\"2260\" data-end=\"2672\">Wenn Sie AB-FUBINACA online kaufen m\u00f6chten, pr\u00fcfen Sie genau, where to buy AB-FUBINACA und vergleichen Sie den AB-FUBINACA price seri\u00f6ser Anbieter. Nur ein erfahrener H\u00e4ndler, der gepr\u00fcfte Qualit\u00e4t liefert, ist der bester Ort, um AB-FUBINACA zu kaufen. So sichern Sie sich hochwertige Produkte f\u00fcr Ihre Forschung \u2013 ob Sie AB-FUBINACA g\u00fcnstig online kaufen oder gr\u00f6\u00dfere Mengen f\u00fcr Labore bestellen m\u00f6chten.<\/p>","protected":false},"excerpt":{"rendered":"<p><strong>ADB-Chminaca<\/strong> ist ein synthetisches Cannabinoid, das in der wissenschaftlichen Forschung eingesetzt wird, um die Wechselwirkungen mit den Cannabinoid-Rezeptoren des menschlichen K\u00f6rpers zu verstehen. Es wird ausschlie\u00dflich zu Forschungszwecken angeboten und ist nicht f\u00fcr den menschlichen Konsum geeignet. Nutzen Sie es f\u00fcr Ihre Studien zur Cannabinoid-Wirkung.<\/p>","protected":false},"featured_media":7513,"comment_status":"open","ping_status":"closed","template":"","meta":{"_joinchat":[]},"product_brand":[],"product_cat":[1805],"product_tag":[2002,2008,2003,2006,2007,2005,2004,188,1814,333],"class_list":{"0":"post-7483","1":"product","2":"type-product","3":"status-publish","4":"has-post-thumbnail","6":"product_cat-indazol-basiert","7":"product_tag-ab-fubinaca","8":"product_tag-ab-fubinaca-chemikalien","9":"product_tag-ab-fubinaca-kaufen","10":"product_tag-ab-fubinaca-kristalle","11":"product_tag-ab-fubinaca-online","12":"product_tag-ab-fubinaca-pulver","13":"product_tag-ab-fubinaca-zum-verkauf","14":"product_tag-forschungschemikalien","15":"product_tag-forschungsstoffe-kaufen","16":"product_tag-synthetische-cannabinoide","18":"first","19":"instock","20":"shipping-taxable","21":"purchasable","22":"product-type-variable"},"yoast_head":"<!-- This site is optimized with the Yoast SEO plugin v27.5 - https:\/\/yoast.com\/product\/yoast-seo-wordpress\/ -->\n<title>AB-FUBINACA online Kaufen \u2013 AB-FUBINACA zu verkaufen<\/title>\n<meta name=\"description\" content=\"Wenn Sie Ab-Fubinaca online kaufen m\u00f6chten, kann Ihnen unser Chemgramx-Shop helfen. Wir haben hier Ab-Fubinaca zu den besten Preisen im Angebot. Bestellen Sie jetzt!\" \/>\n<meta name=\"robots\" content=\"index, follow, max-snippet:-1, max-image-preview:large, max-video-preview:-1\" \/>\n<link rel=\"canonical\" href=\"https:\/\/chemgramx.com\/de_ch\/produkt-2\/ab-fubinaca-online-kaufen\/\" \/>\n<meta property=\"og:locale\" content=\"de_DE\" \/>\n<meta property=\"og:type\" content=\"article\" \/>\n<meta property=\"og:title\" content=\"AB-FUBINACA online Kaufen \u2013 AB-FUBINACA zu verkaufen\" \/>\n<meta property=\"og:description\" content=\"Wenn Sie Ab-Fubinaca online kaufen m\u00f6chten, kann Ihnen unser Chemgramx-Shop helfen. Wir haben hier Ab-Fubinaca zu den besten Preisen im Angebot. Bestellen Sie jetzt!\" \/>\n<meta property=\"og:url\" content=\"https:\/\/chemgramx.com\/de_ch\/produkt-2\/ab-fubinaca-online-kaufen\/\" \/>\n<meta property=\"og:site_name\" content=\"Chemgramx\" \/>\n<meta property=\"article:modified_time\" content=\"2025-11-21T11:17:54+00:00\" \/>\n<meta property=\"og:image\" content=\"https:\/\/chemgramx.com\/wp-content\/uploads\/2025\/11\/ab-1.png\" \/>\n\t<meta property=\"og:image:width\" content=\"600\" \/>\n\t<meta property=\"og:image:height\" content=\"400\" \/>\n\t<meta property=\"og:image:type\" content=\"image\/png\" \/>\n<meta name=\"twitter:card\" content=\"summary_large_image\" \/>\n<meta name=\"twitter:label1\" content=\"Gesch\u00e4tzte Lesezeit\" \/>\n\t<meta name=\"twitter:data1\" content=\"4\u00a0Minuten\" \/>\n<script type=\"application\/ld+json\" class=\"yoast-schema-graph\">{\"@context\":\"https:\\\/\\\/schema.org\",\"@graph\":[{\"@type\":\"WebPage\",\"@id\":\"https:\\\/\\\/chemgramx.com\\\/product\\\/ab-fubinaca-online-kaufen\\\/\",\"url\":\"https:\\\/\\\/chemgramx.com\\\/product\\\/ab-fubinaca-online-kaufen\\\/\",\"name\":\"AB-FUBINACA online Kaufen \u2013 AB-FUBINACA zu verkaufen\",\"isPartOf\":{\"@id\":\"https:\\\/\\\/chemgramx.com\\\/#website\"},\"primaryImageOfPage\":{\"@id\":\"https:\\\/\\\/chemgramx.com\\\/product\\\/ab-fubinaca-online-kaufen\\\/#primaryimage\"},\"image\":{\"@id\":\"https:\\\/\\\/chemgramx.com\\\/product\\\/ab-fubinaca-online-kaufen\\\/#primaryimage\"},\"thumbnailUrl\":\"https:\\\/\\\/chemgramx.com\\\/wp-content\\\/uploads\\\/2025\\\/11\\\/ab-1.png\",\"datePublished\":\"2025-11-21T11:17:30+00:00\",\"dateModified\":\"2025-11-21T11:17:54+00:00\",\"description\":\"Wenn Sie Ab-Fubinaca online kaufen m\u00f6chten, kann Ihnen unser Chemgramx-Shop helfen. Wir haben hier Ab-Fubinaca zu den besten Preisen im Angebot. Bestellen Sie jetzt!\",\"breadcrumb\":{\"@id\":\"https:\\\/\\\/chemgramx.com\\\/product\\\/ab-fubinaca-online-kaufen\\\/#breadcrumb\"},\"inLanguage\":\"de-CH\",\"potentialAction\":[{\"@type\":\"ReadAction\",\"target\":[\"https:\\\/\\\/chemgramx.com\\\/product\\\/ab-fubinaca-online-kaufen\\\/\"]}]},{\"@type\":\"ImageObject\",\"inLanguage\":\"de-CH\",\"@id\":\"https:\\\/\\\/chemgramx.com\\\/product\\\/ab-fubinaca-online-kaufen\\\/#primaryimage\",\"url\":\"https:\\\/\\\/chemgramx.com\\\/wp-content\\\/uploads\\\/2025\\\/11\\\/ab-1.png\",\"contentUrl\":\"https:\\\/\\\/chemgramx.com\\\/wp-content\\\/uploads\\\/2025\\\/11\\\/ab-1.png\",\"width\":600,\"height\":400},{\"@type\":\"BreadcrumbList\",\"@id\":\"https:\\\/\\\/chemgramx.com\\\/product\\\/ab-fubinaca-online-kaufen\\\/#breadcrumb\",\"itemListElement\":[{\"@type\":\"ListItem\",\"position\":1,\"name\":\"Home\",\"item\":\"https:\\\/\\\/chemgramx.com\\\/\"},{\"@type\":\"ListItem\",\"position\":2,\"name\":\"Shop\",\"item\":\"https:\\\/\\\/chemgramx.com\\\/shop\\\/\"},{\"@type\":\"ListItem\",\"position\":3,\"name\":\"AB-FUBINACA online kaufen\"}]},{\"@type\":\"WebSite\",\"@id\":\"https:\\\/\\\/chemgramx.com\\\/#website\",\"url\":\"https:\\\/\\\/chemgramx.com\\\/\",\"name\":\"Chemgramx\",\"description\":\"\",\"publisher\":{\"@id\":\"https:\\\/\\\/chemgramx.com\\\/#organization\"},\"potentialAction\":[{\"@type\":\"SearchAction\",\"target\":{\"@type\":\"EntryPoint\",\"urlTemplate\":\"https:\\\/\\\/chemgramx.com\\\/?s={search_term_string}\"},\"query-input\":{\"@type\":\"PropertyValueSpecification\",\"valueRequired\":true,\"valueName\":\"search_term_string\"}}],\"inLanguage\":\"de-CH\"},{\"@type\":\"Organization\",\"@id\":\"https:\\\/\\\/chemgramx.com\\\/#organization\",\"name\":\"Chemgramx\",\"url\":\"https:\\\/\\\/chemgramx.com\\\/\",\"logo\":{\"@type\":\"ImageObject\",\"inLanguage\":\"de-CH\",\"@id\":\"https:\\\/\\\/chemgramx.com\\\/#\\\/schema\\\/logo\\\/image\\\/\",\"url\":\"https:\\\/\\\/chemgramx.com\\\/wp-content\\\/uploads\\\/2024\\\/10\\\/final-logo.png\",\"contentUrl\":\"https:\\\/\\\/chemgramx.com\\\/wp-content\\\/uploads\\\/2024\\\/10\\\/final-logo.png\",\"width\":250,\"height\":48,\"caption\":\"Chemgramx\"},\"image\":{\"@id\":\"https:\\\/\\\/chemgramx.com\\\/#\\\/schema\\\/logo\\\/image\\\/\"}}]}<\/script>\n<!-- \/ Yoast SEO plugin. -->","yoast_head_json":{"title":"AB-FUBINACA online Kaufen \u2013 AB-FUBINACA zu verkaufen","description":"Wenn Sie Ab-Fubinaca online kaufen m\u00f6chten, kann Ihnen unser Chemgramx-Shop helfen. Wir haben hier Ab-Fubinaca zu den besten Preisen im Angebot. Bestellen Sie jetzt!","robots":{"index":"index","follow":"follow","max-snippet":"max-snippet:-1","max-image-preview":"max-image-preview:large","max-video-preview":"max-video-preview:-1"},"canonical":"https:\/\/chemgramx.com\/de_ch\/produkt-2\/ab-fubinaca-online-kaufen\/","og_locale":"de_DE","og_type":"article","og_title":"AB-FUBINACA online Kaufen \u2013 AB-FUBINACA zu verkaufen","og_description":"Wenn Sie Ab-Fubinaca online kaufen m\u00f6chten, kann Ihnen unser Chemgramx-Shop helfen. Wir haben hier Ab-Fubinaca zu den besten Preisen im Angebot. Bestellen Sie jetzt!","og_url":"https:\/\/chemgramx.com\/de_ch\/produkt-2\/ab-fubinaca-online-kaufen\/","og_site_name":"Chemgramx","article_modified_time":"2025-11-21T11:17:54+00:00","og_image":[{"width":600,"height":400,"url":"https:\/\/chemgramx.com\/wp-content\/uploads\/2025\/11\/ab-1.png","type":"image\/png"}],"twitter_card":"summary_large_image","twitter_misc":{"Gesch\u00e4tzte Lesezeit":"4\u00a0Minuten"},"schema":{"@context":"https:\/\/schema.org","@graph":[{"@type":"WebPage","@id":"https:\/\/chemgramx.com\/product\/ab-fubinaca-online-kaufen\/","url":"https:\/\/chemgramx.com\/product\/ab-fubinaca-online-kaufen\/","name":"AB-FUBINACA online Kaufen \u2013 AB-FUBINACA zu verkaufen","isPartOf":{"@id":"https:\/\/chemgramx.com\/#website"},"primaryImageOfPage":{"@id":"https:\/\/chemgramx.com\/product\/ab-fubinaca-online-kaufen\/#primaryimage"},"image":{"@id":"https:\/\/chemgramx.com\/product\/ab-fubinaca-online-kaufen\/#primaryimage"},"thumbnailUrl":"https:\/\/chemgramx.com\/wp-content\/uploads\/2025\/11\/ab-1.png","datePublished":"2025-11-21T11:17:30+00:00","dateModified":"2025-11-21T11:17:54+00:00","description":"Wenn Sie Ab-Fubinaca online kaufen m\u00f6chten, kann Ihnen unser Chemgramx-Shop helfen. Wir haben hier Ab-Fubinaca zu den besten Preisen im Angebot. Bestellen Sie jetzt!","breadcrumb":{"@id":"https:\/\/chemgramx.com\/product\/ab-fubinaca-online-kaufen\/#breadcrumb"},"inLanguage":"de-CH","potentialAction":[{"@type":"ReadAction","target":["https:\/\/chemgramx.com\/product\/ab-fubinaca-online-kaufen\/"]}]},{"@type":"ImageObject","inLanguage":"de-CH","@id":"https:\/\/chemgramx.com\/product\/ab-fubinaca-online-kaufen\/#primaryimage","url":"https:\/\/chemgramx.com\/wp-content\/uploads\/2025\/11\/ab-1.png","contentUrl":"https:\/\/chemgramx.com\/wp-content\/uploads\/2025\/11\/ab-1.png","width":600,"height":400},{"@type":"BreadcrumbList","@id":"https:\/\/chemgramx.com\/product\/ab-fubinaca-online-kaufen\/#breadcrumb","itemListElement":[{"@type":"ListItem","position":1,"name":"Home","item":"https:\/\/chemgramx.com\/"},{"@type":"ListItem","position":2,"name":"Shop","item":"https:\/\/chemgramx.com\/shop\/"},{"@type":"ListItem","position":3,"name":"AB-FUBINACA online kaufen"}]},{"@type":"WebSite","@id":"https:\/\/chemgramx.com\/#website","url":"https:\/\/chemgramx.com\/","name":"Chemgramx","description":"","publisher":{"@id":"https:\/\/chemgramx.com\/#organization"},"potentialAction":[{"@type":"SearchAction","target":{"@type":"EntryPoint","urlTemplate":"https:\/\/chemgramx.com\/?s={search_term_string}"},"query-input":{"@type":"PropertyValueSpecification","valueRequired":true,"valueName":"search_term_string"}}],"inLanguage":"de-CH"},{"@type":"Organization","@id":"https:\/\/chemgramx.com\/#organization","name":"Chemgramx","url":"https:\/\/chemgramx.com\/","logo":{"@type":"ImageObject","inLanguage":"de-CH","@id":"https:\/\/chemgramx.com\/#\/schema\/logo\/image\/","url":"https:\/\/chemgramx.com\/wp-content\/uploads\/2024\/10\/final-logo.png","contentUrl":"https:\/\/chemgramx.com\/wp-content\/uploads\/2024\/10\/final-logo.png","width":250,"height":48,"caption":"Chemgramx"},"image":{"@id":"https:\/\/chemgramx.com\/#\/schema\/logo\/image\/"}}]}},"_links":{"self":[{"href":"https:\/\/chemgramx.com\/de_ch\/wp-json\/wp\/v2\/product\/7483","targetHints":{"allow":["GET"]}}],"collection":[{"href":"https:\/\/chemgramx.com\/de_ch\/wp-json\/wp\/v2\/product"}],"about":[{"href":"https:\/\/chemgramx.com\/de_ch\/wp-json\/wp\/v2\/types\/product"}],"replies":[{"embeddable":true,"href":"https:\/\/chemgramx.com\/de_ch\/wp-json\/wp\/v2\/comments?post=7483"}],"wp:featuredmedia":[{"embeddable":true,"href":"https:\/\/chemgramx.com\/de_ch\/wp-json\/wp\/v2\/media\/7513"}],"wp:attachment":[{"href":"https:\/\/chemgramx.com\/de_ch\/wp-json\/wp\/v2\/media?parent=7483"}],"wp:term":[{"taxonomy":"product_brand","embeddable":true,"href":"https:\/\/chemgramx.com\/de_ch\/wp-json\/wp\/v2\/product_brand?post=7483"},{"taxonomy":"product_cat","embeddable":true,"href":"https:\/\/chemgramx.com\/de_ch\/wp-json\/wp\/v2\/product_cat?post=7483"},{"taxonomy":"product_tag","embeddable":true,"href":"https:\/\/chemgramx.com\/de_ch\/wp-json\/wp\/v2\/product_tag?post=7483"}],"curies":[{"name":"wp","href":"https:\/\/api.w.org\/{rel}","templated":true}]}}