{"id":7485,"date":"2025-11-21T11:17:30","date_gmt":"2025-11-21T11:17:30","guid":{"rendered":"https:\/\/chemgramx.com\/?post_type=product&#038;p=7485"},"modified":"2025-11-21T11:18:24","modified_gmt":"2025-11-21T11:18:24","slug":"px-1-online-kaufen","status":"publish","type":"product","link":"https:\/\/chemgramx.com\/de_ch\/product\/px-1-online-kaufen\/","title":{"rendered":"PX-1 online kaufen"},"content":{"rendered":"<p data-start=\"110\" data-end=\"466\"><strong data-start=\"110\" data-end=\"118\">PX-1<\/strong> ist ein fortschrittliches synthetisches Produkt, das speziell f\u00fcr den Einsatz in wissenschaftlichen Studien entwickelt wurde. Es wird in Forschungsprojekten verwendet, die sich auf das <strong data-start=\"304\" data-end=\"330\">Endocannabinoid-System<\/strong> und dessen Rolle bei physiologischen Prozessen wie Schmerzregulierung, Entz\u00fcndungshemmung und neuronaler Kommunikation konzentrieren.<\/p>\n<p data-start=\"468\" data-end=\"982\">Immer mehr Forschungseinrichtungen informieren sich \u00fcber verl\u00e4ssliche Bezugsquellen, um <strong data-start=\"556\" data-end=\"578\">PX-1 online kaufen<\/strong> zu k\u00f6nnen. Da auch <em data-start=\"598\" data-end=\"626\">real or fake PX-1 for sale<\/em> auf dem Markt auftauchen kann, ist die Wahl einer seri\u00f6sen Quelle entscheidend. Wissenschaftler, die <strong data-start=\"728\" data-end=\"747\">buy PX-1 online<\/strong>, achten vor allem auf gepr\u00fcfte Laborqualit\u00e4t, Reinheit und transparente Preisgestaltung. Der <strong data-start=\"841\" data-end=\"874\">bester Ort, um PX-1 zu kaufen<\/strong>, bietet zertifizierte Substanzen, die den hohen Anforderungen der modernen Laborforschung gerecht werden.<\/p>\n<h2 data-start=\"989\" data-end=\"1007\">Was ist PX-1?<\/h2>\n<p data-start=\"1009\" data-end=\"1401\"><strong data-start=\"1009\" data-end=\"1017\">PX-1<\/strong> (auch bekannt als <em data-start=\"1036\" data-end=\"1058\">5F-ADB-PINACA analog<\/em>) geh\u00f6rt zur Klasse der synthetischen Cannabinoide, die entwickelt wurden, um das Verhalten von Cannabinoid-Rezeptoren im menschlichen K\u00f6rper zu untersuchen. Die Substanz agiert als starker <strong data-start=\"1248\" data-end=\"1281\">CB1- und CB2-Rezeptor-Agonist<\/strong> und erm\u00f6glicht Forschern, die Signal\u00fcbertragung und molekularen Mechanismen im Endocannabinoid-System zu analysieren.<\/p>\n<p data-start=\"1403\" data-end=\"1691\">Im Gegensatz zu nat\u00fcrlichen Cannabinoiden bietet PX-1 eine pr\u00e4zise definierte chemische Struktur, die gleichbleibende Ergebnisse in kontrollierten Laborumgebungen sicherstellt. Dadurch eignet es sich hervorragend f\u00fcr reproduzierbare wissenschaftliche Studien und pharmakologische Tests.<\/p>\n<h2 data-start=\"1698\" data-end=\"1726\">Chemische Eigenschaften<\/h2>\n<ul data-start=\"1728\" data-end=\"2127\">\n<li data-start=\"1728\" data-end=\"1836\">\n<p data-start=\"1730\" data-end=\"1836\"><strong data-start=\"1730\" data-end=\"1750\">Chemischer Name:<\/strong> N-(1-Amino-3,3-dimethyl-1-oxobutan-2-yl)-1-(5-fluoropentyl)-1H-indazol-3-carboxamid<\/p>\n<\/li>\n<li data-start=\"1837\" data-end=\"1871\">\n<p data-start=\"1839\" data-end=\"1871\"><strong data-start=\"1839\" data-end=\"1857\">Molek\u00fclformel:<\/strong> C22H30FN3O3<\/p>\n<\/li>\n<li data-start=\"1872\" data-end=\"1909\">\n<p data-start=\"1874\" data-end=\"1909\"><strong data-start=\"1874\" data-end=\"1895\">Molekulargewicht:<\/strong> 403,5 g\/mol<\/p>\n<\/li>\n<li data-start=\"1910\" data-end=\"1965\">\n<p data-start=\"1912\" data-end=\"1965\"><strong data-start=\"1912\" data-end=\"1921\">Form:<\/strong> Wei\u00dfes bis hellgelbes kristallines Pulver<\/p>\n<\/li>\n<li data-start=\"1966\" data-end=\"2004\">\n<p data-start=\"1968\" data-end=\"2004\"><strong data-start=\"1968\" data-end=\"1981\">Reinheit:<\/strong> \u226598 % (HPLC-gepr\u00fcft)<\/p>\n<\/li>\n<li data-start=\"2005\" data-end=\"2067\">\n<p data-start=\"2007\" data-end=\"2067\"><strong data-start=\"2007\" data-end=\"2023\">L\u00f6slichkeit:<\/strong> Gut l\u00f6slich in Ethanol, Methanol und DMSO<\/p>\n<\/li>\n<li data-start=\"2068\" data-end=\"2127\">\n<p data-start=\"2070\" data-end=\"2127\"><strong data-start=\"2070\" data-end=\"2083\">Lagerung:<\/strong> K\u00fchl (2\u20138 \u00b0C), trocken und lichtgesch\u00fctzt<\/p>\n<\/li>\n<\/ul>\n<p data-start=\"2129\" data-end=\"2298\">Jede Charge von PX-1 wird im Labor <a href=\"\/product\/duty-free-hash-kaufen\/\">gepr\u00fcft<\/a> und mit einem <strong data-start=\"2186\" data-end=\"2219\">Certificate of Analysis (COA)<\/strong> ausgeliefert, um Reinheit, Identit\u00e4t und chemische Stabilit\u00e4t zu best\u00e4tigen.<\/p>\n<h2 data-start=\"2305\" data-end=\"2331\">Forschungsanwendungen<\/h2>\n<p data-start=\"2333\" data-end=\"2539\"><strong data-start=\"2333\" data-end=\"2341\">PX-1<\/strong> wird ausschlie\u00dflich f\u00fcr Forschungszwecke verwendet und ist <strong data-start=\"2401\" data-end=\"2438\">nicht f\u00fcr den menschlichen Konsum<\/strong> bestimmt. Es dient als wertvolles Instrument in der biochemischen und pharmakologischen Forschung.<\/p>\n<p data-start=\"2541\" data-end=\"2581\">Zu den Hauptanwendungsgebieten z\u00e4hlen:<\/p>\n<ul data-start=\"2583\" data-end=\"3030\">\n<li data-start=\"2583\" data-end=\"2673\">\n<p data-start=\"2585\" data-end=\"2673\"><strong data-start=\"2585\" data-end=\"2614\">Pharmakologische Studien:<\/strong> <a href=\"\/product\/kokain-volkswagen-90-rein\/\">Untersuchung<\/a> der Aktivierung von CB1- und CB2-Rezeptoren<\/p>\n<\/li>\n<li data-start=\"2674\" data-end=\"2746\">\n<p data-start=\"2676\" data-end=\"2746\"><strong data-start=\"2676\" data-end=\"2705\">Neurochemische Forschung:<\/strong> Analyse der Signalwege im Nervensystem<\/p>\n<\/li>\n<li data-start=\"2747\" data-end=\"2821\">\n<p data-start=\"2749\" data-end=\"2821\"><strong data-start=\"2749\" data-end=\"2774\">Toxikologische Tests:<\/strong> Bewertung von Metaboliten und Abbauprodukten<\/p>\n<\/li>\n<li data-start=\"2822\" data-end=\"2922\">\n<p data-start=\"2824\" data-end=\"2922\"><strong data-start=\"2824\" data-end=\"2845\">Referenzanalysen:<\/strong> Entwicklung analytischer Methoden zur Erkennung synthetischer Cannabinoide<\/p>\n<\/li>\n<li data-start=\"2923\" data-end=\"3030\">\n<p data-start=\"2925\" data-end=\"3030\"><strong data-start=\"2925\" data-end=\"2947\">Vergleichsstudien:<\/strong> Gegen\u00fcberstellung von PX-1 mit verwandten Substanzen wie 5F-ADB oder AB-FUBINACA<\/p>\n<\/li>\n<\/ul>\n<p data-start=\"3032\" data-end=\"3211\">Durch diese Anwendungen tr\u00e4gt PX-1 dazu bei, das Verst\u00e4ndnis \u00fcber die molekulare Wirkung von Cannabinoiden zu erweitern und potenzielle therapeutische Ans\u00e4tze zu identifizieren.<\/p>\n<h2 data-start=\"3218\" data-end=\"3256\">Sicherheits- und Nutzungshinweise<\/h2>\n<p data-start=\"3258\" data-end=\"3484\"><strong data-start=\"3258\" data-end=\"3266\">PX-1<\/strong> darf ausschlie\u00dflich von geschultem Fachpersonal in zugelassenen Forschungseinrichtungen verwendet werden. Es ist <strong data-start=\"3380\" data-end=\"3409\">not for human consumption<\/strong> und ausschlie\u00dflich f\u00fcr analytische und experimentelle Zwecke vorgesehen.<\/p>\n<p data-start=\"3486\" data-end=\"3570\">Bei der Handhabung m\u00fcssen die geltenden Sicherheitsrichtlinien eingehalten werden:<\/p>\n<ul data-start=\"3571\" data-end=\"3832\">\n<li data-start=\"3571\" data-end=\"3646\">\n<p data-start=\"3573\" data-end=\"3646\">Verwendung von Schutzausr\u00fcstung (Laborkittel, Handschuhe, Schutzbrille)<\/p>\n<\/li>\n<li data-start=\"3647\" data-end=\"3719\">\n<p data-start=\"3649\" data-end=\"3719\">Arbeit in gut bel\u00fcfteten Bereichen oder unter einem Chemikalienabzug<\/p>\n<\/li>\n<li data-start=\"3720\" data-end=\"3772\">\n<p data-start=\"3722\" data-end=\"3772\">Lagerung in luftdichten, beschrifteten Beh\u00e4ltern<\/p>\n<\/li>\n<li data-start=\"3773\" data-end=\"3832\">\n<p data-start=\"3775\" data-end=\"3832\">Entsorgung gem\u00e4\u00df den chemischen Sicherheitsvorschriften<\/p>\n<\/li>\n<\/ul>\n<p data-start=\"3834\" data-end=\"3953\">Diese Vorsichtsma\u00dfnahmen gew\u00e4hrleisten die Sicherheit des Laborpersonals und die Integrit\u00e4t der Forschungsergebnisse.<\/p>\n<h2 data-start=\"3960\" data-end=\"3999\">Vorteile beim Online-Kauf von PX-1<\/h2>\n<p data-start=\"4001\" data-end=\"4122\">Forscher, die <strong data-start=\"4015\" data-end=\"4037\">PX-1 online kaufen<\/strong>, profitieren von gepr\u00fcfter Qualit\u00e4t, diskreter Lieferung und klarer Preisstruktur.<\/p>\n<h3 data-start=\"4124\" data-end=\"4156\">Hauptmerkmale und Vorteile<\/h3>\n<ul data-start=\"4157\" data-end=\"4609\">\n<li data-start=\"4157\" data-end=\"4263\">\n<p data-start=\"4159\" data-end=\"4263\"><strong data-start=\"4159\" data-end=\"4185\">Synthetisches Produkt:<\/strong> Entwickelt f\u00fcr wissenschaftliche Untersuchungen des Endocannabinoid-Systems<\/p>\n<\/li>\n<li data-start=\"4264\" data-end=\"4362\">\n<p data-start=\"4266\" data-end=\"4362\"><strong data-start=\"4266\" data-end=\"4298\">Wissenschaftliche Forschung:<\/strong> Unterst\u00fctzt Analysen potenzieller therapeutischer Anwendungen<\/p>\n<\/li>\n<li data-start=\"4363\" data-end=\"4447\">\n<p data-start=\"4365\" data-end=\"4447\"><strong data-start=\"4365\" data-end=\"4393\">Exklusive Verf\u00fcgbarkeit:<\/strong> Nur zertifizierte Anbieter f\u00fchren <strong data-start=\"4428\" data-end=\"4445\">PX-1 for sale<\/strong><\/p>\n<\/li>\n<li data-start=\"4448\" data-end=\"4530\">\n<p data-start=\"4450\" data-end=\"4530\"><strong data-start=\"4450\" data-end=\"4474\">Transparenter Preis:<\/strong> Klar definierter <strong data-start=\"4492\" data-end=\"4506\">PX-1 Preis<\/strong> f\u00fcr Forschungsbudgets<\/p>\n<\/li>\n<li data-start=\"4531\" data-end=\"4609\">\n<p data-start=\"4533\" data-end=\"4609\"><strong data-start=\"4533\" data-end=\"4555\">Diskreter Versand:<\/strong> Neutral verpackt, sicher und mit Sendungsverfolgung<\/p>\n<\/li>\n<\/ul>\n<p data-start=\"4611\" data-end=\"4808\">Der <strong data-start=\"4615\" data-end=\"4648\">bester Ort, um PX-1 zu kaufen<\/strong>, bietet gepr\u00fcfte Laborqualit\u00e4t, ISO-zertifizierte Produktion und einen Service, der auf die Anforderungen wissenschaftlicher Einrichtungen zugeschnitten ist.<\/p>\n<h2 data-start=\"4815\" data-end=\"4843\">Preis und Verf\u00fcgbarkeit<\/h2>\n<p data-start=\"4845\" data-end=\"5068\">Der <strong data-start=\"4849\" data-end=\"4863\">PX-1 Preis<\/strong> variiert je nach Anbieter, Bestellmenge und Reinheitsgrad. Forschungseinrichtungen, die regelm\u00e4\u00dfig gr\u00f6\u00dfere Mengen bestellen, k\u00f6nnen <strong data-start=\"4996\" data-end=\"5026\">PX-1 g\u00fcnstig online kaufen<\/strong> und von Gro\u00dfmengenrabatten profitieren.<\/p>\n<p data-start=\"5070\" data-end=\"5311\">Zertifizierte Anbieter liefern innerhalb von <strong data-start=\"5115\" data-end=\"5132\">1\u20133 Werktagen<\/strong>, wahlweise per <strong data-start=\"5148\" data-end=\"5172\">Expressversand (24h)<\/strong>. Der Versand erfolgt diskret nach <strong data-start=\"5207\" data-end=\"5253\">Deutschland, \u00d6sterreich und in die Schweiz<\/strong>, neutral verpackt und mit vollst\u00e4ndiger Nachverfolgung.<\/p>\n<h2 data-start=\"5318\" data-end=\"5342\">Rechtlicher Hinweis<\/h2>\n<p data-start=\"5344\" data-end=\"5571\"><strong data-start=\"5344\" data-end=\"5352\">PX-1<\/strong> f\u00e4llt in Deutschland unter das <strong data-start=\"5384\" data-end=\"5426\">Neue-psychoaktive-Stoffe-Gesetz (NpSG)<\/strong> und darf ausschlie\u00dflich zu <strong data-start=\"5454\" data-end=\"5475\">Forschungszwecken<\/strong> erworben und verwendet werden. In der Schweiz und in \u00d6sterreich gelten \u00e4hnliche Bestimmungen.<\/p>\n<p data-start=\"5573\" data-end=\"5745\">Vor dem Kauf sollten Forscher die rechtliche Situation im jeweiligen Land pr\u00fcfen, um sicherzustellen, dass der Erwerb und die Verwendung von PX-1 rechtlich zul\u00e4ssig sind.<\/p>\n<h2 data-start=\"1952\" data-end=\"1962\">Fazit<\/h2>\n<p data-start=\"1964\" data-end=\"2319\">PX-1 ist ausschlie\u00dflich f\u00fcr Forschungszwecke bestimmt und sollte niemals f\u00fcr den Konsum verwendet werden. Wer PX-1 online kaufen m\u00f6chte, sollte genau pr\u00fcfen, Wo kann man PX-1 kaufen? und welche Anbieter den besten Service bieten. Der bester Ort, um PX-1 zu kaufen ist stets ein H\u00e4ndler mit gepr\u00fcfter Reinheit, sicheren Zahlungsoptionen und diskretem Versand.<\/p>","protected":false},"excerpt":{"rendered":"<p><strong>PX-1<\/strong> ist ein hochwirksames synthetisches Produkt, das ausschlie\u00dflich f\u00fcr wissenschaftliche Forschungszwecke entwickelt wurde. Es wird verwendet, um das Verst\u00e4ndnis \u00fcber bestimmte biochemische Prozesse zu vertiefen, die mit dem Endocannabinoid-System zusammenh\u00e4ngen. <strong>PX-1<\/strong> ist nicht f\u00fcr den menschlichen Konsum geeignet und sollte nur unter strengen Sicherheitsvorkehrungen verwendet werden.<\/p>","protected":false},"featured_media":7515,"comment_status":"open","ping_status":"closed","template":"","meta":{"_joinchat":[]},"product_brand":[],"product_cat":[1805],"product_tag":[188,1814,1988,1994,1989,1992,1993,1991,1990,248],"class_list":{"0":"post-7485","1":"product","2":"type-product","3":"status-publish","4":"has-post-thumbnail","6":"product_cat-indazol-basiert","7":"product_tag-forschungschemikalien","8":"product_tag-forschungsstoffe-kaufen","9":"product_tag-px-1","10":"product_tag-px-1-chemikalien","11":"product_tag-px-1-kaufen","12":"product_tag-px-1-kristalle","13":"product_tag-px-1-online","14":"product_tag-px-1-pulver","15":"product_tag-px-1-zum-verkauf","16":"product_tag-synthetische-stimulanzien","18":"first","19":"instock","20":"shipping-taxable","21":"purchasable","22":"product-type-variable"},"yoast_head":"<!-- This site is optimized with the Yoast SEO plugin v27.5 - https:\/\/yoast.com\/product\/yoast-seo-wordpress\/ -->\n<title>PX-1 | Synthetisches Produkt f\u00fcr wissenschaftliche Forschung<\/title>\n<meta name=\"description\" content=\"PX-1 ist ein synthetisches Produkt f\u00fcr die Forschung, das hilft, das Endocannabinoid-System und seine therapeutischen M\u00f6glichkeiten zu untersuchen. Nur f\u00fcr Laborzwecke.\" \/>\n<meta name=\"robots\" content=\"index, follow, max-snippet:-1, max-image-preview:large, max-video-preview:-1\" \/>\n<link rel=\"canonical\" href=\"https:\/\/chemgramx.com\/de_ch\/produkt-2\/px-1-online-kaufen\/\" \/>\n<meta property=\"og:locale\" content=\"de_DE\" \/>\n<meta property=\"og:type\" content=\"article\" \/>\n<meta property=\"og:title\" content=\"PX-1 | Synthetisches Produkt f\u00fcr wissenschaftliche Forschung\" \/>\n<meta property=\"og:description\" content=\"PX-1 ist ein synthetisches Produkt f\u00fcr die Forschung, das hilft, das Endocannabinoid-System und seine therapeutischen M\u00f6glichkeiten zu untersuchen. Nur f\u00fcr Laborzwecke.\" \/>\n<meta property=\"og:url\" content=\"https:\/\/chemgramx.com\/de_ch\/produkt-2\/px-1-online-kaufen\/\" \/>\n<meta property=\"og:site_name\" content=\"Chemgramx\" \/>\n<meta property=\"article:modified_time\" content=\"2025-11-21T11:18:24+00:00\" \/>\n<meta property=\"og:image\" content=\"https:\/\/chemgramx.com\/wp-content\/uploads\/2025\/11\/px-1.png\" \/>\n\t<meta property=\"og:image:width\" content=\"600\" \/>\n\t<meta property=\"og:image:height\" content=\"400\" \/>\n\t<meta property=\"og:image:type\" content=\"image\/png\" \/>\n<meta name=\"twitter:card\" content=\"summary_large_image\" \/>\n<meta name=\"twitter:label1\" content=\"Gesch\u00e4tzte Lesezeit\" \/>\n\t<meta name=\"twitter:data1\" content=\"4\u00a0Minuten\" \/>\n<script type=\"application\/ld+json\" class=\"yoast-schema-graph\">{\"@context\":\"https:\\\/\\\/schema.org\",\"@graph\":[{\"@type\":\"WebPage\",\"@id\":\"https:\\\/\\\/chemgramx.com\\\/product\\\/px-1-online-kaufen\\\/\",\"url\":\"https:\\\/\\\/chemgramx.com\\\/product\\\/px-1-online-kaufen\\\/\",\"name\":\"PX-1 | Synthetisches Produkt f\u00fcr wissenschaftliche Forschung\",\"isPartOf\":{\"@id\":\"https:\\\/\\\/chemgramx.com\\\/#website\"},\"primaryImageOfPage\":{\"@id\":\"https:\\\/\\\/chemgramx.com\\\/product\\\/px-1-online-kaufen\\\/#primaryimage\"},\"image\":{\"@id\":\"https:\\\/\\\/chemgramx.com\\\/product\\\/px-1-online-kaufen\\\/#primaryimage\"},\"thumbnailUrl\":\"https:\\\/\\\/chemgramx.com\\\/wp-content\\\/uploads\\\/2025\\\/11\\\/px-1.png\",\"datePublished\":\"2025-11-21T11:17:30+00:00\",\"dateModified\":\"2025-11-21T11:18:24+00:00\",\"description\":\"PX-1 ist ein synthetisches Produkt f\u00fcr die Forschung, das hilft, das Endocannabinoid-System und seine therapeutischen M\u00f6glichkeiten zu untersuchen. Nur f\u00fcr Laborzwecke.\",\"breadcrumb\":{\"@id\":\"https:\\\/\\\/chemgramx.com\\\/product\\\/px-1-online-kaufen\\\/#breadcrumb\"},\"inLanguage\":\"de-CH\",\"potentialAction\":[{\"@type\":\"ReadAction\",\"target\":[\"https:\\\/\\\/chemgramx.com\\\/product\\\/px-1-online-kaufen\\\/\"]}]},{\"@type\":\"ImageObject\",\"inLanguage\":\"de-CH\",\"@id\":\"https:\\\/\\\/chemgramx.com\\\/product\\\/px-1-online-kaufen\\\/#primaryimage\",\"url\":\"https:\\\/\\\/chemgramx.com\\\/wp-content\\\/uploads\\\/2025\\\/11\\\/px-1.png\",\"contentUrl\":\"https:\\\/\\\/chemgramx.com\\\/wp-content\\\/uploads\\\/2025\\\/11\\\/px-1.png\",\"width\":600,\"height\":400},{\"@type\":\"BreadcrumbList\",\"@id\":\"https:\\\/\\\/chemgramx.com\\\/product\\\/px-1-online-kaufen\\\/#breadcrumb\",\"itemListElement\":[{\"@type\":\"ListItem\",\"position\":1,\"name\":\"Home\",\"item\":\"https:\\\/\\\/chemgramx.com\\\/\"},{\"@type\":\"ListItem\",\"position\":2,\"name\":\"Shop\",\"item\":\"https:\\\/\\\/chemgramx.com\\\/shop\\\/\"},{\"@type\":\"ListItem\",\"position\":3,\"name\":\"PX-1 online kaufen\"}]},{\"@type\":\"WebSite\",\"@id\":\"https:\\\/\\\/chemgramx.com\\\/#website\",\"url\":\"https:\\\/\\\/chemgramx.com\\\/\",\"name\":\"Chemgramx\",\"description\":\"\",\"publisher\":{\"@id\":\"https:\\\/\\\/chemgramx.com\\\/#organization\"},\"potentialAction\":[{\"@type\":\"SearchAction\",\"target\":{\"@type\":\"EntryPoint\",\"urlTemplate\":\"https:\\\/\\\/chemgramx.com\\\/?s={search_term_string}\"},\"query-input\":{\"@type\":\"PropertyValueSpecification\",\"valueRequired\":true,\"valueName\":\"search_term_string\"}}],\"inLanguage\":\"de-CH\"},{\"@type\":\"Organization\",\"@id\":\"https:\\\/\\\/chemgramx.com\\\/#organization\",\"name\":\"Chemgramx\",\"url\":\"https:\\\/\\\/chemgramx.com\\\/\",\"logo\":{\"@type\":\"ImageObject\",\"inLanguage\":\"de-CH\",\"@id\":\"https:\\\/\\\/chemgramx.com\\\/#\\\/schema\\\/logo\\\/image\\\/\",\"url\":\"https:\\\/\\\/chemgramx.com\\\/wp-content\\\/uploads\\\/2024\\\/10\\\/final-logo.png\",\"contentUrl\":\"https:\\\/\\\/chemgramx.com\\\/wp-content\\\/uploads\\\/2024\\\/10\\\/final-logo.png\",\"width\":250,\"height\":48,\"caption\":\"Chemgramx\"},\"image\":{\"@id\":\"https:\\\/\\\/chemgramx.com\\\/#\\\/schema\\\/logo\\\/image\\\/\"}}]}<\/script>\n<!-- \/ Yoast SEO plugin. -->","yoast_head_json":{"title":"PX-1 | Synthetisches Produkt f\u00fcr wissenschaftliche Forschung","description":"PX-1 ist ein synthetisches Produkt f\u00fcr die Forschung, das hilft, das Endocannabinoid-System und seine therapeutischen M\u00f6glichkeiten zu untersuchen. Nur f\u00fcr Laborzwecke.","robots":{"index":"index","follow":"follow","max-snippet":"max-snippet:-1","max-image-preview":"max-image-preview:large","max-video-preview":"max-video-preview:-1"},"canonical":"https:\/\/chemgramx.com\/de_ch\/produkt-2\/px-1-online-kaufen\/","og_locale":"de_DE","og_type":"article","og_title":"PX-1 | Synthetisches Produkt f\u00fcr wissenschaftliche Forschung","og_description":"PX-1 ist ein synthetisches Produkt f\u00fcr die Forschung, das hilft, das Endocannabinoid-System und seine therapeutischen M\u00f6glichkeiten zu untersuchen. Nur f\u00fcr Laborzwecke.","og_url":"https:\/\/chemgramx.com\/de_ch\/produkt-2\/px-1-online-kaufen\/","og_site_name":"Chemgramx","article_modified_time":"2025-11-21T11:18:24+00:00","og_image":[{"width":600,"height":400,"url":"https:\/\/chemgramx.com\/wp-content\/uploads\/2025\/11\/px-1.png","type":"image\/png"}],"twitter_card":"summary_large_image","twitter_misc":{"Gesch\u00e4tzte Lesezeit":"4\u00a0Minuten"},"schema":{"@context":"https:\/\/schema.org","@graph":[{"@type":"WebPage","@id":"https:\/\/chemgramx.com\/product\/px-1-online-kaufen\/","url":"https:\/\/chemgramx.com\/product\/px-1-online-kaufen\/","name":"PX-1 | Synthetisches Produkt f\u00fcr wissenschaftliche Forschung","isPartOf":{"@id":"https:\/\/chemgramx.com\/#website"},"primaryImageOfPage":{"@id":"https:\/\/chemgramx.com\/product\/px-1-online-kaufen\/#primaryimage"},"image":{"@id":"https:\/\/chemgramx.com\/product\/px-1-online-kaufen\/#primaryimage"},"thumbnailUrl":"https:\/\/chemgramx.com\/wp-content\/uploads\/2025\/11\/px-1.png","datePublished":"2025-11-21T11:17:30+00:00","dateModified":"2025-11-21T11:18:24+00:00","description":"PX-1 ist ein synthetisches Produkt f\u00fcr die Forschung, das hilft, das Endocannabinoid-System und seine therapeutischen M\u00f6glichkeiten zu untersuchen. Nur f\u00fcr Laborzwecke.","breadcrumb":{"@id":"https:\/\/chemgramx.com\/product\/px-1-online-kaufen\/#breadcrumb"},"inLanguage":"de-CH","potentialAction":[{"@type":"ReadAction","target":["https:\/\/chemgramx.com\/product\/px-1-online-kaufen\/"]}]},{"@type":"ImageObject","inLanguage":"de-CH","@id":"https:\/\/chemgramx.com\/product\/px-1-online-kaufen\/#primaryimage","url":"https:\/\/chemgramx.com\/wp-content\/uploads\/2025\/11\/px-1.png","contentUrl":"https:\/\/chemgramx.com\/wp-content\/uploads\/2025\/11\/px-1.png","width":600,"height":400},{"@type":"BreadcrumbList","@id":"https:\/\/chemgramx.com\/product\/px-1-online-kaufen\/#breadcrumb","itemListElement":[{"@type":"ListItem","position":1,"name":"Home","item":"https:\/\/chemgramx.com\/"},{"@type":"ListItem","position":2,"name":"Shop","item":"https:\/\/chemgramx.com\/shop\/"},{"@type":"ListItem","position":3,"name":"PX-1 online kaufen"}]},{"@type":"WebSite","@id":"https:\/\/chemgramx.com\/#website","url":"https:\/\/chemgramx.com\/","name":"Chemgramx","description":"","publisher":{"@id":"https:\/\/chemgramx.com\/#organization"},"potentialAction":[{"@type":"SearchAction","target":{"@type":"EntryPoint","urlTemplate":"https:\/\/chemgramx.com\/?s={search_term_string}"},"query-input":{"@type":"PropertyValueSpecification","valueRequired":true,"valueName":"search_term_string"}}],"inLanguage":"de-CH"},{"@type":"Organization","@id":"https:\/\/chemgramx.com\/#organization","name":"Chemgramx","url":"https:\/\/chemgramx.com\/","logo":{"@type":"ImageObject","inLanguage":"de-CH","@id":"https:\/\/chemgramx.com\/#\/schema\/logo\/image\/","url":"https:\/\/chemgramx.com\/wp-content\/uploads\/2024\/10\/final-logo.png","contentUrl":"https:\/\/chemgramx.com\/wp-content\/uploads\/2024\/10\/final-logo.png","width":250,"height":48,"caption":"Chemgramx"},"image":{"@id":"https:\/\/chemgramx.com\/#\/schema\/logo\/image\/"}}]}},"_links":{"self":[{"href":"https:\/\/chemgramx.com\/de_ch\/wp-json\/wp\/v2\/product\/7485","targetHints":{"allow":["GET"]}}],"collection":[{"href":"https:\/\/chemgramx.com\/de_ch\/wp-json\/wp\/v2\/product"}],"about":[{"href":"https:\/\/chemgramx.com\/de_ch\/wp-json\/wp\/v2\/types\/product"}],"replies":[{"embeddable":true,"href":"https:\/\/chemgramx.com\/de_ch\/wp-json\/wp\/v2\/comments?post=7485"}],"wp:featuredmedia":[{"embeddable":true,"href":"https:\/\/chemgramx.com\/de_ch\/wp-json\/wp\/v2\/media\/7515"}],"wp:attachment":[{"href":"https:\/\/chemgramx.com\/de_ch\/wp-json\/wp\/v2\/media?parent=7485"}],"wp:term":[{"taxonomy":"product_brand","embeddable":true,"href":"https:\/\/chemgramx.com\/de_ch\/wp-json\/wp\/v2\/product_brand?post=7485"},{"taxonomy":"product_cat","embeddable":true,"href":"https:\/\/chemgramx.com\/de_ch\/wp-json\/wp\/v2\/product_cat?post=7485"},{"taxonomy":"product_tag","embeddable":true,"href":"https:\/\/chemgramx.com\/de_ch\/wp-json\/wp\/v2\/product_tag?post=7485"}],"curies":[{"name":"wp","href":"https:\/\/api.w.org\/{rel}","templated":true}]}}