{"id":7533,"date":"2025-11-21T11:18:00","date_gmt":"2025-11-21T11:18:00","guid":{"rendered":"https:\/\/chemgramx.com\/?post_type=product&#038;p=7533"},"modified":"2025-11-21T11:18:43","modified_gmt":"2025-11-21T11:18:43","slug":"6-apb-online-bestellung","status":"publish","type":"product","link":"https:\/\/chemgramx.com\/de_ch\/product\/6-apb-online-bestellung\/","title":{"rendered":"6-APB online Bestellung"},"content":{"rendered":"<h2>6-APB online kaufen \u2013 von einer zuverl\u00e4ssigen Forschungsquelle<\/h2>\n<p>M\u00f6chten Sie <a href=\"https:\/\/chemgramx.com\/product\/6-apb\/\">6-APB online<\/a> f\u00fcr Ihre wissenschaftliche Forschung kaufen? Diese Verbindung ist bei vielen gepr\u00fcften Anbietern zu attraktiven Preisen erh\u00e4ltlich. Forscher, die Wert auf Echtheit legen, suchen oft nach dem besten Online-Kaufort f\u00fcr 6-APB. Unsere Plattform bietet sichere Bestellung, diskreten weltweiten Versand und hochwertige Produkte in Forschungsqualit\u00e4t.<\/p>\n<p>6-APB ist eine hochentwickelte chemische Verbindung, die in Laboren zur Erweiterung des Wissens in Chemie und Pharmakologie eingesetzt wird. Dank ihrer hohen Reinheit und Stabilit\u00e4t liefert sie zuverl\u00e4ssige und wiederholbare Ergebnisse in der Forschung. Wissenschaftler, die 6-APB bestellen, nutzen es zur Untersuchung von Rezeptorinteraktionen und pharmakologischen Mechanismen und stellen damit ein wertvolles Werkzeug f\u00fcr die Arzneimittelforschung und analytische Studien dar.<\/p>\n<p>Wenn Sie 6-APB kaufen m\u00f6chten, werden Sie feststellen, dass Online-Anbieter einen bequemen Zugang bieten. Viele Forscher entscheiden sich f\u00fcr den Kauf von <a href=\"https:\/\/en.wikipedia.org\/wiki\/6-APB\">6-APB<\/a> \u00fcber vertrauensw\u00fcrdige Plattformen, die auf Forschungschemikalien spezialisiert sind.<\/p>\n<h3>Anwendungen in der Forschung<\/h3>\n<p>6-APB wird zur Untersuchung chemischer Reaktionen und der biologischen Rezeptoraktivit\u00e4t eingesetzt. Zu seinen Anwendungsgebieten geh\u00f6ren Studien zur Arzneimittelentwicklung, Verhaltensneurowissenschaften und Rezeptoranalyse. Aufgrund seiner Eigenschaften suchen viele Labore nach Lieferanten, die strenge Qualit\u00e4tskontrollen garantieren.<\/p>\n<h3>Lagerung und Handhabung<\/h3>\n<p>Wie alle Forschungschemikalien sollte 6-APB nur von qualifiziertem Fachpersonal unter Einhaltung strenger Sicherheitsvorschriften verwendet werden. Es muss k\u00fchl, trocken und vor direkter Sonneneinstrahlung gesch\u00fctzt gelagert werden, um die chemische Integrit\u00e4t zu erhalten. Forscher, die 6-APB online kaufen, sollten die Einhaltung aller lokalen Sicherheits- und gesetzlichen Richtlinien sicherstellen.<\/p>\n<ul>\n<li>Hauptmerkmale und Vorteile<\/li>\n<li>Hohe Reinheit f\u00fcr pr\u00e4zise Ergebnisse<\/li>\n<li>Stabile chemische Eigenschaften f\u00fcr Langzeitstudien<\/li>\n<li>Gepr\u00fcfte Qualit\u00e4t durch strenge Tests<\/li>\n<li>Nur f\u00fcr Forschungszwecke, nicht f\u00fcr den menschlichen Verzehr bestimmt<\/li>\n<\/ul>\n<h3>6-APB noch heute online bestellen<\/h3>\n<p>Wenn Sie 6-APB online kaufen m\u00f6chten, bieten wir Ihnen bequemen Zugang zu hochwertigen, speziell auf den Laborgebrauch zugeschnittenen Produkten. Forscher k\u00f6nnen 6-APB in Gro\u00df- oder Kleinmengen bestellen und erhalten eine zuverl\u00e4ssige Lieferung und einen diskreten Versand. Ob f\u00fcr akademische Studien oder Laboranalysen \u2013 bei uns k\u00f6nnen Sie 6-APB vertrauensvoll online kaufen.<\/p>\n<p>W\u00e4hlen Sie eine vertrauensw\u00fcrdige Quelle und kaufen Sie 6-APB noch heute online, um sich gepr\u00fcfte Verbindungen f\u00fcr Ihre Forschungsanforderungen zu sichern.<\/p>","protected":false},"excerpt":{"rendered":"<p><strong>6-APB<\/strong> ist eine synthetische chemische Verbindung, die speziell f\u00fcr wissenschaftliche Forschungszwecke entwickelt wurde. Mit einer hohen Reinheit und Stabilit\u00e4t eignet sie sich hervorragend f\u00fcr chemische und pharmakologische Studien. Jede Charge wird gr\u00fcndlich getestet, um h\u00f6chste Qualit\u00e4tsstandards zu gew\u00e4hrleisten. Das Produkt ist ausschlie\u00dflich f\u00fcr die Forschung bestimmt und nicht f\u00fcr den menschlichen Gebrauch geeignet.<\/p>","protected":false},"featured_media":7551,"comment_status":"open","ping_status":"closed","template":"","meta":{"_joinchat":[]},"product_brand":[],"product_cat":[1798],"product_tag":[409,2398,421,419,2399,2397,2395,2396,2400,2182],"class_list":{"0":"post-7533","1":"product","2":"type-product","3":"status-publish","4":"has-post-thumbnail","6":"product_cat-empathogene","7":"product_tag-6-apb","8":"product_tag-6-apb-chemikalien","9":"product_tag-6-apb-forschung","10":"product_tag-6-apb-kaufen","11":"product_tag-6-apb-kaufen-online","12":"product_tag-6-apb-kristalle","13":"product_tag-6-apb-online","14":"product_tag-6-apb-pulver","15":"product_tag-forschung-6-apb","16":"product_tag-synthetische-chemikalien","18":"first","19":"instock","20":"shipping-taxable","21":"purchasable","22":"product-type-variable"},"yoast_head":"<!-- This site is optimized with the Yoast SEO plugin v27.5 - https:\/\/yoast.com\/product\/yoast-seo-wordpress\/ -->\n<title>6-APB online kaufen \u2013 6-APB zu verkaufen | chemgramx<\/title>\n<meta name=\"description\" content=\"Wenn Sie 6-apb online kaufen m\u00f6chten, kann Ihnen unser Chemgramx-Onlineshop helfen. Wir haben 6-apb hier zu den besten Preisen zu verkaufen. Geben Sie Ihre Bestellung auf und sichern Sie sich noch heute die neuesten Angebote!\" \/>\n<meta name=\"robots\" content=\"index, follow, max-snippet:-1, max-image-preview:large, max-video-preview:-1\" \/>\n<link rel=\"canonical\" href=\"https:\/\/chemgramx.com\/de_ch\/produkt-2\/6-apb-online-bestellung\/\" \/>\n<meta property=\"og:locale\" content=\"de_DE\" \/>\n<meta property=\"og:type\" content=\"article\" \/>\n<meta property=\"og:title\" content=\"6-APB online kaufen \u2013 6-APB zu verkaufen | chemgramx\" \/>\n<meta property=\"og:description\" content=\"Wenn Sie 6-apb online kaufen m\u00f6chten, kann Ihnen unser Chemgramx-Onlineshop helfen. Wir haben 6-apb hier zu den besten Preisen zu verkaufen. Geben Sie Ihre Bestellung auf und sichern Sie sich noch heute die neuesten Angebote!\" \/>\n<meta property=\"og:url\" content=\"https:\/\/chemgramx.com\/de_ch\/produkt-2\/6-apb-online-bestellung\/\" \/>\n<meta property=\"og:site_name\" content=\"Chemgramx\" \/>\n<meta property=\"article:modified_time\" content=\"2025-11-21T11:18:43+00:00\" \/>\n<meta property=\"og:image\" content=\"https:\/\/chemgramx.com\/wp-content\/uploads\/2025\/11\/6apb.png\" \/>\n\t<meta property=\"og:image:width\" content=\"600\" \/>\n\t<meta property=\"og:image:height\" content=\"400\" \/>\n\t<meta property=\"og:image:type\" content=\"image\/png\" \/>\n<meta name=\"twitter:card\" content=\"summary_large_image\" \/>\n<meta name=\"twitter:label1\" content=\"Gesch\u00e4tzte Lesezeit\" \/>\n\t<meta name=\"twitter:data1\" content=\"2\u00a0Minuten\" \/>\n<script type=\"application\/ld+json\" class=\"yoast-schema-graph\">{\"@context\":\"https:\\\/\\\/schema.org\",\"@graph\":[{\"@type\":\"WebPage\",\"@id\":\"https:\\\/\\\/chemgramx.com\\\/product\\\/6-apb-online-bestellung\\\/\",\"url\":\"https:\\\/\\\/chemgramx.com\\\/product\\\/6-apb-online-bestellung\\\/\",\"name\":\"6-APB online kaufen \u2013 6-APB zu verkaufen | chemgramx\",\"isPartOf\":{\"@id\":\"https:\\\/\\\/chemgramx.com\\\/#website\"},\"primaryImageOfPage\":{\"@id\":\"https:\\\/\\\/chemgramx.com\\\/product\\\/6-apb-online-bestellung\\\/#primaryimage\"},\"image\":{\"@id\":\"https:\\\/\\\/chemgramx.com\\\/product\\\/6-apb-online-bestellung\\\/#primaryimage\"},\"thumbnailUrl\":\"https:\\\/\\\/chemgramx.com\\\/wp-content\\\/uploads\\\/2025\\\/11\\\/6apb.png\",\"datePublished\":\"2025-11-21T11:18:00+00:00\",\"dateModified\":\"2025-11-21T11:18:43+00:00\",\"description\":\"Wenn Sie 6-apb online kaufen m\u00f6chten, kann Ihnen unser Chemgramx-Onlineshop helfen. Wir haben 6-apb hier zu den besten Preisen zu verkaufen. Geben Sie Ihre Bestellung auf und sichern Sie sich noch heute die neuesten Angebote!\",\"breadcrumb\":{\"@id\":\"https:\\\/\\\/chemgramx.com\\\/product\\\/6-apb-online-bestellung\\\/#breadcrumb\"},\"inLanguage\":\"de-CH\",\"potentialAction\":[{\"@type\":\"ReadAction\",\"target\":[\"https:\\\/\\\/chemgramx.com\\\/product\\\/6-apb-online-bestellung\\\/\"]}]},{\"@type\":\"ImageObject\",\"inLanguage\":\"de-CH\",\"@id\":\"https:\\\/\\\/chemgramx.com\\\/product\\\/6-apb-online-bestellung\\\/#primaryimage\",\"url\":\"https:\\\/\\\/chemgramx.com\\\/wp-content\\\/uploads\\\/2025\\\/11\\\/6apb.png\",\"contentUrl\":\"https:\\\/\\\/chemgramx.com\\\/wp-content\\\/uploads\\\/2025\\\/11\\\/6apb.png\",\"width\":600,\"height\":400},{\"@type\":\"BreadcrumbList\",\"@id\":\"https:\\\/\\\/chemgramx.com\\\/product\\\/6-apb-online-bestellung\\\/#breadcrumb\",\"itemListElement\":[{\"@type\":\"ListItem\",\"position\":1,\"name\":\"Home\",\"item\":\"https:\\\/\\\/chemgramx.com\\\/\"},{\"@type\":\"ListItem\",\"position\":2,\"name\":\"Shop\",\"item\":\"https:\\\/\\\/chemgramx.com\\\/shop\\\/\"},{\"@type\":\"ListItem\",\"position\":3,\"name\":\"6-APB online Bestellung\"}]},{\"@type\":\"WebSite\",\"@id\":\"https:\\\/\\\/chemgramx.com\\\/#website\",\"url\":\"https:\\\/\\\/chemgramx.com\\\/\",\"name\":\"Chemgramx\",\"description\":\"\",\"publisher\":{\"@id\":\"https:\\\/\\\/chemgramx.com\\\/#organization\"},\"potentialAction\":[{\"@type\":\"SearchAction\",\"target\":{\"@type\":\"EntryPoint\",\"urlTemplate\":\"https:\\\/\\\/chemgramx.com\\\/?s={search_term_string}\"},\"query-input\":{\"@type\":\"PropertyValueSpecification\",\"valueRequired\":true,\"valueName\":\"search_term_string\"}}],\"inLanguage\":\"de-CH\"},{\"@type\":\"Organization\",\"@id\":\"https:\\\/\\\/chemgramx.com\\\/#organization\",\"name\":\"Chemgramx\",\"url\":\"https:\\\/\\\/chemgramx.com\\\/\",\"logo\":{\"@type\":\"ImageObject\",\"inLanguage\":\"de-CH\",\"@id\":\"https:\\\/\\\/chemgramx.com\\\/#\\\/schema\\\/logo\\\/image\\\/\",\"url\":\"https:\\\/\\\/chemgramx.com\\\/wp-content\\\/uploads\\\/2024\\\/10\\\/final-logo.png\",\"contentUrl\":\"https:\\\/\\\/chemgramx.com\\\/wp-content\\\/uploads\\\/2024\\\/10\\\/final-logo.png\",\"width\":250,\"height\":48,\"caption\":\"Chemgramx\"},\"image\":{\"@id\":\"https:\\\/\\\/chemgramx.com\\\/#\\\/schema\\\/logo\\\/image\\\/\"}}]}<\/script>\n<!-- \/ Yoast SEO plugin. -->","yoast_head_json":{"title":"6-APB online kaufen \u2013 6-APB zu verkaufen | chemgramx","description":"Wenn Sie 6-apb online kaufen m\u00f6chten, kann Ihnen unser Chemgramx-Onlineshop helfen. Wir haben 6-apb hier zu den besten Preisen zu verkaufen. Geben Sie Ihre Bestellung auf und sichern Sie sich noch heute die neuesten Angebote!","robots":{"index":"index","follow":"follow","max-snippet":"max-snippet:-1","max-image-preview":"max-image-preview:large","max-video-preview":"max-video-preview:-1"},"canonical":"https:\/\/chemgramx.com\/de_ch\/produkt-2\/6-apb-online-bestellung\/","og_locale":"de_DE","og_type":"article","og_title":"6-APB online kaufen \u2013 6-APB zu verkaufen | chemgramx","og_description":"Wenn Sie 6-apb online kaufen m\u00f6chten, kann Ihnen unser Chemgramx-Onlineshop helfen. Wir haben 6-apb hier zu den besten Preisen zu verkaufen. Geben Sie Ihre Bestellung auf und sichern Sie sich noch heute die neuesten Angebote!","og_url":"https:\/\/chemgramx.com\/de_ch\/produkt-2\/6-apb-online-bestellung\/","og_site_name":"Chemgramx","article_modified_time":"2025-11-21T11:18:43+00:00","og_image":[{"width":600,"height":400,"url":"https:\/\/chemgramx.com\/wp-content\/uploads\/2025\/11\/6apb.png","type":"image\/png"}],"twitter_card":"summary_large_image","twitter_misc":{"Gesch\u00e4tzte Lesezeit":"2\u00a0Minuten"},"schema":{"@context":"https:\/\/schema.org","@graph":[{"@type":"WebPage","@id":"https:\/\/chemgramx.com\/product\/6-apb-online-bestellung\/","url":"https:\/\/chemgramx.com\/product\/6-apb-online-bestellung\/","name":"6-APB online kaufen \u2013 6-APB zu verkaufen | chemgramx","isPartOf":{"@id":"https:\/\/chemgramx.com\/#website"},"primaryImageOfPage":{"@id":"https:\/\/chemgramx.com\/product\/6-apb-online-bestellung\/#primaryimage"},"image":{"@id":"https:\/\/chemgramx.com\/product\/6-apb-online-bestellung\/#primaryimage"},"thumbnailUrl":"https:\/\/chemgramx.com\/wp-content\/uploads\/2025\/11\/6apb.png","datePublished":"2025-11-21T11:18:00+00:00","dateModified":"2025-11-21T11:18:43+00:00","description":"Wenn Sie 6-apb online kaufen m\u00f6chten, kann Ihnen unser Chemgramx-Onlineshop helfen. Wir haben 6-apb hier zu den besten Preisen zu verkaufen. Geben Sie Ihre Bestellung auf und sichern Sie sich noch heute die neuesten Angebote!","breadcrumb":{"@id":"https:\/\/chemgramx.com\/product\/6-apb-online-bestellung\/#breadcrumb"},"inLanguage":"de-CH","potentialAction":[{"@type":"ReadAction","target":["https:\/\/chemgramx.com\/product\/6-apb-online-bestellung\/"]}]},{"@type":"ImageObject","inLanguage":"de-CH","@id":"https:\/\/chemgramx.com\/product\/6-apb-online-bestellung\/#primaryimage","url":"https:\/\/chemgramx.com\/wp-content\/uploads\/2025\/11\/6apb.png","contentUrl":"https:\/\/chemgramx.com\/wp-content\/uploads\/2025\/11\/6apb.png","width":600,"height":400},{"@type":"BreadcrumbList","@id":"https:\/\/chemgramx.com\/product\/6-apb-online-bestellung\/#breadcrumb","itemListElement":[{"@type":"ListItem","position":1,"name":"Home","item":"https:\/\/chemgramx.com\/"},{"@type":"ListItem","position":2,"name":"Shop","item":"https:\/\/chemgramx.com\/shop\/"},{"@type":"ListItem","position":3,"name":"6-APB online Bestellung"}]},{"@type":"WebSite","@id":"https:\/\/chemgramx.com\/#website","url":"https:\/\/chemgramx.com\/","name":"Chemgramx","description":"","publisher":{"@id":"https:\/\/chemgramx.com\/#organization"},"potentialAction":[{"@type":"SearchAction","target":{"@type":"EntryPoint","urlTemplate":"https:\/\/chemgramx.com\/?s={search_term_string}"},"query-input":{"@type":"PropertyValueSpecification","valueRequired":true,"valueName":"search_term_string"}}],"inLanguage":"de-CH"},{"@type":"Organization","@id":"https:\/\/chemgramx.com\/#organization","name":"Chemgramx","url":"https:\/\/chemgramx.com\/","logo":{"@type":"ImageObject","inLanguage":"de-CH","@id":"https:\/\/chemgramx.com\/#\/schema\/logo\/image\/","url":"https:\/\/chemgramx.com\/wp-content\/uploads\/2024\/10\/final-logo.png","contentUrl":"https:\/\/chemgramx.com\/wp-content\/uploads\/2024\/10\/final-logo.png","width":250,"height":48,"caption":"Chemgramx"},"image":{"@id":"https:\/\/chemgramx.com\/#\/schema\/logo\/image\/"}}]}},"_links":{"self":[{"href":"https:\/\/chemgramx.com\/de_ch\/wp-json\/wp\/v2\/product\/7533","targetHints":{"allow":["GET"]}}],"collection":[{"href":"https:\/\/chemgramx.com\/de_ch\/wp-json\/wp\/v2\/product"}],"about":[{"href":"https:\/\/chemgramx.com\/de_ch\/wp-json\/wp\/v2\/types\/product"}],"replies":[{"embeddable":true,"href":"https:\/\/chemgramx.com\/de_ch\/wp-json\/wp\/v2\/comments?post=7533"}],"wp:featuredmedia":[{"embeddable":true,"href":"https:\/\/chemgramx.com\/de_ch\/wp-json\/wp\/v2\/media\/7551"}],"wp:attachment":[{"href":"https:\/\/chemgramx.com\/de_ch\/wp-json\/wp\/v2\/media?parent=7533"}],"wp:term":[{"taxonomy":"product_brand","embeddable":true,"href":"https:\/\/chemgramx.com\/de_ch\/wp-json\/wp\/v2\/product_brand?post=7533"},{"taxonomy":"product_cat","embeddable":true,"href":"https:\/\/chemgramx.com\/de_ch\/wp-json\/wp\/v2\/product_cat?post=7533"},{"taxonomy":"product_tag","embeddable":true,"href":"https:\/\/chemgramx.com\/de_ch\/wp-json\/wp\/v2\/product_tag?post=7533"}],"curies":[{"name":"wp","href":"https:\/\/api.w.org\/{rel}","templated":true}]}}