{"id":7534,"date":"2025-11-21T11:18:00","date_gmt":"2025-11-21T11:18:00","guid":{"rendered":"https:\/\/chemgramx.com\/?post_type=product&#038;p=7534"},"modified":"2025-11-21T11:19:12","modified_gmt":"2025-11-21T11:19:12","slug":"6-mapb-online-kaufen","status":"publish","type":"product","link":"https:\/\/chemgramx.com\/de_ch\/product\/6-mapb-online-kaufen\/","title":{"rendered":"6-MAPB online kaufen"},"content":{"rendered":"<h2>Echtes oder gef\u00e4lschtes 6-MAPB online kaufen<\/h2>\n<p><a href=\"https:\/\/chemgramx.com\/product\/6-mapb\/\">6-MAPB<\/a> ist eine hochreine synthetische Verbindung, die in der wissenschaftlichen Forschung h\u00e4ufig verwendet wird, um tiefere Einblicke in chemische und pharmakologische Prozesse zu gewinnen. Forscher, die 6-MAPB online kaufen, k\u00f6nnen sich auf seine Stabilit\u00e4t und Reinheit verlassen, was es ideal f\u00fcr pr\u00e4zise und reproduzierbare experimentelle Ergebnisse macht.<\/p>\n<h3>Warum 6-MAPB online kaufen?<\/h3>\n<p>Wissenschaftler kaufen echtes oder gef\u00e4lschtes <a href=\"https:\/\/en.wikipedia.org\/wiki\/6-MAPB\">6-MAPB<\/a>, um chemische Reaktionen zu untersuchen und die Wirkung von Substanzen auf verschiedene biologische Systeme zu verstehen. Diese Verbindung hat gro\u00dfes Potenzial in der Arzneimittelforschung und in Studien zur Rezeptorinteraktion gezeigt. Wenn Sie 6-MAPB kaufen oder echtes oder gef\u00e4lschtes 6-MAPB bestellen m\u00f6chten, garantiert Ihnen ein vertrauensw\u00fcrdiger Lieferant ein sicheres und zuverl\u00e4ssiges Einkaufserlebnis.<\/p>\n<h3>Anwendung und Sicherheit<\/h3>\n<p>Wie alle spezialisierten chemischen Verbindungen ist 6-MAPB ausschlie\u00dflich f\u00fcr qualifizierte Forscher und Labore bestimmt. Es muss unter strengen Sicherheitsvorkehrungen gehandhabt und nur f\u00fcr wissenschaftliche Zwecke verwendet werden. Es ist nicht f\u00fcr den menschlichen Verzehr geeignet. Beachten Sie beim Online-Kauf von 6-MAPB stets die entsprechenden Laborsicherheitsprotokolle.<\/p>\n<h3>Lagerungshinweise<\/h3>\n<p>Um die chemische Integrit\u00e4t von 6-MAPB zu erhalten, lagern Sie es k\u00fchl, trocken und vor direkter Sonneneinstrahlung gesch\u00fctzt. Die richtige Lagerung gew\u00e4hrleistet Stabilit\u00e4t und zuverl\u00e4ssige Forschungsergebnisse \u2013 egal, ob Sie 6-MAPB g\u00fcnstig online oder in gro\u00dfen Mengen kaufen m\u00f6chten.<\/p>\n<h3>Eigenschaften und Vorteile<\/h3>\n<ul>\n<li>Hohe Reinheit: Gew\u00e4hrleistet pr\u00e4zise und zuverl\u00e4ssige Forschungsergebnisse.<\/li>\n<li>Stabile chemische Eigenschaften: Ideal f\u00fcr Langzeitstudien und -experimente.<\/li>\n<li>Strenge Qualit\u00e4tskontrolle: Jede Charge von echtem oder gef\u00e4lschtem 6-MAPB wird auf Reinheit und Konsistenz gepr\u00fcft.<\/li>\n<li>Nur f\u00fcr Forschungszwecke: Nicht f\u00fcr den menschlichen Verzehr geeignet.<\/li>\n<\/ul>\n<h3>Wo Sie 6-MAPB kaufen k\u00f6nnen<\/h3>\n<p>F\u00fcr alle, die 6-MAPB am besten kaufen m\u00f6chten, bietet unsere Plattform attraktive Preise und flexible Bestellmengen. Sie k\u00f6nnen 6-MAPB sicher und diskret online kaufen.<\/p>","protected":false},"excerpt":{"rendered":"<p><strong>6-MAPB<\/strong> ist eine synthetische chemische Verbindung, die f\u00fcr pr\u00e4zise wissenschaftliche Forschungszwecke entwickelt wurde. Diese stabile Substanz wird in chemischen und pharmakologischen Studien eingesetzt, um neue Erkenntnisse zu gewinnen. Jede Charge wird auf h\u00f6chste Reinheit getestet. Nur f\u00fcr Forschungszwecke \u2013 nicht f\u00fcr den menschlichen Konsum geeignet.<\/p>","protected":false},"featured_media":7552,"comment_status":"open","ping_status":"closed","template":"","meta":{"_joinchat":[]},"product_brand":[],"product_cat":[1798],"product_tag":[2386,2392,2391,2387,2393,2390,2388,2389,2394,2182],"class_list":{"0":"post-7534","1":"product","2":"type-product","3":"status-publish","4":"has-post-thumbnail","6":"product_cat-empathogene","7":"product_tag-6-mapb","8":"product_tag-6-mapb-chemikalien","9":"product_tag-6-mapb-forschung","10":"product_tag-6-mapb-kaufen","11":"product_tag-6-mapb-kaufen-online","12":"product_tag-6-mapb-kristalle","13":"product_tag-6-mapb-online","14":"product_tag-6-mapb-pulver","15":"product_tag-forschung-6-mapb","16":"product_tag-synthetische-chemikalien","18":"first","19":"instock","20":"shipping-taxable","21":"purchasable","22":"product-type-variable"},"yoast_head":"<!-- This site is optimized with the Yoast SEO plugin v27.5 - https:\/\/yoast.com\/product\/yoast-seo-wordpress\/ -->\n<title>6-MAPB online kaufen \u2013 6-MAPB zu verkaufen | chemgramx<\/title>\n<meta name=\"description\" content=\"Ihre Bestellung von 6-mapb zu verkaufen liegt in unserer Verantwortung. Wir werden Ihre Anfrage zum Online-Kauf von 6-mapb ber\u00fccksichtigen und Sie in kurzer Zeit erreichen. Jetzt Gro\u00dfbestellungen aufgeben!\" \/>\n<meta name=\"robots\" content=\"index, follow, max-snippet:-1, max-image-preview:large, max-video-preview:-1\" \/>\n<link rel=\"canonical\" href=\"https:\/\/chemgramx.com\/de_ch\/produkt-2\/6-mapb-online-kaufen\/\" \/>\n<meta property=\"og:locale\" content=\"de_DE\" \/>\n<meta property=\"og:type\" content=\"article\" \/>\n<meta property=\"og:title\" content=\"6-MAPB online kaufen \u2013 6-MAPB zu verkaufen | chemgramx\" \/>\n<meta property=\"og:description\" content=\"Ihre Bestellung von 6-mapb zu verkaufen liegt in unserer Verantwortung. Wir werden Ihre Anfrage zum Online-Kauf von 6-mapb ber\u00fccksichtigen und Sie in kurzer Zeit erreichen. Jetzt Gro\u00dfbestellungen aufgeben!\" \/>\n<meta property=\"og:url\" content=\"https:\/\/chemgramx.com\/de_ch\/produkt-2\/6-mapb-online-kaufen\/\" \/>\n<meta property=\"og:site_name\" content=\"Chemgramx\" \/>\n<meta property=\"article:modified_time\" content=\"2025-11-21T11:19:12+00:00\" \/>\n<meta property=\"og:image\" content=\"https:\/\/chemgramx.com\/wp-content\/uploads\/2025\/11\/6mapb.png\" \/>\n\t<meta property=\"og:image:width\" content=\"600\" \/>\n\t<meta property=\"og:image:height\" content=\"400\" \/>\n\t<meta property=\"og:image:type\" content=\"image\/png\" \/>\n<meta name=\"twitter:card\" content=\"summary_large_image\" \/>\n<meta name=\"twitter:label1\" content=\"Gesch\u00e4tzte Lesezeit\" \/>\n\t<meta name=\"twitter:data1\" content=\"2\u00a0Minuten\" \/>\n<script type=\"application\/ld+json\" class=\"yoast-schema-graph\">{\"@context\":\"https:\\\/\\\/schema.org\",\"@graph\":[{\"@type\":\"WebPage\",\"@id\":\"https:\\\/\\\/chemgramx.com\\\/product\\\/6-mapb-online-kaufen\\\/\",\"url\":\"https:\\\/\\\/chemgramx.com\\\/product\\\/6-mapb-online-kaufen\\\/\",\"name\":\"6-MAPB online kaufen \u2013 6-MAPB zu verkaufen | chemgramx\",\"isPartOf\":{\"@id\":\"https:\\\/\\\/chemgramx.com\\\/#website\"},\"primaryImageOfPage\":{\"@id\":\"https:\\\/\\\/chemgramx.com\\\/product\\\/6-mapb-online-kaufen\\\/#primaryimage\"},\"image\":{\"@id\":\"https:\\\/\\\/chemgramx.com\\\/product\\\/6-mapb-online-kaufen\\\/#primaryimage\"},\"thumbnailUrl\":\"https:\\\/\\\/chemgramx.com\\\/wp-content\\\/uploads\\\/2025\\\/11\\\/6mapb.png\",\"datePublished\":\"2025-11-21T11:18:00+00:00\",\"dateModified\":\"2025-11-21T11:19:12+00:00\",\"description\":\"Ihre Bestellung von 6-mapb zu verkaufen liegt in unserer Verantwortung. Wir werden Ihre Anfrage zum Online-Kauf von 6-mapb ber\u00fccksichtigen und Sie in kurzer Zeit erreichen. Jetzt Gro\u00dfbestellungen aufgeben!\",\"breadcrumb\":{\"@id\":\"https:\\\/\\\/chemgramx.com\\\/product\\\/6-mapb-online-kaufen\\\/#breadcrumb\"},\"inLanguage\":\"de-CH\",\"potentialAction\":[{\"@type\":\"ReadAction\",\"target\":[\"https:\\\/\\\/chemgramx.com\\\/product\\\/6-mapb-online-kaufen\\\/\"]}]},{\"@type\":\"ImageObject\",\"inLanguage\":\"de-CH\",\"@id\":\"https:\\\/\\\/chemgramx.com\\\/product\\\/6-mapb-online-kaufen\\\/#primaryimage\",\"url\":\"https:\\\/\\\/chemgramx.com\\\/wp-content\\\/uploads\\\/2025\\\/11\\\/6mapb.png\",\"contentUrl\":\"https:\\\/\\\/chemgramx.com\\\/wp-content\\\/uploads\\\/2025\\\/11\\\/6mapb.png\",\"width\":600,\"height\":400},{\"@type\":\"BreadcrumbList\",\"@id\":\"https:\\\/\\\/chemgramx.com\\\/product\\\/6-mapb-online-kaufen\\\/#breadcrumb\",\"itemListElement\":[{\"@type\":\"ListItem\",\"position\":1,\"name\":\"Home\",\"item\":\"https:\\\/\\\/chemgramx.com\\\/\"},{\"@type\":\"ListItem\",\"position\":2,\"name\":\"Shop\",\"item\":\"https:\\\/\\\/chemgramx.com\\\/shop\\\/\"},{\"@type\":\"ListItem\",\"position\":3,\"name\":\"6-MAPB online kaufen\"}]},{\"@type\":\"WebSite\",\"@id\":\"https:\\\/\\\/chemgramx.com\\\/#website\",\"url\":\"https:\\\/\\\/chemgramx.com\\\/\",\"name\":\"Chemgramx\",\"description\":\"\",\"publisher\":{\"@id\":\"https:\\\/\\\/chemgramx.com\\\/#organization\"},\"potentialAction\":[{\"@type\":\"SearchAction\",\"target\":{\"@type\":\"EntryPoint\",\"urlTemplate\":\"https:\\\/\\\/chemgramx.com\\\/?s={search_term_string}\"},\"query-input\":{\"@type\":\"PropertyValueSpecification\",\"valueRequired\":true,\"valueName\":\"search_term_string\"}}],\"inLanguage\":\"de-CH\"},{\"@type\":\"Organization\",\"@id\":\"https:\\\/\\\/chemgramx.com\\\/#organization\",\"name\":\"Chemgramx\",\"url\":\"https:\\\/\\\/chemgramx.com\\\/\",\"logo\":{\"@type\":\"ImageObject\",\"inLanguage\":\"de-CH\",\"@id\":\"https:\\\/\\\/chemgramx.com\\\/#\\\/schema\\\/logo\\\/image\\\/\",\"url\":\"https:\\\/\\\/chemgramx.com\\\/wp-content\\\/uploads\\\/2024\\\/10\\\/final-logo.png\",\"contentUrl\":\"https:\\\/\\\/chemgramx.com\\\/wp-content\\\/uploads\\\/2024\\\/10\\\/final-logo.png\",\"width\":250,\"height\":48,\"caption\":\"Chemgramx\"},\"image\":{\"@id\":\"https:\\\/\\\/chemgramx.com\\\/#\\\/schema\\\/logo\\\/image\\\/\"}}]}<\/script>\n<!-- \/ Yoast SEO plugin. -->","yoast_head_json":{"title":"6-MAPB online kaufen \u2013 6-MAPB zu verkaufen | chemgramx","description":"Ihre Bestellung von 6-mapb zu verkaufen liegt in unserer Verantwortung. Wir werden Ihre Anfrage zum Online-Kauf von 6-mapb ber\u00fccksichtigen und Sie in kurzer Zeit erreichen. Jetzt Gro\u00dfbestellungen aufgeben!","robots":{"index":"index","follow":"follow","max-snippet":"max-snippet:-1","max-image-preview":"max-image-preview:large","max-video-preview":"max-video-preview:-1"},"canonical":"https:\/\/chemgramx.com\/de_ch\/produkt-2\/6-mapb-online-kaufen\/","og_locale":"de_DE","og_type":"article","og_title":"6-MAPB online kaufen \u2013 6-MAPB zu verkaufen | chemgramx","og_description":"Ihre Bestellung von 6-mapb zu verkaufen liegt in unserer Verantwortung. Wir werden Ihre Anfrage zum Online-Kauf von 6-mapb ber\u00fccksichtigen und Sie in kurzer Zeit erreichen. Jetzt Gro\u00dfbestellungen aufgeben!","og_url":"https:\/\/chemgramx.com\/de_ch\/produkt-2\/6-mapb-online-kaufen\/","og_site_name":"Chemgramx","article_modified_time":"2025-11-21T11:19:12+00:00","og_image":[{"width":600,"height":400,"url":"https:\/\/chemgramx.com\/wp-content\/uploads\/2025\/11\/6mapb.png","type":"image\/png"}],"twitter_card":"summary_large_image","twitter_misc":{"Gesch\u00e4tzte Lesezeit":"2\u00a0Minuten"},"schema":{"@context":"https:\/\/schema.org","@graph":[{"@type":"WebPage","@id":"https:\/\/chemgramx.com\/product\/6-mapb-online-kaufen\/","url":"https:\/\/chemgramx.com\/product\/6-mapb-online-kaufen\/","name":"6-MAPB online kaufen \u2013 6-MAPB zu verkaufen | chemgramx","isPartOf":{"@id":"https:\/\/chemgramx.com\/#website"},"primaryImageOfPage":{"@id":"https:\/\/chemgramx.com\/product\/6-mapb-online-kaufen\/#primaryimage"},"image":{"@id":"https:\/\/chemgramx.com\/product\/6-mapb-online-kaufen\/#primaryimage"},"thumbnailUrl":"https:\/\/chemgramx.com\/wp-content\/uploads\/2025\/11\/6mapb.png","datePublished":"2025-11-21T11:18:00+00:00","dateModified":"2025-11-21T11:19:12+00:00","description":"Ihre Bestellung von 6-mapb zu verkaufen liegt in unserer Verantwortung. Wir werden Ihre Anfrage zum Online-Kauf von 6-mapb ber\u00fccksichtigen und Sie in kurzer Zeit erreichen. Jetzt Gro\u00dfbestellungen aufgeben!","breadcrumb":{"@id":"https:\/\/chemgramx.com\/product\/6-mapb-online-kaufen\/#breadcrumb"},"inLanguage":"de-CH","potentialAction":[{"@type":"ReadAction","target":["https:\/\/chemgramx.com\/product\/6-mapb-online-kaufen\/"]}]},{"@type":"ImageObject","inLanguage":"de-CH","@id":"https:\/\/chemgramx.com\/product\/6-mapb-online-kaufen\/#primaryimage","url":"https:\/\/chemgramx.com\/wp-content\/uploads\/2025\/11\/6mapb.png","contentUrl":"https:\/\/chemgramx.com\/wp-content\/uploads\/2025\/11\/6mapb.png","width":600,"height":400},{"@type":"BreadcrumbList","@id":"https:\/\/chemgramx.com\/product\/6-mapb-online-kaufen\/#breadcrumb","itemListElement":[{"@type":"ListItem","position":1,"name":"Home","item":"https:\/\/chemgramx.com\/"},{"@type":"ListItem","position":2,"name":"Shop","item":"https:\/\/chemgramx.com\/shop\/"},{"@type":"ListItem","position":3,"name":"6-MAPB online kaufen"}]},{"@type":"WebSite","@id":"https:\/\/chemgramx.com\/#website","url":"https:\/\/chemgramx.com\/","name":"Chemgramx","description":"","publisher":{"@id":"https:\/\/chemgramx.com\/#organization"},"potentialAction":[{"@type":"SearchAction","target":{"@type":"EntryPoint","urlTemplate":"https:\/\/chemgramx.com\/?s={search_term_string}"},"query-input":{"@type":"PropertyValueSpecification","valueRequired":true,"valueName":"search_term_string"}}],"inLanguage":"de-CH"},{"@type":"Organization","@id":"https:\/\/chemgramx.com\/#organization","name":"Chemgramx","url":"https:\/\/chemgramx.com\/","logo":{"@type":"ImageObject","inLanguage":"de-CH","@id":"https:\/\/chemgramx.com\/#\/schema\/logo\/image\/","url":"https:\/\/chemgramx.com\/wp-content\/uploads\/2024\/10\/final-logo.png","contentUrl":"https:\/\/chemgramx.com\/wp-content\/uploads\/2024\/10\/final-logo.png","width":250,"height":48,"caption":"Chemgramx"},"image":{"@id":"https:\/\/chemgramx.com\/#\/schema\/logo\/image\/"}}]}},"_links":{"self":[{"href":"https:\/\/chemgramx.com\/de_ch\/wp-json\/wp\/v2\/product\/7534","targetHints":{"allow":["GET"]}}],"collection":[{"href":"https:\/\/chemgramx.com\/de_ch\/wp-json\/wp\/v2\/product"}],"about":[{"href":"https:\/\/chemgramx.com\/de_ch\/wp-json\/wp\/v2\/types\/product"}],"replies":[{"embeddable":true,"href":"https:\/\/chemgramx.com\/de_ch\/wp-json\/wp\/v2\/comments?post=7534"}],"wp:featuredmedia":[{"embeddable":true,"href":"https:\/\/chemgramx.com\/de_ch\/wp-json\/wp\/v2\/media\/7552"}],"wp:attachment":[{"href":"https:\/\/chemgramx.com\/de_ch\/wp-json\/wp\/v2\/media?parent=7534"}],"wp:term":[{"taxonomy":"product_brand","embeddable":true,"href":"https:\/\/chemgramx.com\/de_ch\/wp-json\/wp\/v2\/product_brand?post=7534"},{"taxonomy":"product_cat","embeddable":true,"href":"https:\/\/chemgramx.com\/de_ch\/wp-json\/wp\/v2\/product_cat?post=7534"},{"taxonomy":"product_tag","embeddable":true,"href":"https:\/\/chemgramx.com\/de_ch\/wp-json\/wp\/v2\/product_tag?post=7534"}],"curies":[{"name":"wp","href":"https:\/\/api.w.org\/{rel}","templated":true}]}}