{"id":7613,"date":"2025-11-21T11:19:16","date_gmt":"2025-11-21T11:19:16","guid":{"rendered":"https:\/\/chemgramx.com\/?post_type=product&#038;p=7613"},"modified":"2025-11-21T11:20:09","modified_gmt":"2025-11-21T11:20:09","slug":"6-mapb-6-methyl-2-aminopropylbenzofuran-online-kaufen","status":"publish","type":"product","link":"https:\/\/chemgramx.com\/de_ch\/product\/6-mapb-6-methyl-2-aminopropylbenzofuran-online-kaufen\/","title":{"rendered":"6-MAPB (6-Methyl-2-Aminopropylbenzofuran) online kaufen"},"content":{"rendered":"<p data-start=\"294\" data-end=\"740\">Suchen Sie nach einer zuverl\u00e4ssigen Quelle, um Kaufen Sie 6-MAPB online von einer zuverl\u00e4ssigen Forschungsquelle? Dann sind Sie hier richtig. Chemgramx bietet hochreines, labortestetes 6-MAPB for sale, das ausschlie\u00dflich f\u00fcr Forschungszwecke bestimmt ist. Immer mehr Forscher entscheiden sich daf\u00fcr, 6-MAPB kaufen oder <a href=\"https:\/\/chemgramx.com\/product\/6-mapb-6-methyl-2-aminopropylbenzofuran\/\">6-MAPB online kaufen<\/a>, um die Wirkung von Stimulanzien und Entaktogenen auf Neurotransmitter, Stimmung und Verhalten zu untersuchen.<\/p>\n<h3 data-start=\"742\" data-end=\"762\">Was ist 6-MAPB?<\/h3>\n<p data-start=\"764\" data-end=\"1211\"><a href=\"https:\/\/en.wikipedia.org\/wiki\/6-MAPB\">6-MAPB<\/a> (6-Methyl-2-Aminopropylbenzofuran) ist strukturell eng mit MDMA verwandt und wirkt prim\u00e4r auf Serotonin-, Dopamin- und Noradrenalin-Transporter. Aufgrund seiner entaktogenen und stimulierenden Eigenschaften wird es h\u00e4ufig in Studien genutzt, um emotionale Zust\u00e4nde, soziale Interaktionen und kognitive Effekte zu erforschen. Viele Wissenschaftler order 6-MAPB, um pr\u00e4zise Erkenntnisse \u00fcber die Wirkung dieser Substanz zu erhalten.<\/p>\n<h3 data-start=\"1213\" data-end=\"1256\">Warum 6-MAPB f\u00fcr die Forschung w\u00e4hlen?<\/h3>\n<p data-start=\"1258\" data-end=\"1598\">Die Forschung mit 6-MAPB erm\u00f6glicht wertvolle Einblicke in die Funktionsweise von Neurotransmittern und die Rolle von Stimulanzien bei Stimmungsmodulation und Verhalten. Zudem hilft es, m\u00f6gliche therapeutische Anwendungen zu untersuchen. Wer \u00fcberlegt, wo kann man 6-MAP kaufen, findet bei Chemgramx einen seri\u00f6sen und gepr\u00fcften Anbieter.<\/p>\n<h3 data-start=\"1600\" data-end=\"1634\">6-MAPB for Sale bei Chemgramx<\/h3>\n<p data-start=\"1636\" data-end=\"2016\">Chemgramx bietet streng getestetes und hochreines 6-MAPB zu verkaufen. Jede Charge wird umfassend auf Qualit\u00e4t und Reinheit gepr\u00fcft, um die Zuverl\u00e4ssigkeit der Forschungsergebnisse zu gew\u00e4hrleisten. Unabh\u00e4ngig davon, ob Sie sich auf Neurotransmitter-Studien, psychoaktive Effekte oder Verhaltensanalysen konzentrieren \u2013 Chemgramx liefert Ihnen die passende Forschungschemikalie.<\/p>\n<h3 data-start=\"2018\" data-end=\"2067\">Vorteile beim Kauf von 6-MAPB bei Chemgramx<\/h3>\n<ul data-start=\"2068\" data-end=\"2327\">\n<li data-start=\"2068\" data-end=\"2152\">\n<p data-start=\"2070\" data-end=\"2152\">Labortests f\u00fcr Reinheit: Garantierte Qualit\u00e4t f\u00fcr wissenschaftliche Studien.<\/p>\n<\/li>\n<li data-start=\"2153\" data-end=\"2222\">\n<p data-start=\"2155\" data-end=\"2222\">Diskrete Lieferung: Schnelle und sichere Zustellung weltweit.<\/p>\n<\/li>\n<li data-start=\"2223\" data-end=\"2327\">\n<p data-start=\"2225\" data-end=\"2327\">Verl\u00e4ssliche Forschung: Ideal f\u00fcr Studien zu Stimmung, Verhalten und Neurotransmitter-Aktivit\u00e4t.<\/p>\n<\/li>\n<\/ul>\n<h3 data-start=\"2329\" data-end=\"2374\">Rechtlicher Status und sichere Lieferung<\/h3>\n<p data-start=\"2376\" data-end=\"2695\">Bevor Sie 6-MAPB online kaufen, sollten Sie die gesetzlichen Bestimmungen in Ihrem Land pr\u00fcfen. Chemgramx verkauft 6-MAPB zu verkaufen ausschlie\u00dflich zu Forschungszwecken und achtet streng auf alle Vorschriften. Dank diskreter Lieferung k\u00f6nnen Sie sicher sein, dass Ihre Bestellung vertraulich und gesch\u00fctzt ankommt.<\/p>\n<h3 data-start=\"2697\" data-end=\"2733\">6-MAPB Price und Bestellprozess<\/h3>\n<p data-start=\"2735\" data-end=\"2982\">Wir bieten faire und transparente 6-MAPB-Preis Optionen, damit Sie flexibel je nach Forschungsbedarf bestellen k\u00f6nnen. Der Bestellprozess ist einfach, schnell und sicher \u2013 perfekt f\u00fcr alle, die die bester Ort, um 6-MAPB online zu kaufen suchen.<\/p>\n<h3 data-start=\"2984\" data-end=\"3026\">Fazit \u2013 Jetzt 6-MAPB online bestellen<\/h3>\n<p data-start=\"3028\" data-end=\"3346\">Wenn Sie ein seri\u00f6ses Labor oder ein Forschungsprojekt unterst\u00fctzen m\u00f6chten, ist Chemgramx Ihr idealer Partner. Entdecken Sie jetzt unser Angebot und 6-MAPB bequem online bestellen. Dank gepr\u00fcfter Qualit\u00e4t, diskretem Versand und fairen 6-MAPB-Preis Optionen ist Chemgramx die bester Ort, um 6-MAPB online zu kaufen.<\/p>\n<p data-start=\"3348\" data-end=\"3481\">Bestellen Sie noch heute und profitieren Sie von unserem sicheren Service \u2013 6-MAPB online kaufen\u00a0bei einem zuverl\u00e4ssigen Anbieter.<\/p>","protected":false},"excerpt":{"rendered":"<div class=\"group\/conversation-turn relative flex w-full min-w-0 flex-col agent-turn\">\n<div class=\"flex-col gap-1 md:gap-3\">\n<div class=\"flex max-w-full flex-col flex-grow\">\n<div class=\"min-h-8 text-message flex w-full flex-col items-end gap-2 whitespace-normal break-words [.text-message+&amp;]:mt-5\" dir=\"auto\" data-message-author-role=\"assistant\" data-message-id=\"62779292-48b5-4968-bc2b-acb51772039b\" data-message-model-slug=\"gpt-4o-mini\">\n<div class=\"flex w-full flex-col gap-1 empty:hidden first:pt-[3px]\">\n<div class=\"markdown prose w-full break-words dark:prose-invert light\">\n<p><strong>6-MAPB<\/strong> ist eine psychoaktive Substanz, die zur Klasse der empathogenen und stimulierenden Verbindungen geh\u00f6rt. \u00c4hnlich wie andere Verbindungen in dieser Klasse wird sie h\u00e4ufig f\u00fcr ihre positiven Wirkungen auf das Wohlbefinden und die soziale Interaktion untersucht.<\/p>\n<div class=\"group\/conversation-turn relative flex w-full min-w-0 flex-col agent-turn\">\n<div class=\"flex-col gap-1 md:gap-3\">\n<div class=\"flex max-w-full flex-col flex-grow\">\n<div class=\"min-h-8 text-message flex w-full flex-col items-end gap-2 whitespace-normal break-words [.text-message+&amp;]:mt-5\" dir=\"auto\" data-message-author-role=\"assistant\" data-message-id=\"62779292-48b5-4968-bc2b-acb51772039b\" data-message-model-slug=\"gpt-4o-mini\">\n<div class=\"flex w-full flex-col gap-1 empty:hidden first:pt-[3px]\">\n<div class=\"markdown prose w-full break-words dark:prose-invert light\">\n<ul>\n<li><strong>CAS Number:<\/strong> <strong>145204-55-7<\/strong><\/li>\n<li><strong>Chemical Formula:<\/strong> <strong>C12H15N<\/strong><\/li>\n<\/ul>\n<\/div>\n<\/div>\n<\/div>\n<\/div>\n<\/div>\n<\/div>\n<\/div>\n<\/div>\n<\/div>\n<\/div>\n<\/div>\n<\/div>\n","protected":false},"featured_media":7643,"comment_status":"open","ping_status":"closed","template":"","meta":{"_joinchat":[]},"product_brand":[],"product_cat":[96],"product_tag":[2392,2697,2387,2696,2393,2390,2692,2694,2693,2695],"class_list":{"0":"post-7613","1":"product","2":"type-product","3":"status-publish","4":"has-post-thumbnail","6":"product_cat-psychedelische-droge","7":"product_tag-6-mapb-chemikalien","8":"product_tag-6-mapb-drogen","9":"product_tag-6-mapb-kaufen","10":"product_tag-6-mapb-kaufen-deutschland","11":"product_tag-6-mapb-kaufen-online","12":"product_tag-6-mapb-kristalle","13":"product_tag-6-mapb-online-kaufen","14":"product_tag-6-mapb-preis","15":"product_tag-6-mapb-prodej","16":"product_tag-6-methyl-2-aminopropylbenzofuran","18":"first","19":"instock","20":"shipping-taxable","21":"purchasable","22":"product-type-variable"},"yoast_head":"<!-- This site is optimized with the Yoast SEO plugin v27.5 - https:\/\/yoast.com\/product\/yoast-seo-wordpress\/ -->\n<title>6-MAPB (6-Methyl-2-Aminopropylbenzofuran) online kaufen<\/title>\n<meta name=\"description\" content=\"Sie m\u00f6chten 6-MAPB (6-Methyl-2-Aminopropylbenzofuran) online zu einem vern\u00fcnftigen Preis kaufen? Besuchen Sie unseren renommierten Chemgramx-Onlineshop und holen Sie sich noch heute 6-mapb zu verkaufen. Jetzt bestellen!\" \/>\n<meta name=\"robots\" content=\"index, follow, max-snippet:-1, max-image-preview:large, max-video-preview:-1\" \/>\n<link rel=\"canonical\" href=\"https:\/\/chemgramx.com\/de_ch\/produkt-2\/6-mapb-6-methyl-2-aminopropylbenzofuran-online-kaufen\/\" \/>\n<meta property=\"og:locale\" content=\"de_DE\" \/>\n<meta property=\"og:type\" content=\"article\" \/>\n<meta property=\"og:title\" content=\"6-MAPB (6-Methyl-2-Aminopropylbenzofuran) online kaufen\" \/>\n<meta property=\"og:description\" content=\"Sie m\u00f6chten 6-MAPB (6-Methyl-2-Aminopropylbenzofuran) online zu einem vern\u00fcnftigen Preis kaufen? Besuchen Sie unseren renommierten Chemgramx-Onlineshop und holen Sie sich noch heute 6-mapb zu verkaufen. Jetzt bestellen!\" \/>\n<meta property=\"og:url\" content=\"https:\/\/chemgramx.com\/de_ch\/produkt-2\/6-mapb-6-methyl-2-aminopropylbenzofuran-online-kaufen\/\" \/>\n<meta property=\"og:site_name\" content=\"Chemgramx\" \/>\n<meta property=\"article:modified_time\" content=\"2025-11-21T11:20:09+00:00\" \/>\n<meta property=\"og:image\" content=\"https:\/\/chemgramx.com\/wp-content\/uploads\/2025\/11\/6-MAPB-Online-Kaufen.jpeg\" \/>\n\t<meta property=\"og:image:width\" content=\"800\" \/>\n\t<meta property=\"og:image:height\" content=\"600\" \/>\n\t<meta property=\"og:image:type\" content=\"image\/jpeg\" \/>\n<meta name=\"twitter:card\" content=\"summary_large_image\" \/>\n<meta name=\"twitter:label1\" content=\"Gesch\u00e4tzte Lesezeit\" \/>\n\t<meta name=\"twitter:data1\" content=\"2\u00a0Minuten\" \/>\n<script type=\"application\/ld+json\" class=\"yoast-schema-graph\">{\"@context\":\"https:\\\/\\\/schema.org\",\"@graph\":[{\"@type\":\"WebPage\",\"@id\":\"https:\\\/\\\/chemgramx.com\\\/product\\\/6-mapb-6-methyl-2-aminopropylbenzofuran-online-kaufen\\\/\",\"url\":\"https:\\\/\\\/chemgramx.com\\\/product\\\/6-mapb-6-methyl-2-aminopropylbenzofuran-online-kaufen\\\/\",\"name\":\"6-MAPB (6-Methyl-2-Aminopropylbenzofuran) online kaufen\",\"isPartOf\":{\"@id\":\"https:\\\/\\\/chemgramx.com\\\/#website\"},\"primaryImageOfPage\":{\"@id\":\"https:\\\/\\\/chemgramx.com\\\/product\\\/6-mapb-6-methyl-2-aminopropylbenzofuran-online-kaufen\\\/#primaryimage\"},\"image\":{\"@id\":\"https:\\\/\\\/chemgramx.com\\\/product\\\/6-mapb-6-methyl-2-aminopropylbenzofuran-online-kaufen\\\/#primaryimage\"},\"thumbnailUrl\":\"https:\\\/\\\/chemgramx.com\\\/wp-content\\\/uploads\\\/2025\\\/11\\\/6-MAPB-Online-Kaufen.jpeg\",\"datePublished\":\"2025-11-21T11:19:16+00:00\",\"dateModified\":\"2025-11-21T11:20:09+00:00\",\"description\":\"Sie m\u00f6chten 6-MAPB (6-Methyl-2-Aminopropylbenzofuran) online zu einem vern\u00fcnftigen Preis kaufen? Besuchen Sie unseren renommierten Chemgramx-Onlineshop und holen Sie sich noch heute 6-mapb zu verkaufen. Jetzt bestellen!\",\"breadcrumb\":{\"@id\":\"https:\\\/\\\/chemgramx.com\\\/product\\\/6-mapb-6-methyl-2-aminopropylbenzofuran-online-kaufen\\\/#breadcrumb\"},\"inLanguage\":\"de-CH\",\"potentialAction\":[{\"@type\":\"ReadAction\",\"target\":[\"https:\\\/\\\/chemgramx.com\\\/product\\\/6-mapb-6-methyl-2-aminopropylbenzofuran-online-kaufen\\\/\"]}]},{\"@type\":\"ImageObject\",\"inLanguage\":\"de-CH\",\"@id\":\"https:\\\/\\\/chemgramx.com\\\/product\\\/6-mapb-6-methyl-2-aminopropylbenzofuran-online-kaufen\\\/#primaryimage\",\"url\":\"https:\\\/\\\/chemgramx.com\\\/wp-content\\\/uploads\\\/2025\\\/11\\\/6-MAPB-Online-Kaufen.jpeg\",\"contentUrl\":\"https:\\\/\\\/chemgramx.com\\\/wp-content\\\/uploads\\\/2025\\\/11\\\/6-MAPB-Online-Kaufen.jpeg\",\"width\":800,\"height\":600},{\"@type\":\"BreadcrumbList\",\"@id\":\"https:\\\/\\\/chemgramx.com\\\/product\\\/6-mapb-6-methyl-2-aminopropylbenzofuran-online-kaufen\\\/#breadcrumb\",\"itemListElement\":[{\"@type\":\"ListItem\",\"position\":1,\"name\":\"Home\",\"item\":\"https:\\\/\\\/chemgramx.com\\\/\"},{\"@type\":\"ListItem\",\"position\":2,\"name\":\"Shop\",\"item\":\"https:\\\/\\\/chemgramx.com\\\/shop\\\/\"},{\"@type\":\"ListItem\",\"position\":3,\"name\":\"6-MAPB (6-Methyl-2-Aminopropylbenzofuran) online kaufen\"}]},{\"@type\":\"WebSite\",\"@id\":\"https:\\\/\\\/chemgramx.com\\\/#website\",\"url\":\"https:\\\/\\\/chemgramx.com\\\/\",\"name\":\"Chemgramx\",\"description\":\"\",\"publisher\":{\"@id\":\"https:\\\/\\\/chemgramx.com\\\/#organization\"},\"potentialAction\":[{\"@type\":\"SearchAction\",\"target\":{\"@type\":\"EntryPoint\",\"urlTemplate\":\"https:\\\/\\\/chemgramx.com\\\/?s={search_term_string}\"},\"query-input\":{\"@type\":\"PropertyValueSpecification\",\"valueRequired\":true,\"valueName\":\"search_term_string\"}}],\"inLanguage\":\"de-CH\"},{\"@type\":\"Organization\",\"@id\":\"https:\\\/\\\/chemgramx.com\\\/#organization\",\"name\":\"Chemgramx\",\"url\":\"https:\\\/\\\/chemgramx.com\\\/\",\"logo\":{\"@type\":\"ImageObject\",\"inLanguage\":\"de-CH\",\"@id\":\"https:\\\/\\\/chemgramx.com\\\/#\\\/schema\\\/logo\\\/image\\\/\",\"url\":\"https:\\\/\\\/chemgramx.com\\\/wp-content\\\/uploads\\\/2024\\\/10\\\/final-logo.png\",\"contentUrl\":\"https:\\\/\\\/chemgramx.com\\\/wp-content\\\/uploads\\\/2024\\\/10\\\/final-logo.png\",\"width\":250,\"height\":48,\"caption\":\"Chemgramx\"},\"image\":{\"@id\":\"https:\\\/\\\/chemgramx.com\\\/#\\\/schema\\\/logo\\\/image\\\/\"}}]}<\/script>\n<!-- \/ Yoast SEO plugin. -->","yoast_head_json":{"title":"6-MAPB (6-Methyl-2-Aminopropylbenzofuran) online kaufen","description":"Sie m\u00f6chten 6-MAPB (6-Methyl-2-Aminopropylbenzofuran) online zu einem vern\u00fcnftigen Preis kaufen? Besuchen Sie unseren renommierten Chemgramx-Onlineshop und holen Sie sich noch heute 6-mapb zu verkaufen. Jetzt bestellen!","robots":{"index":"index","follow":"follow","max-snippet":"max-snippet:-1","max-image-preview":"max-image-preview:large","max-video-preview":"max-video-preview:-1"},"canonical":"https:\/\/chemgramx.com\/de_ch\/produkt-2\/6-mapb-6-methyl-2-aminopropylbenzofuran-online-kaufen\/","og_locale":"de_DE","og_type":"article","og_title":"6-MAPB (6-Methyl-2-Aminopropylbenzofuran) online kaufen","og_description":"Sie m\u00f6chten 6-MAPB (6-Methyl-2-Aminopropylbenzofuran) online zu einem vern\u00fcnftigen Preis kaufen? Besuchen Sie unseren renommierten Chemgramx-Onlineshop und holen Sie sich noch heute 6-mapb zu verkaufen. Jetzt bestellen!","og_url":"https:\/\/chemgramx.com\/de_ch\/produkt-2\/6-mapb-6-methyl-2-aminopropylbenzofuran-online-kaufen\/","og_site_name":"Chemgramx","article_modified_time":"2025-11-21T11:20:09+00:00","og_image":[{"width":800,"height":600,"url":"https:\/\/chemgramx.com\/wp-content\/uploads\/2025\/11\/6-MAPB-Online-Kaufen.jpeg","type":"image\/jpeg"}],"twitter_card":"summary_large_image","twitter_misc":{"Gesch\u00e4tzte Lesezeit":"2\u00a0Minuten"},"schema":{"@context":"https:\/\/schema.org","@graph":[{"@type":"WebPage","@id":"https:\/\/chemgramx.com\/product\/6-mapb-6-methyl-2-aminopropylbenzofuran-online-kaufen\/","url":"https:\/\/chemgramx.com\/product\/6-mapb-6-methyl-2-aminopropylbenzofuran-online-kaufen\/","name":"6-MAPB (6-Methyl-2-Aminopropylbenzofuran) online kaufen","isPartOf":{"@id":"https:\/\/chemgramx.com\/#website"},"primaryImageOfPage":{"@id":"https:\/\/chemgramx.com\/product\/6-mapb-6-methyl-2-aminopropylbenzofuran-online-kaufen\/#primaryimage"},"image":{"@id":"https:\/\/chemgramx.com\/product\/6-mapb-6-methyl-2-aminopropylbenzofuran-online-kaufen\/#primaryimage"},"thumbnailUrl":"https:\/\/chemgramx.com\/wp-content\/uploads\/2025\/11\/6-MAPB-Online-Kaufen.jpeg","datePublished":"2025-11-21T11:19:16+00:00","dateModified":"2025-11-21T11:20:09+00:00","description":"Sie m\u00f6chten 6-MAPB (6-Methyl-2-Aminopropylbenzofuran) online zu einem vern\u00fcnftigen Preis kaufen? Besuchen Sie unseren renommierten Chemgramx-Onlineshop und holen Sie sich noch heute 6-mapb zu verkaufen. Jetzt bestellen!","breadcrumb":{"@id":"https:\/\/chemgramx.com\/product\/6-mapb-6-methyl-2-aminopropylbenzofuran-online-kaufen\/#breadcrumb"},"inLanguage":"de-CH","potentialAction":[{"@type":"ReadAction","target":["https:\/\/chemgramx.com\/product\/6-mapb-6-methyl-2-aminopropylbenzofuran-online-kaufen\/"]}]},{"@type":"ImageObject","inLanguage":"de-CH","@id":"https:\/\/chemgramx.com\/product\/6-mapb-6-methyl-2-aminopropylbenzofuran-online-kaufen\/#primaryimage","url":"https:\/\/chemgramx.com\/wp-content\/uploads\/2025\/11\/6-MAPB-Online-Kaufen.jpeg","contentUrl":"https:\/\/chemgramx.com\/wp-content\/uploads\/2025\/11\/6-MAPB-Online-Kaufen.jpeg","width":800,"height":600},{"@type":"BreadcrumbList","@id":"https:\/\/chemgramx.com\/product\/6-mapb-6-methyl-2-aminopropylbenzofuran-online-kaufen\/#breadcrumb","itemListElement":[{"@type":"ListItem","position":1,"name":"Home","item":"https:\/\/chemgramx.com\/"},{"@type":"ListItem","position":2,"name":"Shop","item":"https:\/\/chemgramx.com\/shop\/"},{"@type":"ListItem","position":3,"name":"6-MAPB (6-Methyl-2-Aminopropylbenzofuran) online kaufen"}]},{"@type":"WebSite","@id":"https:\/\/chemgramx.com\/#website","url":"https:\/\/chemgramx.com\/","name":"Chemgramx","description":"","publisher":{"@id":"https:\/\/chemgramx.com\/#organization"},"potentialAction":[{"@type":"SearchAction","target":{"@type":"EntryPoint","urlTemplate":"https:\/\/chemgramx.com\/?s={search_term_string}"},"query-input":{"@type":"PropertyValueSpecification","valueRequired":true,"valueName":"search_term_string"}}],"inLanguage":"de-CH"},{"@type":"Organization","@id":"https:\/\/chemgramx.com\/#organization","name":"Chemgramx","url":"https:\/\/chemgramx.com\/","logo":{"@type":"ImageObject","inLanguage":"de-CH","@id":"https:\/\/chemgramx.com\/#\/schema\/logo\/image\/","url":"https:\/\/chemgramx.com\/wp-content\/uploads\/2024\/10\/final-logo.png","contentUrl":"https:\/\/chemgramx.com\/wp-content\/uploads\/2024\/10\/final-logo.png","width":250,"height":48,"caption":"Chemgramx"},"image":{"@id":"https:\/\/chemgramx.com\/#\/schema\/logo\/image\/"}}]}},"_links":{"self":[{"href":"https:\/\/chemgramx.com\/de_ch\/wp-json\/wp\/v2\/product\/7613","targetHints":{"allow":["GET"]}}],"collection":[{"href":"https:\/\/chemgramx.com\/de_ch\/wp-json\/wp\/v2\/product"}],"about":[{"href":"https:\/\/chemgramx.com\/de_ch\/wp-json\/wp\/v2\/types\/product"}],"replies":[{"embeddable":true,"href":"https:\/\/chemgramx.com\/de_ch\/wp-json\/wp\/v2\/comments?post=7613"}],"wp:featuredmedia":[{"embeddable":true,"href":"https:\/\/chemgramx.com\/de_ch\/wp-json\/wp\/v2\/media\/7643"}],"wp:attachment":[{"href":"https:\/\/chemgramx.com\/de_ch\/wp-json\/wp\/v2\/media?parent=7613"}],"wp:term":[{"taxonomy":"product_brand","embeddable":true,"href":"https:\/\/chemgramx.com\/de_ch\/wp-json\/wp\/v2\/product_brand?post=7613"},{"taxonomy":"product_cat","embeddable":true,"href":"https:\/\/chemgramx.com\/de_ch\/wp-json\/wp\/v2\/product_cat?post=7613"},{"taxonomy":"product_tag","embeddable":true,"href":"https:\/\/chemgramx.com\/de_ch\/wp-json\/wp\/v2\/product_tag?post=7613"}],"curies":[{"name":"wp","href":"https:\/\/api.w.org\/{rel}","templated":true}]}}