{"id":8788,"date":"2025-12-11T01:04:48","date_gmt":"2025-12-11T01:04:48","guid":{"rendered":"https:\/\/chemgramx.com\/?post_type=product&#038;p=8788"},"modified":"2025-12-11T01:06:19","modified_gmt":"2025-12-11T01:06:19","slug":"blue-vaders-220mg-mdma-online-kaufen","status":"publish","type":"product","link":"https:\/\/chemgramx.com\/de_ch\/product\/blue-vaders-220mg-mdma-online-kaufen\/","title":{"rendered":"Blue Vaders 220mg MDMA Online kaufen"},"content":{"rendered":"<h2 data-start=\"190\" data-end=\"282\">Blue Vaders 220mg MDMA Online kaufen \u2013 Premium f\u00fcr kognitive und emotionale Verbesserung<\/h2>\n<h3 data-start=\"284\" data-end=\"299\">Einf\u00fchrung<\/h3>\n<p data-start=\"301\" data-end=\"670\"><a href=\"https:\/\/chemgramx.com\/product\/blue-vaders-220-mg-mdma\/\">Blue Vaders 220mg MDMA online kaufen<\/a> hat sich schnell als beliebtes Produkt f\u00fcr Menschen etabliert, die eine potente, zuverl\u00e4ssige und tiefgehende kognitive sowie emotionale Erfahrung suchen. Die gleichbleibende Dosierung und hohe Reinheit machen es zur ersten Wahl bei erfahrenen Nutzern, die mentale Klarheit, gesteigerte Empathie und euphorische Energie sch\u00e4tzen.<\/p>\n<h3 data-start=\"672\" data-end=\"727\">Warum Blue Vaders 220mg MDMA online so beliebt ist<\/h3>\n<p data-start=\"729\" data-end=\"1123\">Die Nachfrage nach Empathogenen wie <a href=\"https:\/\/en.wikipedia.org\/wiki\/MDMA\">MDMA<\/a> steigt stetig. Blue Vaders 220mg MDMA zu verkaufen sticht durch seine starken Effekte und gepr\u00fcfte Qualit\u00e4t hervor. Das Produkt ist bekannt f\u00fcr eine ausgewogene, aber intensive Wirkung und wird deshalb auf vielen Online-Marktpl\u00e4tzen stark nachgefragt. Wer \u00fcberlegt,wo man Blue Vaders 220 mg MDMA kaufen kann, findet online die meisten sicheren Optionen.<\/p>\n<h3 data-start=\"1125\" data-end=\"1175\">Was macht Blue Vaders 220mg MDMA einzigartig?<\/h3>\n<h3 data-start=\"1177\" data-end=\"1208\">Chemische Zusammensetzung<\/h3>\n<p data-start=\"1209\" data-end=\"1450\">Blue Vaders 220mg MDMA online kaufen bietet eine pr\u00e4zise Dosierung von 220 mg reinem 3,4-Methylendioxymethamphetamin, hergestellt unter strengen Qualit\u00e4tskontrollen. So erhalten Nutzer ein sauberes, potentes Produkt ohne Verunreinigungen.<\/p>\n<h3 data-start=\"1452\" data-end=\"1490\">Wirkung und empfohlene Dosierung<\/h3>\n<p data-start=\"1491\" data-end=\"1798\">Das Produkt f\u00f6rdert eine verbesserte Stimmung, emotionale Offenheit, gesteigerte soziale Bindung und verbesserte kognitive Funktionen. Mit 220 mg eignet es sich f\u00fcr Anwender, die starke und langanhaltende Effekte w\u00fcnschen. Anf\u00e4nger sollten vor dem Blue Vaders 220mg MDMA bestellen geringere Mengen w\u00e4hlen.<\/p>\n<h3 data-start=\"1800\" data-end=\"1860\">Ist es sicher, Blue Vaders 220mg MDMA online zu kaufen?<\/h3>\n<p data-start=\"1862\" data-end=\"2116\">Beim Blue Vaders 220 mg MDMA kaufen sollte man nur Anbieter w\u00e4hlen, die gepr\u00fcfte Laboranalysen vorlegen. Gef\u00e4lschte Produkte stellen ein Risiko dar, weshalb sich ein Blick auf Bewertungen, Echtheitsberichte und transparente Anbieterinformationen lohnt.<\/p>\n<h3 data-start=\"2118\" data-end=\"2157\">Wie erkennt man seri\u00f6se Verk\u00e4ufer?<\/h3>\n<p data-start=\"2159\" data-end=\"2224\">Der best place to buy Blue Vaders 220mg MDMA online bietet:<\/p>\n<ul data-start=\"2226\" data-end=\"2399\">\n<li data-start=\"2226\" data-end=\"2281\">\n<p data-start=\"2228\" data-end=\"2281\">Sichere und diskrete Zahlungsmethoden sowie Versand<\/p>\n<\/li>\n<li data-start=\"2282\" data-end=\"2312\">\n<p data-start=\"2284\" data-end=\"2312\">Transparente Laborberichte<\/p>\n<\/li>\n<li data-start=\"2313\" data-end=\"2343\">\n<p data-start=\"2315\" data-end=\"2343\">Positive Kundenbewertungen<\/p>\n<\/li>\n<li data-start=\"2344\" data-end=\"2371\">\n<p data-start=\"2346\" data-end=\"2371\">Klare Dosierungsangaben<\/p>\n<\/li>\n<li data-start=\"2372\" data-end=\"2399\">\n<p data-start=\"2374\" data-end=\"2399\">Schnellen Kundenservice<\/p>\n<\/li>\n<\/ul>\n<h3 data-start=\"2401\" data-end=\"2435\">\u00dcberblick \u00fcber die Rechtslage<\/h3>\n<p data-start=\"2437\" data-end=\"2725\">MDMA, einschlie\u00dflich Blue Vaders 220 mg MDMA zu verkaufen, ist in vielen L\u00e4ndern eine kontrollierte Substanz. In einigen Regionen gibt es jedoch Ausnahmen f\u00fcr Forschung oder medizinische Zwecke. Pr\u00fcfen Sie stets die Gesetze in Ihrem Land, bevor Sie Blue Vaders 220 mg MDMA online kaufen.<\/p>\n<h3 data-start=\"2727\" data-end=\"2746\">Preis\u00fcbersicht<\/h3>\n<p data-start=\"2748\" data-end=\"2945\">Der Blue Vaders 220 mg MDMA-Preis h\u00e4ngt von Anbieter, Menge und Reinheit ab. Seri\u00f6se Shops bieten faire Preise mit garantierter Qualit\u00e4t. Billigangebote ohne Nachweise sollten gemieden werden.<\/p>\n<h3 data-start=\"3254\" data-end=\"3288\">Verantwortungsvoller Gebrauch<\/h3>\n<ul data-start=\"3290\" data-end=\"3491\">\n<li data-start=\"3290\" data-end=\"3333\">\n<p data-start=\"3292\" data-end=\"3333\">Strikte Dosierungsempfehlungen beachten<\/p>\n<\/li>\n<li data-start=\"3334\" data-end=\"3386\">\n<p data-start=\"3336\" data-end=\"3386\">Genug, aber nicht \u00fcberm\u00e4\u00dfig Fl\u00fcssigkeit zuf\u00fchren<\/p>\n<\/li>\n<li data-start=\"3387\" data-end=\"3418\">\n<p data-start=\"3389\" data-end=\"3418\">Konsum in sicherer Umgebung<\/p>\n<\/li>\n<li data-start=\"3419\" data-end=\"3463\">\n<p data-start=\"3421\" data-end=\"3463\">Keine Kombination mit anderen Substanzen<\/p>\n<\/li>\n<li data-start=\"3464\" data-end=\"3491\">\n<p data-start=\"3466\" data-end=\"3491\">Erholungszeit einplanen<\/p>\n<\/li>\n<\/ul>\n<p data-start=\"3493\" data-end=\"3579\">So l\u00e4sst sich das Potenzial von Blue Vaders 220mg MDMA online kaufen sicher nutzen.<\/p>\n<h3 data-start=\"3581\" data-end=\"3591\">Fazit<\/h3>\n<p data-start=\"3593\" data-end=\"4007\">Blue Vaders 220 mg MDMA online kaufen von einer zuverl\u00e4ssigen Forschungsquelle ist die beste Wahl f\u00fcr Anwender, die Reinheit, St\u00e4rke und Sicherheit suchen. Wer wissen m\u00f6chte, wo man Blue Vaders 220 mg MDMA kaufen kann, sollte ausschlie\u00dflich gepr\u00fcfte Anbieter nutzen. Mit fairem Blue Vaders 220 mg MDMA-Preis, diskreter Lieferung und strenger Qualit\u00e4tskontrolle bietet der Online-Kauf eine sichere und verl\u00e4ssliche L\u00f6sung.<\/p>","protected":false},"excerpt":{"rendered":"<p><strong>Blue Vaders 220mg MDMA<\/strong> nab\u00edz\u00ed silnou d\u00e1vku \u010dist\u00e9ho MDMA pro nezapomenuteln\u00fd z\u00e1\u017eitek. Tato tableta je ide\u00e1ln\u00ed pro zku\u0161en\u00e9 u\u017eivatele, kte\u0159\u00ed hledaj\u00ed intenzivn\u00ed euforii, energii a smyslov\u00e9 vjemy. Ka\u017ed\u00e1 tableta je p\u0159\u00edsn\u011b testov\u00e1na na kvalitu a bezpe\u010dnost, co\u017e zaru\u010duje maxim\u00e1ln\u00ed spolehlivost pro va\u0161e akce a festivaly.<\/p>","protected":false},"featured_media":8823,"comment_status":"open","ping_status":"closed","template":"","meta":{"_joinchat":[]},"product_brand":[],"product_cat":[2846],"product_tag":[2187,2190,2191,2189,2186,2188,2017,2164,2018,2015],"class_list":{"0":"post-8788","1":"product","2":"type-product","3":"status-publish","4":"has-post-thumbnail","6":"product_cat-ecstasy-pills","7":"product_tag-220mg-mdma","8":"product_tag-220mg-mdma-kaufen","9":"product_tag-blue-vaders-220mg","10":"product_tag-blue-vaders-kaufen","11":"product_tag-blue-vaders-mdma","12":"product_tag-mdma-220mg-kaufen","13":"product_tag-mdma-kristalle","14":"product_tag-mdma-online-kaufen","15":"product_tag-mdma-zum-verkauf","16":"product_tag-synthetische-drogen","18":"first","19":"instock","20":"shipping-taxable","21":"purchasable","22":"product-type-variable"},"yoast_head":"<!-- This site is optimized with the Yoast SEO plugin v27.5 - https:\/\/yoast.com\/product\/yoast-seo-wordpress\/ -->\n<title>Blue Vaders 220 mg MDMA online Kaufen | Chemgramx<\/title>\n<meta name=\"description\" content=\"In unserem Chemgramx-Shop k\u00f6nnen Sie Blue Vaders 220 mg MDMA zu g\u00fcnstigen Preisen kaufen. Wir handeln ausschlie\u00dflich mit Produkten der Spitzenklasse. Kaufen Sie Blue Vaders 220 mg MDMA jetzt online in unserem Shop. Bestellen Sie gleich!\" \/>\n<meta name=\"robots\" content=\"index, follow, max-snippet:-1, max-image-preview:large, max-video-preview:-1\" \/>\n<link rel=\"canonical\" href=\"https:\/\/chemgramx.com\/de_ch\/produkt-2\/blue-vaders-220mg-mdma-online-kaufen\/\" \/>\n<meta property=\"og:locale\" content=\"de_DE\" \/>\n<meta property=\"og:type\" content=\"article\" \/>\n<meta property=\"og:title\" content=\"Blue Vaders 220 mg MDMA online Kaufen | Chemgramx\" \/>\n<meta property=\"og:description\" content=\"In unserem Chemgramx-Shop k\u00f6nnen Sie Blue Vaders 220 mg MDMA zu g\u00fcnstigen Preisen kaufen. Wir handeln ausschlie\u00dflich mit Produkten der Spitzenklasse. Kaufen Sie Blue Vaders 220 mg MDMA jetzt online in unserem Shop. Bestellen Sie gleich!\" \/>\n<meta property=\"og:url\" content=\"https:\/\/chemgramx.com\/de_ch\/produkt-2\/blue-vaders-220mg-mdma-online-kaufen\/\" \/>\n<meta property=\"og:site_name\" content=\"Chemgramx\" \/>\n<meta property=\"article:modified_time\" content=\"2025-12-11T01:06:19+00:00\" \/>\n<meta property=\"og:image\" content=\"https:\/\/chemgramx.com\/wp-content\/uploads\/2025\/12\/p-11.png\" \/>\n\t<meta property=\"og:image:width\" content=\"600\" \/>\n\t<meta property=\"og:image:height\" content=\"400\" \/>\n\t<meta property=\"og:image:type\" content=\"image\/png\" \/>\n<meta name=\"twitter:card\" content=\"summary_large_image\" \/>\n<meta name=\"twitter:label1\" content=\"Gesch\u00e4tzte Lesezeit\" \/>\n\t<meta name=\"twitter:data1\" content=\"3\u00a0Minuten\" \/>\n<script type=\"application\/ld+json\" class=\"yoast-schema-graph\">{\"@context\":\"https:\\\/\\\/schema.org\",\"@graph\":[{\"@type\":\"WebPage\",\"@id\":\"https:\\\/\\\/chemgramx.com\\\/product\\\/blue-vaders-220mg-mdma-online-kaufen\\\/\",\"url\":\"https:\\\/\\\/chemgramx.com\\\/product\\\/blue-vaders-220mg-mdma-online-kaufen\\\/\",\"name\":\"Blue Vaders 220 mg MDMA online Kaufen | Chemgramx\",\"isPartOf\":{\"@id\":\"https:\\\/\\\/chemgramx.com\\\/#website\"},\"primaryImageOfPage\":{\"@id\":\"https:\\\/\\\/chemgramx.com\\\/product\\\/blue-vaders-220mg-mdma-online-kaufen\\\/#primaryimage\"},\"image\":{\"@id\":\"https:\\\/\\\/chemgramx.com\\\/product\\\/blue-vaders-220mg-mdma-online-kaufen\\\/#primaryimage\"},\"thumbnailUrl\":\"https:\\\/\\\/chemgramx.com\\\/wp-content\\\/uploads\\\/2025\\\/12\\\/p-11.png\",\"datePublished\":\"2025-12-11T01:04:48+00:00\",\"dateModified\":\"2025-12-11T01:06:19+00:00\",\"description\":\"In unserem Chemgramx-Shop k\u00f6nnen Sie Blue Vaders 220 mg MDMA zu g\u00fcnstigen Preisen kaufen. Wir handeln ausschlie\u00dflich mit Produkten der Spitzenklasse. Kaufen Sie Blue Vaders 220 mg MDMA jetzt online in unserem Shop. Bestellen Sie gleich!\",\"breadcrumb\":{\"@id\":\"https:\\\/\\\/chemgramx.com\\\/product\\\/blue-vaders-220mg-mdma-online-kaufen\\\/#breadcrumb\"},\"inLanguage\":\"de-CH\",\"potentialAction\":[{\"@type\":\"ReadAction\",\"target\":[\"https:\\\/\\\/chemgramx.com\\\/product\\\/blue-vaders-220mg-mdma-online-kaufen\\\/\"]}]},{\"@type\":\"ImageObject\",\"inLanguage\":\"de-CH\",\"@id\":\"https:\\\/\\\/chemgramx.com\\\/product\\\/blue-vaders-220mg-mdma-online-kaufen\\\/#primaryimage\",\"url\":\"https:\\\/\\\/chemgramx.com\\\/wp-content\\\/uploads\\\/2025\\\/12\\\/p-11.png\",\"contentUrl\":\"https:\\\/\\\/chemgramx.com\\\/wp-content\\\/uploads\\\/2025\\\/12\\\/p-11.png\",\"width\":600,\"height\":400},{\"@type\":\"BreadcrumbList\",\"@id\":\"https:\\\/\\\/chemgramx.com\\\/product\\\/blue-vaders-220mg-mdma-online-kaufen\\\/#breadcrumb\",\"itemListElement\":[{\"@type\":\"ListItem\",\"position\":1,\"name\":\"Home\",\"item\":\"https:\\\/\\\/chemgramx.com\\\/\"},{\"@type\":\"ListItem\",\"position\":2,\"name\":\"Shop\",\"item\":\"https:\\\/\\\/chemgramx.com\\\/shop\\\/\"},{\"@type\":\"ListItem\",\"position\":3,\"name\":\"Blue Vaders 220mg MDMA Online kaufen\"}]},{\"@type\":\"WebSite\",\"@id\":\"https:\\\/\\\/chemgramx.com\\\/#website\",\"url\":\"https:\\\/\\\/chemgramx.com\\\/\",\"name\":\"Chemgramx\",\"description\":\"\",\"publisher\":{\"@id\":\"https:\\\/\\\/chemgramx.com\\\/#organization\"},\"potentialAction\":[{\"@type\":\"SearchAction\",\"target\":{\"@type\":\"EntryPoint\",\"urlTemplate\":\"https:\\\/\\\/chemgramx.com\\\/?s={search_term_string}\"},\"query-input\":{\"@type\":\"PropertyValueSpecification\",\"valueRequired\":true,\"valueName\":\"search_term_string\"}}],\"inLanguage\":\"de-CH\"},{\"@type\":\"Organization\",\"@id\":\"https:\\\/\\\/chemgramx.com\\\/#organization\",\"name\":\"Chemgramx\",\"url\":\"https:\\\/\\\/chemgramx.com\\\/\",\"logo\":{\"@type\":\"ImageObject\",\"inLanguage\":\"de-CH\",\"@id\":\"https:\\\/\\\/chemgramx.com\\\/#\\\/schema\\\/logo\\\/image\\\/\",\"url\":\"https:\\\/\\\/chemgramx.com\\\/wp-content\\\/uploads\\\/2024\\\/10\\\/final-logo.png\",\"contentUrl\":\"https:\\\/\\\/chemgramx.com\\\/wp-content\\\/uploads\\\/2024\\\/10\\\/final-logo.png\",\"width\":250,\"height\":48,\"caption\":\"Chemgramx\"},\"image\":{\"@id\":\"https:\\\/\\\/chemgramx.com\\\/#\\\/schema\\\/logo\\\/image\\\/\"}}]}<\/script>\n<!-- \/ Yoast SEO plugin. -->","yoast_head_json":{"title":"Blue Vaders 220 mg MDMA online Kaufen | Chemgramx","description":"In unserem Chemgramx-Shop k\u00f6nnen Sie Blue Vaders 220 mg MDMA zu g\u00fcnstigen Preisen kaufen. Wir handeln ausschlie\u00dflich mit Produkten der Spitzenklasse. Kaufen Sie Blue Vaders 220 mg MDMA jetzt online in unserem Shop. Bestellen Sie gleich!","robots":{"index":"index","follow":"follow","max-snippet":"max-snippet:-1","max-image-preview":"max-image-preview:large","max-video-preview":"max-video-preview:-1"},"canonical":"https:\/\/chemgramx.com\/de_ch\/produkt-2\/blue-vaders-220mg-mdma-online-kaufen\/","og_locale":"de_DE","og_type":"article","og_title":"Blue Vaders 220 mg MDMA online Kaufen | Chemgramx","og_description":"In unserem Chemgramx-Shop k\u00f6nnen Sie Blue Vaders 220 mg MDMA zu g\u00fcnstigen Preisen kaufen. Wir handeln ausschlie\u00dflich mit Produkten der Spitzenklasse. Kaufen Sie Blue Vaders 220 mg MDMA jetzt online in unserem Shop. Bestellen Sie gleich!","og_url":"https:\/\/chemgramx.com\/de_ch\/produkt-2\/blue-vaders-220mg-mdma-online-kaufen\/","og_site_name":"Chemgramx","article_modified_time":"2025-12-11T01:06:19+00:00","og_image":[{"width":600,"height":400,"url":"https:\/\/chemgramx.com\/wp-content\/uploads\/2025\/12\/p-11.png","type":"image\/png"}],"twitter_card":"summary_large_image","twitter_misc":{"Gesch\u00e4tzte Lesezeit":"3\u00a0Minuten"},"schema":{"@context":"https:\/\/schema.org","@graph":[{"@type":"WebPage","@id":"https:\/\/chemgramx.com\/product\/blue-vaders-220mg-mdma-online-kaufen\/","url":"https:\/\/chemgramx.com\/product\/blue-vaders-220mg-mdma-online-kaufen\/","name":"Blue Vaders 220 mg MDMA online Kaufen | Chemgramx","isPartOf":{"@id":"https:\/\/chemgramx.com\/#website"},"primaryImageOfPage":{"@id":"https:\/\/chemgramx.com\/product\/blue-vaders-220mg-mdma-online-kaufen\/#primaryimage"},"image":{"@id":"https:\/\/chemgramx.com\/product\/blue-vaders-220mg-mdma-online-kaufen\/#primaryimage"},"thumbnailUrl":"https:\/\/chemgramx.com\/wp-content\/uploads\/2025\/12\/p-11.png","datePublished":"2025-12-11T01:04:48+00:00","dateModified":"2025-12-11T01:06:19+00:00","description":"In unserem Chemgramx-Shop k\u00f6nnen Sie Blue Vaders 220 mg MDMA zu g\u00fcnstigen Preisen kaufen. Wir handeln ausschlie\u00dflich mit Produkten der Spitzenklasse. Kaufen Sie Blue Vaders 220 mg MDMA jetzt online in unserem Shop. Bestellen Sie gleich!","breadcrumb":{"@id":"https:\/\/chemgramx.com\/product\/blue-vaders-220mg-mdma-online-kaufen\/#breadcrumb"},"inLanguage":"de-CH","potentialAction":[{"@type":"ReadAction","target":["https:\/\/chemgramx.com\/product\/blue-vaders-220mg-mdma-online-kaufen\/"]}]},{"@type":"ImageObject","inLanguage":"de-CH","@id":"https:\/\/chemgramx.com\/product\/blue-vaders-220mg-mdma-online-kaufen\/#primaryimage","url":"https:\/\/chemgramx.com\/wp-content\/uploads\/2025\/12\/p-11.png","contentUrl":"https:\/\/chemgramx.com\/wp-content\/uploads\/2025\/12\/p-11.png","width":600,"height":400},{"@type":"BreadcrumbList","@id":"https:\/\/chemgramx.com\/product\/blue-vaders-220mg-mdma-online-kaufen\/#breadcrumb","itemListElement":[{"@type":"ListItem","position":1,"name":"Home","item":"https:\/\/chemgramx.com\/"},{"@type":"ListItem","position":2,"name":"Shop","item":"https:\/\/chemgramx.com\/shop\/"},{"@type":"ListItem","position":3,"name":"Blue Vaders 220mg MDMA Online kaufen"}]},{"@type":"WebSite","@id":"https:\/\/chemgramx.com\/#website","url":"https:\/\/chemgramx.com\/","name":"Chemgramx","description":"","publisher":{"@id":"https:\/\/chemgramx.com\/#organization"},"potentialAction":[{"@type":"SearchAction","target":{"@type":"EntryPoint","urlTemplate":"https:\/\/chemgramx.com\/?s={search_term_string}"},"query-input":{"@type":"PropertyValueSpecification","valueRequired":true,"valueName":"search_term_string"}}],"inLanguage":"de-CH"},{"@type":"Organization","@id":"https:\/\/chemgramx.com\/#organization","name":"Chemgramx","url":"https:\/\/chemgramx.com\/","logo":{"@type":"ImageObject","inLanguage":"de-CH","@id":"https:\/\/chemgramx.com\/#\/schema\/logo\/image\/","url":"https:\/\/chemgramx.com\/wp-content\/uploads\/2024\/10\/final-logo.png","contentUrl":"https:\/\/chemgramx.com\/wp-content\/uploads\/2024\/10\/final-logo.png","width":250,"height":48,"caption":"Chemgramx"},"image":{"@id":"https:\/\/chemgramx.com\/#\/schema\/logo\/image\/"}}]}},"_links":{"self":[{"href":"https:\/\/chemgramx.com\/de_ch\/wp-json\/wp\/v2\/product\/8788","targetHints":{"allow":["GET"]}}],"collection":[{"href":"https:\/\/chemgramx.com\/de_ch\/wp-json\/wp\/v2\/product"}],"about":[{"href":"https:\/\/chemgramx.com\/de_ch\/wp-json\/wp\/v2\/types\/product"}],"replies":[{"embeddable":true,"href":"https:\/\/chemgramx.com\/de_ch\/wp-json\/wp\/v2\/comments?post=8788"}],"wp:featuredmedia":[{"embeddable":true,"href":"https:\/\/chemgramx.com\/de_ch\/wp-json\/wp\/v2\/media\/8823"}],"wp:attachment":[{"href":"https:\/\/chemgramx.com\/de_ch\/wp-json\/wp\/v2\/media?parent=8788"}],"wp:term":[{"taxonomy":"product_brand","embeddable":true,"href":"https:\/\/chemgramx.com\/de_ch\/wp-json\/wp\/v2\/product_brand?post=8788"},{"taxonomy":"product_cat","embeddable":true,"href":"https:\/\/chemgramx.com\/de_ch\/wp-json\/wp\/v2\/product_cat?post=8788"},{"taxonomy":"product_tag","embeddable":true,"href":"https:\/\/chemgramx.com\/de_ch\/wp-json\/wp\/v2\/product_tag?post=8788"}],"curies":[{"name":"wp","href":"https:\/\/api.w.org\/{rel}","templated":true}]}}