{"id":1061,"date":"2024-12-08T09:21:08","date_gmt":"2024-12-08T09:21:08","guid":{"rendered":"https:\/\/chemgramx.com\/?post_type=product&#038;p=1061"},"modified":"2025-10-15T09:06:15","modified_gmt":"2025-10-15T09:06:15","slug":"4-mpd","status":"publish","type":"product","link":"https:\/\/chemgramx.com\/en\/product\/4-mpd\/","title":{"rendered":"Buy 4-MPD online"},"content":{"rendered":"<h2 data-start=\"183\" data-end=\"241\">Buy 4-MPD Online \u2013 Information &amp; Research Purposes<\/h2>\n<p data-start=\"263\" data-end=\"624\"><a href=\"https:\/\/en.wikipedia.org\/wiki\/4-Methylpentedrone\">4-MPD<\/a> (4-Methylpyrrolidinylmethcathinone) is a psychoactive substance that belongs to the group of stimulants and is chemically related to other compounds such as methcathinone and methylphenidate. Many researchers choose <a href=\"https:\/\/chemgramx.com\/en\/product\/4-mpd\/\">Buy 4-MPD online<\/a>, da es \u00e4hnliche Eigenschaften wie Amphetamin-Derivate aufweist und f\u00fcr Forschungszwecke wertvoll ist.<\/p>\n<p data-start=\"626\" data-end=\"803\">The chemical formula of 4-MPD is C\u2081\u2082H\u2081\u2087NO. Due to its pyrrolidine structure, it belongs to the pyrrolidine cathinones and has a stimulating effect on the central nervous system.<\/p>\n<h3 data-start=\"810\" data-end=\"836\">Applications of 4-MPD<\/h3>\n<ul data-start=\"837\" data-end=\"1067\">\n<li data-start=\"837\" data-end=\"951\">\n<p data-start=\"839\" data-end=\"951\">Research: 4-MPD is used to study the effects of stimulants on brain and behavior.<\/p>\n<\/li>\n<li data-start=\"952\" data-end=\"1067\">\n<p data-start=\"954\" data-end=\"1067\">Psychoaktive Exploration: Anwender berichten von stimmungsaufhellenden und energief\u00f6rdernden Eigenschaften.<\/p>\n<\/li>\n<\/ul>\n<p data-start=\"1069\" data-end=\"1187\">Because 4-MPD has potential side effects, it should only be used by qualified individuals.<\/p>\n<h3 data-start=\"1194\" data-end=\"1227\">Rechtlicher Status von 4-MPD<\/h3>\n<p data-start=\"1228\" data-end=\"1526\">Der rechtliche Status variiert je nach Land. Wer \u00fcberlegt, wo kann man 4-MPD kaufen, sollte sich im Vorfeld \u00fcber die lokale Gesetzeslage informieren. In manchen Regionen f\u00e4llt 4-MPD bereits unter regulatorische Beschr\u00e4nkungen, in anderen L\u00e4ndern befindet es sich noch in einer rechtlichen Grauzone.<\/p>\n<h3 data-start=\"1533\" data-end=\"1564\">Why Buy 4-MPD Online?<\/h3>\n<p data-start=\"1565\" data-end=\"1655\">Immer mehr K\u00e4ufer entscheiden sich, 4-MPD online kaufen, da es mehrere Vorteile bietet:<\/p>\n<ul data-start=\"1657\" data-end=\"1957\">\n<li data-start=\"1657\" data-end=\"1747\">\n<p data-start=\"1659\" data-end=\"1747\">Convenience: Online shops allow you to order directly from home.<\/p>\n<\/li>\n<li data-start=\"1748\" data-end=\"1863\">\n<p data-start=\"1750\" data-end=\"1863\">Price comparison: Researchers can compare different providers to find the best 4-MPD price.<\/p>\n<\/li>\n<li data-start=\"1864\" data-end=\"1957\">\n<p data-start=\"1866\" data-end=\"1957\">Product range: Suppliers offer different packaging sizes and purity levels.<\/p>\n<\/li>\n<\/ul>\n<p data-start=\"1959\" data-end=\"2083\">However, caution is advised: inferior products or counterfeits are a risk from non-certified sources.<\/p>\n<h3 data-start=\"2090\" data-end=\"2134\">How do you find a reputable provider?<\/h3>\n<p data-start=\"2135\" data-end=\"2199\">Ein vertrauensw\u00fcrdiger Anbieter f\u00fcr 4-MPD zu verkaufen sollte:<\/p>\n<ul data-start=\"2200\" data-end=\"2350\">\n<li data-start=\"2200\" data-end=\"2252\">\n<p data-start=\"2202\" data-end=\"2252\">provide transparent product information,<\/p>\n<\/li>\n<li data-start=\"2253\" data-end=\"2309\">\n<p data-start=\"2255\" data-end=\"2309\">Reinheitszertifikate (COA) und Labortests vorweisen,<\/p>\n<\/li>\n<li data-start=\"2310\" data-end=\"2350\">\n<p data-start=\"2312\" data-end=\"2350\">avoir des avis clients r\u00e9put\u00e9s.<\/p>\n<\/li>\n<\/ul>\n<p data-start=\"2352\" data-end=\"2432\">Unrealistically low prices are often an indication of poor quality.<\/p>\n<h3 data-start=\"2439\" data-end=\"2475\">Order 4-MPD \u2013 Important Information<\/h3>\n<p data-start=\"2476\" data-end=\"2694\">Wer Bestellung 4-MPD m\u00f6chte, sollte ausschlie\u00dflich bei etablierten, gepr\u00fcften H\u00e4ndlern kaufen. Das best place to buy 4-MPD online ist ein Anbieter, der gepr\u00fcfte Reinheit, Dokumentation und sicheren Versand bietet.<\/p>\n<h3 data-start=\"2701\" data-end=\"2762\">Fazit \u2013 4-MPD online kaufen von einer zuverl\u00e4ssigen Forschungsquelle<\/h3>\n<p data-start=\"2763\" data-end=\"3077\">4-MPD online kaufen kann f\u00fcr Forschungszwecke interessant sein, sofern man ausschlie\u00dflich bei seri\u00f6sen Anbietern bestellt.<br data-start=\"2886\" data-end=\"2889\" \/>Ob Sie auf der Suche nach einem g\u00fcnstigen 4-MPD-Preis sind oder die h\u00f6chste Reinheit bevorzugen \u2013 ein zertifizierter H\u00e4ndler mit 4-MPD for sale sorgt f\u00fcr Qualit\u00e4t und Sicherheit.<\/p>\n<p data-start=\"3079\" data-end=\"3311\">Wenn Sie sich fragen, wo kann man 4-MPD kaufen, achten Sie darauf, dass Ihr Anbieter vollst\u00e4ndige Analysedaten und rechtlich konformen Versand anbietet. Nur so sichern Sie sich eine zuverl\u00e4ssige und legale Quelle f\u00fcr Ihre Forschung.<\/p>","protected":false},"excerpt":{"rendered":"<p><strong>4-MPD<\/strong>also known as <strong>4-Methylpentedron<\/strong>, ist eine Forschungschemikalie aus der Cathinon-Familie, die f\u00fcr wissenschaftliche Studien und chemische Analysen genutzt wird. Dank ihrer hohen Reinheit und chemischen Stabilit\u00e4t ist 4-MPD eine bevorzugte Wahl f\u00fcr Labore und Forscher.<\/p>\n<h3><strong>Eigenschaften von 4-MPD:<\/strong><\/h3>\n<ul>\n<li><strong>Chemical formula<\/strong>C12H17NO<\/li>\n<li><strong>Molecular weight<\/strong>191.27 g\/mol<\/li>\n<li><strong>Purity<\/strong>: Garantiert 99% f\u00fcr pr\u00e4zise und zuverl\u00e4ssige Ergebnisse.<\/li>\n<li><strong>Appearance<\/strong>: Wei\u00dfes, kristallines Pulver, ideal f\u00fcr Laborstudien.<\/li>\n<\/ul>\n<h3><strong>Areas of application:<\/strong><\/h3>\n<ol>\n<li><strong>Neuroscientific research<\/strong>: Untersuchung von Neurotransmitter-Mechanismen und Rezeptorbindungen.<\/li>\n<li><strong>Pharmacological studies<\/strong>Analysis of structure-activity relationships (SAR) and potential therapeutic applications.<\/li>\n<li><strong>Chemical experiments<\/strong>: Entwicklung neuer chemischer Verbindungen und Substanzen.<\/li>\n<\/ol>\n<h3><strong>Warum 4-MPD kaufen?<\/strong><\/h3>\n<ul>\n<li><strong>Highest quality<\/strong>: Entwickelt f\u00fcr zuverl\u00e4ssige und pr\u00e4zise Forschungsergebnisse.<\/li>\n<li><strong>Discreet shipping<\/strong>: Sicher und anonym direkt an Ihre Adresse geliefert.<\/li>\n<li><strong>Vielseitige Einsatzm\u00f6glichkeiten<\/strong>: Geeignet f\u00fcr zahlreiche wissenschaftliche Projekte.<\/li>\n<\/ul>","protected":false},"featured_media":1062,"comment_status":"open","ping_status":"closed","template":"","meta":{"_joinchat":[]},"product_brand":[],"product_cat":[48],"product_tag":[2442,2448,2447,2443,2449,2446,2444,2445,2450,2182],"class_list":{"0":"post-1061","1":"product","2":"type-product","3":"status-publish","4":"has-post-thumbnail","6":"product_cat-stimulants","7":"product_tag-4-mpd","8":"product_tag-4-mpd-chemikalien","9":"product_tag-4-mpd-forschung","10":"product_tag-4-mpd-kaufen","11":"product_tag-4-mpd-kaufen-online","12":"product_tag-4-mpd-kristalle","13":"product_tag-4-mpd-online","14":"product_tag-4-mpd-pulver","15":"product_tag-forschung-4-mpd","16":"product_tag-synthetische-chemikalien","18":"first","19":"instock","20":"shipping-taxable","21":"purchasable","22":"product-type-variable"},"yoast_head":"<!-- This site is optimized with the Yoast SEO plugin v26.1.1 - https:\/\/yoast.com\/wordpress\/plugins\/seo\/ -->\n<title>4-MPD online kaufen \u2013 4-MPD zu verkaufen | chemgramx<\/title>\n<meta name=\"description\" content=\"Ihre Anforderung, 4-mpd online zu kaufen, kann in unserem Chemgramx-Onlineshop erf\u00fcllt werden, da wir hier 4-mpd zum Verkauf anbieten. Geben Sie Ihre Bestellung auf und erhalten Sie jeden Tag g\u00fcnstige Angebote.\" \/>\n<meta name=\"robots\" content=\"index, follow, max-snippet:-1, max-image-preview:large, max-video-preview:-1\" \/>\n<link rel=\"canonical\" href=\"https:\/\/chemgramx.com\/en\/product\/4-mpd\/\" \/>\n<meta property=\"og:locale\" content=\"en_US\" \/>\n<meta property=\"og:type\" content=\"article\" \/>\n<meta property=\"og:title\" content=\"4-MPD online kaufen \u2013 4-MPD zu verkaufen | chemgramx\" \/>\n<meta property=\"og:description\" content=\"Ihre Anforderung, 4-mpd online zu kaufen, kann in unserem Chemgramx-Onlineshop erf\u00fcllt werden, da wir hier 4-mpd zum Verkauf anbieten. Geben Sie Ihre Bestellung auf und erhalten Sie jeden Tag g\u00fcnstige Angebote.\" \/>\n<meta property=\"og:url\" content=\"https:\/\/chemgramx.com\/en\/product\/4-mpd\/\" \/>\n<meta property=\"og:site_name\" content=\"Chemgramx\" \/>\n<meta property=\"article:modified_time\" content=\"2025-10-15T09:06:15+00:00\" \/>\n<meta property=\"og:image\" content=\"https:\/\/chemgramx.com\/wp-content\/uploads\/2024\/12\/4-mpd.png\" \/>\n\t<meta property=\"og:image:width\" content=\"600\" \/>\n\t<meta property=\"og:image:height\" content=\"400\" \/>\n\t<meta property=\"og:image:type\" content=\"image\/png\" \/>\n<meta name=\"twitter:card\" content=\"summary_large_image\" \/>\n<meta name=\"twitter:label1\" content=\"Est. reading time\" \/>\n\t<meta name=\"twitter:data1\" content=\"2 minutes\" \/>\n<script type=\"application\/ld+json\" class=\"yoast-schema-graph\">{\"@context\":\"https:\/\/schema.org\",\"@graph\":[{\"@type\":\"WebPage\",\"@id\":\"https:\/\/chemgramx.com\/product\/4-mpd\/\",\"url\":\"https:\/\/chemgramx.com\/product\/4-mpd\/\",\"name\":\"4-MPD online kaufen \u2013 4-MPD zu verkaufen | chemgramx\",\"isPartOf\":{\"@id\":\"https:\/\/chemgramx.com\/#website\"},\"primaryImageOfPage\":{\"@id\":\"https:\/\/chemgramx.com\/product\/4-mpd\/#primaryimage\"},\"image\":{\"@id\":\"https:\/\/chemgramx.com\/product\/4-mpd\/#primaryimage\"},\"thumbnailUrl\":\"https:\/\/chemgramx.com\/wp-content\/uploads\/2024\/12\/4-mpd.png\",\"datePublished\":\"2024-12-08T09:21:08+00:00\",\"dateModified\":\"2025-10-15T09:06:15+00:00\",\"description\":\"Ihre Anforderung, 4-mpd online zu kaufen, kann in unserem Chemgramx-Onlineshop erf\u00fcllt werden, da wir hier 4-mpd zum Verkauf anbieten. Geben Sie Ihre Bestellung auf und erhalten Sie jeden Tag g\u00fcnstige Angebote.\",\"breadcrumb\":{\"@id\":\"https:\/\/chemgramx.com\/product\/4-mpd\/#breadcrumb\"},\"inLanguage\":\"en-CA\",\"potentialAction\":[{\"@type\":\"ReadAction\",\"target\":[\"https:\/\/chemgramx.com\/product\/4-mpd\/\"]}]},{\"@type\":\"ImageObject\",\"inLanguage\":\"en-CA\",\"@id\":\"https:\/\/chemgramx.com\/product\/4-mpd\/#primaryimage\",\"url\":\"https:\/\/chemgramx.com\/wp-content\/uploads\/2024\/12\/4-mpd.png\",\"contentUrl\":\"https:\/\/chemgramx.com\/wp-content\/uploads\/2024\/12\/4-mpd.png\",\"width\":600,\"height\":400,\"caption\":\"4-MPD online kaufen\"},{\"@type\":\"BreadcrumbList\",\"@id\":\"https:\/\/chemgramx.com\/product\/4-mpd\/#breadcrumb\",\"itemListElement\":[{\"@type\":\"ListItem\",\"position\":1,\"name\":\"Home\",\"item\":\"https:\/\/chemgramx.com\/\"},{\"@type\":\"ListItem\",\"position\":2,\"name\":\"Shop\",\"item\":\"https:\/\/chemgramx.com\/shop\/\"},{\"@type\":\"ListItem\",\"position\":3,\"name\":\"4-MPD online kaufen\"}]},{\"@type\":\"WebSite\",\"@id\":\"https:\/\/chemgramx.com\/#website\",\"url\":\"https:\/\/chemgramx.com\/\",\"name\":\"Chemgramx\",\"description\":\"\",\"publisher\":{\"@id\":\"https:\/\/chemgramx.com\/#organization\"},\"potentialAction\":[{\"@type\":\"SearchAction\",\"target\":{\"@type\":\"EntryPoint\",\"urlTemplate\":\"https:\/\/chemgramx.com\/?s={search_term_string}\"},\"query-input\":{\"@type\":\"PropertyValueSpecification\",\"valueRequired\":true,\"valueName\":\"search_term_string\"}}],\"inLanguage\":\"en-CA\"},{\"@type\":\"Organization\",\"@id\":\"https:\/\/chemgramx.com\/#organization\",\"name\":\"Chemgramx\",\"url\":\"https:\/\/chemgramx.com\/\",\"logo\":{\"@type\":\"ImageObject\",\"inLanguage\":\"en-CA\",\"@id\":\"https:\/\/chemgramx.com\/#\/schema\/logo\/image\/\",\"url\":\"https:\/\/chemgramx.com\/wp-content\/uploads\/2024\/10\/final-logo.png\",\"contentUrl\":\"https:\/\/chemgramx.com\/wp-content\/uploads\/2024\/10\/final-logo.png\",\"width\":250,\"height\":48,\"caption\":\"Chemgramx\"},\"image\":{\"@id\":\"https:\/\/chemgramx.com\/#\/schema\/logo\/image\/\"}}]}<\/script>\n<!-- \/ Yoast SEO plugin. -->","yoast_head_json":{"title":"Buy 4-MPD online \u2013 4-MPD for sale | chemgramx","description":"Your need to buy 4-mpd online can be met at our Chemgramx online store, as we offer 4-mpd for sale here. Place your order and receive great deals every day.","robots":{"index":"index","follow":"follow","max-snippet":"max-snippet:-1","max-image-preview":"max-image-preview:large","max-video-preview":"max-video-preview:-1"},"canonical":"https:\/\/chemgramx.com\/en\/product\/4-mpd\/","og_locale":"en_US","og_type":"article","og_title":"4-MPD online kaufen \u2013 4-MPD zu verkaufen | chemgramx","og_description":"Ihre Anforderung, 4-mpd online zu kaufen, kann in unserem Chemgramx-Onlineshop erf\u00fcllt werden, da wir hier 4-mpd zum Verkauf anbieten. Geben Sie Ihre Bestellung auf und erhalten Sie jeden Tag g\u00fcnstige Angebote.","og_url":"https:\/\/chemgramx.com\/en\/product\/4-mpd\/","og_site_name":"Chemgramx","article_modified_time":"2025-10-15T09:06:15+00:00","og_image":[{"width":600,"height":400,"url":"https:\/\/chemgramx.com\/wp-content\/uploads\/2024\/12\/4-mpd.png","type":"image\/png"}],"twitter_card":"summary_large_image","twitter_misc":{"Est. reading time":"2 minutes"},"schema":{"@context":"https:\/\/schema.org","@graph":[{"@type":"WebPage","@id":"https:\/\/chemgramx.com\/product\/4-mpd\/","url":"https:\/\/chemgramx.com\/product\/4-mpd\/","name":"Buy 4-MPD online \u2013 4-MPD for sale | chemgramx","isPartOf":{"@id":"https:\/\/chemgramx.com\/#website"},"primaryImageOfPage":{"@id":"https:\/\/chemgramx.com\/product\/4-mpd\/#primaryimage"},"image":{"@id":"https:\/\/chemgramx.com\/product\/4-mpd\/#primaryimage"},"thumbnailUrl":"https:\/\/chemgramx.com\/wp-content\/uploads\/2024\/12\/4-mpd.png","datePublished":"2024-12-08T09:21:08+00:00","dateModified":"2025-10-15T09:06:15+00:00","description":"Your need to buy 4-mpd online can be met at our Chemgramx online store, as we offer 4-mpd for sale here. Place your order and receive great deals every day.","breadcrumb":{"@id":"https:\/\/chemgramx.com\/product\/4-mpd\/#breadcrumb"},"inLanguage":"en-CA","potentialAction":[{"@type":"ReadAction","target":["https:\/\/chemgramx.com\/product\/4-mpd\/"]}]},{"@type":"ImageObject","inLanguage":"en-CA","@id":"https:\/\/chemgramx.com\/product\/4-mpd\/#primaryimage","url":"https:\/\/chemgramx.com\/wp-content\/uploads\/2024\/12\/4-mpd.png","contentUrl":"https:\/\/chemgramx.com\/wp-content\/uploads\/2024\/12\/4-mpd.png","width":600,"height":400,"caption":"4-MPD online kaufen"},{"@type":"BreadcrumbList","@id":"https:\/\/chemgramx.com\/product\/4-mpd\/#breadcrumb","itemListElement":[{"@type":"ListItem","position":1,"name":"Home","item":"https:\/\/chemgramx.com\/"},{"@type":"ListItem","position":2,"name":"Shop","item":"https:\/\/chemgramx.com\/shop\/"},{"@type":"ListItem","position":3,"name":"4-MPD online kaufen"}]},{"@type":"WebSite","@id":"https:\/\/chemgramx.com\/#website","url":"https:\/\/chemgramx.com\/","name":"Chemgramx","description":"","publisher":{"@id":"https:\/\/chemgramx.com\/#organization"},"potentialAction":[{"@type":"SearchAction","target":{"@type":"EntryPoint","urlTemplate":"https:\/\/chemgramx.com\/?s={search_term_string}"},"query-input":{"@type":"PropertyValueSpecification","valueRequired":true,"valueName":"search_term_string"}}],"inLanguage":"en-CA"},{"@type":"Organization","@id":"https:\/\/chemgramx.com\/#organization","name":"Chemgramx","url":"https:\/\/chemgramx.com\/","logo":{"@type":"ImageObject","inLanguage":"en-CA","@id":"https:\/\/chemgramx.com\/#\/schema\/logo\/image\/","url":"https:\/\/chemgramx.com\/wp-content\/uploads\/2024\/10\/final-logo.png","contentUrl":"https:\/\/chemgramx.com\/wp-content\/uploads\/2024\/10\/final-logo.png","width":250,"height":48,"caption":"Chemgramx"},"image":{"@id":"https:\/\/chemgramx.com\/#\/schema\/logo\/image\/"}}]}},"_links":{"self":[{"href":"https:\/\/chemgramx.com\/en\/wp-json\/wp\/v2\/product\/1061","targetHints":{"allow":["GET"]}}],"collection":[{"href":"https:\/\/chemgramx.com\/en\/wp-json\/wp\/v2\/product"}],"about":[{"href":"https:\/\/chemgramx.com\/en\/wp-json\/wp\/v2\/types\/product"}],"replies":[{"embeddable":true,"href":"https:\/\/chemgramx.com\/en\/wp-json\/wp\/v2\/comments?post=1061"}],"wp:featuredmedia":[{"embeddable":true,"href":"https:\/\/chemgramx.com\/en\/wp-json\/wp\/v2\/media\/1062"}],"wp:attachment":[{"href":"https:\/\/chemgramx.com\/en\/wp-json\/wp\/v2\/media?parent=1061"}],"wp:term":[{"taxonomy":"product_brand","embeddable":true,"href":"https:\/\/chemgramx.com\/en\/wp-json\/wp\/v2\/product_brand?post=1061"},{"taxonomy":"product_cat","embeddable":true,"href":"https:\/\/chemgramx.com\/en\/wp-json\/wp\/v2\/product_cat?post=1061"},{"taxonomy":"product_tag","embeddable":true,"href":"https:\/\/chemgramx.com\/en\/wp-json\/wp\/v2\/product_tag?post=1061"}],"curies":[{"name":"wp","href":"https:\/\/api.w.org\/{rel}","templated":true}]}}