{"id":1110,"date":"2024-12-08T14:33:41","date_gmt":"2024-12-08T14:33:41","guid":{"rendered":"https:\/\/chemgramx.com\/?post_type=product&#038;p=1110"},"modified":"2025-10-18T06:45:32","modified_gmt":"2025-10-18T06:45:32","slug":"u-47700","status":"publish","type":"product","link":"https:\/\/chemgramx.com\/en_us\/product\/u-47700\/","title":{"rendered":"Buy U-47700 online"},"content":{"rendered":"<h2 data-start=\"128\" data-end=\"154\">Buy U-47700 online<\/h2>\n<p data-start=\"156\" data-end=\"558\">Suchen Sie nach einer sicheren M\u00f6glichkeit, U-47700 online kaufen? Bei uns finden Sie hochwertiges U-47700 zu verkaufen, gepr\u00fcft und mit h\u00f6chster Reinheit. Ob Sie buy real or fake U-47700 m\u00f6chten oder sich fragen, where to buy U-47700, wir bieten die L\u00f6sung f\u00fcr Labore und Forscher. Mit attraktiven Konditionen k\u00f6nnen Sie auch U-47700 g\u00fcnstig online kaufen,\u00a0ohne Kompromisse bei der Qualit\u00e4t.<\/p>\n<h3 data-start=\"565\" data-end=\"586\">What is U-47700?<\/h3>\n<p data-start=\"588\" data-end=\"885\">U-47700 is a highly advanced synthetic research chemical used primarily in pharmacological and biochemical research. This compound is frequently used to study receptor interactions and analyze molecular mechanisms of action.<\/p>\n<p data-start=\"887\" data-end=\"1066\">Forscher, die U-47700 online kaufen, profitieren von der stabilen chemischen Struktur und au\u00dfergew\u00f6hnlichen Reinheit, was sie ideal f\u00fcr pr\u00e4zise wissenschaftliche Studien macht.<\/p>\n<h3 data-start=\"1073\" data-end=\"1104\">Application in research<\/h3>\n<p data-start=\"1106\" data-end=\"1450\">With its stable and precise chemical composition, U-47700 is an excellent choice for laboratories seeking to conduct advanced studies. It is particularly suitable for the study of pain modulation and drug development, serving as an important tool for exploring new therapeutic approaches.<\/p>\n<p data-start=\"1452\" data-end=\"1583\">Wichtig: Nur Bestellen Sie echtes oder gef\u00e4lschtes U-47700 bei seri\u00f6sen Anbietern, die Reinheitszertifikate und gepr\u00fcfte Qualit\u00e4t bereitstellen.<\/p>\n<h3 data-start=\"1590\" data-end=\"1618\">Quality and safety<\/h3>\n<p data-start=\"1620\" data-end=\"1843\">Jede Charge von U-47700 wird unter strengsten Laborbedingungen getestet, um au\u00dfergew\u00f6hnliche Reinheit und Stabilit\u00e4t zu gew\u00e4hrleisten. Damit ist es die richtige Wahl, wenn Sie denbester Ort, um U-47700 zu kaufen suchen.<\/p>\n<p data-start=\"1845\" data-end=\"1991\">F\u00fcr Forschungseinrichtungen mit kleinem Budget ist es ebenfalls m\u00f6glich, U-47700 g\u00fcnstig online kaufen und dennoch gepr\u00fcfte Qualit\u00e4t zu erhalten.<\/p>\n<h3 data-start=\"1998\" data-end=\"2016\">Storage instructions<\/h3>\n<p data-start=\"2018\" data-end=\"2234\">stored in a cool, dry place, away from direct sunlight. It is important that all safety guidelines for handling<\/p>\n<h3 data-start=\"2241\" data-end=\"2284\">Main features and advantages of U-47700<\/h3>\n<ul data-start=\"2286\" data-end=\"2599\">\n<li data-start=\"2286\" data-end=\"2347\">\n<p data-start=\"2288\" data-end=\"2347\">Maximum purity for precise and reliable results<\/p>\n<\/li>\n<li data-start=\"2348\" data-end=\"2418\">\n<p data-start=\"2350\" data-end=\"2418\">Versatile application in pharmacological and molecular studies<\/p>\n<\/li>\n<li data-start=\"2419\" data-end=\"2480\">\n<p data-start=\"2421\" data-end=\"2480\">Strict quality controls for consistent consistency<\/p>\n<\/li>\n<li data-start=\"2481\" data-end=\"2540\">\n<p data-start=\"2483\" data-end=\"2540\">Research-specific and optimized for laboratory applications<\/p>\n<\/li>\n<li data-start=\"2541\" data-end=\"2599\">\n<p data-start=\"2543\" data-end=\"2599\">Fair U-47700 price for scientific projects<\/p>\n<\/li>\n<\/ul>\n<h3 data-start=\"2606\" data-end=\"2616\">Conclusion<\/h3>\n<p data-start=\"2618\" data-end=\"2830\">Wenn Sie echtes oder gef\u00e4lschtes U-47700 zu verkaufen suchen, sind wir Ihr vertrauensw\u00fcrdiger Partner. Mit gepr\u00fcfter Reinheit, diskreter Lieferung und fairen Preisen ist es jetzt einfacher denn je, U-47700 online kaufen.<\/p>\n<p data-start=\"2832\" data-end=\"2909\">Start your project today \u2013 safely, reliably and professionally.<\/p>","protected":false},"excerpt":{"rendered":"<p><strong>U-47700<\/strong> is an innovative synthetic compound that has been specially developed for scientific studies. It enables detailed analysis of pharmacological properties and receptor interactions. Thanks to the highest purity and strict quality controls, it delivers reliable results. For laboratory use only, not suitable for human consumption.<\/p>","protected":false},"featured_media":1111,"comment_status":"open","ping_status":"closed","template":"","meta":{"_joinchat":[]},"product_brand":[],"product_cat":[1800],"product_tag":[2182,2228,2236,2234,2235,2229,2233,2231,2232,2230],"class_list":{"0":"post-1110","1":"product","2":"type-product","3":"status-publish","4":"has-post-thumbnail","6":"product_cat-sedatives","7":"product_tag-synthetische-chemikalien","8":"product_tag-u-47700","9":"product_tag-u-47700-chemikalien","10":"product_tag-u-47700-forschung","11":"product_tag-u-47700-fur-forschung","12":"product_tag-u-47700-kaufen","13":"product_tag-u-47700-kristalle","14":"product_tag-u-47700-online","15":"product_tag-u-47700-pulver","16":"product_tag-u-47700-zum-verkauf","18":"first","19":"instock","20":"shipping-taxable","21":"purchasable","22":"product-type-variable"},"yoast_head":"<!-- This site is optimized with the Yoast SEO plugin v26.1.1 - https:\/\/yoast.com\/wordpress\/plugins\/seo\/ -->\n<title>U-47700 | Hochreine Chemikalie f\u00fcr fortschrittliche Forschung<\/title>\n<meta name=\"description\" content=\"U-47700, eine hochwertige Forschungschemikalie f\u00fcr pr\u00e4zise Studien. Entwickelt f\u00fcr Labore mit Fokus auf Reinheit und Qualit\u00e4t. Nicht f\u00fcr den menschlichen Konsum.\" \/>\n<meta name=\"robots\" content=\"index, follow, max-snippet:-1, max-image-preview:large, max-video-preview:-1\" \/>\n<link rel=\"canonical\" href=\"https:\/\/chemgramx.com\/en_us\/product\/u-47700\/\" \/>\n<meta property=\"og:locale\" content=\"en_US\" \/>\n<meta property=\"og:type\" content=\"article\" \/>\n<meta property=\"og:title\" content=\"U-47700 | Hochreine Chemikalie f\u00fcr fortschrittliche Forschung\" \/>\n<meta property=\"og:description\" content=\"U-47700, eine hochwertige Forschungschemikalie f\u00fcr pr\u00e4zise Studien. Entwickelt f\u00fcr Labore mit Fokus auf Reinheit und Qualit\u00e4t. Nicht f\u00fcr den menschlichen Konsum.\" \/>\n<meta property=\"og:url\" content=\"https:\/\/chemgramx.com\/en_us\/product\/u-47700\/\" \/>\n<meta property=\"og:site_name\" content=\"Chemgramx\" \/>\n<meta property=\"article:modified_time\" content=\"2025-10-18T06:45:32+00:00\" \/>\n<meta property=\"og:image\" content=\"https:\/\/chemgramx.com\/wp-content\/uploads\/2024\/12\/z16.png\" \/>\n\t<meta property=\"og:image:width\" content=\"600\" \/>\n\t<meta property=\"og:image:height\" content=\"403\" \/>\n\t<meta property=\"og:image:type\" content=\"image\/png\" \/>\n<meta name=\"twitter:card\" content=\"summary_large_image\" \/>\n<meta name=\"twitter:label1\" content=\"Est. reading time\" \/>\n\t<meta name=\"twitter:data1\" content=\"2 minutes\" \/>\n<script type=\"application\/ld+json\" class=\"yoast-schema-graph\">{\"@context\":\"https:\/\/schema.org\",\"@graph\":[{\"@type\":\"WebPage\",\"@id\":\"https:\/\/chemgramx.com\/product\/u-47700\/\",\"url\":\"https:\/\/chemgramx.com\/product\/u-47700\/\",\"name\":\"U-47700 | Hochreine Chemikalie f\u00fcr fortschrittliche Forschung\",\"isPartOf\":{\"@id\":\"https:\/\/chemgramx.com\/#website\"},\"primaryImageOfPage\":{\"@id\":\"https:\/\/chemgramx.com\/product\/u-47700\/#primaryimage\"},\"image\":{\"@id\":\"https:\/\/chemgramx.com\/product\/u-47700\/#primaryimage\"},\"thumbnailUrl\":\"https:\/\/chemgramx.com\/wp-content\/uploads\/2024\/12\/z16.png\",\"datePublished\":\"2024-12-08T14:33:41+00:00\",\"dateModified\":\"2025-10-18T06:45:32+00:00\",\"description\":\"U-47700, eine hochwertige Forschungschemikalie f\u00fcr pr\u00e4zise Studien. Entwickelt f\u00fcr Labore mit Fokus auf Reinheit und Qualit\u00e4t. Nicht f\u00fcr den menschlichen Konsum.\",\"breadcrumb\":{\"@id\":\"https:\/\/chemgramx.com\/product\/u-47700\/#breadcrumb\"},\"inLanguage\":\"en-US\",\"potentialAction\":[{\"@type\":\"ReadAction\",\"target\":[\"https:\/\/chemgramx.com\/product\/u-47700\/\"]}]},{\"@type\":\"ImageObject\",\"inLanguage\":\"en-US\",\"@id\":\"https:\/\/chemgramx.com\/product\/u-47700\/#primaryimage\",\"url\":\"https:\/\/chemgramx.com\/wp-content\/uploads\/2024\/12\/z16.png\",\"contentUrl\":\"https:\/\/chemgramx.com\/wp-content\/uploads\/2024\/12\/z16.png\",\"width\":600,\"height\":403,\"caption\":\"U-47700\"},{\"@type\":\"BreadcrumbList\",\"@id\":\"https:\/\/chemgramx.com\/product\/u-47700\/#breadcrumb\",\"itemListElement\":[{\"@type\":\"ListItem\",\"position\":1,\"name\":\"Home\",\"item\":\"https:\/\/chemgramx.com\/\"},{\"@type\":\"ListItem\",\"position\":2,\"name\":\"Shop\",\"item\":\"https:\/\/chemgramx.com\/shop\/\"},{\"@type\":\"ListItem\",\"position\":3,\"name\":\"U-47700 online kaufen\"}]},{\"@type\":\"WebSite\",\"@id\":\"https:\/\/chemgramx.com\/#website\",\"url\":\"https:\/\/chemgramx.com\/\",\"name\":\"Chemgramx\",\"description\":\"\",\"publisher\":{\"@id\":\"https:\/\/chemgramx.com\/#organization\"},\"potentialAction\":[{\"@type\":\"SearchAction\",\"target\":{\"@type\":\"EntryPoint\",\"urlTemplate\":\"https:\/\/chemgramx.com\/?s={search_term_string}\"},\"query-input\":{\"@type\":\"PropertyValueSpecification\",\"valueRequired\":true,\"valueName\":\"search_term_string\"}}],\"inLanguage\":\"en-US\"},{\"@type\":\"Organization\",\"@id\":\"https:\/\/chemgramx.com\/#organization\",\"name\":\"Chemgramx\",\"url\":\"https:\/\/chemgramx.com\/\",\"logo\":{\"@type\":\"ImageObject\",\"inLanguage\":\"en-US\",\"@id\":\"https:\/\/chemgramx.com\/#\/schema\/logo\/image\/\",\"url\":\"https:\/\/chemgramx.com\/wp-content\/uploads\/2024\/10\/final-logo.png\",\"contentUrl\":\"https:\/\/chemgramx.com\/wp-content\/uploads\/2024\/10\/final-logo.png\",\"width\":250,\"height\":48,\"caption\":\"Chemgramx\"},\"image\":{\"@id\":\"https:\/\/chemgramx.com\/#\/schema\/logo\/image\/\"}}]}<\/script>\n<!-- \/ Yoast SEO plugin. -->","yoast_head_json":{"title":"U-47700 | Hochreine Chemikalie f\u00fcr fortschrittliche Forschung","description":"U-47700, eine hochwertige Forschungschemikalie f\u00fcr pr\u00e4zise Studien. Entwickelt f\u00fcr Labore mit Fokus auf Reinheit und Qualit\u00e4t. Nicht f\u00fcr den menschlichen Konsum.","robots":{"index":"index","follow":"follow","max-snippet":"max-snippet:-1","max-image-preview":"max-image-preview:large","max-video-preview":"max-video-preview:-1"},"canonical":"https:\/\/chemgramx.com\/en_us\/product\/u-47700\/","og_locale":"en_US","og_type":"article","og_title":"U-47700 | Hochreine Chemikalie f\u00fcr fortschrittliche Forschung","og_description":"U-47700, eine hochwertige Forschungschemikalie f\u00fcr pr\u00e4zise Studien. Entwickelt f\u00fcr Labore mit Fokus auf Reinheit und Qualit\u00e4t. Nicht f\u00fcr den menschlichen Konsum.","og_url":"https:\/\/chemgramx.com\/en_us\/product\/u-47700\/","og_site_name":"Chemgramx","article_modified_time":"2025-10-18T06:45:32+00:00","og_image":[{"width":600,"height":403,"url":"https:\/\/chemgramx.com\/wp-content\/uploads\/2024\/12\/z16.png","type":"image\/png"}],"twitter_card":"summary_large_image","twitter_misc":{"Est. reading time":"2 minutes"},"schema":{"@context":"https:\/\/schema.org","@graph":[{"@type":"WebPage","@id":"https:\/\/chemgramx.com\/product\/u-47700\/","url":"https:\/\/chemgramx.com\/product\/u-47700\/","name":"U-47700 | Hochreine Chemikalie f\u00fcr fortschrittliche Forschung","isPartOf":{"@id":"https:\/\/chemgramx.com\/#website"},"primaryImageOfPage":{"@id":"https:\/\/chemgramx.com\/product\/u-47700\/#primaryimage"},"image":{"@id":"https:\/\/chemgramx.com\/product\/u-47700\/#primaryimage"},"thumbnailUrl":"https:\/\/chemgramx.com\/wp-content\/uploads\/2024\/12\/z16.png","datePublished":"2024-12-08T14:33:41+00:00","dateModified":"2025-10-18T06:45:32+00:00","description":"U-47700, eine hochwertige Forschungschemikalie f\u00fcr pr\u00e4zise Studien. Entwickelt f\u00fcr Labore mit Fokus auf Reinheit und Qualit\u00e4t. Nicht f\u00fcr den menschlichen Konsum.","breadcrumb":{"@id":"https:\/\/chemgramx.com\/product\/u-47700\/#breadcrumb"},"inLanguage":"en-US","potentialAction":[{"@type":"ReadAction","target":["https:\/\/chemgramx.com\/product\/u-47700\/"]}]},{"@type":"ImageObject","inLanguage":"en-US","@id":"https:\/\/chemgramx.com\/product\/u-47700\/#primaryimage","url":"https:\/\/chemgramx.com\/wp-content\/uploads\/2024\/12\/z16.png","contentUrl":"https:\/\/chemgramx.com\/wp-content\/uploads\/2024\/12\/z16.png","width":600,"height":403,"caption":"U-47700"},{"@type":"BreadcrumbList","@id":"https:\/\/chemgramx.com\/product\/u-47700\/#breadcrumb","itemListElement":[{"@type":"ListItem","position":1,"name":"Home","item":"https:\/\/chemgramx.com\/"},{"@type":"ListItem","position":2,"name":"Shop","item":"https:\/\/chemgramx.com\/shop\/"},{"@type":"ListItem","position":3,"name":"U-47700 online kaufen"}]},{"@type":"WebSite","@id":"https:\/\/chemgramx.com\/#website","url":"https:\/\/chemgramx.com\/","name":"Chemgramx","description":"","publisher":{"@id":"https:\/\/chemgramx.com\/#organization"},"potentialAction":[{"@type":"SearchAction","target":{"@type":"EntryPoint","urlTemplate":"https:\/\/chemgramx.com\/?s={search_term_string}"},"query-input":{"@type":"PropertyValueSpecification","valueRequired":true,"valueName":"search_term_string"}}],"inLanguage":"en-US"},{"@type":"Organization","@id":"https:\/\/chemgramx.com\/#organization","name":"Chemgramx","url":"https:\/\/chemgramx.com\/","logo":{"@type":"ImageObject","inLanguage":"en-US","@id":"https:\/\/chemgramx.com\/#\/schema\/logo\/image\/","url":"https:\/\/chemgramx.com\/wp-content\/uploads\/2024\/10\/final-logo.png","contentUrl":"https:\/\/chemgramx.com\/wp-content\/uploads\/2024\/10\/final-logo.png","width":250,"height":48,"caption":"Chemgramx"},"image":{"@id":"https:\/\/chemgramx.com\/#\/schema\/logo\/image\/"}}]}},"_links":{"self":[{"href":"https:\/\/chemgramx.com\/en_us\/wp-json\/wp\/v2\/product\/1110","targetHints":{"allow":["GET"]}}],"collection":[{"href":"https:\/\/chemgramx.com\/en_us\/wp-json\/wp\/v2\/product"}],"about":[{"href":"https:\/\/chemgramx.com\/en_us\/wp-json\/wp\/v2\/types\/product"}],"replies":[{"embeddable":true,"href":"https:\/\/chemgramx.com\/en_us\/wp-json\/wp\/v2\/comments?post=1110"}],"wp:featuredmedia":[{"embeddable":true,"href":"https:\/\/chemgramx.com\/en_us\/wp-json\/wp\/v2\/media\/1111"}],"wp:attachment":[{"href":"https:\/\/chemgramx.com\/en_us\/wp-json\/wp\/v2\/media?parent=1110"}],"wp:term":[{"taxonomy":"product_brand","embeddable":true,"href":"https:\/\/chemgramx.com\/en_us\/wp-json\/wp\/v2\/product_brand?post=1110"},{"taxonomy":"product_cat","embeddable":true,"href":"https:\/\/chemgramx.com\/en_us\/wp-json\/wp\/v2\/product_cat?post=1110"},{"taxonomy":"product_tag","embeddable":true,"href":"https:\/\/chemgramx.com\/en_us\/wp-json\/wp\/v2\/product_tag?post=1110"}],"curies":[{"name":"wp","href":"https:\/\/api.w.org\/{rel}","templated":true}]}}