{"id":1186,"date":"2024-12-09T05:17:45","date_gmt":"2024-12-09T05:17:45","guid":{"rendered":"https:\/\/chemgramx.com\/?post_type=product&#038;p=1186"},"modified":"2025-10-18T06:08:37","modified_gmt":"2025-10-18T06:08:37","slug":"md-php","status":"publish","type":"product","link":"https:\/\/chemgramx.com\/en_us\/product\/md-php\/","title":{"rendered":"Buy MD-PHP online"},"content":{"rendered":"<h2 data-start=\"236\" data-end=\"306\">Buy MD-PHP (3\u2032,4\u2032-Methylenedioxy-\u03b1-pyrrolidinohexiophenone) online<\/h2>\n<p data-start=\"308\" data-end=\"932\">MD-PHP, auch bekannt als 3&#8242;,4&#8242;-Methylenedioxy-\u03b1-pyrrolidinohexiophenon, ist ein synthetisches Cathinon, das urspr\u00fcnglich in den 1960er Jahren entwickelt wurde. Es geh\u00f6rt zur Klasse der \u03b1-Pyrrolidinohexiophenone und ist strukturell eng mit anderen Stimulanzien wie MDPV verwandt. In Gro\u00dfbritannien wird es umgangssprachlich als &#8222;Monkey Dust&#8220; bezeichnet. Nach dem Verbot von MDPV in einigen L\u00e4ndern wurde MD-PHP als Alternative verwendet und gilt heute als gefragte Substanz im Online-Handel. Viele Interessenten suchen gezielt danach, um <a href=\"https:\/\/chemgramx.com\/en_us\/product\/md-php\/\">Buy MD-PHP online<\/a> oder den besten Anbieter f\u00fcr MD-PHP f\u00fcr\u00a0 zu kaufen finden.<\/p>\n<h3 data-start=\"934\" data-end=\"991\">Why do people look to buy MD-PHP online?<\/h3>\n<p data-start=\"993\" data-end=\"1408\">The demand for MD-PHP stems from its availability as a research chemical and its potential effects as a stimulant. More and more people are asking: <em data-start=\"1161\" data-end=\"1189\">Where can I buy MD-PHP?<\/em> or <em data-start=\"1195\" data-end=\"1251\">What is the best place to buy MD-PHP online?<\/em> Insbesondere Forscher und Chemie-Enthusiasten interessieren sich f\u00fcr echtes oder gef\u00e4lschtes MD-PHP zu verkaufen, da es h\u00e4ufig unterschiedliche Qualit\u00e4tsstufen gibt.<\/p>\n<h3 data-start=\"1410\" data-end=\"1428\">What is MD-PHP?<\/h3>\n<p data-start=\"1430\" data-end=\"1819\">MD-PHP ist ein \u03b2-Keto-Cathinon mit der chemischen Formel C17H23NO3. Es wirkt als Monoamin-Wiederaufnahmehemmer, insbesondere f\u00fcr Dopamin, Noradrenalin und Serotonin, was zu erh\u00f6hter Wachsamkeit, Energie und Euphorie f\u00fchrt. F\u00fcr viele Interessenten spielt auch der MD-PHP Preis eine Rolle, wenn sie entscheiden, ob sie MD-PHP online kaufen oder lieber bei einem lokalen Anbieter suchen.<\/p>\n<h3 data-start=\"1821\" data-end=\"1887\">Chemical classification and comparison with other stimulants<\/h3>\n<p data-start=\"1889\" data-end=\"2248\">MD-PHP belongs to the class of synthetic cathinones and is structurally related to MDPV. Compared to MDPV, MD-PHP is considered more potent, with similar, but potentially more intense, effects. Anyone looking to buy real or fake MD-PHP should know the differences between original and imitation products to avoid disappointment.<\/p>\n<h3 data-start=\"2250\" data-end=\"2284\">Effects and benefits of MD-PHP<\/h3>\n<p data-start=\"2286\" data-end=\"2311\"><strong data-start=\"2286\" data-end=\"2309\">Psychological effects:<\/strong><\/p>\n<ul data-start=\"2312\" data-end=\"2443\">\n<li data-start=\"2312\" data-end=\"2353\">\n<p data-start=\"2314\" data-end=\"2353\">Increased alertness and concentration<\/p>\n<\/li>\n<li data-start=\"2354\" data-end=\"2396\">\n<p data-start=\"2356\" data-end=\"2396\">Euphoria and increased well-being<\/p>\n<\/li>\n<li data-start=\"2397\" data-end=\"2443\">\n<p data-start=\"2399\" data-end=\"2443\">Social openness and joy of communication<\/p>\n<\/li>\n<\/ul>\n<p data-start=\"2445\" data-end=\"2471\"><strong data-start=\"2445\" data-end=\"2469\">Physical effects:<\/strong><\/p>\n<ul data-start=\"2472\" data-end=\"2571\">\n<li data-start=\"2472\" data-end=\"2512\">\n<p data-start=\"2474\" data-end=\"2512\">Increased energy and activity levels<\/p>\n<\/li>\n<li data-start=\"2513\" data-end=\"2532\">\n<p data-start=\"2515\" data-end=\"2532\">Appetite control<\/p>\n<\/li>\n<li data-start=\"2533\" data-end=\"2571\">\n<p data-start=\"2535\" data-end=\"2571\">Increased heart rate:<\/p>\n<\/li>\n<\/ul>\n<p data-start=\"2573\" data-end=\"2814\">Berichte zeigen, dass Nutzer von gesteigerter Leistungsf\u00e4higkeit, erh\u00f6hter Wachsamkeit und Euphorie sprechen. Diese Eigenschaften machen es zu einem Produkt, das h\u00e4ufig unter MD-PHP f\u00fcr sale oder MD-PHP g\u00fcnstig online kaufen gesucht wird.<\/p>\n<h3 data-start=\"2816\" data-end=\"2851\">Recommended dosage guidelines<\/h3>\n<p data-start=\"2853\" data-end=\"3104\">Because MD-PHP is primarily marketed as a research chemical, there are no official dosage recommendations. Users ordering MD-PHP online should exercise extreme caution and start with minimal doses to test individual responses.<\/p>\n<h3 data-start=\"3106\" data-end=\"3148\">Duration of effects and redosing caution<\/h3>\n<p data-start=\"3150\" data-end=\"3343\">The effects of MD-PHP can last for several hours. Due to the potential development of tolerance and the risk of side effects, redosing should be avoided or severely limited.<\/p>\n<h3 data-start=\"3345\" data-end=\"3375\">Why buy MD-PHP online?<\/h3>\n<p data-start=\"3377\" data-end=\"3402\">Buying online offers:<\/p>\n<ul data-start=\"3403\" data-end=\"3681\">\n<li data-start=\"3403\" data-end=\"3508\">\n<p data-start=\"3405\" data-end=\"3508\">Bequemlichkeit: Zugriff auf verschiedene Anbieter von real oder gef\u00e4lschtes MD-PHP von zu Hause aus.<\/p>\n<\/li>\n<li data-start=\"3509\" data-end=\"3613\">\n<p data-start=\"3511\" data-end=\"3613\">Accessibility: Ability to compare prices and find the best MD-PHP price.<\/p>\n<\/li>\n<li data-start=\"3614\" data-end=\"3681\">\n<p data-start=\"3616\" data-end=\"3681\">Discretion: Anonymous purchase without personal interactions.<\/p>\n<\/li>\n<\/ul>\n<p data-start=\"3683\" data-end=\"3890\">F\u00fcr viele K\u00e4ufer ist es wichtig, den besten Platz, um MD-PHP zu kaufen, zu finden. H\u00e4ufig wird gezielt nach dem bester Ort, um MD-PHP zu kaufen oder nach Anbietern gesucht, die MD-PHP f\u00fcr zu verkaufen anbieten.<\/p>\n<h3 data-start=\"3892\" data-end=\"3936\">Is it legal to order MD-PHP online?<\/h3>\n<p data-start=\"3938\" data-end=\"3982\">The legal situation varies by country:<\/p>\n<ul data-start=\"3984\" data-end=\"4216\">\n<li data-start=\"3984\" data-end=\"4116\">\n<p data-start=\"3986\" data-end=\"4116\">Germany: MD-PHP is not explicitly listed in Annex I of the Narcotics Act, but could fall under the Medicines Act.<\/p>\n<\/li>\n<li data-start=\"4117\" data-end=\"4216\">\n<p data-start=\"4119\" data-end=\"4216\">India: MD-PHP is not explicitly mentioned in the NDPS Act, but caution is advised.<\/p>\n<\/li>\n<\/ul>\n<p data-start=\"4218\" data-end=\"4312\">Wer Bestellen Sie echtes oder gef\u00e4lschtes MD-PHP m\u00f6chte, sollte die Gesetzeslage in seinem Land genau pr\u00fcfen.<\/p>\n<h3 data-start=\"4314\" data-end=\"4338\">How to choose MD-PHP?<\/h3>\n<ul data-start=\"4340\" data-end=\"4547\">\n<li data-start=\"4340\" data-end=\"4403\">\n<p data-start=\"4342\" data-end=\"4403\">Purity: Pay attention to laboratory analyses and certificates.<\/p>\n<\/li>\n<li data-start=\"4404\" data-end=\"4452\">\n<p data-start=\"4406\" data-end=\"4452\">Packaging: Protection against contamination.<\/p>\n<\/li>\n<li data-start=\"4453\" data-end=\"4547\">\n<p data-start=\"4455\" data-end=\"4547\">Value for money: Compare the MD-PHP price per gram or dose.<\/p>\n<\/li>\n<\/ul>\n<h3 data-start=\"4549\" data-end=\"4590\">Best Places to Buy MD-PHP Online<\/h3>\n<ul data-start=\"4592\" data-end=\"4918\">\n<li data-start=\"4592\" data-end=\"4707\">\n<p data-start=\"4594\" data-end=\"4707\">Spezialisierte Chemikalienh\u00e4ndler: H\u00e4ufig die beste Wahl, wenn man real oder gef\u00e4lschtes MD-PHP kaufen m\u00f6chte.<\/p>\n<\/li>\n<li data-start=\"4708\" data-end=\"4828\">\n<p data-start=\"4710\" data-end=\"4828\">Online-Marktpl\u00e4tze: Hier findet man oft Angebote wie MD-PHP g\u00fcnstig online kaufen, allerdings mit h\u00f6herem Risiko.<\/p>\n<\/li>\n<li data-start=\"4829\" data-end=\"4918\">\n<p data-start=\"4831\" data-end=\"4918\">Direkt von Herstellern: Erm\u00f6glicht oft g\u00fcnstigere Preise bei MD-PHP f\u00fcr zu vekaufen.<\/p>\n<\/li>\n<\/ul>\n<h2 data-start=\"4920\" data-end=\"4928\">Conclusion<\/h2>\n<p data-start=\"4930\" data-end=\"5299\">MD-PHP ist ein leistungsstarkes Stimulans mit potenziellen Vorteilen, aber auch erheblichen Risiken. Wer MD-PHP online kaufen oder MD-PHP buy online m\u00f6chte, sollte die Reinheit und Legalit\u00e4t sorgf\u00e4ltig pr\u00fcfen. Der Markt bietet viele Optionen, vom bester Ort, um MD-PHP zu kaufen bis zu Angeboten wie Kaufen Sie echtes oder gef\u00e4lschtes MD-PHP online, jedoch ist Vorsicht geboten.<\/p>\n<h3 data-start=\"5301\" data-end=\"5358\">Tips for a safe and satisfactory purchase<\/h3>\n<ul data-start=\"5360\" data-end=\"5587\">\n<li data-start=\"5360\" data-end=\"5429\">\n<p data-start=\"5362\" data-end=\"5429\">Do thorough research: Check providers and reviews.<\/p>\n<\/li>\n<li data-start=\"5430\" data-end=\"5470\">\n<p data-start=\"5432\" data-end=\"5470\">Pay attention to purity certificates.<\/p>\n<\/li>\n<li data-start=\"5471\" data-end=\"5533\">\n<p data-start=\"5473\" data-end=\"5533\">Compare the MD-PHP price before ordering.<\/p>\n<\/li>\n<li data-start=\"5534\" data-end=\"5587\">\n<p data-start=\"5536\" data-end=\"5587\">Avoid redosing to minimize risks.<\/p>\n<\/li>\n<\/ul>","protected":false},"excerpt":{"rendered":"<p><strong>MD-PHP<\/strong> is a high quality research chemical, ideal for advanced chemical and pharmacological studies. Developed for precise analysis and reproducible results.<\/p>","protected":false},"featured_media":1187,"comment_status":"open","ping_status":"closed","template":"","meta":{"_joinchat":[]},"product_brand":[],"product_cat":[49],"product_tag":[188,1814,1911,1917,1912,1915,1916,1914,1913,248],"class_list":{"0":"post-1186","1":"product","2":"type-product","3":"status-publish","4":"has-post-thumbnail","6":"product_cat-cathinones","7":"product_tag-forschungschemikalien","8":"product_tag-forschungsstoffe-kaufen","9":"product_tag-md-php","10":"product_tag-md-php-chemikalien","11":"product_tag-md-php-kaufen","12":"product_tag-md-php-kristalle","13":"product_tag-md-php-online","14":"product_tag-md-php-pulver","15":"product_tag-md-php-zum-verkauf","16":"product_tag-synthetische-stimulanzien","18":"first","19":"instock","20":"shipping-taxable","21":"purchasable","22":"product-type-variable"},"yoast_head":"<!-- This site is optimized with the Yoast SEO plugin v26.1.1 - https:\/\/yoast.com\/wordpress\/plugins\/seo\/ -->\n<title>MD-PHP kaufen | Hochreine Forschungssubstanz online bestellen<\/title>\n<meta name=\"description\" content=\"Erwerben Sie MD-PHP, eine hochwertige Substanz f\u00fcr chemische und pharmakologische Forschung. Perfekt f\u00fcr pr\u00e4zise Analysen in professionellen Laboren.\" \/>\n<meta name=\"robots\" content=\"index, follow, max-snippet:-1, max-image-preview:large, max-video-preview:-1\" \/>\n<link rel=\"canonical\" href=\"https:\/\/chemgramx.com\/en_us\/product\/md-php\/\" \/>\n<meta property=\"og:locale\" content=\"en_US\" \/>\n<meta property=\"og:type\" content=\"article\" \/>\n<meta property=\"og:title\" content=\"MD-PHP kaufen | Hochreine Forschungssubstanz online bestellen\" \/>\n<meta property=\"og:description\" content=\"Erwerben Sie MD-PHP, eine hochwertige Substanz f\u00fcr chemische und pharmakologische Forschung. Perfekt f\u00fcr pr\u00e4zise Analysen in professionellen Laboren.\" \/>\n<meta property=\"og:url\" content=\"https:\/\/chemgramx.com\/en_us\/product\/md-php\/\" \/>\n<meta property=\"og:site_name\" content=\"Chemgramx\" \/>\n<meta property=\"article:modified_time\" content=\"2025-10-18T06:08:37+00:00\" \/>\n<meta property=\"og:image\" content=\"https:\/\/chemgramx.com\/wp-content\/uploads\/2024\/12\/mdphp.png\" \/>\n\t<meta property=\"og:image:width\" content=\"600\" \/>\n\t<meta property=\"og:image:height\" content=\"400\" \/>\n\t<meta property=\"og:image:type\" content=\"image\/png\" \/>\n<meta name=\"twitter:card\" content=\"summary_large_image\" \/>\n<meta name=\"twitter:label1\" content=\"Est. reading time\" \/>\n\t<meta name=\"twitter:data1\" content=\"4 minutes\" \/>\n<script type=\"application\/ld+json\" class=\"yoast-schema-graph\">{\"@context\":\"https:\/\/schema.org\",\"@graph\":[{\"@type\":\"WebPage\",\"@id\":\"https:\/\/chemgramx.com\/product\/md-php\/\",\"url\":\"https:\/\/chemgramx.com\/product\/md-php\/\",\"name\":\"MD-PHP kaufen | Hochreine Forschungssubstanz online bestellen\",\"isPartOf\":{\"@id\":\"https:\/\/chemgramx.com\/#website\"},\"primaryImageOfPage\":{\"@id\":\"https:\/\/chemgramx.com\/product\/md-php\/#primaryimage\"},\"image\":{\"@id\":\"https:\/\/chemgramx.com\/product\/md-php\/#primaryimage\"},\"thumbnailUrl\":\"https:\/\/chemgramx.com\/wp-content\/uploads\/2024\/12\/mdphp.png\",\"datePublished\":\"2024-12-09T05:17:45+00:00\",\"dateModified\":\"2025-10-18T06:08:37+00:00\",\"description\":\"Erwerben Sie MD-PHP, eine hochwertige Substanz f\u00fcr chemische und pharmakologische Forschung. Perfekt f\u00fcr pr\u00e4zise Analysen in professionellen Laboren.\",\"breadcrumb\":{\"@id\":\"https:\/\/chemgramx.com\/product\/md-php\/#breadcrumb\"},\"inLanguage\":\"en-US\",\"potentialAction\":[{\"@type\":\"ReadAction\",\"target\":[\"https:\/\/chemgramx.com\/product\/md-php\/\"]}]},{\"@type\":\"ImageObject\",\"inLanguage\":\"en-US\",\"@id\":\"https:\/\/chemgramx.com\/product\/md-php\/#primaryimage\",\"url\":\"https:\/\/chemgramx.com\/wp-content\/uploads\/2024\/12\/mdphp.png\",\"contentUrl\":\"https:\/\/chemgramx.com\/wp-content\/uploads\/2024\/12\/mdphp.png\",\"width\":600,\"height\":400,\"caption\":\"MD-PHP\"},{\"@type\":\"BreadcrumbList\",\"@id\":\"https:\/\/chemgramx.com\/product\/md-php\/#breadcrumb\",\"itemListElement\":[{\"@type\":\"ListItem\",\"position\":1,\"name\":\"Home\",\"item\":\"https:\/\/chemgramx.com\/\"},{\"@type\":\"ListItem\",\"position\":2,\"name\":\"Shop\",\"item\":\"https:\/\/chemgramx.com\/shop\/\"},{\"@type\":\"ListItem\",\"position\":3,\"name\":\"MD-PHP online kaufen\"}]},{\"@type\":\"WebSite\",\"@id\":\"https:\/\/chemgramx.com\/#website\",\"url\":\"https:\/\/chemgramx.com\/\",\"name\":\"Chemgramx\",\"description\":\"\",\"publisher\":{\"@id\":\"https:\/\/chemgramx.com\/#organization\"},\"potentialAction\":[{\"@type\":\"SearchAction\",\"target\":{\"@type\":\"EntryPoint\",\"urlTemplate\":\"https:\/\/chemgramx.com\/?s={search_term_string}\"},\"query-input\":{\"@type\":\"PropertyValueSpecification\",\"valueRequired\":true,\"valueName\":\"search_term_string\"}}],\"inLanguage\":\"en-US\"},{\"@type\":\"Organization\",\"@id\":\"https:\/\/chemgramx.com\/#organization\",\"name\":\"Chemgramx\",\"url\":\"https:\/\/chemgramx.com\/\",\"logo\":{\"@type\":\"ImageObject\",\"inLanguage\":\"en-US\",\"@id\":\"https:\/\/chemgramx.com\/#\/schema\/logo\/image\/\",\"url\":\"https:\/\/chemgramx.com\/wp-content\/uploads\/2024\/10\/final-logo.png\",\"contentUrl\":\"https:\/\/chemgramx.com\/wp-content\/uploads\/2024\/10\/final-logo.png\",\"width\":250,\"height\":48,\"caption\":\"Chemgramx\"},\"image\":{\"@id\":\"https:\/\/chemgramx.com\/#\/schema\/logo\/image\/\"}}]}<\/script>\n<!-- \/ Yoast SEO plugin. -->","yoast_head_json":{"title":"MD-PHP kaufen | Hochreine Forschungssubstanz online bestellen","description":"Erwerben Sie MD-PHP, eine hochwertige Substanz f\u00fcr chemische und pharmakologische Forschung. Perfekt f\u00fcr pr\u00e4zise Analysen in professionellen Laboren.","robots":{"index":"index","follow":"follow","max-snippet":"max-snippet:-1","max-image-preview":"max-image-preview:large","max-video-preview":"max-video-preview:-1"},"canonical":"https:\/\/chemgramx.com\/en_us\/product\/md-php\/","og_locale":"en_US","og_type":"article","og_title":"MD-PHP kaufen | Hochreine Forschungssubstanz online bestellen","og_description":"Erwerben Sie MD-PHP, eine hochwertige Substanz f\u00fcr chemische und pharmakologische Forschung. Perfekt f\u00fcr pr\u00e4zise Analysen in professionellen Laboren.","og_url":"https:\/\/chemgramx.com\/en_us\/product\/md-php\/","og_site_name":"Chemgramx","article_modified_time":"2025-10-18T06:08:37+00:00","og_image":[{"width":600,"height":400,"url":"https:\/\/chemgramx.com\/wp-content\/uploads\/2024\/12\/mdphp.png","type":"image\/png"}],"twitter_card":"summary_large_image","twitter_misc":{"Est. reading time":"4 minutes"},"schema":{"@context":"https:\/\/schema.org","@graph":[{"@type":"WebPage","@id":"https:\/\/chemgramx.com\/product\/md-php\/","url":"https:\/\/chemgramx.com\/product\/md-php\/","name":"MD-PHP kaufen | Hochreine Forschungssubstanz online bestellen","isPartOf":{"@id":"https:\/\/chemgramx.com\/#website"},"primaryImageOfPage":{"@id":"https:\/\/chemgramx.com\/product\/md-php\/#primaryimage"},"image":{"@id":"https:\/\/chemgramx.com\/product\/md-php\/#primaryimage"},"thumbnailUrl":"https:\/\/chemgramx.com\/wp-content\/uploads\/2024\/12\/mdphp.png","datePublished":"2024-12-09T05:17:45+00:00","dateModified":"2025-10-18T06:08:37+00:00","description":"Erwerben Sie MD-PHP, eine hochwertige Substanz f\u00fcr chemische und pharmakologische Forschung. Perfekt f\u00fcr pr\u00e4zise Analysen in professionellen Laboren.","breadcrumb":{"@id":"https:\/\/chemgramx.com\/product\/md-php\/#breadcrumb"},"inLanguage":"en-US","potentialAction":[{"@type":"ReadAction","target":["https:\/\/chemgramx.com\/product\/md-php\/"]}]},{"@type":"ImageObject","inLanguage":"en-US","@id":"https:\/\/chemgramx.com\/product\/md-php\/#primaryimage","url":"https:\/\/chemgramx.com\/wp-content\/uploads\/2024\/12\/mdphp.png","contentUrl":"https:\/\/chemgramx.com\/wp-content\/uploads\/2024\/12\/mdphp.png","width":600,"height":400,"caption":"MD-PHP"},{"@type":"BreadcrumbList","@id":"https:\/\/chemgramx.com\/product\/md-php\/#breadcrumb","itemListElement":[{"@type":"ListItem","position":1,"name":"Home","item":"https:\/\/chemgramx.com\/"},{"@type":"ListItem","position":2,"name":"Shop","item":"https:\/\/chemgramx.com\/shop\/"},{"@type":"ListItem","position":3,"name":"MD-PHP online kaufen"}]},{"@type":"WebSite","@id":"https:\/\/chemgramx.com\/#website","url":"https:\/\/chemgramx.com\/","name":"Chemgramx","description":"","publisher":{"@id":"https:\/\/chemgramx.com\/#organization"},"potentialAction":[{"@type":"SearchAction","target":{"@type":"EntryPoint","urlTemplate":"https:\/\/chemgramx.com\/?s={search_term_string}"},"query-input":{"@type":"PropertyValueSpecification","valueRequired":true,"valueName":"search_term_string"}}],"inLanguage":"en-US"},{"@type":"Organization","@id":"https:\/\/chemgramx.com\/#organization","name":"Chemgramx","url":"https:\/\/chemgramx.com\/","logo":{"@type":"ImageObject","inLanguage":"en-US","@id":"https:\/\/chemgramx.com\/#\/schema\/logo\/image\/","url":"https:\/\/chemgramx.com\/wp-content\/uploads\/2024\/10\/final-logo.png","contentUrl":"https:\/\/chemgramx.com\/wp-content\/uploads\/2024\/10\/final-logo.png","width":250,"height":48,"caption":"Chemgramx"},"image":{"@id":"https:\/\/chemgramx.com\/#\/schema\/logo\/image\/"}}]}},"_links":{"self":[{"href":"https:\/\/chemgramx.com\/en_us\/wp-json\/wp\/v2\/product\/1186","targetHints":{"allow":["GET"]}}],"collection":[{"href":"https:\/\/chemgramx.com\/en_us\/wp-json\/wp\/v2\/product"}],"about":[{"href":"https:\/\/chemgramx.com\/en_us\/wp-json\/wp\/v2\/types\/product"}],"replies":[{"embeddable":true,"href":"https:\/\/chemgramx.com\/en_us\/wp-json\/wp\/v2\/comments?post=1186"}],"wp:featuredmedia":[{"embeddable":true,"href":"https:\/\/chemgramx.com\/en_us\/wp-json\/wp\/v2\/media\/1187"}],"wp:attachment":[{"href":"https:\/\/chemgramx.com\/en_us\/wp-json\/wp\/v2\/media?parent=1186"}],"wp:term":[{"taxonomy":"product_brand","embeddable":true,"href":"https:\/\/chemgramx.com\/en_us\/wp-json\/wp\/v2\/product_brand?post=1186"},{"taxonomy":"product_cat","embeddable":true,"href":"https:\/\/chemgramx.com\/en_us\/wp-json\/wp\/v2\/product_cat?post=1186"},{"taxonomy":"product_tag","embeddable":true,"href":"https:\/\/chemgramx.com\/en_us\/wp-json\/wp\/v2\/product_tag?post=1186"}],"curies":[{"name":"wp","href":"https:\/\/api.w.org\/{rel}","templated":true}]}}