{"id":6420,"date":"2025-11-21T11:05:19","date_gmt":"2025-11-21T11:05:19","guid":{"rendered":"https:\/\/chemgramx.com\/?post_type=product&#038;p=6420"},"modified":"2025-11-30T16:26:12","modified_gmt":"2025-11-30T16:26:12","slug":"4-comprar-aco-det-fumarate","status":"publish","type":"product","link":"https:\/\/chemgramx.com\/es\/product\/4-aco-det-fumarate-kaufen\/","title":{"rendered":"Comprar 4-AcO-DET Fumarato"},"content":{"rendered":"<p>El suministro de derivados de triptamina de gran pureza en formas salinas estables es un requisito previo b\u00e1sico para llevar a cabo experimentos validados y reproducibles en la <b>Investigaci\u00f3n neuroqu\u00edmica<\/b>. <b>4-AcO-DET Fumarato<\/b> se ofrece como un producto qu\u00edmico de investigaci\u00f3n especializado que <b>exclusivamente<\/b> est\u00e1 dise\u00f1ado para pruebas anal\u00edticas y cient\u00edficas en instalaciones de laboratorio estrictamente controladas. La estabilidad qu\u00edmica en el <b>Forma de fumarato<\/b> garantiza la fiabilidad e integridad de los resultados de su investigaci\u00f3n.<\/p>\n<p>Debido a su potencial reactividad qu\u00edmica y a la necesidad de una manipulaci\u00f3n precisa, este material est\u00e1 destinado exclusivamente a qu\u00edmicos, farmac\u00f3logos y laboratorios de an\u00e1lisis cualificados. Debe utilizarse cumpliendo estrictamente los protocolos legales y de seguridad aplicables.<\/p>\n<h2>Caracterizaci\u00f3n qu\u00edmica y ventajas de la forma fumarato<\/h2>\n<p>En la investigaci\u00f3n qu\u00edmica, la elecci\u00f3n de la forma de la sal tiene una importancia decisiva para la estabilidad y solubilidad del compuesto. La sal de fumarato ofrece ventajas espec\u00edficas sobre la base libre.<\/p>\n<h3>Especificaciones detalladas del material de investigaci\u00f3n<\/h3>\n<ul>\n<li><b>Nombre IUPAC:<\/b> La denominaci\u00f3n correcta es <b>4-Acetoxi-N,N-dietiltriptamina Fumarato<\/b>.<\/li>\n<li><b>Clasificaci\u00f3n:<\/b> Se trata de un derivado de la triptamina que sirve como objeto de investigaci\u00f3n de las v\u00edas de se\u00f1alizaci\u00f3n serotonin\u00e9rgica.<\/li>\n<li><b>Molde:<\/b> El reactivo est\u00e1 disponible como <b>polvo cristalino<\/b> que facilita el an\u00e1lisis gravim\u00e9trico preciso y la preparaci\u00f3n de soluciones.<\/li>\n<li><b>Peso molecular:<\/b> El peso molecular exacto es <b>378,43 g\/mol<\/b>. Esta informaci\u00f3n es esencial para todos los experimentos cuantitativos, especialmente para calcular concentraciones molares.<\/li>\n<li><b>Solubilidad:<\/b> El 4-AcO-DET Fumarato tiene un <b>Moderadamente buena solubilidad en agua<\/b> on. Esto resulta ventajoso para la preparaci\u00f3n de soluciones patr\u00f3n utilizadas en ensayos anal\u00edticos biol\u00f3gicos o acuosos.<\/li>\n<\/ul>\n<h3>Caracter\u00edsticas de calidad y aspectos de estabilidad garantizados<\/h3>\n<p>Garantizamos una pureza confirmada anal\u00edticamente de <b><span class=\"math-inline\" data-math=\"ge 97%\">\u00a097%<\/span><\/b>\u00a0mediante procedimientos de ensayo exhaustivos.<\/p>\n<ul>\n<li><b>Ventaja de la forma fumarato:<\/b> La sal de fumarato ofrece un <b>estabilidad qu\u00edmica mejorada y <a href=\"\/product\/1d-lsd-225mcg-pellets-kaufen\/\">Caducidad<\/a><\/b> en comparaci\u00f3n con otras formas de sal o la base libre. Esto es crucial, ya que los derivados de la triptamina suelen ser sensibles a la luz y al ox\u00edgeno.<\/li>\n<li><b>Documentaci\u00f3n anal\u00edtica:<\/b> Cada lote se etiqueta con un <b>certificado de an\u00e1lisis (CdA) completo<\/b> que resume los resultados de <b><a href=\"\/product\/1d-lsd-150mcg-blotters-kaufen\/\">HPLC<\/a>- y an\u00e1lisis GC\/MS<\/b> para confirmar la pureza y la identidad.<\/li>\n<li><b>Consistencia de los lotes:<\/b> Gracias a los protocolos normalizados de s\u00edntesis y limpieza, garantizamos <b>Calidad constante<\/b> entre lotes, lo que es crucial para la reproducibilidad de los estudios a largo plazo.<\/li>\n<li><b>Nota de estabilidad:<\/b> A pesar de la forma de fumarato estabilizador, la sustancia es <b>Sensible a la luz y al ox\u00edgeno<\/b>. El cumplimiento de protocolos estrictos de almacenamiento es obligatorio.<\/li>\n<\/ul>\n<h2>Aplicaciones esenciales de la investigaci\u00f3n en farmacolog\u00eda<\/h2>\n<p>El 4-AcO-DET Fumarato sirve como reactivo primario en la investigaci\u00f3n sobre el modo de acci\u00f3n de las acetoxitriptaminas en el sistema nervioso central.<\/p>\n<h3>Posibles \u00e1reas de investigaci\u00f3n<\/h3>\n<ul>\n<li><b>Estudios de receptores y pruebas farmacol\u00f3gicas:<\/b> El compuesto se utiliza como ligando para el <b>Investigaci\u00f3n sobre los receptores de serotonina<\/b> utilizados, en particular para determinar la afinidad de uni\u00f3n y la actividad funcional en el <b>Receptor 5-HT2A<\/b>.<\/li>\n<li><b>Investigaci\u00f3n del metabolismo y an\u00e1lisis de las v\u00edas de degradaci\u00f3n:<\/b> El material sirve como sustrato para estudiar la escisi\u00f3n enzim\u00e1tica del grupo acetoxi a 4-HO-DET (un derivado hidroxilado) por esterasas y su posterior metabolizaci\u00f3n por otras enzimas.<\/li>\n<li><b>Estudios comparativos:<\/b> 4-AcO-DET Fumarato sirve como punto de referencia para la investigaci\u00f3n de <b>Relaciones estructura-actividad<\/b> (<b>SAR<\/b>) dentro de la clase de las triptaminas comparando sus propiedades con las de otros derivados N,N-disustituidos.<\/li>\n<li><b>Elucidaci\u00f3n de la estructura:<\/b> El polvo de gran pureza se utiliza como <b>norma anal\u00edtica<\/b> para la calibraci\u00f3n de dispositivos HPLC y GC\/MS y para el desarrollo de m\u00e9todos de detecci\u00f3n en qu\u00edmica forense.<\/li>\n<\/ul>\n<h2>Estrictos protocolos de seguridad y requisitos de laboratorio<\/h2>\n<p>El cumplimiento de las directrices de seguridad es una prioridad absoluta cuando se manipulan sustancias qu\u00edmicas potentes para la investigaci\u00f3n.<\/p>\n<h3>Precauciones necesarias en el laboratorio<\/h3>\n<ul>\n<li><b>Norma de laboratorio:<\/b> La obra est\u00e1 exclusivamente en <b>Conforme a las BPL (Buenas Pr\u00e1cticas de Laboratorio)<\/b> instalaciones permitidas.<\/li>\n<li><b>Equipo de protecci\u00f3n individual (EPI):<\/b> Para evitar la exposici\u00f3n, el uso de <b>Bata de laboratorio, guantes desechables<\/b> y una <b>Gafas de protecci\u00f3n<\/b> obligatorio.<\/li>\n<li><b>Ventilaci\u00f3n:<\/b> El pesaje y la preparaci\u00f3n de la soluci\u00f3n deben realizarse bajo un <b>Vitrina de gases qu\u00edmicos<\/b> tener lugar.<\/li>\n<li><b>Medidas de emergencia:<\/b> Accesible <b>Lavaojos y ducha de seguridad<\/b> es obligatorio.<\/li>\n<\/ul>\n<h2>Almacenamiento y manipulaci\u00f3n \u00f3ptimos de la sal de fumarato<\/h2>\n<p>Debido a la sensibilidad de la sustancia a la luz y al ox\u00edgeno, es necesario un almacenamiento controlado para garantizar la estabilidad qu\u00edmica.<\/p>\n<h3>Condiciones \u00f3ptimas de almacenamiento<\/h3>\n<ul>\n<li><b>Control de temperatura:<\/b> El almacenamiento \u00f3ptimo a largo plazo tiene lugar a <b>-20\u00b0C (congelador)<\/b>.<\/li>\n<li><b>Ambiente:<\/b> La sustancia debe estar bajo un <b>Atm\u00f3sfera de gas inerte<\/b> (<b>Arg\u00f3n\/nitr\u00f3geno<\/b>) para evitar los procesos de oxidaci\u00f3n.<\/li>\n<li><b>Protecci\u00f3n contra la luz:<\/b> El material debe <b>Protegido de la luz<\/b> en <b>recipientes oscuros y opacos<\/b> almacenarse.<\/li>\n<li><b>Contenedor:<\/b> Los contenedores deben <b>Estanqueidad<\/b> y claro <b>etiquetado<\/b> ser.<\/li>\n<\/ul>\n<h2>Informaci\u00f3n para pedidos y requisitos reglamentarios<\/h2>\n<p>Este producto qu\u00edmico especializado en investigaci\u00f3n s\u00f3lo se distribuye a instituciones cient\u00edficas verificadas que cumplen requisitos estrictos.<\/p>\n<h3>Cantidades disponibles para instituciones de investigaci\u00f3n<\/h3>\n<ul>\n<li>Muestra de investigaci\u00f3n: 10g<\/li>\n<li>Cantidad peque\u00f1a: 25 g<\/li>\n<li>Cantidad est\u00e1ndar: 50 g<\/li>\n<li>Cantidad a granel: 100 g<\/li>\n<\/ul>\n<h3>Requisitos obligatorios de las \u00f3rdenes<\/h3>\n<ol start=\"1\">\n<li><b>Certificado del Instituto:<\/b> Documentaci\u00f3n de la instituci\u00f3n o laboratorio de investigaci\u00f3n.<\/li>\n<li><b>Uso previsto:<\/b> Una descripci\u00f3n cient\u00edfica del proyecto de investigaci\u00f3n.<\/li>\n<li><b>Confirmaci\u00f3n de la ficha de datos de seguridad:<\/b> Confirmaci\u00f3n del conocimiento y cumplimiento de todos los protocolos de seguridad.<\/li>\n<\/ol>\n<h2>Informaci\u00f3n importante y preguntas frecuentes para investigadores<\/h2>\n<ul>\n<li><strong>P: \u00bfEs el 4-AcO-DET Fumarato adecuado para uso humano?<\/strong>R: No. Este producto est\u00e1 destinado \u00fanicamente a fines de investigaci\u00f3n.<\/li>\n<li><strong>P: \u00bfQu\u00e9 datos de an\u00e1lisis se adjuntan?<\/strong>R: Cada lote contiene datos detallados de HPLC y GC\/MS y un certificado de an\u00e1lisis completo.<\/li>\n<li><strong>P: \u00bfPor qu\u00e9 fumarato?<\/strong>R: La forma de fumarato ofrece mayor estabilidad qu\u00edmica y vida \u00fatil.<\/li>\n<li><strong>P: \u00bfC\u00f3mo se controla la calidad?<\/strong>R: Mediante procedimientos de control anal\u00edtico multietapa en laboratorios independientes.<\/li>\n<li><strong>P: \u00bfEs discreto el env\u00edo?<\/strong>R: S\u00ed, en envases neutros de laboratorio sin etiquetado externo.<\/li>\n<\/ul>\n<h2>Aviso jur\u00eddico - Cumplimiento estricto<\/h2>\n<p>Este producto es <b>exclusivamente con fines de investigaci\u00f3n<\/b> en instituciones cient\u00edficas. El comprador confirma por la compra:<\/p>\n<ul>\n<li>Utilizar s\u00f3lo en <b>entornos de investigaci\u00f3n jur\u00eddica<\/b>.<\/li>\n<li>En <b>Cumplimiento de todas las leyes y normativas locales<\/b>.<\/li>\n<li>En <b>Aplicaci\u00f3n de medidas de seguridad adecuadas<\/b>.<\/li>\n<li>En <b>Prohibici\u00f3n de uso no autorizado<\/b>.<\/li>\n<\/ul>","protected":false},"excerpt":{"rendered":"<p>Comprar 4-AcO-DET Fumarato: Producto qu\u00edmico de investigaci\u00f3n de alta pureza en forma de fumarato. Exclusivamente para fines de investigaci\u00f3n cient\u00edfica en entornos de laboratorio. Calidad probada en laboratorio con certificado de an\u00e1lisis.<\/p>","protected":false},"featured_media":6450,"comment_status":"open","ping_status":"closed","template":"","meta":{"_joinchat":[]},"product_brand":[],"product_cat":[54],"product_tag":[],"class_list":{"0":"post-6420","1":"product","2":"type-product","3":"status-publish","4":"has-post-thumbnail","6":"product_cat-tryptamines","8":"first","9":"instock","10":"shipping-taxable","11":"purchasable","12":"product-type-variable"},"yoast_head":"<!-- This site is optimized with the Yoast SEO plugin v27.5 - https:\/\/yoast.com\/product\/yoast-seo-wordpress\/ -->\n<title>4-AcO-DET Fumarate Kaufen | Research Chemical | Laborqualit\u00e4tChemgramx<\/title>\n<meta name=\"description\" content=\"4-AcO-DET Fumarate kaufen - Hochreine Forschungschemikalie f\u00fcr wissenschaftliche Zwecke. Laborgepr\u00fcfte Qualit\u00e4t, diskret &amp; sicher. Nur f\u00fcr Forschungszwecke.\" \/>\n<meta name=\"robots\" content=\"index, follow, max-snippet:-1, max-image-preview:large, max-video-preview:-1\" \/>\n<link rel=\"canonical\" href=\"https:\/\/chemgramx.com\/es\/producto-1\/4-comprar-aco-det-fumarate\/\" \/>\n<meta property=\"og:locale\" content=\"es_ES\" \/>\n<meta property=\"og:type\" content=\"article\" \/>\n<meta property=\"og:title\" content=\"4-AcO-DET Fumarate Kaufen | Research Chemical | Laborqualit\u00e4tChemgramx\" \/>\n<meta property=\"og:description\" content=\"4-AcO-DET Fumarate kaufen - Hochreine Forschungschemikalie f\u00fcr wissenschaftliche Zwecke. Laborgepr\u00fcfte Qualit\u00e4t, diskret &amp; sicher. Nur f\u00fcr Forschungszwecke.\" \/>\n<meta property=\"og:url\" content=\"https:\/\/chemgramx.com\/es\/producto-1\/4-comprar-aco-det-fumarate\/\" \/>\n<meta property=\"og:site_name\" content=\"Chemgramx\" \/>\n<meta property=\"article:modified_time\" content=\"2025-11-30T16:26:12+00:00\" \/>\n<meta property=\"og:image\" content=\"https:\/\/chemgramx.com\/wp-content\/uploads\/2025\/11\/4-aco-det-fumarate-chem-store-online.png\" \/>\n\t<meta property=\"og:image:width\" content=\"651\" \/>\n\t<meta property=\"og:image:height\" content=\"402\" \/>\n\t<meta property=\"og:image:type\" content=\"image\/png\" \/>\n<meta name=\"twitter:card\" content=\"summary_large_image\" \/>\n<meta name=\"twitter:label1\" content=\"Tiempo de lectura\" \/>\n\t<meta name=\"twitter:data1\" content=\"4 minutos\" \/>\n<script type=\"application\/ld+json\" class=\"yoast-schema-graph\">{\"@context\":\"https:\\\/\\\/schema.org\",\"@graph\":[{\"@type\":\"WebPage\",\"@id\":\"https:\\\/\\\/chemgramx.com\\\/product\\\/4-aco-det-fumarate-kaufen\\\/\",\"url\":\"https:\\\/\\\/chemgramx.com\\\/product\\\/4-aco-det-fumarate-kaufen\\\/\",\"name\":\"4-AcO-DET Fumarate Kaufen | Research Chemical | Laborqualit\u00e4tChemgramx\",\"isPartOf\":{\"@id\":\"https:\\\/\\\/chemgramx.com\\\/#website\"},\"primaryImageOfPage\":{\"@id\":\"https:\\\/\\\/chemgramx.com\\\/product\\\/4-aco-det-fumarate-kaufen\\\/#primaryimage\"},\"image\":{\"@id\":\"https:\\\/\\\/chemgramx.com\\\/product\\\/4-aco-det-fumarate-kaufen\\\/#primaryimage\"},\"thumbnailUrl\":\"https:\\\/\\\/chemgramx.com\\\/wp-content\\\/uploads\\\/2025\\\/11\\\/4-aco-det-fumarate-chem-store-online.png\",\"datePublished\":\"2025-11-21T11:05:19+00:00\",\"dateModified\":\"2025-11-30T16:26:12+00:00\",\"description\":\"4-AcO-DET Fumarate kaufen - Hochreine Forschungschemikalie f\u00fcr wissenschaftliche Zwecke. Laborgepr\u00fcfte Qualit\u00e4t, diskret & sicher. Nur f\u00fcr Forschungszwecke.\",\"breadcrumb\":{\"@id\":\"https:\\\/\\\/chemgramx.com\\\/product\\\/4-aco-det-fumarate-kaufen\\\/#breadcrumb\"},\"inLanguage\":\"es\",\"potentialAction\":[{\"@type\":\"ReadAction\",\"target\":[\"https:\\\/\\\/chemgramx.com\\\/product\\\/4-aco-det-fumarate-kaufen\\\/\"]}]},{\"@type\":\"ImageObject\",\"inLanguage\":\"es\",\"@id\":\"https:\\\/\\\/chemgramx.com\\\/product\\\/4-aco-det-fumarate-kaufen\\\/#primaryimage\",\"url\":\"https:\\\/\\\/chemgramx.com\\\/wp-content\\\/uploads\\\/2025\\\/11\\\/4-aco-det-fumarate-chem-store-online.png\",\"contentUrl\":\"https:\\\/\\\/chemgramx.com\\\/wp-content\\\/uploads\\\/2025\\\/11\\\/4-aco-det-fumarate-chem-store-online.png\",\"width\":651,\"height\":402},{\"@type\":\"BreadcrumbList\",\"@id\":\"https:\\\/\\\/chemgramx.com\\\/product\\\/4-aco-det-fumarate-kaufen\\\/#breadcrumb\",\"itemListElement\":[{\"@type\":\"ListItem\",\"position\":1,\"name\":\"Home\",\"item\":\"https:\\\/\\\/chemgramx.com\\\/\"},{\"@type\":\"ListItem\",\"position\":2,\"name\":\"Shop\",\"item\":\"https:\\\/\\\/chemgramx.com\\\/shop\\\/\"},{\"@type\":\"ListItem\",\"position\":3,\"name\":\"4-AcO-DET Fumarate kaufen\"}]},{\"@type\":\"WebSite\",\"@id\":\"https:\\\/\\\/chemgramx.com\\\/#website\",\"url\":\"https:\\\/\\\/chemgramx.com\\\/\",\"name\":\"Chemgramx\",\"description\":\"\",\"publisher\":{\"@id\":\"https:\\\/\\\/chemgramx.com\\\/#organization\"},\"potentialAction\":[{\"@type\":\"SearchAction\",\"target\":{\"@type\":\"EntryPoint\",\"urlTemplate\":\"https:\\\/\\\/chemgramx.com\\\/?s={search_term_string}\"},\"query-input\":{\"@type\":\"PropertyValueSpecification\",\"valueRequired\":true,\"valueName\":\"search_term_string\"}}],\"inLanguage\":\"es\"},{\"@type\":\"Organization\",\"@id\":\"https:\\\/\\\/chemgramx.com\\\/#organization\",\"name\":\"Chemgramx\",\"url\":\"https:\\\/\\\/chemgramx.com\\\/\",\"logo\":{\"@type\":\"ImageObject\",\"inLanguage\":\"es\",\"@id\":\"https:\\\/\\\/chemgramx.com\\\/#\\\/schema\\\/logo\\\/image\\\/\",\"url\":\"https:\\\/\\\/chemgramx.com\\\/wp-content\\\/uploads\\\/2024\\\/10\\\/final-logo.png\",\"contentUrl\":\"https:\\\/\\\/chemgramx.com\\\/wp-content\\\/uploads\\\/2024\\\/10\\\/final-logo.png\",\"width\":250,\"height\":48,\"caption\":\"Chemgramx\"},\"image\":{\"@id\":\"https:\\\/\\\/chemgramx.com\\\/#\\\/schema\\\/logo\\\/image\\\/\"}}]}<\/script>\n<!-- \/ Yoast SEO plugin. -->","yoast_head_json":{"title":"4-AcO-DET Fumarato Comprar | Investigaci\u00f3n Qu\u00edmica | Laboratorio CalidadChemgramx","description":"Comprar 4-AcO-DET Fumarate - Qu\u00edmico de investigaci\u00f3n de alta pureza para fines cient\u00edficos. Calidad probada en laboratorio, discreto y seguro. S\u00f3lo para uso en investigaci\u00f3n.","robots":{"index":"index","follow":"follow","max-snippet":"max-snippet:-1","max-image-preview":"max-image-preview:large","max-video-preview":"max-video-preview:-1"},"canonical":"https:\/\/chemgramx.com\/es\/producto-1\/4-comprar-aco-det-fumarate\/","og_locale":"es_ES","og_type":"article","og_title":"4-AcO-DET Fumarate Kaufen | Research Chemical | Laborqualit\u00e4tChemgramx","og_description":"4-AcO-DET Fumarate kaufen - Hochreine Forschungschemikalie f\u00fcr wissenschaftliche Zwecke. Laborgepr\u00fcfte Qualit\u00e4t, diskret & sicher. Nur f\u00fcr Forschungszwecke.","og_url":"https:\/\/chemgramx.com\/es\/producto-1\/4-comprar-aco-det-fumarate\/","og_site_name":"Chemgramx","article_modified_time":"2025-11-30T16:26:12+00:00","og_image":[{"width":651,"height":402,"url":"https:\/\/chemgramx.com\/wp-content\/uploads\/2025\/11\/4-aco-det-fumarate-chem-store-online.png","type":"image\/png"}],"twitter_card":"summary_large_image","twitter_misc":{"Tiempo de lectura":"4 minutos"},"schema":{"@context":"https:\/\/schema.org","@graph":[{"@type":"WebPage","@id":"https:\/\/chemgramx.com\/product\/4-aco-det-fumarate-kaufen\/","url":"https:\/\/chemgramx.com\/product\/4-aco-det-fumarate-kaufen\/","name":"4-AcO-DET Fumarato Comprar | Investigaci\u00f3n Qu\u00edmica | Laboratorio CalidadChemgramx","isPartOf":{"@id":"https:\/\/chemgramx.com\/#website"},"primaryImageOfPage":{"@id":"https:\/\/chemgramx.com\/product\/4-aco-det-fumarate-kaufen\/#primaryimage"},"image":{"@id":"https:\/\/chemgramx.com\/product\/4-aco-det-fumarate-kaufen\/#primaryimage"},"thumbnailUrl":"https:\/\/chemgramx.com\/wp-content\/uploads\/2025\/11\/4-aco-det-fumarate-chem-store-online.png","datePublished":"2025-11-21T11:05:19+00:00","dateModified":"2025-11-30T16:26:12+00:00","description":"Comprar 4-AcO-DET Fumarate - Qu\u00edmico de investigaci\u00f3n de alta pureza para fines cient\u00edficos. Calidad probada en laboratorio, discreto y seguro. S\u00f3lo para uso en investigaci\u00f3n.","breadcrumb":{"@id":"https:\/\/chemgramx.com\/product\/4-aco-det-fumarate-kaufen\/#breadcrumb"},"inLanguage":"es","potentialAction":[{"@type":"ReadAction","target":["https:\/\/chemgramx.com\/product\/4-aco-det-fumarate-kaufen\/"]}]},{"@type":"ImageObject","inLanguage":"es","@id":"https:\/\/chemgramx.com\/product\/4-aco-det-fumarate-kaufen\/#primaryimage","url":"https:\/\/chemgramx.com\/wp-content\/uploads\/2025\/11\/4-aco-det-fumarate-chem-store-online.png","contentUrl":"https:\/\/chemgramx.com\/wp-content\/uploads\/2025\/11\/4-aco-det-fumarate-chem-store-online.png","width":651,"height":402},{"@type":"BreadcrumbList","@id":"https:\/\/chemgramx.com\/product\/4-aco-det-fumarate-kaufen\/#breadcrumb","itemListElement":[{"@type":"ListItem","position":1,"name":"Home","item":"https:\/\/chemgramx.com\/"},{"@type":"ListItem","position":2,"name":"Shop","item":"https:\/\/chemgramx.com\/shop\/"},{"@type":"ListItem","position":3,"name":"4-AcO-DET Fumarate kaufen"}]},{"@type":"WebSite","@id":"https:\/\/chemgramx.com\/#website","url":"https:\/\/chemgramx.com\/","name":"Chemgramx","description":"","publisher":{"@id":"https:\/\/chemgramx.com\/#organization"},"potentialAction":[{"@type":"SearchAction","target":{"@type":"EntryPoint","urlTemplate":"https:\/\/chemgramx.com\/?s={search_term_string}"},"query-input":{"@type":"PropertyValueSpecification","valueRequired":true,"valueName":"search_term_string"}}],"inLanguage":"es"},{"@type":"Organization","@id":"https:\/\/chemgramx.com\/#organization","name":"Chemgramx","url":"https:\/\/chemgramx.com\/","logo":{"@type":"ImageObject","inLanguage":"es","@id":"https:\/\/chemgramx.com\/#\/schema\/logo\/image\/","url":"https:\/\/chemgramx.com\/wp-content\/uploads\/2024\/10\/final-logo.png","contentUrl":"https:\/\/chemgramx.com\/wp-content\/uploads\/2024\/10\/final-logo.png","width":250,"height":48,"caption":"Chemgramx"},"image":{"@id":"https:\/\/chemgramx.com\/#\/schema\/logo\/image\/"}}]}},"_links":{"self":[{"href":"https:\/\/chemgramx.com\/es\/wp-json\/wp\/v2\/product\/6420","targetHints":{"allow":["GET"]}}],"collection":[{"href":"https:\/\/chemgramx.com\/es\/wp-json\/wp\/v2\/product"}],"about":[{"href":"https:\/\/chemgramx.com\/es\/wp-json\/wp\/v2\/types\/product"}],"replies":[{"embeddable":true,"href":"https:\/\/chemgramx.com\/es\/wp-json\/wp\/v2\/comments?post=6420"}],"wp:featuredmedia":[{"embeddable":true,"href":"https:\/\/chemgramx.com\/es\/wp-json\/wp\/v2\/media\/6450"}],"wp:attachment":[{"href":"https:\/\/chemgramx.com\/es\/wp-json\/wp\/v2\/media?parent=6420"}],"wp:term":[{"taxonomy":"product_brand","embeddable":true,"href":"https:\/\/chemgramx.com\/es\/wp-json\/wp\/v2\/product_brand?post=6420"},{"taxonomy":"product_cat","embeddable":true,"href":"https:\/\/chemgramx.com\/es\/wp-json\/wp\/v2\/product_cat?post=6420"},{"taxonomy":"product_tag","embeddable":true,"href":"https:\/\/chemgramx.com\/es\/wp-json\/wp\/v2\/product_tag?post=6420"}],"curies":[{"name":"wp","href":"https:\/\/api.w.org\/{rel}","templated":true}]}}