{"id":6422,"date":"2025-11-21T11:05:20","date_gmt":"2025-11-21T11:05:20","guid":{"rendered":"https:\/\/chemgramx.com\/?post_type=product&#038;p=6422"},"modified":"2025-11-21T11:06:13","modified_gmt":"2025-11-21T11:06:13","slug":"comprar-clorhidrato-de-5-meo-dmt","status":"publish","type":"product","link":"https:\/\/chemgramx.com\/es\/product\/5-meo-dmt-hydrochloride-kaufen\/","title":{"rendered":"Comprar clorhidrato de 5-MeO-DMT"},"content":{"rendered":"<p>El suministro de derivados de triptamina de gran pureza y bien caracterizados es un requisito previo para llevar a cabo experimentos validados en las neurociencias. <b>Clorhidrato de 5-MeO-DMT<\/b> se ofrece como un producto qu\u00edmico de investigaci\u00f3n especializado que <b>exclusivamente<\/b> est\u00e1 dise\u00f1ado para estudios anal\u00edticos y cient\u00edficos en instalaciones de laboratorio estrictamente controladas. Nuestro compromiso con un alto nivel de pureza garantiza la fiabilidad y validez de los resultados de sus investigaciones, especialmente en sofisticados estudios moleculares y qu\u00edmicos.<\/p>\n<p>Debido a su potencial reactividad qu\u00edmica y a la necesidad de una manipulaci\u00f3n precisa, este material est\u00e1 destinado exclusivamente a qu\u00edmicos, farmac\u00f3logos y laboratorios de an\u00e1lisis cualificados. Debe utilizarse cumpliendo estrictamente los protocolos legales y de seguridad aplicables.<\/p>\n<h2>Caracterizaci\u00f3n qu\u00edmica y ventajas de la sal clorhidrato<\/h2>\n<p>Conocer la forma qu\u00edmica exacta es crucial para la preparaci\u00f3n de la soluci\u00f3n y la estabilidad de almacenamiento del reactivo. La sal de clorhidrato ofrece ventajas espec\u00edficas sobre la base libre.<\/p>\n<h3>Especificaciones detalladas del material de investigaci\u00f3n<\/h3>\n<ul>\n<li><b>Nombre IUPAC:<\/b> El nombre qu\u00edmico correcto es <b>Clorhidrato de 5-metoxi-N,N-dimetiltriptamina<\/b>.<\/li>\n<li><b>Clasificaci\u00f3n:<\/b> Se trata de un derivado de la triptamina que constituye un importante objeto de investigaci\u00f3n para los estudios sobre las interacciones con los receptores de serotonina.<\/li>\n<li><b>Molde:<\/b> El reactivo est\u00e1 disponible como <b>polvo cristalino entre blanco y beige<\/b> una forma favorable para el an\u00e1lisis gravim\u00e9trico y la dosificaci\u00f3n precisa.<\/li>\n<li><b>Solubilidad:<\/b> La sal clorhidrato se caracteriza por una <b>buena solubilidad en agua<\/b> fuera. Se trata de una ventaja decisiva para la preparaci\u00f3n r\u00e1pida y precisa de soluciones patr\u00f3n y de trabajo en medios acuosos, como las utilizadas en ensayos biol\u00f3gicos.<\/li>\n<li><b>Peso molecular:<\/b> El peso molecular exacto es <b>258,76 g\/mol<\/b>, una especificaci\u00f3n esencial para todos los an\u00e1lisis cuantitativos.<\/li>\n<\/ul>\n<h3>Caracter\u00edsticas de calidad y aspectos de estabilidad garantizados<\/h3>\n<p>Garantizamos una pureza confirmada anal\u00edticamente de <b><span class=\"math-inline\" data-math=\"ge 98%\">$ge 98%$<\/span><\/b> mediante una amplia gama de m\u00e9todos de control anal\u00edtico.<\/p>\n<ul>\n<li><b>Documentaci\u00f3n anal\u00edtica:<\/b> Cada lote se etiqueta con un <b>certificado de an\u00e1lisis (CdA) completo<\/b> entregado. Este documento contiene los resultados detallados de <b>An\u00e1lisis por HPLC, GC\/MS y RMN<\/b>, para confirmar sin lugar a dudas la pureza, identidad e integridad estructural del compuesto.<\/li>\n<li><b>Consistencia de los lotes:<\/b> Gracias al estricto cumplimiento de las normas de fabricaci\u00f3n, garantizamos <b>Calidad constante<\/b> entre lotes, lo que es de suma importancia para la reproducibilidad de los estudios a largo plazo.<\/li>\n<li><b>Nota de estabilidad:<\/b> La sustancia es <b>Sensible a la luz y al ox\u00edgeno<\/b>. Aunque la forma salina es m\u00e1s estable que la base libre, su almacenamiento requiere un estricto cumplimiento de los protocolos de refrigeraci\u00f3n y protecci\u00f3n contra la luz para evitar su descomposici\u00f3n.<\/li>\n<li><b>Grado de pureza:<\/b> La garant\u00eda <b>Alto grado de pureza<\/b> minimiza el riesgo de artefactos y resultados incorrectos debidos a la contaminaci\u00f3n.<\/li>\n<\/ul>\n<h2>Aplicaciones esenciales de la investigaci\u00f3n en neurofarmacolog\u00eda<\/h2>\n<p>La 5-MeO-DMT se utiliza como reactivo central en la investigaci\u00f3n del modo de acci\u00f3n de las triptaminas en el sistema nervioso central.<\/p>\n<h3>Posibles \u00e1reas de investigaci\u00f3n<\/h3>\n<ul>\n<li><b>Estudios de receptores y ensayos funcionales:<\/b> El compuesto sirve de ligando para el <b>Investigaci\u00f3n sobre los receptores de serotonina<\/b>, en particular para la investigaci\u00f3n de la afinidad de uni\u00f3n y la actividad a subtipos como 5-HT1A y 5-HT2A.<\/li>\n<li><b>Neurofarmacolog\u00eda y estudios del mecanismo de acci\u00f3n:<\/b> Los investigadores est\u00e1n utilizando el material para estudiar los mecanismos moleculares y celulares por los que las triptaminas afectan a los circuitos neuronales y las v\u00edas de se\u00f1alizaci\u00f3n.<\/li>\n<li><b>Investigaci\u00f3n del metabolismo y an\u00e1lisis de las v\u00edas de degradaci\u00f3n:<\/b> La 5-MeO-DMT es un sustrato importante para la identificaci\u00f3n de transformaciones enzim\u00e1ticas (por ejemplo, por monoaminooxidasas o enzimas CYP450) en sistemas in vitro. Los metabolitos resultantes son importantes para el an\u00e1lisis forense y toxicol\u00f3gico.<\/li>\n<li><b>Estudios comparativos:<\/b> El material sirve como punto de referencia para la investigaci\u00f3n de <b>Relaciones estructura-actividad<\/b> (<b>SAR<\/b>) dentro de la clase de las triptaminas comparando sus propiedades con las de otras triptaminas N,N-disustituidas.<\/li>\n<\/ul>\n<h2>Estrictos protocolos de seguridad y requisitos de laboratorio<\/h2>\n<p>El cumplimiento de las directrices de seguridad es una prioridad absoluta cuando se manipulan sustancias qu\u00edmicas potentes para la investigaci\u00f3n.<\/p>\n<h3>Precauciones necesarias en el laboratorio<\/h3>\n<ul>\n<li><b>Norma de laboratorio:<\/b> La obra est\u00e1 exclusivamente en <b>GLP-<a href=\"\/product\/blackberry-kush-bubble-hash-kaufen\/\">compatible<\/a> (Buenas pr\u00e1cticas de laboratorio)<\/b> instalaciones permitidas.<\/li>\n<li><b>Equipo de protecci\u00f3n individual (EPI):<\/b> Para evitar la exposici\u00f3n, el uso de <b>Bata de laboratorio, guantes desechables<\/b> y una <b>Gafas de protecci\u00f3n<\/b> obligatorio.<\/li>\n<li><b>Ventilaci\u00f3n:<\/b> El pesaje y la preparaci\u00f3n de la soluci\u00f3n del polvo cristalino deben realizarse bajo un <b>Vitrina de gases qu\u00edmicos<\/b> tener lugar.<\/li>\n<li><b>Medidas de emergencia:<\/b> Accesible <b>Lavaojos y ducha de seguridad<\/b> es obligatorio.<\/li>\n<\/ul>\n<h2>Almacenamiento y manipulaci\u00f3n \u00f3ptimos de la sal clorhidrato<\/h2>\n<p>Debido a su sensibilidad a la luz, el ox\u00edgeno y el calor, es necesario un almacenamiento controlado para garantizar su estabilidad qu\u00edmica.<\/p>\n<h3>Condiciones \u00f3ptimas de almacenamiento<\/h3>\n<ul>\n<li><b>Control de temperatura:<\/b> El almacenamiento \u00f3ptimo a largo plazo tiene lugar a <b>-20\u00b0C (congelador)<\/b>.<\/li>\n<li><b>Ambiente:<\/b> La sustancia debe estar bajo un <b>Atm\u00f3sfera de gas inerte<\/b> (<b>Arg\u00f3n\/nitr\u00f3geno<\/b>) para evitar los procesos de oxidaci\u00f3n.<\/li>\n<li><b>Protecci\u00f3n contra la luz:<\/b> El material debe <b>Protegido de la luz<\/b> en <b>recipientes oscuros y opacos<\/b> almacenarse.<\/li>\n<li><b>Contenedor:<\/b> Los contenedores deben <b>Estanqueidad<\/b> y claro <b>etiquetado<\/b> ser.<\/li>\n<\/ul>\n<h2>Informaci\u00f3n para pedidos y requisitos reglamentarios<\/h2>\n<p>Este producto qu\u00edmico especializado en investigaci\u00f3n s\u00f3lo se distribuye a instituciones cient\u00edficas verificadas que cumplen requisitos estrictos.<\/p>\n<h3>Cantidades disponibles para instituciones de investigaci\u00f3n<\/h3>\n<ul>\n<li>Muestra de investigaci\u00f3n: 10g<\/li>\n<li>Cantidad peque\u00f1a: 25 g<\/li>\n<li>Cantidad est\u00e1ndar: 50 g<\/li>\n<li>Cantidad a granel: 100 g<\/li>\n<\/ul>\n<h3>Requisitos obligatorios de las \u00f3rdenes<\/h3>\n<ol start=\"1\">\n<li><b>Certificado del Instituto:<\/b> Documentaci\u00f3n de la instituci\u00f3n o laboratorio de investigaci\u00f3n.<\/li>\n<li><b>Uso previsto:<\/b> Una descripci\u00f3n cient\u00edfica del proyecto de investigaci\u00f3n.<\/li>\n<li><b>Confirmaci\u00f3n de la ficha de datos de seguridad:<\/b> Confirmaci\u00f3n del conocimiento y cumplimiento de todos los protocolos de seguridad.<\/li>\n<\/ol>\n<h2>Informaci\u00f3n importante y preguntas frecuentes para investigadores<\/h2>\n<ul>\n<li><strong>P: \u00bfEl 5-MeO-DMT HCl es apto para el consumo humano?<\/strong>\n<p>R: No. Este producto est\u00e1 destinado \u00fanicamente a fines de investigaci\u00f3n.<\/li>\n<li><strong>P: \u00bfQu\u00e9 datos de an\u00e1lisis se adjuntan?<\/strong>\n<p>R: Cada lote contiene datos detallados de HPLC, GC\/MS y RMN.<\/li>\n<li><strong>P: \u00bfPor qu\u00e9 es necesario un almacenamiento especial?<\/strong>\n<p>R: La sustancia es sensible a la luz y al ox\u00edgeno, por lo que debe almacenarse a -20\u00b0C bajo gas inerte.<\/li>\n<li><strong>P: \u00bfC\u00f3mo se controla la calidad?<\/strong>\n<p>R: Mediante procedimientos de control anal\u00edtico multietapa en laboratorios independientes.<\/li>\n<li><strong>P: \u00bfEs discreto el env\u00edo?<\/strong>\n<p>R: S\u00ed, en envases neutros de laboratorio sin etiquetado externo.<\/li>\n<\/ul>\n<h2>Aviso jur\u00eddico - Cumplimiento estricto<\/h2>\n<p>Este producto es <b>exclusivamente con fines de investigaci\u00f3n<\/b> en instituciones cient\u00edficas. El comprador confirma por la compra:<\/p>\n<ul>\n<li>Utilizar s\u00f3lo en <b>entornos de investigaci\u00f3n jur\u00eddica<\/b>.<\/li>\n<li>En <b>Cumplimiento de todas las leyes y normativas locales<\/b>.<\/li>\n<li>En <b>Aplicaci\u00f3n de medidas de seguridad adecuadas<\/b>.<\/li>\n<li>En <b>Prohibici\u00f3n de uso no autorizado<\/b>.<\/li>\n<\/ul>","protected":false},"excerpt":{"rendered":"<p>Comprar clorhidrato de 5-MeO-DMT: Producto qu\u00edmico de investigaci\u00f3n de alta pureza en forma de clorhidrato. Exclusivamente para fines de investigaci\u00f3n cient\u00edfica en entornos de laboratorio. Calidad probada en laboratorio con certificado de an\u00e1lisis.<\/p>","protected":false},"featured_media":6452,"comment_status":"open","ping_status":"closed","template":"","meta":{"_joinchat":[]},"product_brand":[],"product_cat":[54],"product_tag":[],"class_list":{"0":"post-6422","1":"product","2":"type-product","3":"status-publish","4":"has-post-thumbnail","6":"product_cat-tryptamines","8":"first","9":"instock","10":"shipping-taxable","11":"purchasable","12":"product-type-variable"},"yoast_head":"<!-- This site is optimized with the Yoast SEO plugin v27.5 - https:\/\/yoast.com\/product\/yoast-seo-wordpress\/ -->\n<title>5-MeO-DMT HCl Kaufen | Research Chemical | Laborqualit\u00e4t Chemgramx<\/title>\n<meta name=\"description\" content=\"5-MeO-DMT Hydrochloride kaufen - Hochreine Forschungschemikalie f\u00fcr wissenschaftliche Zwecke.\" \/>\n<meta name=\"robots\" content=\"index, follow, max-snippet:-1, max-image-preview:large, max-video-preview:-1\" \/>\n<link rel=\"canonical\" href=\"https:\/\/chemgramx.com\/es\/producto-1\/comprar-clorhidrato-de-5-meo-dmt\/\" \/>\n<meta property=\"og:locale\" content=\"es_ES\" \/>\n<meta property=\"og:type\" content=\"article\" \/>\n<meta property=\"og:title\" content=\"5-MeO-DMT HCl Kaufen | Research Chemical | Laborqualit\u00e4t Chemgramx\" \/>\n<meta property=\"og:description\" content=\"5-MeO-DMT Hydrochloride kaufen - Hochreine Forschungschemikalie f\u00fcr wissenschaftliche Zwecke.\" \/>\n<meta property=\"og:url\" content=\"https:\/\/chemgramx.com\/es\/producto-1\/comprar-clorhidrato-de-5-meo-dmt\/\" \/>\n<meta property=\"og:site_name\" content=\"Chemgramx\" \/>\n<meta property=\"article:modified_time\" content=\"2025-11-21T11:06:13+00:00\" \/>\n<meta property=\"og:image\" content=\"https:\/\/chemgramx.com\/wp-content\/uploads\/2025\/11\/5-meo-dmt-hydrochloride-chem-store-online.png\" \/>\n\t<meta property=\"og:image:width\" content=\"560\" \/>\n\t<meta property=\"og:image:height\" content=\"534\" \/>\n\t<meta property=\"og:image:type\" content=\"image\/png\" \/>\n<meta name=\"twitter:card\" content=\"summary_large_image\" \/>\n<meta name=\"twitter:label1\" content=\"Tiempo de lectura\" \/>\n\t<meta name=\"twitter:data1\" content=\"4 minutos\" \/>\n<script type=\"application\/ld+json\" class=\"yoast-schema-graph\">{\"@context\":\"https:\\\/\\\/schema.org\",\"@graph\":[{\"@type\":\"WebPage\",\"@id\":\"https:\\\/\\\/chemgramx.com\\\/product\\\/5-meo-dmt-hydrochloride-kaufen\\\/\",\"url\":\"https:\\\/\\\/chemgramx.com\\\/product\\\/5-meo-dmt-hydrochloride-kaufen\\\/\",\"name\":\"5-MeO-DMT HCl Kaufen | Research Chemical | Laborqualit\u00e4t Chemgramx\",\"isPartOf\":{\"@id\":\"https:\\\/\\\/chemgramx.com\\\/#website\"},\"primaryImageOfPage\":{\"@id\":\"https:\\\/\\\/chemgramx.com\\\/product\\\/5-meo-dmt-hydrochloride-kaufen\\\/#primaryimage\"},\"image\":{\"@id\":\"https:\\\/\\\/chemgramx.com\\\/product\\\/5-meo-dmt-hydrochloride-kaufen\\\/#primaryimage\"},\"thumbnailUrl\":\"https:\\\/\\\/chemgramx.com\\\/wp-content\\\/uploads\\\/2025\\\/11\\\/5-meo-dmt-hydrochloride-chem-store-online.png\",\"datePublished\":\"2025-11-21T11:05:20+00:00\",\"dateModified\":\"2025-11-21T11:06:13+00:00\",\"description\":\"5-MeO-DMT Hydrochloride kaufen - Hochreine Forschungschemikalie f\u00fcr wissenschaftliche Zwecke.\",\"breadcrumb\":{\"@id\":\"https:\\\/\\\/chemgramx.com\\\/product\\\/5-meo-dmt-hydrochloride-kaufen\\\/#breadcrumb\"},\"inLanguage\":\"es\",\"potentialAction\":[{\"@type\":\"ReadAction\",\"target\":[\"https:\\\/\\\/chemgramx.com\\\/product\\\/5-meo-dmt-hydrochloride-kaufen\\\/\"]}]},{\"@type\":\"ImageObject\",\"inLanguage\":\"es\",\"@id\":\"https:\\\/\\\/chemgramx.com\\\/product\\\/5-meo-dmt-hydrochloride-kaufen\\\/#primaryimage\",\"url\":\"https:\\\/\\\/chemgramx.com\\\/wp-content\\\/uploads\\\/2025\\\/11\\\/5-meo-dmt-hydrochloride-chem-store-online.png\",\"contentUrl\":\"https:\\\/\\\/chemgramx.com\\\/wp-content\\\/uploads\\\/2025\\\/11\\\/5-meo-dmt-hydrochloride-chem-store-online.png\",\"width\":560,\"height\":534},{\"@type\":\"BreadcrumbList\",\"@id\":\"https:\\\/\\\/chemgramx.com\\\/product\\\/5-meo-dmt-hydrochloride-kaufen\\\/#breadcrumb\",\"itemListElement\":[{\"@type\":\"ListItem\",\"position\":1,\"name\":\"Home\",\"item\":\"https:\\\/\\\/chemgramx.com\\\/\"},{\"@type\":\"ListItem\",\"position\":2,\"name\":\"Shop\",\"item\":\"https:\\\/\\\/chemgramx.com\\\/shop\\\/\"},{\"@type\":\"ListItem\",\"position\":3,\"name\":\"5-MeO-DMT Hydrochloride kaufen\"}]},{\"@type\":\"WebSite\",\"@id\":\"https:\\\/\\\/chemgramx.com\\\/#website\",\"url\":\"https:\\\/\\\/chemgramx.com\\\/\",\"name\":\"Chemgramx\",\"description\":\"\",\"publisher\":{\"@id\":\"https:\\\/\\\/chemgramx.com\\\/#organization\"},\"potentialAction\":[{\"@type\":\"SearchAction\",\"target\":{\"@type\":\"EntryPoint\",\"urlTemplate\":\"https:\\\/\\\/chemgramx.com\\\/?s={search_term_string}\"},\"query-input\":{\"@type\":\"PropertyValueSpecification\",\"valueRequired\":true,\"valueName\":\"search_term_string\"}}],\"inLanguage\":\"es\"},{\"@type\":\"Organization\",\"@id\":\"https:\\\/\\\/chemgramx.com\\\/#organization\",\"name\":\"Chemgramx\",\"url\":\"https:\\\/\\\/chemgramx.com\\\/\",\"logo\":{\"@type\":\"ImageObject\",\"inLanguage\":\"es\",\"@id\":\"https:\\\/\\\/chemgramx.com\\\/#\\\/schema\\\/logo\\\/image\\\/\",\"url\":\"https:\\\/\\\/chemgramx.com\\\/wp-content\\\/uploads\\\/2024\\\/10\\\/final-logo.png\",\"contentUrl\":\"https:\\\/\\\/chemgramx.com\\\/wp-content\\\/uploads\\\/2024\\\/10\\\/final-logo.png\",\"width\":250,\"height\":48,\"caption\":\"Chemgramx\"},\"image\":{\"@id\":\"https:\\\/\\\/chemgramx.com\\\/#\\\/schema\\\/logo\\\/image\\\/\"}}]}<\/script>\n<!-- \/ Yoast SEO plugin. -->","yoast_head_json":{"title":"Comprar 5-MeO-DMT HCl | Investigaci\u00f3n Qu\u00edmica | Calidad de Laboratorio Chemgramx","description":"Comprar 5-MeO-DMT Hydrochloride - Qu\u00edmico de investigaci\u00f3n de alta pureza para fines cient\u00edficos.","robots":{"index":"index","follow":"follow","max-snippet":"max-snippet:-1","max-image-preview":"max-image-preview:large","max-video-preview":"max-video-preview:-1"},"canonical":"https:\/\/chemgramx.com\/es\/producto-1\/comprar-clorhidrato-de-5-meo-dmt\/","og_locale":"es_ES","og_type":"article","og_title":"5-MeO-DMT HCl Kaufen | Research Chemical | Laborqualit\u00e4t Chemgramx","og_description":"5-MeO-DMT Hydrochloride kaufen - Hochreine Forschungschemikalie f\u00fcr wissenschaftliche Zwecke.","og_url":"https:\/\/chemgramx.com\/es\/producto-1\/comprar-clorhidrato-de-5-meo-dmt\/","og_site_name":"Chemgramx","article_modified_time":"2025-11-21T11:06:13+00:00","og_image":[{"width":560,"height":534,"url":"https:\/\/chemgramx.com\/wp-content\/uploads\/2025\/11\/5-meo-dmt-hydrochloride-chem-store-online.png","type":"image\/png"}],"twitter_card":"summary_large_image","twitter_misc":{"Tiempo de lectura":"4 minutos"},"schema":{"@context":"https:\/\/schema.org","@graph":[{"@type":"WebPage","@id":"https:\/\/chemgramx.com\/product\/5-meo-dmt-hydrochloride-kaufen\/","url":"https:\/\/chemgramx.com\/product\/5-meo-dmt-hydrochloride-kaufen\/","name":"Comprar 5-MeO-DMT HCl | Investigaci\u00f3n Qu\u00edmica | Calidad de Laboratorio Chemgramx","isPartOf":{"@id":"https:\/\/chemgramx.com\/#website"},"primaryImageOfPage":{"@id":"https:\/\/chemgramx.com\/product\/5-meo-dmt-hydrochloride-kaufen\/#primaryimage"},"image":{"@id":"https:\/\/chemgramx.com\/product\/5-meo-dmt-hydrochloride-kaufen\/#primaryimage"},"thumbnailUrl":"https:\/\/chemgramx.com\/wp-content\/uploads\/2025\/11\/5-meo-dmt-hydrochloride-chem-store-online.png","datePublished":"2025-11-21T11:05:20+00:00","dateModified":"2025-11-21T11:06:13+00:00","description":"Comprar 5-MeO-DMT Hydrochloride - Qu\u00edmico de investigaci\u00f3n de alta pureza para fines cient\u00edficos.","breadcrumb":{"@id":"https:\/\/chemgramx.com\/product\/5-meo-dmt-hydrochloride-kaufen\/#breadcrumb"},"inLanguage":"es","potentialAction":[{"@type":"ReadAction","target":["https:\/\/chemgramx.com\/product\/5-meo-dmt-hydrochloride-kaufen\/"]}]},{"@type":"ImageObject","inLanguage":"es","@id":"https:\/\/chemgramx.com\/product\/5-meo-dmt-hydrochloride-kaufen\/#primaryimage","url":"https:\/\/chemgramx.com\/wp-content\/uploads\/2025\/11\/5-meo-dmt-hydrochloride-chem-store-online.png","contentUrl":"https:\/\/chemgramx.com\/wp-content\/uploads\/2025\/11\/5-meo-dmt-hydrochloride-chem-store-online.png","width":560,"height":534},{"@type":"BreadcrumbList","@id":"https:\/\/chemgramx.com\/product\/5-meo-dmt-hydrochloride-kaufen\/#breadcrumb","itemListElement":[{"@type":"ListItem","position":1,"name":"Home","item":"https:\/\/chemgramx.com\/"},{"@type":"ListItem","position":2,"name":"Shop","item":"https:\/\/chemgramx.com\/shop\/"},{"@type":"ListItem","position":3,"name":"5-MeO-DMT Hydrochloride kaufen"}]},{"@type":"WebSite","@id":"https:\/\/chemgramx.com\/#website","url":"https:\/\/chemgramx.com\/","name":"Chemgramx","description":"","publisher":{"@id":"https:\/\/chemgramx.com\/#organization"},"potentialAction":[{"@type":"SearchAction","target":{"@type":"EntryPoint","urlTemplate":"https:\/\/chemgramx.com\/?s={search_term_string}"},"query-input":{"@type":"PropertyValueSpecification","valueRequired":true,"valueName":"search_term_string"}}],"inLanguage":"es"},{"@type":"Organization","@id":"https:\/\/chemgramx.com\/#organization","name":"Chemgramx","url":"https:\/\/chemgramx.com\/","logo":{"@type":"ImageObject","inLanguage":"es","@id":"https:\/\/chemgramx.com\/#\/schema\/logo\/image\/","url":"https:\/\/chemgramx.com\/wp-content\/uploads\/2024\/10\/final-logo.png","contentUrl":"https:\/\/chemgramx.com\/wp-content\/uploads\/2024\/10\/final-logo.png","width":250,"height":48,"caption":"Chemgramx"},"image":{"@id":"https:\/\/chemgramx.com\/#\/schema\/logo\/image\/"}}]}},"_links":{"self":[{"href":"https:\/\/chemgramx.com\/es\/wp-json\/wp\/v2\/product\/6422","targetHints":{"allow":["GET"]}}],"collection":[{"href":"https:\/\/chemgramx.com\/es\/wp-json\/wp\/v2\/product"}],"about":[{"href":"https:\/\/chemgramx.com\/es\/wp-json\/wp\/v2\/types\/product"}],"replies":[{"embeddable":true,"href":"https:\/\/chemgramx.com\/es\/wp-json\/wp\/v2\/comments?post=6422"}],"wp:featuredmedia":[{"embeddable":true,"href":"https:\/\/chemgramx.com\/es\/wp-json\/wp\/v2\/media\/6452"}],"wp:attachment":[{"href":"https:\/\/chemgramx.com\/es\/wp-json\/wp\/v2\/media?parent=6422"}],"wp:term":[{"taxonomy":"product_brand","embeddable":true,"href":"https:\/\/chemgramx.com\/es\/wp-json\/wp\/v2\/product_brand?post=6422"},{"taxonomy":"product_cat","embeddable":true,"href":"https:\/\/chemgramx.com\/es\/wp-json\/wp\/v2\/product_cat?post=6422"},{"taxonomy":"product_tag","embeddable":true,"href":"https:\/\/chemgramx.com\/es\/wp-json\/wp\/v2\/product_tag?post=6422"}],"curies":[{"name":"wp","href":"https:\/\/api.w.org\/{rel}","templated":true}]}}