{"id":6423,"date":"2025-11-21T11:05:20","date_gmt":"2025-11-21T11:05:20","guid":{"rendered":"https:\/\/chemgramx.com\/?post_type=product&#038;p=6423"},"modified":"2025-11-21T11:06:13","modified_gmt":"2025-11-21T11:06:13","slug":"comprar-4-granulos-de-aco-met-20-mg","status":"publish","type":"product","link":"https:\/\/chemgramx.com\/es\/product\/4-aco-met-20mg-pellets-kaufen\/","title":{"rendered":"Comprar 4-AcO-MET 20mg pellets"},"content":{"rendered":"<p>Garantizar la precisi\u00f3n en la dosificaci\u00f3n es un pilar fundamental de una investigaci\u00f3n cient\u00edfica fiable. Nuestro sitio <b>4-AcO-MET 20mg gr\u00e1nulos<\/b> representan una forma de dosificaci\u00f3n especializada desarrollada para satisfacer los requisitos de estandarizaci\u00f3n y consistencia en entornos de laboratorio exigentes. Esta formulaci\u00f3n proporciona una cantidad dosificada con precisi\u00f3n y f\u00e1cil de manejar del derivado triptamina <b>4-acetoxi-N-metil-N-etiltriptamina<\/b> (4-AcO-MET).<\/p>\n<p>La forma en gr\u00e1nulos se ha dise\u00f1ado espec\u00edficamente para superar las imprecisiones inherentes que surgen al pesar manualmente peque\u00f1as cantidades de productos qu\u00edmicos de investigaci\u00f3n en polvo. Con una dosis garantizada de <b>20 miligramos (mg)<\/b> por gr\u00e1nulo, un <b>Precisi\u00f3n de la dosis<\/b> que es esencial para la reproducibilidad de los experimentos cuantitativos.<\/p>\n<p>Este material es <b>exclusivamente<\/b> destinado a ser utilizado por personal cualificado en laboratorios de investigaci\u00f3n autorizados. Queda estrictamente excluido cualquier uso fuera del contexto cient\u00edfico, en particular el consumo humano.<\/p>\n<h2>Especificaciones precisas de los productos y pureza anal\u00edtica garantizada<\/h2>\n<p>La integridad qu\u00edmica y f\u00edsica de nuestros gr\u00e1nulos de 4-AcO-MET est\u00e1 asegurada por estrictos controles anal\u00edticos que garantizan la fiabilidad de los resultados de sus investigaciones.<\/p>\n<h3>Especificaciones detalladas del material de investigaci\u00f3n<\/h3>\n<p>Los gr\u00e1nulos se caracterizan por las siguientes propiedades clave, que los convierten en un reactivo ideal para estudios cient\u00edficos:<\/p>\n<ul>\n<li><b>Sustancia:<\/b> La conexi\u00f3n activa es <b>4-Acetoxi-N-metil-N-etiltriptamina (4-AcO-MET)<\/b>. Como derivado de la clase de las triptaminas, es un reactivo frecuentemente investigado en neuroqu\u00edmica.<\/li>\n<li><b>Forma farmac\u00e9utica:<\/b> <b>Pellets prensados<\/b>. Esta forma s\u00f3lida ofrece una mayor estabilidad qu\u00edmica y simplifica la manipulaci\u00f3n en el laboratorio.<\/li>\n<li><b>Dosificaci\u00f3n:<\/b> Cada gr\u00e1nulo contiene exactamente <b>20 mg<\/b> de la sustancia, con una tolerancia m\u00ednima de s\u00f3lo <b>\u00b1 1,5 mg<\/b>. La precisi\u00f3n de dosificaci\u00f3n garantizada es una ventaja significativa frente a la forma en polvo.<\/li>\n<li><b>Pureza:<\/b> La pureza qu\u00edmica de la sustancia es <b>\u226598%<\/b>, que se consigui\u00f3 mediante <b>An\u00e1lisis por HPLC<\/b> (cromatograf\u00eda l\u00edquida de alto rendimiento).<\/li>\n<li><b>Estabilidad:<\/b> El producto tiene una vida \u00fatil elevada si se respetan las condiciones de almacenamiento recomendadas. <b>Estabilidad a largo plazo<\/b> en.<\/li>\n<\/ul>\n<h3>Amplias prestaciones de calidad y coherencia<\/h3>\n<p>La conformidad de nuestros productos con las normas de calidad m\u00e1s exigentes se garantiza mediante procedimientos detallados de ensayo y documentaci\u00f3n:<\/p>\n<ul>\n<li><b>Dosificaci\u00f3n precisa:<\/b> El proceso de fabricaci\u00f3n garantiza <b>Distribuci\u00f3n uniforme de los principios activos<\/b> dentro de la matriz de pellets, lo que maximiza la homogeneidad y minimiza la varianza entre muestras individuales.<\/li>\n<li><b>Documentaci\u00f3n anal\u00edtica:<\/b> Cada lote se etiqueta con un <b>certificado de an\u00e1lisis (CdA) completo<\/b> entregado. Este documento prueba la identidad, pureza y exactitud de la concentraci\u00f3n del compuesto.<\/li>\n<li><b>Consistencia de los lotes:<\/b> Nos basamos en protocolos de producci\u00f3n estandarizados para garantizar que las propiedades qu\u00edmicas y f\u00edsicas de cada lote posterior permanezcan constantes. Este <b>Calidad reproducible<\/b> es esencial para los estudios multic\u00e9ntricos.<\/li>\n<li><b>Datos de estabilidad:<\/b> Datos documentados sobre la <b>Durabilidad<\/b> del producto, que confirman la fiabilidad del material durante el periodo especificado.<\/li>\n<\/ul>\n<h2>Aplicaciones de investigaci\u00f3n y aplicaciones anal\u00edticas<\/h2>\n<p>La forma de gr\u00e1nulo estandarizado es especialmente valiosa para proyectos de investigaci\u00f3n en los que la cantidad exacta de reactivo es cr\u00edtica.<\/p>\n<h3>Posibles \u00e1mbitos de aplicaci\u00f3n en la investigaci\u00f3n de laboratorio<\/h3>\n<ul>\n<li><b>Estudios de dosificaci\u00f3n:<\/b> La aplicaci\u00f3n precisa del principio activo es ideal para estudios cuantitativos que analizan la relaci\u00f3n dosis-respuesta del compuesto en <b>Sistemas in vitro<\/b> o modelos precl\u00ednicos (bajo aprobaci\u00f3n \u00e9tica).<\/li>\n<li><b>Investigaci\u00f3n sobre la estabilidad:<\/b> Los gr\u00e1nulos son adecuados para realizar <b>Pruebas de caducidad<\/b> en diferentes condiciones clim\u00e1ticas (temperatura, humedad). Estos estudios ayudan a determinar las tasas de degradaci\u00f3n en una formulaci\u00f3n estabilizada.<\/li>\n<li><b>An\u00e1lisis comparativos:<\/b> La 4-AcO-MET en esta forma sirve como <b>patr\u00f3n de referencia anal\u00edtico<\/b> para la validaci\u00f3n y optimizaci\u00f3n de nuevos m\u00e9todos en cromatograf\u00eda (por ejemplo, LC-MS\/MS) y espectrometr\u00eda, especialmente en comparaci\u00f3n con otros an\u00e1logos de la triptamina.<\/li>\n<li><b>Propiedades del material:<\/b> Los gr\u00e1nulos pueden utilizarse para estudiar sus caracter\u00edsticas f\u00edsicas, incluido el comportamiento de desintegraci\u00f3n o los mecanismos de liberaci\u00f3n del principio activo.<\/li>\n<\/ul>\n<h2>Protocolos de seguridad y cumplimiento de la normativa<\/h2>\n<p>La manipulaci\u00f3n de productos qu\u00edmicos de investigaci\u00f3n altamente potentes exige protocolos de seguridad inflexibles y un estricto cumplimiento de la ley.<\/p>\n<h3>Precauciones importantes para los laboratorios<\/h3>\n<ul>\n<li><b>Exclusivamente con fines de investigaci\u00f3n:<\/b> El material s\u00f3lo puede utilizarse para experimentos cient\u00edficos. Queda terminantemente prohibido cualquier uso distinto del previsto.<\/li>\n<li><b>Condiciones de laboratorio:<\/b> La manipulaci\u00f3n debe ser <b>exclusivamente<\/b> en centros debidamente equipados y <b>Conforme a las BPL<\/b> (Buenas Pr\u00e1cticas de Laboratorio).<\/li>\n<li><b>Equipo de protecci\u00f3n individual (EPI):<\/b> El personal debe llevar en todo momento ropa de protecci\u00f3n adecuada, consistente en <b>Bata de laboratorio, gafas de seguridad y guantes<\/b>, para evitar cualquier exposici\u00f3n.<\/li>\n<li><b>Cumplimiento legal:<\/b> El comprador es el \u00fanico responsable de garantizar que todos los <b>leyes locales, estatales y nacionales<\/b> con respecto a la posesi\u00f3n y utilizaci\u00f3n de este producto qu\u00edmico de investigaci\u00f3n en su jurisdicci\u00f3n.<\/li>\n<\/ul>\n<h2>Recomendaciones de almacenamiento y manipulaci\u00f3n<\/h2>\n<p>El cumplimiento de las condiciones de almacenamiento recomendadas es crucial para mantener la pureza y estabilidad de los gr\u00e1nulos de 4-AcO-MET 20 mg durante toda su vida \u00fatil.<\/p>\n<h3>Condiciones \u00f3ptimas de almacenamiento a largo plazo<\/h3>\n<ul>\n<li><b>Control de temperatura:<\/b> El almacenamiento debe estar a <b><a href=\"\/product\/1b-lsd-125mcg-blotters-kaufen\/\">m\u00e1s controlado<\/a> Temperatura ambiente (15-25\u00b0C)<\/b> se produzca. El calor extremo puede acelerar el ritmo de descomposici\u00f3n.<\/li>\n<li><b>Protecci\u00f3n contra la humedad:<\/b> El entorno debe <b>seco<\/b> (idealmente por debajo de 60% de humedad relativa) para garantizar la estabilidad qu\u00edmica.<\/li>\n<li><b>Protecci\u00f3n contra la luz:<\/b> Los gr\u00e1nulos deben <b>de la luz solar directa<\/b> y luz intensa.<\/li>\n<li><b>Embalaje:<\/b> En <b>Embalaje original<\/b> deben permanecer siempre herm\u00e9ticamente cerrados e intactos para evitar influencias externas.<\/li>\n<\/ul>\n<h2>Informaci\u00f3n sobre pedidos y protocolo de verificaci\u00f3n<\/h2>\n<p>La distribuci\u00f3n de estos materiales de investigaci\u00f3n especializados est\u00e1 restringida a instituciones cient\u00edficas y anal\u00edticas verificadas.<\/p>\n<h3>Cantidades disponibles para instituciones de investigaci\u00f3n<\/h3>\n<ul>\n<li>Envase peque\u00f1o: 50 gr\u00e1nulos<\/li>\n<li>Envase est\u00e1ndar: 100 gr\u00e1nulos<\/li>\n<li>Envase a granel: 250 gr\u00e1nulos<\/li>\n<li>Investigaci\u00f3n a granel: 500 gr\u00e1nulos<\/li>\n<\/ul>\n<h3>Requisitos obligatorios de las \u00f3rdenes<\/h3>\n<p>Las siguientes pruebas son necesarias para proteger las normas cient\u00edficas:<\/p>\n<ol start=\"1\">\n<li><b>Instituci\u00f3n de investigaci\u00f3n:<\/b> Presentaci\u00f3n de un justificante oficial de la instituci\u00f3n (universidad, laboratorio de investigaci\u00f3n).<\/li>\n<li><b>Uso previsto:<\/b> Una descripci\u00f3n escrita del proyecto de investigaci\u00f3n para el que se van a utilizar los gr\u00e1nulos.<\/li>\n<li><b>Conocimientos de seguridad:<\/b> Una confirmaci\u00f3n de conocimiento y cumplimiento de la Hoja de Datos de Seguridad del Material (MSDS).<\/li>\n<\/ol>\n<h2>Preguntas m\u00e1s frecuentes (FAQ)<\/h2>\n<ul>\n<li><b>P: \u00bfLos gr\u00e1nulos son aptos para el consumo humano?<\/b><br \/>\nR: No, este producto es <b>exclusivamente con fines de investigaci\u00f3n<\/b> en entornos de laboratorio.<\/li>\n<li><b>P: \u00bfQu\u00e9 datos de an\u00e1lisis se facilitan?<\/b><br \/>\nR: Proporcionamos an\u00e1lisis completos por HPLC y documentaci\u00f3n de los lotes.<\/li>\n<li><b>P: \u00bfCu\u00e1l es la vida \u00fatil de los gr\u00e1nulos?<br \/>\n<\/b> R: Si se almacena correctamente, la vida \u00fatil documentada es de al menos <b>24 meses<\/b>.<\/li>\n<li><b>P: \u00bfNecesito autorizaciones especiales?<\/b><br \/>\nR: Las organizaciones de investigaci\u00f3n deben cumplir todas las normativas locales y nacionales relativas a los productos qu\u00edmicos de investigaci\u00f3n.<\/li>\n<li><b>P: \u00bfEs discreto el env\u00edo?<\/b><br \/>\nR: S\u00ed, el env\u00edo se realiza en un embalaje neutro de laboratorio que no da ninguna indicaci\u00f3n del contenido.<\/li>\n<\/ul>\n<h2>Aviso jur\u00eddico - Cumplimiento estricto<\/h2>\n<p>Este producto es <b>exclusivamente con fines de investigaci\u00f3n cient\u00edfica<\/b> determinado. El comprador confirma irrevocablemente la compra:<\/p>\n<ul>\n<li>S\u00f3lo se utiliza en <b>entornos de investigaci\u00f3n legales y autorizados<\/b>.<\/li>\n<li>En <b>Cumplimiento de todas las leyes y reglamentos aplicables<\/b>.<\/li>\n<li>En <b>Aplicaci\u00f3n de medidas de seguridad adecuadas<\/b>.<\/li>\n<li>En <b>Prohibici\u00f3n de uso no autorizado<\/b>.<\/li>\n<\/ul>","protected":false},"excerpt":{"rendered":"<p>Comprar 4-AcO-MET 20mg en pellets: Producto qu\u00edmico de investigaci\u00f3n en gr\u00e1nulos uniformemente dosificados para trabajos cient\u00edficos precisos. Exclusivamente para fines de investigaci\u00f3n en entornos de laboratorio.<\/p>","protected":false},"featured_media":6453,"comment_status":"open","ping_status":"closed","template":"","meta":{"_joinchat":[]},"product_brand":[],"product_cat":[54],"product_tag":[3103,3102,3088,2907,2908,3086,3084,3074,3087],"class_list":{"0":"post-6423","1":"product","2":"type-product","3":"status-publish","4":"has-post-thumbnail","6":"product_cat-tryptamines","7":"product_tag-20mg","8":"product_tag-4-aco-met","9":"product_tag-dosierungsstudien","10":"product_tag-forschungschemikalie","11":"product_tag-laborbedarf","12":"product_tag-laborforschung","13":"product_tag-pellets","14":"product_tag-research-chemical","15":"product_tag-wissenschaftliche-analyse","17":"first","18":"instock","19":"shipping-taxable","20":"purchasable","21":"product-type-variable"},"yoast_head":"<!-- This site is optimized with the Yoast SEO plugin v27.5 - https:\/\/yoast.com\/product\/yoast-seo-wordpress\/ -->\n<title>4-AcO-MET Pellets Kaufen | Research Chemical | 20mg Chemgramx<\/title>\n<meta name=\"description\" content=\"4-AcO-MET 20mg Pellets kaufen - Forschungschemikalie in pelletierter Form. F\u00fcr wissenschaftliche Analysen. Laborgepr\u00fcft &amp; diskret.\" \/>\n<meta name=\"robots\" content=\"index, follow, max-snippet:-1, max-image-preview:large, max-video-preview:-1\" \/>\n<link rel=\"canonical\" href=\"https:\/\/chemgramx.com\/es\/producto-1\/comprar-4-granulos-de-aco-met-20-mg\/\" \/>\n<meta property=\"og:locale\" content=\"es_ES\" \/>\n<meta property=\"og:type\" content=\"article\" \/>\n<meta property=\"og:title\" content=\"4-AcO-MET Pellets Kaufen | Research Chemical | 20mg Chemgramx\" \/>\n<meta property=\"og:description\" content=\"4-AcO-MET 20mg Pellets kaufen - Forschungschemikalie in pelletierter Form. F\u00fcr wissenschaftliche Analysen. Laborgepr\u00fcft &amp; diskret.\" \/>\n<meta property=\"og:url\" content=\"https:\/\/chemgramx.com\/es\/producto-1\/comprar-4-granulos-de-aco-met-20-mg\/\" \/>\n<meta property=\"og:site_name\" content=\"Chemgramx\" \/>\n<meta property=\"article:modified_time\" content=\"2025-11-21T11:06:13+00:00\" \/>\n<meta property=\"og:image\" content=\"https:\/\/chemgramx.com\/wp-content\/uploads\/2025\/11\/buy-4-aco-met-20-mg-pellets-chem-store-online.png\" \/>\n\t<meta property=\"og:image:width\" content=\"544\" \/>\n\t<meta property=\"og:image:height\" content=\"568\" \/>\n\t<meta property=\"og:image:type\" content=\"image\/png\" \/>\n<meta name=\"twitter:card\" content=\"summary_large_image\" \/>\n<meta name=\"twitter:label1\" content=\"Tiempo de lectura\" \/>\n\t<meta name=\"twitter:data1\" content=\"5 minutos\" \/>\n<script type=\"application\/ld+json\" class=\"yoast-schema-graph\">{\"@context\":\"https:\\\/\\\/schema.org\",\"@graph\":[{\"@type\":\"WebPage\",\"@id\":\"https:\\\/\\\/chemgramx.com\\\/product\\\/4-aco-met-20mg-pellets-kaufen\\\/\",\"url\":\"https:\\\/\\\/chemgramx.com\\\/product\\\/4-aco-met-20mg-pellets-kaufen\\\/\",\"name\":\"4-AcO-MET Pellets Kaufen | Research Chemical | 20mg Chemgramx\",\"isPartOf\":{\"@id\":\"https:\\\/\\\/chemgramx.com\\\/#website\"},\"primaryImageOfPage\":{\"@id\":\"https:\\\/\\\/chemgramx.com\\\/product\\\/4-aco-met-20mg-pellets-kaufen\\\/#primaryimage\"},\"image\":{\"@id\":\"https:\\\/\\\/chemgramx.com\\\/product\\\/4-aco-met-20mg-pellets-kaufen\\\/#primaryimage\"},\"thumbnailUrl\":\"https:\\\/\\\/chemgramx.com\\\/wp-content\\\/uploads\\\/2025\\\/11\\\/buy-4-aco-met-20-mg-pellets-chem-store-online.png\",\"datePublished\":\"2025-11-21T11:05:20+00:00\",\"dateModified\":\"2025-11-21T11:06:13+00:00\",\"description\":\"4-AcO-MET 20mg Pellets kaufen - Forschungschemikalie in pelletierter Form. F\u00fcr wissenschaftliche Analysen. Laborgepr\u00fcft &amp; diskret.\",\"breadcrumb\":{\"@id\":\"https:\\\/\\\/chemgramx.com\\\/product\\\/4-aco-met-20mg-pellets-kaufen\\\/#breadcrumb\"},\"inLanguage\":\"es\",\"potentialAction\":[{\"@type\":\"ReadAction\",\"target\":[\"https:\\\/\\\/chemgramx.com\\\/product\\\/4-aco-met-20mg-pellets-kaufen\\\/\"]}]},{\"@type\":\"ImageObject\",\"inLanguage\":\"es\",\"@id\":\"https:\\\/\\\/chemgramx.com\\\/product\\\/4-aco-met-20mg-pellets-kaufen\\\/#primaryimage\",\"url\":\"https:\\\/\\\/chemgramx.com\\\/wp-content\\\/uploads\\\/2025\\\/11\\\/buy-4-aco-met-20-mg-pellets-chem-store-online.png\",\"contentUrl\":\"https:\\\/\\\/chemgramx.com\\\/wp-content\\\/uploads\\\/2025\\\/11\\\/buy-4-aco-met-20-mg-pellets-chem-store-online.png\",\"width\":544,\"height\":568},{\"@type\":\"BreadcrumbList\",\"@id\":\"https:\\\/\\\/chemgramx.com\\\/product\\\/4-aco-met-20mg-pellets-kaufen\\\/#breadcrumb\",\"itemListElement\":[{\"@type\":\"ListItem\",\"position\":1,\"name\":\"Home\",\"item\":\"https:\\\/\\\/chemgramx.com\\\/\"},{\"@type\":\"ListItem\",\"position\":2,\"name\":\"Shop\",\"item\":\"https:\\\/\\\/chemgramx.com\\\/shop\\\/\"},{\"@type\":\"ListItem\",\"position\":3,\"name\":\"4-AcO-MET 20mg Pellets kaufen\"}]},{\"@type\":\"WebSite\",\"@id\":\"https:\\\/\\\/chemgramx.com\\\/#website\",\"url\":\"https:\\\/\\\/chemgramx.com\\\/\",\"name\":\"Chemgramx\",\"description\":\"\",\"publisher\":{\"@id\":\"https:\\\/\\\/chemgramx.com\\\/#organization\"},\"potentialAction\":[{\"@type\":\"SearchAction\",\"target\":{\"@type\":\"EntryPoint\",\"urlTemplate\":\"https:\\\/\\\/chemgramx.com\\\/?s={search_term_string}\"},\"query-input\":{\"@type\":\"PropertyValueSpecification\",\"valueRequired\":true,\"valueName\":\"search_term_string\"}}],\"inLanguage\":\"es\"},{\"@type\":\"Organization\",\"@id\":\"https:\\\/\\\/chemgramx.com\\\/#organization\",\"name\":\"Chemgramx\",\"url\":\"https:\\\/\\\/chemgramx.com\\\/\",\"logo\":{\"@type\":\"ImageObject\",\"inLanguage\":\"es\",\"@id\":\"https:\\\/\\\/chemgramx.com\\\/#\\\/schema\\\/logo\\\/image\\\/\",\"url\":\"https:\\\/\\\/chemgramx.com\\\/wp-content\\\/uploads\\\/2024\\\/10\\\/final-logo.png\",\"contentUrl\":\"https:\\\/\\\/chemgramx.com\\\/wp-content\\\/uploads\\\/2024\\\/10\\\/final-logo.png\",\"width\":250,\"height\":48,\"caption\":\"Chemgramx\"},\"image\":{\"@id\":\"https:\\\/\\\/chemgramx.com\\\/#\\\/schema\\\/logo\\\/image\\\/\"}}]}<\/script>\n<!-- \/ Yoast SEO plugin. -->","yoast_head_json":{"title":"Comprar 4-AcO-MET Pellets | Research Chemical | 20mg Chemgramx","description":"Comprar 4-AcO-MET 20mg Pellets - Producto qu\u00edmico de investigaci\u00f3n en forma de pellets. Para an\u00e1lisis cient\u00edficos. Probado en laboratorio y discreto.","robots":{"index":"index","follow":"follow","max-snippet":"max-snippet:-1","max-image-preview":"max-image-preview:large","max-video-preview":"max-video-preview:-1"},"canonical":"https:\/\/chemgramx.com\/es\/producto-1\/comprar-4-granulos-de-aco-met-20-mg\/","og_locale":"es_ES","og_type":"article","og_title":"4-AcO-MET Pellets Kaufen | Research Chemical | 20mg Chemgramx","og_description":"4-AcO-MET 20mg Pellets kaufen - Forschungschemikalie in pelletierter Form. F\u00fcr wissenschaftliche Analysen. Laborgepr\u00fcft &amp; diskret.","og_url":"https:\/\/chemgramx.com\/es\/producto-1\/comprar-4-granulos-de-aco-met-20-mg\/","og_site_name":"Chemgramx","article_modified_time":"2025-11-21T11:06:13+00:00","og_image":[{"width":544,"height":568,"url":"https:\/\/chemgramx.com\/wp-content\/uploads\/2025\/11\/buy-4-aco-met-20-mg-pellets-chem-store-online.png","type":"image\/png"}],"twitter_card":"summary_large_image","twitter_misc":{"Tiempo de lectura":"5 minutos"},"schema":{"@context":"https:\/\/schema.org","@graph":[{"@type":"WebPage","@id":"https:\/\/chemgramx.com\/product\/4-aco-met-20mg-pellets-kaufen\/","url":"https:\/\/chemgramx.com\/product\/4-aco-met-20mg-pellets-kaufen\/","name":"Comprar 4-AcO-MET Pellets | Research Chemical | 20mg Chemgramx","isPartOf":{"@id":"https:\/\/chemgramx.com\/#website"},"primaryImageOfPage":{"@id":"https:\/\/chemgramx.com\/product\/4-aco-met-20mg-pellets-kaufen\/#primaryimage"},"image":{"@id":"https:\/\/chemgramx.com\/product\/4-aco-met-20mg-pellets-kaufen\/#primaryimage"},"thumbnailUrl":"https:\/\/chemgramx.com\/wp-content\/uploads\/2025\/11\/buy-4-aco-met-20-mg-pellets-chem-store-online.png","datePublished":"2025-11-21T11:05:20+00:00","dateModified":"2025-11-21T11:06:13+00:00","description":"Comprar 4-AcO-MET 20mg Pellets - Producto qu\u00edmico de investigaci\u00f3n en forma de pellets. Para an\u00e1lisis cient\u00edficos. Probado en laboratorio y discreto.","breadcrumb":{"@id":"https:\/\/chemgramx.com\/product\/4-aco-met-20mg-pellets-kaufen\/#breadcrumb"},"inLanguage":"es","potentialAction":[{"@type":"ReadAction","target":["https:\/\/chemgramx.com\/product\/4-aco-met-20mg-pellets-kaufen\/"]}]},{"@type":"ImageObject","inLanguage":"es","@id":"https:\/\/chemgramx.com\/product\/4-aco-met-20mg-pellets-kaufen\/#primaryimage","url":"https:\/\/chemgramx.com\/wp-content\/uploads\/2025\/11\/buy-4-aco-met-20-mg-pellets-chem-store-online.png","contentUrl":"https:\/\/chemgramx.com\/wp-content\/uploads\/2025\/11\/buy-4-aco-met-20-mg-pellets-chem-store-online.png","width":544,"height":568},{"@type":"BreadcrumbList","@id":"https:\/\/chemgramx.com\/product\/4-aco-met-20mg-pellets-kaufen\/#breadcrumb","itemListElement":[{"@type":"ListItem","position":1,"name":"Home","item":"https:\/\/chemgramx.com\/"},{"@type":"ListItem","position":2,"name":"Shop","item":"https:\/\/chemgramx.com\/shop\/"},{"@type":"ListItem","position":3,"name":"4-AcO-MET 20mg Pellets kaufen"}]},{"@type":"WebSite","@id":"https:\/\/chemgramx.com\/#website","url":"https:\/\/chemgramx.com\/","name":"Chemgramx","description":"","publisher":{"@id":"https:\/\/chemgramx.com\/#organization"},"potentialAction":[{"@type":"SearchAction","target":{"@type":"EntryPoint","urlTemplate":"https:\/\/chemgramx.com\/?s={search_term_string}"},"query-input":{"@type":"PropertyValueSpecification","valueRequired":true,"valueName":"search_term_string"}}],"inLanguage":"es"},{"@type":"Organization","@id":"https:\/\/chemgramx.com\/#organization","name":"Chemgramx","url":"https:\/\/chemgramx.com\/","logo":{"@type":"ImageObject","inLanguage":"es","@id":"https:\/\/chemgramx.com\/#\/schema\/logo\/image\/","url":"https:\/\/chemgramx.com\/wp-content\/uploads\/2024\/10\/final-logo.png","contentUrl":"https:\/\/chemgramx.com\/wp-content\/uploads\/2024\/10\/final-logo.png","width":250,"height":48,"caption":"Chemgramx"},"image":{"@id":"https:\/\/chemgramx.com\/#\/schema\/logo\/image\/"}}]}},"_links":{"self":[{"href":"https:\/\/chemgramx.com\/es\/wp-json\/wp\/v2\/product\/6423","targetHints":{"allow":["GET"]}}],"collection":[{"href":"https:\/\/chemgramx.com\/es\/wp-json\/wp\/v2\/product"}],"about":[{"href":"https:\/\/chemgramx.com\/es\/wp-json\/wp\/v2\/types\/product"}],"replies":[{"embeddable":true,"href":"https:\/\/chemgramx.com\/es\/wp-json\/wp\/v2\/comments?post=6423"}],"wp:featuredmedia":[{"embeddable":true,"href":"https:\/\/chemgramx.com\/es\/wp-json\/wp\/v2\/media\/6453"}],"wp:attachment":[{"href":"https:\/\/chemgramx.com\/es\/wp-json\/wp\/v2\/media?parent=6423"}],"wp:term":[{"taxonomy":"product_brand","embeddable":true,"href":"https:\/\/chemgramx.com\/es\/wp-json\/wp\/v2\/product_brand?post=6423"},{"taxonomy":"product_cat","embeddable":true,"href":"https:\/\/chemgramx.com\/es\/wp-json\/wp\/v2\/product_cat?post=6423"},{"taxonomy":"product_tag","embeddable":true,"href":"https:\/\/chemgramx.com\/es\/wp-json\/wp\/v2\/product_tag?post=6423"}],"curies":[{"name":"wp","href":"https:\/\/api.w.org\/{rel}","templated":true}]}}