{"id":6426,"date":"2025-11-21T11:05:20","date_gmt":"2025-11-21T11:05:20","guid":{"rendered":"https:\/\/chemgramx.com\/?post_type=product&#038;p=6426"},"modified":"2025-11-21T11:06:22","modified_gmt":"2025-11-21T11:06:22","slug":"comprar-5-granulos-de-meo-mipt-10mg","status":"publish","type":"product","link":"https:\/\/chemgramx.com\/es\/product\/5-meo-mipt-10mg-pellets-kaufen\/","title":{"rendered":"Comprar gr\u00e1nulos de 5-MeO-MiPT 10mg"},"content":{"rendered":"<p><b>Pellets de 5-MeO-MiPT<\/b> representan una forma microprocesada y dosificada con precisi\u00f3n del derivado de la triptamina <b>5-Metoxi-N-metil-N-isopropiltriptamina<\/b> representan. Este material de investigaci\u00f3n especializado <b>exclusivamente<\/b> dise\u00f1ado para an\u00e1lisis cient\u00edficos cualificados en entornos de laboratorio estrictamente controlados. La dosificaci\u00f3n normalizada de <b>10 mg por gr\u00e1nulo<\/b> es una ventaja decisiva para la reproducibilidad de los experimentos. De hecho, la alta pureza y la consistencia de los lotes hacen de estos pellets un est\u00e1ndar de investigaci\u00f3n extremadamente fiable para proyectos anal\u00edticos exigentes. En consecuencia, la manipulaci\u00f3n de 5-MeO-MiPT est\u00e1 sujeta a los protocolos legales y de seguridad m\u00e1s estrictos, cuyo cumplimiento es obligatorio para cualquier organizaci\u00f3n de investigaci\u00f3n.<\/p>\n<h2>Clasificaci\u00f3n qu\u00edmica y propiedades estructurales<\/h2>\n<p>La estructura qu\u00edmica de la 5-MeO-MiPT proporciona pistas importantes sobre su posible papel en la investigaci\u00f3n biol\u00f3gica. <b>5-MeO-MiPT<\/b> pertenece a la familia de <b>triptaminas sustituidas<\/b>. Su estructura qu\u00edmica est\u00e1 estrechamente relacionada con el neurotransmisor end\u00f3geno serotonina, lo que constituye la base de su relevancia para la investigaci\u00f3n neurofarmacol\u00f3gica. El estudio de estos an\u00e1logos permite a los cient\u00edficos descifrar con precisi\u00f3n las complejas interacciones entre estructura qu\u00edmica y actividad biol\u00f3gica.<\/p>\n<h3>La estructura de la triptamina y sus modificaciones<\/h3>\n<p>En <b>Espina dorsal indol-alquilamina<\/b> es caracter\u00edstico de las triptaminas. Esta clase qu\u00edmica es generalmente conocida por su fuerte interacci\u00f3n con el <b>Receptores de serotonina (5-HT)<\/b> conocidos. En <b>Grupo 5-metoxi<\/b> en la posici\u00f3n C5 del anillo de indol es una modificaci\u00f3n clave; a menudo influye en la afinidad por determinados subtipos de receptores y puede cambiar la lipofilia del compuesto. Adem\u00e1s, la <b>Sustituciones N-metil-N-isopropil (MiPT)<\/b> en el grupo amino influyen significativamente en el perfil metab\u00f3lico del compuesto. En consecuencia, estas modificaciones determinan la rapidez con la que se descompone la sustancia y las propiedades farmacol\u00f3gicas que presenta en sistemas in vitro.<\/p>\n<h2>Pureza y estabilidad anal\u00edticas para la investigaci\u00f3n<\/h2>\n<p>La fiabilidad de los datos anal\u00edticos depende de la calidad de los materiales de partida. Por lo tanto, el control estricto de la pureza y la estabilidad del 5-MeO-MiPT es de suma importancia.<\/p>\n<h3>Calidad e integridad demostradas<\/h3>\n<p>La documentaci\u00f3n anal\u00edtica, que es <b>HPLC (cromatograf\u00eda l\u00edquida de alta resoluci\u00f3n)<\/b> garantiza un <b>Alta pureza<\/b> del material. Esta calidad es esencial para la investigaci\u00f3n cient\u00edfica, ya que incluso peque\u00f1as impurezas pueden falsear los resultados de estudios de uni\u00f3n o an\u00e1lisis cromatogr\u00e1ficos. Adem\u00e1s, la <b>Estabilidad a largo plazo<\/b> cuando se almacena correctamente (fresco, seco y protegido de la luz) est\u00e1 respaldada por datos documentados sobre su estabilidad. Esto es de gran importancia para <a href=\"\/product\/legal-psychedelics-kaufen\/\">qu\u00edmica<\/a> integridad de la conexi\u00f3n durante toda la duraci\u00f3n de un proyecto de investigaci\u00f3n.<\/p>\n<h3>La forma farmac\u00e9utica: ventajas de los gr\u00e1nulos de 10 mg<\/h3>\n<p>La presentaci\u00f3n como <b>micro-tabletas de pellets<\/b> ofrece ventajas considerables sobre la forma en polvo para el trabajo de laboratorio y para garantizar la reproducibilidad.<\/p>\n<ul>\n<li><b>Dosificaci\u00f3n precisa y reproducibilidad:<\/b> La dosis de <b>10 mg por gr\u00e1nulo<\/b> est\u00e1 fabricado a m\u00e1quina y es muy preciso. Esto elimina las importantes fuentes de error que pueden producirse al pesar polvos manualmente, especialmente en peque\u00f1as cantidades de miligramos. Como resultado, la <b>Reproducibilidad<\/b> de estudios de dosificaci\u00f3n y an\u00e1lisis comparativos, que es un requisito previo b\u00e1sico para publicar los resultados de la investigaci\u00f3n.<\/li>\n<li><b>Manipulaci\u00f3n segura:<\/b> Los gr\u00e1nulos son m\u00e1s f\u00e1ciles y seguros de manipular que los polvos finos y vol\u00e1tiles. Esto minimiza el riesgo de <b>exposici\u00f3n por inhalaci\u00f3n<\/b> del personal del laboratorio y simplifica el cumplimiento de la <b>Normas BPL (Buenas Pr\u00e1cticas de Laboratorio)<\/b>.<\/li>\n<li><b>Investigaci\u00f3n sobre la estabilidad:<\/b> Por \u00faltimo, los propios gr\u00e1nulos sirven de sistema modelo para investigar la <b>Estabilidad y durabilidad<\/b> del principio activo en una forma de dosificaci\u00f3n s\u00f3lida, lo que es relevante para la investigaci\u00f3n de materiales farmac\u00e9uticos.<\/li>\n<\/ul>\n<h2>Aplicaciones y \u00e1mbitos de investigaci\u00f3n<\/h2>\n<p>Debido a su similitud estructural con las triptaminas end\u00f3genas y otras psicoactivas, la 5-MeO-MiPT es una herramienta importante en el estudio de los procesos neuroqu\u00edmicos.<\/p>\n<h3>Posibles \u00e1mbitos de aplicaci\u00f3n<\/h3>\n<p>Los gr\u00e1nulos son adecuados para una serie de estudios anal\u00edticos y precl\u00ednicos en los que se requiere una dosis precisa y predefinida:<\/p>\n<ul>\n<li><b>Estudios de uni\u00f3n a receptores:<\/b> El material se utiliza como ligando para determinar la afinidad y la actividad funcional en los subtipos de receptores de serotonina.<\/li>\n<li><b>Pruebas farmacol\u00f3gicas y del mecanismo de acci\u00f3n:<\/b> Se est\u00e1n investigando los mecanismos celulares y moleculares desencadenados por el compuesto, lo que puede contribuir a la investigaci\u00f3n de nuevas v\u00edas de se\u00f1alizaci\u00f3n.<\/li>\n<li><b>Investigaci\u00f3n del metabolismo:<\/b> Los gr\u00e1nulos pueden servir de sustrato para estudios de metabolismo in vitro con el fin de identificar las v\u00edas de degradaci\u00f3n y los metabolitos producidos. Estos datos son \u00fatiles para la <b>Toxicolog\u00eda forense y anal\u00edtica<\/b> indispensable.<\/li>\n<li><b>An\u00e1lisis comparativos:<\/b> Los pellets normalizados sirven como material de referencia en el an\u00e1lisis cromatogr\u00e1fico para el desarrollo y la validaci\u00f3n de nuevos m\u00e9todos de detecci\u00f3n.<\/li>\n<\/ul>\n<h2>Aviso jur\u00eddico - Cumplimiento estricto<\/h2>\n<p>Este producto es\u00a0<b>exclusivamente con fines de investigaci\u00f3n<\/b>\u00a0en instituciones cient\u00edficas. El comprador confirma irrevocablemente la compra:<\/p>\n<ul>\n<li>S\u00f3lo se utiliza en\u00a0<b>entornos de investigaci\u00f3n legales y autorizados<\/b>.<\/li>\n<li>En\u00a0<b>Cumplimiento de todas las leyes y normativas locales<\/b>\u00a0en la jurisdicci\u00f3n correspondiente.<\/li>\n<li>En\u00a0<b>Aplicaci\u00f3n de medidas de seguridad adecuadas<\/b>\u00a0para la protecci\u00f3n del personal.<\/li>\n<li>En\u00a0<b>Prohibici\u00f3n de uso no autorizado<\/b>\u00a0y el consumo.<\/li>\n<\/ul>","protected":false},"excerpt":{"rendered":"<p>Comprar pellets de 5-MeO-MiPT 10mg: Producto qu\u00edmico de investigaci\u00f3n en gr\u00e1nulos uniformemente dosificados para trabajos cient\u00edficos precisos. Exclusivamente para fines de investigaci\u00f3n en entornos de laboratorio.<\/p>","protected":false},"featured_media":6456,"comment_status":"open","ping_status":"closed","template":"","meta":{"_joinchat":[]},"product_brand":[],"product_cat":[54],"product_tag":[],"class_list":{"0":"post-6426","1":"product","2":"type-product","3":"status-publish","4":"has-post-thumbnail","6":"product_cat-tryptamines","8":"first","9":"instock","10":"shipping-taxable","11":"purchasable","12":"product-type-variable"},"yoast_head":"<!-- This site is optimized with the Yoast SEO plugin v27.5 - https:\/\/yoast.com\/product\/yoast-seo-wordpress\/ -->\n<title>5-MeO-MiPT Pellets Kaufen | 10mg | Research Chemical Chemgramx<\/title>\n<meta name=\"description\" content=\"5-MeO-MiPT 10mg Pellets kaufen - Forschungschemikalie in pelletierter Form. F\u00fcr wissenschaftliche Analysen. Laborgepr\u00fcft &amp; diskret.\" \/>\n<meta name=\"robots\" content=\"index, follow, max-snippet:-1, max-image-preview:large, max-video-preview:-1\" \/>\n<link rel=\"canonical\" href=\"https:\/\/chemgramx.com\/es\/producto-1\/comprar-5-granulos-de-meo-mipt-10mg\/\" \/>\n<meta property=\"og:locale\" content=\"es_ES\" \/>\n<meta property=\"og:type\" content=\"article\" \/>\n<meta property=\"og:title\" content=\"5-MeO-MiPT Pellets Kaufen | 10mg | Research Chemical Chemgramx\" \/>\n<meta property=\"og:description\" content=\"5-MeO-MiPT 10mg Pellets kaufen - Forschungschemikalie in pelletierter Form. F\u00fcr wissenschaftliche Analysen. Laborgepr\u00fcft &amp; diskret.\" \/>\n<meta property=\"og:url\" content=\"https:\/\/chemgramx.com\/es\/producto-1\/comprar-5-granulos-de-meo-mipt-10mg\/\" \/>\n<meta property=\"og:site_name\" content=\"Chemgramx\" \/>\n<meta property=\"article:modified_time\" content=\"2025-11-21T11:06:22+00:00\" \/>\n<meta property=\"og:image\" content=\"https:\/\/chemgramx.com\/wp-content\/uploads\/2025\/11\/buy-5-meo-mipt-10mg-pellets-chem-store-online.png\" \/>\n\t<meta property=\"og:image:width\" content=\"623\" \/>\n\t<meta property=\"og:image:height\" content=\"535\" \/>\n\t<meta property=\"og:image:type\" content=\"image\/png\" \/>\n<meta name=\"twitter:card\" content=\"summary_large_image\" \/>\n<meta name=\"twitter:label1\" content=\"Tiempo de lectura\" \/>\n\t<meta name=\"twitter:data1\" content=\"4 minutos\" \/>\n<script type=\"application\/ld+json\" class=\"yoast-schema-graph\">{\"@context\":\"https:\\\/\\\/schema.org\",\"@graph\":[{\"@type\":\"WebPage\",\"@id\":\"https:\\\/\\\/chemgramx.com\\\/product\\\/5-meo-mipt-10mg-pellets-kaufen\\\/\",\"url\":\"https:\\\/\\\/chemgramx.com\\\/product\\\/5-meo-mipt-10mg-pellets-kaufen\\\/\",\"name\":\"5-MeO-MiPT Pellets Kaufen | 10mg | Research Chemical Chemgramx\",\"isPartOf\":{\"@id\":\"https:\\\/\\\/chemgramx.com\\\/#website\"},\"primaryImageOfPage\":{\"@id\":\"https:\\\/\\\/chemgramx.com\\\/product\\\/5-meo-mipt-10mg-pellets-kaufen\\\/#primaryimage\"},\"image\":{\"@id\":\"https:\\\/\\\/chemgramx.com\\\/product\\\/5-meo-mipt-10mg-pellets-kaufen\\\/#primaryimage\"},\"thumbnailUrl\":\"https:\\\/\\\/chemgramx.com\\\/wp-content\\\/uploads\\\/2025\\\/11\\\/buy-5-meo-mipt-10mg-pellets-chem-store-online.png\",\"datePublished\":\"2025-11-21T11:05:20+00:00\",\"dateModified\":\"2025-11-21T11:06:22+00:00\",\"description\":\"5-MeO-MiPT 10mg Pellets kaufen - Forschungschemikalie in pelletierter Form. F\u00fcr wissenschaftliche Analysen. Laborgepr\u00fcft &amp; diskret.\",\"breadcrumb\":{\"@id\":\"https:\\\/\\\/chemgramx.com\\\/product\\\/5-meo-mipt-10mg-pellets-kaufen\\\/#breadcrumb\"},\"inLanguage\":\"es\",\"potentialAction\":[{\"@type\":\"ReadAction\",\"target\":[\"https:\\\/\\\/chemgramx.com\\\/product\\\/5-meo-mipt-10mg-pellets-kaufen\\\/\"]}]},{\"@type\":\"ImageObject\",\"inLanguage\":\"es\",\"@id\":\"https:\\\/\\\/chemgramx.com\\\/product\\\/5-meo-mipt-10mg-pellets-kaufen\\\/#primaryimage\",\"url\":\"https:\\\/\\\/chemgramx.com\\\/wp-content\\\/uploads\\\/2025\\\/11\\\/buy-5-meo-mipt-10mg-pellets-chem-store-online.png\",\"contentUrl\":\"https:\\\/\\\/chemgramx.com\\\/wp-content\\\/uploads\\\/2025\\\/11\\\/buy-5-meo-mipt-10mg-pellets-chem-store-online.png\",\"width\":623,\"height\":535},{\"@type\":\"BreadcrumbList\",\"@id\":\"https:\\\/\\\/chemgramx.com\\\/product\\\/5-meo-mipt-10mg-pellets-kaufen\\\/#breadcrumb\",\"itemListElement\":[{\"@type\":\"ListItem\",\"position\":1,\"name\":\"Home\",\"item\":\"https:\\\/\\\/chemgramx.com\\\/\"},{\"@type\":\"ListItem\",\"position\":2,\"name\":\"Shop\",\"item\":\"https:\\\/\\\/chemgramx.com\\\/shop\\\/\"},{\"@type\":\"ListItem\",\"position\":3,\"name\":\"5-MeO-MiPT 10mg Pellets kaufen\"}]},{\"@type\":\"WebSite\",\"@id\":\"https:\\\/\\\/chemgramx.com\\\/#website\",\"url\":\"https:\\\/\\\/chemgramx.com\\\/\",\"name\":\"Chemgramx\",\"description\":\"\",\"publisher\":{\"@id\":\"https:\\\/\\\/chemgramx.com\\\/#organization\"},\"potentialAction\":[{\"@type\":\"SearchAction\",\"target\":{\"@type\":\"EntryPoint\",\"urlTemplate\":\"https:\\\/\\\/chemgramx.com\\\/?s={search_term_string}\"},\"query-input\":{\"@type\":\"PropertyValueSpecification\",\"valueRequired\":true,\"valueName\":\"search_term_string\"}}],\"inLanguage\":\"es\"},{\"@type\":\"Organization\",\"@id\":\"https:\\\/\\\/chemgramx.com\\\/#organization\",\"name\":\"Chemgramx\",\"url\":\"https:\\\/\\\/chemgramx.com\\\/\",\"logo\":{\"@type\":\"ImageObject\",\"inLanguage\":\"es\",\"@id\":\"https:\\\/\\\/chemgramx.com\\\/#\\\/schema\\\/logo\\\/image\\\/\",\"url\":\"https:\\\/\\\/chemgramx.com\\\/wp-content\\\/uploads\\\/2024\\\/10\\\/final-logo.png\",\"contentUrl\":\"https:\\\/\\\/chemgramx.com\\\/wp-content\\\/uploads\\\/2024\\\/10\\\/final-logo.png\",\"width\":250,\"height\":48,\"caption\":\"Chemgramx\"},\"image\":{\"@id\":\"https:\\\/\\\/chemgramx.com\\\/#\\\/schema\\\/logo\\\/image\\\/\"}}]}<\/script>\n<!-- \/ Yoast SEO plugin. -->","yoast_head_json":{"title":"Comprar 5-MeO-MiPT Pellets | 10mg | Investigaci\u00f3n Qu\u00edmica Chemgramx","description":"Comprar 5-MeO-MiPT 10mg Pellets - Producto qu\u00edmico de investigaci\u00f3n en forma de pellets. Para an\u00e1lisis cient\u00edficos. Probado en laboratorio y discreto.","robots":{"index":"index","follow":"follow","max-snippet":"max-snippet:-1","max-image-preview":"max-image-preview:large","max-video-preview":"max-video-preview:-1"},"canonical":"https:\/\/chemgramx.com\/es\/producto-1\/comprar-5-granulos-de-meo-mipt-10mg\/","og_locale":"es_ES","og_type":"article","og_title":"5-MeO-MiPT Pellets Kaufen | 10mg | Research Chemical Chemgramx","og_description":"5-MeO-MiPT 10mg Pellets kaufen - Forschungschemikalie in pelletierter Form. F\u00fcr wissenschaftliche Analysen. Laborgepr\u00fcft &amp; diskret.","og_url":"https:\/\/chemgramx.com\/es\/producto-1\/comprar-5-granulos-de-meo-mipt-10mg\/","og_site_name":"Chemgramx","article_modified_time":"2025-11-21T11:06:22+00:00","og_image":[{"width":623,"height":535,"url":"https:\/\/chemgramx.com\/wp-content\/uploads\/2025\/11\/buy-5-meo-mipt-10mg-pellets-chem-store-online.png","type":"image\/png"}],"twitter_card":"summary_large_image","twitter_misc":{"Tiempo de lectura":"4 minutos"},"schema":{"@context":"https:\/\/schema.org","@graph":[{"@type":"WebPage","@id":"https:\/\/chemgramx.com\/product\/5-meo-mipt-10mg-pellets-kaufen\/","url":"https:\/\/chemgramx.com\/product\/5-meo-mipt-10mg-pellets-kaufen\/","name":"Comprar 5-MeO-MiPT Pellets | 10mg | Investigaci\u00f3n Qu\u00edmica Chemgramx","isPartOf":{"@id":"https:\/\/chemgramx.com\/#website"},"primaryImageOfPage":{"@id":"https:\/\/chemgramx.com\/product\/5-meo-mipt-10mg-pellets-kaufen\/#primaryimage"},"image":{"@id":"https:\/\/chemgramx.com\/product\/5-meo-mipt-10mg-pellets-kaufen\/#primaryimage"},"thumbnailUrl":"https:\/\/chemgramx.com\/wp-content\/uploads\/2025\/11\/buy-5-meo-mipt-10mg-pellets-chem-store-online.png","datePublished":"2025-11-21T11:05:20+00:00","dateModified":"2025-11-21T11:06:22+00:00","description":"Comprar 5-MeO-MiPT 10mg Pellets - Producto qu\u00edmico de investigaci\u00f3n en forma de pellets. Para an\u00e1lisis cient\u00edficos. Probado en laboratorio y discreto.","breadcrumb":{"@id":"https:\/\/chemgramx.com\/product\/5-meo-mipt-10mg-pellets-kaufen\/#breadcrumb"},"inLanguage":"es","potentialAction":[{"@type":"ReadAction","target":["https:\/\/chemgramx.com\/product\/5-meo-mipt-10mg-pellets-kaufen\/"]}]},{"@type":"ImageObject","inLanguage":"es","@id":"https:\/\/chemgramx.com\/product\/5-meo-mipt-10mg-pellets-kaufen\/#primaryimage","url":"https:\/\/chemgramx.com\/wp-content\/uploads\/2025\/11\/buy-5-meo-mipt-10mg-pellets-chem-store-online.png","contentUrl":"https:\/\/chemgramx.com\/wp-content\/uploads\/2025\/11\/buy-5-meo-mipt-10mg-pellets-chem-store-online.png","width":623,"height":535},{"@type":"BreadcrumbList","@id":"https:\/\/chemgramx.com\/product\/5-meo-mipt-10mg-pellets-kaufen\/#breadcrumb","itemListElement":[{"@type":"ListItem","position":1,"name":"Home","item":"https:\/\/chemgramx.com\/"},{"@type":"ListItem","position":2,"name":"Shop","item":"https:\/\/chemgramx.com\/shop\/"},{"@type":"ListItem","position":3,"name":"5-MeO-MiPT 10mg Pellets kaufen"}]},{"@type":"WebSite","@id":"https:\/\/chemgramx.com\/#website","url":"https:\/\/chemgramx.com\/","name":"Chemgramx","description":"","publisher":{"@id":"https:\/\/chemgramx.com\/#organization"},"potentialAction":[{"@type":"SearchAction","target":{"@type":"EntryPoint","urlTemplate":"https:\/\/chemgramx.com\/?s={search_term_string}"},"query-input":{"@type":"PropertyValueSpecification","valueRequired":true,"valueName":"search_term_string"}}],"inLanguage":"es"},{"@type":"Organization","@id":"https:\/\/chemgramx.com\/#organization","name":"Chemgramx","url":"https:\/\/chemgramx.com\/","logo":{"@type":"ImageObject","inLanguage":"es","@id":"https:\/\/chemgramx.com\/#\/schema\/logo\/image\/","url":"https:\/\/chemgramx.com\/wp-content\/uploads\/2024\/10\/final-logo.png","contentUrl":"https:\/\/chemgramx.com\/wp-content\/uploads\/2024\/10\/final-logo.png","width":250,"height":48,"caption":"Chemgramx"},"image":{"@id":"https:\/\/chemgramx.com\/#\/schema\/logo\/image\/"}}]}},"_links":{"self":[{"href":"https:\/\/chemgramx.com\/es\/wp-json\/wp\/v2\/product\/6426","targetHints":{"allow":["GET"]}}],"collection":[{"href":"https:\/\/chemgramx.com\/es\/wp-json\/wp\/v2\/product"}],"about":[{"href":"https:\/\/chemgramx.com\/es\/wp-json\/wp\/v2\/types\/product"}],"replies":[{"embeddable":true,"href":"https:\/\/chemgramx.com\/es\/wp-json\/wp\/v2\/comments?post=6426"}],"wp:featuredmedia":[{"embeddable":true,"href":"https:\/\/chemgramx.com\/es\/wp-json\/wp\/v2\/media\/6456"}],"wp:attachment":[{"href":"https:\/\/chemgramx.com\/es\/wp-json\/wp\/v2\/media?parent=6426"}],"wp:term":[{"taxonomy":"product_brand","embeddable":true,"href":"https:\/\/chemgramx.com\/es\/wp-json\/wp\/v2\/product_brand?post=6426"},{"taxonomy":"product_cat","embeddable":true,"href":"https:\/\/chemgramx.com\/es\/wp-json\/wp\/v2\/product_cat?post=6426"},{"taxonomy":"product_tag","embeddable":true,"href":"https:\/\/chemgramx.com\/es\/wp-json\/wp\/v2\/product_tag?post=6426"}],"curies":[{"name":"wp","href":"https:\/\/api.w.org\/{rel}","templated":true}]}}