{"id":6430,"date":"2025-11-21T11:05:21","date_gmt":"2025-11-21T11:05:21","guid":{"rendered":"https:\/\/chemgramx.com\/?post_type=product&#038;p=6430"},"modified":"2025-11-21T11:06:23","modified_gmt":"2025-11-21T11:06:23","slug":"comprar-met-fumarato","status":"publish","type":"product","link":"https:\/\/chemgramx.com\/es\/product\/met-fumarate-kaufen\/","title":{"rendered":"Comprar MET Fumarate"},"content":{"rendered":"<p><b>MET Fumarato (N-metil-N-etiltriptamina)<\/b> es un producto qu\u00edmico de investigaci\u00f3n especializado que pertenece a la clase fundamental de los <b>Derivados de la triptamina<\/b> pertenece. Este material se encuentra en el <b>Forma de sal de fumarato<\/b> y es <b>exclusivamente<\/b> dise\u00f1ado para la investigaci\u00f3n cient\u00edfica en entornos de laboratorio estrictamente controlados. En comparaci\u00f3n con la base libre u otras sales, la elecci\u00f3n de la forma fumarato ofrece <b>Mayor estabilidad y vida \u00fatil<\/b>, que es esencial para los proyectos de investigaci\u00f3n a largo plazo. Adem\u00e1s, la alta pureza (<span class=\"math-inline\" data-math=\"mathbf{ge 98%}\">$mathbf{ge 98%}$<\/span>) y el peso molecular preciso garantizan la reproducibilidad de los experimentos anal\u00edticos y farmacol\u00f3gicos. En consecuencia, la adquisici\u00f3n y manipulaci\u00f3n de MET Fumarato <b>los protocolos de seguridad, \u00e9ticos y jur\u00eddicos m\u00e1s estrictos<\/b>.<\/p>\n<h2>Caracterizaci\u00f3n qu\u00edmica y ventajas de la forma salina fumarato<\/h2>\n<p>La estructura qu\u00edmica precisa y la elecci\u00f3n de la forma de la sal son de vital importancia para el almacenamiento y la aplicaci\u00f3n de la MET en sistemas de investigaci\u00f3n acuosos. <b>MET<\/b> es como <b>Indol alquilamina<\/b> un an\u00e1logo estructural del neurotransmisor end\u00f3geno serotonina (<span class=\"math-inline\" data-math=\"mathbf{5-HT}\">$mathbf{5-HT}$<\/span>), lo que justifica su investigaci\u00f3n en el contexto de la investigaci\u00f3n de los receptores de serotonina. El sitio <b>N-alquilaci\u00f3n<\/b> con <b>Grupos metilo y etilo<\/b> en el grupo amino es decisivo para las propiedades farmacocin\u00e9ticas. Estos sustituyentes influyen no s\u00f3lo en la afinidad a los distintos subtipos de receptores de serotonina, sino tambi\u00e9n en la tasa metab\u00f3lica del compuesto. Por lo tanto, en la <b>Investigaci\u00f3n Estructura-Actividad-Relaci\u00f3n (SAR)<\/b> El efecto de estas N-sustituciones asim\u00e9tricas se investig\u00f3 intensamente con el fin de mapear los determinantes moleculares del efecto biol\u00f3gico.<\/p>\n<p>La elecci\u00f3n de <b>Sal de fumarato<\/b> es una pr\u00e1ctica establecida en la investigaci\u00f3n qu\u00edmica, ya que los fumaratos suelen tener un <b>Mejor estabilidad cristalina<\/b> y un <b>Menor higroscopicidad<\/b> (absorci\u00f3n de humedad) que las bases libres o las sales de clorhidrato. Esta estabilidad es especialmente importante para la <b>Almacenamiento a largo plazo<\/b> en las condiciones secas y fr\u00edas recomendadas para garantizar la integridad qu\u00edmica del material. <b>Fumaratos MET<\/b> est\u00e1 disponible como polvo cristalino fino y es <b>Moderadamente soluble en agua<\/b>. Esto permite la producci\u00f3n sencilla de <b>soluciones madre acuosas<\/b> para la mayor\u00eda de los ensayos biol\u00f3gicos y procedimientos anal\u00edticos. Adem\u00e1s, el peso molecular preciso<span class=\"math-inline\" data-math=\"mathbf{von , 290.35 , g\/mol}\">, 290,35 g\/mol<\/span>\u00a0absolutamente necesario para <b>C\u00e1lculos estequiom\u00e9tricos exactos<\/b>, que constituye la base de la reproducibilidad de todas las pruebas cuantitativas.<\/p>\n<h2>Aplicaciones de investigaci\u00f3n en neurofarmacolog\u00eda y anal\u00edtica<\/h2>\n<ul>\n<li>El Fumarato de MET constituye una importante herramienta en neurofarmacolog\u00eda para dilucidar los mecanismos de acci\u00f3n de los derivados triptam\u00ednicos sobre los sistemas monoamin\u00e9rgicos. La investigaci\u00f3n se divide en varias \u00e1reas esenciales:<\/li>\n<li>El principal \u00e1mbito de aplicaci\u00f3n es la investigaci\u00f3n de la <b>Estudios de uni\u00f3n a receptores<\/b>, donde el <b>Afinidades afectivas<\/b> y <b>actividades funcionales<\/b> de MET en los distintos subtipos de receptores de serotonina. Esta investigaci\u00f3n ayuda a comprender la relaci\u00f3n entre estructura qu\u00edmica y efecto biol\u00f3gico.<\/li>\n<li>Igualmente importantes son <b>Estudios del metabolismo<\/b>, en el que el compuesto se utiliza como sustrato. Se cartograf\u00edan las v\u00edas bioqu\u00edmicas de degradaci\u00f3n en el sistema modelo (por ejemplo, microsomas hep\u00e1ticos) para determinar la <b>Vida media<\/b> y el <b>metabolitos potencialmente activos<\/b> identificar.<\/li>\n<li>Este conocimiento es importante para la <b>Toxicolog\u00eda y farmacocin\u00e9tica<\/b> de importancia capital. El material de gran pureza tambi\u00e9n sirve <b>norma anal\u00edtica<\/b> para la <b>Validaci\u00f3n GC\/MS y HPLC<\/b> en laboratorios forenses y toxicol\u00f3gicos.<\/li>\n<li>Por \u00faltimo, MET en el <b>investigaci\u00f3n SAR comparativa<\/b> se utiliz\u00f3 como punto de referencia para mapear los efectos de otras sustituciones en el n\u00facleo de triptamina sobre las afinidades del receptor.<\/li>\n<\/ul>\n<h2>Protocolos de seguridad y cumplimiento de la legislaci\u00f3n<\/h2>\n<p>La actividad farmacol\u00f3gica potencial y la clasificaci\u00f3n qu\u00edmica exigen las normas de seguridad m\u00e1s estrictas y el cumplimiento riguroso de la legislaci\u00f3n, en particular la <b>Normas BPL (Buenas Pr\u00e1cticas de Laboratorio)<\/b>.<\/p>\n<p>Para proteger al personal de laboratorio, el polvo fino s\u00f3lo podr\u00e1 manipularse con las obligatorias <b><a href=\"\/product\/1b-lsd-125mcg-blotters-kaufen\/\">M\u00e1s personal<\/a> Equipos de protecci\u00f3n (EPI)<\/b>, consistente en una bata de laboratorio, guantes y gafas de seguridad. Adem\u00e1s, el trabajo debe realizarse bajo un <b>Vitrina de gases qu\u00edmicos<\/b> ya que as\u00ed se minimiza el riesgo de inhalaci\u00f3n y contaminaci\u00f3n cruzada en el laboratorio. El recinto <b><a href=\"\/product\/xanax-alprazolam-2mg\/\">Certificados de an\u00e1lisis<\/a> (HPLC, GC\/MS)<\/b> no s\u00f3lo sirven como prueba de calidad, sino que tambi\u00e9n son obligatorias para el cumplimiento de la <b>Obligaci\u00f3n de documentaci\u00f3n<\/b> necesarias en el contexto de la investigaci\u00f3n cient\u00edfica.<\/p>\n<p>Debe subrayarse inequ\u00edvocamente que, en Alemania y en muchos otros pa\u00edses, el fumarato de MET est\u00e1 sujeto a la <b>Nueva Ley de Sustancias Psicoactivas (NpSG)<\/b> o leyes similares sobre estupefacientes. Por lo tanto, la adquisici\u00f3n requiere la <b>Prueba de la organizaci\u00f3n de la investigaci\u00f3n<\/b> y el <b>Descripci\u00f3n cient\u00edfica del proyecto<\/b>, para garantizar que el producto qu\u00edmico s\u00f3lo se utilice en proyectos de investigaci\u00f3n legales, cient\u00edficos y \u00e9ticos.<\/p>\n<h2>Almacenamiento \u00f3ptimo e informaci\u00f3n sobre pedidos<\/h2>\n<p>Para garantizar la estabilidad qu\u00edmica del Fumarato de MET, deben observarse estrictas condiciones de almacenamiento. El almacenamiento \u00f3ptimo a largo plazo tiene lugar a <b><span class=\"math-inline\" data-math=\"mathbf{-20^circ C}\">$mathbf{-20^circ C}$<\/span> (congelador)<\/b>, para ralentizar los procesos de descomposici\u00f3n. La sustancia debe ser <b>Atm\u00f3sfera de gas inerte<\/b> (arg\u00f3n\/nitr\u00f3geno), y <b>Protegido de la luz<\/b> almacenarse en recipientes oscuros y herm\u00e9ticamente cerrados.<\/p>\n<p><b>Cantidades disponibles para instituciones de investigaci\u00f3n:<\/b><\/p>\n<ul>\n<li>Muestra de investigaci\u00f3n: 10g<\/li>\n<li>Cantidad peque\u00f1a: 25 g<\/li>\n<li>Cantidad est\u00e1ndar: 50 g<\/li>\n<li>Cantidad a granel: 100 g<\/li>\n<\/ul>\n<h2>Aviso jur\u00eddico - Cumplimiento estricto<\/h2>\n<p>Este producto es\u00a0<b>exclusivamente con fines de investigaci\u00f3n<\/b>\u00a0en instituciones cient\u00edficas. El comprador confirma irrevocablemente la compra:<\/p>\n<ul>\n<li>S\u00f3lo se utiliza en\u00a0<b>entornos de investigaci\u00f3n legales y autorizados<\/b>.<\/li>\n<li>En\u00a0<b>Cumplimiento de todas las leyes y normativas locales<\/b>\u00a0en la jurisdicci\u00f3n correspondiente.<\/li>\n<li>En\u00a0<b>Aplicaci\u00f3n de medidas de seguridad adecuadas<\/b>\u00a0para la protecci\u00f3n del personal.<\/li>\n<li>En\u00a0<b>Prohibici\u00f3n de uso no autorizado<\/b>\u00a0y el consumo.<\/li>\n<\/ul>","protected":false},"excerpt":{"rendered":"<p>Comprar MET Fumarato: N-metil-N-etiltriptamina en forma de fumarato para fines de investigaci\u00f3n cient\u00edfica. Calidad de alta pureza con certificado de an\u00e1lisis. Solo para organizaciones de investigaci\u00f3n cualificadas.<\/p>","protected":false},"featured_media":6469,"comment_status":"open","ping_status":"closed","template":"","meta":{"_joinchat":[]},"product_brand":[],"product_cat":[54],"product_tag":[],"class_list":{"0":"post-6430","1":"product","2":"type-product","3":"status-publish","4":"has-post-thumbnail","6":"product_cat-tryptamines","8":"first","9":"instock","10":"shipping-taxable","11":"purchasable","12":"product-type-variable"},"yoast_head":"<!-- This site is optimized with the Yoast SEO plugin v27.5 - https:\/\/yoast.com\/product\/yoast-seo-wordpress\/ -->\n<title>MET Fumarate Kaufen | N-methyl-N-ethyltryptamineChemgramx<\/title>\n<meta name=\"description\" content=\"MET Fumarate kaufen - N-methyl-N-ethyltryptamine f\u00fcr wissenschaftliche Forschung. Hochrein, laborgepr\u00fcft. Ausschlie\u00dflich f\u00fcr Forschungszwecke.\" \/>\n<meta name=\"robots\" content=\"index, follow, max-snippet:-1, max-image-preview:large, max-video-preview:-1\" \/>\n<link rel=\"canonical\" href=\"https:\/\/chemgramx.com\/es\/producto-1\/comprar-met-fumarato\/\" \/>\n<meta property=\"og:locale\" content=\"es_ES\" \/>\n<meta property=\"og:type\" content=\"article\" \/>\n<meta property=\"og:title\" content=\"MET Fumarate Kaufen | N-methyl-N-ethyltryptamineChemgramx\" \/>\n<meta property=\"og:description\" content=\"MET Fumarate kaufen - N-methyl-N-ethyltryptamine f\u00fcr wissenschaftliche Forschung. Hochrein, laborgepr\u00fcft. Ausschlie\u00dflich f\u00fcr Forschungszwecke.\" \/>\n<meta property=\"og:url\" content=\"https:\/\/chemgramx.com\/es\/producto-1\/comprar-met-fumarato\/\" \/>\n<meta property=\"og:site_name\" content=\"Chemgramx\" \/>\n<meta property=\"article:modified_time\" content=\"2025-11-21T11:06:23+00:00\" \/>\n<meta property=\"og:image\" content=\"https:\/\/chemgramx.com\/wp-content\/uploads\/2025\/11\/buy-met-fumarate-n-methyl-n-ethyltryptamine-chem-store-online.png\" \/>\n\t<meta property=\"og:image:width\" content=\"643\" \/>\n\t<meta property=\"og:image:height\" content=\"379\" \/>\n\t<meta property=\"og:image:type\" content=\"image\/png\" \/>\n<meta name=\"twitter:card\" content=\"summary_large_image\" \/>\n<meta name=\"twitter:label1\" content=\"Tiempo de lectura\" \/>\n\t<meta name=\"twitter:data1\" content=\"4 minutos\" \/>\n<script type=\"application\/ld+json\" class=\"yoast-schema-graph\">{\"@context\":\"https:\\\/\\\/schema.org\",\"@graph\":[{\"@type\":\"WebPage\",\"@id\":\"https:\\\/\\\/chemgramx.com\\\/product\\\/met-fumarate-kaufen\\\/\",\"url\":\"https:\\\/\\\/chemgramx.com\\\/product\\\/met-fumarate-kaufen\\\/\",\"name\":\"MET Fumarate Kaufen | N-methyl-N-ethyltryptamineChemgramx\",\"isPartOf\":{\"@id\":\"https:\\\/\\\/chemgramx.com\\\/#website\"},\"primaryImageOfPage\":{\"@id\":\"https:\\\/\\\/chemgramx.com\\\/product\\\/met-fumarate-kaufen\\\/#primaryimage\"},\"image\":{\"@id\":\"https:\\\/\\\/chemgramx.com\\\/product\\\/met-fumarate-kaufen\\\/#primaryimage\"},\"thumbnailUrl\":\"https:\\\/\\\/chemgramx.com\\\/wp-content\\\/uploads\\\/2025\\\/11\\\/buy-met-fumarate-n-methyl-n-ethyltryptamine-chem-store-online.png\",\"datePublished\":\"2025-11-21T11:05:21+00:00\",\"dateModified\":\"2025-11-21T11:06:23+00:00\",\"description\":\"MET Fumarate kaufen - N-methyl-N-ethyltryptamine f\u00fcr wissenschaftliche Forschung. Hochrein, laborgepr\u00fcft. Ausschlie\u00dflich f\u00fcr Forschungszwecke.\",\"breadcrumb\":{\"@id\":\"https:\\\/\\\/chemgramx.com\\\/product\\\/met-fumarate-kaufen\\\/#breadcrumb\"},\"inLanguage\":\"es\",\"potentialAction\":[{\"@type\":\"ReadAction\",\"target\":[\"https:\\\/\\\/chemgramx.com\\\/product\\\/met-fumarate-kaufen\\\/\"]}]},{\"@type\":\"ImageObject\",\"inLanguage\":\"es\",\"@id\":\"https:\\\/\\\/chemgramx.com\\\/product\\\/met-fumarate-kaufen\\\/#primaryimage\",\"url\":\"https:\\\/\\\/chemgramx.com\\\/wp-content\\\/uploads\\\/2025\\\/11\\\/buy-met-fumarate-n-methyl-n-ethyltryptamine-chem-store-online.png\",\"contentUrl\":\"https:\\\/\\\/chemgramx.com\\\/wp-content\\\/uploads\\\/2025\\\/11\\\/buy-met-fumarate-n-methyl-n-ethyltryptamine-chem-store-online.png\",\"width\":643,\"height\":379},{\"@type\":\"BreadcrumbList\",\"@id\":\"https:\\\/\\\/chemgramx.com\\\/product\\\/met-fumarate-kaufen\\\/#breadcrumb\",\"itemListElement\":[{\"@type\":\"ListItem\",\"position\":1,\"name\":\"Home\",\"item\":\"https:\\\/\\\/chemgramx.com\\\/\"},{\"@type\":\"ListItem\",\"position\":2,\"name\":\"Shop\",\"item\":\"https:\\\/\\\/chemgramx.com\\\/shop\\\/\"},{\"@type\":\"ListItem\",\"position\":3,\"name\":\"MET Fumarate kaufen\"}]},{\"@type\":\"WebSite\",\"@id\":\"https:\\\/\\\/chemgramx.com\\\/#website\",\"url\":\"https:\\\/\\\/chemgramx.com\\\/\",\"name\":\"Chemgramx\",\"description\":\"\",\"publisher\":{\"@id\":\"https:\\\/\\\/chemgramx.com\\\/#organization\"},\"potentialAction\":[{\"@type\":\"SearchAction\",\"target\":{\"@type\":\"EntryPoint\",\"urlTemplate\":\"https:\\\/\\\/chemgramx.com\\\/?s={search_term_string}\"},\"query-input\":{\"@type\":\"PropertyValueSpecification\",\"valueRequired\":true,\"valueName\":\"search_term_string\"}}],\"inLanguage\":\"es\"},{\"@type\":\"Organization\",\"@id\":\"https:\\\/\\\/chemgramx.com\\\/#organization\",\"name\":\"Chemgramx\",\"url\":\"https:\\\/\\\/chemgramx.com\\\/\",\"logo\":{\"@type\":\"ImageObject\",\"inLanguage\":\"es\",\"@id\":\"https:\\\/\\\/chemgramx.com\\\/#\\\/schema\\\/logo\\\/image\\\/\",\"url\":\"https:\\\/\\\/chemgramx.com\\\/wp-content\\\/uploads\\\/2024\\\/10\\\/final-logo.png\",\"contentUrl\":\"https:\\\/\\\/chemgramx.com\\\/wp-content\\\/uploads\\\/2024\\\/10\\\/final-logo.png\",\"width\":250,\"height\":48,\"caption\":\"Chemgramx\"},\"image\":{\"@id\":\"https:\\\/\\\/chemgramx.com\\\/#\\\/schema\\\/logo\\\/image\\\/\"}}]}<\/script>\n<!-- \/ Yoast SEO plugin. -->","yoast_head_json":{"title":"Comprar MET Fumarate | N-metil-N-etiltriptaminaChemgramx","description":"Comprar MET Fumarate - N-metil-N-etiltriptamina para investigaci\u00f3n cient\u00edfica. Altamente puro, probado en laboratorio. Exclusivamente para fines de investigaci\u00f3n.","robots":{"index":"index","follow":"follow","max-snippet":"max-snippet:-1","max-image-preview":"max-image-preview:large","max-video-preview":"max-video-preview:-1"},"canonical":"https:\/\/chemgramx.com\/es\/producto-1\/comprar-met-fumarato\/","og_locale":"es_ES","og_type":"article","og_title":"MET Fumarate Kaufen | N-methyl-N-ethyltryptamineChemgramx","og_description":"MET Fumarate kaufen - N-methyl-N-ethyltryptamine f\u00fcr wissenschaftliche Forschung. Hochrein, laborgepr\u00fcft. Ausschlie\u00dflich f\u00fcr Forschungszwecke.","og_url":"https:\/\/chemgramx.com\/es\/producto-1\/comprar-met-fumarato\/","og_site_name":"Chemgramx","article_modified_time":"2025-11-21T11:06:23+00:00","og_image":[{"width":643,"height":379,"url":"https:\/\/chemgramx.com\/wp-content\/uploads\/2025\/11\/buy-met-fumarate-n-methyl-n-ethyltryptamine-chem-store-online.png","type":"image\/png"}],"twitter_card":"summary_large_image","twitter_misc":{"Tiempo de lectura":"4 minutos"},"schema":{"@context":"https:\/\/schema.org","@graph":[{"@type":"WebPage","@id":"https:\/\/chemgramx.com\/product\/met-fumarate-kaufen\/","url":"https:\/\/chemgramx.com\/product\/met-fumarate-kaufen\/","name":"Comprar MET Fumarate | N-metil-N-etiltriptaminaChemgramx","isPartOf":{"@id":"https:\/\/chemgramx.com\/#website"},"primaryImageOfPage":{"@id":"https:\/\/chemgramx.com\/product\/met-fumarate-kaufen\/#primaryimage"},"image":{"@id":"https:\/\/chemgramx.com\/product\/met-fumarate-kaufen\/#primaryimage"},"thumbnailUrl":"https:\/\/chemgramx.com\/wp-content\/uploads\/2025\/11\/buy-met-fumarate-n-methyl-n-ethyltryptamine-chem-store-online.png","datePublished":"2025-11-21T11:05:21+00:00","dateModified":"2025-11-21T11:06:23+00:00","description":"Comprar MET Fumarate - N-metil-N-etiltriptamina para investigaci\u00f3n cient\u00edfica. Altamente puro, probado en laboratorio. Exclusivamente para fines de investigaci\u00f3n.","breadcrumb":{"@id":"https:\/\/chemgramx.com\/product\/met-fumarate-kaufen\/#breadcrumb"},"inLanguage":"es","potentialAction":[{"@type":"ReadAction","target":["https:\/\/chemgramx.com\/product\/met-fumarate-kaufen\/"]}]},{"@type":"ImageObject","inLanguage":"es","@id":"https:\/\/chemgramx.com\/product\/met-fumarate-kaufen\/#primaryimage","url":"https:\/\/chemgramx.com\/wp-content\/uploads\/2025\/11\/buy-met-fumarate-n-methyl-n-ethyltryptamine-chem-store-online.png","contentUrl":"https:\/\/chemgramx.com\/wp-content\/uploads\/2025\/11\/buy-met-fumarate-n-methyl-n-ethyltryptamine-chem-store-online.png","width":643,"height":379},{"@type":"BreadcrumbList","@id":"https:\/\/chemgramx.com\/product\/met-fumarate-kaufen\/#breadcrumb","itemListElement":[{"@type":"ListItem","position":1,"name":"Home","item":"https:\/\/chemgramx.com\/"},{"@type":"ListItem","position":2,"name":"Shop","item":"https:\/\/chemgramx.com\/shop\/"},{"@type":"ListItem","position":3,"name":"MET Fumarate kaufen"}]},{"@type":"WebSite","@id":"https:\/\/chemgramx.com\/#website","url":"https:\/\/chemgramx.com\/","name":"Chemgramx","description":"","publisher":{"@id":"https:\/\/chemgramx.com\/#organization"},"potentialAction":[{"@type":"SearchAction","target":{"@type":"EntryPoint","urlTemplate":"https:\/\/chemgramx.com\/?s={search_term_string}"},"query-input":{"@type":"PropertyValueSpecification","valueRequired":true,"valueName":"search_term_string"}}],"inLanguage":"es"},{"@type":"Organization","@id":"https:\/\/chemgramx.com\/#organization","name":"Chemgramx","url":"https:\/\/chemgramx.com\/","logo":{"@type":"ImageObject","inLanguage":"es","@id":"https:\/\/chemgramx.com\/#\/schema\/logo\/image\/","url":"https:\/\/chemgramx.com\/wp-content\/uploads\/2024\/10\/final-logo.png","contentUrl":"https:\/\/chemgramx.com\/wp-content\/uploads\/2024\/10\/final-logo.png","width":250,"height":48,"caption":"Chemgramx"},"image":{"@id":"https:\/\/chemgramx.com\/#\/schema\/logo\/image\/"}}]}},"_links":{"self":[{"href":"https:\/\/chemgramx.com\/es\/wp-json\/wp\/v2\/product\/6430","targetHints":{"allow":["GET"]}}],"collection":[{"href":"https:\/\/chemgramx.com\/es\/wp-json\/wp\/v2\/product"}],"about":[{"href":"https:\/\/chemgramx.com\/es\/wp-json\/wp\/v2\/types\/product"}],"replies":[{"embeddable":true,"href":"https:\/\/chemgramx.com\/es\/wp-json\/wp\/v2\/comments?post=6430"}],"wp:featuredmedia":[{"embeddable":true,"href":"https:\/\/chemgramx.com\/es\/wp-json\/wp\/v2\/media\/6469"}],"wp:attachment":[{"href":"https:\/\/chemgramx.com\/es\/wp-json\/wp\/v2\/media?parent=6430"}],"wp:term":[{"taxonomy":"product_brand","embeddable":true,"href":"https:\/\/chemgramx.com\/es\/wp-json\/wp\/v2\/product_brand?post=6430"},{"taxonomy":"product_cat","embeddable":true,"href":"https:\/\/chemgramx.com\/es\/wp-json\/wp\/v2\/product_cat?post=6430"},{"taxonomy":"product_tag","embeddable":true,"href":"https:\/\/chemgramx.com\/es\/wp-json\/wp\/v2\/product_tag?post=6430"}],"curies":[{"name":"wp","href":"https:\/\/api.w.org\/{rel}","templated":true}]}}