{"id":6431,"date":"2025-11-21T11:05:21","date_gmt":"2025-11-21T11:05:21","guid":{"rendered":"https:\/\/chemgramx.com\/?post_type=product&#038;p=6431"},"modified":"2025-11-21T11:06:23","modified_gmt":"2025-11-21T11:06:23","slug":"comprar-mipt-fumarato","status":"publish","type":"product","link":"https:\/\/chemgramx.com\/es\/product\/mipt-fumarate-kaufen\/","title":{"rendered":"Comprar Fumarato de MiPT"},"content":{"rendered":"<p><b>MiPT Fumarato (N-metil-N-isopropiltriptamina)<\/b> es un producto qu\u00edmico de investigaci\u00f3n especializado que pertenece a la clase fundamental de los <b>Derivados de la triptamina<\/b> pertenece. Este material se encuentra en el <b>Forma de sal de fumarato<\/b> y es <b>exclusivamente<\/b> dise\u00f1ado para la investigaci\u00f3n cient\u00edfica en entornos de laboratorio estrictamente controlados. La elecci\u00f3n de la forma fumarato ofrece <b>Mayor estabilidad y vida \u00fatil<\/b> en comparaci\u00f3n con la base libre u otras sales, lo que es crucial para la fiabilidad de los proyectos de investigaci\u00f3n a largo plazo. Adem\u00e1s, la alta pureza (<span class=\"math-inline\" data-math=\"mathbf{ge 98%}\">$mathbf{ge 98%}$<\/span>) y el peso molecular preciso garantizan la reproducibilidad de los experimentos anal\u00edticos y farmacol\u00f3gicos. En consecuencia, la adquisici\u00f3n y manipulaci\u00f3n de Fumarato de MiPT <b>los protocolos de seguridad, \u00e9ticos y jur\u00eddicos m\u00e1s estrictos<\/b>.<\/p>\n<h2>Estructura qu\u00edmica y ventajas de estabilidad de la forma fumarato<\/h2>\n<p>El nombre qu\u00edmico <b>N-metil-N-isopropiltriptamina Fumarato<\/b> determina la configuraci\u00f3n exacta de esta triptamina N-alquilada. Comprender esta estructura y las ventajas de la forma salina es de vital importancia para las aplicaciones de laboratorio.<\/p>\n<h3>N-alquilaci\u00f3n asim\u00e9trica y farmacocin\u00e9tica<\/h3>\n<p>En <b>Derivado indol alquilamina<\/b> El MiPT es un an\u00e1logo estructural del neurotransmisor end\u00f3geno serotonina (<span class=\"math-inline\" data-math=\"mathbf{5-HT}\">$mathbf{5-HT}$<\/span>). Esta similitud estructural es la base principal para su investigaci\u00f3n en neurofarmacolog\u00eda. Por otra parte, la <b>N-alquilaci\u00f3n asim\u00e9trica<\/b> con un grupo metilo y un grupo isopropilo en el grupo amino tiene una importancia central para las propiedades farmacocin\u00e9ticas y las afinidades receptoras del compuesto. En particular, el <b>Residuo isoprop\u00edlico voluminoso<\/b> el <b>Lipofilia<\/b> y el destino metab\u00f3lico de la sustancia. Por lo tanto, el efecto de estas sustituciones N asim\u00e9tricas en el <b>Investigaci\u00f3n Estructura-Actividad-Relaci\u00f3n (SAR)<\/b> investigado intensamente para trazar los determinantes moleculares del efecto biol\u00f3gico.<\/p>\n<h3>Sal de fumarato y precisi\u00f3n anal\u00edtica<\/h3>\n<p>El uso del <b>Sal de fumarato<\/b> es una pr\u00e1ctica habitual y favorecida en la investigaci\u00f3n qu\u00edmica. Esto se debe al hecho de que los fumaratos suelen tener un <b>Mejor estabilidad cristalina<\/b> y un <b><a href=\"\/product\/1b-lsd-125mcg-blotters-kaufen\/\">inferior<\/a> Absorci\u00f3n de humedad (higroscopicidad)<\/b> que otras formas de sal o bases libres. Esta propiedad es crucial para el almacenamiento a largo plazo en las condiciones secas y frescas recomendadas para garantizar la integridad qu\u00edmica del material. Por \u00faltimo <b>Fumaratos MiPT<\/b> como <b>polvo cristalino<\/b> y es <b>Moderadamente soluble en agua<\/b>, que facilita la producci\u00f3n sin complicaciones <b>soluciones madre acuosas<\/b> para la mayor\u00eda de los ensayos biol\u00f3gicos y procedimientos anal\u00edticos.<\/p>\n<h2>Aplicaciones de investigaci\u00f3n y cumplimiento de la normativa<\/h2>\n<p>El fumarato de MiPT constituye un importante sistema modelo en neurofarmacolog\u00eda para dilucidar los mecanismos de acci\u00f3n de los derivados triptam\u00ednicos sobre los sistemas monoamin\u00e9rgicos.<\/p>\n<h3>Importancia para la investigaci\u00f3n de los receptores de serotonina<\/h3>\n<p>El principal \u00e1mbito de aplicaci\u00f3n es la investigaci\u00f3n de la <b>Afinidades afectivas<\/b> y <b>actividades funcionales<\/b> de MiPT al <a href=\"\/product\/black-gold-hash-kaufen\/\">varios<\/a> Subtipos de receptores de serotonina. Esta investigaci\u00f3n ayuda a comprender la relaci\u00f3n entre la estructura qu\u00edmica y el efecto biol\u00f3gico. Adem\u00e1s, el compuesto se utiliza como sustrato en <b>Estudios del metabolismo<\/b> . Se trata de cartografiar las v\u00edas bioqu\u00edmicas de degradaci\u00f3n y el papel de las enzimas de desintoxicaci\u00f3n (por ejemplo, el citocromo P450). Estos conocimientos se <b>Fundamental para la farmacocin\u00e9tica<\/b> y la predicci\u00f3n de posibles actividades de metabolitos.<\/p>\n<h3>Necesidad de protocolos de seguridad estrictos<\/h3>\n<p>Debido a su potencial actividad farmacol\u00f3gica y a su clasificaci\u00f3n como producto qu\u00edmico de investigaci\u00f3n, su manipulaci\u00f3n debe llevarse a cabo de acuerdo con las normas de seguridad m\u00e1s estrictas. <b>Normas de seguridad en los laboratorios<\/b> tener lugar.<\/p>\n<ul>\n<li>La manipulaci\u00f3n del polvo cristalino requiere obligatoriamente <b>Equipos de protecci\u00f3n individual (EPI)<\/b>, consistente en bata de laboratorio, guantes y gafas de seguridad.<\/li>\n<li>Trabajar bajo un <b>Vitrina de gases qu\u00edmicos<\/b> es obligatorio para evitar cualquier exposici\u00f3n por inhalaci\u00f3n.<\/li>\n<li>Los adjuntos <b>Certificados de an\u00e1lisis<\/b> no s\u00f3lo son una prueba de calidad, sino que tambi\u00e9n son obligatorias para la <b>Obligaci\u00f3n de documentaci\u00f3n<\/b> como parte del <b>Investigaci\u00f3n conforme a las BPL<\/b> necesario.<\/li>\n<\/ul>\n<h2>Almacenamiento y requisitos reglamentarios<\/h2>\n<p>El almacenamiento correcto es esencial para garantizar la estabilidad de la sustancia. Es obligatorio cumplir todas las leyes locales y nacionales.<\/p>\n<h3>Condiciones \u00f3ptimas de almacenamiento<\/h3>\n<ul>\n<li><b>Temperatura:<\/b> El almacenamiento \u00f3ptimo a largo plazo tiene lugar a <b>-20\u00b0C (congelador)<\/b>.<\/li>\n<li><b>Ambiente:<\/b> En <b>Atm\u00f3sfera de gas inerte<\/b> (arg\u00f3n\/nitr\u00f3geno).<\/li>\n<li><b>Protecci\u00f3n contra la luz:<\/b> En recipientes oscuros y opacos.<\/li>\n<li><b>Contenedor:<\/b> Cierre herm\u00e9tico y etiquetado claro.<\/li>\n<\/ul>\n<h2>Requisitos del pedido y aviso legal<\/h2>\n<p>La adquisici\u00f3n de esta sustancia qu\u00edmica de investigaci\u00f3n especializada s\u00f3lo es posible en instituciones cient\u00edficas verificadas.<\/p>\n<p><b>Cantidades disponibles para instituciones de investigaci\u00f3n:<\/b><\/p>\n<ul>\n<li>Muestra de investigaci\u00f3n: 10g<\/li>\n<li>Cantidad peque\u00f1a: 25 g<\/li>\n<li>Cantidad est\u00e1ndar: 50 g<\/li>\n<li>Cantidad a granel: 100 g<\/li>\n<\/ul>\n<h2><b>Aviso legal - Cumplimiento estricto:<\/b><\/h2>\n<p>Este producto es <b>exclusivamente con fines de investigaci\u00f3n cient\u00edfica<\/b> determinado. El comprador confirma irrevocablemente por la compra la <b>Uso exclusivo en entornos de investigaci\u00f3n jur\u00eddica<\/b>que <b>Cumplimiento de todas las leyes y reglamentos aplicables<\/b>que <b>Aplicaci\u00f3n de medidas de seguridad adecuadas<\/b> y el <b>Prohibici\u00f3n de uso no autorizado<\/b>.<\/p>","protected":false},"excerpt":{"rendered":"<p>Comprar MiPT Fumarato: N-metil-N-isopropiltriptamina en forma de fumarato para fines de investigaci\u00f3n cient\u00edfica. Calidad de alta pureza con certificado de an\u00e1lisis. S\u00f3lo para organizaciones de investigaci\u00f3n cualificadas.<\/p>","protected":false},"featured_media":6470,"comment_status":"open","ping_status":"closed","template":"","meta":{"_joinchat":[]},"product_brand":[],"product_cat":[54],"product_tag":[],"class_list":{"0":"post-6431","1":"product","2":"type-product","3":"status-publish","4":"has-post-thumbnail","6":"product_cat-tryptamines","8":"first","9":"instock","10":"shipping-taxable","11":"purchasable","12":"product-type-variable"},"yoast_head":"<!-- This site is optimized with the Yoast SEO plugin v27.5 - https:\/\/yoast.com\/product\/yoast-seo-wordpress\/ -->\n<title>MiPT Fumarate Kaufen | N-methyl-N-isopropyltryptamine- Chemgramx<\/title>\n<meta name=\"description\" content=\"MiPT Fumarate kaufen - N-methyl-N-isopropyltryptamine f\u00fcr wissenschaftliche Forschung. Hochrein, laborgepr\u00fcft. Ausschlie\u00dflich f\u00fcr Forschungszwecke.\" \/>\n<meta name=\"robots\" content=\"index, follow, max-snippet:-1, max-image-preview:large, max-video-preview:-1\" \/>\n<link rel=\"canonical\" href=\"https:\/\/chemgramx.com\/es\/producto-1\/comprar-mipt-fumarato\/\" \/>\n<meta property=\"og:locale\" content=\"es_ES\" \/>\n<meta property=\"og:type\" content=\"article\" \/>\n<meta property=\"og:title\" content=\"MiPT Fumarate Kaufen | N-methyl-N-isopropyltryptamine- Chemgramx\" \/>\n<meta property=\"og:description\" content=\"MiPT Fumarate kaufen - N-methyl-N-isopropyltryptamine f\u00fcr wissenschaftliche Forschung. Hochrein, laborgepr\u00fcft. Ausschlie\u00dflich f\u00fcr Forschungszwecke.\" \/>\n<meta property=\"og:url\" content=\"https:\/\/chemgramx.com\/es\/producto-1\/comprar-mipt-fumarato\/\" \/>\n<meta property=\"og:site_name\" content=\"Chemgramx\" \/>\n<meta property=\"article:modified_time\" content=\"2025-11-21T11:06:23+00:00\" \/>\n<meta property=\"og:image\" content=\"https:\/\/chemgramx.com\/wp-content\/uploads\/2025\/11\/buy-mipt-fumarate-n-methyl-n-isopropyltryptamine-chem-store-online.png\" \/>\n\t<meta property=\"og:image:width\" content=\"618\" \/>\n\t<meta property=\"og:image:height\" content=\"389\" \/>\n\t<meta property=\"og:image:type\" content=\"image\/png\" \/>\n<meta name=\"twitter:card\" content=\"summary_large_image\" \/>\n<meta name=\"twitter:label1\" content=\"Tiempo de lectura\" \/>\n\t<meta name=\"twitter:data1\" content=\"3 minutos\" \/>\n<script type=\"application\/ld+json\" class=\"yoast-schema-graph\">{\"@context\":\"https:\\\/\\\/schema.org\",\"@graph\":[{\"@type\":\"WebPage\",\"@id\":\"https:\\\/\\\/chemgramx.com\\\/product\\\/mipt-fumarate-kaufen\\\/\",\"url\":\"https:\\\/\\\/chemgramx.com\\\/product\\\/mipt-fumarate-kaufen\\\/\",\"name\":\"MiPT Fumarate Kaufen | N-methyl-N-isopropyltryptamine- Chemgramx\",\"isPartOf\":{\"@id\":\"https:\\\/\\\/chemgramx.com\\\/#website\"},\"primaryImageOfPage\":{\"@id\":\"https:\\\/\\\/chemgramx.com\\\/product\\\/mipt-fumarate-kaufen\\\/#primaryimage\"},\"image\":{\"@id\":\"https:\\\/\\\/chemgramx.com\\\/product\\\/mipt-fumarate-kaufen\\\/#primaryimage\"},\"thumbnailUrl\":\"https:\\\/\\\/chemgramx.com\\\/wp-content\\\/uploads\\\/2025\\\/11\\\/buy-mipt-fumarate-n-methyl-n-isopropyltryptamine-chem-store-online.png\",\"datePublished\":\"2025-11-21T11:05:21+00:00\",\"dateModified\":\"2025-11-21T11:06:23+00:00\",\"description\":\"MiPT Fumarate kaufen - N-methyl-N-isopropyltryptamine f\u00fcr wissenschaftliche Forschung. Hochrein, laborgepr\u00fcft. Ausschlie\u00dflich f\u00fcr Forschungszwecke.\",\"breadcrumb\":{\"@id\":\"https:\\\/\\\/chemgramx.com\\\/product\\\/mipt-fumarate-kaufen\\\/#breadcrumb\"},\"inLanguage\":\"es\",\"potentialAction\":[{\"@type\":\"ReadAction\",\"target\":[\"https:\\\/\\\/chemgramx.com\\\/product\\\/mipt-fumarate-kaufen\\\/\"]}]},{\"@type\":\"ImageObject\",\"inLanguage\":\"es\",\"@id\":\"https:\\\/\\\/chemgramx.com\\\/product\\\/mipt-fumarate-kaufen\\\/#primaryimage\",\"url\":\"https:\\\/\\\/chemgramx.com\\\/wp-content\\\/uploads\\\/2025\\\/11\\\/buy-mipt-fumarate-n-methyl-n-isopropyltryptamine-chem-store-online.png\",\"contentUrl\":\"https:\\\/\\\/chemgramx.com\\\/wp-content\\\/uploads\\\/2025\\\/11\\\/buy-mipt-fumarate-n-methyl-n-isopropyltryptamine-chem-store-online.png\",\"width\":618,\"height\":389},{\"@type\":\"BreadcrumbList\",\"@id\":\"https:\\\/\\\/chemgramx.com\\\/product\\\/mipt-fumarate-kaufen\\\/#breadcrumb\",\"itemListElement\":[{\"@type\":\"ListItem\",\"position\":1,\"name\":\"Home\",\"item\":\"https:\\\/\\\/chemgramx.com\\\/\"},{\"@type\":\"ListItem\",\"position\":2,\"name\":\"Shop\",\"item\":\"https:\\\/\\\/chemgramx.com\\\/shop\\\/\"},{\"@type\":\"ListItem\",\"position\":3,\"name\":\"MiPT Fumarate kaufen\"}]},{\"@type\":\"WebSite\",\"@id\":\"https:\\\/\\\/chemgramx.com\\\/#website\",\"url\":\"https:\\\/\\\/chemgramx.com\\\/\",\"name\":\"Chemgramx\",\"description\":\"\",\"publisher\":{\"@id\":\"https:\\\/\\\/chemgramx.com\\\/#organization\"},\"potentialAction\":[{\"@type\":\"SearchAction\",\"target\":{\"@type\":\"EntryPoint\",\"urlTemplate\":\"https:\\\/\\\/chemgramx.com\\\/?s={search_term_string}\"},\"query-input\":{\"@type\":\"PropertyValueSpecification\",\"valueRequired\":true,\"valueName\":\"search_term_string\"}}],\"inLanguage\":\"es\"},{\"@type\":\"Organization\",\"@id\":\"https:\\\/\\\/chemgramx.com\\\/#organization\",\"name\":\"Chemgramx\",\"url\":\"https:\\\/\\\/chemgramx.com\\\/\",\"logo\":{\"@type\":\"ImageObject\",\"inLanguage\":\"es\",\"@id\":\"https:\\\/\\\/chemgramx.com\\\/#\\\/schema\\\/logo\\\/image\\\/\",\"url\":\"https:\\\/\\\/chemgramx.com\\\/wp-content\\\/uploads\\\/2024\\\/10\\\/final-logo.png\",\"contentUrl\":\"https:\\\/\\\/chemgramx.com\\\/wp-content\\\/uploads\\\/2024\\\/10\\\/final-logo.png\",\"width\":250,\"height\":48,\"caption\":\"Chemgramx\"},\"image\":{\"@id\":\"https:\\\/\\\/chemgramx.com\\\/#\\\/schema\\\/logo\\\/image\\\/\"}}]}<\/script>\n<!-- \/ Yoast SEO plugin. -->","yoast_head_json":{"title":"Comprar MiPT Fumarate | N-metil-N-isopropiltriptamina- Chemgramx","description":"Comprar Fumarato MiPT - N-metil-N-isopropiltriptamina para investigaci\u00f3n cient\u00edfica. Altamente puro, probado en laboratorio. Exclusivamente para fines de investigaci\u00f3n.","robots":{"index":"index","follow":"follow","max-snippet":"max-snippet:-1","max-image-preview":"max-image-preview:large","max-video-preview":"max-video-preview:-1"},"canonical":"https:\/\/chemgramx.com\/es\/producto-1\/comprar-mipt-fumarato\/","og_locale":"es_ES","og_type":"article","og_title":"MiPT Fumarate Kaufen | N-methyl-N-isopropyltryptamine- Chemgramx","og_description":"MiPT Fumarate kaufen - N-methyl-N-isopropyltryptamine f\u00fcr wissenschaftliche Forschung. Hochrein, laborgepr\u00fcft. Ausschlie\u00dflich f\u00fcr Forschungszwecke.","og_url":"https:\/\/chemgramx.com\/es\/producto-1\/comprar-mipt-fumarato\/","og_site_name":"Chemgramx","article_modified_time":"2025-11-21T11:06:23+00:00","og_image":[{"width":618,"height":389,"url":"https:\/\/chemgramx.com\/wp-content\/uploads\/2025\/11\/buy-mipt-fumarate-n-methyl-n-isopropyltryptamine-chem-store-online.png","type":"image\/png"}],"twitter_card":"summary_large_image","twitter_misc":{"Tiempo de lectura":"3 minutos"},"schema":{"@context":"https:\/\/schema.org","@graph":[{"@type":"WebPage","@id":"https:\/\/chemgramx.com\/product\/mipt-fumarate-kaufen\/","url":"https:\/\/chemgramx.com\/product\/mipt-fumarate-kaufen\/","name":"Comprar MiPT Fumarate | N-metil-N-isopropiltriptamina- Chemgramx","isPartOf":{"@id":"https:\/\/chemgramx.com\/#website"},"primaryImageOfPage":{"@id":"https:\/\/chemgramx.com\/product\/mipt-fumarate-kaufen\/#primaryimage"},"image":{"@id":"https:\/\/chemgramx.com\/product\/mipt-fumarate-kaufen\/#primaryimage"},"thumbnailUrl":"https:\/\/chemgramx.com\/wp-content\/uploads\/2025\/11\/buy-mipt-fumarate-n-methyl-n-isopropyltryptamine-chem-store-online.png","datePublished":"2025-11-21T11:05:21+00:00","dateModified":"2025-11-21T11:06:23+00:00","description":"Comprar Fumarato MiPT - N-metil-N-isopropiltriptamina para investigaci\u00f3n cient\u00edfica. Altamente puro, probado en laboratorio. Exclusivamente para fines de investigaci\u00f3n.","breadcrumb":{"@id":"https:\/\/chemgramx.com\/product\/mipt-fumarate-kaufen\/#breadcrumb"},"inLanguage":"es","potentialAction":[{"@type":"ReadAction","target":["https:\/\/chemgramx.com\/product\/mipt-fumarate-kaufen\/"]}]},{"@type":"ImageObject","inLanguage":"es","@id":"https:\/\/chemgramx.com\/product\/mipt-fumarate-kaufen\/#primaryimage","url":"https:\/\/chemgramx.com\/wp-content\/uploads\/2025\/11\/buy-mipt-fumarate-n-methyl-n-isopropyltryptamine-chem-store-online.png","contentUrl":"https:\/\/chemgramx.com\/wp-content\/uploads\/2025\/11\/buy-mipt-fumarate-n-methyl-n-isopropyltryptamine-chem-store-online.png","width":618,"height":389},{"@type":"BreadcrumbList","@id":"https:\/\/chemgramx.com\/product\/mipt-fumarate-kaufen\/#breadcrumb","itemListElement":[{"@type":"ListItem","position":1,"name":"Home","item":"https:\/\/chemgramx.com\/"},{"@type":"ListItem","position":2,"name":"Shop","item":"https:\/\/chemgramx.com\/shop\/"},{"@type":"ListItem","position":3,"name":"MiPT Fumarate kaufen"}]},{"@type":"WebSite","@id":"https:\/\/chemgramx.com\/#website","url":"https:\/\/chemgramx.com\/","name":"Chemgramx","description":"","publisher":{"@id":"https:\/\/chemgramx.com\/#organization"},"potentialAction":[{"@type":"SearchAction","target":{"@type":"EntryPoint","urlTemplate":"https:\/\/chemgramx.com\/?s={search_term_string}"},"query-input":{"@type":"PropertyValueSpecification","valueRequired":true,"valueName":"search_term_string"}}],"inLanguage":"es"},{"@type":"Organization","@id":"https:\/\/chemgramx.com\/#organization","name":"Chemgramx","url":"https:\/\/chemgramx.com\/","logo":{"@type":"ImageObject","inLanguage":"es","@id":"https:\/\/chemgramx.com\/#\/schema\/logo\/image\/","url":"https:\/\/chemgramx.com\/wp-content\/uploads\/2024\/10\/final-logo.png","contentUrl":"https:\/\/chemgramx.com\/wp-content\/uploads\/2024\/10\/final-logo.png","width":250,"height":48,"caption":"Chemgramx"},"image":{"@id":"https:\/\/chemgramx.com\/#\/schema\/logo\/image\/"}}]}},"_links":{"self":[{"href":"https:\/\/chemgramx.com\/es\/wp-json\/wp\/v2\/product\/6431","targetHints":{"allow":["GET"]}}],"collection":[{"href":"https:\/\/chemgramx.com\/es\/wp-json\/wp\/v2\/product"}],"about":[{"href":"https:\/\/chemgramx.com\/es\/wp-json\/wp\/v2\/types\/product"}],"replies":[{"embeddable":true,"href":"https:\/\/chemgramx.com\/es\/wp-json\/wp\/v2\/comments?post=6431"}],"wp:featuredmedia":[{"embeddable":true,"href":"https:\/\/chemgramx.com\/es\/wp-json\/wp\/v2\/media\/6470"}],"wp:attachment":[{"href":"https:\/\/chemgramx.com\/es\/wp-json\/wp\/v2\/media?parent=6431"}],"wp:term":[{"taxonomy":"product_brand","embeddable":true,"href":"https:\/\/chemgramx.com\/es\/wp-json\/wp\/v2\/product_brand?post=6431"},{"taxonomy":"product_cat","embeddable":true,"href":"https:\/\/chemgramx.com\/es\/wp-json\/wp\/v2\/product_cat?post=6431"},{"taxonomy":"product_tag","embeddable":true,"href":"https:\/\/chemgramx.com\/es\/wp-json\/wp\/v2\/product_tag?post=6431"}],"curies":[{"name":"wp","href":"https:\/\/api.w.org\/{rel}","templated":true}]}}